{"id":10521,"date":"2014-08-06T09:22:09","date_gmt":"2014-08-06T07:22:09","guid":{"rendered":"http:\/\/www.maxima-dia.com\/?page_id=10521"},"modified":"2022-02-18T10:51:42","modified_gmt":"2022-02-18T09:51:42","slug":"open-house-de","status":"publish","type":"page","link":"https:\/\/www.maxima-dia.com\/de\/open-house-de\/","title":{"rendered":"Open House"},"content":{"rendered":"<p>Viele und vielf\u00e4ltig sind die Aktivit\u00e4ten von Maxima organisiert, um Produkte, Marken-und Unternehmensimage zu f\u00f6rdern.<\/p>\n<p>Im Laufe des Jahres organisiert Maxima st\u00e4ndig Open Houses, die professionelle Vorf\u00fchrungen bei Kunden sind, und Innen-und Au\u00dfen Schulungskurse, die die Beziehung mit dem Kunden immer frisch und aktualisiert aufrechterhalten.<\/p>\n<p>Die direkt vor Ort Verkaufspunkt abgehaltenen theoretischen bzw. praktischen Veranstaltungen geh\u00f6ren zu den popul\u00e4rsten Aktionen Maximas.<\/p>\n\n\t\t<style type=\"text\/css\">\n\t\t\t#gallery-1 {\n\t\t\t\tmargin: auto;\n\t\t\t}\n\t\t\t#gallery-1 .gallery-item {\n\t\t\t\tfloat: left;\n\t\t\t\tmargin-top: 10px;\n\t\t\t\ttext-align: center;\n\t\t\t\twidth: 25%;\n\t\t\t}\n\t\t\t#gallery-1 img {\n\t\t\t\tborder: 2px solid #cfcfcf;\n\t\t\t}\n\t\t\t#gallery-1 .gallery-caption {\n\t\t\t\tmargin-left: 0;\n\t\t\t}\n\t\t\t\/* see gallery_shortcode() in wp-includes\/media.php *\/\n\t\t<\/style>\n\t\t<div id='gallery-1' class='gallery galleryid-10521 gallery-columns-4 gallery-size-thumbnail'><dl class='gallery-item'>\n\t\t\t<dt class='gallery-icon landscape'>\n\t\t\t\t<a rel=\"prettyPhoto[pp_gal]\" href='https:\/\/www.maxima-dia.com\/wp-content\/uploads\/2022\/02\/openhouse-12.jpg'><img loading=\"lazy\" decoding=\"async\" width=\"150\" height=\"150\" src=\"https:\/\/www.maxima-dia.com\/wp-content\/uploads\/2022\/02\/openhouse-12-150x150.jpg\" class=\"attachment-thumbnail size-thumbnail\" alt=\"\" srcset=\"https:\/\/www.maxima-dia.com\/wp-content\/uploads\/2022\/02\/openhouse-12-150x150.jpg 150w, https:\/\/www.maxima-dia.com\/wp-content\/uploads\/2022\/02\/openhouse-12-80x80.jpg 80w, https:\/\/www.maxima-dia.com\/wp-content\/uploads\/2022\/02\/openhouse-12-500x500.jpg 500w, https:\/\/www.maxima-dia.com\/wp-content\/uploads\/2022\/02\/openhouse-12-1000x1000.jpg 1000w\" sizes=\"(max-width: 150px) 100vw, 150px\" \/><\/a>\n\t\t\t<\/dt><\/dl><dl class='gallery-item'>\n\t\t\t<dt class='gallery-icon landscape'>\n\t\t\t\t<a rel=\"prettyPhoto[pp_gal]\" href='https:\/\/www.maxima-dia.com\/wp-content\/uploads\/2022\/02\/openhouse-11.jpg'><img loading=\"lazy\" decoding=\"async\" width=\"150\" height=\"150\" src=\"https:\/\/www.maxima-dia.com\/wp-content\/uploads\/2022\/02\/openhouse-11-150x150.jpg\" class=\"attachment-thumbnail size-thumbnail\" alt=\"\" srcset=\"https:\/\/www.maxima-dia.com\/wp-content\/uploads\/2022\/02\/openhouse-11-150x150.jpg 150w, https:\/\/www.maxima-dia.com\/wp-content\/uploads\/2022\/02\/openhouse-11-80x80.jpg 80w, https:\/\/www.maxima-dia.com\/wp-content\/uploads\/2022\/02\/openhouse-11-500x500.jpg 500w, https:\/\/www.maxima-dia.com\/wp-content\/uploads\/2022\/02\/openhouse-11-1000x1000.jpg 1000w\" sizes=\"(max-width: 150px) 100vw, 150px\" \/><\/a>\n\t\t\t<\/dt><\/dl><dl class='gallery-item'>\n\t\t\t<dt class='gallery-icon landscape'>\n\t\t\t\t<a rel=\"prettyPhoto[pp_gal]\" href='https:\/\/www.maxima-dia.com\/wp-content\/uploads\/2022\/02\/openhouse-10.jpg'><img loading=\"lazy\" decoding=\"async\" width=\"150\" height=\"150\" src=\"https:\/\/www.maxima-dia.com\/wp-content\/uploads\/2022\/02\/openhouse-10-150x150.jpg\" class=\"attachment-thumbnail size-thumbnail\" alt=\"\" srcset=\"https:\/\/www.maxima-dia.com\/wp-content\/uploads\/2022\/02\/openhouse-10-150x150.jpg 150w, https:\/\/www.maxima-dia.com\/wp-content\/uploads\/2022\/02\/openhouse-10-80x80.jpg 80w, https:\/\/www.maxima-dia.com\/wp-content\/uploads\/2022\/02\/openhouse-10-500x500.jpg 500w, https:\/\/www.maxima-dia.com\/wp-content\/uploads\/2022\/02\/openhouse-10-1000x1000.jpg 1000w\" sizes=\"(max-width: 150px) 100vw, 150px\" \/><\/a>\n\t\t\t<\/dt><\/dl><dl class='gallery-item'>\n\t\t\t<dt class='gallery-icon landscape'>\n\t\t\t\t<a rel=\"prettyPhoto[pp_gal]\" href='https:\/\/www.maxima-dia.com\/wp-content\/uploads\/2022\/02\/openhouse-09.jpg'><img loading=\"lazy\" decoding=\"async\" width=\"150\" height=\"150\" src=\"https:\/\/www.maxima-dia.com\/wp-content\/uploads\/2022\/02\/openhouse-09-150x150.jpg\" class=\"attachment-thumbnail size-thumbnail\" alt=\"\" srcset=\"https:\/\/www.maxima-dia.com\/wp-content\/uploads\/2022\/02\/openhouse-09-150x150.jpg 150w, https:\/\/www.maxima-dia.com\/wp-content\/uploads\/2022\/02\/openhouse-09-80x80.jpg 80w, https:\/\/www.maxima-dia.com\/wp-content\/uploads\/2022\/02\/openhouse-09-500x500.jpg 500w, https:\/\/www.maxima-dia.com\/wp-content\/uploads\/2022\/02\/openhouse-09-1000x1000.jpg 1000w\" sizes=\"(max-width: 150px) 100vw, 150px\" \/><\/a>\n\t\t\t<\/dt><\/dl><br style=\"clear: both\" \/><dl class='gallery-item'>\n\t\t\t<dt class='gallery-icon landscape'>\n\t\t\t\t<a rel=\"prettyPhoto[pp_gal]\" href='https:\/\/www.maxima-dia.com\/wp-content\/uploads\/2022\/02\/openhouse-08.jpg'><img loading=\"lazy\" decoding=\"async\" width=\"150\" height=\"150\" src=\"https:\/\/www.maxima-dia.com\/wp-content\/uploads\/2022\/02\/openhouse-08-150x150.jpg\" class=\"attachment-thumbnail size-thumbnail\" alt=\"\" srcset=\"https:\/\/www.maxima-dia.com\/wp-content\/uploads\/2022\/02\/openhouse-08-150x150.jpg 150w, https:\/\/www.maxima-dia.com\/wp-content\/uploads\/2022\/02\/openhouse-08-80x80.jpg 80w, https:\/\/www.maxima-dia.com\/wp-content\/uploads\/2022\/02\/openhouse-08-500x500.jpg 500w, https:\/\/www.maxima-dia.com\/wp-content\/uploads\/2022\/02\/openhouse-08-1000x1000.jpg 1000w\" sizes=\"(max-width: 150px) 100vw, 150px\" \/><\/a>\n\t\t\t<\/dt><\/dl><dl class='gallery-item'>\n\t\t\t<dt class='gallery-icon landscape'>\n\t\t\t\t<a rel=\"prettyPhoto[pp_gal]\" href='https:\/\/www.maxima-dia.com\/wp-content\/uploads\/2022\/02\/openhouse-07.jpg'><img loading=\"lazy\" decoding=\"async\" width=\"150\" height=\"150\" src=\"https:\/\/www.maxima-dia.com\/wp-content\/uploads\/2022\/02\/openhouse-07-150x150.jpg\" class=\"attachment-thumbnail size-thumbnail\" alt=\"\" srcset=\"https:\/\/www.maxima-dia.com\/wp-content\/uploads\/2022\/02\/openhouse-07-150x150.jpg 150w, https:\/\/www.maxima-dia.com\/wp-content\/uploads\/2022\/02\/openhouse-07-80x80.jpg 80w, https:\/\/www.maxima-dia.com\/wp-content\/uploads\/2022\/02\/openhouse-07-500x500.jpg 500w, https:\/\/www.maxima-dia.com\/wp-content\/uploads\/2022\/02\/openhouse-07-1000x1000.jpg 1000w\" sizes=\"(max-width: 150px) 100vw, 150px\" \/><\/a>\n\t\t\t<\/dt><\/dl><dl class='gallery-item'>\n\t\t\t<dt class='gallery-icon landscape'>\n\t\t\t\t<a rel=\"prettyPhoto[pp_gal]\" href='https:\/\/www.maxima-dia.com\/wp-content\/uploads\/2022\/02\/openhouse-06.jpg'><img loading=\"lazy\" decoding=\"async\" width=\"150\" height=\"150\" src=\"https:\/\/www.maxima-dia.com\/wp-content\/uploads\/2022\/02\/openhouse-06-150x150.jpg\" class=\"attachment-thumbnail size-thumbnail\" alt=\"\" srcset=\"https:\/\/www.maxima-dia.com\/wp-content\/uploads\/2022\/02\/openhouse-06-150x150.jpg 150w, https:\/\/www.maxima-dia.com\/wp-content\/uploads\/2022\/02\/openhouse-06-80x80.jpg 80w, https:\/\/www.maxima-dia.com\/wp-content\/uploads\/2022\/02\/openhouse-06-500x500.jpg 500w, https:\/\/www.maxima-dia.com\/wp-content\/uploads\/2022\/02\/openhouse-06-1000x1000.jpg 1000w\" sizes=\"(max-width: 150px) 100vw, 150px\" \/><\/a>\n\t\t\t<\/dt><\/dl><dl class='gallery-item'>\n\t\t\t<dt class='gallery-icon landscape'>\n\t\t\t\t<a rel=\"prettyPhoto[pp_gal]\" href='https:\/\/www.maxima-dia.com\/wp-content\/uploads\/2022\/02\/openhouse-05.jpg'><img loading=\"lazy\" decoding=\"async\" width=\"150\" height=\"150\" src=\"https:\/\/www.maxima-dia.com\/wp-content\/uploads\/2022\/02\/openhouse-05-150x150.jpg\" class=\"attachment-thumbnail size-thumbnail\" alt=\"\" srcset=\"https:\/\/www.maxima-dia.com\/wp-content\/uploads\/2022\/02\/openhouse-05-150x150.jpg 150w, https:\/\/www.maxima-dia.com\/wp-content\/uploads\/2022\/02\/openhouse-05-80x80.jpg 80w, https:\/\/www.maxima-dia.com\/wp-content\/uploads\/2022\/02\/openhouse-05-500x500.jpg 500w, https:\/\/www.maxima-dia.com\/wp-content\/uploads\/2022\/02\/openhouse-05-1000x1000.jpg 1000w\" sizes=\"(max-width: 150px) 100vw, 150px\" \/><\/a>\n\t\t\t<\/dt><\/dl><br style=\"clear: both\" \/><dl class='gallery-item'>\n\t\t\t<dt class='gallery-icon landscape'>\n\t\t\t\t<a rel=\"prettyPhoto[pp_gal]\" href='https:\/\/www.maxima-dia.com\/wp-content\/uploads\/2022\/02\/openhouse-04.jpg'><img loading=\"lazy\" decoding=\"async\" width=\"150\" height=\"150\" src=\"https:\/\/www.maxima-dia.com\/wp-content\/uploads\/2022\/02\/openhouse-04-150x150.jpg\" class=\"attachment-thumbnail size-thumbnail\" alt=\"\" srcset=\"https:\/\/www.maxima-dia.com\/wp-content\/uploads\/2022\/02\/openhouse-04-150x150.jpg 150w, https:\/\/www.maxima-dia.com\/wp-content\/uploads\/2022\/02\/openhouse-04-80x80.jpg 80w, https:\/\/www.maxima-dia.com\/wp-content\/uploads\/2022\/02\/openhouse-04-500x500.jpg 500w, https:\/\/www.maxima-dia.com\/wp-content\/uploads\/2022\/02\/openhouse-04-1000x1000.jpg 1000w\" sizes=\"(max-width: 150px) 100vw, 150px\" \/><\/a>\n\t\t\t<\/dt><\/dl><dl class='gallery-item'>\n\t\t\t<dt class='gallery-icon landscape'>\n\t\t\t\t<a rel=\"prettyPhoto[pp_gal]\" href='https:\/\/www.maxima-dia.com\/wp-content\/uploads\/2022\/02\/openhouse-03.jpg'><img loading=\"lazy\" decoding=\"async\" width=\"150\" height=\"150\" src=\"https:\/\/www.maxima-dia.com\/wp-content\/uploads\/2022\/02\/openhouse-03-150x150.jpg\" class=\"attachment-thumbnail size-thumbnail\" alt=\"\" srcset=\"https:\/\/www.maxima-dia.com\/wp-content\/uploads\/2022\/02\/openhouse-03-150x150.jpg 150w, https:\/\/www.maxima-dia.com\/wp-content\/uploads\/2022\/02\/openhouse-03-80x80.jpg 80w, https:\/\/www.maxima-dia.com\/wp-content\/uploads\/2022\/02\/openhouse-03-500x500.jpg 500w, https:\/\/www.maxima-dia.com\/wp-content\/uploads\/2022\/02\/openhouse-03-1000x1000.jpg 1000w\" sizes=\"(max-width: 150px) 100vw, 150px\" \/><\/a>\n\t\t\t<\/dt><\/dl><dl class='gallery-item'>\n\t\t\t<dt class='gallery-icon landscape'>\n\t\t\t\t<a rel=\"prettyPhoto[pp_gal]\" href='https:\/\/www.maxima-dia.com\/wp-content\/uploads\/2022\/02\/openhouse-02.jpg'><img loading=\"lazy\" decoding=\"async\" width=\"150\" height=\"150\" src=\"https:\/\/www.maxima-dia.com\/wp-content\/uploads\/2022\/02\/openhouse-02-150x150.jpg\" class=\"attachment-thumbnail size-thumbnail\" alt=\"\" srcset=\"https:\/\/www.maxima-dia.com\/wp-content\/uploads\/2022\/02\/openhouse-02-150x150.jpg 150w, https:\/\/www.maxima-dia.com\/wp-content\/uploads\/2022\/02\/openhouse-02-80x80.jpg 80w, https:\/\/www.maxima-dia.com\/wp-content\/uploads\/2022\/02\/openhouse-02-500x500.jpg 500w, https:\/\/www.maxima-dia.com\/wp-content\/uploads\/2022\/02\/openhouse-02-1000x1000.jpg 1000w\" sizes=\"(max-width: 150px) 100vw, 150px\" \/><\/a>\n\t\t\t<\/dt><\/dl><dl class='gallery-item'>\n\t\t\t<dt class='gallery-icon landscape'>\n\t\t\t\t<a rel=\"prettyPhoto[pp_gal]\" href='https:\/\/www.maxima-dia.com\/wp-content\/uploads\/2022\/02\/openhouse-01.jpg'><img loading=\"lazy\" decoding=\"async\" width=\"150\" height=\"150\" src=\"https:\/\/www.maxima-dia.com\/wp-content\/uploads\/2022\/02\/openhouse-01-150x150.jpg\" class=\"attachment-thumbnail size-thumbnail\" alt=\"\" srcset=\"https:\/\/www.maxima-dia.com\/wp-content\/uploads\/2022\/02\/openhouse-01-150x150.jpg 150w, https:\/\/www.maxima-dia.com\/wp-content\/uploads\/2022\/02\/openhouse-01-80x80.jpg 80w, https:\/\/www.maxima-dia.com\/wp-content\/uploads\/2022\/02\/openhouse-01-500x500.jpg 500w, https:\/\/www.maxima-dia.com\/wp-content\/uploads\/2022\/02\/openhouse-01-1000x1000.jpg 1000w\" sizes=\"(max-width: 150px) 100vw, 150px\" \/><\/a>\n\t\t\t<\/dt><\/dl><br style=\"clear: both\" \/>\n\t\t<\/div>\n\n","protected":false},"excerpt":{"rendered":"<p>Viele und vielf\u00e4ltig sind die Aktivit\u00e4ten von Maxima organisiert, um Produkte, Marken-und Unternehmensimage zu f\u00f6rdern. Im Laufe des Jahres organisiert Maxima st\u00e4ndig Open Houses, die professionelle Vorf\u00fchrungen bei Kunden sind, und Innen-und Au\u00dfen Schulungskurse, die die Beziehung mit dem Kunden immer frisch und aktualisiert aufrechterhalten. Die direkt vor Ort Verkaufspunkt abgehaltenen theoretischen bzw. praktischen Veranstaltungen geh\u00f6ren zu den popul\u00e4rsten Aktionen Maximas.<\/p>\n","protected":false},"author":29,"featured_media":0,"parent":0,"menu_order":389,"comment_status":"closed","ping_status":"closed","template":"","meta":{"ngg_post_thumbnail":0,"_joinchat":[],"footnotes":""},"class_list":["post-10521","page","type-page","status-publish","hentry"],"yoast_head":"<!-- This site is optimized with the Yoast SEO plugin v25.5 - https:\/\/yoast.com\/wordpress\/plugins\/seo\/ -->\n<title>Open House - Maxima SpA<\/title>\n<meta name=\"robots\" content=\"index, follow, max-snippet:-1, max-image-preview:large, max-video-preview:-1\" \/>\n<link rel=\"canonical\" href=\"https:\/\/www.maxima-dia.com\/de\/open-house-de\/\" \/>\n<meta property=\"og:locale\" content=\"de_DE\" \/>\n<meta property=\"og:type\" content=\"article\" \/>\n<meta property=\"og:title\" content=\"Open House - Maxima SpA\" \/>\n<meta property=\"og:description\" content=\"Viele und vielf\u00e4ltig sind die Aktivit\u00e4ten von Maxima organisiert, um Produkte, Marken-und Unternehmensimage zu f\u00f6rdern. Im Laufe des Jahres organisiert Maxima st\u00e4ndig Open Houses, die professionelle Vorf\u00fchrungen bei Kunden sind, und Innen-und Au\u00dfen Schulungskurse, die die Beziehung mit dem Kunden immer frisch und aktualisiert aufrechterhalten. Die direkt vor Ort Verkaufspunkt abgehaltenen theoretischen bzw. praktischen Veranstaltungen geh\u00f6ren zu den popul\u00e4rsten Aktionen Maximas.\" \/>\n<meta property=\"og:url\" content=\"https:\/\/www.maxima-dia.com\/de\/open-house-de\/\" \/>\n<meta property=\"og:site_name\" content=\"Maxima SpA\" \/>\n<meta property=\"article:publisher\" content=\"https:\/\/www.facebook.com\/Maxima-spa-106098566139597\" \/>\n<meta property=\"article:modified_time\" content=\"2022-02-18T09:51:42+00:00\" \/>\n<meta property=\"og:image\" content=\"https:\/\/www.maxima-dia.com\/wp-content\/uploads\/2022\/02\/openhouse-12-300x225.jpg\" \/>\n<meta name=\"twitter:card\" content=\"summary_large_image\" \/>\n<meta name=\"twitter:site\" content=\"@Maximadia\" \/>\n<script type=\"application\/ld+json\" class=\"yoast-schema-graph\">{\"@context\":\"https:\/\/schema.org\",\"@graph\":[{\"@type\":\"WebPage\",\"@id\":\"https:\/\/www.maxima-dia.com\/de\/open-house-de\/\",\"url\":\"https:\/\/www.maxima-dia.com\/de\/open-house-de\/\",\"name\":\"Open House - Maxima SpA\",\"isPartOf\":{\"@id\":\"https:\/\/www.maxima-dia.com\/de\/#website\"},\"datePublished\":\"2014-08-06T07:22:09+00:00\",\"dateModified\":\"2022-02-18T09:51:42+00:00\",\"breadcrumb\":{\"@id\":\"https:\/\/www.maxima-dia.com\/de\/open-house-de\/#breadcrumb\"},\"inLanguage\":\"de\",\"potentialAction\":[{\"@type\":\"ReadAction\",\"target\":[\"https:\/\/www.maxima-dia.com\/de\/open-house-de\/\"]}]},{\"@type\":\"BreadcrumbList\",\"@id\":\"https:\/\/www.maxima-dia.com\/de\/open-house-de\/#breadcrumb\",\"itemListElement\":[{\"@type\":\"ListItem\",\"position\":1,\"name\":\"Home\",\"item\":\"https:\/\/www.maxima-dia.com\/de\/\"},{\"@type\":\"ListItem\",\"position\":2,\"name\":\"Open House\"}]},{\"@type\":\"WebSite\",\"@id\":\"https:\/\/www.maxima-dia.com\/de\/#website\",\"url\":\"https:\/\/www.maxima-dia.com\/de\/\",\"name\":\"Maxima SpA\",\"description\":\"Only for the real professionals\",\"potentialAction\":[{\"@type\":\"SearchAction\",\"target\":{\"@type\":\"EntryPoint\",\"urlTemplate\":\"https:\/\/www.maxima-dia.com\/de\/?s={search_term_string}\"},\"query-input\":{\"@type\":\"PropertyValueSpecification\",\"valueRequired\":true,\"valueName\":\"search_term_string\"}}],\"inLanguage\":\"de\"}]}<\/script>\n<!-- \/ Yoast SEO plugin. -->","yoast_head_json":{"title":"Open House - Maxima SpA","robots":{"index":"index","follow":"follow","max-snippet":"max-snippet:-1","max-image-preview":"max-image-preview:large","max-video-preview":"max-video-preview:-1"},"canonical":"https:\/\/www.maxima-dia.com\/de\/open-house-de\/","og_locale":"de_DE","og_type":"article","og_title":"Open House - Maxima SpA","og_description":"Viele und vielf\u00e4ltig sind die Aktivit\u00e4ten von Maxima organisiert, um Produkte, Marken-und Unternehmensimage zu f\u00f6rdern. Im Laufe des Jahres organisiert Maxima st\u00e4ndig Open Houses, die professionelle Vorf\u00fchrungen bei Kunden sind, und Innen-und Au\u00dfen Schulungskurse, die die Beziehung mit dem Kunden immer frisch und aktualisiert aufrechterhalten. Die direkt vor Ort Verkaufspunkt abgehaltenen theoretischen bzw. praktischen Veranstaltungen geh\u00f6ren zu den popul\u00e4rsten Aktionen Maximas.","og_url":"https:\/\/www.maxima-dia.com\/de\/open-house-de\/","og_site_name":"Maxima SpA","article_publisher":"https:\/\/www.facebook.com\/Maxima-spa-106098566139597","article_modified_time":"2022-02-18T09:51:42+00:00","og_image":[{"url":"https:\/\/www.maxima-dia.com\/wp-content\/uploads\/2022\/02\/openhouse-12-300x225.jpg","type":"","width":"","height":""}],"twitter_card":"summary_large_image","twitter_site":"@Maximadia","schema":{"@context":"https:\/\/schema.org","@graph":[{"@type":"WebPage","@id":"https:\/\/www.maxima-dia.com\/de\/open-house-de\/","url":"https:\/\/www.maxima-dia.com\/de\/open-house-de\/","name":"Open House - Maxima SpA","isPartOf":{"@id":"https:\/\/www.maxima-dia.com\/de\/#website"},"datePublished":"2014-08-06T07:22:09+00:00","dateModified":"2022-02-18T09:51:42+00:00","breadcrumb":{"@id":"https:\/\/www.maxima-dia.com\/de\/open-house-de\/#breadcrumb"},"inLanguage":"de","potentialAction":[{"@type":"ReadAction","target":["https:\/\/www.maxima-dia.com\/de\/open-house-de\/"]}]},{"@type":"BreadcrumbList","@id":"https:\/\/www.maxima-dia.com\/de\/open-house-de\/#breadcrumb","itemListElement":[{"@type":"ListItem","position":1,"name":"Home","item":"https:\/\/www.maxima-dia.com\/de\/"},{"@type":"ListItem","position":2,"name":"Open House"}]},{"@type":"WebSite","@id":"https:\/\/www.maxima-dia.com\/de\/#website","url":"https:\/\/www.maxima-dia.com\/de\/","name":"Maxima SpA","description":"Only for the real professionals","potentialAction":[{"@type":"SearchAction","target":{"@type":"EntryPoint","urlTemplate":"https:\/\/www.maxima-dia.com\/de\/?s={search_term_string}"},"query-input":{"@type":"PropertyValueSpecification","valueRequired":true,"valueName":"search_term_string"}}],"inLanguage":"de"}]}},"_links":{"self":[{"href":"https:\/\/www.maxima-dia.com\/de\/wp-json\/wp\/v2\/pages\/10521"}],"collection":[{"href":"https:\/\/www.maxima-dia.com\/de\/wp-json\/wp\/v2\/pages"}],"about":[{"href":"https:\/\/www.maxima-dia.com\/de\/wp-json\/wp\/v2\/types\/page"}],"author":[{"embeddable":true,"href":"https:\/\/www.maxima-dia.com\/de\/wp-json\/wp\/v2\/users\/29"}],"replies":[{"embeddable":true,"href":"https:\/\/www.maxima-dia.com\/de\/wp-json\/wp\/v2\/comments?post=10521"}],"version-history":[{"count":2,"href":"https:\/\/www.maxima-dia.com\/de\/wp-json\/wp\/v2\/pages\/10521\/revisions"}],"predecessor-version":[{"id":34001,"href":"https:\/\/www.maxima-dia.com\/de\/wp-json\/wp\/v2\/pages\/10521\/revisions\/34001"}],"wp:attachment":[{"href":"https:\/\/www.maxima-dia.com\/de\/wp-json\/wp\/v2\/media?parent=10521"}],"curies":[{"name":"wp","href":"https:\/\/api.w.org\/{rel}","templated":true}]}}