{"id":10556,"date":"2014-09-01T16:25:06","date_gmt":"2014-09-01T14:25:06","guid":{"rendered":"http:\/\/www.maxima-dia.com\/?page_id=10556"},"modified":"2025-11-14T10:14:51","modified_gmt":"2025-11-14T09:14:51","slug":"maxima-produkte","status":"publish","type":"page","link":"https:\/\/www.maxima-dia.com\/de\/maxima-produkte\/","title":{"rendered":"Maxima produkte"},"content":{"rendered":"<div class=\"wpb-content-wrapper\"><p>[vc_row bottom_padding=&#8220;50&#8243;][vc_column width=&#8220;1\/2&#8243;][vc_column_text]<\/p>\n<h5><a href=\"https:\/\/www.youtube.com\/watch?v=Ts79ORtdBYM\" target=\"_blank\" rel=\"noopener noreferrer\">Maxima Caromax 1800<\/a><\/h5>\n<p><iframe loading=\"lazy\" title=\"YouTube video player\" src=\"https:\/\/www.youtube.com\/embed\/Ts79ORtdBYM?si=wfmJ5RfnljvaI500\" width=\"300\" height=\"169\" frameborder=\"0\" allowfullscreen=\"allowfullscreen\" data-mce-fragment=\"1\"><\/iframe>[\/vc_column_text][\/vc_column][vc_column width=&#8220;1\/2&#8243;][vc_column_text]<\/p>\n<h5>&nbsp;<a href=\"https:\/\/www.youtube.com\/watch?v=Ne2cbgHz0Vk&amp;rel=0\" target=\"_blank\" rel=\"noopener noreferrer\">Maxima Caromax 800<\/a><\/h5>\n<p><iframe loading=\"lazy\" src=\"https:\/\/www.youtube.com\/embed\/Ne2cbgHz0Vk?rel=0\" width=\"300\" height=\"169\" frameborder=\"0\" allowfullscreen=\"allowfullscreen\" data-mce-fragment=\"1\"><\/iframe><\/p>\n<p>[\/vc_column_text][\/vc_column][\/vc_row][vc_row bottom_padding=&#8220;50&#8243;][vc_column width=&#8220;1\/2&#8243;][vc_column_text]<\/p>\n<h5 id=\"watch-headline-title2\"><a href=\"https:\/\/youtu.be\/OLslvq3JD6s?rel=0\">Kernbohrmaschine CAROMAX 1800 trocken mit&nbsp;DIAMANTBOHRKRONE LASER 250 und mit&nbsp;Staub- und Fl\u00fcssigkeitabsauger<\/a><\/h5>\n<p><iframe loading=\"lazy\" src=\"https:\/\/www.youtube.com\/embed\/OLslvq3JD6s?rel=0\" width=\"300\" height=\"169\" frameborder=\"0\" allowfullscreen=\"allowfullscreen\" data-mce-fragment=\"1\"><\/iframe><\/p>\n<p>Das meistgesehene Video. Sehen Sie, wie leicht wir den Beton trocknen bohren k\u00f6nnen. Dank Caromax 1800 und dem Absaugen System mit Laser 250 Diamantbohrkronen.<br \/>\n<strong>Und ohne Staub <\/strong>[\/vc_column_text][\/vc_column][vc_column width=&#8220;1\/2&#8243;][vc_column_text]<\/p>\n<h5 id=\"watch-headline-title\"><a href=\"https:\/\/youtu.be\/9KDYX8C91s4?rel=0\">Kernbohrmaschine CAROMAX 800 mit&nbsp;Wasser und GOLD STONEWARE&nbsp;DIAMANTBOHRKRONE<\/a><\/h5>\n<p><iframe loading=\"lazy\" src=\"https:\/\/www.youtube.com\/embed\/9KDYX8C91s4?rel=0\" width=\"300\" height=\"169\" frameborder=\"0\" allowfullscreen=\"allowfullscreen\" data-mce-fragment=\"1\"><\/iframe><\/p>\n<p>Erstaunlich ist die Geschwindigkeit, mit der die Caromax 800 Kernbohrmaschine mit Laser Diamantbohrkronen Gold Steinzeug alle h\u00e4rteren Materialien, Porzellan, Granit und Porphyr bohren kann.[\/vc_column_text][\/vc_column][\/vc_row][vc_row bottom_padding=&#8220;50&#8243;][vc_column width=&#8220;1\/2&#8243;][vc_column_text]<\/p>\n<h5><strong><a href=\"https:\/\/www.youtube.com\/watch?v=wFQ4I3AjtZw&amp;rel=0\" target=\"_blank\" rel=\"noopener noreferrer\">Maxima Cer Amaranth<\/a><\/strong><\/h5>\n<p><iframe loading=\"lazy\" title=\"Maxima Cer Amaranto\" src=\"https:\/\/www.youtube-nocookie.com\/embed\/wFQ4I3AjtZw\" width=\"300\" height=\"169\" frameborder=\"0\" allowfullscreen=\"allowfullscreen\"><\/iframe>[\/vc_column_text][\/vc_column][vc_column width=&#8220;1\/2&#8243;][vc_column_text]<\/p>\n<h5><a href=\"https:\/\/youtu.be\/ZaTf9R1xX34?rel=0\">Cer Pink Turbo<\/a><\/h5>\n<p><iframe loading=\"lazy\" src=\"https:\/\/www.youtube.com\/embed\/ZaTf9R1xX34?rel=0\" width=\"300\" height=\"169\" frameborder=\"0\" allowfullscreen=\"allowfullscreen\" data-mce-fragment=\"1\"><\/iframe><\/p>\n<p>Sehen Sie dieses Video und Sie verstehen werden, warum die CER Pink Turbo ist unsere meistverkaufte Produkt. Es gibt keine Beschichtungsmaterial, das die Sch\u00e4rfe dieser Diamantscheibe h\u00e4lt.[\/vc_column_text][\/vc_column][\/vc_row][vc_row bottom_padding=&#8220;50&#8243;][vc_column width=&#8220;1\/2&#8243;][vc_column_text]<\/p>\n<h5><a href=\"https:\/\/youtu.be\/OT-cP0rz9j8?rel=0\">Laser Silver<\/a><\/h5>\n<p><iframe loading=\"lazy\" src=\"https:\/\/www.youtube.com\/embed\/OT-cP0rz9j8?rel=0\" width=\"300\" height=\"169\" frameborder=\"0\" allowfullscreen=\"allowfullscreen\" data-mce-fragment=\"1\"><\/iframe><\/p>\n<p>Haben Sie es satt, wenn Sie die Scheibe wechseln m\u00fcssen, um einige Arten Materialien zu schneiden? Sehen Sie dieses Video uns Sie werden sich f\u00fcr die F\u00e4higkeiten des Lasers Silver Alles zu schneiden begeistert sein.&nbsp;[\/vc_column_text][\/vc_column][vc_column width=&#8220;1\/2&#8243;][vc_column_text]<\/p>\n<h5><a href=\"https:\/\/youtu.be\/-N99qsZgH2k?rel=0\">Steintrenns\u00e4ge MAXI 700 380V<\/a><\/h5>\n<p><iframe loading=\"lazy\" src=\"https:\/\/www.youtube.com\/embed\/-N99qsZgH2k?rel=0\" width=\"300\" height=\"169\" frameborder=\"0\" allowfullscreen=\"allowfullscreen\" data-mce-fragment=\"1\"><\/iframe><\/p>\n<p>Je gro\u00dfer der Block ist, desto mehr die Maxi 700 gesch\u00e4tzt wird. Sehen Sie, wie einfach ist es, einen Block von 30 cm in der H\u00f6he zu schneiden.[\/vc_column_text][\/vc_column][\/vc_row][vc_row bottom_padding=&#8220;50&#8243;][vc_column width=&#8220;1\/2&#8243;][vc_column_text]<\/p>\n<h5><a href=\"https:\/\/youtu.be\/M6iDGt0fIoc?rel=0\">Maxi 200 Bridge<\/a><\/h5>\n<p><iframe loading=\"lazy\" src=\"https:\/\/www.youtube.com\/embed\/M6iDGt0fIoc?rel=0\" width=\"300\" height=\"169\" frameborder=\"0\" allowfullscreen=\"allowfullscreen\" data-mce-fragment=\"1\"><\/iframe><\/p>\n<p>Leicht, kompakt, Aluminium und Eisen, wo Sie es brauchen f\u00fcr echte Profis geeignet. Pr\u00e4zision und Schnittgeschwindigkeit machen es einem echten Verb\u00fcndeten der Profis.[\/vc_column_text][\/vc_column][vc_column width=&#8220;1\/2&#8243;][vc_column_text]<\/p>\n<h5><a href=\"https:\/\/youtu.be\/f5-1WJEklgI?rel=0\">Mauermfr\u00e4se SCANMAX 180<\/a><\/h5>\n<p><iframe loading=\"lazy\" src=\"https:\/\/www.youtube.com\/embed\/f5-1WJEklgI?rel=0\" width=\"300\" height=\"169\" frameborder=\"0\" allowfullscreen=\"allowfullscreen\" data-mce-fragment=\"1\"><\/iframe><\/p>\n<p>Um noch Spuren auf Zement zu erledigen. Es ist m\u00f6glich, die Gr\u00f6\u00dfe des Schnitts bis zu maximal 6 x 6 cm einzustellen. Mit Staubsauger Aspiramax 1200.[\/vc_column_text][\/vc_column][\/vc_row][vc_row bottom_padding=&#8220;50&#8243;][vc_column width=&#8220;1\/2&#8243;][vc_column_text]<\/p>\n<h5><a href=\"https:\/\/youtu.be\/FRYOk-tqzVg?rel=0\">Schleifmaschine Levimax 125 Z CUP<\/a><\/h5>\n<p><iframe loading=\"lazy\" src=\"https:\/\/www.youtube.com\/embed\/FRYOk-tqzVg?rel=0\" width=\"300\" height=\"169\" frameborder=\"0\" allowfullscreen=\"allowfullscreen\" data-mce-fragment=\"1\"><\/iframe><\/p>\n<p>Levimax behautet und gl\u00e4ttet alle Baumaterialien. Mit speziellen quadratisch Abdeckung ausgestattet, zum Arbeiten maximal in den Ecken.&nbsp;[\/vc_column_text][\/vc_column][vc_column width=&#8220;1\/2&#8243;][vc_column_text]<\/p>\n<h5 id=\"watch-headline-title\"><a href=\"https:\/\/youtu.be\/6YxedZH7OFI?rel=0\">Kernbohrmaschine CAROMAX 1800&nbsp;trocken mit LASER GOLD SPIRAL&nbsp;DIAMANTBOHRKRONE<\/a><\/h5>\n<p><iframe loading=\"lazy\" src=\"https:\/\/www.youtube.com\/embed\/6YxedZH7OFI?rel=0\" width=\"300\" height=\"169\" frameborder=\"0\" allowfullscreen=\"allowfullscreen\" data-mce-fragment=\"1\"><\/iframe><\/p>\n<p>Trockenbohren den Beton ist kein Problem mehr. Vergessen Sie Wasser und Schmutz, St\u00e4nder und D\u00fcbel. Mit Caromax 1800 arbeiten Sie ohne St\u00fctzen und trocken.[\/vc_column_text][\/vc_column][\/vc_row][vc_row bottom_padding=&#8220;50&#8243;][vc_column width=&#8220;1\/2&#8243;][vc_column_text]<\/p>\n<h5 id=\"watch-headline-title\"><a href=\"https:\/\/youtu.be\/XroJRHwripc?rel=0\">Kernbohrmaschine CAROMAX 1800&nbsp;trocken mit LASER SILVER&nbsp;DIAMANTBOHRKRONE<\/a><\/h5>\n<p><iframe loading=\"lazy\" src=\"https:\/\/www.youtube.com\/embed\/XroJRHwripc?rel=0\" width=\"300\" height=\"169\" frameborder=\"0\" allowfullscreen=\"allowfullscreen\" data-mce-fragment=\"1\"><\/iframe><\/p>\n<p>Trockenbohren den Beton ist kein Problem mehr. Vergessen Sie Wasser und Schmutz, Spalten und D\u00fcbel. Mit Caromax 1800 arbeiten Sie ohne St\u00fctzen und trocken.&nbsp;[\/vc_column_text][\/vc_column][vc_column width=&#8220;1\/2&#8243;][vc_column_text]<\/p>\n<h5 id=\"watch-headline-title\"><a href=\"https:\/\/youtu.be\/BtLTcmub7Lk?rel=0\">Kernbohrmaschine CAROMAX 160&nbsp;mit Wasser und LASER 450&nbsp;DIAMANTBOHRKRONE<\/a><\/h5>\n<p><iframe loading=\"lazy\" src=\"https:\/\/www.youtube.com\/embed\/BtLTcmub7Lk?rel=0\" width=\"300\" height=\"169\" frameborder=\"0\" allowfullscreen=\"allowfullscreen\" data-mce-fragment=\"1\"><\/iframe><\/p>\n<p>Sehen Sie 4 Kernbohrmaschine in einer einzigen: das ist Caromax 160. Trocken oder mit Wasser, manuell oder mit St\u00e4nder verwendet wird, sie ist das eigentliches M\u00e4dchen auf dem Bau.[\/vc_column_text][\/vc_column][\/vc_row][vc_row bottom_padding=&#8220;50&#8243;][vc_column width=&#8220;1\/2&#8243;][vc_column_text]<\/p>\n<h5 id=\"watch-headline-title\"><a href=\"https:\/\/youtu.be\/FQW57Vxc6HY?rel=0\">Kernbohrmaschine CAROMAX 1800&nbsp;mit Wasser undLASER 300&nbsp;DIAMANTBOHRKRONE<\/a><\/h5>\n<p><iframe loading=\"lazy\" src=\"https:\/\/www.youtube.com\/embed\/FQW57Vxc6HY?rel=0\" width=\"300\" height=\"169\" frameborder=\"0\" allowfullscreen=\"allowfullscreen\" data-mce-fragment=\"1\"><\/iframe><\/p>\n<p>Unverzichtbar, wenn Sie schnell kleine Bohrungen mit Wasser erledigen wollen, Caromax 1800 mit Wasser hat den Geschwindigkeitsregler und Kupplung f\u00fcr Wasser.&nbsp;[\/vc_column_text][\/vc_column][vc_column width=&#8220;1\/2&#8243;][\/vc_column][\/vc_row]<\/p>\n<\/div>","protected":false},"excerpt":{"rendered":"<p>[vc_row bottom_padding=&#8220;50&#8243;][vc_column width=&#8220;1\/2&#8243;][vc_column_text] Maxima Caromax 1800 [\/vc_column_text][\/vc_column][vc_column width=&#8220;1\/2&#8243;][vc_column_text] &nbsp;Maxima Caromax 800 [\/vc_column_text][\/vc_column][\/vc_row][vc_row bottom_padding=&#8220;50&#8243;][vc_column width=&#8220;1\/2&#8243;][vc_column_text] Kernbohrmaschine CAROMAX 1800 trocken mit&nbsp;DIAMANTBOHRKRONE LASER 250 und mit&nbsp;Staub- und Fl\u00fcssigkeitabsauger Das meistgesehene Video. Sehen Sie, wie leicht wir den Beton trocknen bohren k\u00f6nnen. Dank Caromax 1800 und dem Absaugen System mit Laser 250 Diamantbohrkronen. Und ohne Staub [\/vc_column_text][\/vc_column][vc_column width=&#8220;1\/2&#8243;][vc_column_text] Kernbohrmaschine CAROMAX 800 mit&nbsp;Wasser und GOLD STONEWARE&nbsp;DIAMANTBOHRKRONE Erstaunlich ist die Geschwindigkeit, mit der die Caromax 800 Kernbohrmaschine mit Laser Diamantbohrkronen Gold Steinzeug alle h\u00e4rteren Materialien, Porzellan, Granit und Porphyr bohren kann.[\/vc_column_text][\/vc_column][\/vc_row][vc_row bottom_padding=&#8220;50&#8243;][vc_column width=&#8220;1\/2&#8243;][vc_column_text] Maxima Cer Amaranth [\/vc_column_text][\/vc_column][vc_column width=&#8220;1\/2&#8243;][vc_column_text] Cer Pink Turbo Sehen Sie dieses Video und Sie verstehen werden, warum die CER Pink Turbo ist unsere meistverkaufte Produkt. Es gibt keine Beschichtungsmaterial, das die Sch\u00e4rfe dieser Diamantscheibe h\u00e4lt.[\/vc_column_text][\/vc_column][\/vc_row][vc_row bottom_padding=&#8220;50&#8243;][vc_column width=&#8220;1\/2&#8243;][vc_column_text] Laser Silver Haben Sie es satt, wenn Sie die Scheibe wechseln m\u00fcssen, um einige Arten Materialien zu schneiden? Sehen Sie dieses Video uns Sie werden sich f\u00fcr die F\u00e4higkeiten des Lasers Silver Alles zu schneiden begeistert sein.&nbsp;[\/vc_column_text][\/vc_column][vc_column width=&#8220;1\/2&#8243;][vc_column_text] Steintrenns\u00e4ge MAXI 700 380V Je gro\u00dfer der Block ist, desto mehr die Maxi 700 gesch\u00e4tzt wird. Sehen Sie, wie einfach ist es, einen Block von 30 cm in der H\u00f6he zu schneiden.[\/vc_column_text][\/vc_column][\/vc_row][vc_row bottom_padding=&#8220;50&#8243;][vc_column width=&#8220;1\/2&#8243;][vc_column_text] Maxi 200 Bridge Leicht, [&hellip;]<\/p>\n","protected":false},"author":29,"featured_media":0,"parent":0,"menu_order":702,"comment_status":"closed","ping_status":"closed","template":"","meta":{"ngg_post_thumbnail":0,"_joinchat":[],"footnotes":""},"class_list":["post-10556","page","type-page","status-publish","hentry"],"yoast_head":"<!-- This site is optimized with the Yoast SEO plugin v25.5 - https:\/\/yoast.com\/wordpress\/plugins\/seo\/ -->\n<title>Maxima produkte - Maxima SpA<\/title>\n<meta name=\"description\" content=\"Maxima produkte\" \/>\n<meta name=\"robots\" content=\"index, follow, max-snippet:-1, max-image-preview:large, max-video-preview:-1\" \/>\n<link rel=\"canonical\" href=\"https:\/\/www.maxima-dia.com\/de\/maxima-produkte\/\" \/>\n<meta property=\"og:locale\" content=\"de_DE\" \/>\n<meta property=\"og:type\" content=\"article\" \/>\n<meta property=\"og:title\" content=\"Maxima produkte - Maxima SpA\" \/>\n<meta property=\"og:description\" content=\"Maxima produkte\" \/>\n<meta property=\"og:url\" content=\"https:\/\/www.maxima-dia.com\/de\/maxima-produkte\/\" \/>\n<meta property=\"og:site_name\" content=\"Maxima SpA\" \/>\n<meta property=\"article:publisher\" content=\"https:\/\/www.facebook.com\/Maxima-spa-106098566139597\" \/>\n<meta property=\"article:modified_time\" content=\"2025-11-14T09:14:51+00:00\" \/>\n<meta property=\"og:image\" content=\"https:\/\/www.maxima-dia.com\/wp-content\/uploads\/2022\/03\/MaximaSpA-logo-quadrato.jpg\" \/>\n\t<meta property=\"og:image:width\" content=\"500\" \/>\n\t<meta property=\"og:image:height\" content=\"500\" \/>\n\t<meta property=\"og:image:type\" content=\"image\/jpeg\" \/>\n<meta name=\"twitter:card\" content=\"summary_large_image\" \/>\n<meta name=\"twitter:site\" content=\"@Maximadia\" \/>\n<meta name=\"twitter:label1\" content=\"Gesch\u00e4tzte Lesezeit\" \/>\n\t<meta name=\"twitter:data1\" content=\"3\u00a0Minuten\" \/>\n<script type=\"application\/ld+json\" class=\"yoast-schema-graph\">{\"@context\":\"https:\/\/schema.org\",\"@graph\":[{\"@type\":\"WebPage\",\"@id\":\"https:\/\/www.maxima-dia.com\/de\/maxima-produkte\/\",\"url\":\"https:\/\/www.maxima-dia.com\/de\/maxima-produkte\/\",\"name\":\"Maxima produkte - Maxima SpA\",\"isPartOf\":{\"@id\":\"https:\/\/www.maxima-dia.com\/de\/#website\"},\"datePublished\":\"2014-09-01T14:25:06+00:00\",\"dateModified\":\"2025-11-14T09:14:51+00:00\",\"description\":\"Maxima produkte\",\"breadcrumb\":{\"@id\":\"https:\/\/www.maxima-dia.com\/de\/maxima-produkte\/#breadcrumb\"},\"inLanguage\":\"de\",\"potentialAction\":[{\"@type\":\"ReadAction\",\"target\":[\"https:\/\/www.maxima-dia.com\/de\/maxima-produkte\/\"]}]},{\"@type\":\"BreadcrumbList\",\"@id\":\"https:\/\/www.maxima-dia.com\/de\/maxima-produkte\/#breadcrumb\",\"itemListElement\":[{\"@type\":\"ListItem\",\"position\":1,\"name\":\"Home\",\"item\":\"https:\/\/www.maxima-dia.com\/de\/\"},{\"@type\":\"ListItem\",\"position\":2,\"name\":\"Maxima produkte\"}]},{\"@type\":\"WebSite\",\"@id\":\"https:\/\/www.maxima-dia.com\/de\/#website\",\"url\":\"https:\/\/www.maxima-dia.com\/de\/\",\"name\":\"Maxima SpA\",\"description\":\"Only for the real professionals\",\"potentialAction\":[{\"@type\":\"SearchAction\",\"target\":{\"@type\":\"EntryPoint\",\"urlTemplate\":\"https:\/\/www.maxima-dia.com\/de\/?s={search_term_string}\"},\"query-input\":{\"@type\":\"PropertyValueSpecification\",\"valueRequired\":true,\"valueName\":\"search_term_string\"}}],\"inLanguage\":\"de\"}]}<\/script>\n<!-- \/ Yoast SEO plugin. -->","yoast_head_json":{"title":"Maxima produkte - Maxima SpA","description":"Maxima produkte","robots":{"index":"index","follow":"follow","max-snippet":"max-snippet:-1","max-image-preview":"max-image-preview:large","max-video-preview":"max-video-preview:-1"},"canonical":"https:\/\/www.maxima-dia.com\/de\/maxima-produkte\/","og_locale":"de_DE","og_type":"article","og_title":"Maxima produkte - Maxima SpA","og_description":"Maxima produkte","og_url":"https:\/\/www.maxima-dia.com\/de\/maxima-produkte\/","og_site_name":"Maxima SpA","article_publisher":"https:\/\/www.facebook.com\/Maxima-spa-106098566139597","article_modified_time":"2025-11-14T09:14:51+00:00","og_image":[{"width":500,"height":500,"url":"https:\/\/www.maxima-dia.com\/wp-content\/uploads\/2022\/03\/MaximaSpA-logo-quadrato.jpg","type":"image\/jpeg"}],"twitter_card":"summary_large_image","twitter_site":"@Maximadia","twitter_misc":{"Gesch\u00e4tzte Lesezeit":"3\u00a0Minuten"},"schema":{"@context":"https:\/\/schema.org","@graph":[{"@type":"WebPage","@id":"https:\/\/www.maxima-dia.com\/de\/maxima-produkte\/","url":"https:\/\/www.maxima-dia.com\/de\/maxima-produkte\/","name":"Maxima produkte - Maxima SpA","isPartOf":{"@id":"https:\/\/www.maxima-dia.com\/de\/#website"},"datePublished":"2014-09-01T14:25:06+00:00","dateModified":"2025-11-14T09:14:51+00:00","description":"Maxima produkte","breadcrumb":{"@id":"https:\/\/www.maxima-dia.com\/de\/maxima-produkte\/#breadcrumb"},"inLanguage":"de","potentialAction":[{"@type":"ReadAction","target":["https:\/\/www.maxima-dia.com\/de\/maxima-produkte\/"]}]},{"@type":"BreadcrumbList","@id":"https:\/\/www.maxima-dia.com\/de\/maxima-produkte\/#breadcrumb","itemListElement":[{"@type":"ListItem","position":1,"name":"Home","item":"https:\/\/www.maxima-dia.com\/de\/"},{"@type":"ListItem","position":2,"name":"Maxima produkte"}]},{"@type":"WebSite","@id":"https:\/\/www.maxima-dia.com\/de\/#website","url":"https:\/\/www.maxima-dia.com\/de\/","name":"Maxima SpA","description":"Only for the real professionals","potentialAction":[{"@type":"SearchAction","target":{"@type":"EntryPoint","urlTemplate":"https:\/\/www.maxima-dia.com\/de\/?s={search_term_string}"},"query-input":{"@type":"PropertyValueSpecification","valueRequired":true,"valueName":"search_term_string"}}],"inLanguage":"de"}]}},"_links":{"self":[{"href":"https:\/\/www.maxima-dia.com\/de\/wp-json\/wp\/v2\/pages\/10556"}],"collection":[{"href":"https:\/\/www.maxima-dia.com\/de\/wp-json\/wp\/v2\/pages"}],"about":[{"href":"https:\/\/www.maxima-dia.com\/de\/wp-json\/wp\/v2\/types\/page"}],"author":[{"embeddable":true,"href":"https:\/\/www.maxima-dia.com\/de\/wp-json\/wp\/v2\/users\/29"}],"replies":[{"embeddable":true,"href":"https:\/\/www.maxima-dia.com\/de\/wp-json\/wp\/v2\/comments?post=10556"}],"version-history":[{"count":5,"href":"https:\/\/www.maxima-dia.com\/de\/wp-json\/wp\/v2\/pages\/10556\/revisions"}],"predecessor-version":[{"id":47036,"href":"https:\/\/www.maxima-dia.com\/de\/wp-json\/wp\/v2\/pages\/10556\/revisions\/47036"}],"wp:attachment":[{"href":"https:\/\/www.maxima-dia.com\/de\/wp-json\/wp\/v2\/media?parent=10556"}],"curies":[{"name":"wp","href":"https:\/\/api.w.org\/{rel}","templated":true}]}}