{"id":10596,"date":"2014-09-01T18:16:03","date_gmt":"2014-09-01T16:16:03","guid":{"rendered":"http:\/\/www.maxima-dia.com\/?page_id=10596"},"modified":"2019-08-07T11:34:55","modified_gmt":"2019-08-07T09:34:55","slug":"neue-testimonial-von-maxima-fur-2013","status":"publish","type":"page","link":"https:\/\/www.maxima-dia.com\/de\/neue-testimonial-von-maxima-fur-2013\/","title":{"rendered":"Neue Testimonial von Maxima f\u00fcr 2013"},"content":{"rendered":"<h3>Fabio Cannavaro, der ber\u00fchmte Kapit\u00e4n der italienischen Fu\u00dfballnationalmannschaft beim Weltmeisterschaftssieg im Jahre 2006, ist das neue Testimonial von Maxima f\u00fcr 2013.<\/h3>\n<div id=\"attachment_5069\" style=\"width: 310px\" class=\"wp-caption alignright\"><a title=\"Fabio Cannavaro, \u00e8 il nuovo testimonial 2013 di Maxima\" href=\"\/wp-content\/uploads\/2013\/04\/fabio-cannavaro-1.jpg\"><img loading=\"lazy\" decoding=\"async\" aria-describedby=\"caption-attachment-5069\" class=\"wp-image-5069 size-medium\" title=\"Mirco Dall\u2019Olio, Inhaber von Maxima und Fabio Cannavaro\" src=\"https:\/\/www.maxima-dia.com\/wp-content\/uploads\/2013\/04\/fabio-cannavaro-1-300x232.jpg\" alt=\"Mirco Dall\u2019Olio, Inhaber von Maxima und Fabio Cannavaro\" width=\"300\" height=\"232\" srcset=\"https:\/\/www.maxima-dia.com\/wp-content\/uploads\/2013\/04\/fabio-cannavaro-1-300x232.jpg 300w, https:\/\/www.maxima-dia.com\/wp-content\/uploads\/2013\/04\/fabio-cannavaro-1.jpg 481w\" sizes=\"(max-width: 300px) 100vw, 300px\" \/><\/a><p id=\"caption-attachment-5069\" class=\"wp-caption-text\">Mirco Dall\u2019Olio, Inhaber von Maxima und Fabio Cannavaro<\/p><\/div>\n<p style=\"text-align: justify;\">Das initiativenreiche Unternehmen aus Poviglio, das auf den M\u00e4rkten des Bausektors und der Thermohydraulik mit dem Vertrieb von Diamantwerkzeugen und Baumaschinen f\u00fcr den Schnitt und das Kernbohren aktiv ist, hat den Champion der Nationalmannschaft gew\u00e4hlt, nachdem es sich im Vorjahr von Martin Castrogiovanni, dem bekannten italienisch-argentinischen Rugbyspieler repr\u00e4sentieren lie\u00df und so die Ausrichtung auf die Spitzensportler fortsetzt.<\/p>\n<p style=\"text-align: justify;\">Mirco Dall\u2019Olio, der Inhaber von Maxima, erkl\u00e4rt die Gr\u00fcnde f\u00fcr die Wahl: \u00abFabio Cannavaro ist das perfekte Symbol f\u00fcr unser Unternehmen und dr\u00fcckt beim Payoff \u201cScheiben der Champions\u201d aus, was wir machen und wie wir es machen. Unser Bed\u00fcrfnis \u2013 f\u00e4hrt Dall\u2019Olio fort \u2013 bestand darin, unsere M\u00e4rkte, vor allem im Ausland, aber auch in S\u00fcditalien zu erweitern. Wir meinten daher, dass die Figur Fabio Cannavaros eine der bestm\u00f6glichen Entscheidungen sein k\u00f6nnte. Trotz der schlechten Wirtschaftslage, die wir besonders in unserem Sektor erleben, haben wir beschlossen, stark in die Werbung f\u00fcr unsere Marke zu investieren und wir hoffen, dass das bald Fr\u00fcchte tragen wird. Andererseits ist Fabio eine \u00fcbergreifende Gewinnerpers\u00f6nlichkeit, die auch im Ausland gut bekannt ist und das m\u00fcsste eine gro\u00dfe Hilfe sein\u00bb.<\/p>\nngg_shortcode_0_placeholder\n","protected":false},"excerpt":{"rendered":"<p>Fabio Cannavaro, der ber\u00fchmte Kapit\u00e4n der italienischen Fu\u00dfballnationalmannschaft beim Weltmeisterschaftssieg im Jahre 2006, ist das neue Testimonial von Maxima f\u00fcr 2013. Das initiativenreiche Unternehmen aus Poviglio, das auf den M\u00e4rkten des Bausektors und der Thermohydraulik mit dem Vertrieb von Diamantwerkzeugen und Baumaschinen f\u00fcr den Schnitt und das Kernbohren aktiv ist, hat den Champion der Nationalmannschaft gew\u00e4hlt, nachdem es sich im Vorjahr von Martin Castrogiovanni, dem bekannten italienisch-argentinischen Rugbyspieler repr\u00e4sentieren lie\u00df und so die Ausrichtung auf die Spitzensportler fortsetzt. Mirco Dall\u2019Olio, der Inhaber von Maxima, erkl\u00e4rt die Gr\u00fcnde f\u00fcr die Wahl: \u00abFabio Cannavaro ist das perfekte Symbol f\u00fcr unser Unternehmen und dr\u00fcckt beim Payoff \u201cScheiben der Champions\u201d aus, was wir machen und wie wir es machen. Unser Bed\u00fcrfnis \u2013 f\u00e4hrt Dall\u2019Olio fort \u2013 bestand darin, unsere M\u00e4rkte, vor allem im Ausland, aber auch in S\u00fcditalien zu erweitern. Wir meinten daher, dass die Figur Fabio Cannavaros eine der bestm\u00f6glichen Entscheidungen sein k\u00f6nnte. Trotz der schlechten Wirtschaftslage, die wir besonders in unserem Sektor erleben, haben wir beschlossen, stark in die Werbung f\u00fcr unsere Marke zu investieren und wir hoffen, dass das bald Fr\u00fcchte tragen wird. Andererseits ist Fabio eine \u00fcbergreifende Gewinnerpers\u00f6nlichkeit, die auch im Ausland gut bekannt ist und das m\u00fcsste eine gro\u00dfe [&hellip;]<\/p>\n","protected":false},"author":29,"featured_media":0,"parent":0,"menu_order":396,"comment_status":"closed","ping_status":"closed","template":"","meta":{"ngg_post_thumbnail":0,"_joinchat":[],"footnotes":""},"class_list":["post-10596","page","type-page","status-publish","hentry"],"yoast_head":"<!-- This site is optimized with the Yoast SEO plugin v25.5 - https:\/\/yoast.com\/wordpress\/plugins\/seo\/ -->\n<title>Neue Testimonial von Maxima f\u00fcr 2013 - Maxima SpA<\/title>\n<meta name=\"robots\" content=\"index, follow, max-snippet:-1, max-image-preview:large, max-video-preview:-1\" \/>\n<link rel=\"canonical\" href=\"https:\/\/www.maxima-dia.com\/de\/neue-testimonial-von-maxima-fur-2013\/\" \/>\n<meta property=\"og:locale\" content=\"de_DE\" \/>\n<meta property=\"og:type\" content=\"article\" \/>\n<meta property=\"og:title\" content=\"Neue Testimonial von Maxima f\u00fcr 2013 - Maxima SpA\" \/>\n<meta property=\"og:description\" content=\"Fabio Cannavaro, der ber\u00fchmte Kapit\u00e4n der italienischen Fu\u00dfballnationalmannschaft beim Weltmeisterschaftssieg im Jahre 2006, ist das neue Testimonial von Maxima f\u00fcr 2013. Das initiativenreiche Unternehmen aus Poviglio, das auf den M\u00e4rkten des Bausektors und der Thermohydraulik mit dem Vertrieb von Diamantwerkzeugen und Baumaschinen f\u00fcr den Schnitt und das Kernbohren aktiv ist, hat den Champion der Nationalmannschaft gew\u00e4hlt, nachdem es sich im Vorjahr von Martin Castrogiovanni, dem bekannten italienisch-argentinischen Rugbyspieler repr\u00e4sentieren lie\u00df und so die Ausrichtung auf die Spitzensportler fortsetzt. Mirco Dall\u2019Olio, der Inhaber von Maxima, erkl\u00e4rt die Gr\u00fcnde f\u00fcr die Wahl: \u00abFabio Cannavaro ist das perfekte Symbol f\u00fcr unser Unternehmen und dr\u00fcckt beim Payoff \u201cScheiben der Champions\u201d aus, was wir machen und wie wir es machen. Unser Bed\u00fcrfnis \u2013 f\u00e4hrt Dall\u2019Olio fort \u2013 bestand darin, unsere M\u00e4rkte, vor allem im Ausland, aber auch in S\u00fcditalien zu erweitern. Wir meinten daher, dass die Figur Fabio Cannavaros eine der bestm\u00f6glichen Entscheidungen sein k\u00f6nnte. Trotz der schlechten Wirtschaftslage, die wir besonders in unserem Sektor erleben, haben wir beschlossen, stark in die Werbung f\u00fcr unsere Marke zu investieren und wir hoffen, dass das bald Fr\u00fcchte tragen wird. Andererseits ist Fabio eine \u00fcbergreifende Gewinnerpers\u00f6nlichkeit, die auch im Ausland gut bekannt ist und das m\u00fcsste eine gro\u00dfe [&hellip;]\" \/>\n<meta property=\"og:url\" content=\"https:\/\/www.maxima-dia.com\/de\/neue-testimonial-von-maxima-fur-2013\/\" \/>\n<meta property=\"og:site_name\" content=\"Maxima SpA\" \/>\n<meta property=\"article:publisher\" content=\"https:\/\/www.facebook.com\/Maxima-spa-106098566139597\" \/>\n<meta property=\"article:modified_time\" content=\"2019-08-07T09:34:55+00:00\" \/>\n<meta property=\"og:image\" content=\"https:\/\/www.maxima-dia.com\/wp-content\/uploads\/2013\/04\/fabio-cannavaro-1-300x232.jpg\" \/>\n<meta name=\"twitter:card\" content=\"summary_large_image\" \/>\n<meta name=\"twitter:site\" content=\"@Maximadia\" \/>\n<meta name=\"twitter:label1\" content=\"Gesch\u00e4tzte Lesezeit\" \/>\n\t<meta name=\"twitter:data1\" content=\"1\u00a0Minute\" \/>\n<script type=\"application\/ld+json\" class=\"yoast-schema-graph\">{\"@context\":\"https:\/\/schema.org\",\"@graph\":[{\"@type\":\"WebPage\",\"@id\":\"https:\/\/www.maxima-dia.com\/de\/neue-testimonial-von-maxima-fur-2013\/\",\"url\":\"https:\/\/www.maxima-dia.com\/de\/neue-testimonial-von-maxima-fur-2013\/\",\"name\":\"Neue Testimonial von Maxima f\u00fcr 2013 - Maxima SpA\",\"isPartOf\":{\"@id\":\"https:\/\/www.maxima-dia.com\/de\/#website\"},\"primaryImageOfPage\":{\"@id\":\"https:\/\/www.maxima-dia.com\/de\/neue-testimonial-von-maxima-fur-2013\/#primaryimage\"},\"image\":{\"@id\":\"https:\/\/www.maxima-dia.com\/de\/neue-testimonial-von-maxima-fur-2013\/#primaryimage\"},\"thumbnailUrl\":\"https:\/\/www.maxima-dia.com\/wp-content\/uploads\/2013\/04\/fabio-cannavaro-1-300x232.jpg\",\"datePublished\":\"2014-09-01T16:16:03+00:00\",\"dateModified\":\"2019-08-07T09:34:55+00:00\",\"breadcrumb\":{\"@id\":\"https:\/\/www.maxima-dia.com\/de\/neue-testimonial-von-maxima-fur-2013\/#breadcrumb\"},\"inLanguage\":\"de\",\"potentialAction\":[{\"@type\":\"ReadAction\",\"target\":[\"https:\/\/www.maxima-dia.com\/de\/neue-testimonial-von-maxima-fur-2013\/\"]}]},{\"@type\":\"ImageObject\",\"inLanguage\":\"de\",\"@id\":\"https:\/\/www.maxima-dia.com\/de\/neue-testimonial-von-maxima-fur-2013\/#primaryimage\",\"url\":\"https:\/\/www.maxima-dia.com\/wp-content\/uploads\/2013\/04\/fabio-cannavaro-1-300x232.jpg\",\"contentUrl\":\"https:\/\/www.maxima-dia.com\/wp-content\/uploads\/2013\/04\/fabio-cannavaro-1-300x232.jpg\"},{\"@type\":\"BreadcrumbList\",\"@id\":\"https:\/\/www.maxima-dia.com\/de\/neue-testimonial-von-maxima-fur-2013\/#breadcrumb\",\"itemListElement\":[{\"@type\":\"ListItem\",\"position\":1,\"name\":\"Home\",\"item\":\"https:\/\/www.maxima-dia.com\/de\/\"},{\"@type\":\"ListItem\",\"position\":2,\"name\":\"Neue Testimonial von Maxima f\u00fcr 2013\"}]},{\"@type\":\"WebSite\",\"@id\":\"https:\/\/www.maxima-dia.com\/de\/#website\",\"url\":\"https:\/\/www.maxima-dia.com\/de\/\",\"name\":\"Maxima SpA\",\"description\":\"Only for the real professionals\",\"potentialAction\":[{\"@type\":\"SearchAction\",\"target\":{\"@type\":\"EntryPoint\",\"urlTemplate\":\"https:\/\/www.maxima-dia.com\/de\/?s={search_term_string}\"},\"query-input\":{\"@type\":\"PropertyValueSpecification\",\"valueRequired\":true,\"valueName\":\"search_term_string\"}}],\"inLanguage\":\"de\"}]}<\/script>\n<!-- \/ Yoast SEO plugin. -->","yoast_head_json":{"title":"Neue Testimonial von Maxima f\u00fcr 2013 - Maxima SpA","robots":{"index":"index","follow":"follow","max-snippet":"max-snippet:-1","max-image-preview":"max-image-preview:large","max-video-preview":"max-video-preview:-1"},"canonical":"https:\/\/www.maxima-dia.com\/de\/neue-testimonial-von-maxima-fur-2013\/","og_locale":"de_DE","og_type":"article","og_title":"Neue Testimonial von Maxima f\u00fcr 2013 - Maxima SpA","og_description":"Fabio Cannavaro, der ber\u00fchmte Kapit\u00e4n der italienischen Fu\u00dfballnationalmannschaft beim Weltmeisterschaftssieg im Jahre 2006, ist das neue Testimonial von Maxima f\u00fcr 2013. Das initiativenreiche Unternehmen aus Poviglio, das auf den M\u00e4rkten des Bausektors und der Thermohydraulik mit dem Vertrieb von Diamantwerkzeugen und Baumaschinen f\u00fcr den Schnitt und das Kernbohren aktiv ist, hat den Champion der Nationalmannschaft gew\u00e4hlt, nachdem es sich im Vorjahr von Martin Castrogiovanni, dem bekannten italienisch-argentinischen Rugbyspieler repr\u00e4sentieren lie\u00df und so die Ausrichtung auf die Spitzensportler fortsetzt. Mirco Dall\u2019Olio, der Inhaber von Maxima, erkl\u00e4rt die Gr\u00fcnde f\u00fcr die Wahl: \u00abFabio Cannavaro ist das perfekte Symbol f\u00fcr unser Unternehmen und dr\u00fcckt beim Payoff \u201cScheiben der Champions\u201d aus, was wir machen und wie wir es machen. Unser Bed\u00fcrfnis \u2013 f\u00e4hrt Dall\u2019Olio fort \u2013 bestand darin, unsere M\u00e4rkte, vor allem im Ausland, aber auch in S\u00fcditalien zu erweitern. Wir meinten daher, dass die Figur Fabio Cannavaros eine der bestm\u00f6glichen Entscheidungen sein k\u00f6nnte. Trotz der schlechten Wirtschaftslage, die wir besonders in unserem Sektor erleben, haben wir beschlossen, stark in die Werbung f\u00fcr unsere Marke zu investieren und wir hoffen, dass das bald Fr\u00fcchte tragen wird. Andererseits ist Fabio eine \u00fcbergreifende Gewinnerpers\u00f6nlichkeit, die auch im Ausland gut bekannt ist und das m\u00fcsste eine gro\u00dfe [&hellip;]","og_url":"https:\/\/www.maxima-dia.com\/de\/neue-testimonial-von-maxima-fur-2013\/","og_site_name":"Maxima SpA","article_publisher":"https:\/\/www.facebook.com\/Maxima-spa-106098566139597","article_modified_time":"2019-08-07T09:34:55+00:00","og_image":[{"url":"https:\/\/www.maxima-dia.com\/wp-content\/uploads\/2013\/04\/fabio-cannavaro-1-300x232.jpg","type":"","width":"","height":""}],"twitter_card":"summary_large_image","twitter_site":"@Maximadia","twitter_misc":{"Gesch\u00e4tzte Lesezeit":"1\u00a0Minute"},"schema":{"@context":"https:\/\/schema.org","@graph":[{"@type":"WebPage","@id":"https:\/\/www.maxima-dia.com\/de\/neue-testimonial-von-maxima-fur-2013\/","url":"https:\/\/www.maxima-dia.com\/de\/neue-testimonial-von-maxima-fur-2013\/","name":"Neue Testimonial von Maxima f\u00fcr 2013 - Maxima SpA","isPartOf":{"@id":"https:\/\/www.maxima-dia.com\/de\/#website"},"primaryImageOfPage":{"@id":"https:\/\/www.maxima-dia.com\/de\/neue-testimonial-von-maxima-fur-2013\/#primaryimage"},"image":{"@id":"https:\/\/www.maxima-dia.com\/de\/neue-testimonial-von-maxima-fur-2013\/#primaryimage"},"thumbnailUrl":"https:\/\/www.maxima-dia.com\/wp-content\/uploads\/2013\/04\/fabio-cannavaro-1-300x232.jpg","datePublished":"2014-09-01T16:16:03+00:00","dateModified":"2019-08-07T09:34:55+00:00","breadcrumb":{"@id":"https:\/\/www.maxima-dia.com\/de\/neue-testimonial-von-maxima-fur-2013\/#breadcrumb"},"inLanguage":"de","potentialAction":[{"@type":"ReadAction","target":["https:\/\/www.maxima-dia.com\/de\/neue-testimonial-von-maxima-fur-2013\/"]}]},{"@type":"ImageObject","inLanguage":"de","@id":"https:\/\/www.maxima-dia.com\/de\/neue-testimonial-von-maxima-fur-2013\/#primaryimage","url":"https:\/\/www.maxima-dia.com\/wp-content\/uploads\/2013\/04\/fabio-cannavaro-1-300x232.jpg","contentUrl":"https:\/\/www.maxima-dia.com\/wp-content\/uploads\/2013\/04\/fabio-cannavaro-1-300x232.jpg"},{"@type":"BreadcrumbList","@id":"https:\/\/www.maxima-dia.com\/de\/neue-testimonial-von-maxima-fur-2013\/#breadcrumb","itemListElement":[{"@type":"ListItem","position":1,"name":"Home","item":"https:\/\/www.maxima-dia.com\/de\/"},{"@type":"ListItem","position":2,"name":"Neue Testimonial von Maxima f\u00fcr 2013"}]},{"@type":"WebSite","@id":"https:\/\/www.maxima-dia.com\/de\/#website","url":"https:\/\/www.maxima-dia.com\/de\/","name":"Maxima SpA","description":"Only for the real professionals","potentialAction":[{"@type":"SearchAction","target":{"@type":"EntryPoint","urlTemplate":"https:\/\/www.maxima-dia.com\/de\/?s={search_term_string}"},"query-input":{"@type":"PropertyValueSpecification","valueRequired":true,"valueName":"search_term_string"}}],"inLanguage":"de"}]}},"_links":{"self":[{"href":"https:\/\/www.maxima-dia.com\/de\/wp-json\/wp\/v2\/pages\/10596"}],"collection":[{"href":"https:\/\/www.maxima-dia.com\/de\/wp-json\/wp\/v2\/pages"}],"about":[{"href":"https:\/\/www.maxima-dia.com\/de\/wp-json\/wp\/v2\/types\/page"}],"author":[{"embeddable":true,"href":"https:\/\/www.maxima-dia.com\/de\/wp-json\/wp\/v2\/users\/29"}],"replies":[{"embeddable":true,"href":"https:\/\/www.maxima-dia.com\/de\/wp-json\/wp\/v2\/comments?post=10596"}],"version-history":[{"count":0,"href":"https:\/\/www.maxima-dia.com\/de\/wp-json\/wp\/v2\/pages\/10596\/revisions"}],"wp:attachment":[{"href":"https:\/\/www.maxima-dia.com\/de\/wp-json\/wp\/v2\/media?parent=10596"}],"curies":[{"name":"wp","href":"https:\/\/api.w.org\/{rel}","templated":true}]}}