{"id":10907,"date":"2014-09-26T15:48:31","date_gmt":"2014-09-26T13:48:31","guid":{"rendered":"http:\/\/www.maxima-dia.com\/?page_id=10907"},"modified":"2019-09-11T18:09:05","modified_gmt":"2019-09-11T16:09:05","slug":"martin-castrogiovanni","status":"publish","type":"page","link":"https:\/\/www.maxima-dia.com\/de\/martin-castrogiovanni\/","title":{"rendered":"Martin Castrogiovanni"},"content":{"rendered":"<h3>Maxima 2012 Werbetr\u00e4ger: der Rugbyspieler Martin Castrogiovanni<\/h3>\n<div id=\"attachment_7567\" style=\"width: 280px\" class=\"wp-caption alignright\"><a href=\"\/wp-content\/uploads\/2012\/10\/castrogiovanni_mirco.jpg\"><img loading=\"lazy\" decoding=\"async\" aria-describedby=\"caption-attachment-7567\" class=\" wp-image-7567\" title=\"Mirco Dall\u2019Olio und Martin Castrogiovanni\" src=\"\/wp-content\/uploads\/2012\/10\/castrogiovanni_mirco-300x234.jpg\" alt=\"Mirco Dall\u2019Olio und Martin Castrogiovanni\" width=\"270\" height=\"211\" srcset=\"https:\/\/www.maxima-dia.com\/wp-content\/uploads\/2012\/10\/castrogiovanni_mirco-300x234.jpg 300w, https:\/\/www.maxima-dia.com\/wp-content\/uploads\/2012\/10\/castrogiovanni_mirco-1020x799.jpg 1020w, https:\/\/www.maxima-dia.com\/wp-content\/uploads\/2012\/10\/castrogiovanni_mirco.jpg 1024w\" sizes=\"(max-width: 270px) 100vw, 270px\" \/><\/a><p id=\"caption-attachment-7567\" class=\"wp-caption-text\">Mirco Dall\u2019Olio und Martin Castrogiovanni<\/p><\/div>\n<p>Martin Castrogiovanni ist der bekannte italienisch-argentinische Rugbyspieler und ist der neue Werbetr\u00e4ger von Maxima f\u00fcr 2012. Maxima ist ein dynamisches Unternehmen sehr aktiv auf den M\u00e4rkten des Bausektors und der Thermohydraulik mit dem Vertrieb von Diamantwerkzeugen und Baumaschinen f\u00fcr den Schnitt und das Kernbohren.<\/p>\n<p>Hier unten kann man einen Artikel der Lokalzeitung Gazzetta di Reggio, 10. Juli 2012.<\/p>\n<p>\u201cMartin Castrogiovann ist der Dr\u00e4nger und Kapit\u00e4n der italienischen Rugbynationalmannschaft und der Leichester Tigers Team. Maxima hat diesen Champion als Werbetr\u00e4ger f\u00fcr seinen Payoff \u201cMaxima Kraft\u201d gewollt. Das ist eine Partnerschaft zwischen Maxima, ein Unternehmen mit best\u00e4ndigen Umsatz- und Einkommenswachstum seit 2001, und Martin Castrogiovanni, ein richtiger Riese in seinem Recht, der ein Beispiel von Kraft, Opferwilligkeit und Professionalit\u00e4t ist.<\/p>\n<p>Martin Castrogiovanni &#8211; f\u00e4hrt Mirco Dall\u2019Olio, der Inhaber von Maxima, fort \u2013 ist f\u00fcr den Sport, der er symbolisiert, und f\u00fcr seinen transparenten Image gew\u00e4hlt worden. Diese Werte sind dieselben, mit denen Maxima sich auf den Markt vorstellen will. Unser Bed\u00fcrfnis war es, den breiten \u00d6ffentlichkeit zu \u00fcbertragen, dass unsere Produkte kr\u00e4ftig und dauerhaft sind und ein H\u00f6chstma\u00df an Leistung bieten. Was f\u00fcr ein Werbetr\u00e4ger k\u00f6nnte besser sein?<\/p>\n<p>Rugby \u2013 Herr Dall\u2019Olio erkl\u00e4rt &#8211; ist ein anst\u00e4ndige Sport, der uns darstellt; er ist ein Transversalsport, der in Italien und auch im Ausland sehr gesch\u00e4tzt ist\u201c.<\/p>\nngg_shortcode_0_placeholder\n","protected":false},"excerpt":{"rendered":"<p>Maxima 2012 Werbetr\u00e4ger: der Rugbyspieler Martin Castrogiovanni Martin Castrogiovanni ist der bekannte italienisch-argentinische Rugbyspieler und ist der neue Werbetr\u00e4ger von Maxima f\u00fcr 2012. Maxima ist ein dynamisches Unternehmen sehr aktiv auf den M\u00e4rkten des Bausektors und der Thermohydraulik mit dem Vertrieb von Diamantwerkzeugen und Baumaschinen f\u00fcr den Schnitt und das Kernbohren. Hier unten kann man einen Artikel der Lokalzeitung Gazzetta di Reggio, 10. Juli 2012. \u201cMartin Castrogiovann ist der Dr\u00e4nger und Kapit\u00e4n der italienischen Rugbynationalmannschaft und der Leichester Tigers Team. Maxima hat diesen Champion als Werbetr\u00e4ger f\u00fcr seinen Payoff \u201cMaxima Kraft\u201d gewollt. Das ist eine Partnerschaft zwischen Maxima, ein Unternehmen mit best\u00e4ndigen Umsatz- und Einkommenswachstum seit 2001, und Martin Castrogiovanni, ein richtiger Riese in seinem Recht, der ein Beispiel von Kraft, Opferwilligkeit und Professionalit\u00e4t ist. Martin Castrogiovanni &#8211; f\u00e4hrt Mirco Dall\u2019Olio, der Inhaber von Maxima, fort \u2013 ist f\u00fcr den Sport, der er symbolisiert, und f\u00fcr seinen transparenten Image gew\u00e4hlt worden. Diese Werte sind dieselben, mit denen Maxima sich auf den Markt vorstellen will. Unser Bed\u00fcrfnis war es, den breiten \u00d6ffentlichkeit zu \u00fcbertragen, dass unsere Produkte kr\u00e4ftig und dauerhaft sind und ein H\u00f6chstma\u00df an Leistung bieten. Was f\u00fcr ein Werbetr\u00e4ger k\u00f6nnte besser sein? Rugby \u2013 Herr Dall\u2019Olio erkl\u00e4rt &#8211; ist [&hellip;]<\/p>\n","protected":false},"author":29,"featured_media":0,"parent":0,"menu_order":322,"comment_status":"closed","ping_status":"closed","template":"","meta":{"ngg_post_thumbnail":0,"_joinchat":[],"footnotes":""},"class_list":["post-10907","page","type-page","status-publish","hentry"],"yoast_head":"<!-- This site is optimized with the Yoast SEO plugin v25.5 - https:\/\/yoast.com\/wordpress\/plugins\/seo\/ -->\n<title>Martin Castrogiovanni - Maxima SpA<\/title>\n<meta name=\"description\" content=\"Rugbyspieler Martin Castrogiovanni\" \/>\n<meta name=\"robots\" content=\"index, follow, max-snippet:-1, max-image-preview:large, max-video-preview:-1\" \/>\n<link rel=\"canonical\" href=\"https:\/\/www.maxima-dia.com\/de\/martin-castrogiovanni\/\" \/>\n<meta property=\"og:locale\" content=\"de_DE\" \/>\n<meta property=\"og:type\" content=\"article\" \/>\n<meta property=\"og:title\" content=\"Martin Castrogiovanni - Maxima SpA\" \/>\n<meta property=\"og:description\" content=\"Rugbyspieler Martin Castrogiovanni\" \/>\n<meta property=\"og:url\" content=\"https:\/\/www.maxima-dia.com\/de\/martin-castrogiovanni\/\" \/>\n<meta property=\"og:site_name\" content=\"Maxima SpA\" \/>\n<meta property=\"article:publisher\" content=\"https:\/\/www.facebook.com\/Maxima-spa-106098566139597\" \/>\n<meta property=\"article:modified_time\" content=\"2019-09-11T16:09:05+00:00\" \/>\n<meta property=\"og:image\" content=\"https:\/\/www.maxima-dia.com\/wp-content\/uploads\/2012\/10\/castrogiovanni_mirco-300x234.jpg\" \/>\n<meta name=\"twitter:card\" content=\"summary_large_image\" \/>\n<meta name=\"twitter:site\" content=\"@Maximadia\" \/>\n<meta name=\"twitter:label1\" content=\"Gesch\u00e4tzte Lesezeit\" \/>\n\t<meta name=\"twitter:data1\" content=\"1\u00a0Minute\" \/>\n<script type=\"application\/ld+json\" class=\"yoast-schema-graph\">{\"@context\":\"https:\/\/schema.org\",\"@graph\":[{\"@type\":\"WebPage\",\"@id\":\"https:\/\/www.maxima-dia.com\/de\/martin-castrogiovanni\/\",\"url\":\"https:\/\/www.maxima-dia.com\/de\/martin-castrogiovanni\/\",\"name\":\"Martin Castrogiovanni - Maxima SpA\",\"isPartOf\":{\"@id\":\"https:\/\/www.maxima-dia.com\/de\/#website\"},\"datePublished\":\"2014-09-26T13:48:31+00:00\",\"dateModified\":\"2019-09-11T16:09:05+00:00\",\"description\":\"Rugbyspieler Martin Castrogiovanni\",\"breadcrumb\":{\"@id\":\"https:\/\/www.maxima-dia.com\/de\/martin-castrogiovanni\/#breadcrumb\"},\"inLanguage\":\"de\",\"potentialAction\":[{\"@type\":\"ReadAction\",\"target\":[\"https:\/\/www.maxima-dia.com\/de\/martin-castrogiovanni\/\"]}]},{\"@type\":\"BreadcrumbList\",\"@id\":\"https:\/\/www.maxima-dia.com\/de\/martin-castrogiovanni\/#breadcrumb\",\"itemListElement\":[{\"@type\":\"ListItem\",\"position\":1,\"name\":\"Home\",\"item\":\"https:\/\/www.maxima-dia.com\/de\/\"},{\"@type\":\"ListItem\",\"position\":2,\"name\":\"Martin Castrogiovanni\"}]},{\"@type\":\"WebSite\",\"@id\":\"https:\/\/www.maxima-dia.com\/de\/#website\",\"url\":\"https:\/\/www.maxima-dia.com\/de\/\",\"name\":\"Maxima SpA\",\"description\":\"Only for the real professionals\",\"potentialAction\":[{\"@type\":\"SearchAction\",\"target\":{\"@type\":\"EntryPoint\",\"urlTemplate\":\"https:\/\/www.maxima-dia.com\/de\/?s={search_term_string}\"},\"query-input\":{\"@type\":\"PropertyValueSpecification\",\"valueRequired\":true,\"valueName\":\"search_term_string\"}}],\"inLanguage\":\"de\"}]}<\/script>\n<!-- \/ Yoast SEO plugin. -->","yoast_head_json":{"title":"Martin Castrogiovanni - Maxima SpA","description":"Rugbyspieler Martin Castrogiovanni","robots":{"index":"index","follow":"follow","max-snippet":"max-snippet:-1","max-image-preview":"max-image-preview:large","max-video-preview":"max-video-preview:-1"},"canonical":"https:\/\/www.maxima-dia.com\/de\/martin-castrogiovanni\/","og_locale":"de_DE","og_type":"article","og_title":"Martin Castrogiovanni - Maxima SpA","og_description":"Rugbyspieler Martin Castrogiovanni","og_url":"https:\/\/www.maxima-dia.com\/de\/martin-castrogiovanni\/","og_site_name":"Maxima SpA","article_publisher":"https:\/\/www.facebook.com\/Maxima-spa-106098566139597","article_modified_time":"2019-09-11T16:09:05+00:00","og_image":[{"url":"https:\/\/www.maxima-dia.com\/wp-content\/uploads\/2012\/10\/castrogiovanni_mirco-300x234.jpg","type":"","width":"","height":""}],"twitter_card":"summary_large_image","twitter_site":"@Maximadia","twitter_misc":{"Gesch\u00e4tzte Lesezeit":"1\u00a0Minute"},"schema":{"@context":"https:\/\/schema.org","@graph":[{"@type":"WebPage","@id":"https:\/\/www.maxima-dia.com\/de\/martin-castrogiovanni\/","url":"https:\/\/www.maxima-dia.com\/de\/martin-castrogiovanni\/","name":"Martin Castrogiovanni - Maxima SpA","isPartOf":{"@id":"https:\/\/www.maxima-dia.com\/de\/#website"},"datePublished":"2014-09-26T13:48:31+00:00","dateModified":"2019-09-11T16:09:05+00:00","description":"Rugbyspieler Martin Castrogiovanni","breadcrumb":{"@id":"https:\/\/www.maxima-dia.com\/de\/martin-castrogiovanni\/#breadcrumb"},"inLanguage":"de","potentialAction":[{"@type":"ReadAction","target":["https:\/\/www.maxima-dia.com\/de\/martin-castrogiovanni\/"]}]},{"@type":"BreadcrumbList","@id":"https:\/\/www.maxima-dia.com\/de\/martin-castrogiovanni\/#breadcrumb","itemListElement":[{"@type":"ListItem","position":1,"name":"Home","item":"https:\/\/www.maxima-dia.com\/de\/"},{"@type":"ListItem","position":2,"name":"Martin Castrogiovanni"}]},{"@type":"WebSite","@id":"https:\/\/www.maxima-dia.com\/de\/#website","url":"https:\/\/www.maxima-dia.com\/de\/","name":"Maxima SpA","description":"Only for the real professionals","potentialAction":[{"@type":"SearchAction","target":{"@type":"EntryPoint","urlTemplate":"https:\/\/www.maxima-dia.com\/de\/?s={search_term_string}"},"query-input":{"@type":"PropertyValueSpecification","valueRequired":true,"valueName":"search_term_string"}}],"inLanguage":"de"}]}},"_links":{"self":[{"href":"https:\/\/www.maxima-dia.com\/de\/wp-json\/wp\/v2\/pages\/10907"}],"collection":[{"href":"https:\/\/www.maxima-dia.com\/de\/wp-json\/wp\/v2\/pages"}],"about":[{"href":"https:\/\/www.maxima-dia.com\/de\/wp-json\/wp\/v2\/types\/page"}],"author":[{"embeddable":true,"href":"https:\/\/www.maxima-dia.com\/de\/wp-json\/wp\/v2\/users\/29"}],"replies":[{"embeddable":true,"href":"https:\/\/www.maxima-dia.com\/de\/wp-json\/wp\/v2\/comments?post=10907"}],"version-history":[{"count":0,"href":"https:\/\/www.maxima-dia.com\/de\/wp-json\/wp\/v2\/pages\/10907\/revisions"}],"wp:attachment":[{"href":"https:\/\/www.maxima-dia.com\/de\/wp-json\/wp\/v2\/media?parent=10907"}],"curies":[{"name":"wp","href":"https:\/\/api.w.org\/{rel}","templated":true}]}}