{"id":14957,"date":"2017-02-28T11:42:32","date_gmt":"2017-02-28T10:42:32","guid":{"rendered":"http:\/\/www.maxima-dia.com\/?page_id=14957\/"},"modified":"2021-06-21T12:06:31","modified_gmt":"2021-06-21T10:06:31","slug":"turbo-hellblau","status":"publish","type":"page","link":"https:\/\/www.maxima-dia.com\/de\/universelle-turbo-diamanttrennscheiben\/turbo-hellblau\/","title":{"rendered":"Turbo Hellblau"},"content":{"rendered":"<div class=\"wpb-content-wrapper\"><p>[vc_row][vc_column text_align=&#8220;center&#8220; width=&#8220;1\/4&#8243;][vc_column_text]<a href=\"\/wp-content\/uploads\/2017\/02\/turbo-azzurro.jpg\"><img loading=\"lazy\" decoding=\"async\" class=\"alignnone wp-image-13915 size-thumbnail\" src=\"\/wp-content\/uploads\/2017\/02\/turbo-azzurro-150x150.jpg\" alt=\"TURBO AZZURRO\" width=\"150\" height=\"150\" srcset=\"https:\/\/www.maxima-dia.com\/wp-content\/uploads\/2017\/02\/turbo-azzurro-150x150.jpg 150w, https:\/\/www.maxima-dia.com\/wp-content\/uploads\/2017\/02\/turbo-azzurro-300x300.jpg 300w, https:\/\/www.maxima-dia.com\/wp-content\/uploads\/2017\/02\/turbo-azzurro-768x768.jpg 768w, https:\/\/www.maxima-dia.com\/wp-content\/uploads\/2017\/02\/turbo-azzurro-1024x1024.jpg 1024w, https:\/\/www.maxima-dia.com\/wp-content\/uploads\/2017\/02\/turbo-azzurro-80x80.jpg 80w, https:\/\/www.maxima-dia.com\/wp-content\/uploads\/2017\/02\/turbo-azzurro-500x500.jpg 500w, https:\/\/www.maxima-dia.com\/wp-content\/uploads\/2017\/02\/turbo-azzurro-1000x1000.jpg 1000w, https:\/\/www.maxima-dia.com\/wp-content\/uploads\/2017\/02\/turbo-azzurro.jpg 1200w\" sizes=\"(max-width: 150px) 100vw, 150px\" \/><\/a>[\/vc_column_text][vc_column_text css_animation=&#8220;slideInDown&#8220; el_class=&#8220;hidebuybutton&#8220;]<a href=\"https:\/\/www.storemaxima.com\/de\/universelle-turbo-diamanttrennscheiben\/190-turbo-hellblau.html\" target=\"_blank\" rel=\"noopener\"><img loading=\"lazy\" decoding=\"async\" class=\"alignnone\" title=\"Kaufen Auf www.storemaxima.com\" src=\"https:\/\/www.maxima-dia.com\/wp-content\/uploads\/2019\/12\/pulsante-acquista-storemaxima.com-de.svg\" alt=\"Kaufen Auf www.storemaxima.com\" width=\"180\" height=\"80\"><\/a>[\/vc_column_text][\/vc_column][vc_column width=&#8220;3\/4&#8243;][vc_column_text]<strong>Turbo Hellblau<\/strong> eignet sich ausgezeichnet f\u00fcr den gelegentlichen Gebrauch und garantiert eine hohe Leistungsf\u00e4higkeit und eine lange Standzeit. Sie ist sowohl f\u00fcr den professionellen, als auch f\u00fcr den privaten Gebrauch geeignet und bietet ein sehr gutes Preis-Leitungsverh\u00e4ltnis. <strong>Ist auch in der Version X-Lock mit \u00f8 115 verf\u00fcgbar.<\/strong><\/p>\n<table class=\"tabellatecnica\" style=\"width: 80%;\" border=\"0\" cellspacing=\"0\" cellpadding=\"0\">\n<thead>\n<tr>\n<td class=\"testata\" colspan=\"2\">TECHNISCHE TABELLE<\/td>\n<\/tr>\n<\/thead>\n<tbody>\n<tr>\n<td class=\"prima\">Ausgeh\u00e4rteter Zement \/ Ziegel \/ Dachpfannen<\/td>\n<td class=\"seconda\"><b class=\"txtred\">\u2605<\/b><b class=\"txtred\">\u2605<\/b><b class=\"txtred\">\u2605<\/b><\/td>\n<\/tr>\n<tr>\n<td class=\"prima\">Schwach bewehrter Beton<\/td>\n<td class=\"seconda\"><b class=\"txtred\">\u2605<\/b><b class=\"txtred\">\u2605<\/b><b class=\"txtred\">\u2605<\/b><\/td>\n<\/tr>\n<tr>\n<td class=\"prima\">Stark bewehrter Beton<\/td>\n<td class=\"seconda\"><b class=\"txtred\">\u2605<\/b><b class=\"txtred\">\u2605<\/b><\/td>\n<\/tr>\n<tr>\n<td class=\"prima\">Granit \/ Naturstein \/ Porphyr<\/td>\n<td class=\"seconda\"><b class=\"txtred\">\u2605<\/b><b class=\"txtred\">\u2605<\/b><\/td>\n<\/tr>\n<tr>\n<td class=\"prima\">Marmor<\/td>\n<td class=\"seconda\"><b class=\"txtred\">\u2605<\/b><\/td>\n<\/tr>\n<tr>\n<td class=\"prima\">Schamotte<\/td>\n<td class=\"seconda\"><b class=\"txtred\">\u2605<\/b><\/td>\n<\/tr>\n<tr>\n<td class=\"prima\">Sandstein \/ Waschbetonplatten<\/td>\n<td class=\"seconda\"><b class=\"txtred\">\u2605<\/b><b class=\"txtred\">\u2605<\/b><\/td>\n<\/tr>\n<tr>\n<td class=\"prima\">Keramikfliesen (Zweibrandverfahren)<\/td>\n<td class=\"seconda\"><b class=\"txtred\">\u2605<\/b><b class=\"txtred\">\u2605<\/b><\/td>\n<\/tr>\n<tr>\n<td class=\"prima\">Keramikfliesen (Einbrandverfahren)<\/td>\n<td class=\"seconda\"><b class=\"txtred\">\u2605<\/b><b class=\"txtred\">\u2605<\/b><\/td>\n<\/tr>\n<tr>\n<td class=\"prima\">Feinsteinzeug \/ Klinker<\/td>\n<td class=\"seconda\"><b class=\"txtred\">\u2605<\/b><\/td>\n<\/tr>\n<tr>\n<td class=\"prima\">Frischer Zement<\/td>\n<td class=\"seconda\">&nbsp;<\/td>\n<\/tr>\n<tr>\n<td class=\"prima\">Asphalt<\/td>\n<td class=\"seconda\">&nbsp;<\/td>\n<\/tr>\n<tr>\n<td class=\"intervallo\" colspan=\"2\">&nbsp;<\/td>\n<\/tr>\n<tr>\n<td class=\"prima\">Schnittgeschwindigkeit<\/td>\n<td class=\"seconda\"><b class=\"txtred\">\u2605<\/b><b class=\"txtred\">\u2605<\/b><b class=\"txtred\">\u2605<\/b><\/td>\n<\/tr>\n<tr>\n<td class=\"prima\">Mittlere Standfestigkeit<\/td>\n<td class=\"seconda\"><b class=\"txtred\">\u2605<\/b><b class=\"txtred\">\u2605<\/b><\/td>\n<\/tr>\n<tr>\n<td class=\"legenda\" colspan=\"2\">ausreichend<b class=\"txtred\">\u2605<\/b>&nbsp;&nbsp;&nbsp;&nbsp; mittel<b class=\"txtred\">\u2605<\/b><b class=\"txtred\">\u2605<\/b>&nbsp;&nbsp;&nbsp;&nbsp; gut<b class=\"txtred\">\u2605<\/b><b class=\"txtred\">\u2605<\/b><b class=\"txtred\">\u2605<\/b>&nbsp;&nbsp;&nbsp;&nbsp; optimal<b class=\"txtred\">\u2605<\/b><b class=\"txtred\">\u2605<\/b><b class=\"txtred\">\u2605<\/b><b class=\"txtred\">\u2605<\/b>&nbsp;&nbsp;&nbsp;&nbsp; super<b class=\"txtred\">\u2605<\/b><b class=\"txtred\">\u2605<\/b><b class=\"txtred\">\u2605<\/b><b class=\"txtred\">\u2605<\/b><b class=\"txtred\">\u2605<\/b><\/td>\n<\/tr>\n<\/tbody>\n<\/table>\n<p>&nbsp;<\/p>\n<table class=\"tabellatecnica\" style=\"width: 80%;\" border=\"0\" cellspacing=\"0\" cellpadding=\"0\">\n<thead>\n<tr>\n<td class=\"testata\">VERF\u00dcGBARE DURCHMESSER<\/td>\n<\/tr>\n<\/thead>\n<tbody>\n<tr>\n<td><img decoding=\"async\" class=\"alignleft\" src=\"\/wp-content\/uploads\/2013\/10\/s-taglio1.png\" alt=\"s-taglio1\" height=\"30\"> 115-230<\/td>\n<\/tr>\n<\/tbody>\n<\/table>\n<p>&nbsp;[\/vc_column_text][\/vc_column][\/vc_row]<\/p>\n<\/div>","protected":false},"excerpt":{"rendered":"<p>[vc_row][vc_column text_align=&#8220;center&#8220; width=&#8220;1\/4&#8243;][vc_column_text][\/vc_column_text][vc_column_text css_animation=&#8220;slideInDown&#8220; el_class=&#8220;hidebuybutton&#8220;][\/vc_column_text][\/vc_column][vc_column width=&#8220;3\/4&#8243;][vc_column_text]Turbo Hellblau eignet sich ausgezeichnet f\u00fcr den gelegentlichen Gebrauch und garantiert eine hohe Leistungsf\u00e4higkeit und eine lange Standzeit. Sie ist sowohl f\u00fcr den professionellen, als auch f\u00fcr den privaten Gebrauch geeignet und bietet ein sehr gutes Preis-Leitungsverh\u00e4ltnis. Ist auch in der Version X-Lock mit \u00f8 115 verf\u00fcgbar. TECHNISCHE TABELLE Ausgeh\u00e4rteter Zement \/ Ziegel \/ Dachpfannen \u2605\u2605\u2605 Schwach bewehrter Beton \u2605\u2605\u2605 Stark bewehrter Beton \u2605\u2605 Granit \/ Naturstein \/ Porphyr \u2605\u2605 Marmor \u2605 Schamotte \u2605 Sandstein \/ Waschbetonplatten \u2605\u2605 Keramikfliesen (Zweibrandverfahren) \u2605\u2605 Keramikfliesen (Einbrandverfahren) \u2605\u2605 Feinsteinzeug \/ Klinker \u2605 Frischer Zement &nbsp; Asphalt &nbsp; &nbsp; Schnittgeschwindigkeit \u2605\u2605\u2605 Mittlere Standfestigkeit \u2605\u2605 ausreichend\u2605&nbsp;&nbsp;&nbsp;&nbsp; mittel\u2605\u2605&nbsp;&nbsp;&nbsp;&nbsp; gut\u2605\u2605\u2605&nbsp;&nbsp;&nbsp;&nbsp; optimal\u2605\u2605\u2605\u2605&nbsp;&nbsp;&nbsp;&nbsp; super\u2605\u2605\u2605\u2605\u2605 &nbsp; VERF\u00dcGBARE DURCHMESSER 115-230 &nbsp;[\/vc_column_text][\/vc_column][\/vc_row]<\/p>\n","protected":false},"author":29,"featured_media":13915,"parent":12435,"menu_order":7,"comment_status":"closed","ping_status":"closed","template":"","meta":{"ngg_post_thumbnail":0,"_joinchat":[],"footnotes":""},"class_list":["post-14957","page","type-page","status-publish","has-post-thumbnail","hentry"],"yoast_head":"<!-- This site is optimized with the Yoast SEO plugin v25.5 - https:\/\/yoast.com\/wordpress\/plugins\/seo\/ -->\n<title>Turbo Hellblau - Maxima SpA<\/title>\n<meta name=\"description\" content=\"Turbo Gelb ist eine Diamanttrennscheibe, die ein optimales Preis-Leistungs-Verh\u00e4ltnis bietet.\" \/>\n<meta name=\"robots\" content=\"index, follow, max-snippet:-1, max-image-preview:large, max-video-preview:-1\" \/>\n<link rel=\"canonical\" href=\"https:\/\/www.maxima-dia.com\/de\/universelle-turbo-diamanttrennscheiben\/turbo-hellblau\/\" \/>\n<meta property=\"og:locale\" content=\"de_DE\" \/>\n<meta property=\"og:type\" content=\"article\" \/>\n<meta property=\"og:title\" content=\"Turbo Hellblau - Maxima SpA\" \/>\n<meta property=\"og:description\" content=\"Turbo Gelb ist eine Diamanttrennscheibe, die ein optimales Preis-Leistungs-Verh\u00e4ltnis bietet.\" \/>\n<meta property=\"og:url\" content=\"https:\/\/www.maxima-dia.com\/de\/universelle-turbo-diamanttrennscheiben\/turbo-hellblau\/\" \/>\n<meta property=\"og:site_name\" content=\"Maxima SpA\" \/>\n<meta property=\"article:publisher\" content=\"https:\/\/www.facebook.com\/Maxima-spa-106098566139597\" \/>\n<meta property=\"article:modified_time\" content=\"2021-06-21T10:06:31+00:00\" \/>\n<meta property=\"og:image\" content=\"https:\/\/www.maxima-dia.com\/wp-content\/uploads\/2017\/02\/turbo-azzurro.jpg\" \/>\n\t<meta property=\"og:image:width\" content=\"1200\" \/>\n\t<meta property=\"og:image:height\" content=\"1200\" \/>\n\t<meta property=\"og:image:type\" content=\"image\/jpeg\" \/>\n<meta name=\"twitter:card\" content=\"summary_large_image\" \/>\n<meta name=\"twitter:site\" content=\"@Maximadia\" \/>\n<meta name=\"twitter:label1\" content=\"Gesch\u00e4tzte Lesezeit\" \/>\n\t<meta name=\"twitter:data1\" content=\"9\u00a0Minuten\" \/>\n<script type=\"application\/ld+json\" class=\"yoast-schema-graph\">{\"@context\":\"https:\/\/schema.org\",\"@graph\":[{\"@type\":\"WebPage\",\"@id\":\"https:\/\/www.maxima-dia.com\/de\/universelle-turbo-diamanttrennscheiben\/turbo-hellblau\/\",\"url\":\"https:\/\/www.maxima-dia.com\/de\/universelle-turbo-diamanttrennscheiben\/turbo-hellblau\/\",\"name\":\"Turbo Hellblau - Maxima SpA\",\"isPartOf\":{\"@id\":\"https:\/\/www.maxima-dia.com\/de\/#website\"},\"primaryImageOfPage\":{\"@id\":\"https:\/\/www.maxima-dia.com\/de\/universelle-turbo-diamanttrennscheiben\/turbo-hellblau\/#primaryimage\"},\"image\":{\"@id\":\"https:\/\/www.maxima-dia.com\/de\/universelle-turbo-diamanttrennscheiben\/turbo-hellblau\/#primaryimage\"},\"thumbnailUrl\":\"https:\/\/www.maxima-dia.com\/wp-content\/uploads\/2017\/02\/turbo-azzurro.jpg\",\"datePublished\":\"2017-02-28T10:42:32+00:00\",\"dateModified\":\"2021-06-21T10:06:31+00:00\",\"description\":\"Turbo Gelb ist eine Diamanttrennscheibe, die ein optimales Preis-Leistungs-Verh\u00e4ltnis bietet.\",\"breadcrumb\":{\"@id\":\"https:\/\/www.maxima-dia.com\/de\/universelle-turbo-diamanttrennscheiben\/turbo-hellblau\/#breadcrumb\"},\"inLanguage\":\"de\",\"potentialAction\":[{\"@type\":\"ReadAction\",\"target\":[\"https:\/\/www.maxima-dia.com\/de\/universelle-turbo-diamanttrennscheiben\/turbo-hellblau\/\"]}]},{\"@type\":\"ImageObject\",\"inLanguage\":\"de\",\"@id\":\"https:\/\/www.maxima-dia.com\/de\/universelle-turbo-diamanttrennscheiben\/turbo-hellblau\/#primaryimage\",\"url\":\"https:\/\/www.maxima-dia.com\/wp-content\/uploads\/2017\/02\/turbo-azzurro.jpg\",\"contentUrl\":\"https:\/\/www.maxima-dia.com\/wp-content\/uploads\/2017\/02\/turbo-azzurro.jpg\",\"width\":1200,\"height\":1200,\"caption\":\"TURBO AZZURRO\"},{\"@type\":\"BreadcrumbList\",\"@id\":\"https:\/\/www.maxima-dia.com\/de\/universelle-turbo-diamanttrennscheiben\/turbo-hellblau\/#breadcrumb\",\"itemListElement\":[{\"@type\":\"ListItem\",\"position\":1,\"name\":\"Home\",\"item\":\"https:\/\/www.maxima-dia.com\/de\/\"},{\"@type\":\"ListItem\",\"position\":2,\"name\":\"Universelle Turbo Diamanttrennscheiben\",\"item\":\"https:\/\/www.maxima-dia.com\/de\/universelle-turbo-diamanttrennscheiben\/\"},{\"@type\":\"ListItem\",\"position\":3,\"name\":\"Turbo Hellblau\"}]},{\"@type\":\"WebSite\",\"@id\":\"https:\/\/www.maxima-dia.com\/de\/#website\",\"url\":\"https:\/\/www.maxima-dia.com\/de\/\",\"name\":\"Maxima SpA\",\"description\":\"Only for the real professionals\",\"potentialAction\":[{\"@type\":\"SearchAction\",\"target\":{\"@type\":\"EntryPoint\",\"urlTemplate\":\"https:\/\/www.maxima-dia.com\/de\/?s={search_term_string}\"},\"query-input\":{\"@type\":\"PropertyValueSpecification\",\"valueRequired\":true,\"valueName\":\"search_term_string\"}}],\"inLanguage\":\"de\"}]}<\/script>\n<!-- \/ Yoast SEO plugin. -->","yoast_head_json":{"title":"Turbo Hellblau - Maxima SpA","description":"Turbo Gelb ist eine Diamanttrennscheibe, die ein optimales Preis-Leistungs-Verh\u00e4ltnis bietet.","robots":{"index":"index","follow":"follow","max-snippet":"max-snippet:-1","max-image-preview":"max-image-preview:large","max-video-preview":"max-video-preview:-1"},"canonical":"https:\/\/www.maxima-dia.com\/de\/universelle-turbo-diamanttrennscheiben\/turbo-hellblau\/","og_locale":"de_DE","og_type":"article","og_title":"Turbo Hellblau - Maxima SpA","og_description":"Turbo Gelb ist eine Diamanttrennscheibe, die ein optimales Preis-Leistungs-Verh\u00e4ltnis bietet.","og_url":"https:\/\/www.maxima-dia.com\/de\/universelle-turbo-diamanttrennscheiben\/turbo-hellblau\/","og_site_name":"Maxima SpA","article_publisher":"https:\/\/www.facebook.com\/Maxima-spa-106098566139597","article_modified_time":"2021-06-21T10:06:31+00:00","og_image":[{"width":1200,"height":1200,"url":"https:\/\/www.maxima-dia.com\/wp-content\/uploads\/2017\/02\/turbo-azzurro.jpg","type":"image\/jpeg"}],"twitter_card":"summary_large_image","twitter_site":"@Maximadia","twitter_misc":{"Gesch\u00e4tzte Lesezeit":"9\u00a0Minuten"},"schema":{"@context":"https:\/\/schema.org","@graph":[{"@type":"WebPage","@id":"https:\/\/www.maxima-dia.com\/de\/universelle-turbo-diamanttrennscheiben\/turbo-hellblau\/","url":"https:\/\/www.maxima-dia.com\/de\/universelle-turbo-diamanttrennscheiben\/turbo-hellblau\/","name":"Turbo Hellblau - Maxima SpA","isPartOf":{"@id":"https:\/\/www.maxima-dia.com\/de\/#website"},"primaryImageOfPage":{"@id":"https:\/\/www.maxima-dia.com\/de\/universelle-turbo-diamanttrennscheiben\/turbo-hellblau\/#primaryimage"},"image":{"@id":"https:\/\/www.maxima-dia.com\/de\/universelle-turbo-diamanttrennscheiben\/turbo-hellblau\/#primaryimage"},"thumbnailUrl":"https:\/\/www.maxima-dia.com\/wp-content\/uploads\/2017\/02\/turbo-azzurro.jpg","datePublished":"2017-02-28T10:42:32+00:00","dateModified":"2021-06-21T10:06:31+00:00","description":"Turbo Gelb ist eine Diamanttrennscheibe, die ein optimales Preis-Leistungs-Verh\u00e4ltnis bietet.","breadcrumb":{"@id":"https:\/\/www.maxima-dia.com\/de\/universelle-turbo-diamanttrennscheiben\/turbo-hellblau\/#breadcrumb"},"inLanguage":"de","potentialAction":[{"@type":"ReadAction","target":["https:\/\/www.maxima-dia.com\/de\/universelle-turbo-diamanttrennscheiben\/turbo-hellblau\/"]}]},{"@type":"ImageObject","inLanguage":"de","@id":"https:\/\/www.maxima-dia.com\/de\/universelle-turbo-diamanttrennscheiben\/turbo-hellblau\/#primaryimage","url":"https:\/\/www.maxima-dia.com\/wp-content\/uploads\/2017\/02\/turbo-azzurro.jpg","contentUrl":"https:\/\/www.maxima-dia.com\/wp-content\/uploads\/2017\/02\/turbo-azzurro.jpg","width":1200,"height":1200,"caption":"TURBO AZZURRO"},{"@type":"BreadcrumbList","@id":"https:\/\/www.maxima-dia.com\/de\/universelle-turbo-diamanttrennscheiben\/turbo-hellblau\/#breadcrumb","itemListElement":[{"@type":"ListItem","position":1,"name":"Home","item":"https:\/\/www.maxima-dia.com\/de\/"},{"@type":"ListItem","position":2,"name":"Universelle Turbo Diamanttrennscheiben","item":"https:\/\/www.maxima-dia.com\/de\/universelle-turbo-diamanttrennscheiben\/"},{"@type":"ListItem","position":3,"name":"Turbo Hellblau"}]},{"@type":"WebSite","@id":"https:\/\/www.maxima-dia.com\/de\/#website","url":"https:\/\/www.maxima-dia.com\/de\/","name":"Maxima SpA","description":"Only for the real professionals","potentialAction":[{"@type":"SearchAction","target":{"@type":"EntryPoint","urlTemplate":"https:\/\/www.maxima-dia.com\/de\/?s={search_term_string}"},"query-input":{"@type":"PropertyValueSpecification","valueRequired":true,"valueName":"search_term_string"}}],"inLanguage":"de"}]}},"_links":{"self":[{"href":"https:\/\/www.maxima-dia.com\/de\/wp-json\/wp\/v2\/pages\/14957"}],"collection":[{"href":"https:\/\/www.maxima-dia.com\/de\/wp-json\/wp\/v2\/pages"}],"about":[{"href":"https:\/\/www.maxima-dia.com\/de\/wp-json\/wp\/v2\/types\/page"}],"author":[{"embeddable":true,"href":"https:\/\/www.maxima-dia.com\/de\/wp-json\/wp\/v2\/users\/29"}],"replies":[{"embeddable":true,"href":"https:\/\/www.maxima-dia.com\/de\/wp-json\/wp\/v2\/comments?post=14957"}],"version-history":[{"count":0,"href":"https:\/\/www.maxima-dia.com\/de\/wp-json\/wp\/v2\/pages\/14957\/revisions"}],"up":[{"embeddable":true,"href":"https:\/\/www.maxima-dia.com\/de\/wp-json\/wp\/v2\/pages\/12435"}],"wp:featuredmedia":[{"embeddable":true,"href":"https:\/\/www.maxima-dia.com\/de\/wp-json\/wp\/v2\/media\/13915"}],"wp:attachment":[{"href":"https:\/\/www.maxima-dia.com\/de\/wp-json\/wp\/v2\/media?parent=14957"}],"curies":[{"name":"wp","href":"https:\/\/api.w.org\/{rel}","templated":true}]}}