{"id":15023,"date":"2017-03-07T12:08:46","date_gmt":"2017-03-07T11:08:46","guid":{"rendered":"http:\/\/www.maxima-dia.com\/?page_id=15023\/"},"modified":"2021-06-25T10:25:23","modified_gmt":"2021-06-25T08:25:23","slug":"grau-emergency","status":"publish","type":"page","link":"https:\/\/www.maxima-dia.com\/de\/spezifische-trennscheibe\/grau-emergency\/","title":{"rendered":"Grau Emergency"},"content":{"rendered":"<div class=\"wpb-content-wrapper\"><p>[vc_row][vc_column text_align=&#8220;center&#8220; width=&#8220;1\/4&#8243;][vc_column_text]<a href=\"\/wp-content\/uploads\/2017\/02\/grigio-emergency.jpg\"><img loading=\"lazy\" decoding=\"async\" class=\"alignnone wp-image-13847 size-thumbnail\" src=\"\/wp-content\/uploads\/2017\/02\/grigio-emergency-150x150.jpg\" alt=\"GRIGIO EMERGENCY\" width=\"150\" height=\"150\" srcset=\"https:\/\/www.maxima-dia.com\/wp-content\/uploads\/2017\/02\/grigio-emergency-150x150.jpg 150w, https:\/\/www.maxima-dia.com\/wp-content\/uploads\/2017\/02\/grigio-emergency-300x300.jpg 300w, https:\/\/www.maxima-dia.com\/wp-content\/uploads\/2017\/02\/grigio-emergency-768x768.jpg 768w, https:\/\/www.maxima-dia.com\/wp-content\/uploads\/2017\/02\/grigio-emergency-1024x1024.jpg 1024w, https:\/\/www.maxima-dia.com\/wp-content\/uploads\/2017\/02\/grigio-emergency-80x80.jpg 80w, https:\/\/www.maxima-dia.com\/wp-content\/uploads\/2017\/02\/grigio-emergency-500x500.jpg 500w, https:\/\/www.maxima-dia.com\/wp-content\/uploads\/2017\/02\/grigio-emergency-1000x1000.jpg 1000w, https:\/\/www.maxima-dia.com\/wp-content\/uploads\/2017\/02\/grigio-emergency.jpg 1200w\" sizes=\"(max-width: 150px) 100vw, 150px\" \/><\/a>[\/vc_column_text][vc_column_text css_animation=&#8220;slideInDown&#8220; el_class=&#8220;hidebuybutton&#8220;]<a href=\"https:\/\/www.storemaxima.com\/de\/spezifische-trennscheibe\/179-grau-emergency.html\" target=\"_blank\" rel=\"noopener\"><img loading=\"lazy\" decoding=\"async\" class=\"alignnone\" title=\"Kaufen Auf www.storemaxima.com\" src=\"https:\/\/www.maxima-dia.com\/wp-content\/uploads\/2019\/12\/pulsante-acquista-storemaxima.com-de.svg\" alt=\"Kaufen Auf www.storemaxima.com\" width=\"180\" height=\"80\"><\/a>[\/vc_column_text][\/vc_column][vc_column width=&#8220;3\/4&#8243;][vc_column_text]<\/p>\n<p class=\"p1\">Wie der Name schon sagt, ist Grau Emergency die Diamanttrennscheibe f\u00fcr Notfallsituationen: Sie schneidet beim Trockenschneiden alle Arten von Material mit gro\u00dfer Geschwindigkeit hat aber nur eine relativ geringe Lebensdauer. Wenn man sie auf einen Power Cutter mit Verbrennungsmotor montiert, beweist sie dank der besonderen Herstellungstechnik bei der der Diamant direkt auf der Oberfl\u00e4che des Stahlkerns fixiert wird, ihre extreme Leistungsf\u00e4higkeit und Schnittgeschwindigkeit.<br \/>\n<strong>Sie ist nicht f\u00fcr die Verwendung f\u00fcr allgemeine Bauaktivit\u00e4ten geeignet.<\/strong><\/p>\n<table class=\"tabellatecnica\" style=\"width: 80%;\" border=\"0\" cellspacing=\"0\" cellpadding=\"0\">\n<thead>\n<tr>\n<td class=\"testata\" colspan=\"2\">TECHNISCHE TABELLE<\/td>\n<\/tr>\n<\/thead>\n<tbody>\n<tr>\n<td class=\"prima\">Cured Concrete \/ Bricks \/ Roofing tiles<\/td>\n<td class=\"seconda\"><b class=\"txtred\">\u2605<\/b><b class=\"txtred\">\u2605<\/b><\/td>\n<\/tr>\n<tr>\n<td class=\"prima\">Slightly reinforced concrete<\/td>\n<td class=\"seconda\"><b class=\"txtred\">\u2605<\/b><b class=\"txtred\">\u2605<\/b>&nbsp;<\/td>\n<\/tr>\n<tr>\n<td class=\"prima\">Highly reinforced concrete<\/td>\n<td class=\"seconda\"><b class=\"txtred\">\u2605<\/b><b class=\"txtred\">\u2605<\/b>&nbsp;<\/td>\n<\/tr>\n<tr>\n<td class=\"prima\">Granite\/ Natural stone \/ Porphyries<\/td>\n<td class=\"seconda\"><b class=\"txtred\">\u2605<\/b><b class=\"txtred\">\u2605<\/b>&nbsp;<\/td>\n<\/tr>\n<tr>\n<td class=\"prima\">Marble<\/td>\n<td class=\"seconda\"><b class=\"txtred\">\u2605<\/b><b class=\"txtred\">\u2605<\/b>&nbsp;<\/td>\n<\/tr>\n<tr>\n<td class=\"prima\">Refractories<\/td>\n<td class=\"seconda\"><b class=\"txtred\">\u2605<\/b><b class=\"txtred\">\u2605<\/b><\/td>\n<\/tr>\n<tr>\n<td class=\"prima\">Plastic \/ PVC \/ Plexiglass<\/td>\n<td class=\"seconda\"><b class=\"txtred\">\u2605<\/b><b class=\"txtred\">\u2605<\/b>&nbsp;<\/td>\n<\/tr>\n<tr>\n<td class=\"prima\">Steel \/ Iron \/ Sheet<\/td>\n<td class=\"seconda\"><b class=\"txtred\">\u2605<\/b><b class=\"txtred\">\u2605<\/b>&nbsp;<\/td>\n<\/tr>\n<tr>\n<td class=\"prima\">Double \/ Single fired ceramic tiles<\/td>\n<td class=\"seconda\"><b class=\"txtred\">\u2605<\/b><b class=\"txtred\">\u2605<\/b>&nbsp;<\/td>\n<\/tr>\n<tr>\n<td class=\"prima\">Porcelain stoneware \/Klinker tiles<\/td>\n<td class=\"seconda\"><b class=\"txtred\">\u2605<\/b><b class=\"txtred\">\u2605<\/b><\/td>\n<\/tr>\n<tr>\n<td class=\"prima\">Fresh cement \/ Asphalt<\/td>\n<td class=\"seconda\"><b class=\"txtred\">\u2605<\/b><\/td>\n<\/tr>\n<tr>\n<td class=\"prima\">Wood (max. H. 2 cm)<\/td>\n<td class=\"seconda\"><b class=\"txtred\">\u2605<\/b><b class=\"txtred\">\u2605<\/b><\/td>\n<\/tr>\n<tr>\n<td class=\"intervallo\" colspan=\"2\">&nbsp;<\/td>\n<\/tr>\n<tr>\n<td class=\"prima\">Cutting speed<\/td>\n<td class=\"seconda\"><b class=\"txtred\">\u2605<\/b><b class=\"txtred\">\u2605<\/b><b class=\"txtred\">\u2605<\/b><b class=\"txtred\">\u2605<\/b><\/td>\n<\/tr>\n<tr>\n<td class=\"prima\">Average life<\/td>\n<td class=\"seconda\"><b class=\"txtred\">\u2605<\/b><\/td>\n<\/tr>\n<tr>\n<td class=\"legenda\" colspan=\"2\">sufficient<b class=\"txtred\">\u2605<\/b>&nbsp;&nbsp;&nbsp;&nbsp; average<b class=\"txtred\">\u2605<\/b><b class=\"txtred\">\u2605<\/b>&nbsp;&nbsp;&nbsp;&nbsp; good<b class=\"txtred\">\u2605<\/b><b class=\"txtred\">\u2605<\/b><b class=\"txtred\">\u2605<\/b>&nbsp;&nbsp;&nbsp;&nbsp; excellent<b class=\"txtred\">\u2605<\/b><b class=\"txtred\">\u2605<\/b><b class=\"txtred\">\u2605<\/b><b class=\"txtred\">\u2605<\/b>&nbsp;&nbsp;&nbsp;&nbsp; super<b class=\"txtred\">\u2605<\/b><b class=\"txtred\">\u2605<\/b><b class=\"txtred\">\u2605<\/b><b class=\"txtred\">\u2605<\/b><b class=\"txtred\">\u2605<\/b><\/td>\n<\/tr>\n<\/tbody>\n<\/table>\n<p>&nbsp;<\/p>\n<table class=\"tabellatecnica\" style=\"width: 80%;\" border=\"0\" cellspacing=\"0\" cellpadding=\"0\">\n<thead>\n<tr>\n<td class=\"testata\" style=\"width: 99.7998%;\">VERF\u00dcGBARE DURCHMESSER<\/td>\n<\/tr>\n<\/thead>\n<tbody>\n<tr>\n<td style=\"width: 99.7998%;\"><a href=\"\/wp-content\/uploads\/2013\/11\/s-taglio2.png\"><img loading=\"lazy\" decoding=\"async\" class=\"alignleft wp-image-7025\" src=\"\/wp-content\/uploads\/2013\/11\/s-taglio2.png\" alt=\"\" width=\"141\" height=\"65\" srcset=\"https:\/\/www.maxima-dia.com\/wp-content\/uploads\/2013\/11\/s-taglio2.png 365w, https:\/\/www.maxima-dia.com\/wp-content\/uploads\/2013\/11\/s-taglio2-300x138.png 300w\" sizes=\"(max-width: 141px) 100vw, 141px\" \/><\/a>&nbsp;300-350<\/td>\n<\/tr>\n<\/tbody>\n<\/table>\n<p>&nbsp;[\/vc_column_text][\/vc_column][\/vc_row]<\/p>\n<\/div>","protected":false},"excerpt":{"rendered":"<p>[vc_row][vc_column text_align=&#8220;center&#8220; width=&#8220;1\/4&#8243;][vc_column_text][\/vc_column_text][vc_column_text css_animation=&#8220;slideInDown&#8220; el_class=&#8220;hidebuybutton&#8220;][\/vc_column_text][\/vc_column][vc_column width=&#8220;3\/4&#8243;][vc_column_text] Wie der Name schon sagt, ist Grau Emergency die Diamanttrennscheibe f\u00fcr Notfallsituationen: Sie schneidet beim Trockenschneiden alle Arten von Material mit gro\u00dfer Geschwindigkeit hat aber nur eine relativ geringe Lebensdauer. Wenn man sie auf einen Power Cutter mit Verbrennungsmotor montiert, beweist sie dank der besonderen Herstellungstechnik bei der der Diamant direkt auf der Oberfl\u00e4che des Stahlkerns fixiert wird, ihre extreme Leistungsf\u00e4higkeit und Schnittgeschwindigkeit. Sie ist nicht f\u00fcr die Verwendung f\u00fcr allgemeine Bauaktivit\u00e4ten geeignet. TECHNISCHE TABELLE Cured Concrete \/ Bricks \/ Roofing tiles \u2605\u2605 Slightly reinforced concrete \u2605\u2605&nbsp; Highly reinforced concrete \u2605\u2605&nbsp; Granite\/ Natural stone \/ Porphyries \u2605\u2605&nbsp; Marble \u2605\u2605&nbsp; Refractories \u2605\u2605 Plastic \/ PVC \/ Plexiglass \u2605\u2605&nbsp; Steel \/ Iron \/ Sheet \u2605\u2605&nbsp; Double \/ Single fired ceramic tiles \u2605\u2605&nbsp; Porcelain stoneware \/Klinker tiles \u2605\u2605 Fresh cement \/ Asphalt \u2605 Wood (max. H. 2 cm) \u2605\u2605 &nbsp; Cutting speed \u2605\u2605\u2605\u2605 Average life \u2605 sufficient\u2605&nbsp;&nbsp;&nbsp;&nbsp; average\u2605\u2605&nbsp;&nbsp;&nbsp;&nbsp; good\u2605\u2605\u2605&nbsp;&nbsp;&nbsp;&nbsp; excellent\u2605\u2605\u2605\u2605&nbsp;&nbsp;&nbsp;&nbsp; super\u2605\u2605\u2605\u2605\u2605 &nbsp; VERF\u00dcGBARE DURCHMESSER &nbsp;300-350 &nbsp;[\/vc_column_text][\/vc_column][\/vc_row]<\/p>\n","protected":false},"author":29,"featured_media":24312,"parent":12552,"menu_order":1,"comment_status":"closed","ping_status":"closed","template":"","meta":{"ngg_post_thumbnail":0,"_joinchat":[],"footnotes":""},"class_list":["post-15023","page","type-page","status-publish","has-post-thumbnail","hentry"],"yoast_head":"<!-- This site is optimized with the Yoast SEO plugin v25.5 - https:\/\/yoast.com\/wordpress\/plugins\/seo\/ -->\n<title>Grau Emergency - Maxima SpA<\/title>\n<meta name=\"robots\" content=\"index, follow, max-snippet:-1, max-image-preview:large, max-video-preview:-1\" \/>\n<link rel=\"canonical\" href=\"https:\/\/www.maxima-dia.com\/de\/spezifische-trennscheibe\/grau-emergency\/\" \/>\n<meta property=\"og:locale\" content=\"de_DE\" \/>\n<meta property=\"og:type\" content=\"article\" \/>\n<meta property=\"og:title\" content=\"Grau Emergency - Maxima SpA\" \/>\n<meta property=\"og:description\" content=\"[vc_row][vc_column text_align=&#8220;center&#8220; width=&#8220;1\/4&#8243;][vc_column_text][\/vc_column_text][vc_column_text css_animation=&#8220;slideInDown&#8220; el_class=&#8220;hidebuybutton&#8220;][\/vc_column_text][\/vc_column][vc_column width=&#8220;3\/4&#8243;][vc_column_text] Wie der Name schon sagt, ist Grau Emergency die Diamanttrennscheibe f\u00fcr Notfallsituationen: Sie schneidet beim Trockenschneiden alle Arten von Material mit gro\u00dfer Geschwindigkeit hat aber nur eine relativ geringe Lebensdauer. Wenn man sie auf einen Power Cutter mit Verbrennungsmotor montiert, beweist sie dank der besonderen Herstellungstechnik bei der der Diamant direkt auf der Oberfl\u00e4che des Stahlkerns fixiert wird, ihre extreme Leistungsf\u00e4higkeit und Schnittgeschwindigkeit. Sie ist nicht f\u00fcr die Verwendung f\u00fcr allgemeine Bauaktivit\u00e4ten geeignet. TECHNISCHE TABELLE Cured Concrete \/ Bricks \/ Roofing tiles \u2605\u2605 Slightly reinforced concrete \u2605\u2605&nbsp; Highly reinforced concrete \u2605\u2605&nbsp; Granite\/ Natural stone \/ Porphyries \u2605\u2605&nbsp; Marble \u2605\u2605&nbsp; Refractories \u2605\u2605 Plastic \/ PVC \/ Plexiglass \u2605\u2605&nbsp; Steel \/ Iron \/ Sheet \u2605\u2605&nbsp; Double \/ Single fired ceramic tiles \u2605\u2605&nbsp; Porcelain stoneware \/Klinker tiles \u2605\u2605 Fresh cement \/ Asphalt \u2605 Wood (max. H. 2 cm) \u2605\u2605 &nbsp; Cutting speed \u2605\u2605\u2605\u2605 Average life \u2605 sufficient\u2605&nbsp;&nbsp;&nbsp;&nbsp; average\u2605\u2605&nbsp;&nbsp;&nbsp;&nbsp; good\u2605\u2605\u2605&nbsp;&nbsp;&nbsp;&nbsp; excellent\u2605\u2605\u2605\u2605&nbsp;&nbsp;&nbsp;&nbsp; super\u2605\u2605\u2605\u2605\u2605 &nbsp; VERF\u00dcGBARE DURCHMESSER &nbsp;300-350 &nbsp;[\/vc_column_text][\/vc_column][\/vc_row]\" \/>\n<meta property=\"og:url\" content=\"https:\/\/www.maxima-dia.com\/de\/spezifische-trennscheibe\/grau-emergency\/\" \/>\n<meta property=\"og:site_name\" content=\"Maxima SpA\" \/>\n<meta property=\"article:publisher\" content=\"https:\/\/www.facebook.com\/Maxima-spa-106098566139597\" \/>\n<meta property=\"article:modified_time\" content=\"2021-06-25T08:25:23+00:00\" \/>\n<meta property=\"og:image\" content=\"https:\/\/www.maxima-dia.com\/wp-content\/uploads\/2017\/02\/grigio-emergency.jpg\" \/>\n\t<meta property=\"og:image:width\" content=\"1200\" \/>\n\t<meta property=\"og:image:height\" content=\"1200\" \/>\n\t<meta property=\"og:image:type\" content=\"image\/jpeg\" \/>\n<meta name=\"twitter:card\" content=\"summary_large_image\" \/>\n<meta name=\"twitter:site\" content=\"@Maximadia\" \/>\n<meta name=\"twitter:label1\" content=\"Gesch\u00e4tzte Lesezeit\" \/>\n\t<meta name=\"twitter:data1\" content=\"10\u00a0Minuten\" \/>\n<script type=\"application\/ld+json\" class=\"yoast-schema-graph\">{\"@context\":\"https:\/\/schema.org\",\"@graph\":[{\"@type\":\"WebPage\",\"@id\":\"https:\/\/www.maxima-dia.com\/de\/spezifische-trennscheibe\/grau-emergency\/\",\"url\":\"https:\/\/www.maxima-dia.com\/de\/spezifische-trennscheibe\/grau-emergency\/\",\"name\":\"Grau Emergency - Maxima SpA\",\"isPartOf\":{\"@id\":\"https:\/\/www.maxima-dia.com\/de\/#website\"},\"primaryImageOfPage\":{\"@id\":\"https:\/\/www.maxima-dia.com\/de\/spezifische-trennscheibe\/grau-emergency\/#primaryimage\"},\"image\":{\"@id\":\"https:\/\/www.maxima-dia.com\/de\/spezifische-trennscheibe\/grau-emergency\/#primaryimage\"},\"thumbnailUrl\":\"https:\/\/www.maxima-dia.com\/wp-content\/uploads\/2017\/02\/grigio-emergency.jpg\",\"datePublished\":\"2017-03-07T11:08:46+00:00\",\"dateModified\":\"2021-06-25T08:25:23+00:00\",\"breadcrumb\":{\"@id\":\"https:\/\/www.maxima-dia.com\/de\/spezifische-trennscheibe\/grau-emergency\/#breadcrumb\"},\"inLanguage\":\"de\",\"potentialAction\":[{\"@type\":\"ReadAction\",\"target\":[\"https:\/\/www.maxima-dia.com\/de\/spezifische-trennscheibe\/grau-emergency\/\"]}]},{\"@type\":\"ImageObject\",\"inLanguage\":\"de\",\"@id\":\"https:\/\/www.maxima-dia.com\/de\/spezifische-trennscheibe\/grau-emergency\/#primaryimage\",\"url\":\"https:\/\/www.maxima-dia.com\/wp-content\/uploads\/2017\/02\/grigio-emergency.jpg\",\"contentUrl\":\"https:\/\/www.maxima-dia.com\/wp-content\/uploads\/2017\/02\/grigio-emergency.jpg\",\"width\":1200,\"height\":1200},{\"@type\":\"BreadcrumbList\",\"@id\":\"https:\/\/www.maxima-dia.com\/de\/spezifische-trennscheibe\/grau-emergency\/#breadcrumb\",\"itemListElement\":[{\"@type\":\"ListItem\",\"position\":1,\"name\":\"Home\",\"item\":\"https:\/\/www.maxima-dia.com\/de\/\"},{\"@type\":\"ListItem\",\"position\":2,\"name\":\"Spezifische Trennscheibe\",\"item\":\"https:\/\/www.maxima-dia.com\/de\/spezifische-trennscheibe\/\"},{\"@type\":\"ListItem\",\"position\":3,\"name\":\"Grau Emergency\"}]},{\"@type\":\"WebSite\",\"@id\":\"https:\/\/www.maxima-dia.com\/de\/#website\",\"url\":\"https:\/\/www.maxima-dia.com\/de\/\",\"name\":\"Maxima SpA\",\"description\":\"Only for the real professionals\",\"potentialAction\":[{\"@type\":\"SearchAction\",\"target\":{\"@type\":\"EntryPoint\",\"urlTemplate\":\"https:\/\/www.maxima-dia.com\/de\/?s={search_term_string}\"},\"query-input\":{\"@type\":\"PropertyValueSpecification\",\"valueRequired\":true,\"valueName\":\"search_term_string\"}}],\"inLanguage\":\"de\"}]}<\/script>\n<!-- \/ Yoast SEO plugin. -->","yoast_head_json":{"title":"Grau Emergency - Maxima SpA","robots":{"index":"index","follow":"follow","max-snippet":"max-snippet:-1","max-image-preview":"max-image-preview:large","max-video-preview":"max-video-preview:-1"},"canonical":"https:\/\/www.maxima-dia.com\/de\/spezifische-trennscheibe\/grau-emergency\/","og_locale":"de_DE","og_type":"article","og_title":"Grau Emergency - Maxima SpA","og_description":"[vc_row][vc_column text_align=&#8220;center&#8220; width=&#8220;1\/4&#8243;][vc_column_text][\/vc_column_text][vc_column_text css_animation=&#8220;slideInDown&#8220; el_class=&#8220;hidebuybutton&#8220;][\/vc_column_text][\/vc_column][vc_column width=&#8220;3\/4&#8243;][vc_column_text] Wie der Name schon sagt, ist Grau Emergency die Diamanttrennscheibe f\u00fcr Notfallsituationen: Sie schneidet beim Trockenschneiden alle Arten von Material mit gro\u00dfer Geschwindigkeit hat aber nur eine relativ geringe Lebensdauer. Wenn man sie auf einen Power Cutter mit Verbrennungsmotor montiert, beweist sie dank der besonderen Herstellungstechnik bei der der Diamant direkt auf der Oberfl\u00e4che des Stahlkerns fixiert wird, ihre extreme Leistungsf\u00e4higkeit und Schnittgeschwindigkeit. Sie ist nicht f\u00fcr die Verwendung f\u00fcr allgemeine Bauaktivit\u00e4ten geeignet. TECHNISCHE TABELLE Cured Concrete \/ Bricks \/ Roofing tiles \u2605\u2605 Slightly reinforced concrete \u2605\u2605&nbsp; Highly reinforced concrete \u2605\u2605&nbsp; Granite\/ Natural stone \/ Porphyries \u2605\u2605&nbsp; Marble \u2605\u2605&nbsp; Refractories \u2605\u2605 Plastic \/ PVC \/ Plexiglass \u2605\u2605&nbsp; Steel \/ Iron \/ Sheet \u2605\u2605&nbsp; Double \/ Single fired ceramic tiles \u2605\u2605&nbsp; Porcelain stoneware \/Klinker tiles \u2605\u2605 Fresh cement \/ Asphalt \u2605 Wood (max. H. 2 cm) \u2605\u2605 &nbsp; Cutting speed \u2605\u2605\u2605\u2605 Average life \u2605 sufficient\u2605&nbsp;&nbsp;&nbsp;&nbsp; average\u2605\u2605&nbsp;&nbsp;&nbsp;&nbsp; good\u2605\u2605\u2605&nbsp;&nbsp;&nbsp;&nbsp; excellent\u2605\u2605\u2605\u2605&nbsp;&nbsp;&nbsp;&nbsp; super\u2605\u2605\u2605\u2605\u2605 &nbsp; VERF\u00dcGBARE DURCHMESSER &nbsp;300-350 &nbsp;[\/vc_column_text][\/vc_column][\/vc_row]","og_url":"https:\/\/www.maxima-dia.com\/de\/spezifische-trennscheibe\/grau-emergency\/","og_site_name":"Maxima SpA","article_publisher":"https:\/\/www.facebook.com\/Maxima-spa-106098566139597","article_modified_time":"2021-06-25T08:25:23+00:00","og_image":[{"width":1200,"height":1200,"url":"https:\/\/www.maxima-dia.com\/wp-content\/uploads\/2017\/02\/grigio-emergency.jpg","type":"image\/jpeg"}],"twitter_card":"summary_large_image","twitter_site":"@Maximadia","twitter_misc":{"Gesch\u00e4tzte Lesezeit":"10\u00a0Minuten"},"schema":{"@context":"https:\/\/schema.org","@graph":[{"@type":"WebPage","@id":"https:\/\/www.maxima-dia.com\/de\/spezifische-trennscheibe\/grau-emergency\/","url":"https:\/\/www.maxima-dia.com\/de\/spezifische-trennscheibe\/grau-emergency\/","name":"Grau Emergency - Maxima SpA","isPartOf":{"@id":"https:\/\/www.maxima-dia.com\/de\/#website"},"primaryImageOfPage":{"@id":"https:\/\/www.maxima-dia.com\/de\/spezifische-trennscheibe\/grau-emergency\/#primaryimage"},"image":{"@id":"https:\/\/www.maxima-dia.com\/de\/spezifische-trennscheibe\/grau-emergency\/#primaryimage"},"thumbnailUrl":"https:\/\/www.maxima-dia.com\/wp-content\/uploads\/2017\/02\/grigio-emergency.jpg","datePublished":"2017-03-07T11:08:46+00:00","dateModified":"2021-06-25T08:25:23+00:00","breadcrumb":{"@id":"https:\/\/www.maxima-dia.com\/de\/spezifische-trennscheibe\/grau-emergency\/#breadcrumb"},"inLanguage":"de","potentialAction":[{"@type":"ReadAction","target":["https:\/\/www.maxima-dia.com\/de\/spezifische-trennscheibe\/grau-emergency\/"]}]},{"@type":"ImageObject","inLanguage":"de","@id":"https:\/\/www.maxima-dia.com\/de\/spezifische-trennscheibe\/grau-emergency\/#primaryimage","url":"https:\/\/www.maxima-dia.com\/wp-content\/uploads\/2017\/02\/grigio-emergency.jpg","contentUrl":"https:\/\/www.maxima-dia.com\/wp-content\/uploads\/2017\/02\/grigio-emergency.jpg","width":1200,"height":1200},{"@type":"BreadcrumbList","@id":"https:\/\/www.maxima-dia.com\/de\/spezifische-trennscheibe\/grau-emergency\/#breadcrumb","itemListElement":[{"@type":"ListItem","position":1,"name":"Home","item":"https:\/\/www.maxima-dia.com\/de\/"},{"@type":"ListItem","position":2,"name":"Spezifische Trennscheibe","item":"https:\/\/www.maxima-dia.com\/de\/spezifische-trennscheibe\/"},{"@type":"ListItem","position":3,"name":"Grau Emergency"}]},{"@type":"WebSite","@id":"https:\/\/www.maxima-dia.com\/de\/#website","url":"https:\/\/www.maxima-dia.com\/de\/","name":"Maxima SpA","description":"Only for the real professionals","potentialAction":[{"@type":"SearchAction","target":{"@type":"EntryPoint","urlTemplate":"https:\/\/www.maxima-dia.com\/de\/?s={search_term_string}"},"query-input":{"@type":"PropertyValueSpecification","valueRequired":true,"valueName":"search_term_string"}}],"inLanguage":"de"}]}},"_links":{"self":[{"href":"https:\/\/www.maxima-dia.com\/de\/wp-json\/wp\/v2\/pages\/15023"}],"collection":[{"href":"https:\/\/www.maxima-dia.com\/de\/wp-json\/wp\/v2\/pages"}],"about":[{"href":"https:\/\/www.maxima-dia.com\/de\/wp-json\/wp\/v2\/types\/page"}],"author":[{"embeddable":true,"href":"https:\/\/www.maxima-dia.com\/de\/wp-json\/wp\/v2\/users\/29"}],"replies":[{"embeddable":true,"href":"https:\/\/www.maxima-dia.com\/de\/wp-json\/wp\/v2\/comments?post=15023"}],"version-history":[{"count":0,"href":"https:\/\/www.maxima-dia.com\/de\/wp-json\/wp\/v2\/pages\/15023\/revisions"}],"up":[{"embeddable":true,"href":"https:\/\/www.maxima-dia.com\/de\/wp-json\/wp\/v2\/pages\/12552"}],"wp:featuredmedia":[{"embeddable":true,"href":"https:\/\/www.maxima-dia.com\/de\/wp-json\/wp\/v2\/media\/24312"}],"wp:attachment":[{"href":"https:\/\/www.maxima-dia.com\/de\/wp-json\/wp\/v2\/media?parent=15023"}],"curies":[{"name":"wp","href":"https:\/\/api.w.org\/{rel}","templated":true}]}}