{"id":15123,"date":"2017-03-08T10:59:11","date_gmt":"2017-03-08T09:59:11","guid":{"rendered":"http:\/\/www.maxima-dia.com\/?page_id=15123\/"},"modified":"2021-07-12T10:28:02","modified_gmt":"2021-07-12T08:28:02","slug":"motomax-350","status":"publish","type":"page","link":"https:\/\/www.maxima-dia.com\/de\/diamant-trennmaschine\/motomax-350\/","title":{"rendered":"Motomax 350"},"content":{"rendered":"<div class=\"wpb-content-wrapper\"><p>[vc_row][vc_column text_align=&#8220;center&#8220; width=&#8220;1\/4&#8243;][vc_column_text]<a href=\"\/wp-content\/uploads\/2017\/02\/motomax-350.jpg\"><img loading=\"lazy\" decoding=\"async\" class=\"alignnone wp-image-13892 size-thumbnail\" src=\"\/wp-content\/uploads\/2017\/02\/motomax-350-150x150.jpg\" alt=\"MOTOMAX 350\" width=\"150\" height=\"150\" srcset=\"https:\/\/www.maxima-dia.com\/wp-content\/uploads\/2017\/02\/motomax-350-150x150.jpg 150w, https:\/\/www.maxima-dia.com\/wp-content\/uploads\/2017\/02\/motomax-350-300x300.jpg 300w, https:\/\/www.maxima-dia.com\/wp-content\/uploads\/2017\/02\/motomax-350-768x768.jpg 768w, https:\/\/www.maxima-dia.com\/wp-content\/uploads\/2017\/02\/motomax-350-1024x1024.jpg 1024w, https:\/\/www.maxima-dia.com\/wp-content\/uploads\/2017\/02\/motomax-350-80x80.jpg 80w, https:\/\/www.maxima-dia.com\/wp-content\/uploads\/2017\/02\/motomax-350-500x500.jpg 500w, https:\/\/www.maxima-dia.com\/wp-content\/uploads\/2017\/02\/motomax-350-1000x1000.jpg 1000w, https:\/\/www.maxima-dia.com\/wp-content\/uploads\/2017\/02\/motomax-350.jpg 1200w\" sizes=\"(max-width: 150px) 100vw, 150px\" \/><\/a><\/p>\n<p>made in EU&nbsp;<img loading=\"lazy\" decoding=\"async\" src=\"\/wp-content\/uploads\/2013\/11\/eu.png\" alt=\"eu\" width=\"24\" height=\"16\"> &#8211; Zertifikat <span style=\"font-family: arial,helvetica,sans-serif;\">CE<\/span>[\/vc_column_text][vc_column_text css_animation=&#8220;slideInDown&#8220; el_class=&#8220;hidebuybutton&#8220;]<a href=\"https:\/\/www.storemaxima.com\/de\/diamant-trennmaschine\/205-motomax-350.html\" target=\"_blank\" rel=\"noopener\"><img loading=\"lazy\" decoding=\"async\" class=\"alignnone\" title=\"Kaufen Auf www.storemaxima.com\" src=\"https:\/\/www.maxima-dia.com\/wp-content\/uploads\/2019\/12\/pulsante-acquista-storemaxima.com-de.svg\" alt=\"Kaufen Auf www.storemaxima.com\" width=\"180\" height=\"80\"><\/a>[\/vc_column_text][\/vc_column][vc_column width=&#8220;3\/4&#8243;][vc_column_text]Der Trennschleifer mit Verbrennungsmotor <strong>Motomax 350<\/strong> hat einen leistungsstarken Zwei-Takt-Motor mit 5.5 PS und 9.500 RPM und mit dem patentierten EasyLube-System\u2122 um dem Kraftstoff elektronisch \u00d6l beizumischen, so dass Mischfehler und die damit verbundenen Konsequenzen vermieden werden k\u00f6nnen. Die Maschine hat auch einen Filtersch\u00fcttler. Die Einschaltung ist dank der elektronischen Einspritzanlage und durch die Abwesenheit eines manuell zu bedienenden Ventils extrem einfach. Es besteht die M\u00f6glichkeit Trennscheiben mit 350 mm\/Bohrloch 25,4 f\u00fcr das Schneiden von Beton, Stahlbeton, Asphalt, Stein und anderen Baustoffen zu montieren.<\/p>\n<table class=\"tabellafotocarotaggio\" style=\"width: 100%;\">\n<tbody>\n<tr>\n<td style=\"width: 50%; text-align: center;\"><a href=\"\/wp-content\/uploads\/2017\/02\/motomax-350-f1.jpg\"><img loading=\"lazy\" decoding=\"async\" class=\"alignnone wp-image-13890 size-thumbnail\" src=\"\/wp-content\/uploads\/2017\/02\/motomax-350-f1-150x150.jpg\" alt=\"\" width=\"150\" height=\"150\" srcset=\"https:\/\/www.maxima-dia.com\/wp-content\/uploads\/2017\/02\/motomax-350-f1-150x150.jpg 150w, https:\/\/www.maxima-dia.com\/wp-content\/uploads\/2017\/02\/motomax-350-f1-80x80.jpg 80w, https:\/\/www.maxima-dia.com\/wp-content\/uploads\/2017\/02\/motomax-350-f1-500x500.jpg 500w, https:\/\/www.maxima-dia.com\/wp-content\/uploads\/2017\/02\/motomax-350-f1-1000x1000.jpg 1000w\" sizes=\"(max-width: 150px) 100vw, 150px\" \/><\/a><\/td>\n<td style=\"width: 50%; text-align: center;\"><a href=\"\/wp-content\/uploads\/2017\/02\/motomax-350-f2.jpg\"><img loading=\"lazy\" decoding=\"async\" class=\"alignnone wp-image-13891 size-thumbnail\" src=\"\/wp-content\/uploads\/2017\/02\/motomax-350-f2-150x150.jpg\" alt=\"\" width=\"150\" height=\"150\" srcset=\"https:\/\/www.maxima-dia.com\/wp-content\/uploads\/2017\/02\/motomax-350-f2-150x150.jpg 150w, https:\/\/www.maxima-dia.com\/wp-content\/uploads\/2017\/02\/motomax-350-f2-80x80.jpg 80w, https:\/\/www.maxima-dia.com\/wp-content\/uploads\/2017\/02\/motomax-350-f2-500x500.jpg 500w, https:\/\/www.maxima-dia.com\/wp-content\/uploads\/2017\/02\/motomax-350-f2-1000x1000.jpg 1000w\" sizes=\"(max-width: 150px) 100vw, 150px\" \/><\/a><\/td>\n<\/tr>\n<\/tbody>\n<\/table>\n<p>&nbsp;<\/p>\n<p><strong>Eigenschaften:<\/strong><\/p>\n<ul>\n<li>Patentiertes EasyLube-System\u2122 zur automatischen Herstellung des richtigen Mischverh\u00e4ltnisses zwischen \u00d6l und Treibstoff f\u00fcr maximale Effizienz und zur Vermeidung von Folgesch\u00e4den<\/li>\n<li>Einfache Einund Ausschaltung<\/li>\n<li>Ausgezeichnete Gewichtsverteilung&nbsp;<\/li>\n<li>Robustheit&nbsp;<\/li>\n<li>Geringer Wartungsaufwand&nbsp;<\/li>\n<li>Niedrige Vibrationen, geringe Staubproduktion und niedrige Emissionen&nbsp;<\/li>\n<li>Geh\u00e4use und Trennscheibe sind rotierbar um wandb\u00fcndige Schnitte durchzuf\u00fchren<\/li>\n<\/ul>\n<table class=\"tabellatecnica\" style=\"width: 100%; height: 168px;\" border=\"0\" cellspacing=\"0\" cellpadding=\"0\">\n<thead>\n<tr style=\"height: 24px;\">\n<td class=\"testata\" style=\"height: 24px;\" colspan=\"2\">TECHNISCHE EIGENSCHAFTEN<\/td>\n<\/tr>\n<\/thead>\n<tbody>\n<tr style=\"height: 24px;\">\n<td class=\"coltesto1\" style=\"width: 50%; height: 24px;\">Motor: Einzylinder-2-Takt-Motor81 cm 3 Reinigung \u00fcber 4 Kan\u00e4le, automatische Patentierte Mischanlage&nbsp; EasyLube-System\u2122<\/td>\n<td class=\"coltesto2\" style=\"width: 50%; height: 24px;\">Luftfilter: Papier<\/td>\n<\/tr>\n<tr style=\"height: 24px;\">\n<td class=\"coltesto1\" style=\"width: 50%; height: 24px;\">Maximale Leistung pro Drehzahl: 5,5 CV\/9.500 rpm<\/td>\n<td class=\"coltesto2\" style=\"width: 50%; height: 24px;\">Durchmesser Trennscheibe: 350 mm &#8211; Bohrloch 25,4 mm<\/td>\n<\/tr>\n<tr style=\"height: 24px;\">\n<td class=\"coltesto1\" style=\"width: 50%; height: 24px;\">Maximale Drehzahl bei Leerlauf: 9.500 + 200 rpm<\/td>\n<td class=\"coltesto2\" style=\"width: 50%; height: 24px;\">Maximale Schnitttiefe: 125 mm<\/td>\n<\/tr>\n<tr style=\"height: 24px;\">\n<td class=\"coltesto2\" style=\"width: 50%; height: 24px;\">Fassungsverm\u00f6gen des Treibstofftanks: 0,9 l<\/td>\n<td class=\"coltesto2\" style=\"width: 50%; height: 24px;\">Abmessungen (L x B x L) 430 x 267 x 775 mm<\/td>\n<\/tr>\n<tr style=\"height: 24px;\">\n<td class=\"coltesto2\" style=\"width: 50%; height: 24px;\">Fassungsverm\u00f6gen des \u00d6ltanks: 0,32 l<\/td>\n<td class=\"coltesto2\" style=\"width: 50%; height: 24px;\">Gewicht: 10,5 Kg<\/td>\n<\/tr>\n<\/tbody>\n<\/table>\n<div id=\"gtx-trans\" style=\"position: absolute; left: 822px; top: 753px;\">\n<div class=\"gtx-trans-icon\">&nbsp;<\/div>\n<\/div>\n<p>[\/vc_column_text][\/vc_column][\/vc_row]<\/p>\n<\/div>","protected":false},"excerpt":{"rendered":"<p>[vc_row][vc_column text_align=&#8220;center&#8220; width=&#8220;1\/4&#8243;][vc_column_text] made in EU&nbsp; &#8211; Zertifikat CE[\/vc_column_text][vc_column_text css_animation=&#8220;slideInDown&#8220; el_class=&#8220;hidebuybutton&#8220;][\/vc_column_text][\/vc_column][vc_column width=&#8220;3\/4&#8243;][vc_column_text]Der Trennschleifer mit Verbrennungsmotor Motomax 350 hat einen leistungsstarken Zwei-Takt-Motor mit 5.5 PS und 9.500 RPM und mit dem patentierten EasyLube-System\u2122 um dem Kraftstoff elektronisch \u00d6l beizumischen, so dass Mischfehler und die damit verbundenen Konsequenzen vermieden werden k\u00f6nnen. Die Maschine hat auch einen Filtersch\u00fcttler. Die Einschaltung ist dank der elektronischen Einspritzanlage und durch die Abwesenheit eines manuell zu bedienenden Ventils extrem einfach. Es besteht die M\u00f6glichkeit Trennscheiben mit 350 mm\/Bohrloch 25,4 f\u00fcr das Schneiden von Beton, Stahlbeton, Asphalt, Stein und anderen Baustoffen zu montieren. &nbsp; Eigenschaften: Patentiertes EasyLube-System\u2122 zur automatischen Herstellung des richtigen Mischverh\u00e4ltnisses zwischen \u00d6l und Treibstoff f\u00fcr maximale Effizienz und zur Vermeidung von Folgesch\u00e4den Einfache Einund Ausschaltung Ausgezeichnete Gewichtsverteilung&nbsp; Robustheit&nbsp; Geringer Wartungsaufwand&nbsp; Niedrige Vibrationen, geringe Staubproduktion und niedrige Emissionen&nbsp; Geh\u00e4use und Trennscheibe sind rotierbar um wandb\u00fcndige Schnitte durchzuf\u00fchren TECHNISCHE EIGENSCHAFTEN Motor: Einzylinder-2-Takt-Motor81 cm 3 Reinigung \u00fcber 4 Kan\u00e4le, automatische Patentierte Mischanlage&nbsp; EasyLube-System\u2122 Luftfilter: Papier Maximale Leistung pro Drehzahl: 5,5 CV\/9.500 rpm Durchmesser Trennscheibe: 350 mm &#8211; Bohrloch 25,4 mm Maximale Drehzahl bei Leerlauf: 9.500 + 200 rpm Maximale Schnitttiefe: 125 mm Fassungsverm\u00f6gen des Treibstofftanks: 0,9 l Abmessungen (L x B x L) 430 x 267 x 775 [&hellip;]<\/p>\n","protected":false},"author":29,"featured_media":13892,"parent":12476,"menu_order":8,"comment_status":"closed","ping_status":"closed","template":"","meta":{"ngg_post_thumbnail":0,"_joinchat":[],"footnotes":""},"class_list":["post-15123","page","type-page","status-publish","has-post-thumbnail","hentry"],"yoast_head":"<!-- This site is optimized with the Yoast SEO plugin v25.5 - https:\/\/yoast.com\/wordpress\/plugins\/seo\/ -->\n<title>Motomax 350 - Maxima SpA<\/title>\n<meta name=\"robots\" content=\"index, follow, max-snippet:-1, max-image-preview:large, max-video-preview:-1\" \/>\n<link rel=\"canonical\" href=\"https:\/\/www.maxima-dia.com\/de\/diamant-trennmaschine\/motomax-350\/\" \/>\n<meta property=\"og:locale\" content=\"de_DE\" \/>\n<meta property=\"og:type\" content=\"article\" \/>\n<meta property=\"og:title\" content=\"Motomax 350 - Maxima SpA\" \/>\n<meta property=\"og:description\" content=\"[vc_row][vc_column text_align=&#8220;center&#8220; width=&#8220;1\/4&#8243;][vc_column_text] made in EU&nbsp; &#8211; Zertifikat CE[\/vc_column_text][vc_column_text css_animation=&#8220;slideInDown&#8220; el_class=&#8220;hidebuybutton&#8220;][\/vc_column_text][\/vc_column][vc_column width=&#8220;3\/4&#8243;][vc_column_text]Der Trennschleifer mit Verbrennungsmotor Motomax 350 hat einen leistungsstarken Zwei-Takt-Motor mit 5.5 PS und 9.500 RPM und mit dem patentierten EasyLube-System\u2122 um dem Kraftstoff elektronisch \u00d6l beizumischen, so dass Mischfehler und die damit verbundenen Konsequenzen vermieden werden k\u00f6nnen. Die Maschine hat auch einen Filtersch\u00fcttler. Die Einschaltung ist dank der elektronischen Einspritzanlage und durch die Abwesenheit eines manuell zu bedienenden Ventils extrem einfach. Es besteht die M\u00f6glichkeit Trennscheiben mit 350 mm\/Bohrloch 25,4 f\u00fcr das Schneiden von Beton, Stahlbeton, Asphalt, Stein und anderen Baustoffen zu montieren. &nbsp; Eigenschaften: Patentiertes EasyLube-System\u2122 zur automatischen Herstellung des richtigen Mischverh\u00e4ltnisses zwischen \u00d6l und Treibstoff f\u00fcr maximale Effizienz und zur Vermeidung von Folgesch\u00e4den Einfache Einund Ausschaltung Ausgezeichnete Gewichtsverteilung&nbsp; Robustheit&nbsp; Geringer Wartungsaufwand&nbsp; Niedrige Vibrationen, geringe Staubproduktion und niedrige Emissionen&nbsp; Geh\u00e4use und Trennscheibe sind rotierbar um wandb\u00fcndige Schnitte durchzuf\u00fchren TECHNISCHE EIGENSCHAFTEN Motor: Einzylinder-2-Takt-Motor81 cm 3 Reinigung \u00fcber 4 Kan\u00e4le, automatische Patentierte Mischanlage&nbsp; EasyLube-System\u2122 Luftfilter: Papier Maximale Leistung pro Drehzahl: 5,5 CV\/9.500 rpm Durchmesser Trennscheibe: 350 mm &#8211; Bohrloch 25,4 mm Maximale Drehzahl bei Leerlauf: 9.500 + 200 rpm Maximale Schnitttiefe: 125 mm Fassungsverm\u00f6gen des Treibstofftanks: 0,9 l Abmessungen (L x B x L) 430 x 267 x 775 [&hellip;]\" \/>\n<meta property=\"og:url\" content=\"https:\/\/www.maxima-dia.com\/de\/diamant-trennmaschine\/motomax-350\/\" \/>\n<meta property=\"og:site_name\" content=\"Maxima SpA\" \/>\n<meta property=\"article:publisher\" content=\"https:\/\/www.facebook.com\/Maxima-spa-106098566139597\" \/>\n<meta property=\"article:modified_time\" content=\"2021-07-12T08:28:02+00:00\" \/>\n<meta property=\"og:image\" content=\"https:\/\/www.maxima-dia.com\/wp-content\/uploads\/2017\/02\/motomax-350.jpg\" \/>\n\t<meta property=\"og:image:width\" content=\"1200\" \/>\n\t<meta property=\"og:image:height\" content=\"1200\" \/>\n\t<meta property=\"og:image:type\" content=\"image\/jpeg\" \/>\n<meta name=\"twitter:card\" content=\"summary_large_image\" \/>\n<meta name=\"twitter:site\" content=\"@Maximadia\" \/>\n<meta name=\"twitter:label1\" content=\"Gesch\u00e4tzte Lesezeit\" \/>\n\t<meta name=\"twitter:data1\" content=\"2\u00a0Minuten\" \/>\n<script type=\"application\/ld+json\" class=\"yoast-schema-graph\">{\"@context\":\"https:\/\/schema.org\",\"@graph\":[{\"@type\":\"WebPage\",\"@id\":\"https:\/\/www.maxima-dia.com\/de\/diamant-trennmaschine\/motomax-350\/\",\"url\":\"https:\/\/www.maxima-dia.com\/de\/diamant-trennmaschine\/motomax-350\/\",\"name\":\"Motomax 350 - Maxima SpA\",\"isPartOf\":{\"@id\":\"https:\/\/www.maxima-dia.com\/de\/#website\"},\"primaryImageOfPage\":{\"@id\":\"https:\/\/www.maxima-dia.com\/de\/diamant-trennmaschine\/motomax-350\/#primaryimage\"},\"image\":{\"@id\":\"https:\/\/www.maxima-dia.com\/de\/diamant-trennmaschine\/motomax-350\/#primaryimage\"},\"thumbnailUrl\":\"https:\/\/www.maxima-dia.com\/wp-content\/uploads\/2017\/02\/motomax-350.jpg\",\"datePublished\":\"2017-03-08T09:59:11+00:00\",\"dateModified\":\"2021-07-12T08:28:02+00:00\",\"breadcrumb\":{\"@id\":\"https:\/\/www.maxima-dia.com\/de\/diamant-trennmaschine\/motomax-350\/#breadcrumb\"},\"inLanguage\":\"de\",\"potentialAction\":[{\"@type\":\"ReadAction\",\"target\":[\"https:\/\/www.maxima-dia.com\/de\/diamant-trennmaschine\/motomax-350\/\"]}]},{\"@type\":\"ImageObject\",\"inLanguage\":\"de\",\"@id\":\"https:\/\/www.maxima-dia.com\/de\/diamant-trennmaschine\/motomax-350\/#primaryimage\",\"url\":\"https:\/\/www.maxima-dia.com\/wp-content\/uploads\/2017\/02\/motomax-350.jpg\",\"contentUrl\":\"https:\/\/www.maxima-dia.com\/wp-content\/uploads\/2017\/02\/motomax-350.jpg\",\"width\":1200,\"height\":1200,\"caption\":\"MOTOMAX 350\"},{\"@type\":\"BreadcrumbList\",\"@id\":\"https:\/\/www.maxima-dia.com\/de\/diamant-trennmaschine\/motomax-350\/#breadcrumb\",\"itemListElement\":[{\"@type\":\"ListItem\",\"position\":1,\"name\":\"Home\",\"item\":\"https:\/\/www.maxima-dia.com\/de\/\"},{\"@type\":\"ListItem\",\"position\":2,\"name\":\"Diamant-Trennmaschine\",\"item\":\"https:\/\/www.maxima-dia.com\/de\/diamant-trennmaschine\/\"},{\"@type\":\"ListItem\",\"position\":3,\"name\":\"Motomax 350\"}]},{\"@type\":\"WebSite\",\"@id\":\"https:\/\/www.maxima-dia.com\/de\/#website\",\"url\":\"https:\/\/www.maxima-dia.com\/de\/\",\"name\":\"Maxima SpA\",\"description\":\"Only for the real professionals\",\"potentialAction\":[{\"@type\":\"SearchAction\",\"target\":{\"@type\":\"EntryPoint\",\"urlTemplate\":\"https:\/\/www.maxima-dia.com\/de\/?s={search_term_string}\"},\"query-input\":{\"@type\":\"PropertyValueSpecification\",\"valueRequired\":true,\"valueName\":\"search_term_string\"}}],\"inLanguage\":\"de\"}]}<\/script>\n<!-- \/ Yoast SEO plugin. -->","yoast_head_json":{"title":"Motomax 350 - Maxima SpA","robots":{"index":"index","follow":"follow","max-snippet":"max-snippet:-1","max-image-preview":"max-image-preview:large","max-video-preview":"max-video-preview:-1"},"canonical":"https:\/\/www.maxima-dia.com\/de\/diamant-trennmaschine\/motomax-350\/","og_locale":"de_DE","og_type":"article","og_title":"Motomax 350 - Maxima SpA","og_description":"[vc_row][vc_column text_align=&#8220;center&#8220; width=&#8220;1\/4&#8243;][vc_column_text] made in EU&nbsp; &#8211; Zertifikat CE[\/vc_column_text][vc_column_text css_animation=&#8220;slideInDown&#8220; el_class=&#8220;hidebuybutton&#8220;][\/vc_column_text][\/vc_column][vc_column width=&#8220;3\/4&#8243;][vc_column_text]Der Trennschleifer mit Verbrennungsmotor Motomax 350 hat einen leistungsstarken Zwei-Takt-Motor mit 5.5 PS und 9.500 RPM und mit dem patentierten EasyLube-System\u2122 um dem Kraftstoff elektronisch \u00d6l beizumischen, so dass Mischfehler und die damit verbundenen Konsequenzen vermieden werden k\u00f6nnen. Die Maschine hat auch einen Filtersch\u00fcttler. Die Einschaltung ist dank der elektronischen Einspritzanlage und durch die Abwesenheit eines manuell zu bedienenden Ventils extrem einfach. Es besteht die M\u00f6glichkeit Trennscheiben mit 350 mm\/Bohrloch 25,4 f\u00fcr das Schneiden von Beton, Stahlbeton, Asphalt, Stein und anderen Baustoffen zu montieren. &nbsp; Eigenschaften: Patentiertes EasyLube-System\u2122 zur automatischen Herstellung des richtigen Mischverh\u00e4ltnisses zwischen \u00d6l und Treibstoff f\u00fcr maximale Effizienz und zur Vermeidung von Folgesch\u00e4den Einfache Einund Ausschaltung Ausgezeichnete Gewichtsverteilung&nbsp; Robustheit&nbsp; Geringer Wartungsaufwand&nbsp; Niedrige Vibrationen, geringe Staubproduktion und niedrige Emissionen&nbsp; Geh\u00e4use und Trennscheibe sind rotierbar um wandb\u00fcndige Schnitte durchzuf\u00fchren TECHNISCHE EIGENSCHAFTEN Motor: Einzylinder-2-Takt-Motor81 cm 3 Reinigung \u00fcber 4 Kan\u00e4le, automatische Patentierte Mischanlage&nbsp; EasyLube-System\u2122 Luftfilter: Papier Maximale Leistung pro Drehzahl: 5,5 CV\/9.500 rpm Durchmesser Trennscheibe: 350 mm &#8211; Bohrloch 25,4 mm Maximale Drehzahl bei Leerlauf: 9.500 + 200 rpm Maximale Schnitttiefe: 125 mm Fassungsverm\u00f6gen des Treibstofftanks: 0,9 l Abmessungen (L x B x L) 430 x 267 x 775 [&hellip;]","og_url":"https:\/\/www.maxima-dia.com\/de\/diamant-trennmaschine\/motomax-350\/","og_site_name":"Maxima SpA","article_publisher":"https:\/\/www.facebook.com\/Maxima-spa-106098566139597","article_modified_time":"2021-07-12T08:28:02+00:00","og_image":[{"width":1200,"height":1200,"url":"https:\/\/www.maxima-dia.com\/wp-content\/uploads\/2017\/02\/motomax-350.jpg","type":"image\/jpeg"}],"twitter_card":"summary_large_image","twitter_site":"@Maximadia","twitter_misc":{"Gesch\u00e4tzte Lesezeit":"2\u00a0Minuten"},"schema":{"@context":"https:\/\/schema.org","@graph":[{"@type":"WebPage","@id":"https:\/\/www.maxima-dia.com\/de\/diamant-trennmaschine\/motomax-350\/","url":"https:\/\/www.maxima-dia.com\/de\/diamant-trennmaschine\/motomax-350\/","name":"Motomax 350 - Maxima SpA","isPartOf":{"@id":"https:\/\/www.maxima-dia.com\/de\/#website"},"primaryImageOfPage":{"@id":"https:\/\/www.maxima-dia.com\/de\/diamant-trennmaschine\/motomax-350\/#primaryimage"},"image":{"@id":"https:\/\/www.maxima-dia.com\/de\/diamant-trennmaschine\/motomax-350\/#primaryimage"},"thumbnailUrl":"https:\/\/www.maxima-dia.com\/wp-content\/uploads\/2017\/02\/motomax-350.jpg","datePublished":"2017-03-08T09:59:11+00:00","dateModified":"2021-07-12T08:28:02+00:00","breadcrumb":{"@id":"https:\/\/www.maxima-dia.com\/de\/diamant-trennmaschine\/motomax-350\/#breadcrumb"},"inLanguage":"de","potentialAction":[{"@type":"ReadAction","target":["https:\/\/www.maxima-dia.com\/de\/diamant-trennmaschine\/motomax-350\/"]}]},{"@type":"ImageObject","inLanguage":"de","@id":"https:\/\/www.maxima-dia.com\/de\/diamant-trennmaschine\/motomax-350\/#primaryimage","url":"https:\/\/www.maxima-dia.com\/wp-content\/uploads\/2017\/02\/motomax-350.jpg","contentUrl":"https:\/\/www.maxima-dia.com\/wp-content\/uploads\/2017\/02\/motomax-350.jpg","width":1200,"height":1200,"caption":"MOTOMAX 350"},{"@type":"BreadcrumbList","@id":"https:\/\/www.maxima-dia.com\/de\/diamant-trennmaschine\/motomax-350\/#breadcrumb","itemListElement":[{"@type":"ListItem","position":1,"name":"Home","item":"https:\/\/www.maxima-dia.com\/de\/"},{"@type":"ListItem","position":2,"name":"Diamant-Trennmaschine","item":"https:\/\/www.maxima-dia.com\/de\/diamant-trennmaschine\/"},{"@type":"ListItem","position":3,"name":"Motomax 350"}]},{"@type":"WebSite","@id":"https:\/\/www.maxima-dia.com\/de\/#website","url":"https:\/\/www.maxima-dia.com\/de\/","name":"Maxima SpA","description":"Only for the real professionals","potentialAction":[{"@type":"SearchAction","target":{"@type":"EntryPoint","urlTemplate":"https:\/\/www.maxima-dia.com\/de\/?s={search_term_string}"},"query-input":{"@type":"PropertyValueSpecification","valueRequired":true,"valueName":"search_term_string"}}],"inLanguage":"de"}]}},"_links":{"self":[{"href":"https:\/\/www.maxima-dia.com\/de\/wp-json\/wp\/v2\/pages\/15123"}],"collection":[{"href":"https:\/\/www.maxima-dia.com\/de\/wp-json\/wp\/v2\/pages"}],"about":[{"href":"https:\/\/www.maxima-dia.com\/de\/wp-json\/wp\/v2\/types\/page"}],"author":[{"embeddable":true,"href":"https:\/\/www.maxima-dia.com\/de\/wp-json\/wp\/v2\/users\/29"}],"replies":[{"embeddable":true,"href":"https:\/\/www.maxima-dia.com\/de\/wp-json\/wp\/v2\/comments?post=15123"}],"version-history":[{"count":0,"href":"https:\/\/www.maxima-dia.com\/de\/wp-json\/wp\/v2\/pages\/15123\/revisions"}],"up":[{"embeddable":true,"href":"https:\/\/www.maxima-dia.com\/de\/wp-json\/wp\/v2\/pages\/12476"}],"wp:featuredmedia":[{"embeddable":true,"href":"https:\/\/www.maxima-dia.com\/de\/wp-json\/wp\/v2\/media\/13892"}],"wp:attachment":[{"href":"https:\/\/www.maxima-dia.com\/de\/wp-json\/wp\/v2\/media?parent=15123"}],"curies":[{"name":"wp","href":"https:\/\/api.w.org\/{rel}","templated":true}]}}