{"id":15219,"date":"2017-03-09T11:58:23","date_gmt":"2017-03-09T10:58:23","guid":{"rendered":"http:\/\/www.maxima-dia.com\/?page_id=15219\/"},"modified":"2024-07-19T08:37:29","modified_gmt":"2024-07-19T06:37:29","slug":"caromax-1800-asp","status":"publish","type":"page","link":"https:\/\/www.maxima-dia.com\/de\/bohrmaschinen\/caromax-1800-asp\/","title":{"rendered":"Caromax 1800 Asp"},"content":{"rendered":"<div class=\"wpb-content-wrapper\"><p>[vc_row][vc_column text_align=&#8220;center&#8220; width=&#8220;1\/4&#8243;][vc_column_text]<a href=\"\/wp-content\/uploads\/2017\/02\/caromax-1800-asp.jpg\"><img loading=\"lazy\" decoding=\"async\" class=\"alignnone wp-image-13718 size-thumbnail\" src=\"\/wp-content\/uploads\/2017\/02\/caromax-1800-asp-150x150.jpg\" alt=\"CAROMAX 1800 ASP\" width=\"150\" height=\"150\" srcset=\"https:\/\/www.maxima-dia.com\/wp-content\/uploads\/2017\/02\/caromax-1800-asp-150x150.jpg 150w, https:\/\/www.maxima-dia.com\/wp-content\/uploads\/2017\/02\/caromax-1800-asp-300x300.jpg 300w, https:\/\/www.maxima-dia.com\/wp-content\/uploads\/2017\/02\/caromax-1800-asp-768x768.jpg 768w, https:\/\/www.maxima-dia.com\/wp-content\/uploads\/2017\/02\/caromax-1800-asp-1024x1024.jpg 1024w, https:\/\/www.maxima-dia.com\/wp-content\/uploads\/2017\/02\/caromax-1800-asp-80x80.jpg 80w, https:\/\/www.maxima-dia.com\/wp-content\/uploads\/2017\/02\/caromax-1800-asp-500x500.jpg 500w, https:\/\/www.maxima-dia.com\/wp-content\/uploads\/2017\/02\/caromax-1800-asp-1000x1000.jpg 1000w, https:\/\/www.maxima-dia.com\/wp-content\/uploads\/2017\/02\/caromax-1800-asp.jpg 1200w\" sizes=\"(max-width: 150px) 100vw, 150px\" \/><\/a><\/p>\n<p>made in EU&nbsp;<img loading=\"lazy\" decoding=\"async\" src=\"\/wp-content\/uploads\/2013\/11\/eu.png\" alt=\"eu\" width=\"24\" height=\"16\"> &#8211;&nbsp;Zertifikat&nbsp;<span style=\"font-family: arial,helvetica,sans-serif;\">CE<\/span>[\/vc_column_text][vc_column_text css_animation=&#8220;slideInDown&#8220; el_class=&#8220;hidebuybutton&#8220;]<a href=\"https:\/\/www.storemaxima.com\/de\/bohrer-fuer-gebaeude\/210-caromax-1800-asp.html\" target=\"_blank\" rel=\"noopener\"><img loading=\"lazy\" decoding=\"async\" class=\"alignnone\" title=\"Kaufen Auf www.storemaxima.com\" src=\"https:\/\/www.maxima-dia.com\/wp-content\/uploads\/2019\/12\/pulsante-acquista-storemaxima.com-de.svg\" alt=\"Kaufen Auf www.storemaxima.com\" width=\"180\" height=\"80\"><\/a>[\/vc_column_text][\/vc_column][vc_column width=&#8220;3\/4&#8243;][vc_column_text]Die <strong>CAROMAX 1800 ASP<\/strong> ist die Schwester der <a href=\"https:\/\/www.maxima-dia.com\/de\/bohrmaschinen\/caromax-1800\/\"><strong>Caromax 1800<\/strong><\/a> und hat ein Plastikkopfstu\u0308ck, das u\u0308ber einen Anschluss fu\u0308r das Staubabsaugset und einen Anschluss 1\u201d1\/4 verfu\u0308gt. Sie eignet sich ausgezeichnet fu\u0308r alle, die ausschlie\u00dflich in geschlossenen R\u00e4umlichkeiten arbeiten. Sie bietet Mikrovibration und eine Leistung von 1800 W. Die maximale F\u00f6rdermenge bietet die Diamantbohrkrone mit 162 mm Durchmesser. Die mechanische und elektronische Doppelkupplung garantiert auch weniger erfahrenen Anwendern gro\u00dfe Sicherheit und eine lange Standzeit und Lebensdauer. Wenn Diamantbohrkronen montiert werden ist Maxima die geeignete Kernbohrmaschine fu\u0308r trockene Bohrungen von Stahlbeton.<\/p>\n<table class=\"tabellafotocarotaggio\" style=\"width: 100%;\">\n<tbody>\n<tr>\n<td style=\"width: 25%; text-align: center;\"><a href=\"\/wp-content\/uploads\/2017\/02\/caromax-1800-asp-livella.jpg\"><img loading=\"lazy\" decoding=\"async\" class=\"alignnone wp-image-13715 size-thumbnail\" src=\"\/wp-content\/uploads\/2017\/02\/caromax-1800-asp-livella-150x150.jpg\" alt=\"\" width=\"150\" height=\"150\" srcset=\"https:\/\/www.maxima-dia.com\/wp-content\/uploads\/2017\/02\/caromax-1800-asp-livella-150x150.jpg 150w, https:\/\/www.maxima-dia.com\/wp-content\/uploads\/2017\/02\/caromax-1800-asp-livella-80x80.jpg 80w, https:\/\/www.maxima-dia.com\/wp-content\/uploads\/2017\/02\/caromax-1800-asp-livella-500x500.jpg 500w\" sizes=\"(max-width: 150px) 100vw, 150px\" \/><\/a><\/td>\n<td style=\"width: 25%; text-align: center;\"><a href=\"\/wp-content\/uploads\/2017\/02\/caromax-1800-asp-pulsante.jpg\"><img loading=\"lazy\" decoding=\"async\" class=\"alignnone wp-image-13716 size-thumbnail\" src=\"\/wp-content\/uploads\/2017\/02\/caromax-1800-asp-pulsante-150x150.jpg\" alt=\"\" width=\"150\" height=\"150\" srcset=\"https:\/\/www.maxima-dia.com\/wp-content\/uploads\/2017\/02\/caromax-1800-asp-pulsante-150x150.jpg 150w, https:\/\/www.maxima-dia.com\/wp-content\/uploads\/2017\/02\/caromax-1800-asp-pulsante-80x80.jpg 80w, https:\/\/www.maxima-dia.com\/wp-content\/uploads\/2017\/02\/caromax-1800-asp-pulsante-500x500.jpg 500w\" sizes=\"(max-width: 150px) 100vw, 150px\" \/><\/a>&nbsp;<\/td>\n<td style=\"width: 25%; text-align: center;\"><a href=\"\/wp-content\/uploads\/2017\/02\/caromax-1800-asp-led.jpg\"><img loading=\"lazy\" decoding=\"async\" class=\"alignnone wp-image-13714 size-thumbnail\" src=\"\/wp-content\/uploads\/2017\/02\/caromax-1800-asp-led-150x150.jpg\" alt=\"\" width=\"150\" height=\"150\" srcset=\"https:\/\/www.maxima-dia.com\/wp-content\/uploads\/2017\/02\/caromax-1800-asp-led-150x150.jpg 150w, https:\/\/www.maxima-dia.com\/wp-content\/uploads\/2017\/02\/caromax-1800-asp-led-80x80.jpg 80w, https:\/\/www.maxima-dia.com\/wp-content\/uploads\/2017\/02\/caromax-1800-asp-led-500x500.jpg 500w\" sizes=\"(max-width: 150px) 100vw, 150px\" \/><\/a>&nbsp;<\/td>\n<td style=\"width: 25%; text-align: center;\"><a href=\"\/wp-content\/uploads\/2017\/02\/caromax-1800-asp-testa-rotante.jpg\"><img loading=\"lazy\" decoding=\"async\" class=\"alignnone wp-image-13717 size-thumbnail\" src=\"\/wp-content\/uploads\/2017\/02\/caromax-1800-asp-testa-rotante-150x150.jpg\" alt=\"\" width=\"150\" height=\"150\" srcset=\"https:\/\/www.maxima-dia.com\/wp-content\/uploads\/2017\/02\/caromax-1800-asp-testa-rotante-150x150.jpg 150w, https:\/\/www.maxima-dia.com\/wp-content\/uploads\/2017\/02\/caromax-1800-asp-testa-rotante-80x80.jpg 80w, https:\/\/www.maxima-dia.com\/wp-content\/uploads\/2017\/02\/caromax-1800-asp-testa-rotante-500x500.jpg 500w\" sizes=\"(max-width: 150px) 100vw, 150px\" \/><\/a><\/td>\n<\/tr>\n<\/tbody>\n<\/table>\n<p>&nbsp;<\/p>\n<table class=\"tabellatecnica\" style=\"width: 100%;\" border=\"0\" cellspacing=\"0\" cellpadding=\"0\">\n<thead>\n<tr style=\"height: 24px;\">\n<td class=\"testata\" style=\"height: 24px;\" colspan=\"2\">TECHNISCHE EIGENSCHAFTEN<\/td>\n<\/tr>\n<\/thead>\n<tbody>\n<tr style=\"height: 24px;\">\n<td class=\"coltesto1\" style=\"width: 50%; height: 24px;\">Aufgenommene Leistung: 1800 W &#8211; 230 V<\/td>\n<td class=\"coltesto2\" style=\"width: 50%; height: 24px;\">Anschluss: 1\/2 gas e 1\u201d1\/4<\/td>\n<\/tr>\n<tr style=\"height: 24px;\">\n<td class=\"coltesto1\" style=\"width: 50%; height: 24px;\">Max. Bohrdurchmesser: 205 mm mit Foretto Laser Oro Spiral<\/td>\n<td class=\"coltesto2\" style=\"width: 50%; height: 24px;\">Mechanische&nbsp;Kupplung:&nbsp;Ja<\/td>\n<\/tr>\n<tr style=\"height: 24px;\">\n<td class=\"coltesto1\" style=\"width: 50%; height: 24px;\">&nbsp;Max. Bohrdurchmesser: 162 mm mit Foretto Aspirazione 300<\/td>\n<td class=\"coltesto2\" style=\"width: 50%; height: 24px;\">Elektronische Kupplung:&nbsp;Ja&nbsp;<\/td>\n<\/tr>\n<tr style=\"height: 24px;\">\n<td class=\"coltesto1\" style=\"width: 50%; height: 24px;\">Drehmoment: 17&nbsp;Nm<\/td>\n<td class=\"coltesto2\" style=\"width: 50%; height: 24px;\">Best\u00fcckt mit: Koffer f\u00fcr Kernbohrmaschine und Zubeh\u00f6r<\/td>\n<\/tr>\n<tr style=\"height: 24px;\">\n<td class=\"coltesto2\" style=\"width: 50%; height: 24px;\">Schlagbohrintervall: 33.000&nbsp;Mikroschl\u00e4ge\/min zu&nbsp;0.1 Joule<\/td>\n<td class=\"coltesto2\" style=\"width: 50%; height: 24px;\">Gewicht: 6,5 Kg<\/td>\n<\/tr>\n<tr style=\"height: 24px;\">\n<td class=\"coltesto2\" style=\"width: 50%; height: 24px;\">Geschwindigkeit: 1150 U\/min<\/td>\n<td class=\"coltesto2\" style=\"width: 50%; height: 24px;\">&nbsp;<\/td>\n<\/tr>\n<\/tbody>\n<\/table>\n<p>[\/vc_column_text][\/vc_column][\/vc_row]<\/p>\n<\/div>","protected":false},"excerpt":{"rendered":"<p>[vc_row][vc_column text_align=&#8220;center&#8220; width=&#8220;1\/4&#8243;][vc_column_text] made in EU&nbsp; &#8211;&nbsp;Zertifikat&nbsp;CE[\/vc_column_text][vc_column_text css_animation=&#8220;slideInDown&#8220; el_class=&#8220;hidebuybutton&#8220;][\/vc_column_text][\/vc_column][vc_column width=&#8220;3\/4&#8243;][vc_column_text]Die CAROMAX 1800 ASP ist die Schwester der Caromax 1800 und hat ein Plastikkopfstu\u0308ck, das u\u0308ber einen Anschluss fu\u0308r das Staubabsaugset und einen Anschluss 1\u201d1\/4 verfu\u0308gt. Sie eignet sich ausgezeichnet fu\u0308r alle, die ausschlie\u00dflich in geschlossenen R\u00e4umlichkeiten arbeiten. Sie bietet Mikrovibration und eine Leistung von 1800 W. Die maximale F\u00f6rdermenge bietet die Diamantbohrkrone mit 162 mm Durchmesser. Die mechanische und elektronische Doppelkupplung garantiert auch weniger erfahrenen Anwendern gro\u00dfe Sicherheit und eine lange Standzeit und Lebensdauer. Wenn Diamantbohrkronen montiert werden ist Maxima die geeignete Kernbohrmaschine fu\u0308r trockene Bohrungen von Stahlbeton. &nbsp; &nbsp; &nbsp; TECHNISCHE EIGENSCHAFTEN Aufgenommene Leistung: 1800 W &#8211; 230 V Anschluss: 1\/2 gas e 1\u201d1\/4 Max. Bohrdurchmesser: 205 mm mit Foretto Laser Oro Spiral Mechanische&nbsp;Kupplung:&nbsp;Ja &nbsp;Max. Bohrdurchmesser: 162 mm mit Foretto Aspirazione 300 Elektronische Kupplung:&nbsp;Ja&nbsp; Drehmoment: 17&nbsp;Nm Best\u00fcckt mit: Koffer f\u00fcr Kernbohrmaschine und Zubeh\u00f6r Schlagbohrintervall: 33.000&nbsp;Mikroschl\u00e4ge\/min zu&nbsp;0.1 Joule Gewicht: 6,5 Kg Geschwindigkeit: 1150 U\/min &nbsp; [\/vc_column_text][\/vc_column][\/vc_row]<\/p>\n","protected":false},"author":29,"featured_media":13718,"parent":12466,"menu_order":4,"comment_status":"closed","ping_status":"closed","template":"","meta":{"ngg_post_thumbnail":0,"_joinchat":[],"footnotes":""},"class_list":["post-15219","page","type-page","status-publish","has-post-thumbnail","hentry"],"yoast_head":"<!-- This site is optimized with the Yoast SEO plugin v25.5 - https:\/\/yoast.com\/wordpress\/plugins\/seo\/ -->\n<title>Caromax 1800 Asp - Maxima SpA<\/title>\n<meta name=\"robots\" content=\"index, follow, max-snippet:-1, max-image-preview:large, max-video-preview:-1\" \/>\n<link rel=\"canonical\" href=\"https:\/\/www.maxima-dia.com\/de\/bohrmaschinen\/caromax-1800-asp\/\" \/>\n<meta property=\"og:locale\" content=\"de_DE\" \/>\n<meta property=\"og:type\" content=\"article\" \/>\n<meta property=\"og:title\" content=\"Caromax 1800 Asp - Maxima SpA\" \/>\n<meta property=\"og:description\" content=\"[vc_row][vc_column text_align=&#8220;center&#8220; width=&#8220;1\/4&#8243;][vc_column_text] made in EU&nbsp; &#8211;&nbsp;Zertifikat&nbsp;CE[\/vc_column_text][vc_column_text css_animation=&#8220;slideInDown&#8220; el_class=&#8220;hidebuybutton&#8220;][\/vc_column_text][\/vc_column][vc_column width=&#8220;3\/4&#8243;][vc_column_text]Die CAROMAX 1800 ASP ist die Schwester der Caromax 1800 und hat ein Plastikkopfstu\u0308ck, das u\u0308ber einen Anschluss fu\u0308r das Staubabsaugset und einen Anschluss 1\u201d1\/4 verfu\u0308gt. Sie eignet sich ausgezeichnet fu\u0308r alle, die ausschlie\u00dflich in geschlossenen R\u00e4umlichkeiten arbeiten. Sie bietet Mikrovibration und eine Leistung von 1800 W. Die maximale F\u00f6rdermenge bietet die Diamantbohrkrone mit 162 mm Durchmesser. Die mechanische und elektronische Doppelkupplung garantiert auch weniger erfahrenen Anwendern gro\u00dfe Sicherheit und eine lange Standzeit und Lebensdauer. Wenn Diamantbohrkronen montiert werden ist Maxima die geeignete Kernbohrmaschine fu\u0308r trockene Bohrungen von Stahlbeton. &nbsp; &nbsp; &nbsp; TECHNISCHE EIGENSCHAFTEN Aufgenommene Leistung: 1800 W &#8211; 230 V Anschluss: 1\/2 gas e 1\u201d1\/4 Max. Bohrdurchmesser: 205 mm mit Foretto Laser Oro Spiral Mechanische&nbsp;Kupplung:&nbsp;Ja &nbsp;Max. Bohrdurchmesser: 162 mm mit Foretto Aspirazione 300 Elektronische Kupplung:&nbsp;Ja&nbsp; Drehmoment: 17&nbsp;Nm Best\u00fcckt mit: Koffer f\u00fcr Kernbohrmaschine und Zubeh\u00f6r Schlagbohrintervall: 33.000&nbsp;Mikroschl\u00e4ge\/min zu&nbsp;0.1 Joule Gewicht: 6,5 Kg Geschwindigkeit: 1150 U\/min &nbsp; [\/vc_column_text][\/vc_column][\/vc_row]\" \/>\n<meta property=\"og:url\" content=\"https:\/\/www.maxima-dia.com\/de\/bohrmaschinen\/caromax-1800-asp\/\" \/>\n<meta property=\"og:site_name\" content=\"Maxima SpA\" \/>\n<meta property=\"article:publisher\" content=\"https:\/\/www.facebook.com\/Maxima-spa-106098566139597\" \/>\n<meta property=\"article:modified_time\" content=\"2024-07-19T06:37:29+00:00\" \/>\n<meta property=\"og:image\" content=\"https:\/\/www.maxima-dia.com\/wp-content\/uploads\/2017\/02\/caromax-1800-asp.jpg\" \/>\n\t<meta property=\"og:image:width\" content=\"1200\" \/>\n\t<meta property=\"og:image:height\" content=\"1200\" \/>\n\t<meta property=\"og:image:type\" content=\"image\/jpeg\" \/>\n<meta name=\"twitter:card\" content=\"summary_large_image\" \/>\n<meta name=\"twitter:site\" content=\"@Maximadia\" \/>\n<meta name=\"twitter:label1\" content=\"Gesch\u00e4tzte Lesezeit\" \/>\n\t<meta name=\"twitter:data1\" content=\"3\u00a0Minuten\" \/>\n<script type=\"application\/ld+json\" class=\"yoast-schema-graph\">{\"@context\":\"https:\/\/schema.org\",\"@graph\":[{\"@type\":\"WebPage\",\"@id\":\"https:\/\/www.maxima-dia.com\/de\/bohrmaschinen\/caromax-1800-asp\/\",\"url\":\"https:\/\/www.maxima-dia.com\/de\/bohrmaschinen\/caromax-1800-asp\/\",\"name\":\"Caromax 1800 Asp - Maxima SpA\",\"isPartOf\":{\"@id\":\"https:\/\/www.maxima-dia.com\/de\/#website\"},\"primaryImageOfPage\":{\"@id\":\"https:\/\/www.maxima-dia.com\/de\/bohrmaschinen\/caromax-1800-asp\/#primaryimage\"},\"image\":{\"@id\":\"https:\/\/www.maxima-dia.com\/de\/bohrmaschinen\/caromax-1800-asp\/#primaryimage\"},\"thumbnailUrl\":\"https:\/\/www.maxima-dia.com\/wp-content\/uploads\/2017\/02\/caromax-1800-asp.jpg\",\"datePublished\":\"2017-03-09T10:58:23+00:00\",\"dateModified\":\"2024-07-19T06:37:29+00:00\",\"breadcrumb\":{\"@id\":\"https:\/\/www.maxima-dia.com\/de\/bohrmaschinen\/caromax-1800-asp\/#breadcrumb\"},\"inLanguage\":\"de\",\"potentialAction\":[{\"@type\":\"ReadAction\",\"target\":[\"https:\/\/www.maxima-dia.com\/de\/bohrmaschinen\/caromax-1800-asp\/\"]}]},{\"@type\":\"ImageObject\",\"inLanguage\":\"de\",\"@id\":\"https:\/\/www.maxima-dia.com\/de\/bohrmaschinen\/caromax-1800-asp\/#primaryimage\",\"url\":\"https:\/\/www.maxima-dia.com\/wp-content\/uploads\/2017\/02\/caromax-1800-asp.jpg\",\"contentUrl\":\"https:\/\/www.maxima-dia.com\/wp-content\/uploads\/2017\/02\/caromax-1800-asp.jpg\",\"width\":1200,\"height\":1200,\"caption\":\"CAROMAX 1800 ASP\"},{\"@type\":\"BreadcrumbList\",\"@id\":\"https:\/\/www.maxima-dia.com\/de\/bohrmaschinen\/caromax-1800-asp\/#breadcrumb\",\"itemListElement\":[{\"@type\":\"ListItem\",\"position\":1,\"name\":\"Home\",\"item\":\"https:\/\/www.maxima-dia.com\/de\/\"},{\"@type\":\"ListItem\",\"position\":2,\"name\":\"Bohrmaschinen\",\"item\":\"https:\/\/www.maxima-dia.com\/de\/bohrmaschinen\/\"},{\"@type\":\"ListItem\",\"position\":3,\"name\":\"Caromax 1800 Asp\"}]},{\"@type\":\"WebSite\",\"@id\":\"https:\/\/www.maxima-dia.com\/de\/#website\",\"url\":\"https:\/\/www.maxima-dia.com\/de\/\",\"name\":\"Maxima SpA\",\"description\":\"Only for the real professionals\",\"potentialAction\":[{\"@type\":\"SearchAction\",\"target\":{\"@type\":\"EntryPoint\",\"urlTemplate\":\"https:\/\/www.maxima-dia.com\/de\/?s={search_term_string}\"},\"query-input\":{\"@type\":\"PropertyValueSpecification\",\"valueRequired\":true,\"valueName\":\"search_term_string\"}}],\"inLanguage\":\"de\"}]}<\/script>\n<!-- \/ Yoast SEO plugin. -->","yoast_head_json":{"title":"Caromax 1800 Asp - Maxima SpA","robots":{"index":"index","follow":"follow","max-snippet":"max-snippet:-1","max-image-preview":"max-image-preview:large","max-video-preview":"max-video-preview:-1"},"canonical":"https:\/\/www.maxima-dia.com\/de\/bohrmaschinen\/caromax-1800-asp\/","og_locale":"de_DE","og_type":"article","og_title":"Caromax 1800 Asp - Maxima SpA","og_description":"[vc_row][vc_column text_align=&#8220;center&#8220; width=&#8220;1\/4&#8243;][vc_column_text] made in EU&nbsp; &#8211;&nbsp;Zertifikat&nbsp;CE[\/vc_column_text][vc_column_text css_animation=&#8220;slideInDown&#8220; el_class=&#8220;hidebuybutton&#8220;][\/vc_column_text][\/vc_column][vc_column width=&#8220;3\/4&#8243;][vc_column_text]Die CAROMAX 1800 ASP ist die Schwester der Caromax 1800 und hat ein Plastikkopfstu\u0308ck, das u\u0308ber einen Anschluss fu\u0308r das Staubabsaugset und einen Anschluss 1\u201d1\/4 verfu\u0308gt. Sie eignet sich ausgezeichnet fu\u0308r alle, die ausschlie\u00dflich in geschlossenen R\u00e4umlichkeiten arbeiten. Sie bietet Mikrovibration und eine Leistung von 1800 W. Die maximale F\u00f6rdermenge bietet die Diamantbohrkrone mit 162 mm Durchmesser. Die mechanische und elektronische Doppelkupplung garantiert auch weniger erfahrenen Anwendern gro\u00dfe Sicherheit und eine lange Standzeit und Lebensdauer. Wenn Diamantbohrkronen montiert werden ist Maxima die geeignete Kernbohrmaschine fu\u0308r trockene Bohrungen von Stahlbeton. &nbsp; &nbsp; &nbsp; TECHNISCHE EIGENSCHAFTEN Aufgenommene Leistung: 1800 W &#8211; 230 V Anschluss: 1\/2 gas e 1\u201d1\/4 Max. Bohrdurchmesser: 205 mm mit Foretto Laser Oro Spiral Mechanische&nbsp;Kupplung:&nbsp;Ja &nbsp;Max. Bohrdurchmesser: 162 mm mit Foretto Aspirazione 300 Elektronische Kupplung:&nbsp;Ja&nbsp; Drehmoment: 17&nbsp;Nm Best\u00fcckt mit: Koffer f\u00fcr Kernbohrmaschine und Zubeh\u00f6r Schlagbohrintervall: 33.000&nbsp;Mikroschl\u00e4ge\/min zu&nbsp;0.1 Joule Gewicht: 6,5 Kg Geschwindigkeit: 1150 U\/min &nbsp; [\/vc_column_text][\/vc_column][\/vc_row]","og_url":"https:\/\/www.maxima-dia.com\/de\/bohrmaschinen\/caromax-1800-asp\/","og_site_name":"Maxima SpA","article_publisher":"https:\/\/www.facebook.com\/Maxima-spa-106098566139597","article_modified_time":"2024-07-19T06:37:29+00:00","og_image":[{"width":1200,"height":1200,"url":"https:\/\/www.maxima-dia.com\/wp-content\/uploads\/2017\/02\/caromax-1800-asp.jpg","type":"image\/jpeg"}],"twitter_card":"summary_large_image","twitter_site":"@Maximadia","twitter_misc":{"Gesch\u00e4tzte Lesezeit":"3\u00a0Minuten"},"schema":{"@context":"https:\/\/schema.org","@graph":[{"@type":"WebPage","@id":"https:\/\/www.maxima-dia.com\/de\/bohrmaschinen\/caromax-1800-asp\/","url":"https:\/\/www.maxima-dia.com\/de\/bohrmaschinen\/caromax-1800-asp\/","name":"Caromax 1800 Asp - Maxima SpA","isPartOf":{"@id":"https:\/\/www.maxima-dia.com\/de\/#website"},"primaryImageOfPage":{"@id":"https:\/\/www.maxima-dia.com\/de\/bohrmaschinen\/caromax-1800-asp\/#primaryimage"},"image":{"@id":"https:\/\/www.maxima-dia.com\/de\/bohrmaschinen\/caromax-1800-asp\/#primaryimage"},"thumbnailUrl":"https:\/\/www.maxima-dia.com\/wp-content\/uploads\/2017\/02\/caromax-1800-asp.jpg","datePublished":"2017-03-09T10:58:23+00:00","dateModified":"2024-07-19T06:37:29+00:00","breadcrumb":{"@id":"https:\/\/www.maxima-dia.com\/de\/bohrmaschinen\/caromax-1800-asp\/#breadcrumb"},"inLanguage":"de","potentialAction":[{"@type":"ReadAction","target":["https:\/\/www.maxima-dia.com\/de\/bohrmaschinen\/caromax-1800-asp\/"]}]},{"@type":"ImageObject","inLanguage":"de","@id":"https:\/\/www.maxima-dia.com\/de\/bohrmaschinen\/caromax-1800-asp\/#primaryimage","url":"https:\/\/www.maxima-dia.com\/wp-content\/uploads\/2017\/02\/caromax-1800-asp.jpg","contentUrl":"https:\/\/www.maxima-dia.com\/wp-content\/uploads\/2017\/02\/caromax-1800-asp.jpg","width":1200,"height":1200,"caption":"CAROMAX 1800 ASP"},{"@type":"BreadcrumbList","@id":"https:\/\/www.maxima-dia.com\/de\/bohrmaschinen\/caromax-1800-asp\/#breadcrumb","itemListElement":[{"@type":"ListItem","position":1,"name":"Home","item":"https:\/\/www.maxima-dia.com\/de\/"},{"@type":"ListItem","position":2,"name":"Bohrmaschinen","item":"https:\/\/www.maxima-dia.com\/de\/bohrmaschinen\/"},{"@type":"ListItem","position":3,"name":"Caromax 1800 Asp"}]},{"@type":"WebSite","@id":"https:\/\/www.maxima-dia.com\/de\/#website","url":"https:\/\/www.maxima-dia.com\/de\/","name":"Maxima SpA","description":"Only for the real professionals","potentialAction":[{"@type":"SearchAction","target":{"@type":"EntryPoint","urlTemplate":"https:\/\/www.maxima-dia.com\/de\/?s={search_term_string}"},"query-input":{"@type":"PropertyValueSpecification","valueRequired":true,"valueName":"search_term_string"}}],"inLanguage":"de"}]}},"_links":{"self":[{"href":"https:\/\/www.maxima-dia.com\/de\/wp-json\/wp\/v2\/pages\/15219"}],"collection":[{"href":"https:\/\/www.maxima-dia.com\/de\/wp-json\/wp\/v2\/pages"}],"about":[{"href":"https:\/\/www.maxima-dia.com\/de\/wp-json\/wp\/v2\/types\/page"}],"author":[{"embeddable":true,"href":"https:\/\/www.maxima-dia.com\/de\/wp-json\/wp\/v2\/users\/29"}],"replies":[{"embeddable":true,"href":"https:\/\/www.maxima-dia.com\/de\/wp-json\/wp\/v2\/comments?post=15219"}],"version-history":[{"count":1,"href":"https:\/\/www.maxima-dia.com\/de\/wp-json\/wp\/v2\/pages\/15219\/revisions"}],"predecessor-version":[{"id":43891,"href":"https:\/\/www.maxima-dia.com\/de\/wp-json\/wp\/v2\/pages\/15219\/revisions\/43891"}],"up":[{"embeddable":true,"href":"https:\/\/www.maxima-dia.com\/de\/wp-json\/wp\/v2\/pages\/12466"}],"wp:featuredmedia":[{"embeddable":true,"href":"https:\/\/www.maxima-dia.com\/de\/wp-json\/wp\/v2\/media\/13718"}],"wp:attachment":[{"href":"https:\/\/www.maxima-dia.com\/de\/wp-json\/wp\/v2\/media?parent=15219"}],"curies":[{"name":"wp","href":"https:\/\/api.w.org\/{rel}","templated":true}]}}