{"id":15233,"date":"2017-03-09T12:23:16","date_gmt":"2017-03-09T11:23:16","guid":{"rendered":"http:\/\/www.maxima-dia.com\/?page_id=15233\/"},"modified":"2021-08-03T09:10:03","modified_gmt":"2021-08-03T07:10:03","slug":"caromax-1000","status":"publish","type":"page","link":"https:\/\/www.maxima-dia.com\/de\/bohrmaschinen\/caromax-1000\/","title":{"rendered":"Caromax 1000"},"content":{"rendered":"<div class=\"wpb-content-wrapper\"><p>[vc_row][vc_column text_align=&#8220;center&#8220; width=&#8220;1\/4&#8243;][vc_column_text]<a href=\"https:\/\/www.maxima-dia.com\/wp-content\/uploads\/2021\/08\/CAROMAX1000.jpg\"><img loading=\"lazy\" decoding=\"async\" class=\"alignnone wp-image-30114 size-thumbnail\" src=\"https:\/\/www.maxima-dia.com\/wp-content\/uploads\/2021\/08\/CAROMAX1000-150x150.jpg\" alt=\"\" width=\"150\" height=\"150\" srcset=\"https:\/\/www.maxima-dia.com\/wp-content\/uploads\/2021\/08\/CAROMAX1000-150x150.jpg 150w, https:\/\/www.maxima-dia.com\/wp-content\/uploads\/2021\/08\/CAROMAX1000-300x300.jpg 300w, https:\/\/www.maxima-dia.com\/wp-content\/uploads\/2021\/08\/CAROMAX1000-1024x1024.jpg 1024w, https:\/\/www.maxima-dia.com\/wp-content\/uploads\/2021\/08\/CAROMAX1000-768x768.jpg 768w, https:\/\/www.maxima-dia.com\/wp-content\/uploads\/2021\/08\/CAROMAX1000-1536x1536.jpg 1536w, https:\/\/www.maxima-dia.com\/wp-content\/uploads\/2021\/08\/CAROMAX1000-80x80.jpg 80w, https:\/\/www.maxima-dia.com\/wp-content\/uploads\/2021\/08\/CAROMAX1000-500x500.jpg 500w, https:\/\/www.maxima-dia.com\/wp-content\/uploads\/2021\/08\/CAROMAX1000-1000x1000.jpg 1000w, https:\/\/www.maxima-dia.com\/wp-content\/uploads\/2021\/08\/CAROMAX1000.jpg 1700w\" sizes=\"(max-width: 150px) 100vw, 150px\" \/><\/a><\/p>\n<p>made in EU&nbsp;<img loading=\"lazy\" decoding=\"async\" src=\"\/wp-content\/uploads\/2013\/11\/eu.png\" alt=\"eu\" width=\"24\" height=\"16\"> &#8211; Zertifikat&nbsp;<span style=\"font-family: arial,helvetica,sans-serif;\">CE<\/span>[\/vc_column_text][vc_column_text css_animation=&#8220;slideInDown&#8220; el_class=&#8220;hidebuybutton&#8220;]<a href=\"https:\/\/www.storemaxima.com\/de\/bohrer-fuer-gebaeude\/217-caromax-1000.html\" target=\"_blank\" rel=\"noopener\"><img loading=\"lazy\" decoding=\"async\" class=\"alignnone\" title=\"Kaufen Auf www.storemaxima.com\" src=\"https:\/\/www.maxima-dia.com\/wp-content\/uploads\/2019\/12\/pulsante-acquista-storemaxima.com-de.svg\" alt=\"Kaufen Auf www.storemaxima.com\" width=\"180\" height=\"80\"><\/a>[\/vc_column_text][\/vc_column][vc_column width=&#8220;3\/4&#8243;][vc_column_text]Die <strong>Caromax 1000<\/strong> ist das Spitzenprodukt dieser Produktserie. Sie verwendet den ganz aus Stahl angefertigten professionellen Bohrst\u00e4nder 1000 und zeichnet sich durch absolut hochwertige und robuste technische Bauelemente und den Dreiphasenmotor CWEKSR75 aus. Diese Maschine mit einer Leistung von 7500 W kann dank des Nutzhubs von 1080 mm Kernbohrungen bis zu 1000 mm Durchmesser und 1 m Tiefe durchfu\u0308hren ohne dass Verl\u00e4ngerungen auf der Bohrkrone aufgeschraubt werden mu\u0308ssen. Sie verfu\u0308gt u\u0308ber Stabilisierungsvorrichtungen und eignet sich besonders gut fu\u0308r kontinuierliche Bohrungen mit gro\u00dfen Durchmessern; dank des professionellen Bohrst\u00e4nders 1000 k\u00f6nnen sowohl vorne als auch hinten schr\u00e4ge Bohrl\u00f6cher bis zu einem Winkel von 60\u00b0 durchgefu\u0308hrt werden.<\/p>\n<table class=\"tabellafotocarotaggio\" style=\"width: 100%;\">\n<tbody>\n<tr>\n<td style=\"width: 33%; text-align: center;\"><a href=\"https:\/\/www.maxima-dia.com\/wp-content\/uploads\/2021\/08\/CAROMAX1000-2.jpg\"><img loading=\"lazy\" decoding=\"async\" class=\"alignnone size-thumbnail wp-image-30093\" src=\"https:\/\/www.maxima-dia.com\/wp-content\/uploads\/2021\/08\/CAROMAX1000-2-150x150.jpg\" alt=\"\" width=\"150\" height=\"150\" srcset=\"https:\/\/www.maxima-dia.com\/wp-content\/uploads\/2021\/08\/CAROMAX1000-2-150x150.jpg 150w, https:\/\/www.maxima-dia.com\/wp-content\/uploads\/2021\/08\/CAROMAX1000-2-300x300.jpg 300w, https:\/\/www.maxima-dia.com\/wp-content\/uploads\/2021\/08\/CAROMAX1000-2-1024x1024.jpg 1024w, https:\/\/www.maxima-dia.com\/wp-content\/uploads\/2021\/08\/CAROMAX1000-2-768x768.jpg 768w, https:\/\/www.maxima-dia.com\/wp-content\/uploads\/2021\/08\/CAROMAX1000-2-1536x1536.jpg 1536w, https:\/\/www.maxima-dia.com\/wp-content\/uploads\/2021\/08\/CAROMAX1000-2-80x80.jpg 80w, https:\/\/www.maxima-dia.com\/wp-content\/uploads\/2021\/08\/CAROMAX1000-2-500x500.jpg 500w, https:\/\/www.maxima-dia.com\/wp-content\/uploads\/2021\/08\/CAROMAX1000-2-1000x1000.jpg 1000w, https:\/\/www.maxima-dia.com\/wp-content\/uploads\/2021\/08\/CAROMAX1000-2.jpg 1700w\" sizes=\"(max-width: 150px) 100vw, 150px\" \/><\/a><\/td>\n<td style=\"width: 33%; text-align: center;\"><a href=\"https:\/\/www.maxima-dia.com\/wp-content\/uploads\/2021\/08\/CAROMAX1000-3.jpg\"><img loading=\"lazy\" decoding=\"async\" class=\"alignnone size-thumbnail wp-image-30099\" src=\"https:\/\/www.maxima-dia.com\/wp-content\/uploads\/2021\/08\/CAROMAX1000-3-150x150.jpg\" alt=\"\" width=\"150\" height=\"150\" srcset=\"https:\/\/www.maxima-dia.com\/wp-content\/uploads\/2021\/08\/CAROMAX1000-3-150x150.jpg 150w, https:\/\/www.maxima-dia.com\/wp-content\/uploads\/2021\/08\/CAROMAX1000-3-300x300.jpg 300w, https:\/\/www.maxima-dia.com\/wp-content\/uploads\/2021\/08\/CAROMAX1000-3-1024x1024.jpg 1024w, https:\/\/www.maxima-dia.com\/wp-content\/uploads\/2021\/08\/CAROMAX1000-3-768x768.jpg 768w, https:\/\/www.maxima-dia.com\/wp-content\/uploads\/2021\/08\/CAROMAX1000-3-1536x1536.jpg 1536w, https:\/\/www.maxima-dia.com\/wp-content\/uploads\/2021\/08\/CAROMAX1000-3-80x80.jpg 80w, https:\/\/www.maxima-dia.com\/wp-content\/uploads\/2021\/08\/CAROMAX1000-3-500x500.jpg 500w, https:\/\/www.maxima-dia.com\/wp-content\/uploads\/2021\/08\/CAROMAX1000-3-1000x1000.jpg 1000w, https:\/\/www.maxima-dia.com\/wp-content\/uploads\/2021\/08\/CAROMAX1000-3.jpg 1700w\" sizes=\"(max-width: 150px) 100vw, 150px\" \/><\/a><\/td>\n<td style=\"width: 33%; text-align: center;\"><a href=\"https:\/\/www.maxima-dia.com\/wp-content\/uploads\/2021\/08\/CAROMAX1000-4.jpg\"><img loading=\"lazy\" decoding=\"async\" class=\"alignnone size-thumbnail wp-image-30105\" src=\"https:\/\/www.maxima-dia.com\/wp-content\/uploads\/2021\/08\/CAROMAX1000-4-150x150.jpg\" alt=\"\" width=\"150\" height=\"150\" srcset=\"https:\/\/www.maxima-dia.com\/wp-content\/uploads\/2021\/08\/CAROMAX1000-4-150x150.jpg 150w, https:\/\/www.maxima-dia.com\/wp-content\/uploads\/2021\/08\/CAROMAX1000-4-300x300.jpg 300w, https:\/\/www.maxima-dia.com\/wp-content\/uploads\/2021\/08\/CAROMAX1000-4-1024x1024.jpg 1024w, https:\/\/www.maxima-dia.com\/wp-content\/uploads\/2021\/08\/CAROMAX1000-4-768x768.jpg 768w, https:\/\/www.maxima-dia.com\/wp-content\/uploads\/2021\/08\/CAROMAX1000-4-1536x1536.jpg 1536w, https:\/\/www.maxima-dia.com\/wp-content\/uploads\/2021\/08\/CAROMAX1000-4-80x80.jpg 80w, https:\/\/www.maxima-dia.com\/wp-content\/uploads\/2021\/08\/CAROMAX1000-4-500x500.jpg 500w, https:\/\/www.maxima-dia.com\/wp-content\/uploads\/2021\/08\/CAROMAX1000-4-1000x1000.jpg 1000w, https:\/\/www.maxima-dia.com\/wp-content\/uploads\/2021\/08\/CAROMAX1000-4.jpg 1700w\" sizes=\"(max-width: 150px) 100vw, 150px\" \/><\/a><\/td>\n<\/tr>\n<\/tbody>\n<\/table>\n<p>&nbsp;<\/p>\n<table class=\"tabellatecnica\" style=\"width: 100%;\" border=\"0\" cellspacing=\"0\" cellpadding=\"0\">\n<thead>\n<tr>\n<td class=\"testata\" colspan=\"2\">TECHNISCHE EIGENSCHAFTEN<\/td>\n<\/tr>\n<\/thead>\n<tbody>\n<tr>\n<td class=\"coltesto1\" style=\"width: 50%;\">Motor: CWEKSR75 mit Wasserku\u0308hlung mit 7500 W &#8211; 400 V<\/td>\n<td class=\"coltesto1\" style=\"width: 50%;\">3 Umdrehungsgeschwindigkeiten im Leerlauf:<\/td>\n<\/tr>\n<tr>\n<td class=\"coltesto1\" style=\"width: 50%;\">Anschluss: 1\u201d1\/4<\/td>\n<td class=\"coltesto1\" style=\"width: 50%;\" rowspan=\"3\">1- 60- 115 Drehungen \/ Min. Durchbohrbarkeit: 580 &#8211; 1000 mm<br \/>\n2 &#8211; 115 &#8211; 230 Drehungen \/ Min. Durchbohrbarkeit: 290 &#8211; 500 mm<br \/>\n3- 180- 360 Drehungen \/ Min. Durchbohrbarkeit: 190 &#8211; 320 mm<\/td>\n<\/tr>\n<tr>\n<td class=\"coltesto2\" style=\"width: 50%;\">Maximaler Durchmesser Bohrl\u00f6cher 1000 mm<\/td>\n<\/tr>\n<tr>\n<td class=\"coltesto2\" style=\"width: 50%;\">Nutzhub: 1080 mm<\/td>\n<\/tr>\n<tr>\n<td class=\"coltesto2\" style=\"width: 50%;\">Zahnstange auf der dem Motor gegenu\u0308berliegenden Seite<\/td>\n<td class=\"coltesto2\" style=\"width: 50%;\">Neigungswinkel 60\u00b0<\/td>\n<\/tr>\n<tr>\n<td class=\"coltesto2\" style=\"width: 50%;\">Schnellabkopplung des Motors<\/td>\n<td class=\"coltesto2\" style=\"width: 50%;\">Gewicht Bohrst\u00e4nder: 37 Kg &#8211; Gewicht Motor: 19,5 Kg<\/td>\n<\/tr>\n<\/tbody>\n<\/table>\n<div id=\"gtx-trans\" style=\"position: absolute; left: 611px; top: 531px;\">\n<div class=\"gtx-trans-icon\">&nbsp;<\/div>\n<\/div>\n<p>[\/vc_column_text][\/vc_column][\/vc_row]<\/p>\n<\/div>","protected":false},"excerpt":{"rendered":"<p>[vc_row][vc_column text_align=&#8220;center&#8220; width=&#8220;1\/4&#8243;][vc_column_text] made in EU&nbsp; &#8211; Zertifikat&nbsp;CE[\/vc_column_text][vc_column_text css_animation=&#8220;slideInDown&#8220; el_class=&#8220;hidebuybutton&#8220;][\/vc_column_text][\/vc_column][vc_column width=&#8220;3\/4&#8243;][vc_column_text]Die Caromax 1000 ist das Spitzenprodukt dieser Produktserie. Sie verwendet den ganz aus Stahl angefertigten professionellen Bohrst\u00e4nder 1000 und zeichnet sich durch absolut hochwertige und robuste technische Bauelemente und den Dreiphasenmotor CWEKSR75 aus. Diese Maschine mit einer Leistung von 7500 W kann dank des Nutzhubs von 1080 mm Kernbohrungen bis zu 1000 mm Durchmesser und 1 m Tiefe durchfu\u0308hren ohne dass Verl\u00e4ngerungen auf der Bohrkrone aufgeschraubt werden mu\u0308ssen. Sie verfu\u0308gt u\u0308ber Stabilisierungsvorrichtungen und eignet sich besonders gut fu\u0308r kontinuierliche Bohrungen mit gro\u00dfen Durchmessern; dank des professionellen Bohrst\u00e4nders 1000 k\u00f6nnen sowohl vorne als auch hinten schr\u00e4ge Bohrl\u00f6cher bis zu einem Winkel von 60\u00b0 durchgefu\u0308hrt werden. &nbsp; TECHNISCHE EIGENSCHAFTEN Motor: CWEKSR75 mit Wasserku\u0308hlung mit 7500 W &#8211; 400 V 3 Umdrehungsgeschwindigkeiten im Leerlauf: Anschluss: 1\u201d1\/4 1- 60- 115 Drehungen \/ Min. Durchbohrbarkeit: 580 &#8211; 1000 mm 2 &#8211; 115 &#8211; 230 Drehungen \/ Min. Durchbohrbarkeit: 290 &#8211; 500 mm 3- 180- 360 Drehungen \/ Min. Durchbohrbarkeit: 190 &#8211; 320 mm Maximaler Durchmesser Bohrl\u00f6cher 1000 mm Nutzhub: 1080 mm Zahnstange auf der dem Motor gegenu\u0308berliegenden Seite Neigungswinkel 60\u00b0 Schnellabkopplung des Motors Gewicht Bohrst\u00e4nder: 37 Kg &#8211; Gewicht Motor: 19,5 Kg &nbsp; [\/vc_column_text][\/vc_column][\/vc_row]<\/p>\n","protected":false},"author":29,"featured_media":30114,"parent":12466,"menu_order":16,"comment_status":"closed","ping_status":"closed","template":"","meta":{"ngg_post_thumbnail":0,"_joinchat":[],"footnotes":""},"class_list":["post-15233","page","type-page","status-publish","has-post-thumbnail","hentry"],"yoast_head":"<!-- This site is optimized with the Yoast SEO plugin v25.5 - https:\/\/yoast.com\/wordpress\/plugins\/seo\/ -->\n<title>Caromax 1000 - Maxima SpA<\/title>\n<meta name=\"robots\" content=\"index, follow, max-snippet:-1, max-image-preview:large, max-video-preview:-1\" \/>\n<link rel=\"canonical\" href=\"https:\/\/www.maxima-dia.com\/de\/bohrmaschinen\/caromax-1000\/\" \/>\n<meta property=\"og:locale\" content=\"de_DE\" \/>\n<meta property=\"og:type\" content=\"article\" \/>\n<meta property=\"og:title\" content=\"Caromax 1000 - Maxima SpA\" \/>\n<meta property=\"og:description\" content=\"[vc_row][vc_column text_align=&#8220;center&#8220; width=&#8220;1\/4&#8243;][vc_column_text] made in EU&nbsp; &#8211; Zertifikat&nbsp;CE[\/vc_column_text][vc_column_text css_animation=&#8220;slideInDown&#8220; el_class=&#8220;hidebuybutton&#8220;][\/vc_column_text][\/vc_column][vc_column width=&#8220;3\/4&#8243;][vc_column_text]Die Caromax 1000 ist das Spitzenprodukt dieser Produktserie. Sie verwendet den ganz aus Stahl angefertigten professionellen Bohrst\u00e4nder 1000 und zeichnet sich durch absolut hochwertige und robuste technische Bauelemente und den Dreiphasenmotor CWEKSR75 aus. Diese Maschine mit einer Leistung von 7500 W kann dank des Nutzhubs von 1080 mm Kernbohrungen bis zu 1000 mm Durchmesser und 1 m Tiefe durchfu\u0308hren ohne dass Verl\u00e4ngerungen auf der Bohrkrone aufgeschraubt werden mu\u0308ssen. Sie verfu\u0308gt u\u0308ber Stabilisierungsvorrichtungen und eignet sich besonders gut fu\u0308r kontinuierliche Bohrungen mit gro\u00dfen Durchmessern; dank des professionellen Bohrst\u00e4nders 1000 k\u00f6nnen sowohl vorne als auch hinten schr\u00e4ge Bohrl\u00f6cher bis zu einem Winkel von 60\u00b0 durchgefu\u0308hrt werden. &nbsp; TECHNISCHE EIGENSCHAFTEN Motor: CWEKSR75 mit Wasserku\u0308hlung mit 7500 W &#8211; 400 V 3 Umdrehungsgeschwindigkeiten im Leerlauf: Anschluss: 1\u201d1\/4 1- 60- 115 Drehungen \/ Min. Durchbohrbarkeit: 580 &#8211; 1000 mm 2 &#8211; 115 &#8211; 230 Drehungen \/ Min. Durchbohrbarkeit: 290 &#8211; 500 mm 3- 180- 360 Drehungen \/ Min. Durchbohrbarkeit: 190 &#8211; 320 mm Maximaler Durchmesser Bohrl\u00f6cher 1000 mm Nutzhub: 1080 mm Zahnstange auf der dem Motor gegenu\u0308berliegenden Seite Neigungswinkel 60\u00b0 Schnellabkopplung des Motors Gewicht Bohrst\u00e4nder: 37 Kg &#8211; Gewicht Motor: 19,5 Kg &nbsp; [\/vc_column_text][\/vc_column][\/vc_row]\" \/>\n<meta property=\"og:url\" content=\"https:\/\/www.maxima-dia.com\/de\/bohrmaschinen\/caromax-1000\/\" \/>\n<meta property=\"og:site_name\" content=\"Maxima SpA\" \/>\n<meta property=\"article:publisher\" content=\"https:\/\/www.facebook.com\/Maxima-spa-106098566139597\" \/>\n<meta property=\"article:modified_time\" content=\"2021-08-03T07:10:03+00:00\" \/>\n<meta property=\"og:image\" content=\"https:\/\/www.maxima-dia.com\/wp-content\/uploads\/2021\/08\/CAROMAX1000.jpg\" \/>\n\t<meta property=\"og:image:width\" content=\"1700\" \/>\n\t<meta property=\"og:image:height\" content=\"1700\" \/>\n\t<meta property=\"og:image:type\" content=\"image\/jpeg\" \/>\n<meta name=\"twitter:card\" content=\"summary_large_image\" \/>\n<meta name=\"twitter:site\" content=\"@Maximadia\" \/>\n<meta name=\"twitter:label1\" content=\"Gesch\u00e4tzte Lesezeit\" \/>\n\t<meta name=\"twitter:data1\" content=\"3\u00a0Minuten\" \/>\n<script type=\"application\/ld+json\" class=\"yoast-schema-graph\">{\"@context\":\"https:\/\/schema.org\",\"@graph\":[{\"@type\":\"WebPage\",\"@id\":\"https:\/\/www.maxima-dia.com\/de\/bohrmaschinen\/caromax-1000\/\",\"url\":\"https:\/\/www.maxima-dia.com\/de\/bohrmaschinen\/caromax-1000\/\",\"name\":\"Caromax 1000 - Maxima SpA\",\"isPartOf\":{\"@id\":\"https:\/\/www.maxima-dia.com\/de\/#website\"},\"primaryImageOfPage\":{\"@id\":\"https:\/\/www.maxima-dia.com\/de\/bohrmaschinen\/caromax-1000\/#primaryimage\"},\"image\":{\"@id\":\"https:\/\/www.maxima-dia.com\/de\/bohrmaschinen\/caromax-1000\/#primaryimage\"},\"thumbnailUrl\":\"https:\/\/www.maxima-dia.com\/wp-content\/uploads\/2021\/08\/CAROMAX1000.jpg\",\"datePublished\":\"2017-03-09T11:23:16+00:00\",\"dateModified\":\"2021-08-03T07:10:03+00:00\",\"breadcrumb\":{\"@id\":\"https:\/\/www.maxima-dia.com\/de\/bohrmaschinen\/caromax-1000\/#breadcrumb\"},\"inLanguage\":\"de\",\"potentialAction\":[{\"@type\":\"ReadAction\",\"target\":[\"https:\/\/www.maxima-dia.com\/de\/bohrmaschinen\/caromax-1000\/\"]}]},{\"@type\":\"ImageObject\",\"inLanguage\":\"de\",\"@id\":\"https:\/\/www.maxima-dia.com\/de\/bohrmaschinen\/caromax-1000\/#primaryimage\",\"url\":\"https:\/\/www.maxima-dia.com\/wp-content\/uploads\/2021\/08\/CAROMAX1000.jpg\",\"contentUrl\":\"https:\/\/www.maxima-dia.com\/wp-content\/uploads\/2021\/08\/CAROMAX1000.jpg\",\"width\":1700,\"height\":1700},{\"@type\":\"BreadcrumbList\",\"@id\":\"https:\/\/www.maxima-dia.com\/de\/bohrmaschinen\/caromax-1000\/#breadcrumb\",\"itemListElement\":[{\"@type\":\"ListItem\",\"position\":1,\"name\":\"Home\",\"item\":\"https:\/\/www.maxima-dia.com\/de\/\"},{\"@type\":\"ListItem\",\"position\":2,\"name\":\"Bohrmaschinen\",\"item\":\"https:\/\/www.maxima-dia.com\/de\/bohrmaschinen\/\"},{\"@type\":\"ListItem\",\"position\":3,\"name\":\"Caromax 1000\"}]},{\"@type\":\"WebSite\",\"@id\":\"https:\/\/www.maxima-dia.com\/de\/#website\",\"url\":\"https:\/\/www.maxima-dia.com\/de\/\",\"name\":\"Maxima SpA\",\"description\":\"Only for the real professionals\",\"potentialAction\":[{\"@type\":\"SearchAction\",\"target\":{\"@type\":\"EntryPoint\",\"urlTemplate\":\"https:\/\/www.maxima-dia.com\/de\/?s={search_term_string}\"},\"query-input\":{\"@type\":\"PropertyValueSpecification\",\"valueRequired\":true,\"valueName\":\"search_term_string\"}}],\"inLanguage\":\"de\"}]}<\/script>\n<!-- \/ Yoast SEO plugin. -->","yoast_head_json":{"title":"Caromax 1000 - Maxima SpA","robots":{"index":"index","follow":"follow","max-snippet":"max-snippet:-1","max-image-preview":"max-image-preview:large","max-video-preview":"max-video-preview:-1"},"canonical":"https:\/\/www.maxima-dia.com\/de\/bohrmaschinen\/caromax-1000\/","og_locale":"de_DE","og_type":"article","og_title":"Caromax 1000 - Maxima SpA","og_description":"[vc_row][vc_column text_align=&#8220;center&#8220; width=&#8220;1\/4&#8243;][vc_column_text] made in EU&nbsp; &#8211; Zertifikat&nbsp;CE[\/vc_column_text][vc_column_text css_animation=&#8220;slideInDown&#8220; el_class=&#8220;hidebuybutton&#8220;][\/vc_column_text][\/vc_column][vc_column width=&#8220;3\/4&#8243;][vc_column_text]Die Caromax 1000 ist das Spitzenprodukt dieser Produktserie. Sie verwendet den ganz aus Stahl angefertigten professionellen Bohrst\u00e4nder 1000 und zeichnet sich durch absolut hochwertige und robuste technische Bauelemente und den Dreiphasenmotor CWEKSR75 aus. Diese Maschine mit einer Leistung von 7500 W kann dank des Nutzhubs von 1080 mm Kernbohrungen bis zu 1000 mm Durchmesser und 1 m Tiefe durchfu\u0308hren ohne dass Verl\u00e4ngerungen auf der Bohrkrone aufgeschraubt werden mu\u0308ssen. Sie verfu\u0308gt u\u0308ber Stabilisierungsvorrichtungen und eignet sich besonders gut fu\u0308r kontinuierliche Bohrungen mit gro\u00dfen Durchmessern; dank des professionellen Bohrst\u00e4nders 1000 k\u00f6nnen sowohl vorne als auch hinten schr\u00e4ge Bohrl\u00f6cher bis zu einem Winkel von 60\u00b0 durchgefu\u0308hrt werden. &nbsp; TECHNISCHE EIGENSCHAFTEN Motor: CWEKSR75 mit Wasserku\u0308hlung mit 7500 W &#8211; 400 V 3 Umdrehungsgeschwindigkeiten im Leerlauf: Anschluss: 1\u201d1\/4 1- 60- 115 Drehungen \/ Min. Durchbohrbarkeit: 580 &#8211; 1000 mm 2 &#8211; 115 &#8211; 230 Drehungen \/ Min. Durchbohrbarkeit: 290 &#8211; 500 mm 3- 180- 360 Drehungen \/ Min. Durchbohrbarkeit: 190 &#8211; 320 mm Maximaler Durchmesser Bohrl\u00f6cher 1000 mm Nutzhub: 1080 mm Zahnstange auf der dem Motor gegenu\u0308berliegenden Seite Neigungswinkel 60\u00b0 Schnellabkopplung des Motors Gewicht Bohrst\u00e4nder: 37 Kg &#8211; Gewicht Motor: 19,5 Kg &nbsp; [\/vc_column_text][\/vc_column][\/vc_row]","og_url":"https:\/\/www.maxima-dia.com\/de\/bohrmaschinen\/caromax-1000\/","og_site_name":"Maxima SpA","article_publisher":"https:\/\/www.facebook.com\/Maxima-spa-106098566139597","article_modified_time":"2021-08-03T07:10:03+00:00","og_image":[{"width":1700,"height":1700,"url":"https:\/\/www.maxima-dia.com\/wp-content\/uploads\/2021\/08\/CAROMAX1000.jpg","type":"image\/jpeg"}],"twitter_card":"summary_large_image","twitter_site":"@Maximadia","twitter_misc":{"Gesch\u00e4tzte Lesezeit":"3\u00a0Minuten"},"schema":{"@context":"https:\/\/schema.org","@graph":[{"@type":"WebPage","@id":"https:\/\/www.maxima-dia.com\/de\/bohrmaschinen\/caromax-1000\/","url":"https:\/\/www.maxima-dia.com\/de\/bohrmaschinen\/caromax-1000\/","name":"Caromax 1000 - Maxima SpA","isPartOf":{"@id":"https:\/\/www.maxima-dia.com\/de\/#website"},"primaryImageOfPage":{"@id":"https:\/\/www.maxima-dia.com\/de\/bohrmaschinen\/caromax-1000\/#primaryimage"},"image":{"@id":"https:\/\/www.maxima-dia.com\/de\/bohrmaschinen\/caromax-1000\/#primaryimage"},"thumbnailUrl":"https:\/\/www.maxima-dia.com\/wp-content\/uploads\/2021\/08\/CAROMAX1000.jpg","datePublished":"2017-03-09T11:23:16+00:00","dateModified":"2021-08-03T07:10:03+00:00","breadcrumb":{"@id":"https:\/\/www.maxima-dia.com\/de\/bohrmaschinen\/caromax-1000\/#breadcrumb"},"inLanguage":"de","potentialAction":[{"@type":"ReadAction","target":["https:\/\/www.maxima-dia.com\/de\/bohrmaschinen\/caromax-1000\/"]}]},{"@type":"ImageObject","inLanguage":"de","@id":"https:\/\/www.maxima-dia.com\/de\/bohrmaschinen\/caromax-1000\/#primaryimage","url":"https:\/\/www.maxima-dia.com\/wp-content\/uploads\/2021\/08\/CAROMAX1000.jpg","contentUrl":"https:\/\/www.maxima-dia.com\/wp-content\/uploads\/2021\/08\/CAROMAX1000.jpg","width":1700,"height":1700},{"@type":"BreadcrumbList","@id":"https:\/\/www.maxima-dia.com\/de\/bohrmaschinen\/caromax-1000\/#breadcrumb","itemListElement":[{"@type":"ListItem","position":1,"name":"Home","item":"https:\/\/www.maxima-dia.com\/de\/"},{"@type":"ListItem","position":2,"name":"Bohrmaschinen","item":"https:\/\/www.maxima-dia.com\/de\/bohrmaschinen\/"},{"@type":"ListItem","position":3,"name":"Caromax 1000"}]},{"@type":"WebSite","@id":"https:\/\/www.maxima-dia.com\/de\/#website","url":"https:\/\/www.maxima-dia.com\/de\/","name":"Maxima SpA","description":"Only for the real professionals","potentialAction":[{"@type":"SearchAction","target":{"@type":"EntryPoint","urlTemplate":"https:\/\/www.maxima-dia.com\/de\/?s={search_term_string}"},"query-input":{"@type":"PropertyValueSpecification","valueRequired":true,"valueName":"search_term_string"}}],"inLanguage":"de"}]}},"_links":{"self":[{"href":"https:\/\/www.maxima-dia.com\/de\/wp-json\/wp\/v2\/pages\/15233"}],"collection":[{"href":"https:\/\/www.maxima-dia.com\/de\/wp-json\/wp\/v2\/pages"}],"about":[{"href":"https:\/\/www.maxima-dia.com\/de\/wp-json\/wp\/v2\/types\/page"}],"author":[{"embeddable":true,"href":"https:\/\/www.maxima-dia.com\/de\/wp-json\/wp\/v2\/users\/29"}],"replies":[{"embeddable":true,"href":"https:\/\/www.maxima-dia.com\/de\/wp-json\/wp\/v2\/comments?post=15233"}],"version-history":[{"count":0,"href":"https:\/\/www.maxima-dia.com\/de\/wp-json\/wp\/v2\/pages\/15233\/revisions"}],"up":[{"embeddable":true,"href":"https:\/\/www.maxima-dia.com\/de\/wp-json\/wp\/v2\/pages\/12466"}],"wp:featuredmedia":[{"embeddable":true,"href":"https:\/\/www.maxima-dia.com\/de\/wp-json\/wp\/v2\/media\/30114"}],"wp:attachment":[{"href":"https:\/\/www.maxima-dia.com\/de\/wp-json\/wp\/v2\/media?parent=15233"}],"curies":[{"name":"wp","href":"https:\/\/api.w.org\/{rel}","templated":true}]}}