{"id":18485,"date":"2018-10-16T12:25:55","date_gmt":"2018-10-16T10:25:55","guid":{"rendered":"https:\/\/www.maxima-dia.com\/?page_id=18485"},"modified":"2022-11-16T12:19:36","modified_gmt":"2022-11-16T11:19:36","slug":"resin-cup","status":"publish","type":"page","link":"https:\/\/www.maxima-dia.com\/de\/diamant-schleiftoepfe\/resin-cup\/","title":{"rendered":"Resin Cup"},"content":{"rendered":"<div class=\"wpb-content-wrapper\"><p>[vc_row][vc_column text_align=&#8220;center&#8220; width=&#8220;1\/4&#8243;][vc_column_text]<a href=\"https:\/\/www.maxima-dia.com\/wp-content\/uploads\/2022\/11\/RESIN_CUP-11-2022-1.jpg\"><img loading=\"lazy\" decoding=\"async\" class=\"alignnone size-thumbnail wp-image-35705\" src=\"https:\/\/www.maxima-dia.com\/wp-content\/uploads\/2022\/11\/RESIN_CUP-11-2022-1-150x150.jpg\" alt=\"\" width=\"150\" height=\"150\" srcset=\"https:\/\/www.maxima-dia.com\/wp-content\/uploads\/2022\/11\/RESIN_CUP-11-2022-1-150x150.jpg 150w, https:\/\/www.maxima-dia.com\/wp-content\/uploads\/2022\/11\/RESIN_CUP-11-2022-1-300x300.jpg 300w, https:\/\/www.maxima-dia.com\/wp-content\/uploads\/2022\/11\/RESIN_CUP-11-2022-1-1024x1024.jpg 1024w, https:\/\/www.maxima-dia.com\/wp-content\/uploads\/2022\/11\/RESIN_CUP-11-2022-1-768x768.jpg 768w, https:\/\/www.maxima-dia.com\/wp-content\/uploads\/2022\/11\/RESIN_CUP-11-2022-1-80x80.jpg 80w, https:\/\/www.maxima-dia.com\/wp-content\/uploads\/2022\/11\/RESIN_CUP-11-2022-1-500x500.jpg 500w, https:\/\/www.maxima-dia.com\/wp-content\/uploads\/2022\/11\/RESIN_CUP-11-2022-1-1000x1000.jpg 1000w, https:\/\/www.maxima-dia.com\/wp-content\/uploads\/2022\/11\/RESIN_CUP-11-2022-1.jpg 1500w\" sizes=\"(max-width: 150px) 100vw, 150px\" \/><\/a>[\/vc_column_text][vc_column_text css_animation=&#8220;slideInDown&#8220; el_class=&#8220;hidebuybutton&#8220;]<a href=\"https:\/\/www.storemaxima.com\/de\/diamant-schleiftoepfe\/236-resin-cup.html\" target=\"_blank\" rel=\"noopener\"><img loading=\"lazy\" decoding=\"async\" class=\"alignnone\" title=\"Kaufen Auf www.storemaxima.com\" src=\"https:\/\/www.maxima-dia.com\/wp-content\/uploads\/2019\/12\/pulsante-acquista-storemaxima.com-de.svg\" alt=\"Kaufen Auf www.storemaxima.com\" width=\"180\" height=\"80\"><\/a>[\/vc_column_text][\/vc_column][vc_column width=&#8220;3\/4&#8243;][vc_column_text]<strong>Resin Cup<\/strong> wurde entwickelt um Bearbeitungen durchzuf\u00fchren, die mit traditionellen Schleift\u00f6pfen nicht m\u00f6glich sind, wie z.B. das Abtragen von Klebstoffen, Farben, Harzen, Ummantelungen, usw. Die exklusiven Eins\u00e4tze aus polykristallinem Material dienen dazu, genau jene Materialien zu entfernen, die bei der Verwendung traditioneller Werkzeuge Schwierigkeiten verursachen. Im Gegensatz zu anderen Schleifwerkzeugen entfernt <strong>Resin Cup<\/strong> das Material durch \u201cRei\u00dfen\u201d und nicht durch Abreiben. Er darf nicht auf normalen Baustoffen eingesetzt werden.<\/p>\n<table class=\"tabellatecnica\" style=\"width: 80%;\" border=\"0\" cellspacing=\"0\" cellpadding=\"0\">\n<thead>\n<tr>\n<td class=\"testata\" colspan=\"2\">TECHNISCHE TABELLE<\/td>\n<\/tr>\n<\/thead>\n<tbody>\n<tr>\n<td class=\"prima\">Ausgeh\u00e4rteter Zement \/ Ziegel \/ Dachpfannen<\/td>\n<td class=\"seconda\">&nbsp;<\/td>\n<\/tr>\n<tr>\n<td class=\"prima\">Schwach bewehrter Beton<\/td>\n<td class=\"seconda\">&nbsp;<\/td>\n<\/tr>\n<tr>\n<td class=\"prima\">Stark bewehrter Beton<\/td>\n<td class=\"seconda\">&nbsp;<\/td>\n<\/tr>\n<tr>\n<td class=\"prima\">Granit \/ Naturstein \/ Porphyr<\/td>\n<td class=\"seconda\">&nbsp;<\/td>\n<\/tr>\n<tr>\n<td class=\"prima\">Marmor<\/td>\n<td class=\"seconda\">&nbsp;<\/td>\n<\/tr>\n<tr>\n<td class=\"prima\">Schamotte<\/td>\n<td class=\"seconda\">&nbsp;<\/td>\n<\/tr>\n<tr>\n<td class=\"prima\">Sandstein \/ Waschbetonplatten<\/td>\n<td class=\"seconda\">&nbsp;<\/td>\n<\/tr>\n<tr>\n<td class=\"prima\">Keramikfliesen (Zweibrandverfahren)<\/td>\n<td class=\"seconda\">&nbsp;<\/td>\n<\/tr>\n<tr>\n<td class=\"prima\">Keramikfliesen (Einbrandverfahren)<\/td>\n<td class=\"seconda\">&nbsp;<\/td>\n<\/tr>\n<tr>\n<td class=\"prima\">Feinsteinzeug \/ Klinker<\/td>\n<td class=\"seconda\">&nbsp;<\/td>\n<\/tr>\n<tr>\n<td class=\"prima\">Frischer Zement<\/td>\n<td class=\"seconda\">&nbsp;<\/td>\n<\/tr>\n<tr>\n<td class=\"prima\">Asphalt<\/td>\n<td class=\"seconda\">&nbsp;<\/td>\n<\/tr>\n<tr>\n<td class=\"prima\">Kleb- und Dichtstoffe<\/td>\n<td class=\"seconda\"><img loading=\"lazy\" decoding=\"async\" src=\"https:\/\/www.maxima-dia.com\/wp-content\/uploads\/2013\/10\/discobolo_tab-e1384332059749.jpg\" alt=\"discobolo tabelle\" width=\"18\" height=\"28\"><img loading=\"lazy\" decoding=\"async\" src=\"https:\/\/www.maxima-dia.com\/wp-content\/uploads\/2013\/10\/discobolo_tab-e1384332059749.jpg\" alt=\"discobolo tabelle\" width=\"18\" height=\"28\"><img loading=\"lazy\" decoding=\"async\" src=\"https:\/\/www.maxima-dia.com\/wp-content\/uploads\/2013\/10\/discobolo_tab-e1384332059749.jpg\" alt=\"discobolo tabelle\" width=\"18\" height=\"28\"><img loading=\"lazy\" decoding=\"async\" src=\"https:\/\/www.maxima-dia.com\/wp-content\/uploads\/2013\/10\/discobolo_tab-e1384332059749.jpg\" alt=\"discobolo tabelle\" width=\"18\" height=\"28\"><\/td>\n<\/tr>\n<tr>\n<td class=\"prima\">Epoxy und H\u00fcllen<\/td>\n<td class=\"seconda\"><img loading=\"lazy\" decoding=\"async\" src=\"https:\/\/www.maxima-dia.com\/wp-content\/uploads\/2013\/10\/discobolo_tab-e1384332059749.jpg\" alt=\"discobolo tabelle\" width=\"18\" height=\"28\"><img loading=\"lazy\" decoding=\"async\" src=\"https:\/\/www.maxima-dia.com\/wp-content\/uploads\/2013\/10\/discobolo_tab-e1384332059749.jpg\" alt=\"discobolo tabelle\" width=\"18\" height=\"28\"><img loading=\"lazy\" decoding=\"async\" src=\"https:\/\/www.maxima-dia.com\/wp-content\/uploads\/2013\/10\/discobolo_tab-e1384332059749.jpg\" alt=\"discobolo tabelle\" width=\"18\" height=\"28\"><img loading=\"lazy\" decoding=\"async\" src=\"https:\/\/www.maxima-dia.com\/wp-content\/uploads\/2013\/10\/discobolo_tab-e1384332059749.jpg\" alt=\"discobolo tabelle\" width=\"18\" height=\"28\"><img loading=\"lazy\" decoding=\"async\" src=\"https:\/\/www.maxima-dia.com\/wp-content\/uploads\/2013\/10\/discobolo_tab-e1384332059749.jpg\" alt=\"discobolo tabelle\" width=\"18\" height=\"28\"><\/td>\n<\/tr>\n<tr>\n<td class=\"prima\">Klebstoffe<\/td>\n<td class=\"seconda\"><img loading=\"lazy\" decoding=\"async\" src=\"https:\/\/www.maxima-dia.com\/wp-content\/uploads\/2013\/10\/discobolo_tab-e1384332059749.jpg\" alt=\"discobolo tabelle\" width=\"18\" height=\"28\"><img loading=\"lazy\" decoding=\"async\" src=\"https:\/\/www.maxima-dia.com\/wp-content\/uploads\/2013\/10\/discobolo_tab-e1384332059749.jpg\" alt=\"discobolo tabelle\" width=\"18\" height=\"28\"><img loading=\"lazy\" decoding=\"async\" src=\"https:\/\/www.maxima-dia.com\/wp-content\/uploads\/2013\/10\/discobolo_tab-e1384332059749.jpg\" alt=\"discobolo tabelle\" width=\"18\" height=\"28\"><\/td>\n<\/tr>\n<tr>\n<td class=\"prima\">Farben<\/td>\n<td class=\"seconda\"><img loading=\"lazy\" decoding=\"async\" src=\"https:\/\/www.maxima-dia.com\/wp-content\/uploads\/2013\/10\/discobolo_tab-e1384332059749.jpg\" alt=\"discobolo tabelle\" width=\"18\" height=\"28\"><img loading=\"lazy\" decoding=\"async\" src=\"https:\/\/www.maxima-dia.com\/wp-content\/uploads\/2013\/10\/discobolo_tab-e1384332059749.jpg\" alt=\"discobolo tabelle\" width=\"18\" height=\"28\"><img loading=\"lazy\" decoding=\"async\" src=\"https:\/\/www.maxima-dia.com\/wp-content\/uploads\/2013\/10\/discobolo_tab-e1384332059749.jpg\" alt=\"discobolo tabelle\" width=\"18\" height=\"28\"><\/td>\n<\/tr>\n<tr>\n<td class=\"intervallo\" colspan=\"2\">&nbsp;<\/td>\n<\/tr>\n<tr>\n<td class=\"prima\">Schnittgeschwindigkeit<\/td>\n<td class=\"seconda\"><img loading=\"lazy\" decoding=\"async\" src=\"https:\/\/www.maxima-dia.com\/wp-content\/uploads\/2013\/10\/discobolo_tab-e1384332059749.jpg\" alt=\"discobolo tabelle\" width=\"18\" height=\"28\"><img loading=\"lazy\" decoding=\"async\" src=\"https:\/\/www.maxima-dia.com\/wp-content\/uploads\/2013\/10\/discobolo_tab-e1384332059749.jpg\" alt=\"discobolo tabelle\" width=\"18\" height=\"28\"><img loading=\"lazy\" decoding=\"async\" src=\"https:\/\/www.maxima-dia.com\/wp-content\/uploads\/2013\/10\/discobolo_tab-e1384332059749.jpg\" alt=\"discobolo tabelle\" width=\"18\" height=\"28\"><img loading=\"lazy\" decoding=\"async\" src=\"https:\/\/www.maxima-dia.com\/wp-content\/uploads\/2013\/10\/discobolo_tab-e1384332059749.jpg\" alt=\"discobolo tabelle\" width=\"18\" height=\"28\"><img loading=\"lazy\" decoding=\"async\" src=\"https:\/\/www.maxima-dia.com\/wp-content\/uploads\/2013\/10\/discobolo_tab-e1384332059749.jpg\" alt=\"discobolo tabelle\" width=\"18\" height=\"28\"><\/td>\n<\/tr>\n<tr>\n<td class=\"prima\">Mittlere Standfestigkeit<\/td>\n<td class=\"seconda\"><img loading=\"lazy\" decoding=\"async\" src=\"https:\/\/www.maxima-dia.com\/wp-content\/uploads\/2013\/10\/discobolo_tab-e1384332059749.jpg\" alt=\"discobolo tabelle\" width=\"18\" height=\"28\"><img loading=\"lazy\" decoding=\"async\" src=\"https:\/\/www.maxima-dia.com\/wp-content\/uploads\/2013\/10\/discobolo_tab-e1384332059749.jpg\" alt=\"discobolo tabelle\" width=\"18\" height=\"28\"><\/td>\n<\/tr>\n<tr>\n<td class=\"legenda\" colspan=\"2\"><strong>ausreichend<\/strong><img loading=\"lazy\" decoding=\"async\" src=\"https:\/\/www.maxima-dia.com\/wp-content\/uploads\/2013\/10\/discobolo_tab-e1384332059749.jpg\" alt=\"discobolo tabelle\" width=\"18\" height=\"28\">&nbsp;&nbsp;&nbsp;&nbsp;&nbsp;<strong>mittel<\/strong><img loading=\"lazy\" decoding=\"async\" src=\"https:\/\/www.maxima-dia.com\/wp-content\/uploads\/2013\/10\/discobolo_tab-e1384332059749.jpg\" alt=\"discobolo tabelle\" width=\"18\" height=\"28\"><img loading=\"lazy\" decoding=\"async\" src=\"https:\/\/www.maxima-dia.com\/wp-content\/uploads\/2013\/10\/discobolo_tab-e1384332059749.jpg\" alt=\"discobolo tabelle\" width=\"18\" height=\"28\">&nbsp;&nbsp;&nbsp;&nbsp;&nbsp;<strong>gut<\/strong><img loading=\"lazy\" decoding=\"async\" src=\"https:\/\/www.maxima-dia.com\/wp-content\/uploads\/2013\/10\/discobolo_tab-e1384332059749.jpg\" alt=\"discobolo tabelle\" width=\"18\" height=\"28\"><img loading=\"lazy\" decoding=\"async\" src=\"https:\/\/www.maxima-dia.com\/wp-content\/uploads\/2013\/10\/discobolo_tab-e1384332059749.jpg\" alt=\"discobolo tabelle\" width=\"18\" height=\"28\"><img loading=\"lazy\" decoding=\"async\" src=\"https:\/\/www.maxima-dia.com\/wp-content\/uploads\/2013\/10\/discobolo_tab-e1384332059749.jpg\" alt=\"discobolo tabelle\" width=\"18\" height=\"28\">&nbsp;&nbsp;&nbsp;&nbsp;&nbsp;<strong>optimal<\/strong><img loading=\"lazy\" decoding=\"async\" src=\"https:\/\/www.maxima-dia.com\/wp-content\/uploads\/2013\/10\/discobolo_tab-e1384332059749.jpg\" alt=\"discobolo tabelle\" width=\"18\" height=\"28\"><img loading=\"lazy\" decoding=\"async\" src=\"https:\/\/www.maxima-dia.com\/wp-content\/uploads\/2013\/10\/discobolo_tab-e1384332059749.jpg\" alt=\"discobolo tabelle\" width=\"18\" height=\"28\"><img loading=\"lazy\" decoding=\"async\" src=\"https:\/\/www.maxima-dia.com\/wp-content\/uploads\/2013\/10\/discobolo_tab-e1384332059749.jpg\" alt=\"discobolo tabelle\" width=\"18\" height=\"28\"><img loading=\"lazy\" decoding=\"async\" src=\"https:\/\/www.maxima-dia.com\/wp-content\/uploads\/2013\/10\/discobolo_tab-e1384332059749.jpg\" alt=\"discobolo tabelle\" width=\"18\" height=\"28\">&nbsp;&nbsp;&nbsp;&nbsp;&nbsp;<strong>super<\/strong><img loading=\"lazy\" decoding=\"async\" src=\"https:\/\/www.maxima-dia.com\/wp-content\/uploads\/2013\/10\/discobolo_tab-e1384332059749.jpg\" alt=\"discobolo tabelle\" width=\"18\" height=\"28\"><img loading=\"lazy\" decoding=\"async\" src=\"https:\/\/www.maxima-dia.com\/wp-content\/uploads\/2013\/10\/discobolo_tab-e1384332059749.jpg\" alt=\"discobolo tabelle\" width=\"18\" height=\"28\"><img loading=\"lazy\" decoding=\"async\" src=\"https:\/\/www.maxima-dia.com\/wp-content\/uploads\/2013\/10\/discobolo_tab-e1384332059749.jpg\" alt=\"discobolo tabelle\" width=\"18\" height=\"28\"><img loading=\"lazy\" decoding=\"async\" src=\"https:\/\/www.maxima-dia.com\/wp-content\/uploads\/2013\/10\/discobolo_tab-e1384332059749.jpg\" alt=\"discobolo tabelle\" width=\"18\" height=\"28\"><img loading=\"lazy\" decoding=\"async\" src=\"https:\/\/www.maxima-dia.com\/wp-content\/uploads\/2013\/10\/discobolo_tab-e1384332059749.jpg\" alt=\"discobolo tabelle\" width=\"18\" height=\"28\"><\/td>\n<\/tr>\n<\/tbody>\n<\/table>\n<p>&nbsp;<\/p>\n<table class=\"tabellatecnica\" style=\"width: 80%;\" border=\"0\" cellspacing=\"0\" cellpadding=\"0\">\n<thead>\n<tr>\n<td class=\"testata\" colspan=\"2\">VERF\u00dcGBARE DURCHMESSER<\/td>\n<\/tr>\n<\/thead>\n<tbody>\n<tr>\n<td style=\"width: 50%;\"><img decoding=\"async\" class=\" wp-image-7009 alignleft\" src=\"\/wp-content\/uploads\/2013\/10\/s-taglio1.png\" alt=\"s-taglio1\" height=\"30\" srcset=\"https:\/\/www.maxima-dia.com\/wp-content\/uploads\/2013\/10\/s-taglio1.png 381w, https:\/\/www.maxima-dia.com\/wp-content\/uploads\/2013\/10\/s-taglio1-300x140.png 300w\" sizes=\"(max-width: 381px) 100vw, 381px\" \/>125<\/td>\n<td style=\"width: 50%;\"><img loading=\"lazy\" decoding=\"async\" class=\"alignleft wp-image-15716\" src=\"\/wp-content\/uploads\/2013\/11\/icon_levimax.png\" alt=\"\" width=\"42\" height=\"30\">125<\/td>\n<\/tr>\n<\/tbody>\n<\/table>\n<p>&nbsp;<\/p>\n<div id=\"gtx-trans\" style=\"position: absolute; left: 716px; top: 38px;\">\n<div class=\"gtx-trans-icon\">&nbsp;<\/div>\n<\/div>\n<p>[\/vc_column_text][\/vc_column][\/vc_row]<\/p>\n<\/div>","protected":false},"excerpt":{"rendered":"<p>[vc_row][vc_column text_align=&#8220;center&#8220; width=&#8220;1\/4&#8243;][vc_column_text][\/vc_column_text][vc_column_text css_animation=&#8220;slideInDown&#8220; el_class=&#8220;hidebuybutton&#8220;][\/vc_column_text][\/vc_column][vc_column width=&#8220;3\/4&#8243;][vc_column_text]Resin Cup wurde entwickelt um Bearbeitungen durchzuf\u00fchren, die mit traditionellen Schleift\u00f6pfen nicht m\u00f6glich sind, wie z.B. das Abtragen von Klebstoffen, Farben, Harzen, Ummantelungen, usw. Die exklusiven Eins\u00e4tze aus polykristallinem Material dienen dazu, genau jene Materialien zu entfernen, die bei der Verwendung traditioneller Werkzeuge Schwierigkeiten verursachen. Im Gegensatz zu anderen Schleifwerkzeugen entfernt Resin Cup das Material durch \u201cRei\u00dfen\u201d und nicht durch Abreiben. Er darf nicht auf normalen Baustoffen eingesetzt werden. TECHNISCHE TABELLE Ausgeh\u00e4rteter Zement \/ Ziegel \/ Dachpfannen &nbsp; Schwach bewehrter Beton &nbsp; Stark bewehrter Beton &nbsp; Granit \/ Naturstein \/ Porphyr &nbsp; Marmor &nbsp; Schamotte &nbsp; Sandstein \/ Waschbetonplatten &nbsp; Keramikfliesen (Zweibrandverfahren) &nbsp; Keramikfliesen (Einbrandverfahren) &nbsp; Feinsteinzeug \/ Klinker &nbsp; Frischer Zement &nbsp; Asphalt &nbsp; Kleb- und Dichtstoffe Epoxy und H\u00fcllen Klebstoffe Farben &nbsp; Schnittgeschwindigkeit Mittlere Standfestigkeit ausreichend&nbsp;&nbsp;&nbsp;&nbsp;&nbsp;mittel&nbsp;&nbsp;&nbsp;&nbsp;&nbsp;gut&nbsp;&nbsp;&nbsp;&nbsp;&nbsp;optimal&nbsp;&nbsp;&nbsp;&nbsp;&nbsp;super &nbsp; VERF\u00dcGBARE DURCHMESSER 125 125 &nbsp; &nbsp; [\/vc_column_text][\/vc_column][\/vc_row]<\/p>\n","protected":false},"author":29,"featured_media":35705,"parent":12572,"menu_order":1,"comment_status":"closed","ping_status":"closed","template":"","meta":{"ngg_post_thumbnail":0,"_joinchat":[],"footnotes":""},"class_list":["post-18485","page","type-page","status-publish","has-post-thumbnail","hentry"],"yoast_head":"<!-- This site is optimized with the Yoast SEO plugin v25.5 - https:\/\/yoast.com\/wordpress\/plugins\/seo\/ -->\n<title>Resin Cup - Maxima SpA<\/title>\n<meta name=\"robots\" content=\"index, follow, max-snippet:-1, max-image-preview:large, max-video-preview:-1\" \/>\n<link rel=\"canonical\" href=\"https:\/\/www.maxima-dia.com\/de\/diamant-schleiftoepfe\/resin-cup\/\" \/>\n<meta property=\"og:locale\" content=\"de_DE\" \/>\n<meta property=\"og:type\" content=\"article\" \/>\n<meta property=\"og:title\" content=\"Resin Cup - Maxima SpA\" \/>\n<meta property=\"og:description\" content=\"[vc_row][vc_column text_align=&#8220;center&#8220; width=&#8220;1\/4&#8243;][vc_column_text][\/vc_column_text][vc_column_text css_animation=&#8220;slideInDown&#8220; el_class=&#8220;hidebuybutton&#8220;][\/vc_column_text][\/vc_column][vc_column width=&#8220;3\/4&#8243;][vc_column_text]Resin Cup wurde entwickelt um Bearbeitungen durchzuf\u00fchren, die mit traditionellen Schleift\u00f6pfen nicht m\u00f6glich sind, wie z.B. das Abtragen von Klebstoffen, Farben, Harzen, Ummantelungen, usw. Die exklusiven Eins\u00e4tze aus polykristallinem Material dienen dazu, genau jene Materialien zu entfernen, die bei der Verwendung traditioneller Werkzeuge Schwierigkeiten verursachen. Im Gegensatz zu anderen Schleifwerkzeugen entfernt Resin Cup das Material durch \u201cRei\u00dfen\u201d und nicht durch Abreiben. Er darf nicht auf normalen Baustoffen eingesetzt werden. TECHNISCHE TABELLE Ausgeh\u00e4rteter Zement \/ Ziegel \/ Dachpfannen &nbsp; Schwach bewehrter Beton &nbsp; Stark bewehrter Beton &nbsp; Granit \/ Naturstein \/ Porphyr &nbsp; Marmor &nbsp; Schamotte &nbsp; Sandstein \/ Waschbetonplatten &nbsp; Keramikfliesen (Zweibrandverfahren) &nbsp; Keramikfliesen (Einbrandverfahren) &nbsp; Feinsteinzeug \/ Klinker &nbsp; Frischer Zement &nbsp; Asphalt &nbsp; Kleb- und Dichtstoffe Epoxy und H\u00fcllen Klebstoffe Farben &nbsp; Schnittgeschwindigkeit Mittlere Standfestigkeit ausreichend&nbsp;&nbsp;&nbsp;&nbsp;&nbsp;mittel&nbsp;&nbsp;&nbsp;&nbsp;&nbsp;gut&nbsp;&nbsp;&nbsp;&nbsp;&nbsp;optimal&nbsp;&nbsp;&nbsp;&nbsp;&nbsp;super &nbsp; VERF\u00dcGBARE DURCHMESSER 125 125 &nbsp; &nbsp; [\/vc_column_text][\/vc_column][\/vc_row]\" \/>\n<meta property=\"og:url\" content=\"https:\/\/www.maxima-dia.com\/de\/diamant-schleiftoepfe\/resin-cup\/\" \/>\n<meta property=\"og:site_name\" content=\"Maxima SpA\" \/>\n<meta property=\"article:publisher\" content=\"https:\/\/www.facebook.com\/Maxima-spa-106098566139597\" \/>\n<meta property=\"article:modified_time\" content=\"2022-11-16T11:19:36+00:00\" \/>\n<meta property=\"og:image\" content=\"https:\/\/www.maxima-dia.com\/wp-content\/uploads\/2022\/11\/RESIN_CUP-11-2022-1.jpg\" \/>\n\t<meta property=\"og:image:width\" content=\"1500\" \/>\n\t<meta property=\"og:image:height\" content=\"1500\" \/>\n\t<meta property=\"og:image:type\" content=\"image\/jpeg\" \/>\n<meta name=\"twitter:card\" content=\"summary_large_image\" \/>\n<meta name=\"twitter:site\" content=\"@Maximadia\" \/>\n<meta name=\"twitter:label1\" content=\"Gesch\u00e4tzte Lesezeit\" \/>\n\t<meta name=\"twitter:data1\" content=\"9\u00a0Minuten\" \/>\n<script type=\"application\/ld+json\" class=\"yoast-schema-graph\">{\"@context\":\"https:\/\/schema.org\",\"@graph\":[{\"@type\":\"WebPage\",\"@id\":\"https:\/\/www.maxima-dia.com\/de\/diamant-schleiftoepfe\/resin-cup\/\",\"url\":\"https:\/\/www.maxima-dia.com\/de\/diamant-schleiftoepfe\/resin-cup\/\",\"name\":\"Resin Cup - Maxima SpA\",\"isPartOf\":{\"@id\":\"https:\/\/www.maxima-dia.com\/de\/#website\"},\"primaryImageOfPage\":{\"@id\":\"https:\/\/www.maxima-dia.com\/de\/diamant-schleiftoepfe\/resin-cup\/#primaryimage\"},\"image\":{\"@id\":\"https:\/\/www.maxima-dia.com\/de\/diamant-schleiftoepfe\/resin-cup\/#primaryimage\"},\"thumbnailUrl\":\"https:\/\/www.maxima-dia.com\/wp-content\/uploads\/2022\/11\/RESIN_CUP-11-2022-1.jpg\",\"datePublished\":\"2018-10-16T10:25:55+00:00\",\"dateModified\":\"2022-11-16T11:19:36+00:00\",\"breadcrumb\":{\"@id\":\"https:\/\/www.maxima-dia.com\/de\/diamant-schleiftoepfe\/resin-cup\/#breadcrumb\"},\"inLanguage\":\"de\",\"potentialAction\":[{\"@type\":\"ReadAction\",\"target\":[\"https:\/\/www.maxima-dia.com\/de\/diamant-schleiftoepfe\/resin-cup\/\"]}]},{\"@type\":\"ImageObject\",\"inLanguage\":\"de\",\"@id\":\"https:\/\/www.maxima-dia.com\/de\/diamant-schleiftoepfe\/resin-cup\/#primaryimage\",\"url\":\"https:\/\/www.maxima-dia.com\/wp-content\/uploads\/2022\/11\/RESIN_CUP-11-2022-1.jpg\",\"contentUrl\":\"https:\/\/www.maxima-dia.com\/wp-content\/uploads\/2022\/11\/RESIN_CUP-11-2022-1.jpg\",\"width\":1500,\"height\":1500},{\"@type\":\"BreadcrumbList\",\"@id\":\"https:\/\/www.maxima-dia.com\/de\/diamant-schleiftoepfe\/resin-cup\/#breadcrumb\",\"itemListElement\":[{\"@type\":\"ListItem\",\"position\":1,\"name\":\"Home\",\"item\":\"https:\/\/www.maxima-dia.com\/de\/\"},{\"@type\":\"ListItem\",\"position\":2,\"name\":\"Diamant Schleift\u00f6pfe\",\"item\":\"https:\/\/www.maxima-dia.com\/de\/diamant-schleiftoepfe\/\"},{\"@type\":\"ListItem\",\"position\":3,\"name\":\"Resin Cup\"}]},{\"@type\":\"WebSite\",\"@id\":\"https:\/\/www.maxima-dia.com\/de\/#website\",\"url\":\"https:\/\/www.maxima-dia.com\/de\/\",\"name\":\"Maxima SpA\",\"description\":\"Only for the real professionals\",\"potentialAction\":[{\"@type\":\"SearchAction\",\"target\":{\"@type\":\"EntryPoint\",\"urlTemplate\":\"https:\/\/www.maxima-dia.com\/de\/?s={search_term_string}\"},\"query-input\":{\"@type\":\"PropertyValueSpecification\",\"valueRequired\":true,\"valueName\":\"search_term_string\"}}],\"inLanguage\":\"de\"}]}<\/script>\n<!-- \/ Yoast SEO plugin. -->","yoast_head_json":{"title":"Resin Cup - Maxima SpA","robots":{"index":"index","follow":"follow","max-snippet":"max-snippet:-1","max-image-preview":"max-image-preview:large","max-video-preview":"max-video-preview:-1"},"canonical":"https:\/\/www.maxima-dia.com\/de\/diamant-schleiftoepfe\/resin-cup\/","og_locale":"de_DE","og_type":"article","og_title":"Resin Cup - Maxima SpA","og_description":"[vc_row][vc_column text_align=&#8220;center&#8220; width=&#8220;1\/4&#8243;][vc_column_text][\/vc_column_text][vc_column_text css_animation=&#8220;slideInDown&#8220; el_class=&#8220;hidebuybutton&#8220;][\/vc_column_text][\/vc_column][vc_column width=&#8220;3\/4&#8243;][vc_column_text]Resin Cup wurde entwickelt um Bearbeitungen durchzuf\u00fchren, die mit traditionellen Schleift\u00f6pfen nicht m\u00f6glich sind, wie z.B. das Abtragen von Klebstoffen, Farben, Harzen, Ummantelungen, usw. Die exklusiven Eins\u00e4tze aus polykristallinem Material dienen dazu, genau jene Materialien zu entfernen, die bei der Verwendung traditioneller Werkzeuge Schwierigkeiten verursachen. Im Gegensatz zu anderen Schleifwerkzeugen entfernt Resin Cup das Material durch \u201cRei\u00dfen\u201d und nicht durch Abreiben. Er darf nicht auf normalen Baustoffen eingesetzt werden. TECHNISCHE TABELLE Ausgeh\u00e4rteter Zement \/ Ziegel \/ Dachpfannen &nbsp; Schwach bewehrter Beton &nbsp; Stark bewehrter Beton &nbsp; Granit \/ Naturstein \/ Porphyr &nbsp; Marmor &nbsp; Schamotte &nbsp; Sandstein \/ Waschbetonplatten &nbsp; Keramikfliesen (Zweibrandverfahren) &nbsp; Keramikfliesen (Einbrandverfahren) &nbsp; Feinsteinzeug \/ Klinker &nbsp; Frischer Zement &nbsp; Asphalt &nbsp; Kleb- und Dichtstoffe Epoxy und H\u00fcllen Klebstoffe Farben &nbsp; Schnittgeschwindigkeit Mittlere Standfestigkeit ausreichend&nbsp;&nbsp;&nbsp;&nbsp;&nbsp;mittel&nbsp;&nbsp;&nbsp;&nbsp;&nbsp;gut&nbsp;&nbsp;&nbsp;&nbsp;&nbsp;optimal&nbsp;&nbsp;&nbsp;&nbsp;&nbsp;super &nbsp; VERF\u00dcGBARE DURCHMESSER 125 125 &nbsp; &nbsp; [\/vc_column_text][\/vc_column][\/vc_row]","og_url":"https:\/\/www.maxima-dia.com\/de\/diamant-schleiftoepfe\/resin-cup\/","og_site_name":"Maxima SpA","article_publisher":"https:\/\/www.facebook.com\/Maxima-spa-106098566139597","article_modified_time":"2022-11-16T11:19:36+00:00","og_image":[{"width":1500,"height":1500,"url":"https:\/\/www.maxima-dia.com\/wp-content\/uploads\/2022\/11\/RESIN_CUP-11-2022-1.jpg","type":"image\/jpeg"}],"twitter_card":"summary_large_image","twitter_site":"@Maximadia","twitter_misc":{"Gesch\u00e4tzte Lesezeit":"9\u00a0Minuten"},"schema":{"@context":"https:\/\/schema.org","@graph":[{"@type":"WebPage","@id":"https:\/\/www.maxima-dia.com\/de\/diamant-schleiftoepfe\/resin-cup\/","url":"https:\/\/www.maxima-dia.com\/de\/diamant-schleiftoepfe\/resin-cup\/","name":"Resin Cup - Maxima SpA","isPartOf":{"@id":"https:\/\/www.maxima-dia.com\/de\/#website"},"primaryImageOfPage":{"@id":"https:\/\/www.maxima-dia.com\/de\/diamant-schleiftoepfe\/resin-cup\/#primaryimage"},"image":{"@id":"https:\/\/www.maxima-dia.com\/de\/diamant-schleiftoepfe\/resin-cup\/#primaryimage"},"thumbnailUrl":"https:\/\/www.maxima-dia.com\/wp-content\/uploads\/2022\/11\/RESIN_CUP-11-2022-1.jpg","datePublished":"2018-10-16T10:25:55+00:00","dateModified":"2022-11-16T11:19:36+00:00","breadcrumb":{"@id":"https:\/\/www.maxima-dia.com\/de\/diamant-schleiftoepfe\/resin-cup\/#breadcrumb"},"inLanguage":"de","potentialAction":[{"@type":"ReadAction","target":["https:\/\/www.maxima-dia.com\/de\/diamant-schleiftoepfe\/resin-cup\/"]}]},{"@type":"ImageObject","inLanguage":"de","@id":"https:\/\/www.maxima-dia.com\/de\/diamant-schleiftoepfe\/resin-cup\/#primaryimage","url":"https:\/\/www.maxima-dia.com\/wp-content\/uploads\/2022\/11\/RESIN_CUP-11-2022-1.jpg","contentUrl":"https:\/\/www.maxima-dia.com\/wp-content\/uploads\/2022\/11\/RESIN_CUP-11-2022-1.jpg","width":1500,"height":1500},{"@type":"BreadcrumbList","@id":"https:\/\/www.maxima-dia.com\/de\/diamant-schleiftoepfe\/resin-cup\/#breadcrumb","itemListElement":[{"@type":"ListItem","position":1,"name":"Home","item":"https:\/\/www.maxima-dia.com\/de\/"},{"@type":"ListItem","position":2,"name":"Diamant Schleift\u00f6pfe","item":"https:\/\/www.maxima-dia.com\/de\/diamant-schleiftoepfe\/"},{"@type":"ListItem","position":3,"name":"Resin Cup"}]},{"@type":"WebSite","@id":"https:\/\/www.maxima-dia.com\/de\/#website","url":"https:\/\/www.maxima-dia.com\/de\/","name":"Maxima SpA","description":"Only for the real professionals","potentialAction":[{"@type":"SearchAction","target":{"@type":"EntryPoint","urlTemplate":"https:\/\/www.maxima-dia.com\/de\/?s={search_term_string}"},"query-input":{"@type":"PropertyValueSpecification","valueRequired":true,"valueName":"search_term_string"}}],"inLanguage":"de"}]}},"_links":{"self":[{"href":"https:\/\/www.maxima-dia.com\/de\/wp-json\/wp\/v2\/pages\/18485"}],"collection":[{"href":"https:\/\/www.maxima-dia.com\/de\/wp-json\/wp\/v2\/pages"}],"about":[{"href":"https:\/\/www.maxima-dia.com\/de\/wp-json\/wp\/v2\/types\/page"}],"author":[{"embeddable":true,"href":"https:\/\/www.maxima-dia.com\/de\/wp-json\/wp\/v2\/users\/29"}],"replies":[{"embeddable":true,"href":"https:\/\/www.maxima-dia.com\/de\/wp-json\/wp\/v2\/comments?post=18485"}],"version-history":[{"count":1,"href":"https:\/\/www.maxima-dia.com\/de\/wp-json\/wp\/v2\/pages\/18485\/revisions"}],"predecessor-version":[{"id":35785,"href":"https:\/\/www.maxima-dia.com\/de\/wp-json\/wp\/v2\/pages\/18485\/revisions\/35785"}],"up":[{"embeddable":true,"href":"https:\/\/www.maxima-dia.com\/de\/wp-json\/wp\/v2\/pages\/12572"}],"wp:featuredmedia":[{"embeddable":true,"href":"https:\/\/www.maxima-dia.com\/de\/wp-json\/wp\/v2\/media\/35705"}],"wp:attachment":[{"href":"https:\/\/www.maxima-dia.com\/de\/wp-json\/wp\/v2\/media?parent=18485"}],"curies":[{"name":"wp","href":"https:\/\/api.w.org\/{rel}","templated":true}]}}