{"id":18869,"date":"2018-10-17T10:34:58","date_gmt":"2018-10-17T08:34:58","guid":{"rendered":"https:\/\/www.maxima-dia.com\/?page_id=18869"},"modified":"2022-11-16T12:04:40","modified_gmt":"2022-11-16T11:04:40","slug":"orange-cup","status":"publish","type":"page","link":"https:\/\/www.maxima-dia.com\/de\/diamant-schleiftoepfe\/orange-cup\/","title":{"rendered":"Orange Cup"},"content":{"rendered":"<div class=\"wpb-content-wrapper\"><p>[vc_row][vc_column text_align=&#8220;center&#8220; width=&#8220;1\/4&#8243;][vc_column_text]<a href=\"https:\/\/www.maxima-dia.com\/wp-content\/uploads\/2022\/11\/ARANCIO_CUP-11-2022.jpg\"><img loading=\"lazy\" decoding=\"async\" class=\"alignnone size-thumbnail wp-image-35669\" src=\"https:\/\/www.maxima-dia.com\/wp-content\/uploads\/2022\/11\/ARANCIO_CUP-11-2022-150x150.jpg\" alt=\"\" width=\"150\" height=\"150\" srcset=\"https:\/\/www.maxima-dia.com\/wp-content\/uploads\/2022\/11\/ARANCIO_CUP-11-2022-150x150.jpg 150w, https:\/\/www.maxima-dia.com\/wp-content\/uploads\/2022\/11\/ARANCIO_CUP-11-2022-300x300.jpg 300w, https:\/\/www.maxima-dia.com\/wp-content\/uploads\/2022\/11\/ARANCIO_CUP-11-2022-1024x1024.jpg 1024w, https:\/\/www.maxima-dia.com\/wp-content\/uploads\/2022\/11\/ARANCIO_CUP-11-2022-768x768.jpg 768w, https:\/\/www.maxima-dia.com\/wp-content\/uploads\/2022\/11\/ARANCIO_CUP-11-2022-80x80.jpg 80w, https:\/\/www.maxima-dia.com\/wp-content\/uploads\/2022\/11\/ARANCIO_CUP-11-2022-500x500.jpg 500w, https:\/\/www.maxima-dia.com\/wp-content\/uploads\/2022\/11\/ARANCIO_CUP-11-2022-1000x1000.jpg 1000w, https:\/\/www.maxima-dia.com\/wp-content\/uploads\/2022\/11\/ARANCIO_CUP-11-2022.jpg 1500w\" sizes=\"(max-width: 150px) 100vw, 150px\" \/><\/a>[\/vc_column_text][vc_column_text css_animation=&#8220;slideInDown&#8220; el_class=&#8220;hidebuybutton&#8220;]<a href=\"https:\/\/www.storemaxima.com\/de\/diamant-schleiftoepfe\/239-orange-cup.html\" target=\"_blank\" rel=\"noopener\"><img loading=\"lazy\" decoding=\"async\" class=\"alignnone\" title=\"Kaufen Auf www.storemaxima.com\" src=\"https:\/\/www.maxima-dia.com\/wp-content\/uploads\/2019\/12\/pulsante-acquista-storemaxima.com-de.svg\" alt=\"Kaufen Auf www.storemaxima.com\" width=\"180\" height=\"80\"><\/a>[\/vc_column_text][\/vc_column][vc_column width=&#8220;3\/4&#8243;][vc_column_text]Dank dem gro\u00dfen Querschnitt der \u00d6ffnungen, der Schraffierung der Segmente und dem besonderen Design der Krone zeichnet sich <strong>Orange Cup<\/strong> auch an den h\u00e4rtesten Materialien wie Naturstein, Porphyr, Granit und Zement durch Schnelligkeit und Aggressivit\u00e4t aus und bringt seine speziellen Qualit\u00e4ten zur Geltung. Er ist leichter und handlicher als die Produkte der Konkurrenz und besticht durch eine optimale Ausgewogenheit, die eine sichere und einfache Bedienung garantieren. <strong>Orange Cup<\/strong> eignet sich ausgezeichnet f\u00fcr die Montage an Schleifmaschinen und manuelle Schleifmaschinen und f\u00fcr den universellen Einsatz auf der Baustelle oder im Bereich der Steinbearbeitung.<\/p>\n<table class=\"tabellatecnica\" style=\"height: 518px;\" border=\"0\" cellspacing=\"0\" cellpadding=\"0\">\n<thead>\n<tr style=\"height: 24px;\">\n<td class=\"testata\" style=\"height: 24px; width: 636px;\" colspan=\"2\">TECHNISCHE TABELLE<\/td>\n<\/tr>\n<\/thead>\n<tbody>\n<tr style=\"height: 35px;\">\n<td class=\"prima\" style=\"height: 35px; width: 491px;\">Ausgeh\u00e4rteter Zement\/Ziegel\/Dachpfannen<\/td>\n<td class=\"seconda\" style=\"height: 35px; width: 143px;\"><b class=\"txtred\">\u2605<\/b><b class=\"txtred\">\u2605<\/b><b class=\"txtred\">\u2605<\/b><b class=\"txtred\">\u2605<\/b><b class=\"txtred\">\u2605<\/b><\/td>\n<\/tr>\n<tr style=\"height: 35px;\">\n<td class=\"prima\" style=\"height: 35px; width: 491px;\">Schwach bewehrter Beton<\/td>\n<td class=\"seconda\" style=\"height: 35px; width: 143px;\"><b class=\"txtred\">\u2605<\/b><b class=\"txtred\">\u2605<\/b><b class=\"txtred\">\u2605<\/b><\/td>\n<\/tr>\n<tr style=\"height: 24px;\">\n<td class=\"prima\" style=\"height: 24px; width: 491px;\">Stark bewehrter Beton<\/td>\n<td class=\"seconda\" style=\"height: 24px; width: 143px;\"><b class=\"txtred\">\u2605<\/b><\/td>\n<\/tr>\n<tr style=\"height: 35px;\">\n<td class=\"prima\" style=\"height: 35px; width: 491px;\">Granit\/Naturstein\/Porphyr<\/td>\n<td class=\"seconda\" style=\"height: 35px; width: 143px;\"><b class=\"txtred\">\u2605<\/b><b class=\"txtred\">\u2605<\/b><b class=\"txtred\">\u2605<\/b><b class=\"txtred\">\u2605<\/b><\/td>\n<\/tr>\n<tr style=\"height: 35px;\">\n<td class=\"prima\" style=\"height: 35px; width: 491px;\">Marmor<\/td>\n<td class=\"seconda\" style=\"height: 35px; width: 143px;\"><b class=\"txtred\">\u2605<\/b><b class=\"txtred\">\u2605<\/b><\/td>\n<\/tr>\n<tr style=\"height: 35px;\">\n<td class=\"prima\" style=\"height: 35px; width: 491px;\">Schamotte<\/td>\n<td class=\"seconda\" style=\"height: 35px; width: 143px;\"><b class=\"txtred\">\u2605<\/b><\/td>\n<\/tr>\n<tr style=\"height: 35px;\">\n<td class=\"prima\" style=\"height: 35px; width: 491px;\">Sandstein \/ Waschbetonplatten<\/td>\n<td class=\"seconda\" style=\"height: 35px; width: 143px;\"><b class=\"txtred\">\u2605<\/b><\/td>\n<\/tr>\n<tr style=\"height: 24px;\">\n<td class=\"prima\" style=\"height: 24px; width: 491px;\">Keramikfliesen (Zweibrandverfahren)<\/td>\n<td class=\"seconda\" style=\"height: 24px; width: 143px;\">&nbsp;<\/td>\n<\/tr>\n<tr style=\"height: 24px;\">\n<td class=\"prima\" style=\"height: 24px; width: 491px;\">Keramikfliesen (Einbrandverfahren)<\/td>\n<td class=\"seconda\" style=\"height: 24px; width: 143px;\">&nbsp;<\/td>\n<\/tr>\n<tr style=\"height: 24px;\">\n<td class=\"prima\" style=\"height: 24px; width: 491px;\">Feinsteinzeug \/ Klinker<\/td>\n<td class=\"seconda\" style=\"height: 24px; width: 143px;\">&nbsp;<\/td>\n<\/tr>\n<tr style=\"height: 35px;\">\n<td class=\"prima\" style=\"height: 35px; width: 491px;\">Frischer Zement<\/td>\n<td class=\"seconda\" style=\"height: 35px; width: 143px;\"><b class=\"txtred\">\u2605<\/b><\/td>\n<\/tr>\n<tr style=\"height: 24px;\">\n<td class=\"prima\" style=\"height: 24px; width: 491px;\">Asphalt<\/td>\n<td class=\"seconda\" style=\"height: 24px; width: 143px;\">&nbsp;<\/td>\n<\/tr>\n<tr style=\"height: 24px;\">\n<td class=\"intervallo\" style=\"height: 24px; width: 636px;\" colspan=\"2\">&nbsp;<\/td>\n<\/tr>\n<tr style=\"height: 35px;\">\n<td class=\"prima\" style=\"height: 35px; width: 491px;\">Schnittgeschwindigkeit<\/td>\n<td class=\"seconda\" style=\"height: 35px; width: 143px;\"><b class=\"txtred\">\u2605<\/b><b class=\"txtred\">\u2605<\/b><b class=\"txtred\">\u2605<\/b><b class=\"txtred\">\u2605<\/b><b class=\"txtred\">\u2605<\/b><\/td>\n<\/tr>\n<tr style=\"height: 35px;\">\n<td class=\"prima\" style=\"height: 35px; width: 491px;\">Mittlere Standfestigkeit<\/td>\n<td class=\"seconda\" style=\"height: 35px; width: 143px;\"><b class=\"txtred\">\u2605<\/b><b class=\"txtred\">\u2605<\/b><b class=\"txtred\">\u2605<\/b><b class=\"txtred\">\u2605<\/b><\/td>\n<\/tr>\n<tr style=\"height: 35px;\">\n<td class=\"legenda\" style=\"height: 35px; width: 636px;\" colspan=\"2\"><strong>ausreichend<\/strong><b class=\"txtred\">\u2605<\/b>&nbsp;&nbsp;&nbsp;&nbsp;&nbsp;<strong>mittel<\/strong><b class=\"txtred\">\u2605<\/b><b class=\"txtred\">\u2605<\/b>&nbsp;&nbsp;&nbsp;&nbsp;&nbsp;<strong>gut<\/strong><b class=\"txtred\">\u2605<\/b><b class=\"txtred\">\u2605<\/b><b class=\"txtred\">\u2605<\/b>&nbsp;&nbsp;&nbsp;&nbsp;&nbsp;<strong>optimal<\/strong><b class=\"txtred\">\u2605<\/b><b class=\"txtred\">\u2605<\/b><b class=\"txtred\">\u2605<\/b><b class=\"txtred\">\u2605<\/b>&nbsp;&nbsp;&nbsp;&nbsp;&nbsp;<strong>super<\/strong><b class=\"txtred\">\u2605<\/b><b class=\"txtred\">\u2605<\/b><b class=\"txtred\">\u2605<\/b><b class=\"txtred\">\u2605<\/b><b class=\"txtred\">\u2605<\/b><\/td>\n<\/tr>\n<\/tbody>\n<\/table>\n<p>&nbsp;<\/p>\n<table class=\"tabellatecnica\" style=\"width: 100%;\" border=\"0\" cellspacing=\"0\" cellpadding=\"0\">\n<thead>\n<tr>\n<td class=\"testata\" style=\"width: 100%;\" colspan=\"2\">VERF\u00dcGBARE DURCHMESSER<\/td>\n<\/tr>\n<\/thead>\n<tbody>\n<tr>\n<td style=\"width: 50%;\"><img decoding=\"async\" class=\" wp-image-7009 alignleft\" src=\"\/wp-content\/uploads\/2013\/10\/s-taglio1.png\" alt=\"s-taglio1\" height=\"30\" srcset=\"https:\/\/www.maxima-dia.com\/wp-content\/uploads\/2013\/10\/s-taglio1.png 381w, https:\/\/www.maxima-dia.com\/wp-content\/uploads\/2013\/10\/s-taglio1-300x140.png 300w\" sizes=\"(max-width: 381px) 100vw, 381px\" \/>125<\/td>\n<td style=\"width: 50%;\"><img loading=\"lazy\" decoding=\"async\" class=\"alignleft wp-image-15716 size-full\" src=\"\/wp-content\/uploads\/2013\/11\/icon_levimax.png\" alt=\"\" width=\"42\" height=\"30\">125<\/td>\n<\/tr>\n<\/tbody>\n<\/table>\n<p>&nbsp;<\/p>\n<div id=\"gtx-trans\" style=\"position: absolute; left: 1106px; top: 38px;\">\n<div class=\"gtx-trans-icon\">&nbsp;<\/div>\n<\/div>\n<p>[\/vc_column_text][\/vc_column][\/vc_row]<\/p>\n<\/div>","protected":false},"excerpt":{"rendered":"<p>[vc_row][vc_column text_align=&#8220;center&#8220; width=&#8220;1\/4&#8243;][vc_column_text][\/vc_column_text][vc_column_text css_animation=&#8220;slideInDown&#8220; el_class=&#8220;hidebuybutton&#8220;][\/vc_column_text][\/vc_column][vc_column width=&#8220;3\/4&#8243;][vc_column_text]Dank dem gro\u00dfen Querschnitt der \u00d6ffnungen, der Schraffierung der Segmente und dem besonderen Design der Krone zeichnet sich Orange Cup auch an den h\u00e4rtesten Materialien wie Naturstein, Porphyr, Granit und Zement durch Schnelligkeit und Aggressivit\u00e4t aus und bringt seine speziellen Qualit\u00e4ten zur Geltung. Er ist leichter und handlicher als die Produkte der Konkurrenz und besticht durch eine optimale Ausgewogenheit, die eine sichere und einfache Bedienung garantieren. Orange Cup eignet sich ausgezeichnet f\u00fcr die Montage an Schleifmaschinen und manuelle Schleifmaschinen und f\u00fcr den universellen Einsatz auf der Baustelle oder im Bereich der Steinbearbeitung. TECHNISCHE TABELLE Ausgeh\u00e4rteter Zement\/Ziegel\/Dachpfannen \u2605\u2605\u2605\u2605\u2605 Schwach bewehrter Beton \u2605\u2605\u2605 Stark bewehrter Beton \u2605 Granit\/Naturstein\/Porphyr \u2605\u2605\u2605\u2605 Marmor \u2605\u2605 Schamotte \u2605 Sandstein \/ Waschbetonplatten \u2605 Keramikfliesen (Zweibrandverfahren) &nbsp; Keramikfliesen (Einbrandverfahren) &nbsp; Feinsteinzeug \/ Klinker &nbsp; Frischer Zement \u2605 Asphalt &nbsp; &nbsp; Schnittgeschwindigkeit \u2605\u2605\u2605\u2605\u2605 Mittlere Standfestigkeit \u2605\u2605\u2605\u2605 ausreichend\u2605&nbsp;&nbsp;&nbsp;&nbsp;&nbsp;mittel\u2605\u2605&nbsp;&nbsp;&nbsp;&nbsp;&nbsp;gut\u2605\u2605\u2605&nbsp;&nbsp;&nbsp;&nbsp;&nbsp;optimal\u2605\u2605\u2605\u2605&nbsp;&nbsp;&nbsp;&nbsp;&nbsp;super\u2605\u2605\u2605\u2605\u2605 &nbsp; VERF\u00dcGBARE DURCHMESSER 125 125 &nbsp; &nbsp; [\/vc_column_text][\/vc_column][\/vc_row]<\/p>\n","protected":false},"author":29,"featured_media":35669,"parent":12572,"menu_order":4,"comment_status":"closed","ping_status":"closed","template":"","meta":{"ngg_post_thumbnail":0,"_joinchat":[],"footnotes":""},"class_list":["post-18869","page","type-page","status-publish","has-post-thumbnail","hentry"],"yoast_head":"<!-- This site is optimized with the Yoast SEO plugin v25.5 - https:\/\/yoast.com\/wordpress\/plugins\/seo\/ -->\n<title>Orange Cup - Maxima SpA<\/title>\n<meta name=\"robots\" content=\"index, follow, max-snippet:-1, max-image-preview:large, max-video-preview:-1\" \/>\n<link rel=\"canonical\" href=\"https:\/\/www.maxima-dia.com\/de\/diamant-schleiftoepfe\/orange-cup\/\" \/>\n<meta property=\"og:locale\" content=\"de_DE\" \/>\n<meta property=\"og:type\" content=\"article\" \/>\n<meta property=\"og:title\" content=\"Orange Cup - Maxima SpA\" \/>\n<meta property=\"og:description\" content=\"[vc_row][vc_column text_align=&#8220;center&#8220; width=&#8220;1\/4&#8243;][vc_column_text][\/vc_column_text][vc_column_text css_animation=&#8220;slideInDown&#8220; el_class=&#8220;hidebuybutton&#8220;][\/vc_column_text][\/vc_column][vc_column width=&#8220;3\/4&#8243;][vc_column_text]Dank dem gro\u00dfen Querschnitt der \u00d6ffnungen, der Schraffierung der Segmente und dem besonderen Design der Krone zeichnet sich Orange Cup auch an den h\u00e4rtesten Materialien wie Naturstein, Porphyr, Granit und Zement durch Schnelligkeit und Aggressivit\u00e4t aus und bringt seine speziellen Qualit\u00e4ten zur Geltung. Er ist leichter und handlicher als die Produkte der Konkurrenz und besticht durch eine optimale Ausgewogenheit, die eine sichere und einfache Bedienung garantieren. Orange Cup eignet sich ausgezeichnet f\u00fcr die Montage an Schleifmaschinen und manuelle Schleifmaschinen und f\u00fcr den universellen Einsatz auf der Baustelle oder im Bereich der Steinbearbeitung. TECHNISCHE TABELLE Ausgeh\u00e4rteter Zement\/Ziegel\/Dachpfannen \u2605\u2605\u2605\u2605\u2605 Schwach bewehrter Beton \u2605\u2605\u2605 Stark bewehrter Beton \u2605 Granit\/Naturstein\/Porphyr \u2605\u2605\u2605\u2605 Marmor \u2605\u2605 Schamotte \u2605 Sandstein \/ Waschbetonplatten \u2605 Keramikfliesen (Zweibrandverfahren) &nbsp; Keramikfliesen (Einbrandverfahren) &nbsp; Feinsteinzeug \/ Klinker &nbsp; Frischer Zement \u2605 Asphalt &nbsp; &nbsp; Schnittgeschwindigkeit \u2605\u2605\u2605\u2605\u2605 Mittlere Standfestigkeit \u2605\u2605\u2605\u2605 ausreichend\u2605&nbsp;&nbsp;&nbsp;&nbsp;&nbsp;mittel\u2605\u2605&nbsp;&nbsp;&nbsp;&nbsp;&nbsp;gut\u2605\u2605\u2605&nbsp;&nbsp;&nbsp;&nbsp;&nbsp;optimal\u2605\u2605\u2605\u2605&nbsp;&nbsp;&nbsp;&nbsp;&nbsp;super\u2605\u2605\u2605\u2605\u2605 &nbsp; VERF\u00dcGBARE DURCHMESSER 125 125 &nbsp; &nbsp; [\/vc_column_text][\/vc_column][\/vc_row]\" \/>\n<meta property=\"og:url\" content=\"https:\/\/www.maxima-dia.com\/de\/diamant-schleiftoepfe\/orange-cup\/\" \/>\n<meta property=\"og:site_name\" content=\"Maxima SpA\" \/>\n<meta property=\"article:publisher\" content=\"https:\/\/www.facebook.com\/Maxima-spa-106098566139597\" \/>\n<meta property=\"article:modified_time\" content=\"2022-11-16T11:04:40+00:00\" \/>\n<meta property=\"og:image\" content=\"https:\/\/www.maxima-dia.com\/wp-content\/uploads\/2022\/11\/ARANCIO_CUP-11-2022.jpg\" \/>\n\t<meta property=\"og:image:width\" content=\"1500\" \/>\n\t<meta property=\"og:image:height\" content=\"1500\" \/>\n\t<meta property=\"og:image:type\" content=\"image\/jpeg\" \/>\n<meta name=\"twitter:card\" content=\"summary_large_image\" \/>\n<meta name=\"twitter:site\" content=\"@Maximadia\" \/>\n<meta name=\"twitter:label1\" content=\"Gesch\u00e4tzte Lesezeit\" \/>\n\t<meta name=\"twitter:data1\" content=\"10\u00a0Minuten\" \/>\n<script type=\"application\/ld+json\" class=\"yoast-schema-graph\">{\"@context\":\"https:\/\/schema.org\",\"@graph\":[{\"@type\":\"WebPage\",\"@id\":\"https:\/\/www.maxima-dia.com\/de\/diamant-schleiftoepfe\/orange-cup\/\",\"url\":\"https:\/\/www.maxima-dia.com\/de\/diamant-schleiftoepfe\/orange-cup\/\",\"name\":\"Orange Cup - Maxima SpA\",\"isPartOf\":{\"@id\":\"https:\/\/www.maxima-dia.com\/de\/#website\"},\"primaryImageOfPage\":{\"@id\":\"https:\/\/www.maxima-dia.com\/de\/diamant-schleiftoepfe\/orange-cup\/#primaryimage\"},\"image\":{\"@id\":\"https:\/\/www.maxima-dia.com\/de\/diamant-schleiftoepfe\/orange-cup\/#primaryimage\"},\"thumbnailUrl\":\"https:\/\/www.maxima-dia.com\/wp-content\/uploads\/2022\/11\/ARANCIO_CUP-11-2022.jpg\",\"datePublished\":\"2018-10-17T08:34:58+00:00\",\"dateModified\":\"2022-11-16T11:04:40+00:00\",\"breadcrumb\":{\"@id\":\"https:\/\/www.maxima-dia.com\/de\/diamant-schleiftoepfe\/orange-cup\/#breadcrumb\"},\"inLanguage\":\"de\",\"potentialAction\":[{\"@type\":\"ReadAction\",\"target\":[\"https:\/\/www.maxima-dia.com\/de\/diamant-schleiftoepfe\/orange-cup\/\"]}]},{\"@type\":\"ImageObject\",\"inLanguage\":\"de\",\"@id\":\"https:\/\/www.maxima-dia.com\/de\/diamant-schleiftoepfe\/orange-cup\/#primaryimage\",\"url\":\"https:\/\/www.maxima-dia.com\/wp-content\/uploads\/2022\/11\/ARANCIO_CUP-11-2022.jpg\",\"contentUrl\":\"https:\/\/www.maxima-dia.com\/wp-content\/uploads\/2022\/11\/ARANCIO_CUP-11-2022.jpg\",\"width\":1500,\"height\":1500},{\"@type\":\"BreadcrumbList\",\"@id\":\"https:\/\/www.maxima-dia.com\/de\/diamant-schleiftoepfe\/orange-cup\/#breadcrumb\",\"itemListElement\":[{\"@type\":\"ListItem\",\"position\":1,\"name\":\"Home\",\"item\":\"https:\/\/www.maxima-dia.com\/de\/\"},{\"@type\":\"ListItem\",\"position\":2,\"name\":\"Diamant Schleift\u00f6pfe\",\"item\":\"https:\/\/www.maxima-dia.com\/de\/diamant-schleiftoepfe\/\"},{\"@type\":\"ListItem\",\"position\":3,\"name\":\"Orange Cup\"}]},{\"@type\":\"WebSite\",\"@id\":\"https:\/\/www.maxima-dia.com\/de\/#website\",\"url\":\"https:\/\/www.maxima-dia.com\/de\/\",\"name\":\"Maxima SpA\",\"description\":\"Only for the real professionals\",\"potentialAction\":[{\"@type\":\"SearchAction\",\"target\":{\"@type\":\"EntryPoint\",\"urlTemplate\":\"https:\/\/www.maxima-dia.com\/de\/?s={search_term_string}\"},\"query-input\":{\"@type\":\"PropertyValueSpecification\",\"valueRequired\":true,\"valueName\":\"search_term_string\"}}],\"inLanguage\":\"de\"}]}<\/script>\n<!-- \/ Yoast SEO plugin. -->","yoast_head_json":{"title":"Orange Cup - Maxima SpA","robots":{"index":"index","follow":"follow","max-snippet":"max-snippet:-1","max-image-preview":"max-image-preview:large","max-video-preview":"max-video-preview:-1"},"canonical":"https:\/\/www.maxima-dia.com\/de\/diamant-schleiftoepfe\/orange-cup\/","og_locale":"de_DE","og_type":"article","og_title":"Orange Cup - Maxima SpA","og_description":"[vc_row][vc_column text_align=&#8220;center&#8220; width=&#8220;1\/4&#8243;][vc_column_text][\/vc_column_text][vc_column_text css_animation=&#8220;slideInDown&#8220; el_class=&#8220;hidebuybutton&#8220;][\/vc_column_text][\/vc_column][vc_column width=&#8220;3\/4&#8243;][vc_column_text]Dank dem gro\u00dfen Querschnitt der \u00d6ffnungen, der Schraffierung der Segmente und dem besonderen Design der Krone zeichnet sich Orange Cup auch an den h\u00e4rtesten Materialien wie Naturstein, Porphyr, Granit und Zement durch Schnelligkeit und Aggressivit\u00e4t aus und bringt seine speziellen Qualit\u00e4ten zur Geltung. Er ist leichter und handlicher als die Produkte der Konkurrenz und besticht durch eine optimale Ausgewogenheit, die eine sichere und einfache Bedienung garantieren. Orange Cup eignet sich ausgezeichnet f\u00fcr die Montage an Schleifmaschinen und manuelle Schleifmaschinen und f\u00fcr den universellen Einsatz auf der Baustelle oder im Bereich der Steinbearbeitung. TECHNISCHE TABELLE Ausgeh\u00e4rteter Zement\/Ziegel\/Dachpfannen \u2605\u2605\u2605\u2605\u2605 Schwach bewehrter Beton \u2605\u2605\u2605 Stark bewehrter Beton \u2605 Granit\/Naturstein\/Porphyr \u2605\u2605\u2605\u2605 Marmor \u2605\u2605 Schamotte \u2605 Sandstein \/ Waschbetonplatten \u2605 Keramikfliesen (Zweibrandverfahren) &nbsp; Keramikfliesen (Einbrandverfahren) &nbsp; Feinsteinzeug \/ Klinker &nbsp; Frischer Zement \u2605 Asphalt &nbsp; &nbsp; Schnittgeschwindigkeit \u2605\u2605\u2605\u2605\u2605 Mittlere Standfestigkeit \u2605\u2605\u2605\u2605 ausreichend\u2605&nbsp;&nbsp;&nbsp;&nbsp;&nbsp;mittel\u2605\u2605&nbsp;&nbsp;&nbsp;&nbsp;&nbsp;gut\u2605\u2605\u2605&nbsp;&nbsp;&nbsp;&nbsp;&nbsp;optimal\u2605\u2605\u2605\u2605&nbsp;&nbsp;&nbsp;&nbsp;&nbsp;super\u2605\u2605\u2605\u2605\u2605 &nbsp; VERF\u00dcGBARE DURCHMESSER 125 125 &nbsp; &nbsp; [\/vc_column_text][\/vc_column][\/vc_row]","og_url":"https:\/\/www.maxima-dia.com\/de\/diamant-schleiftoepfe\/orange-cup\/","og_site_name":"Maxima SpA","article_publisher":"https:\/\/www.facebook.com\/Maxima-spa-106098566139597","article_modified_time":"2022-11-16T11:04:40+00:00","og_image":[{"width":1500,"height":1500,"url":"https:\/\/www.maxima-dia.com\/wp-content\/uploads\/2022\/11\/ARANCIO_CUP-11-2022.jpg","type":"image\/jpeg"}],"twitter_card":"summary_large_image","twitter_site":"@Maximadia","twitter_misc":{"Gesch\u00e4tzte Lesezeit":"10\u00a0Minuten"},"schema":{"@context":"https:\/\/schema.org","@graph":[{"@type":"WebPage","@id":"https:\/\/www.maxima-dia.com\/de\/diamant-schleiftoepfe\/orange-cup\/","url":"https:\/\/www.maxima-dia.com\/de\/diamant-schleiftoepfe\/orange-cup\/","name":"Orange Cup - Maxima SpA","isPartOf":{"@id":"https:\/\/www.maxima-dia.com\/de\/#website"},"primaryImageOfPage":{"@id":"https:\/\/www.maxima-dia.com\/de\/diamant-schleiftoepfe\/orange-cup\/#primaryimage"},"image":{"@id":"https:\/\/www.maxima-dia.com\/de\/diamant-schleiftoepfe\/orange-cup\/#primaryimage"},"thumbnailUrl":"https:\/\/www.maxima-dia.com\/wp-content\/uploads\/2022\/11\/ARANCIO_CUP-11-2022.jpg","datePublished":"2018-10-17T08:34:58+00:00","dateModified":"2022-11-16T11:04:40+00:00","breadcrumb":{"@id":"https:\/\/www.maxima-dia.com\/de\/diamant-schleiftoepfe\/orange-cup\/#breadcrumb"},"inLanguage":"de","potentialAction":[{"@type":"ReadAction","target":["https:\/\/www.maxima-dia.com\/de\/diamant-schleiftoepfe\/orange-cup\/"]}]},{"@type":"ImageObject","inLanguage":"de","@id":"https:\/\/www.maxima-dia.com\/de\/diamant-schleiftoepfe\/orange-cup\/#primaryimage","url":"https:\/\/www.maxima-dia.com\/wp-content\/uploads\/2022\/11\/ARANCIO_CUP-11-2022.jpg","contentUrl":"https:\/\/www.maxima-dia.com\/wp-content\/uploads\/2022\/11\/ARANCIO_CUP-11-2022.jpg","width":1500,"height":1500},{"@type":"BreadcrumbList","@id":"https:\/\/www.maxima-dia.com\/de\/diamant-schleiftoepfe\/orange-cup\/#breadcrumb","itemListElement":[{"@type":"ListItem","position":1,"name":"Home","item":"https:\/\/www.maxima-dia.com\/de\/"},{"@type":"ListItem","position":2,"name":"Diamant Schleift\u00f6pfe","item":"https:\/\/www.maxima-dia.com\/de\/diamant-schleiftoepfe\/"},{"@type":"ListItem","position":3,"name":"Orange Cup"}]},{"@type":"WebSite","@id":"https:\/\/www.maxima-dia.com\/de\/#website","url":"https:\/\/www.maxima-dia.com\/de\/","name":"Maxima SpA","description":"Only for the real professionals","potentialAction":[{"@type":"SearchAction","target":{"@type":"EntryPoint","urlTemplate":"https:\/\/www.maxima-dia.com\/de\/?s={search_term_string}"},"query-input":{"@type":"PropertyValueSpecification","valueRequired":true,"valueName":"search_term_string"}}],"inLanguage":"de"}]}},"_links":{"self":[{"href":"https:\/\/www.maxima-dia.com\/de\/wp-json\/wp\/v2\/pages\/18869"}],"collection":[{"href":"https:\/\/www.maxima-dia.com\/de\/wp-json\/wp\/v2\/pages"}],"about":[{"href":"https:\/\/www.maxima-dia.com\/de\/wp-json\/wp\/v2\/types\/page"}],"author":[{"embeddable":true,"href":"https:\/\/www.maxima-dia.com\/de\/wp-json\/wp\/v2\/users\/29"}],"replies":[{"embeddable":true,"href":"https:\/\/www.maxima-dia.com\/de\/wp-json\/wp\/v2\/comments?post=18869"}],"version-history":[{"count":2,"href":"https:\/\/www.maxima-dia.com\/de\/wp-json\/wp\/v2\/pages\/18869\/revisions"}],"predecessor-version":[{"id":35760,"href":"https:\/\/www.maxima-dia.com\/de\/wp-json\/wp\/v2\/pages\/18869\/revisions\/35760"}],"up":[{"embeddable":true,"href":"https:\/\/www.maxima-dia.com\/de\/wp-json\/wp\/v2\/pages\/12572"}],"wp:featuredmedia":[{"embeddable":true,"href":"https:\/\/www.maxima-dia.com\/de\/wp-json\/wp\/v2\/media\/35669"}],"wp:attachment":[{"href":"https:\/\/www.maxima-dia.com\/de\/wp-json\/wp\/v2\/media?parent=18869"}],"curies":[{"name":"wp","href":"https:\/\/api.w.org\/{rel}","templated":true}]}}