{"id":19180,"date":"2018-10-24T10:58:11","date_gmt":"2018-10-24T08:58:11","guid":{"rendered":"https:\/\/www.maxima-dia.com\/?page_id=19180"},"modified":"2021-07-22T12:05:59","modified_gmt":"2021-07-22T10:05:59","slug":"cuffia-t115-t125-t230","status":"publish","type":"page","link":"https:\/\/www.maxima-dia.com\/de\/zubehoer-fuer-diamant-trennscheiben-kern-bohrung-und-schleifen\/cuffia-t115-t125-t230\/","title":{"rendered":"Cuffia T115 &#8211; T125 &#8211; T230"},"content":{"rendered":"<div class=\"wpb-content-wrapper\"><p>[vc_row][vc_column text_align=&#8220;center&#8220; width=&#8220;1\/4&#8243;][vc_column_text]<a href=\"https:\/\/www.maxima-dia.com\/wp-content\/uploads\/2021\/07\/CUFFIA_T115-T125-T230.jpg\"><img loading=\"lazy\" decoding=\"async\" class=\"alignnone wp-image-29518 size-thumbnail\" src=\"https:\/\/www.maxima-dia.com\/wp-content\/uploads\/2021\/07\/CUFFIA_T115-T125-T230-150x150.jpg\" alt=\"\" width=\"150\" height=\"150\" srcset=\"https:\/\/www.maxima-dia.com\/wp-content\/uploads\/2021\/07\/CUFFIA_T115-T125-T230-150x150.jpg 150w, https:\/\/www.maxima-dia.com\/wp-content\/uploads\/2021\/07\/CUFFIA_T115-T125-T230-300x300.jpg 300w, https:\/\/www.maxima-dia.com\/wp-content\/uploads\/2021\/07\/CUFFIA_T115-T125-T230-1024x1024.jpg 1024w, https:\/\/www.maxima-dia.com\/wp-content\/uploads\/2021\/07\/CUFFIA_T115-T125-T230-768x768.jpg 768w, https:\/\/www.maxima-dia.com\/wp-content\/uploads\/2021\/07\/CUFFIA_T115-T125-T230-1536x1536.jpg 1536w, https:\/\/www.maxima-dia.com\/wp-content\/uploads\/2021\/07\/CUFFIA_T115-T125-T230-80x80.jpg 80w, https:\/\/www.maxima-dia.com\/wp-content\/uploads\/2021\/07\/CUFFIA_T115-T125-T230-500x500.jpg 500w, https:\/\/www.maxima-dia.com\/wp-content\/uploads\/2021\/07\/CUFFIA_T115-T125-T230-1000x1000.jpg 1000w, https:\/\/www.maxima-dia.com\/wp-content\/uploads\/2021\/07\/CUFFIA_T115-T125-T230.jpg 1699w\" sizes=\"(max-width: 150px) 100vw, 150px\" \/><\/a>[\/vc_column_text][vc_column_text css_animation=&#8220;slideInDown&#8220; el_class=&#8220;hidebuybutton&#8220;]<a href=\"https:\/\/www.storemaxima.com\/de\/zubehoer-fuer-diamant-trennscheiben-kern-bohrung-und-schleifen\/226-cuffia-t115-t125-t230.html\" target=\"_blank\" rel=\"noopener\"><img loading=\"lazy\" decoding=\"async\" class=\"alignnone\" title=\"Kaufen Auf www.storemaxima.com\" src=\"https:\/\/www.maxima-dia.com\/wp-content\/uploads\/2019\/12\/pulsante-acquista-storemaxima.com-de.svg\" alt=\"Kaufen Auf www.storemaxima.com\" width=\"180\" height=\"80\"><\/a>[\/vc_column_text][\/vc_column][vc_column width=&#8220;3\/4&#8243;][vc_column_text]Auf Schleifmaschinen 115, 125 und 230 montierbarer Metallschutz Zus\u00e4tzlich zum vorhandenen Schutzgeh\u00e4use erm\u00f6glicht die <strong>Haube T115<\/strong>, <strong>T125<\/strong> und <strong>T230<\/strong> eine Reduzierung aller Staubarten um 90%. Sie k\u00f6nnen mit und ohne professionelle Absauganlage verwendet werden. In diesem zweiten Fall reicht es aus ein einfaches Rohr in den daf\u00fcr vorgesehenen Anschluss einzustecken um den Staub so in einen Beh\u00e4lter zu bef\u00f6rdern.&nbsp;<\/p>\n<table class=\"tabellafotocarotaggio\" style=\"width: 100%;\">\n<tbody>\n<tr>\n<td style=\"text-align: center; width: 25%;\"><a href=\"https:\/\/www.maxima-dia.com\/wp-content\/uploads\/2021\/07\/CUFFIA_T115-T125-T230.jpg\"><img loading=\"lazy\" decoding=\"async\" class=\"alignnone wp-image-29516 size-thumbnail\" src=\"https:\/\/www.maxima-dia.com\/wp-content\/uploads\/2021\/07\/CUFFIA_T115-T125-T230-150x150.jpg\" alt=\"\" width=\"150\" height=\"150\" srcset=\"https:\/\/www.maxima-dia.com\/wp-content\/uploads\/2021\/07\/CUFFIA_T115-T125-T230-150x150.jpg 150w, https:\/\/www.maxima-dia.com\/wp-content\/uploads\/2021\/07\/CUFFIA_T115-T125-T230-300x300.jpg 300w, https:\/\/www.maxima-dia.com\/wp-content\/uploads\/2021\/07\/CUFFIA_T115-T125-T230-1024x1024.jpg 1024w, https:\/\/www.maxima-dia.com\/wp-content\/uploads\/2021\/07\/CUFFIA_T115-T125-T230-768x768.jpg 768w, https:\/\/www.maxima-dia.com\/wp-content\/uploads\/2021\/07\/CUFFIA_T115-T125-T230-1536x1536.jpg 1536w, https:\/\/www.maxima-dia.com\/wp-content\/uploads\/2021\/07\/CUFFIA_T115-T125-T230-80x80.jpg 80w, https:\/\/www.maxima-dia.com\/wp-content\/uploads\/2021\/07\/CUFFIA_T115-T125-T230-500x500.jpg 500w, https:\/\/www.maxima-dia.com\/wp-content\/uploads\/2021\/07\/CUFFIA_T115-T125-T230-1000x1000.jpg 1000w, https:\/\/www.maxima-dia.com\/wp-content\/uploads\/2021\/07\/CUFFIA_T115-T125-T230.jpg 1699w\" sizes=\"(max-width: 150px) 100vw, 150px\" \/><\/a><\/td>\n<td style=\"text-align: center; width: 25%;\"><a href=\"https:\/\/www.maxima-dia.com\/wp-content\/uploads\/2021\/07\/CUFFIA_T115-T125-T230-2.jpg\"><img loading=\"lazy\" decoding=\"async\" class=\"alignnone wp-image-29504 size-thumbnail\" src=\"https:\/\/www.maxima-dia.com\/wp-content\/uploads\/2021\/07\/CUFFIA_T115-T125-T230-2-150x150.jpg\" alt=\"\" width=\"150\" height=\"150\" srcset=\"https:\/\/www.maxima-dia.com\/wp-content\/uploads\/2021\/07\/CUFFIA_T115-T125-T230-2-150x150.jpg 150w, https:\/\/www.maxima-dia.com\/wp-content\/uploads\/2021\/07\/CUFFIA_T115-T125-T230-2-300x300.jpg 300w, https:\/\/www.maxima-dia.com\/wp-content\/uploads\/2021\/07\/CUFFIA_T115-T125-T230-2-1024x1024.jpg 1024w, https:\/\/www.maxima-dia.com\/wp-content\/uploads\/2021\/07\/CUFFIA_T115-T125-T230-2-768x768.jpg 768w, https:\/\/www.maxima-dia.com\/wp-content\/uploads\/2021\/07\/CUFFIA_T115-T125-T230-2-1536x1536.jpg 1536w, https:\/\/www.maxima-dia.com\/wp-content\/uploads\/2021\/07\/CUFFIA_T115-T125-T230-2-80x80.jpg 80w, https:\/\/www.maxima-dia.com\/wp-content\/uploads\/2021\/07\/CUFFIA_T115-T125-T230-2-500x500.jpg 500w, https:\/\/www.maxima-dia.com\/wp-content\/uploads\/2021\/07\/CUFFIA_T115-T125-T230-2-1000x1000.jpg 1000w, https:\/\/www.maxima-dia.com\/wp-content\/uploads\/2021\/07\/CUFFIA_T115-T125-T230-2.jpg 1700w\" sizes=\"(max-width: 150px) 100vw, 150px\" \/><\/a>&nbsp;<\/td>\n<td style=\"text-align: center; width: 25%;\"><a href=\"https:\/\/www.maxima-dia.com\/wp-content\/uploads\/2021\/07\/CUFFIA_T115-T125-T230-3.jpg\"><img loading=\"lazy\" decoding=\"async\" class=\"alignnone wp-image-29510 size-thumbnail\" src=\"https:\/\/www.maxima-dia.com\/wp-content\/uploads\/2021\/07\/CUFFIA_T115-T125-T230-3-150x150.jpg\" alt=\"\" width=\"150\" height=\"150\" srcset=\"https:\/\/www.maxima-dia.com\/wp-content\/uploads\/2021\/07\/CUFFIA_T115-T125-T230-3-150x150.jpg 150w, https:\/\/www.maxima-dia.com\/wp-content\/uploads\/2021\/07\/CUFFIA_T115-T125-T230-3-300x300.jpg 300w, https:\/\/www.maxima-dia.com\/wp-content\/uploads\/2021\/07\/CUFFIA_T115-T125-T230-3-1024x1024.jpg 1024w, https:\/\/www.maxima-dia.com\/wp-content\/uploads\/2021\/07\/CUFFIA_T115-T125-T230-3-768x768.jpg 768w, https:\/\/www.maxima-dia.com\/wp-content\/uploads\/2021\/07\/CUFFIA_T115-T125-T230-3-1536x1536.jpg 1536w, https:\/\/www.maxima-dia.com\/wp-content\/uploads\/2021\/07\/CUFFIA_T115-T125-T230-3-80x80.jpg 80w, https:\/\/www.maxima-dia.com\/wp-content\/uploads\/2021\/07\/CUFFIA_T115-T125-T230-3-500x500.jpg 500w, https:\/\/www.maxima-dia.com\/wp-content\/uploads\/2021\/07\/CUFFIA_T115-T125-T230-3-1000x1000.jpg 1000w, https:\/\/www.maxima-dia.com\/wp-content\/uploads\/2021\/07\/CUFFIA_T115-T125-T230-3.jpg 1700w\" sizes=\"(max-width: 150px) 100vw, 150px\" \/><\/a><\/td>\n<\/tr>\n<\/tbody>\n<\/table>\n<p>&nbsp;[\/vc_column_text][\/vc_column][\/vc_row]<\/p>\n<\/div>","protected":false},"excerpt":{"rendered":"<p>[vc_row][vc_column text_align=&#8220;center&#8220; width=&#8220;1\/4&#8243;][vc_column_text][\/vc_column_text][vc_column_text css_animation=&#8220;slideInDown&#8220; el_class=&#8220;hidebuybutton&#8220;][\/vc_column_text][\/vc_column][vc_column width=&#8220;3\/4&#8243;][vc_column_text]Auf Schleifmaschinen 115, 125 und 230 montierbarer Metallschutz Zus\u00e4tzlich zum vorhandenen Schutzgeh\u00e4use erm\u00f6glicht die Haube T115, T125 und T230 eine Reduzierung aller Staubarten um 90%. Sie k\u00f6nnen mit und ohne professionelle Absauganlage verwendet werden. In diesem zweiten Fall reicht es aus ein einfaches Rohr in den daf\u00fcr vorgesehenen Anschluss einzustecken um den Staub so in einen Beh\u00e4lter zu bef\u00f6rdern.&nbsp; &nbsp; &nbsp;[\/vc_column_text][\/vc_column][\/vc_row]<\/p>\n","protected":false},"author":29,"featured_media":29519,"parent":19383,"menu_order":4,"comment_status":"closed","ping_status":"closed","template":"","meta":{"ngg_post_thumbnail":0,"_joinchat":[],"footnotes":""},"class_list":["post-19180","page","type-page","status-publish","has-post-thumbnail","hentry"],"yoast_head":"<!-- This site is optimized with the Yoast SEO plugin v25.5 - https:\/\/yoast.com\/wordpress\/plugins\/seo\/ -->\n<title>Cuffia T115 - T125 - T230 - Maxima SpA<\/title>\n<meta name=\"robots\" content=\"index, follow, max-snippet:-1, max-image-preview:large, max-video-preview:-1\" \/>\n<link rel=\"canonical\" href=\"https:\/\/www.maxima-dia.com\/de\/zubehoer-fuer-diamant-trennscheiben-kern-bohrung-und-schleifen\/cuffia-t115-t125-t230\/\" \/>\n<meta property=\"og:locale\" content=\"de_DE\" \/>\n<meta property=\"og:type\" content=\"article\" \/>\n<meta property=\"og:title\" content=\"Cuffia T115 - T125 - T230 - Maxima SpA\" \/>\n<meta property=\"og:description\" content=\"[vc_row][vc_column text_align=&#8220;center&#8220; width=&#8220;1\/4&#8243;][vc_column_text][\/vc_column_text][vc_column_text css_animation=&#8220;slideInDown&#8220; el_class=&#8220;hidebuybutton&#8220;][\/vc_column_text][\/vc_column][vc_column width=&#8220;3\/4&#8243;][vc_column_text]Auf Schleifmaschinen 115, 125 und 230 montierbarer Metallschutz Zus\u00e4tzlich zum vorhandenen Schutzgeh\u00e4use erm\u00f6glicht die Haube T115, T125 und T230 eine Reduzierung aller Staubarten um 90%. Sie k\u00f6nnen mit und ohne professionelle Absauganlage verwendet werden. In diesem zweiten Fall reicht es aus ein einfaches Rohr in den daf\u00fcr vorgesehenen Anschluss einzustecken um den Staub so in einen Beh\u00e4lter zu bef\u00f6rdern.&nbsp; &nbsp; &nbsp;[\/vc_column_text][\/vc_column][\/vc_row]\" \/>\n<meta property=\"og:url\" content=\"https:\/\/www.maxima-dia.com\/de\/zubehoer-fuer-diamant-trennscheiben-kern-bohrung-und-schleifen\/cuffia-t115-t125-t230\/\" \/>\n<meta property=\"og:site_name\" content=\"Maxima SpA\" \/>\n<meta property=\"article:publisher\" content=\"https:\/\/www.facebook.com\/Maxima-spa-106098566139597\" \/>\n<meta property=\"article:modified_time\" content=\"2021-07-22T10:05:59+00:00\" \/>\n<meta property=\"og:image\" content=\"https:\/\/www.maxima-dia.com\/wp-content\/uploads\/2021\/07\/CUFFIA_T115-T125-T230.jpg\" \/>\n\t<meta property=\"og:image:width\" content=\"1699\" \/>\n\t<meta property=\"og:image:height\" content=\"1700\" \/>\n\t<meta property=\"og:image:type\" content=\"image\/jpeg\" \/>\n<meta name=\"twitter:card\" content=\"summary_large_image\" \/>\n<meta name=\"twitter:site\" content=\"@Maximadia\" \/>\n<meta name=\"twitter:label1\" content=\"Gesch\u00e4tzte Lesezeit\" \/>\n\t<meta name=\"twitter:data1\" content=\"2\u00a0Minuten\" \/>\n<script type=\"application\/ld+json\" class=\"yoast-schema-graph\">{\"@context\":\"https:\/\/schema.org\",\"@graph\":[{\"@type\":\"WebPage\",\"@id\":\"https:\/\/www.maxima-dia.com\/de\/zubehoer-fuer-diamant-trennscheiben-kern-bohrung-und-schleifen\/cuffia-t115-t125-t230\/\",\"url\":\"https:\/\/www.maxima-dia.com\/de\/zubehoer-fuer-diamant-trennscheiben-kern-bohrung-und-schleifen\/cuffia-t115-t125-t230\/\",\"name\":\"Cuffia T115 - T125 - T230 - Maxima SpA\",\"isPartOf\":{\"@id\":\"https:\/\/www.maxima-dia.com\/de\/#website\"},\"primaryImageOfPage\":{\"@id\":\"https:\/\/www.maxima-dia.com\/de\/zubehoer-fuer-diamant-trennscheiben-kern-bohrung-und-schleifen\/cuffia-t115-t125-t230\/#primaryimage\"},\"image\":{\"@id\":\"https:\/\/www.maxima-dia.com\/de\/zubehoer-fuer-diamant-trennscheiben-kern-bohrung-und-schleifen\/cuffia-t115-t125-t230\/#primaryimage\"},\"thumbnailUrl\":\"https:\/\/www.maxima-dia.com\/wp-content\/uploads\/2021\/07\/CUFFIA_T115-T125-T230.jpg\",\"datePublished\":\"2018-10-24T08:58:11+00:00\",\"dateModified\":\"2021-07-22T10:05:59+00:00\",\"breadcrumb\":{\"@id\":\"https:\/\/www.maxima-dia.com\/de\/zubehoer-fuer-diamant-trennscheiben-kern-bohrung-und-schleifen\/cuffia-t115-t125-t230\/#breadcrumb\"},\"inLanguage\":\"de\",\"potentialAction\":[{\"@type\":\"ReadAction\",\"target\":[\"https:\/\/www.maxima-dia.com\/de\/zubehoer-fuer-diamant-trennscheiben-kern-bohrung-und-schleifen\/cuffia-t115-t125-t230\/\"]}]},{\"@type\":\"ImageObject\",\"inLanguage\":\"de\",\"@id\":\"https:\/\/www.maxima-dia.com\/de\/zubehoer-fuer-diamant-trennscheiben-kern-bohrung-und-schleifen\/cuffia-t115-t125-t230\/#primaryimage\",\"url\":\"https:\/\/www.maxima-dia.com\/wp-content\/uploads\/2021\/07\/CUFFIA_T115-T125-T230.jpg\",\"contentUrl\":\"https:\/\/www.maxima-dia.com\/wp-content\/uploads\/2021\/07\/CUFFIA_T115-T125-T230.jpg\",\"width\":1699,\"height\":1700},{\"@type\":\"BreadcrumbList\",\"@id\":\"https:\/\/www.maxima-dia.com\/de\/zubehoer-fuer-diamant-trennscheiben-kern-bohrung-und-schleifen\/cuffia-t115-t125-t230\/#breadcrumb\",\"itemListElement\":[{\"@type\":\"ListItem\",\"position\":1,\"name\":\"Home\",\"item\":\"https:\/\/www.maxima-dia.com\/de\/\"},{\"@type\":\"ListItem\",\"position\":2,\"name\":\"Zubeh\u00f6r f\u00fcr diamant-trennscheiben, -kern-bohrung und -schleifen\",\"item\":\"https:\/\/www.maxima-dia.com\/de\/zubehoer-fuer-diamant-trennscheiben-kern-bohrung-und-schleifen\/\"},{\"@type\":\"ListItem\",\"position\":3,\"name\":\"Cuffia T115 &#8211; T125 &#8211; T230\"}]},{\"@type\":\"WebSite\",\"@id\":\"https:\/\/www.maxima-dia.com\/de\/#website\",\"url\":\"https:\/\/www.maxima-dia.com\/de\/\",\"name\":\"Maxima SpA\",\"description\":\"Only for the real professionals\",\"potentialAction\":[{\"@type\":\"SearchAction\",\"target\":{\"@type\":\"EntryPoint\",\"urlTemplate\":\"https:\/\/www.maxima-dia.com\/de\/?s={search_term_string}\"},\"query-input\":{\"@type\":\"PropertyValueSpecification\",\"valueRequired\":true,\"valueName\":\"search_term_string\"}}],\"inLanguage\":\"de\"}]}<\/script>\n<!-- \/ Yoast SEO plugin. -->","yoast_head_json":{"title":"Cuffia T115 - T125 - T230 - Maxima SpA","robots":{"index":"index","follow":"follow","max-snippet":"max-snippet:-1","max-image-preview":"max-image-preview:large","max-video-preview":"max-video-preview:-1"},"canonical":"https:\/\/www.maxima-dia.com\/de\/zubehoer-fuer-diamant-trennscheiben-kern-bohrung-und-schleifen\/cuffia-t115-t125-t230\/","og_locale":"de_DE","og_type":"article","og_title":"Cuffia T115 - T125 - T230 - Maxima SpA","og_description":"[vc_row][vc_column text_align=&#8220;center&#8220; width=&#8220;1\/4&#8243;][vc_column_text][\/vc_column_text][vc_column_text css_animation=&#8220;slideInDown&#8220; el_class=&#8220;hidebuybutton&#8220;][\/vc_column_text][\/vc_column][vc_column width=&#8220;3\/4&#8243;][vc_column_text]Auf Schleifmaschinen 115, 125 und 230 montierbarer Metallschutz Zus\u00e4tzlich zum vorhandenen Schutzgeh\u00e4use erm\u00f6glicht die Haube T115, T125 und T230 eine Reduzierung aller Staubarten um 90%. Sie k\u00f6nnen mit und ohne professionelle Absauganlage verwendet werden. In diesem zweiten Fall reicht es aus ein einfaches Rohr in den daf\u00fcr vorgesehenen Anschluss einzustecken um den Staub so in einen Beh\u00e4lter zu bef\u00f6rdern.&nbsp; &nbsp; &nbsp;[\/vc_column_text][\/vc_column][\/vc_row]","og_url":"https:\/\/www.maxima-dia.com\/de\/zubehoer-fuer-diamant-trennscheiben-kern-bohrung-und-schleifen\/cuffia-t115-t125-t230\/","og_site_name":"Maxima SpA","article_publisher":"https:\/\/www.facebook.com\/Maxima-spa-106098566139597","article_modified_time":"2021-07-22T10:05:59+00:00","og_image":[{"width":1699,"height":1700,"url":"https:\/\/www.maxima-dia.com\/wp-content\/uploads\/2021\/07\/CUFFIA_T115-T125-T230.jpg","type":"image\/jpeg"}],"twitter_card":"summary_large_image","twitter_site":"@Maximadia","twitter_misc":{"Gesch\u00e4tzte Lesezeit":"2\u00a0Minuten"},"schema":{"@context":"https:\/\/schema.org","@graph":[{"@type":"WebPage","@id":"https:\/\/www.maxima-dia.com\/de\/zubehoer-fuer-diamant-trennscheiben-kern-bohrung-und-schleifen\/cuffia-t115-t125-t230\/","url":"https:\/\/www.maxima-dia.com\/de\/zubehoer-fuer-diamant-trennscheiben-kern-bohrung-und-schleifen\/cuffia-t115-t125-t230\/","name":"Cuffia T115 - T125 - T230 - Maxima SpA","isPartOf":{"@id":"https:\/\/www.maxima-dia.com\/de\/#website"},"primaryImageOfPage":{"@id":"https:\/\/www.maxima-dia.com\/de\/zubehoer-fuer-diamant-trennscheiben-kern-bohrung-und-schleifen\/cuffia-t115-t125-t230\/#primaryimage"},"image":{"@id":"https:\/\/www.maxima-dia.com\/de\/zubehoer-fuer-diamant-trennscheiben-kern-bohrung-und-schleifen\/cuffia-t115-t125-t230\/#primaryimage"},"thumbnailUrl":"https:\/\/www.maxima-dia.com\/wp-content\/uploads\/2021\/07\/CUFFIA_T115-T125-T230.jpg","datePublished":"2018-10-24T08:58:11+00:00","dateModified":"2021-07-22T10:05:59+00:00","breadcrumb":{"@id":"https:\/\/www.maxima-dia.com\/de\/zubehoer-fuer-diamant-trennscheiben-kern-bohrung-und-schleifen\/cuffia-t115-t125-t230\/#breadcrumb"},"inLanguage":"de","potentialAction":[{"@type":"ReadAction","target":["https:\/\/www.maxima-dia.com\/de\/zubehoer-fuer-diamant-trennscheiben-kern-bohrung-und-schleifen\/cuffia-t115-t125-t230\/"]}]},{"@type":"ImageObject","inLanguage":"de","@id":"https:\/\/www.maxima-dia.com\/de\/zubehoer-fuer-diamant-trennscheiben-kern-bohrung-und-schleifen\/cuffia-t115-t125-t230\/#primaryimage","url":"https:\/\/www.maxima-dia.com\/wp-content\/uploads\/2021\/07\/CUFFIA_T115-T125-T230.jpg","contentUrl":"https:\/\/www.maxima-dia.com\/wp-content\/uploads\/2021\/07\/CUFFIA_T115-T125-T230.jpg","width":1699,"height":1700},{"@type":"BreadcrumbList","@id":"https:\/\/www.maxima-dia.com\/de\/zubehoer-fuer-diamant-trennscheiben-kern-bohrung-und-schleifen\/cuffia-t115-t125-t230\/#breadcrumb","itemListElement":[{"@type":"ListItem","position":1,"name":"Home","item":"https:\/\/www.maxima-dia.com\/de\/"},{"@type":"ListItem","position":2,"name":"Zubeh\u00f6r f\u00fcr diamant-trennscheiben, -kern-bohrung und -schleifen","item":"https:\/\/www.maxima-dia.com\/de\/zubehoer-fuer-diamant-trennscheiben-kern-bohrung-und-schleifen\/"},{"@type":"ListItem","position":3,"name":"Cuffia T115 &#8211; T125 &#8211; T230"}]},{"@type":"WebSite","@id":"https:\/\/www.maxima-dia.com\/de\/#website","url":"https:\/\/www.maxima-dia.com\/de\/","name":"Maxima SpA","description":"Only for the real professionals","potentialAction":[{"@type":"SearchAction","target":{"@type":"EntryPoint","urlTemplate":"https:\/\/www.maxima-dia.com\/de\/?s={search_term_string}"},"query-input":{"@type":"PropertyValueSpecification","valueRequired":true,"valueName":"search_term_string"}}],"inLanguage":"de"}]}},"_links":{"self":[{"href":"https:\/\/www.maxima-dia.com\/de\/wp-json\/wp\/v2\/pages\/19180"}],"collection":[{"href":"https:\/\/www.maxima-dia.com\/de\/wp-json\/wp\/v2\/pages"}],"about":[{"href":"https:\/\/www.maxima-dia.com\/de\/wp-json\/wp\/v2\/types\/page"}],"author":[{"embeddable":true,"href":"https:\/\/www.maxima-dia.com\/de\/wp-json\/wp\/v2\/users\/29"}],"replies":[{"embeddable":true,"href":"https:\/\/www.maxima-dia.com\/de\/wp-json\/wp\/v2\/comments?post=19180"}],"version-history":[{"count":0,"href":"https:\/\/www.maxima-dia.com\/de\/wp-json\/wp\/v2\/pages\/19180\/revisions"}],"up":[{"embeddable":true,"href":"https:\/\/www.maxima-dia.com\/de\/wp-json\/wp\/v2\/pages\/19383"}],"wp:featuredmedia":[{"embeddable":true,"href":"https:\/\/www.maxima-dia.com\/de\/wp-json\/wp\/v2\/media\/29519"}],"wp:attachment":[{"href":"https:\/\/www.maxima-dia.com\/de\/wp-json\/wp\/v2\/media?parent=19180"}],"curies":[{"name":"wp","href":"https:\/\/api.w.org\/{rel}","templated":true}]}}