{"id":19395,"date":"2018-10-25T09:42:30","date_gmt":"2018-10-25T07:42:30","guid":{"rendered":"https:\/\/www.maxima-dia.com\/?page_id=19395"},"modified":"2023-04-14T11:19:09","modified_gmt":"2023-04-14T09:19:09","slug":"schlitten-t115-t125","status":"publish","type":"page","link":"https:\/\/www.maxima-dia.com\/de\/zubehoer-fuer-diamant-trennscheiben-kern-bohrung-und-schleifen\/schlitten-t115-t125\/","title":{"rendered":"Schlitten T115 &#8211; T125"},"content":{"rendered":"<div class=\"wpb-content-wrapper\"><p>[vc_row][vc_column text_align=&#8220;center&#8220; width=&#8220;1\/4&#8243;][vc_column_text]<a href=\"https:\/\/www.maxima-dia.com\/wp-content\/uploads\/2023\/04\/SLITTA-T115-T125.jpg\"><img loading=\"lazy\" decoding=\"async\" class=\"alignnone wp-image-40665 size-medium\" src=\"https:\/\/www.maxima-dia.com\/wp-content\/uploads\/2023\/04\/SLITTA-T115-T125-300x300.jpg\" alt=\"\" width=\"300\" height=\"300\" srcset=\"https:\/\/www.maxima-dia.com\/wp-content\/uploads\/2023\/04\/SLITTA-T115-T125-300x300.jpg 300w, https:\/\/www.maxima-dia.com\/wp-content\/uploads\/2023\/04\/SLITTA-T115-T125-1024x1024.jpg 1024w, https:\/\/www.maxima-dia.com\/wp-content\/uploads\/2023\/04\/SLITTA-T115-T125-150x150.jpg 150w, https:\/\/www.maxima-dia.com\/wp-content\/uploads\/2023\/04\/SLITTA-T115-T125-768x768.jpg 768w, https:\/\/www.maxima-dia.com\/wp-content\/uploads\/2023\/04\/SLITTA-T115-T125-80x80.jpg 80w, https:\/\/www.maxima-dia.com\/wp-content\/uploads\/2023\/04\/SLITTA-T115-T125-500x500.jpg 500w, https:\/\/www.maxima-dia.com\/wp-content\/uploads\/2023\/04\/SLITTA-T115-T125-1000x1000.jpg 1000w, https:\/\/www.maxima-dia.com\/wp-content\/uploads\/2023\/04\/SLITTA-T115-T125.jpg 1200w\" sizes=\"(max-width: 300px) 100vw, 300px\" \/><\/a>[\/vc_column_text][vc_column_text css_animation=&#8220;slideInDown&#8220; el_class=&#8220;hidebuybutton&#8220;]<a href=\"https:\/\/www.storemaxima.com\/de\/zubehoer-fuer-diamant-trennscheiben-kern-bohrung-und-schleifen\/227-schlitten-t115-t125.html\" target=\"_blank\" rel=\"noopener\"><img loading=\"lazy\" decoding=\"async\" class=\"alignnone\" title=\"Kaufen Auf www.storemaxima.com\" src=\"https:\/\/www.maxima-dia.com\/wp-content\/uploads\/2019\/12\/pulsante-acquista-storemaxima.com-de.svg\" alt=\"Kaufen Auf www.storemaxima.com\" width=\"180\" height=\"80\"><\/a>[\/vc_column_text][\/vc_column][vc_column width=&#8220;3\/4&#8243;][vc_column_text]Die <strong>Schlitten T115 <\/strong>und<strong> T125<\/strong> tragen zu einer besseren Schnittpr\u00e4zision der Schleifmaschine bei, wenn kein professioneller Fliesenschneider ver-f\u00fcgbar ist. Der Schlitten h\u00e4lt die Scheibe senkrecht, regelt den Vorschub und verringert das Risiko der Besch\u00e4digung der Oberfl\u00e4che zugunsten der \u00c4sthetik und des Endergebnisses. Sie kann mit Schleifmaschinen mit Durchmesser 115 mm und 125 mm aller Marken verwendet werden.<\/p>\n<table class=\"tabellafotocarotaggio\" style=\"width: 100%;\">\n<tbody>\n<tr>\n<td style=\"text-align: center; width: 20%;\"><a href=\"https:\/\/www.maxima-dia.com\/wp-content\/uploads\/2018\/10\/SLITTAT115-lato-sx-01.jpg\"><img loading=\"lazy\" decoding=\"async\" class=\"alignnone wp-image-19344 size-thumbnail\" src=\"https:\/\/www.maxima-dia.com\/wp-content\/uploads\/2018\/10\/SLITTAT115-lato-sx-01-150x150.jpg\" alt=\"\" width=\"150\" height=\"150\" srcset=\"https:\/\/www.maxima-dia.com\/wp-content\/uploads\/2018\/10\/SLITTAT115-lato-sx-01-150x150.jpg 150w, https:\/\/www.maxima-dia.com\/wp-content\/uploads\/2018\/10\/SLITTAT115-lato-sx-01-300x300.jpg 300w, https:\/\/www.maxima-dia.com\/wp-content\/uploads\/2018\/10\/SLITTAT115-lato-sx-01-768x768.jpg 768w, https:\/\/www.maxima-dia.com\/wp-content\/uploads\/2018\/10\/SLITTAT115-lato-sx-01-1024x1024.jpg 1024w, https:\/\/www.maxima-dia.com\/wp-content\/uploads\/2018\/10\/SLITTAT115-lato-sx-01-80x80.jpg 80w, https:\/\/www.maxima-dia.com\/wp-content\/uploads\/2018\/10\/SLITTAT115-lato-sx-01-500x500.jpg 500w, https:\/\/www.maxima-dia.com\/wp-content\/uploads\/2018\/10\/SLITTAT115-lato-sx-01-1000x1000.jpg 1000w, https:\/\/www.maxima-dia.com\/wp-content\/uploads\/2018\/10\/SLITTAT115-lato-sx-01.jpg 1500w\" sizes=\"(max-width: 150px) 100vw, 150px\" \/><\/a><\/td>\n<td style=\"text-align: center; width: 20%;\"><a href=\"https:\/\/www.maxima-dia.com\/wp-content\/uploads\/2018\/10\/SLITTAT115-lato-sinistro.jpg\"><img loading=\"lazy\" decoding=\"async\" class=\"alignnone wp-image-19339 size-thumbnail\" src=\"https:\/\/www.maxima-dia.com\/wp-content\/uploads\/2018\/10\/SLITTAT115-lato-sinistro-150x150.jpg\" alt=\"\" width=\"150\" height=\"150\" srcset=\"https:\/\/www.maxima-dia.com\/wp-content\/uploads\/2018\/10\/SLITTAT115-lato-sinistro-150x150.jpg 150w, https:\/\/www.maxima-dia.com\/wp-content\/uploads\/2018\/10\/SLITTAT115-lato-sinistro-300x300.jpg 300w, https:\/\/www.maxima-dia.com\/wp-content\/uploads\/2018\/10\/SLITTAT115-lato-sinistro-768x768.jpg 768w, https:\/\/www.maxima-dia.com\/wp-content\/uploads\/2018\/10\/SLITTAT115-lato-sinistro-1024x1024.jpg 1024w, https:\/\/www.maxima-dia.com\/wp-content\/uploads\/2018\/10\/SLITTAT115-lato-sinistro-80x80.jpg 80w, https:\/\/www.maxima-dia.com\/wp-content\/uploads\/2018\/10\/SLITTAT115-lato-sinistro-500x500.jpg 500w, https:\/\/www.maxima-dia.com\/wp-content\/uploads\/2018\/10\/SLITTAT115-lato-sinistro-1000x1000.jpg 1000w, https:\/\/www.maxima-dia.com\/wp-content\/uploads\/2018\/10\/SLITTAT115-lato-sinistro.jpg 1500w\" sizes=\"(max-width: 150px) 100vw, 150px\" \/><\/a>&nbsp;<\/td>\n<td style=\"text-align: center; width: 20%;\"><a href=\"https:\/\/www.maxima-dia.com\/wp-content\/uploads\/2018\/10\/SLITTAT115-lato-sx-02.jpg\"><img loading=\"lazy\" decoding=\"async\" class=\"alignnone wp-image-19349 size-thumbnail\" src=\"https:\/\/www.maxima-dia.com\/wp-content\/uploads\/2018\/10\/SLITTAT115-lato-sx-02-150x150.jpg\" alt=\"\" width=\"150\" height=\"150\" srcset=\"https:\/\/www.maxima-dia.com\/wp-content\/uploads\/2018\/10\/SLITTAT115-lato-sx-02-150x150.jpg 150w, https:\/\/www.maxima-dia.com\/wp-content\/uploads\/2018\/10\/SLITTAT115-lato-sx-02-300x300.jpg 300w, https:\/\/www.maxima-dia.com\/wp-content\/uploads\/2018\/10\/SLITTAT115-lato-sx-02-768x768.jpg 768w, https:\/\/www.maxima-dia.com\/wp-content\/uploads\/2018\/10\/SLITTAT115-lato-sx-02-1024x1024.jpg 1024w, https:\/\/www.maxima-dia.com\/wp-content\/uploads\/2018\/10\/SLITTAT115-lato-sx-02-80x80.jpg 80w, https:\/\/www.maxima-dia.com\/wp-content\/uploads\/2018\/10\/SLITTAT115-lato-sx-02-500x500.jpg 500w, https:\/\/www.maxima-dia.com\/wp-content\/uploads\/2018\/10\/SLITTAT115-lato-sx-02-1000x1000.jpg 1000w, https:\/\/www.maxima-dia.com\/wp-content\/uploads\/2018\/10\/SLITTAT115-lato-sx-02.jpg 1500w\" sizes=\"(max-width: 150px) 100vw, 150px\" \/><\/a><\/td>\n<\/tr>\n<tr>\n<td style=\"text-align: center; width: 20%;\">2 Times less chips<\/td>\n<td style=\"text-align: center; width: 20%;\">Always right angle 90\u00b0 Direct and straight cutting<\/td>\n<td style=\"text-align: center; width: 20%;\">Repeated cutting depth. Comfortable and stable work<\/td>\n<\/tr>\n<\/tbody>\n<\/table>\n<p>&nbsp;[\/vc_column_text][\/vc_column][\/vc_row]<\/p>\n<\/div>","protected":false},"excerpt":{"rendered":"<p>[vc_row][vc_column text_align=&#8220;center&#8220; width=&#8220;1\/4&#8243;][vc_column_text][\/vc_column_text][vc_column_text css_animation=&#8220;slideInDown&#8220; el_class=&#8220;hidebuybutton&#8220;][\/vc_column_text][\/vc_column][vc_column width=&#8220;3\/4&#8243;][vc_column_text]Die Schlitten T115 und T125 tragen zu einer besseren Schnittpr\u00e4zision der Schleifmaschine bei, wenn kein professioneller Fliesenschneider ver-f\u00fcgbar ist. Der Schlitten h\u00e4lt die Scheibe senkrecht, regelt den Vorschub und verringert das Risiko der Besch\u00e4digung der Oberfl\u00e4che zugunsten der \u00c4sthetik und des Endergebnisses. Sie kann mit Schleifmaschinen mit Durchmesser 115 mm und 125 mm aller Marken verwendet werden. &nbsp; 2 Times less chips Always right angle 90\u00b0 Direct and straight cutting Repeated cutting depth. Comfortable and stable work &nbsp;[\/vc_column_text][\/vc_column][\/vc_row]<\/p>\n","protected":false},"author":29,"featured_media":29306,"parent":19383,"menu_order":4,"comment_status":"closed","ping_status":"closed","template":"","meta":{"ngg_post_thumbnail":0,"_joinchat":[],"footnotes":""},"class_list":["post-19395","page","type-page","status-publish","has-post-thumbnail","hentry"],"yoast_head":"<!-- This site is optimized with the Yoast SEO plugin v25.5 - https:\/\/yoast.com\/wordpress\/plugins\/seo\/ -->\n<title>Schlitten T115 - T125 - Maxima SpA<\/title>\n<meta name=\"robots\" content=\"index, follow, max-snippet:-1, max-image-preview:large, max-video-preview:-1\" \/>\n<link rel=\"canonical\" href=\"https:\/\/www.maxima-dia.com\/de\/zubehoer-fuer-diamant-trennscheiben-kern-bohrung-und-schleifen\/schlitten-t115-t125\/\" \/>\n<meta property=\"og:locale\" content=\"de_DE\" \/>\n<meta property=\"og:type\" content=\"article\" \/>\n<meta property=\"og:title\" content=\"Schlitten T115 - T125 - Maxima SpA\" \/>\n<meta property=\"og:description\" content=\"[vc_row][vc_column text_align=&#8220;center&#8220; width=&#8220;1\/4&#8243;][vc_column_text][\/vc_column_text][vc_column_text css_animation=&#8220;slideInDown&#8220; el_class=&#8220;hidebuybutton&#8220;][\/vc_column_text][\/vc_column][vc_column width=&#8220;3\/4&#8243;][vc_column_text]Die Schlitten T115 und T125 tragen zu einer besseren Schnittpr\u00e4zision der Schleifmaschine bei, wenn kein professioneller Fliesenschneider ver-f\u00fcgbar ist. Der Schlitten h\u00e4lt die Scheibe senkrecht, regelt den Vorschub und verringert das Risiko der Besch\u00e4digung der Oberfl\u00e4che zugunsten der \u00c4sthetik und des Endergebnisses. Sie kann mit Schleifmaschinen mit Durchmesser 115 mm und 125 mm aller Marken verwendet werden. &nbsp; 2 Times less chips Always right angle 90\u00b0 Direct and straight cutting Repeated cutting depth. Comfortable and stable work &nbsp;[\/vc_column_text][\/vc_column][\/vc_row]\" \/>\n<meta property=\"og:url\" content=\"https:\/\/www.maxima-dia.com\/de\/zubehoer-fuer-diamant-trennscheiben-kern-bohrung-und-schleifen\/schlitten-t115-t125\/\" \/>\n<meta property=\"og:site_name\" content=\"Maxima SpA\" \/>\n<meta property=\"article:publisher\" content=\"https:\/\/www.facebook.com\/Maxima-spa-106098566139597\" \/>\n<meta property=\"article:modified_time\" content=\"2023-04-14T09:19:09+00:00\" \/>\n<meta property=\"og:image\" content=\"https:\/\/www.maxima-dia.com\/wp-content\/uploads\/2022\/11\/SLITTAT115-catalogo-01.jpg\" \/>\n\t<meta property=\"og:image:width\" content=\"1700\" \/>\n\t<meta property=\"og:image:height\" content=\"1700\" \/>\n\t<meta property=\"og:image:type\" content=\"image\/jpeg\" \/>\n<meta name=\"twitter:card\" content=\"summary_large_image\" \/>\n<meta name=\"twitter:site\" content=\"@Maximadia\" \/>\n<meta name=\"twitter:label1\" content=\"Gesch\u00e4tzte Lesezeit\" \/>\n\t<meta name=\"twitter:data1\" content=\"2\u00a0Minuten\" \/>\n<script type=\"application\/ld+json\" class=\"yoast-schema-graph\">{\"@context\":\"https:\/\/schema.org\",\"@graph\":[{\"@type\":\"WebPage\",\"@id\":\"https:\/\/www.maxima-dia.com\/de\/zubehoer-fuer-diamant-trennscheiben-kern-bohrung-und-schleifen\/schlitten-t115-t125\/\",\"url\":\"https:\/\/www.maxima-dia.com\/de\/zubehoer-fuer-diamant-trennscheiben-kern-bohrung-und-schleifen\/schlitten-t115-t125\/\",\"name\":\"Schlitten T115 - T125 - Maxima SpA\",\"isPartOf\":{\"@id\":\"https:\/\/www.maxima-dia.com\/de\/#website\"},\"primaryImageOfPage\":{\"@id\":\"https:\/\/www.maxima-dia.com\/de\/zubehoer-fuer-diamant-trennscheiben-kern-bohrung-und-schleifen\/schlitten-t115-t125\/#primaryimage\"},\"image\":{\"@id\":\"https:\/\/www.maxima-dia.com\/de\/zubehoer-fuer-diamant-trennscheiben-kern-bohrung-und-schleifen\/schlitten-t115-t125\/#primaryimage\"},\"thumbnailUrl\":\"https:\/\/www.maxima-dia.com\/wp-content\/uploads\/2022\/11\/SLITTAT115-catalogo-01.jpg\",\"datePublished\":\"2018-10-25T07:42:30+00:00\",\"dateModified\":\"2023-04-14T09:19:09+00:00\",\"breadcrumb\":{\"@id\":\"https:\/\/www.maxima-dia.com\/de\/zubehoer-fuer-diamant-trennscheiben-kern-bohrung-und-schleifen\/schlitten-t115-t125\/#breadcrumb\"},\"inLanguage\":\"de\",\"potentialAction\":[{\"@type\":\"ReadAction\",\"target\":[\"https:\/\/www.maxima-dia.com\/de\/zubehoer-fuer-diamant-trennscheiben-kern-bohrung-und-schleifen\/schlitten-t115-t125\/\"]}]},{\"@type\":\"ImageObject\",\"inLanguage\":\"de\",\"@id\":\"https:\/\/www.maxima-dia.com\/de\/zubehoer-fuer-diamant-trennscheiben-kern-bohrung-und-schleifen\/schlitten-t115-t125\/#primaryimage\",\"url\":\"https:\/\/www.maxima-dia.com\/wp-content\/uploads\/2022\/11\/SLITTAT115-catalogo-01.jpg\",\"contentUrl\":\"https:\/\/www.maxima-dia.com\/wp-content\/uploads\/2022\/11\/SLITTAT115-catalogo-01.jpg\",\"width\":1700,\"height\":1700},{\"@type\":\"BreadcrumbList\",\"@id\":\"https:\/\/www.maxima-dia.com\/de\/zubehoer-fuer-diamant-trennscheiben-kern-bohrung-und-schleifen\/schlitten-t115-t125\/#breadcrumb\",\"itemListElement\":[{\"@type\":\"ListItem\",\"position\":1,\"name\":\"Home\",\"item\":\"https:\/\/www.maxima-dia.com\/de\/\"},{\"@type\":\"ListItem\",\"position\":2,\"name\":\"Zubeh\u00f6r f\u00fcr diamant-trennscheiben, -kern-bohrung und -schleifen\",\"item\":\"https:\/\/www.maxima-dia.com\/de\/zubehoer-fuer-diamant-trennscheiben-kern-bohrung-und-schleifen\/\"},{\"@type\":\"ListItem\",\"position\":3,\"name\":\"Schlitten T115 &#8211; T125\"}]},{\"@type\":\"WebSite\",\"@id\":\"https:\/\/www.maxima-dia.com\/de\/#website\",\"url\":\"https:\/\/www.maxima-dia.com\/de\/\",\"name\":\"Maxima SpA\",\"description\":\"Only for the real professionals\",\"potentialAction\":[{\"@type\":\"SearchAction\",\"target\":{\"@type\":\"EntryPoint\",\"urlTemplate\":\"https:\/\/www.maxima-dia.com\/de\/?s={search_term_string}\"},\"query-input\":{\"@type\":\"PropertyValueSpecification\",\"valueRequired\":true,\"valueName\":\"search_term_string\"}}],\"inLanguage\":\"de\"}]}<\/script>\n<!-- \/ Yoast SEO plugin. -->","yoast_head_json":{"title":"Schlitten T115 - T125 - Maxima SpA","robots":{"index":"index","follow":"follow","max-snippet":"max-snippet:-1","max-image-preview":"max-image-preview:large","max-video-preview":"max-video-preview:-1"},"canonical":"https:\/\/www.maxima-dia.com\/de\/zubehoer-fuer-diamant-trennscheiben-kern-bohrung-und-schleifen\/schlitten-t115-t125\/","og_locale":"de_DE","og_type":"article","og_title":"Schlitten T115 - T125 - Maxima SpA","og_description":"[vc_row][vc_column text_align=&#8220;center&#8220; width=&#8220;1\/4&#8243;][vc_column_text][\/vc_column_text][vc_column_text css_animation=&#8220;slideInDown&#8220; el_class=&#8220;hidebuybutton&#8220;][\/vc_column_text][\/vc_column][vc_column width=&#8220;3\/4&#8243;][vc_column_text]Die Schlitten T115 und T125 tragen zu einer besseren Schnittpr\u00e4zision der Schleifmaschine bei, wenn kein professioneller Fliesenschneider ver-f\u00fcgbar ist. Der Schlitten h\u00e4lt die Scheibe senkrecht, regelt den Vorschub und verringert das Risiko der Besch\u00e4digung der Oberfl\u00e4che zugunsten der \u00c4sthetik und des Endergebnisses. Sie kann mit Schleifmaschinen mit Durchmesser 115 mm und 125 mm aller Marken verwendet werden. &nbsp; 2 Times less chips Always right angle 90\u00b0 Direct and straight cutting Repeated cutting depth. Comfortable and stable work &nbsp;[\/vc_column_text][\/vc_column][\/vc_row]","og_url":"https:\/\/www.maxima-dia.com\/de\/zubehoer-fuer-diamant-trennscheiben-kern-bohrung-und-schleifen\/schlitten-t115-t125\/","og_site_name":"Maxima SpA","article_publisher":"https:\/\/www.facebook.com\/Maxima-spa-106098566139597","article_modified_time":"2023-04-14T09:19:09+00:00","og_image":[{"width":1700,"height":1700,"url":"https:\/\/www.maxima-dia.com\/wp-content\/uploads\/2022\/11\/SLITTAT115-catalogo-01.jpg","type":"image\/jpeg"}],"twitter_card":"summary_large_image","twitter_site":"@Maximadia","twitter_misc":{"Gesch\u00e4tzte Lesezeit":"2\u00a0Minuten"},"schema":{"@context":"https:\/\/schema.org","@graph":[{"@type":"WebPage","@id":"https:\/\/www.maxima-dia.com\/de\/zubehoer-fuer-diamant-trennscheiben-kern-bohrung-und-schleifen\/schlitten-t115-t125\/","url":"https:\/\/www.maxima-dia.com\/de\/zubehoer-fuer-diamant-trennscheiben-kern-bohrung-und-schleifen\/schlitten-t115-t125\/","name":"Schlitten T115 - T125 - Maxima SpA","isPartOf":{"@id":"https:\/\/www.maxima-dia.com\/de\/#website"},"primaryImageOfPage":{"@id":"https:\/\/www.maxima-dia.com\/de\/zubehoer-fuer-diamant-trennscheiben-kern-bohrung-und-schleifen\/schlitten-t115-t125\/#primaryimage"},"image":{"@id":"https:\/\/www.maxima-dia.com\/de\/zubehoer-fuer-diamant-trennscheiben-kern-bohrung-und-schleifen\/schlitten-t115-t125\/#primaryimage"},"thumbnailUrl":"https:\/\/www.maxima-dia.com\/wp-content\/uploads\/2022\/11\/SLITTAT115-catalogo-01.jpg","datePublished":"2018-10-25T07:42:30+00:00","dateModified":"2023-04-14T09:19:09+00:00","breadcrumb":{"@id":"https:\/\/www.maxima-dia.com\/de\/zubehoer-fuer-diamant-trennscheiben-kern-bohrung-und-schleifen\/schlitten-t115-t125\/#breadcrumb"},"inLanguage":"de","potentialAction":[{"@type":"ReadAction","target":["https:\/\/www.maxima-dia.com\/de\/zubehoer-fuer-diamant-trennscheiben-kern-bohrung-und-schleifen\/schlitten-t115-t125\/"]}]},{"@type":"ImageObject","inLanguage":"de","@id":"https:\/\/www.maxima-dia.com\/de\/zubehoer-fuer-diamant-trennscheiben-kern-bohrung-und-schleifen\/schlitten-t115-t125\/#primaryimage","url":"https:\/\/www.maxima-dia.com\/wp-content\/uploads\/2022\/11\/SLITTAT115-catalogo-01.jpg","contentUrl":"https:\/\/www.maxima-dia.com\/wp-content\/uploads\/2022\/11\/SLITTAT115-catalogo-01.jpg","width":1700,"height":1700},{"@type":"BreadcrumbList","@id":"https:\/\/www.maxima-dia.com\/de\/zubehoer-fuer-diamant-trennscheiben-kern-bohrung-und-schleifen\/schlitten-t115-t125\/#breadcrumb","itemListElement":[{"@type":"ListItem","position":1,"name":"Home","item":"https:\/\/www.maxima-dia.com\/de\/"},{"@type":"ListItem","position":2,"name":"Zubeh\u00f6r f\u00fcr diamant-trennscheiben, -kern-bohrung und -schleifen","item":"https:\/\/www.maxima-dia.com\/de\/zubehoer-fuer-diamant-trennscheiben-kern-bohrung-und-schleifen\/"},{"@type":"ListItem","position":3,"name":"Schlitten T115 &#8211; T125"}]},{"@type":"WebSite","@id":"https:\/\/www.maxima-dia.com\/de\/#website","url":"https:\/\/www.maxima-dia.com\/de\/","name":"Maxima SpA","description":"Only for the real professionals","potentialAction":[{"@type":"SearchAction","target":{"@type":"EntryPoint","urlTemplate":"https:\/\/www.maxima-dia.com\/de\/?s={search_term_string}"},"query-input":{"@type":"PropertyValueSpecification","valueRequired":true,"valueName":"search_term_string"}}],"inLanguage":"de"}]}},"_links":{"self":[{"href":"https:\/\/www.maxima-dia.com\/de\/wp-json\/wp\/v2\/pages\/19395"}],"collection":[{"href":"https:\/\/www.maxima-dia.com\/de\/wp-json\/wp\/v2\/pages"}],"about":[{"href":"https:\/\/www.maxima-dia.com\/de\/wp-json\/wp\/v2\/types\/page"}],"author":[{"embeddable":true,"href":"https:\/\/www.maxima-dia.com\/de\/wp-json\/wp\/v2\/users\/29"}],"replies":[{"embeddable":true,"href":"https:\/\/www.maxima-dia.com\/de\/wp-json\/wp\/v2\/comments?post=19395"}],"version-history":[{"count":1,"href":"https:\/\/www.maxima-dia.com\/de\/wp-json\/wp\/v2\/pages\/19395\/revisions"}],"predecessor-version":[{"id":40675,"href":"https:\/\/www.maxima-dia.com\/de\/wp-json\/wp\/v2\/pages\/19395\/revisions\/40675"}],"up":[{"embeddable":true,"href":"https:\/\/www.maxima-dia.com\/de\/wp-json\/wp\/v2\/pages\/19383"}],"wp:featuredmedia":[{"embeddable":true,"href":"https:\/\/www.maxima-dia.com\/de\/wp-json\/wp\/v2\/media\/29306"}],"wp:attachment":[{"href":"https:\/\/www.maxima-dia.com\/de\/wp-json\/wp\/v2\/media?parent=19395"}],"curies":[{"name":"wp","href":"https:\/\/api.w.org\/{rel}","templated":true}]}}