{"id":19426,"date":"2018-10-25T10:21:50","date_gmt":"2018-10-25T08:21:50","guid":{"rendered":"https:\/\/www.maxima-dia.com\/?page_id=19426"},"modified":"2021-12-20T12:05:58","modified_gmt":"2021-12-20T11:05:58","slug":"hauben-l125-l180","status":"publish","type":"page","link":"https:\/\/www.maxima-dia.com\/de\/zubehoer-fuer-diamant-trennscheiben-kern-bohrung-und-schleifen\/hauben-l125-l180\/","title":{"rendered":"Hauben L125 &#8211; L180"},"content":{"rendered":"<div class=\"wpb-content-wrapper\"><p>[vc_row][vc_column text_align=&#8220;center&#8220; width=&#8220;1\/4&#8243;][vc_column_text]<a href=\"https:\/\/www.maxima-dia.com\/wp-content\/uploads\/2018\/10\/CuffiaL125L180catalogo03.jpg\"><img loading=\"lazy\" decoding=\"async\" class=\"alignnone wp-image-19242 size-thumbnail\" src=\"https:\/\/www.maxima-dia.com\/wp-content\/uploads\/2018\/10\/CuffiaL125L180catalogo03-150x150.jpg\" alt=\"\" width=\"150\" height=\"150\" srcset=\"https:\/\/www.maxima-dia.com\/wp-content\/uploads\/2018\/10\/CuffiaL125L180catalogo03-150x150.jpg 150w, https:\/\/www.maxima-dia.com\/wp-content\/uploads\/2018\/10\/CuffiaL125L180catalogo03-300x300.jpg 300w, https:\/\/www.maxima-dia.com\/wp-content\/uploads\/2018\/10\/CuffiaL125L180catalogo03-768x768.jpg 768w, https:\/\/www.maxima-dia.com\/wp-content\/uploads\/2018\/10\/CuffiaL125L180catalogo03-1024x1024.jpg 1024w, https:\/\/www.maxima-dia.com\/wp-content\/uploads\/2018\/10\/CuffiaL125L180catalogo03-80x80.jpg 80w, https:\/\/www.maxima-dia.com\/wp-content\/uploads\/2018\/10\/CuffiaL125L180catalogo03-500x500.jpg 500w, https:\/\/www.maxima-dia.com\/wp-content\/uploads\/2018\/10\/CuffiaL125L180catalogo03-1000x1000.jpg 1000w, https:\/\/www.maxima-dia.com\/wp-content\/uploads\/2018\/10\/CuffiaL125L180catalogo03.jpg 1500w\" sizes=\"(max-width: 150px) 100vw, 150px\" \/><\/a>[\/vc_column_text][vc_column_text css_animation=&#8220;slideInDown&#8220; el_class=&#8220;hidebuybutton&#8220;]<a href=\"https:\/\/www.storemaxima.com\/de\/schleifmaschinen\/229-hauben-l125-l180.html\" target=\"_blank\" rel=\"noopener\"><img loading=\"lazy\" decoding=\"async\" class=\"alignnone\" title=\"Kaufen Auf www.storemaxima.com\" src=\"https:\/\/www.maxima-dia.com\/wp-content\/uploads\/2019\/12\/pulsante-acquista-storemaxima.com-de.svg\" alt=\"Kaufen Auf www.storemaxima.com\" width=\"180\" height=\"80\"><\/a>[\/vc_column_text][\/vc_column][vc_column width=&#8220;3\/4&#8243;][vc_column_text]Mit den <strong>Hauben L125<\/strong> und <strong>L180<\/strong> k\u00f6nnen die Benutzer \u201enormale\u201c Schleifmaschinen durch das Aufmontieren des geeigneten Schleiftopfes zu g\u00fcnstigen Kosten in kleine Poliermaschinen verwandeln. Da sie agil, flexibel, leicht und handlich sind kann man sie dank der Seitenbank und den entsprechenden Gleitr\u00e4dern auch sehr gut f\u00fcr wandb\u00fcndige Arbeitsvorg\u00e4nge verwenden. Dank der Gummidichtung passt sie sich sehr gut an alle Oberfl\u00e4chen an.<\/p>\n<table class=\"tabellafotocarotaggio\" style=\"width: 100%;\">\n<tbody>\n<tr>\n<td style=\"text-align: center; width: 20%;\"><a href=\"https:\/\/www.maxima-dia.com\/wp-content\/uploads\/2018\/10\/CuffiaL125L180-f05.jpg\"><img loading=\"lazy\" decoding=\"async\" class=\"alignnone wp-image-19214 size-thumbnail\" src=\"https:\/\/www.maxima-dia.com\/wp-content\/uploads\/2018\/10\/CuffiaL125L180-f05-150x150.jpg\" alt=\"\" width=\"150\" height=\"150\" srcset=\"https:\/\/www.maxima-dia.com\/wp-content\/uploads\/2018\/10\/CuffiaL125L180-f05-150x150.jpg 150w, https:\/\/www.maxima-dia.com\/wp-content\/uploads\/2018\/10\/CuffiaL125L180-f05-300x300.jpg 300w, https:\/\/www.maxima-dia.com\/wp-content\/uploads\/2018\/10\/CuffiaL125L180-f05-768x768.jpg 768w, https:\/\/www.maxima-dia.com\/wp-content\/uploads\/2018\/10\/CuffiaL125L180-f05-1024x1024.jpg 1024w, https:\/\/www.maxima-dia.com\/wp-content\/uploads\/2018\/10\/CuffiaL125L180-f05-80x80.jpg 80w, https:\/\/www.maxima-dia.com\/wp-content\/uploads\/2018\/10\/CuffiaL125L180-f05-500x500.jpg 500w, https:\/\/www.maxima-dia.com\/wp-content\/uploads\/2018\/10\/CuffiaL125L180-f05-1000x1000.jpg 1000w, https:\/\/www.maxima-dia.com\/wp-content\/uploads\/2018\/10\/CuffiaL125L180-f05.jpg 1500w\" sizes=\"(max-width: 150px) 100vw, 150px\" \/><\/a><\/td>\n<td style=\"text-align: center; width: 20%;\"><a href=\"https:\/\/www.maxima-dia.com\/wp-content\/uploads\/2018\/10\/CuffiaL125L180-f06-fondo-bianco.jpg\"><img loading=\"lazy\" decoding=\"async\" class=\"alignnone wp-image-19219 size-thumbnail\" src=\"https:\/\/www.maxima-dia.com\/wp-content\/uploads\/2018\/10\/CuffiaL125L180-f06-fondo-bianco-150x150.jpg\" alt=\"\" width=\"150\" height=\"150\" srcset=\"https:\/\/www.maxima-dia.com\/wp-content\/uploads\/2018\/10\/CuffiaL125L180-f06-fondo-bianco-150x150.jpg 150w, https:\/\/www.maxima-dia.com\/wp-content\/uploads\/2018\/10\/CuffiaL125L180-f06-fondo-bianco-300x300.jpg 300w, https:\/\/www.maxima-dia.com\/wp-content\/uploads\/2018\/10\/CuffiaL125L180-f06-fondo-bianco-768x768.jpg 768w, https:\/\/www.maxima-dia.com\/wp-content\/uploads\/2018\/10\/CuffiaL125L180-f06-fondo-bianco-1024x1024.jpg 1024w, https:\/\/www.maxima-dia.com\/wp-content\/uploads\/2018\/10\/CuffiaL125L180-f06-fondo-bianco-80x80.jpg 80w, https:\/\/www.maxima-dia.com\/wp-content\/uploads\/2018\/10\/CuffiaL125L180-f06-fondo-bianco-500x500.jpg 500w, https:\/\/www.maxima-dia.com\/wp-content\/uploads\/2018\/10\/CuffiaL125L180-f06-fondo-bianco-1000x1000.jpg 1000w, https:\/\/www.maxima-dia.com\/wp-content\/uploads\/2018\/10\/CuffiaL125L180-f06-fondo-bianco.jpg 1500w\" sizes=\"(max-width: 150px) 100vw, 150px\" \/><\/a>&nbsp;<\/td>\n<td style=\"text-align: center; width: 20%;\"><a href=\"https:\/\/www.maxima-dia.com\/wp-content\/uploads\/2018\/10\/CuffiaL125L180-f07-fondo-bianco.jpg\"><img loading=\"lazy\" decoding=\"async\" class=\"alignnone wp-image-19224 size-thumbnail\" src=\"https:\/\/www.maxima-dia.com\/wp-content\/uploads\/2018\/10\/CuffiaL125L180-f07-fondo-bianco-150x150.jpg\" alt=\"\" width=\"150\" height=\"150\" srcset=\"https:\/\/www.maxima-dia.com\/wp-content\/uploads\/2018\/10\/CuffiaL125L180-f07-fondo-bianco-150x150.jpg 150w, https:\/\/www.maxima-dia.com\/wp-content\/uploads\/2018\/10\/CuffiaL125L180-f07-fondo-bianco-300x300.jpg 300w, https:\/\/www.maxima-dia.com\/wp-content\/uploads\/2018\/10\/CuffiaL125L180-f07-fondo-bianco-768x768.jpg 768w, https:\/\/www.maxima-dia.com\/wp-content\/uploads\/2018\/10\/CuffiaL125L180-f07-fondo-bianco-1024x1024.jpg 1024w, https:\/\/www.maxima-dia.com\/wp-content\/uploads\/2018\/10\/CuffiaL125L180-f07-fondo-bianco-80x80.jpg 80w, https:\/\/www.maxima-dia.com\/wp-content\/uploads\/2018\/10\/CuffiaL125L180-f07-fondo-bianco-500x500.jpg 500w, https:\/\/www.maxima-dia.com\/wp-content\/uploads\/2018\/10\/CuffiaL125L180-f07-fondo-bianco-1000x1000.jpg 1000w, https:\/\/www.maxima-dia.com\/wp-content\/uploads\/2018\/10\/CuffiaL125L180-f07-fondo-bianco.jpg 1500w\" sizes=\"(max-width: 150px) 100vw, 150px\" \/><\/a><\/td>\n<td style=\"text-align: center; width: 20%;\"><a href=\"https:\/\/www.maxima-dia.com\/wp-content\/uploads\/2018\/10\/CuffiaL125L180-testi.jpg\"><img loading=\"lazy\" decoding=\"async\" class=\"alignnone wp-image-19234 size-thumbnail\" src=\"https:\/\/www.maxima-dia.com\/wp-content\/uploads\/2018\/10\/CuffiaL125L180-testi-150x150.jpg\" alt=\"\" width=\"150\" height=\"150\" srcset=\"https:\/\/www.maxima-dia.com\/wp-content\/uploads\/2018\/10\/CuffiaL125L180-testi-150x150.jpg 150w, https:\/\/www.maxima-dia.com\/wp-content\/uploads\/2018\/10\/CuffiaL125L180-testi-300x300.jpg 300w, https:\/\/www.maxima-dia.com\/wp-content\/uploads\/2018\/10\/CuffiaL125L180-testi-768x768.jpg 768w, https:\/\/www.maxima-dia.com\/wp-content\/uploads\/2018\/10\/CuffiaL125L180-testi-1024x1024.jpg 1024w, https:\/\/www.maxima-dia.com\/wp-content\/uploads\/2018\/10\/CuffiaL125L180-testi-80x80.jpg 80w, https:\/\/www.maxima-dia.com\/wp-content\/uploads\/2018\/10\/CuffiaL125L180-testi-500x500.jpg 500w, https:\/\/www.maxima-dia.com\/wp-content\/uploads\/2018\/10\/CuffiaL125L180-testi-1000x1000.jpg 1000w, https:\/\/www.maxima-dia.com\/wp-content\/uploads\/2018\/10\/CuffiaL125L180-testi.jpg 1500w\" sizes=\"(max-width: 150px) 100vw, 150px\" \/><\/a><\/td>\n<td style=\"text-align: center; width: 20%;\"><a href=\"https:\/\/www.maxima-dia.com\/wp-content\/uploads\/2018\/10\/CuffiaL125L180-levigatrice-sportello.jpg\"><img loading=\"lazy\" decoding=\"async\" class=\"alignnone wp-image-19229 size-thumbnail\" src=\"https:\/\/www.maxima-dia.com\/wp-content\/uploads\/2018\/10\/CuffiaL125L180-levigatrice-sportello-150x150.jpg\" alt=\"\" width=\"150\" height=\"150\" srcset=\"https:\/\/www.maxima-dia.com\/wp-content\/uploads\/2018\/10\/CuffiaL125L180-levigatrice-sportello-150x150.jpg 150w, https:\/\/www.maxima-dia.com\/wp-content\/uploads\/2018\/10\/CuffiaL125L180-levigatrice-sportello-300x300.jpg 300w, https:\/\/www.maxima-dia.com\/wp-content\/uploads\/2018\/10\/CuffiaL125L180-levigatrice-sportello-768x768.jpg 768w, https:\/\/www.maxima-dia.com\/wp-content\/uploads\/2018\/10\/CuffiaL125L180-levigatrice-sportello-1024x1024.jpg 1024w, https:\/\/www.maxima-dia.com\/wp-content\/uploads\/2018\/10\/CuffiaL125L180-levigatrice-sportello-80x80.jpg 80w, https:\/\/www.maxima-dia.com\/wp-content\/uploads\/2018\/10\/CuffiaL125L180-levigatrice-sportello-500x500.jpg 500w, https:\/\/www.maxima-dia.com\/wp-content\/uploads\/2018\/10\/CuffiaL125L180-levigatrice-sportello-1000x1000.jpg 1000w, https:\/\/www.maxima-dia.com\/wp-content\/uploads\/2018\/10\/CuffiaL125L180-levigatrice-sportello.jpg 1500w\" sizes=\"(max-width: 150px) 100vw, 150px\" \/><\/a><\/td>\n<\/tr>\n<\/tbody>\n<\/table>\n<p>&nbsp;[\/vc_column_text][\/vc_column][\/vc_row]<\/p>\n<\/div>","protected":false},"excerpt":{"rendered":"<p>[vc_row][vc_column text_align=&#8220;center&#8220; width=&#8220;1\/4&#8243;][vc_column_text][\/vc_column_text][vc_column_text css_animation=&#8220;slideInDown&#8220; el_class=&#8220;hidebuybutton&#8220;][\/vc_column_text][\/vc_column][vc_column width=&#8220;3\/4&#8243;][vc_column_text]Mit den Hauben L125 und L180 k\u00f6nnen die Benutzer \u201enormale\u201c Schleifmaschinen durch das Aufmontieren des geeigneten Schleiftopfes zu g\u00fcnstigen Kosten in kleine Poliermaschinen verwandeln. Da sie agil, flexibel, leicht und handlich sind kann man sie dank der Seitenbank und den entsprechenden Gleitr\u00e4dern auch sehr gut f\u00fcr wandb\u00fcndige Arbeitsvorg\u00e4nge verwenden. Dank der Gummidichtung passt sie sich sehr gut an alle Oberfl\u00e4chen an. &nbsp; &nbsp;[\/vc_column_text][\/vc_column][\/vc_row]<\/p>\n","protected":false},"author":29,"featured_media":19242,"parent":19383,"menu_order":4,"comment_status":"closed","ping_status":"closed","template":"","meta":{"ngg_post_thumbnail":0,"_joinchat":[],"footnotes":""},"class_list":["post-19426","page","type-page","status-publish","has-post-thumbnail","hentry"],"yoast_head":"<!-- This site is optimized with the Yoast SEO plugin v25.5 - https:\/\/yoast.com\/wordpress\/plugins\/seo\/ -->\n<title>Hauben L125 - L180 - Maxima SpA<\/title>\n<meta name=\"description\" content=\"Abdeckwerkzeug L125 und L180 verwandelt die Schleifmaschine durch die Montage des passenden Pads kosteng\u00fcnstig in eine Schleifmaschine\" \/>\n<meta name=\"robots\" content=\"index, follow, max-snippet:-1, max-image-preview:large, max-video-preview:-1\" \/>\n<link rel=\"canonical\" href=\"https:\/\/www.maxima-dia.com\/de\/zubehoer-fuer-diamant-trennscheiben-kern-bohrung-und-schleifen\/hauben-l125-l180\/\" \/>\n<meta property=\"og:locale\" content=\"de_DE\" \/>\n<meta property=\"og:type\" content=\"article\" \/>\n<meta property=\"og:title\" content=\"Hauben L125 - L180 - Maxima SpA\" \/>\n<meta property=\"og:description\" content=\"Abdeckwerkzeug L125 und L180 verwandelt die Schleifmaschine durch die Montage des passenden Pads kosteng\u00fcnstig in eine Schleifmaschine\" \/>\n<meta property=\"og:url\" content=\"https:\/\/www.maxima-dia.com\/de\/zubehoer-fuer-diamant-trennscheiben-kern-bohrung-und-schleifen\/hauben-l125-l180\/\" \/>\n<meta property=\"og:site_name\" content=\"Maxima SpA\" \/>\n<meta property=\"article:publisher\" content=\"https:\/\/www.facebook.com\/Maxima-spa-106098566139597\" \/>\n<meta property=\"article:modified_time\" content=\"2021-12-20T11:05:58+00:00\" \/>\n<meta property=\"og:image\" content=\"https:\/\/www.maxima-dia.com\/wp-content\/uploads\/2018\/10\/CuffiaL125L180catalogo03.jpg\" \/>\n\t<meta property=\"og:image:width\" content=\"1500\" \/>\n\t<meta property=\"og:image:height\" content=\"1500\" \/>\n\t<meta property=\"og:image:type\" content=\"image\/jpeg\" \/>\n<meta name=\"twitter:card\" content=\"summary_large_image\" \/>\n<meta name=\"twitter:site\" content=\"@Maximadia\" \/>\n<meta name=\"twitter:label1\" content=\"Gesch\u00e4tzte Lesezeit\" \/>\n\t<meta name=\"twitter:data1\" content=\"2\u00a0Minuten\" \/>\n<script type=\"application\/ld+json\" class=\"yoast-schema-graph\">{\"@context\":\"https:\/\/schema.org\",\"@graph\":[{\"@type\":\"WebPage\",\"@id\":\"https:\/\/www.maxima-dia.com\/de\/zubehoer-fuer-diamant-trennscheiben-kern-bohrung-und-schleifen\/hauben-l125-l180\/\",\"url\":\"https:\/\/www.maxima-dia.com\/de\/zubehoer-fuer-diamant-trennscheiben-kern-bohrung-und-schleifen\/hauben-l125-l180\/\",\"name\":\"Hauben L125 - L180 - Maxima SpA\",\"isPartOf\":{\"@id\":\"https:\/\/www.maxima-dia.com\/de\/#website\"},\"primaryImageOfPage\":{\"@id\":\"https:\/\/www.maxima-dia.com\/de\/zubehoer-fuer-diamant-trennscheiben-kern-bohrung-und-schleifen\/hauben-l125-l180\/#primaryimage\"},\"image\":{\"@id\":\"https:\/\/www.maxima-dia.com\/de\/zubehoer-fuer-diamant-trennscheiben-kern-bohrung-und-schleifen\/hauben-l125-l180\/#primaryimage\"},\"thumbnailUrl\":\"https:\/\/www.maxima-dia.com\/wp-content\/uploads\/2018\/10\/CuffiaL125L180catalogo03.jpg\",\"datePublished\":\"2018-10-25T08:21:50+00:00\",\"dateModified\":\"2021-12-20T11:05:58+00:00\",\"description\":\"Abdeckwerkzeug L125 und L180 verwandelt die Schleifmaschine durch die Montage des passenden Pads kosteng\u00fcnstig in eine Schleifmaschine\",\"breadcrumb\":{\"@id\":\"https:\/\/www.maxima-dia.com\/de\/zubehoer-fuer-diamant-trennscheiben-kern-bohrung-und-schleifen\/hauben-l125-l180\/#breadcrumb\"},\"inLanguage\":\"de\",\"potentialAction\":[{\"@type\":\"ReadAction\",\"target\":[\"https:\/\/www.maxima-dia.com\/de\/zubehoer-fuer-diamant-trennscheiben-kern-bohrung-und-schleifen\/hauben-l125-l180\/\"]}]},{\"@type\":\"ImageObject\",\"inLanguage\":\"de\",\"@id\":\"https:\/\/www.maxima-dia.com\/de\/zubehoer-fuer-diamant-trennscheiben-kern-bohrung-und-schleifen\/hauben-l125-l180\/#primaryimage\",\"url\":\"https:\/\/www.maxima-dia.com\/wp-content\/uploads\/2018\/10\/CuffiaL125L180catalogo03.jpg\",\"contentUrl\":\"https:\/\/www.maxima-dia.com\/wp-content\/uploads\/2018\/10\/CuffiaL125L180catalogo03.jpg\",\"width\":1500,\"height\":1500},{\"@type\":\"BreadcrumbList\",\"@id\":\"https:\/\/www.maxima-dia.com\/de\/zubehoer-fuer-diamant-trennscheiben-kern-bohrung-und-schleifen\/hauben-l125-l180\/#breadcrumb\",\"itemListElement\":[{\"@type\":\"ListItem\",\"position\":1,\"name\":\"Home\",\"item\":\"https:\/\/www.maxima-dia.com\/de\/\"},{\"@type\":\"ListItem\",\"position\":2,\"name\":\"Zubeh\u00f6r f\u00fcr diamant-trennscheiben, -kern-bohrung und -schleifen\",\"item\":\"https:\/\/www.maxima-dia.com\/de\/zubehoer-fuer-diamant-trennscheiben-kern-bohrung-und-schleifen\/\"},{\"@type\":\"ListItem\",\"position\":3,\"name\":\"Hauben L125 &#8211; L180\"}]},{\"@type\":\"WebSite\",\"@id\":\"https:\/\/www.maxima-dia.com\/de\/#website\",\"url\":\"https:\/\/www.maxima-dia.com\/de\/\",\"name\":\"Maxima SpA\",\"description\":\"Only for the real professionals\",\"potentialAction\":[{\"@type\":\"SearchAction\",\"target\":{\"@type\":\"EntryPoint\",\"urlTemplate\":\"https:\/\/www.maxima-dia.com\/de\/?s={search_term_string}\"},\"query-input\":{\"@type\":\"PropertyValueSpecification\",\"valueRequired\":true,\"valueName\":\"search_term_string\"}}],\"inLanguage\":\"de\"}]}<\/script>\n<!-- \/ Yoast SEO plugin. -->","yoast_head_json":{"title":"Hauben L125 - L180 - Maxima SpA","description":"Abdeckwerkzeug L125 und L180 verwandelt die Schleifmaschine durch die Montage des passenden Pads kosteng\u00fcnstig in eine Schleifmaschine","robots":{"index":"index","follow":"follow","max-snippet":"max-snippet:-1","max-image-preview":"max-image-preview:large","max-video-preview":"max-video-preview:-1"},"canonical":"https:\/\/www.maxima-dia.com\/de\/zubehoer-fuer-diamant-trennscheiben-kern-bohrung-und-schleifen\/hauben-l125-l180\/","og_locale":"de_DE","og_type":"article","og_title":"Hauben L125 - L180 - Maxima SpA","og_description":"Abdeckwerkzeug L125 und L180 verwandelt die Schleifmaschine durch die Montage des passenden Pads kosteng\u00fcnstig in eine Schleifmaschine","og_url":"https:\/\/www.maxima-dia.com\/de\/zubehoer-fuer-diamant-trennscheiben-kern-bohrung-und-schleifen\/hauben-l125-l180\/","og_site_name":"Maxima SpA","article_publisher":"https:\/\/www.facebook.com\/Maxima-spa-106098566139597","article_modified_time":"2021-12-20T11:05:58+00:00","og_image":[{"width":1500,"height":1500,"url":"https:\/\/www.maxima-dia.com\/wp-content\/uploads\/2018\/10\/CuffiaL125L180catalogo03.jpg","type":"image\/jpeg"}],"twitter_card":"summary_large_image","twitter_site":"@Maximadia","twitter_misc":{"Gesch\u00e4tzte Lesezeit":"2\u00a0Minuten"},"schema":{"@context":"https:\/\/schema.org","@graph":[{"@type":"WebPage","@id":"https:\/\/www.maxima-dia.com\/de\/zubehoer-fuer-diamant-trennscheiben-kern-bohrung-und-schleifen\/hauben-l125-l180\/","url":"https:\/\/www.maxima-dia.com\/de\/zubehoer-fuer-diamant-trennscheiben-kern-bohrung-und-schleifen\/hauben-l125-l180\/","name":"Hauben L125 - L180 - Maxima SpA","isPartOf":{"@id":"https:\/\/www.maxima-dia.com\/de\/#website"},"primaryImageOfPage":{"@id":"https:\/\/www.maxima-dia.com\/de\/zubehoer-fuer-diamant-trennscheiben-kern-bohrung-und-schleifen\/hauben-l125-l180\/#primaryimage"},"image":{"@id":"https:\/\/www.maxima-dia.com\/de\/zubehoer-fuer-diamant-trennscheiben-kern-bohrung-und-schleifen\/hauben-l125-l180\/#primaryimage"},"thumbnailUrl":"https:\/\/www.maxima-dia.com\/wp-content\/uploads\/2018\/10\/CuffiaL125L180catalogo03.jpg","datePublished":"2018-10-25T08:21:50+00:00","dateModified":"2021-12-20T11:05:58+00:00","description":"Abdeckwerkzeug L125 und L180 verwandelt die Schleifmaschine durch die Montage des passenden Pads kosteng\u00fcnstig in eine Schleifmaschine","breadcrumb":{"@id":"https:\/\/www.maxima-dia.com\/de\/zubehoer-fuer-diamant-trennscheiben-kern-bohrung-und-schleifen\/hauben-l125-l180\/#breadcrumb"},"inLanguage":"de","potentialAction":[{"@type":"ReadAction","target":["https:\/\/www.maxima-dia.com\/de\/zubehoer-fuer-diamant-trennscheiben-kern-bohrung-und-schleifen\/hauben-l125-l180\/"]}]},{"@type":"ImageObject","inLanguage":"de","@id":"https:\/\/www.maxima-dia.com\/de\/zubehoer-fuer-diamant-trennscheiben-kern-bohrung-und-schleifen\/hauben-l125-l180\/#primaryimage","url":"https:\/\/www.maxima-dia.com\/wp-content\/uploads\/2018\/10\/CuffiaL125L180catalogo03.jpg","contentUrl":"https:\/\/www.maxima-dia.com\/wp-content\/uploads\/2018\/10\/CuffiaL125L180catalogo03.jpg","width":1500,"height":1500},{"@type":"BreadcrumbList","@id":"https:\/\/www.maxima-dia.com\/de\/zubehoer-fuer-diamant-trennscheiben-kern-bohrung-und-schleifen\/hauben-l125-l180\/#breadcrumb","itemListElement":[{"@type":"ListItem","position":1,"name":"Home","item":"https:\/\/www.maxima-dia.com\/de\/"},{"@type":"ListItem","position":2,"name":"Zubeh\u00f6r f\u00fcr diamant-trennscheiben, -kern-bohrung und -schleifen","item":"https:\/\/www.maxima-dia.com\/de\/zubehoer-fuer-diamant-trennscheiben-kern-bohrung-und-schleifen\/"},{"@type":"ListItem","position":3,"name":"Hauben L125 &#8211; L180"}]},{"@type":"WebSite","@id":"https:\/\/www.maxima-dia.com\/de\/#website","url":"https:\/\/www.maxima-dia.com\/de\/","name":"Maxima SpA","description":"Only for the real professionals","potentialAction":[{"@type":"SearchAction","target":{"@type":"EntryPoint","urlTemplate":"https:\/\/www.maxima-dia.com\/de\/?s={search_term_string}"},"query-input":{"@type":"PropertyValueSpecification","valueRequired":true,"valueName":"search_term_string"}}],"inLanguage":"de"}]}},"_links":{"self":[{"href":"https:\/\/www.maxima-dia.com\/de\/wp-json\/wp\/v2\/pages\/19426"}],"collection":[{"href":"https:\/\/www.maxima-dia.com\/de\/wp-json\/wp\/v2\/pages"}],"about":[{"href":"https:\/\/www.maxima-dia.com\/de\/wp-json\/wp\/v2\/types\/page"}],"author":[{"embeddable":true,"href":"https:\/\/www.maxima-dia.com\/de\/wp-json\/wp\/v2\/users\/29"}],"replies":[{"embeddable":true,"href":"https:\/\/www.maxima-dia.com\/de\/wp-json\/wp\/v2\/comments?post=19426"}],"version-history":[{"count":0,"href":"https:\/\/www.maxima-dia.com\/de\/wp-json\/wp\/v2\/pages\/19426\/revisions"}],"up":[{"embeddable":true,"href":"https:\/\/www.maxima-dia.com\/de\/wp-json\/wp\/v2\/pages\/19383"}],"wp:featuredmedia":[{"embeddable":true,"href":"https:\/\/www.maxima-dia.com\/de\/wp-json\/wp\/v2\/media\/19242"}],"wp:attachment":[{"href":"https:\/\/www.maxima-dia.com\/de\/wp-json\/wp\/v2\/media?parent=19426"}],"curies":[{"name":"wp","href":"https:\/\/api.w.org\/{rel}","templated":true}]}}