{"id":19437,"date":"2018-10-25T11:12:12","date_gmt":"2018-10-25T09:12:12","guid":{"rendered":"https:\/\/www.maxima-dia.com\/?page_id=19437"},"modified":"2023-04-14T11:06:51","modified_gmt":"2023-04-14T09:06:51","slug":"cuffiamax","status":"publish","type":"page","link":"https:\/\/www.maxima-dia.com\/de\/zubehoer-fuer-diamant-trennscheiben-kern-bohrung-und-schleifen\/cuffiamax\/","title":{"rendered":"Cuffiamax"},"content":{"rendered":"<div class=\"wpb-content-wrapper\"><p>[vc_row][vc_column text_align=&#8220;center&#8220; width=&#8220;1\/4&#8243;][vc_column_text]<a href=\"https:\/\/www.maxima-dia.com\/wp-content\/uploads\/2018\/10\/CUFFIAMAX82-162-catalogo-06.jpg\"><img loading=\"lazy\" decoding=\"async\" class=\"alignnone wp-image-19257 size-thumbnail\" src=\"https:\/\/www.maxima-dia.com\/wp-content\/uploads\/2018\/10\/CUFFIAMAX82-162-catalogo-06-150x150.jpg\" alt=\"\" width=\"150\" height=\"150\" srcset=\"https:\/\/www.maxima-dia.com\/wp-content\/uploads\/2018\/10\/CUFFIAMAX82-162-catalogo-06-150x150.jpg 150w, https:\/\/www.maxima-dia.com\/wp-content\/uploads\/2018\/10\/CUFFIAMAX82-162-catalogo-06-300x300.jpg 300w, https:\/\/www.maxima-dia.com\/wp-content\/uploads\/2018\/10\/CUFFIAMAX82-162-catalogo-06-768x768.jpg 768w, https:\/\/www.maxima-dia.com\/wp-content\/uploads\/2018\/10\/CUFFIAMAX82-162-catalogo-06-1024x1024.jpg 1024w, https:\/\/www.maxima-dia.com\/wp-content\/uploads\/2018\/10\/CUFFIAMAX82-162-catalogo-06-80x80.jpg 80w, https:\/\/www.maxima-dia.com\/wp-content\/uploads\/2018\/10\/CUFFIAMAX82-162-catalogo-06-500x500.jpg 500w, https:\/\/www.maxima-dia.com\/wp-content\/uploads\/2018\/10\/CUFFIAMAX82-162-catalogo-06-1000x1000.jpg 1000w, https:\/\/www.maxima-dia.com\/wp-content\/uploads\/2018\/10\/CUFFIAMAX82-162-catalogo-06.jpg 1500w\" sizes=\"(max-width: 150px) 100vw, 150px\" \/><\/a>[\/vc_column_text][vc_column_text css_animation=&#8220;slideInDown&#8220; el_class=&#8220;hidebuybutton&#8220;]<a href=\"https:\/\/www.storemaxima.com\/de\/zubehoer-fuer-diamant-trennscheiben-kern-bohrung-und-schleifen\/230-cuffiamax-82-162.html\" target=\"_blank\" rel=\"noopener\"><img loading=\"lazy\" decoding=\"async\" class=\"alignnone\" title=\"Kaufen Auf www.storemaxima.com\" src=\"https:\/\/www.maxima-dia.com\/wp-content\/uploads\/2019\/12\/pulsante-acquista-storemaxima.com-de.svg\" alt=\"Kaufen Auf www.storemaxima.com\" width=\"180\" height=\"80\"><\/a>[\/vc_column_text][\/vc_column][vc_column width=&#8220;3\/4&#8243;][vc_column_text]An regelm\u00e4\u00dfigen, ebenen Oberfl\u00e4chen erlaubt die Haube fu\u0308r die Bohrkronen <strong>Laser Oro Spiral<\/strong>, <strong>Nero Spiral<\/strong> und <strong>Laser Argento<\/strong> das Absaugen von Staub. Geeignet fu\u0308r das Bohren mittels Bohrkronen mit einem H\u00f6chstdurchmesser von 82 mm mit der Haube 82 und von 162 mm mit der Haube 162. Die Dichtung ist im Lieferumfang inbegriffen und kann mit jedem professionellen Sauger verwendet werden.<\/p>\n<table class=\"tabellafotocarotaggio\" style=\"width: 100%;\">\n<tbody>\n<tr>\n<td style=\"width: 25%; text-align: center;\"><a href=\"https:\/\/www.maxima-dia.com\/wp-content\/uploads\/2018\/10\/CUFFIAMAX82-162-catalogo-05.jpg\"><img loading=\"lazy\" decoding=\"async\" class=\"alignnone wp-image-19249 size-thumbnail\" src=\"https:\/\/www.maxima-dia.com\/wp-content\/uploads\/2018\/10\/CUFFIAMAX82-162-catalogo-05-150x150.jpg\" alt=\"\" width=\"150\" height=\"150\" srcset=\"https:\/\/www.maxima-dia.com\/wp-content\/uploads\/2018\/10\/CUFFIAMAX82-162-catalogo-05-150x150.jpg 150w, https:\/\/www.maxima-dia.com\/wp-content\/uploads\/2018\/10\/CUFFIAMAX82-162-catalogo-05-300x300.jpg 300w, https:\/\/www.maxima-dia.com\/wp-content\/uploads\/2018\/10\/CUFFIAMAX82-162-catalogo-05-768x768.jpg 768w, https:\/\/www.maxima-dia.com\/wp-content\/uploads\/2018\/10\/CUFFIAMAX82-162-catalogo-05-1024x1024.jpg 1024w, https:\/\/www.maxima-dia.com\/wp-content\/uploads\/2018\/10\/CUFFIAMAX82-162-catalogo-05-80x80.jpg 80w, https:\/\/www.maxima-dia.com\/wp-content\/uploads\/2018\/10\/CUFFIAMAX82-162-catalogo-05-500x500.jpg 500w, https:\/\/www.maxima-dia.com\/wp-content\/uploads\/2018\/10\/CUFFIAMAX82-162-catalogo-05-1000x1000.jpg 1000w, https:\/\/www.maxima-dia.com\/wp-content\/uploads\/2018\/10\/CUFFIAMAX82-162-catalogo-05.jpg 1500w\" sizes=\"(max-width: 150px) 100vw, 150px\" \/><\/a><\/td>\n<td style=\"width: 25%; text-align: center;\"><a href=\"https:\/\/www.maxima-dia.com\/wp-content\/uploads\/2018\/10\/CUFFIAMAX82-162-catalogo-01-con-muro.jpg\"><img loading=\"lazy\" decoding=\"async\" class=\"alignnone wp-image-19244 size-thumbnail\" src=\"https:\/\/www.maxima-dia.com\/wp-content\/uploads\/2018\/10\/CUFFIAMAX82-162-catalogo-01-con-muro-150x150.jpg\" alt=\"\" width=\"150\" height=\"150\" srcset=\"https:\/\/www.maxima-dia.com\/wp-content\/uploads\/2018\/10\/CUFFIAMAX82-162-catalogo-01-con-muro-150x150.jpg 150w, https:\/\/www.maxima-dia.com\/wp-content\/uploads\/2018\/10\/CUFFIAMAX82-162-catalogo-01-con-muro-300x300.jpg 300w, https:\/\/www.maxima-dia.com\/wp-content\/uploads\/2018\/10\/CUFFIAMAX82-162-catalogo-01-con-muro-768x768.jpg 768w, https:\/\/www.maxima-dia.com\/wp-content\/uploads\/2018\/10\/CUFFIAMAX82-162-catalogo-01-con-muro-1024x1024.jpg 1024w, https:\/\/www.maxima-dia.com\/wp-content\/uploads\/2018\/10\/CUFFIAMAX82-162-catalogo-01-con-muro-80x80.jpg 80w, https:\/\/www.maxima-dia.com\/wp-content\/uploads\/2018\/10\/CUFFIAMAX82-162-catalogo-01-con-muro-500x500.jpg 500w, https:\/\/www.maxima-dia.com\/wp-content\/uploads\/2018\/10\/CUFFIAMAX82-162-catalogo-01-con-muro-1000x1000.jpg 1000w, https:\/\/www.maxima-dia.com\/wp-content\/uploads\/2018\/10\/CUFFIAMAX82-162-catalogo-01-con-muro.jpg 1500w\" sizes=\"(max-width: 150px) 100vw, 150px\" \/><\/a>&nbsp;<\/td>\n<td style=\"width: 25%; text-align: center;\"><a href=\"https:\/\/www.maxima-dia.com\/wp-content\/uploads\/2018\/10\/CUFFIAMAX82-162-catalogo-08.jpg\"><img loading=\"lazy\" decoding=\"async\" class=\"alignnone wp-image-19259 size-thumbnail\" src=\"https:\/\/www.maxima-dia.com\/wp-content\/uploads\/2018\/10\/CUFFIAMAX82-162-catalogo-08-150x150.jpg\" alt=\"\" width=\"150\" height=\"150\" srcset=\"https:\/\/www.maxima-dia.com\/wp-content\/uploads\/2018\/10\/CUFFIAMAX82-162-catalogo-08-150x150.jpg 150w, https:\/\/www.maxima-dia.com\/wp-content\/uploads\/2018\/10\/CUFFIAMAX82-162-catalogo-08-300x300.jpg 300w, https:\/\/www.maxima-dia.com\/wp-content\/uploads\/2018\/10\/CUFFIAMAX82-162-catalogo-08-768x768.jpg 768w, https:\/\/www.maxima-dia.com\/wp-content\/uploads\/2018\/10\/CUFFIAMAX82-162-catalogo-08-1024x1024.jpg 1024w, https:\/\/www.maxima-dia.com\/wp-content\/uploads\/2018\/10\/CUFFIAMAX82-162-catalogo-08-80x80.jpg 80w, https:\/\/www.maxima-dia.com\/wp-content\/uploads\/2018\/10\/CUFFIAMAX82-162-catalogo-08-500x500.jpg 500w, https:\/\/www.maxima-dia.com\/wp-content\/uploads\/2018\/10\/CUFFIAMAX82-162-catalogo-08-1000x1000.jpg 1000w, https:\/\/www.maxima-dia.com\/wp-content\/uploads\/2018\/10\/CUFFIAMAX82-162-catalogo-08.jpg 1500w\" sizes=\"(max-width: 150px) 100vw, 150px\" \/><\/a><\/td>\n<td style=\"width: 25%; text-align: center;\"><a href=\"https:\/\/www.maxima-dia.com\/wp-content\/uploads\/2018\/10\/CUFFIAMAX82-162-catalogo-09.jpg\"><img loading=\"lazy\" decoding=\"async\" class=\"alignnone wp-image-19264 size-thumbnail\" src=\"https:\/\/www.maxima-dia.com\/wp-content\/uploads\/2018\/10\/CUFFIAMAX82-162-catalogo-09-150x150.jpg\" alt=\"\" width=\"150\" height=\"150\" srcset=\"https:\/\/www.maxima-dia.com\/wp-content\/uploads\/2018\/10\/CUFFIAMAX82-162-catalogo-09-150x150.jpg 150w, https:\/\/www.maxima-dia.com\/wp-content\/uploads\/2018\/10\/CUFFIAMAX82-162-catalogo-09-300x300.jpg 300w, https:\/\/www.maxima-dia.com\/wp-content\/uploads\/2018\/10\/CUFFIAMAX82-162-catalogo-09-768x768.jpg 768w, https:\/\/www.maxima-dia.com\/wp-content\/uploads\/2018\/10\/CUFFIAMAX82-162-catalogo-09-1024x1024.jpg 1024w, https:\/\/www.maxima-dia.com\/wp-content\/uploads\/2018\/10\/CUFFIAMAX82-162-catalogo-09-80x80.jpg 80w, https:\/\/www.maxima-dia.com\/wp-content\/uploads\/2018\/10\/CUFFIAMAX82-162-catalogo-09-500x500.jpg 500w, https:\/\/www.maxima-dia.com\/wp-content\/uploads\/2018\/10\/CUFFIAMAX82-162-catalogo-09-1000x1000.jpg 1000w, https:\/\/www.maxima-dia.com\/wp-content\/uploads\/2018\/10\/CUFFIAMAX82-162-catalogo-09.jpg 1500w\" sizes=\"(max-width: 150px) 100vw, 150px\" \/><\/a><\/td>\n<\/tr>\n<tr>\n<td style=\"width: 25%; text-align: center;\">Dust suction guard suitable for drilling with core bits max \u00d8 of 162 mm<\/td>\n<td style=\"width: 25%; text-align: center;\">Maximum adhesion and great performance on smooth walls<\/td>\n<td style=\"width: 25%; text-align: center;\">Double rubber O-Ring to ensure the highest grip<\/td>\n<td style=\"width: 25%; text-align: center;\">&nbsp;<\/td>\n<\/tr>\n<\/tbody>\n<\/table>\n<p>&nbsp;<\/p>\n<table class=\"tabellatecnica\" style=\"width: 100%; height: 74px;\" border=\"0\" cellspacing=\"0\" cellpadding=\"0\">\n<thead>\n<tr style=\"height: 24px;\">\n<td class=\"testata\" style=\"width: 100%; height: 24px;\" colspan=\"2\">TECHNISCHE EIGENSCHAFTEN<\/td>\n<\/tr>\n<\/thead>\n<tbody>\n<tr style=\"height: 24px;\">\n<td class=\"coltesto1\" style=\"width: 50%; height: 24px;\">Weight: 110 gr. (82 mm) &#8211; 190 gr. (162 mm)<\/td>\n<td class=\"coltesto2\" style=\"width: 50%; height: 24px;\">Dust Suction Guard \u00d8 82 dimension (L x W x H): 180 x 220 x 70 mm<\/td>\n<\/tr>\n<tr style=\"height: 26px;\">\n<td class=\"coltesto1\" style=\"width: 50%; height: 26px;\">Dimension hole: 82 mm and 162 mm<\/td>\n<td class=\"coltesto2\" style=\"width: 50%; height: 26px;\">Dust Suction Guard \u00d8 162 dimension (L x W x H): 340 x 270 x 70 mm<\/td>\n<\/tr>\n<tr>\n<td class=\"coltesto1\" style=\"width: 50%;\">Made from plastic<\/td>\n<td class=\"coltesto1\" style=\"width: 50%;\">&nbsp;<\/td>\n<\/tr>\n<\/tbody>\n<\/table>\n<p>[\/vc_column_text][\/vc_column][\/vc_row]<\/p>\n<\/div>","protected":false},"excerpt":{"rendered":"<p>[vc_row][vc_column text_align=&#8220;center&#8220; width=&#8220;1\/4&#8243;][vc_column_text][\/vc_column_text][vc_column_text css_animation=&#8220;slideInDown&#8220; el_class=&#8220;hidebuybutton&#8220;][\/vc_column_text][\/vc_column][vc_column width=&#8220;3\/4&#8243;][vc_column_text]An regelm\u00e4\u00dfigen, ebenen Oberfl\u00e4chen erlaubt die Haube fu\u0308r die Bohrkronen Laser Oro Spiral, Nero Spiral und Laser Argento das Absaugen von Staub. Geeignet fu\u0308r das Bohren mittels Bohrkronen mit einem H\u00f6chstdurchmesser von 82 mm mit der Haube 82 und von 162 mm mit der Haube 162. Die Dichtung ist im Lieferumfang inbegriffen und kann mit jedem professionellen Sauger verwendet werden. &nbsp; Dust suction guard suitable for drilling with core bits max \u00d8 of 162 mm Maximum adhesion and great performance on smooth walls Double rubber O-Ring to ensure the highest grip &nbsp; &nbsp; TECHNISCHE EIGENSCHAFTEN Weight: 110 gr. (82 mm) &#8211; 190 gr. (162 mm) Dust Suction Guard \u00d8 82 dimension (L x W x H): 180 x 220 x 70 mm Dimension hole: 82 mm and 162 mm Dust Suction Guard \u00d8 162 dimension (L x W x H): 340 x 270 x 70 mm Made from plastic &nbsp; [\/vc_column_text][\/vc_column][\/vc_row]<\/p>\n","protected":false},"author":29,"featured_media":19257,"parent":19383,"menu_order":4,"comment_status":"closed","ping_status":"closed","template":"","meta":{"ngg_post_thumbnail":0,"_joinchat":[],"footnotes":""},"class_list":["post-19437","page","type-page","status-publish","has-post-thumbnail","hentry"],"yoast_head":"<!-- This site is optimized with the Yoast SEO plugin v25.5 - https:\/\/yoast.com\/wordpress\/plugins\/seo\/ -->\n<title>Cuffiamax - Maxima SpA<\/title>\n<meta name=\"robots\" content=\"index, follow, max-snippet:-1, max-image-preview:large, max-video-preview:-1\" \/>\n<link rel=\"canonical\" href=\"https:\/\/www.maxima-dia.com\/de\/zubehoer-fuer-diamant-trennscheiben-kern-bohrung-und-schleifen\/cuffiamax\/\" \/>\n<meta property=\"og:locale\" content=\"de_DE\" \/>\n<meta property=\"og:type\" content=\"article\" \/>\n<meta property=\"og:title\" content=\"Cuffiamax - Maxima SpA\" \/>\n<meta property=\"og:description\" content=\"[vc_row][vc_column text_align=&#8220;center&#8220; width=&#8220;1\/4&#8243;][vc_column_text][\/vc_column_text][vc_column_text css_animation=&#8220;slideInDown&#8220; el_class=&#8220;hidebuybutton&#8220;][\/vc_column_text][\/vc_column][vc_column width=&#8220;3\/4&#8243;][vc_column_text]An regelm\u00e4\u00dfigen, ebenen Oberfl\u00e4chen erlaubt die Haube fu\u0308r die Bohrkronen Laser Oro Spiral, Nero Spiral und Laser Argento das Absaugen von Staub. Geeignet fu\u0308r das Bohren mittels Bohrkronen mit einem H\u00f6chstdurchmesser von 82 mm mit der Haube 82 und von 162 mm mit der Haube 162. Die Dichtung ist im Lieferumfang inbegriffen und kann mit jedem professionellen Sauger verwendet werden. &nbsp; Dust suction guard suitable for drilling with core bits max \u00d8 of 162 mm Maximum adhesion and great performance on smooth walls Double rubber O-Ring to ensure the highest grip &nbsp; &nbsp; TECHNISCHE EIGENSCHAFTEN Weight: 110 gr. (82 mm) &#8211; 190 gr. (162 mm) Dust Suction Guard \u00d8 82 dimension (L x W x H): 180 x 220 x 70 mm Dimension hole: 82 mm and 162 mm Dust Suction Guard \u00d8 162 dimension (L x W x H): 340 x 270 x 70 mm Made from plastic &nbsp; [\/vc_column_text][\/vc_column][\/vc_row]\" \/>\n<meta property=\"og:url\" content=\"https:\/\/www.maxima-dia.com\/de\/zubehoer-fuer-diamant-trennscheiben-kern-bohrung-und-schleifen\/cuffiamax\/\" \/>\n<meta property=\"og:site_name\" content=\"Maxima SpA\" \/>\n<meta property=\"article:publisher\" content=\"https:\/\/www.facebook.com\/Maxima-spa-106098566139597\" \/>\n<meta property=\"article:modified_time\" content=\"2023-04-14T09:06:51+00:00\" \/>\n<meta property=\"og:image\" content=\"https:\/\/www.maxima-dia.com\/wp-content\/uploads\/2018\/10\/CUFFIAMAX82-162-catalogo-06.jpg\" \/>\n\t<meta property=\"og:image:width\" content=\"1500\" \/>\n\t<meta property=\"og:image:height\" content=\"1500\" \/>\n\t<meta property=\"og:image:type\" content=\"image\/jpeg\" \/>\n<meta name=\"twitter:card\" content=\"summary_large_image\" \/>\n<meta name=\"twitter:site\" content=\"@Maximadia\" \/>\n<meta name=\"twitter:label1\" content=\"Gesch\u00e4tzte Lesezeit\" \/>\n\t<meta name=\"twitter:data1\" content=\"1\u00a0Minute\" \/>\n<script type=\"application\/ld+json\" class=\"yoast-schema-graph\">{\"@context\":\"https:\/\/schema.org\",\"@graph\":[{\"@type\":\"WebPage\",\"@id\":\"https:\/\/www.maxima-dia.com\/de\/zubehoer-fuer-diamant-trennscheiben-kern-bohrung-und-schleifen\/cuffiamax\/\",\"url\":\"https:\/\/www.maxima-dia.com\/de\/zubehoer-fuer-diamant-trennscheiben-kern-bohrung-und-schleifen\/cuffiamax\/\",\"name\":\"Cuffiamax - Maxima SpA\",\"isPartOf\":{\"@id\":\"https:\/\/www.maxima-dia.com\/de\/#website\"},\"primaryImageOfPage\":{\"@id\":\"https:\/\/www.maxima-dia.com\/de\/zubehoer-fuer-diamant-trennscheiben-kern-bohrung-und-schleifen\/cuffiamax\/#primaryimage\"},\"image\":{\"@id\":\"https:\/\/www.maxima-dia.com\/de\/zubehoer-fuer-diamant-trennscheiben-kern-bohrung-und-schleifen\/cuffiamax\/#primaryimage\"},\"thumbnailUrl\":\"https:\/\/www.maxima-dia.com\/wp-content\/uploads\/2018\/10\/CUFFIAMAX82-162-catalogo-06.jpg\",\"datePublished\":\"2018-10-25T09:12:12+00:00\",\"dateModified\":\"2023-04-14T09:06:51+00:00\",\"breadcrumb\":{\"@id\":\"https:\/\/www.maxima-dia.com\/de\/zubehoer-fuer-diamant-trennscheiben-kern-bohrung-und-schleifen\/cuffiamax\/#breadcrumb\"},\"inLanguage\":\"de\",\"potentialAction\":[{\"@type\":\"ReadAction\",\"target\":[\"https:\/\/www.maxima-dia.com\/de\/zubehoer-fuer-diamant-trennscheiben-kern-bohrung-und-schleifen\/cuffiamax\/\"]}]},{\"@type\":\"ImageObject\",\"inLanguage\":\"de\",\"@id\":\"https:\/\/www.maxima-dia.com\/de\/zubehoer-fuer-diamant-trennscheiben-kern-bohrung-und-schleifen\/cuffiamax\/#primaryimage\",\"url\":\"https:\/\/www.maxima-dia.com\/wp-content\/uploads\/2018\/10\/CUFFIAMAX82-162-catalogo-06.jpg\",\"contentUrl\":\"https:\/\/www.maxima-dia.com\/wp-content\/uploads\/2018\/10\/CUFFIAMAX82-162-catalogo-06.jpg\",\"width\":1500,\"height\":1500},{\"@type\":\"BreadcrumbList\",\"@id\":\"https:\/\/www.maxima-dia.com\/de\/zubehoer-fuer-diamant-trennscheiben-kern-bohrung-und-schleifen\/cuffiamax\/#breadcrumb\",\"itemListElement\":[{\"@type\":\"ListItem\",\"position\":1,\"name\":\"Home\",\"item\":\"https:\/\/www.maxima-dia.com\/de\/\"},{\"@type\":\"ListItem\",\"position\":2,\"name\":\"Zubeh\u00f6r f\u00fcr diamant-trennscheiben, -kern-bohrung und -schleifen\",\"item\":\"https:\/\/www.maxima-dia.com\/de\/zubehoer-fuer-diamant-trennscheiben-kern-bohrung-und-schleifen\/\"},{\"@type\":\"ListItem\",\"position\":3,\"name\":\"Cuffiamax\"}]},{\"@type\":\"WebSite\",\"@id\":\"https:\/\/www.maxima-dia.com\/de\/#website\",\"url\":\"https:\/\/www.maxima-dia.com\/de\/\",\"name\":\"Maxima SpA\",\"description\":\"Only for the real professionals\",\"potentialAction\":[{\"@type\":\"SearchAction\",\"target\":{\"@type\":\"EntryPoint\",\"urlTemplate\":\"https:\/\/www.maxima-dia.com\/de\/?s={search_term_string}\"},\"query-input\":{\"@type\":\"PropertyValueSpecification\",\"valueRequired\":true,\"valueName\":\"search_term_string\"}}],\"inLanguage\":\"de\"}]}<\/script>\n<!-- \/ Yoast SEO plugin. -->","yoast_head_json":{"title":"Cuffiamax - Maxima SpA","robots":{"index":"index","follow":"follow","max-snippet":"max-snippet:-1","max-image-preview":"max-image-preview:large","max-video-preview":"max-video-preview:-1"},"canonical":"https:\/\/www.maxima-dia.com\/de\/zubehoer-fuer-diamant-trennscheiben-kern-bohrung-und-schleifen\/cuffiamax\/","og_locale":"de_DE","og_type":"article","og_title":"Cuffiamax - Maxima SpA","og_description":"[vc_row][vc_column text_align=&#8220;center&#8220; width=&#8220;1\/4&#8243;][vc_column_text][\/vc_column_text][vc_column_text css_animation=&#8220;slideInDown&#8220; el_class=&#8220;hidebuybutton&#8220;][\/vc_column_text][\/vc_column][vc_column width=&#8220;3\/4&#8243;][vc_column_text]An regelm\u00e4\u00dfigen, ebenen Oberfl\u00e4chen erlaubt die Haube fu\u0308r die Bohrkronen Laser Oro Spiral, Nero Spiral und Laser Argento das Absaugen von Staub. Geeignet fu\u0308r das Bohren mittels Bohrkronen mit einem H\u00f6chstdurchmesser von 82 mm mit der Haube 82 und von 162 mm mit der Haube 162. Die Dichtung ist im Lieferumfang inbegriffen und kann mit jedem professionellen Sauger verwendet werden. &nbsp; Dust suction guard suitable for drilling with core bits max \u00d8 of 162 mm Maximum adhesion and great performance on smooth walls Double rubber O-Ring to ensure the highest grip &nbsp; &nbsp; TECHNISCHE EIGENSCHAFTEN Weight: 110 gr. (82 mm) &#8211; 190 gr. (162 mm) Dust Suction Guard \u00d8 82 dimension (L x W x H): 180 x 220 x 70 mm Dimension hole: 82 mm and 162 mm Dust Suction Guard \u00d8 162 dimension (L x W x H): 340 x 270 x 70 mm Made from plastic &nbsp; [\/vc_column_text][\/vc_column][\/vc_row]","og_url":"https:\/\/www.maxima-dia.com\/de\/zubehoer-fuer-diamant-trennscheiben-kern-bohrung-und-schleifen\/cuffiamax\/","og_site_name":"Maxima SpA","article_publisher":"https:\/\/www.facebook.com\/Maxima-spa-106098566139597","article_modified_time":"2023-04-14T09:06:51+00:00","og_image":[{"width":1500,"height":1500,"url":"https:\/\/www.maxima-dia.com\/wp-content\/uploads\/2018\/10\/CUFFIAMAX82-162-catalogo-06.jpg","type":"image\/jpeg"}],"twitter_card":"summary_large_image","twitter_site":"@Maximadia","twitter_misc":{"Gesch\u00e4tzte Lesezeit":"1\u00a0Minute"},"schema":{"@context":"https:\/\/schema.org","@graph":[{"@type":"WebPage","@id":"https:\/\/www.maxima-dia.com\/de\/zubehoer-fuer-diamant-trennscheiben-kern-bohrung-und-schleifen\/cuffiamax\/","url":"https:\/\/www.maxima-dia.com\/de\/zubehoer-fuer-diamant-trennscheiben-kern-bohrung-und-schleifen\/cuffiamax\/","name":"Cuffiamax - Maxima SpA","isPartOf":{"@id":"https:\/\/www.maxima-dia.com\/de\/#website"},"primaryImageOfPage":{"@id":"https:\/\/www.maxima-dia.com\/de\/zubehoer-fuer-diamant-trennscheiben-kern-bohrung-und-schleifen\/cuffiamax\/#primaryimage"},"image":{"@id":"https:\/\/www.maxima-dia.com\/de\/zubehoer-fuer-diamant-trennscheiben-kern-bohrung-und-schleifen\/cuffiamax\/#primaryimage"},"thumbnailUrl":"https:\/\/www.maxima-dia.com\/wp-content\/uploads\/2018\/10\/CUFFIAMAX82-162-catalogo-06.jpg","datePublished":"2018-10-25T09:12:12+00:00","dateModified":"2023-04-14T09:06:51+00:00","breadcrumb":{"@id":"https:\/\/www.maxima-dia.com\/de\/zubehoer-fuer-diamant-trennscheiben-kern-bohrung-und-schleifen\/cuffiamax\/#breadcrumb"},"inLanguage":"de","potentialAction":[{"@type":"ReadAction","target":["https:\/\/www.maxima-dia.com\/de\/zubehoer-fuer-diamant-trennscheiben-kern-bohrung-und-schleifen\/cuffiamax\/"]}]},{"@type":"ImageObject","inLanguage":"de","@id":"https:\/\/www.maxima-dia.com\/de\/zubehoer-fuer-diamant-trennscheiben-kern-bohrung-und-schleifen\/cuffiamax\/#primaryimage","url":"https:\/\/www.maxima-dia.com\/wp-content\/uploads\/2018\/10\/CUFFIAMAX82-162-catalogo-06.jpg","contentUrl":"https:\/\/www.maxima-dia.com\/wp-content\/uploads\/2018\/10\/CUFFIAMAX82-162-catalogo-06.jpg","width":1500,"height":1500},{"@type":"BreadcrumbList","@id":"https:\/\/www.maxima-dia.com\/de\/zubehoer-fuer-diamant-trennscheiben-kern-bohrung-und-schleifen\/cuffiamax\/#breadcrumb","itemListElement":[{"@type":"ListItem","position":1,"name":"Home","item":"https:\/\/www.maxima-dia.com\/de\/"},{"@type":"ListItem","position":2,"name":"Zubeh\u00f6r f\u00fcr diamant-trennscheiben, -kern-bohrung und -schleifen","item":"https:\/\/www.maxima-dia.com\/de\/zubehoer-fuer-diamant-trennscheiben-kern-bohrung-und-schleifen\/"},{"@type":"ListItem","position":3,"name":"Cuffiamax"}]},{"@type":"WebSite","@id":"https:\/\/www.maxima-dia.com\/de\/#website","url":"https:\/\/www.maxima-dia.com\/de\/","name":"Maxima SpA","description":"Only for the real professionals","potentialAction":[{"@type":"SearchAction","target":{"@type":"EntryPoint","urlTemplate":"https:\/\/www.maxima-dia.com\/de\/?s={search_term_string}"},"query-input":{"@type":"PropertyValueSpecification","valueRequired":true,"valueName":"search_term_string"}}],"inLanguage":"de"}]}},"_links":{"self":[{"href":"https:\/\/www.maxima-dia.com\/de\/wp-json\/wp\/v2\/pages\/19437"}],"collection":[{"href":"https:\/\/www.maxima-dia.com\/de\/wp-json\/wp\/v2\/pages"}],"about":[{"href":"https:\/\/www.maxima-dia.com\/de\/wp-json\/wp\/v2\/types\/page"}],"author":[{"embeddable":true,"href":"https:\/\/www.maxima-dia.com\/de\/wp-json\/wp\/v2\/users\/29"}],"replies":[{"embeddable":true,"href":"https:\/\/www.maxima-dia.com\/de\/wp-json\/wp\/v2\/comments?post=19437"}],"version-history":[{"count":2,"href":"https:\/\/www.maxima-dia.com\/de\/wp-json\/wp\/v2\/pages\/19437\/revisions"}],"predecessor-version":[{"id":40631,"href":"https:\/\/www.maxima-dia.com\/de\/wp-json\/wp\/v2\/pages\/19437\/revisions\/40631"}],"up":[{"embeddable":true,"href":"https:\/\/www.maxima-dia.com\/de\/wp-json\/wp\/v2\/pages\/19383"}],"wp:featuredmedia":[{"embeddable":true,"href":"https:\/\/www.maxima-dia.com\/de\/wp-json\/wp\/v2\/media\/19257"}],"wp:attachment":[{"href":"https:\/\/www.maxima-dia.com\/de\/wp-json\/wp\/v2\/media?parent=19437"}],"curies":[{"name":"wp","href":"https:\/\/api.w.org\/{rel}","templated":true}]}}