{"id":21249,"date":"2021-07-12T09:29:41","date_gmt":"2021-07-12T07:29:41","guid":{"rendered":"https:\/\/www.maxima-dia.com\/?page_id=21249"},"modified":"2021-12-20T11:25:07","modified_gmt":"2021-12-20T10:25:07","slug":"maxiband-500","status":"publish","type":"page","link":"https:\/\/www.maxima-dia.com\/de\/diamant-trennmaschine\/maxiband-500\/","title":{"rendered":"Maxiband 500"},"content":{"rendered":"<div class=\"wpb-content-wrapper\"><p>[vc_row][vc_column text_align=&#8220;center&#8220; width=&#8220;1\/4&#8243;][vc_column_text]&nbsp;<\/p>\n<p><a href=\"https:\/\/www.maxima-dia.com\/wp-content\/uploads\/2019\/08\/MAXIBAND-500-LATO-SX-01.jpg\"><img loading=\"lazy\" decoding=\"async\" class=\"alignnone wp-image-21259 size-thumbnail\" src=\"https:\/\/www.maxima-dia.com\/wp-content\/uploads\/2019\/08\/MAXIBAND-500-LATO-SX-01-150x150.jpg\" alt=\"\" width=\"150\" height=\"150\" srcset=\"https:\/\/www.maxima-dia.com\/wp-content\/uploads\/2019\/08\/MAXIBAND-500-LATO-SX-01-150x150.jpg 150w, https:\/\/www.maxima-dia.com\/wp-content\/uploads\/2019\/08\/MAXIBAND-500-LATO-SX-01-300x300.jpg 300w, https:\/\/www.maxima-dia.com\/wp-content\/uploads\/2019\/08\/MAXIBAND-500-LATO-SX-01-768x768.jpg 768w, https:\/\/www.maxima-dia.com\/wp-content\/uploads\/2019\/08\/MAXIBAND-500-LATO-SX-01-1024x1024.jpg 1024w, https:\/\/www.maxima-dia.com\/wp-content\/uploads\/2019\/08\/MAXIBAND-500-LATO-SX-01-80x80.jpg 80w, https:\/\/www.maxima-dia.com\/wp-content\/uploads\/2019\/08\/MAXIBAND-500-LATO-SX-01-500x500.jpg 500w, https:\/\/www.maxima-dia.com\/wp-content\/uploads\/2019\/08\/MAXIBAND-500-LATO-SX-01-1000x1000.jpg 1000w, https:\/\/www.maxima-dia.com\/wp-content\/uploads\/2019\/08\/MAXIBAND-500-LATO-SX-01.jpg 1200w\" sizes=\"(max-width: 150px) 100vw, 150px\" \/><\/a><br \/>\nmade in EU&nbsp;<img loading=\"lazy\" decoding=\"async\" src=\"\/wp-content\/uploads\/2013\/11\/eu.png\" alt=\"eu\" width=\"24\" height=\"16\"> &#8211; Mit Zertifizierung <span style=\"font-family: arial,helvetica,sans-serif;\">CE<\/span><\/p>\n<div id=\"gtx-trans\" style=\"position: absolute; left: 136px; top: 187px;\">\n<div class=\"gtx-trans-icon\">&nbsp;<\/div>\n<\/div>\n<p>[\/vc_column_text][vc_column_text css_animation=&#8220;slideInDown&#8220; el_class=&#8220;hidebuybutton&#8220;]<a href=\"https:\/\/www.storemaxima.com\/de\/diamant-trennmaschine\/246-maxiband-500.html\" target=\"_blank\" rel=\"noopener\"><img loading=\"lazy\" decoding=\"async\" class=\"alignnone\" title=\"Kaufen Auf www.storemaxima.com\" src=\"https:\/\/www.maxima-dia.com\/wp-content\/uploads\/2019\/12\/pulsante-acquista-storemaxima.com-de.svg\" alt=\"Kaufen Auf www.storemaxima.com\" width=\"180\" height=\"80\"><\/a>[\/vc_column_text][\/vc_column][vc_column width=&#8220;3\/4&#8243;][vc_column_text]<strong>MAXIBAND 500<\/strong> ist die neue Bands\u00e4ge von Maxima, die sich besonders gut f\u00fcr das Schneiden von Zellbeton und Ziegeln mit einer H\u00f6chstdichte ROH1 eignet. Dank ihrer gro\u00dfz\u00fcgigen Abmessungen garantieren die Rotations-Riemenscheiben eine lange Lebensdauer des Bandes. Der direkte Fahrantrieb der B\u00e4nder reduziert die Wartungsintensit\u00e4t. Eine gro\u00dfz\u00fcgige \u00d6ffnung im unteren Geh\u00e4use der Werkbank erm\u00f6glicht es dem Abbruchmaterial leicht hindurchzufallen, so dass Verstopfungen vermieden werden. Die automatische Spannvorrichtung des Bandes gew\u00e4hrleistet eine konstante und optimale Spannung des Bandes und eine exzellente Schnittpr\u00e4zision; auch das Risiko eines Bandrisses wird dadurch reduziert. Die Vorrichtung zum schnellen Schlie\u00dfen des Schneidetischs erm\u00f6glicht das \u00d6ffnen des Tischs mit einem einzigen Vorgang und den schnellen Ersatz des Bandes. Die automatische Ausschaltung von <strong>MAXIBAND 500<\/strong> beugt einer unn\u00fctzen \u00dcberlastung des Bandes vor, das nur so lange tats\u00e4chlich geschnitten wird in Funktion bleibt. Dank der R\u00e4der kann <strong>MAXIBAND 500<\/strong> zudem von einer einzigen Person verschoben werden. <strong>MAXIBAND 500<\/strong> verf\u00fcgt \u00fcber ein Z\u00e4hlwerk.<\/p>\n<table class=\"tabellafotocarotaggio\" style=\"width: 100%;\">\n<tbody>\n<tr>\n<td style=\"width: 33%; text-align: center;\"><a href=\"https:\/\/www.maxima-dia.com\/wp-content\/uploads\/2019\/08\/MAXIBAND-500-f1.jpg\"><img loading=\"lazy\" decoding=\"async\" class=\"alignnone size-thumbnail wp-image-21372\" src=\"https:\/\/www.maxima-dia.com\/wp-content\/uploads\/2019\/08\/MAXIBAND-500-f1-150x150.jpg\" alt=\"\" width=\"150\" height=\"150\" srcset=\"https:\/\/www.maxima-dia.com\/wp-content\/uploads\/2019\/08\/MAXIBAND-500-f1-150x150.jpg 150w, https:\/\/www.maxima-dia.com\/wp-content\/uploads\/2019\/08\/MAXIBAND-500-f1-300x300.jpg 300w, https:\/\/www.maxima-dia.com\/wp-content\/uploads\/2019\/08\/MAXIBAND-500-f1-768x768.jpg 768w, https:\/\/www.maxima-dia.com\/wp-content\/uploads\/2019\/08\/MAXIBAND-500-f1-1024x1024.jpg 1024w, https:\/\/www.maxima-dia.com\/wp-content\/uploads\/2019\/08\/MAXIBAND-500-f1-80x80.jpg 80w, https:\/\/www.maxima-dia.com\/wp-content\/uploads\/2019\/08\/MAXIBAND-500-f1-500x500.jpg 500w, https:\/\/www.maxima-dia.com\/wp-content\/uploads\/2019\/08\/MAXIBAND-500-f1-1000x1000.jpg 1000w, https:\/\/www.maxima-dia.com\/wp-content\/uploads\/2019\/08\/MAXIBAND-500-f1.jpg 1600w\" sizes=\"(max-width: 150px) 100vw, 150px\" \/><\/a><\/td>\n<td style=\"width: 33%; text-align: center;\"><a href=\"https:\/\/www.maxima-dia.com\/wp-content\/uploads\/2019\/08\/MAXIBAND-500-f2.jpg\"><img loading=\"lazy\" decoding=\"async\" class=\"alignnone size-thumbnail wp-image-21378\" src=\"https:\/\/www.maxima-dia.com\/wp-content\/uploads\/2019\/08\/MAXIBAND-500-f2-150x150.jpg\" alt=\"\" width=\"150\" height=\"150\" srcset=\"https:\/\/www.maxima-dia.com\/wp-content\/uploads\/2019\/08\/MAXIBAND-500-f2-150x150.jpg 150w, https:\/\/www.maxima-dia.com\/wp-content\/uploads\/2019\/08\/MAXIBAND-500-f2-300x300.jpg 300w, https:\/\/www.maxima-dia.com\/wp-content\/uploads\/2019\/08\/MAXIBAND-500-f2-768x769.jpg 768w, https:\/\/www.maxima-dia.com\/wp-content\/uploads\/2019\/08\/MAXIBAND-500-f2-1024x1024.jpg 1024w, https:\/\/www.maxima-dia.com\/wp-content\/uploads\/2019\/08\/MAXIBAND-500-f2-80x80.jpg 80w, https:\/\/www.maxima-dia.com\/wp-content\/uploads\/2019\/08\/MAXIBAND-500-f2-500x500.jpg 500w, https:\/\/www.maxima-dia.com\/wp-content\/uploads\/2019\/08\/MAXIBAND-500-f2-1000x1000.jpg 1000w, https:\/\/www.maxima-dia.com\/wp-content\/uploads\/2019\/08\/MAXIBAND-500-f2.jpg 1600w\" sizes=\"(max-width: 150px) 100vw, 150px\" \/><\/a><\/td>\n<td style=\"width: 33%; text-align: center;\"><a href=\"https:\/\/www.maxima-dia.com\/wp-content\/uploads\/2019\/08\/MAXIBAND-500-f3.jpg\"><img loading=\"lazy\" decoding=\"async\" class=\"alignnone size-thumbnail wp-image-21384\" src=\"https:\/\/www.maxima-dia.com\/wp-content\/uploads\/2019\/08\/MAXIBAND-500-f3-150x150.jpg\" alt=\"\" width=\"150\" height=\"150\" srcset=\"https:\/\/www.maxima-dia.com\/wp-content\/uploads\/2019\/08\/MAXIBAND-500-f3-150x150.jpg 150w, https:\/\/www.maxima-dia.com\/wp-content\/uploads\/2019\/08\/MAXIBAND-500-f3-300x300.jpg 300w, https:\/\/www.maxima-dia.com\/wp-content\/uploads\/2019\/08\/MAXIBAND-500-f3-768x768.jpg 768w, https:\/\/www.maxima-dia.com\/wp-content\/uploads\/2019\/08\/MAXIBAND-500-f3-1024x1024.jpg 1024w, https:\/\/www.maxima-dia.com\/wp-content\/uploads\/2019\/08\/MAXIBAND-500-f3-80x80.jpg 80w, https:\/\/www.maxima-dia.com\/wp-content\/uploads\/2019\/08\/MAXIBAND-500-f3-500x500.jpg 500w, https:\/\/www.maxima-dia.com\/wp-content\/uploads\/2019\/08\/MAXIBAND-500-f3-1000x1000.jpg 1000w, https:\/\/www.maxima-dia.com\/wp-content\/uploads\/2019\/08\/MAXIBAND-500-f3.jpg 1600w\" sizes=\"(max-width: 150px) 100vw, 150px\" \/><\/a><\/td>\n<\/tr>\n<tr>\n<td style=\"width: 33%; text-align: center;\"><a href=\"https:\/\/www.maxima-dia.com\/wp-content\/uploads\/2019\/08\/MAXIBAND-500-f4-f5.jpg\"><img loading=\"lazy\" decoding=\"async\" class=\"alignnone size-thumbnail wp-image-21390\" src=\"https:\/\/www.maxima-dia.com\/wp-content\/uploads\/2019\/08\/MAXIBAND-500-f4-f5-150x150.jpg\" alt=\"\" width=\"150\" height=\"150\" srcset=\"https:\/\/www.maxima-dia.com\/wp-content\/uploads\/2019\/08\/MAXIBAND-500-f4-f5-150x150.jpg 150w, https:\/\/www.maxima-dia.com\/wp-content\/uploads\/2019\/08\/MAXIBAND-500-f4-f5-300x300.jpg 300w, https:\/\/www.maxima-dia.com\/wp-content\/uploads\/2019\/08\/MAXIBAND-500-f4-f5-768x768.jpg 768w, https:\/\/www.maxima-dia.com\/wp-content\/uploads\/2019\/08\/MAXIBAND-500-f4-f5-1024x1024.jpg 1024w, https:\/\/www.maxima-dia.com\/wp-content\/uploads\/2019\/08\/MAXIBAND-500-f4-f5-80x80.jpg 80w, https:\/\/www.maxima-dia.com\/wp-content\/uploads\/2019\/08\/MAXIBAND-500-f4-f5-500x500.jpg 500w, https:\/\/www.maxima-dia.com\/wp-content\/uploads\/2019\/08\/MAXIBAND-500-f4-f5-1000x1000.jpg 1000w, https:\/\/www.maxima-dia.com\/wp-content\/uploads\/2019\/08\/MAXIBAND-500-f4-f5.jpg 1600w\" sizes=\"(max-width: 150px) 100vw, 150px\" \/><\/a><\/td>\n<td style=\"width: 33%; text-align: center;\"><a href=\"https:\/\/www.maxima-dia.com\/wp-content\/uploads\/2019\/08\/MAXIBAND-500-f6.jpg\"><img loading=\"lazy\" decoding=\"async\" class=\"alignnone size-thumbnail wp-image-21396\" src=\"https:\/\/www.maxima-dia.com\/wp-content\/uploads\/2019\/08\/MAXIBAND-500-f6-150x150.jpg\" alt=\"\" width=\"150\" height=\"150\" srcset=\"https:\/\/www.maxima-dia.com\/wp-content\/uploads\/2019\/08\/MAXIBAND-500-f6-150x150.jpg 150w, https:\/\/www.maxima-dia.com\/wp-content\/uploads\/2019\/08\/MAXIBAND-500-f6-300x300.jpg 300w, https:\/\/www.maxima-dia.com\/wp-content\/uploads\/2019\/08\/MAXIBAND-500-f6-768x768.jpg 768w, https:\/\/www.maxima-dia.com\/wp-content\/uploads\/2019\/08\/MAXIBAND-500-f6-1024x1024.jpg 1024w, https:\/\/www.maxima-dia.com\/wp-content\/uploads\/2019\/08\/MAXIBAND-500-f6-80x80.jpg 80w, https:\/\/www.maxima-dia.com\/wp-content\/uploads\/2019\/08\/MAXIBAND-500-f6-500x500.jpg 500w, https:\/\/www.maxima-dia.com\/wp-content\/uploads\/2019\/08\/MAXIBAND-500-f6-1000x1000.jpg 1000w, https:\/\/www.maxima-dia.com\/wp-content\/uploads\/2019\/08\/MAXIBAND-500-f6.jpg 1600w\" sizes=\"(max-width: 150px) 100vw, 150px\" \/><\/a><\/td>\n<td style=\"width: 33%; text-align: center;\"><a href=\"https:\/\/www.maxima-dia.com\/wp-content\/uploads\/2019\/08\/MAXIBAND-500-f7.jpg\"><img loading=\"lazy\" decoding=\"async\" class=\"alignnone size-thumbnail wp-image-21402\" src=\"https:\/\/www.maxima-dia.com\/wp-content\/uploads\/2019\/08\/MAXIBAND-500-f7-150x150.jpg\" alt=\"\" width=\"150\" height=\"150\" srcset=\"https:\/\/www.maxima-dia.com\/wp-content\/uploads\/2019\/08\/MAXIBAND-500-f7-150x150.jpg 150w, https:\/\/www.maxima-dia.com\/wp-content\/uploads\/2019\/08\/MAXIBAND-500-f7-300x300.jpg 300w, https:\/\/www.maxima-dia.com\/wp-content\/uploads\/2019\/08\/MAXIBAND-500-f7-768x768.jpg 768w, https:\/\/www.maxima-dia.com\/wp-content\/uploads\/2019\/08\/MAXIBAND-500-f7-1024x1024.jpg 1024w, https:\/\/www.maxima-dia.com\/wp-content\/uploads\/2019\/08\/MAXIBAND-500-f7-80x80.jpg 80w, https:\/\/www.maxima-dia.com\/wp-content\/uploads\/2019\/08\/MAXIBAND-500-f7-500x500.jpg 500w, https:\/\/www.maxima-dia.com\/wp-content\/uploads\/2019\/08\/MAXIBAND-500-f7-1000x1000.jpg 1000w, https:\/\/www.maxima-dia.com\/wp-content\/uploads\/2019\/08\/MAXIBAND-500-f7.jpg 1600w\" sizes=\"(max-width: 150px) 100vw, 150px\" \/><\/a><\/td>\n<\/tr>\n<tr>\n<td style=\"width: 33%; text-align: center;\"><a href=\"https:\/\/www.maxima-dia.com\/wp-content\/uploads\/2019\/08\/MAXIBAND-500-f8.jpg\"><img loading=\"lazy\" decoding=\"async\" class=\"alignnone size-thumbnail wp-image-21408\" src=\"https:\/\/www.maxima-dia.com\/wp-content\/uploads\/2019\/08\/MAXIBAND-500-f8-150x150.jpg\" alt=\"\" width=\"150\" height=\"150\" srcset=\"https:\/\/www.maxima-dia.com\/wp-content\/uploads\/2019\/08\/MAXIBAND-500-f8-150x150.jpg 150w, https:\/\/www.maxima-dia.com\/wp-content\/uploads\/2019\/08\/MAXIBAND-500-f8-300x300.jpg 300w, https:\/\/www.maxima-dia.com\/wp-content\/uploads\/2019\/08\/MAXIBAND-500-f8-768x768.jpg 768w, https:\/\/www.maxima-dia.com\/wp-content\/uploads\/2019\/08\/MAXIBAND-500-f8-1024x1024.jpg 1024w, https:\/\/www.maxima-dia.com\/wp-content\/uploads\/2019\/08\/MAXIBAND-500-f8-80x80.jpg 80w, https:\/\/www.maxima-dia.com\/wp-content\/uploads\/2019\/08\/MAXIBAND-500-f8-500x500.jpg 500w, https:\/\/www.maxima-dia.com\/wp-content\/uploads\/2019\/08\/MAXIBAND-500-f8-1000x1000.jpg 1000w, https:\/\/www.maxima-dia.com\/wp-content\/uploads\/2019\/08\/MAXIBAND-500-f8.jpg 1600w\" sizes=\"(max-width: 150px) 100vw, 150px\" \/><\/a><\/td>\n<td style=\"width: 33%; text-align: center;\"><a href=\"https:\/\/www.maxima-dia.com\/wp-content\/uploads\/2021\/11\/MAXIBAND-500-f9-DE-scaled.jpg\"><img loading=\"lazy\" decoding=\"async\" class=\"alignnone size-thumbnail wp-image-30854\" src=\"https:\/\/www.maxima-dia.com\/wp-content\/uploads\/2021\/11\/MAXIBAND-500-f9-DE-150x150.jpg\" alt=\"\" width=\"150\" height=\"150\" srcset=\"https:\/\/www.maxima-dia.com\/wp-content\/uploads\/2021\/11\/MAXIBAND-500-f9-DE-150x150.jpg 150w, https:\/\/www.maxima-dia.com\/wp-content\/uploads\/2021\/11\/MAXIBAND-500-f9-DE-80x80.jpg 80w, https:\/\/www.maxima-dia.com\/wp-content\/uploads\/2021\/11\/MAXIBAND-500-f9-DE-500x500.jpg 500w, https:\/\/www.maxima-dia.com\/wp-content\/uploads\/2021\/11\/MAXIBAND-500-f9-DE-1000x1000.jpg 1000w\" sizes=\"(max-width: 150px) 100vw, 150px\" \/><\/a><\/td>\n<td style=\"width: 33%; text-align: center;\">&nbsp;<\/td>\n<\/tr>\n<\/tbody>\n<\/table>\n<p class=\"p1\">&nbsp;<\/p>\n<table class=\"tabellatecnica\" style=\"width: 100%;\" border=\"0\" cellspacing=\"0\" cellpadding=\"0\">\n<thead>\n<tr>\n<td class=\"testata\" colspan=\"2\">TECHNISCHE EIGENSCHAFTEN<\/td>\n<\/tr>\n<\/thead>\n<tbody>\n<tr>\n<td class=\"coltesto1\" style=\"width: 50%;\">Schnitth\u00f6he und -l\u00e4nge: 510\/700 mm<\/td>\n<td class=\"coltesto2\" style=\"width: 50%;\">Linke St\u00fctzweite der Bands\u00e4ge 490 mm<\/td>\n<\/tr>\n<tr>\n<td class=\"coltesto1\" style=\"width: 50%;\">Bandl\u00e4nge: 3750 mm<\/td>\n<td class=\"coltesto2\" style=\"width: 50%;\">Tischgr\u00f6\u00dfe der Bands\u00e4ge: 920\/710 mm Maximale<\/td>\n<\/tr>\n<tr>\n<td class=\"coltesto1\" style=\"width: 50%;\">Leistung: 1.5 kW\/230 V<\/td>\n<td class=\"coltesto2\" style=\"width: 50%;\">Tragf\u00e4higkeit: 50 kg<\/td>\n<\/tr>\n<tr>\n<td class=\"coltesto2\" style=\"width: 50%;\">Energieverbrauch: 2.7 A \/ 12.5 A<\/td>\n<td class=\"coltesto2\" style=\"width: 50%;\">Abmessungen (L x B x H) 1080 x 750 x 1840 mm<\/td>\n<\/tr>\n<tr>\n<td class=\"coltesto2\" style=\"width: 50%;\">\u00d8 Riemenscheibe der Bands\u00e4ge: 502 mm<\/td>\n<td class=\"coltesto2\" style=\"width: 50%;\">Gewicht: 173 Kg<\/td>\n<\/tr>\n<\/tbody>\n<\/table>\n<p>[\/vc_column_text][\/vc_column][\/vc_row]<\/p>\n<\/div>","protected":false},"excerpt":{"rendered":"<p>MAXIBAND 500 ist die neue Bands\u00e4ge von Maxima, die sich besonders gut f\u00fcr das Schneiden von Zellbeton und Ziegeln mit einer H\u00f6chstdichte ROH1 eignet. Dank ihrer gro\u00dfz\u00fcgigen Abmessungen garantieren die Rotations-Riemenscheiben eine lange Lebensdauer des Bandes. Der direkte Fahrantrieb der B\u00e4nder reduziert die Wartungsintensit\u00e4t. Eine gro\u00dfz\u00fcgige \u00d6ffnung im unteren Geh\u00e4use der Werkbank erm\u00f6glicht es dem Abbruchmaterial leicht hindurchzufallen, so dass Verstopfungen vermieden werden. Die automatische Spannvorrichtung des Bandes gew\u00e4hrleistet eine konstante und optimale Spannung des Bandes und eine exzellente Schnittpr\u00e4zision; auch das Risiko eines Bandrisses wird dadurch reduziert. Die Vorrichtung zum schnellen Schlie\u00dfen des Schneidetischs erm\u00f6glicht das \u00d6ffnen des Tischs mit einem einzigen Vorgang und den schnellen Ersatz des Bandes. Die automatische Ausschaltung von MAXIBAND 500 beugt einer unn\u00fctzen \u00dcberlastung des Bandes vor, das nur so lange tats\u00e4chlich geschnitten wird in Funktion bleibt. Dank der R\u00e4der kann MAXIBAND 500 zudem von einer einzigen Person verschoben werden. MAXIBAND 500 verf\u00fcgt \u00fcber ein Z\u00e4hlwerk.<\/p>\n","protected":false},"author":29,"featured_media":21262,"parent":12476,"menu_order":7,"comment_status":"closed","ping_status":"closed","template":"","meta":{"ngg_post_thumbnail":0,"_joinchat":[],"footnotes":""},"class_list":["post-21249","page","type-page","status-publish","has-post-thumbnail","hentry"],"yoast_head":"<!-- This site is optimized with the Yoast SEO plugin v25.5 - https:\/\/yoast.com\/wordpress\/plugins\/seo\/ -->\n<title>Maxiband 500 - Maxima SpA<\/title>\n<meta name=\"robots\" content=\"index, follow, max-snippet:-1, max-image-preview:large, max-video-preview:-1\" \/>\n<link rel=\"canonical\" href=\"https:\/\/www.maxima-dia.com\/de\/diamant-trennmaschine\/maxiband-500\/\" \/>\n<meta property=\"og:locale\" content=\"de_DE\" \/>\n<meta property=\"og:type\" content=\"article\" \/>\n<meta property=\"og:title\" content=\"Maxiband 500 - Maxima SpA\" \/>\n<meta property=\"og:description\" content=\"MAXIBAND 500 ist die neue Bands\u00e4ge von Maxima, die sich besonders gut f\u00fcr das Schneiden von Zellbeton und Ziegeln mit einer H\u00f6chstdichte ROH1 eignet. Dank ihrer gro\u00dfz\u00fcgigen Abmessungen garantieren die Rotations-Riemenscheiben eine lange Lebensdauer des Bandes. Der direkte Fahrantrieb der B\u00e4nder reduziert die Wartungsintensit\u00e4t. Eine gro\u00dfz\u00fcgige \u00d6ffnung im unteren Geh\u00e4use der Werkbank erm\u00f6glicht es dem Abbruchmaterial leicht hindurchzufallen, so dass Verstopfungen vermieden werden. Die automatische Spannvorrichtung des Bandes gew\u00e4hrleistet eine konstante und optimale Spannung des Bandes und eine exzellente Schnittpr\u00e4zision; auch das Risiko eines Bandrisses wird dadurch reduziert. Die Vorrichtung zum schnellen Schlie\u00dfen des Schneidetischs erm\u00f6glicht das \u00d6ffnen des Tischs mit einem einzigen Vorgang und den schnellen Ersatz des Bandes. Die automatische Ausschaltung von MAXIBAND 500 beugt einer unn\u00fctzen \u00dcberlastung des Bandes vor, das nur so lange tats\u00e4chlich geschnitten wird in Funktion bleibt. Dank der R\u00e4der kann MAXIBAND 500 zudem von einer einzigen Person verschoben werden. MAXIBAND 500 verf\u00fcgt \u00fcber ein Z\u00e4hlwerk.\" \/>\n<meta property=\"og:url\" content=\"https:\/\/www.maxima-dia.com\/de\/diamant-trennmaschine\/maxiband-500\/\" \/>\n<meta property=\"og:site_name\" content=\"Maxima SpA\" \/>\n<meta property=\"article:publisher\" content=\"https:\/\/www.facebook.com\/Maxima-spa-106098566139597\" \/>\n<meta property=\"article:modified_time\" content=\"2021-12-20T10:25:07+00:00\" \/>\n<meta property=\"og:image\" content=\"https:\/\/www.maxima-dia.com\/wp-content\/uploads\/2019\/08\/MAXIBAND-500-LATO-SX-01.jpg\" \/>\n\t<meta property=\"og:image:width\" content=\"1200\" \/>\n\t<meta property=\"og:image:height\" content=\"1200\" \/>\n\t<meta property=\"og:image:type\" content=\"image\/jpeg\" \/>\n<meta name=\"twitter:card\" content=\"summary_large_image\" \/>\n<meta name=\"twitter:site\" content=\"@Maximadia\" \/>\n<meta name=\"twitter:label1\" content=\"Gesch\u00e4tzte Lesezeit\" \/>\n\t<meta name=\"twitter:data1\" content=\"4\u00a0Minuten\" \/>\n<script type=\"application\/ld+json\" class=\"yoast-schema-graph\">{\"@context\":\"https:\/\/schema.org\",\"@graph\":[{\"@type\":\"WebPage\",\"@id\":\"https:\/\/www.maxima-dia.com\/de\/diamant-trennmaschine\/maxiband-500\/\",\"url\":\"https:\/\/www.maxima-dia.com\/de\/diamant-trennmaschine\/maxiband-500\/\",\"name\":\"Maxiband 500 - Maxima SpA\",\"isPartOf\":{\"@id\":\"https:\/\/www.maxima-dia.com\/de\/#website\"},\"primaryImageOfPage\":{\"@id\":\"https:\/\/www.maxima-dia.com\/de\/diamant-trennmaschine\/maxiband-500\/#primaryimage\"},\"image\":{\"@id\":\"https:\/\/www.maxima-dia.com\/de\/diamant-trennmaschine\/maxiband-500\/#primaryimage\"},\"thumbnailUrl\":\"https:\/\/www.maxima-dia.com\/wp-content\/uploads\/2019\/08\/MAXIBAND-500-LATO-SX-01.jpg\",\"datePublished\":\"2021-07-12T07:29:41+00:00\",\"dateModified\":\"2021-12-20T10:25:07+00:00\",\"breadcrumb\":{\"@id\":\"https:\/\/www.maxima-dia.com\/de\/diamant-trennmaschine\/maxiband-500\/#breadcrumb\"},\"inLanguage\":\"de\",\"potentialAction\":[{\"@type\":\"ReadAction\",\"target\":[\"https:\/\/www.maxima-dia.com\/de\/diamant-trennmaschine\/maxiband-500\/\"]}]},{\"@type\":\"ImageObject\",\"inLanguage\":\"de\",\"@id\":\"https:\/\/www.maxima-dia.com\/de\/diamant-trennmaschine\/maxiband-500\/#primaryimage\",\"url\":\"https:\/\/www.maxima-dia.com\/wp-content\/uploads\/2019\/08\/MAXIBAND-500-LATO-SX-01.jpg\",\"contentUrl\":\"https:\/\/www.maxima-dia.com\/wp-content\/uploads\/2019\/08\/MAXIBAND-500-LATO-SX-01.jpg\",\"width\":1200,\"height\":1200},{\"@type\":\"BreadcrumbList\",\"@id\":\"https:\/\/www.maxima-dia.com\/de\/diamant-trennmaschine\/maxiband-500\/#breadcrumb\",\"itemListElement\":[{\"@type\":\"ListItem\",\"position\":1,\"name\":\"Home\",\"item\":\"https:\/\/www.maxima-dia.com\/de\/\"},{\"@type\":\"ListItem\",\"position\":2,\"name\":\"Diamant-Trennmaschine\",\"item\":\"https:\/\/www.maxima-dia.com\/de\/diamant-trennmaschine\/\"},{\"@type\":\"ListItem\",\"position\":3,\"name\":\"Maxiband 500\"}]},{\"@type\":\"WebSite\",\"@id\":\"https:\/\/www.maxima-dia.com\/de\/#website\",\"url\":\"https:\/\/www.maxima-dia.com\/de\/\",\"name\":\"Maxima SpA\",\"description\":\"Only for the real professionals\",\"potentialAction\":[{\"@type\":\"SearchAction\",\"target\":{\"@type\":\"EntryPoint\",\"urlTemplate\":\"https:\/\/www.maxima-dia.com\/de\/?s={search_term_string}\"},\"query-input\":{\"@type\":\"PropertyValueSpecification\",\"valueRequired\":true,\"valueName\":\"search_term_string\"}}],\"inLanguage\":\"de\"}]}<\/script>\n<!-- \/ Yoast SEO plugin. -->","yoast_head_json":{"title":"Maxiband 500 - Maxima SpA","robots":{"index":"index","follow":"follow","max-snippet":"max-snippet:-1","max-image-preview":"max-image-preview:large","max-video-preview":"max-video-preview:-1"},"canonical":"https:\/\/www.maxima-dia.com\/de\/diamant-trennmaschine\/maxiband-500\/","og_locale":"de_DE","og_type":"article","og_title":"Maxiband 500 - Maxima SpA","og_description":"MAXIBAND 500 ist die neue Bands\u00e4ge von Maxima, die sich besonders gut f\u00fcr das Schneiden von Zellbeton und Ziegeln mit einer H\u00f6chstdichte ROH1 eignet. Dank ihrer gro\u00dfz\u00fcgigen Abmessungen garantieren die Rotations-Riemenscheiben eine lange Lebensdauer des Bandes. Der direkte Fahrantrieb der B\u00e4nder reduziert die Wartungsintensit\u00e4t. Eine gro\u00dfz\u00fcgige \u00d6ffnung im unteren Geh\u00e4use der Werkbank erm\u00f6glicht es dem Abbruchmaterial leicht hindurchzufallen, so dass Verstopfungen vermieden werden. Die automatische Spannvorrichtung des Bandes gew\u00e4hrleistet eine konstante und optimale Spannung des Bandes und eine exzellente Schnittpr\u00e4zision; auch das Risiko eines Bandrisses wird dadurch reduziert. Die Vorrichtung zum schnellen Schlie\u00dfen des Schneidetischs erm\u00f6glicht das \u00d6ffnen des Tischs mit einem einzigen Vorgang und den schnellen Ersatz des Bandes. Die automatische Ausschaltung von MAXIBAND 500 beugt einer unn\u00fctzen \u00dcberlastung des Bandes vor, das nur so lange tats\u00e4chlich geschnitten wird in Funktion bleibt. Dank der R\u00e4der kann MAXIBAND 500 zudem von einer einzigen Person verschoben werden. MAXIBAND 500 verf\u00fcgt \u00fcber ein Z\u00e4hlwerk.","og_url":"https:\/\/www.maxima-dia.com\/de\/diamant-trennmaschine\/maxiband-500\/","og_site_name":"Maxima SpA","article_publisher":"https:\/\/www.facebook.com\/Maxima-spa-106098566139597","article_modified_time":"2021-12-20T10:25:07+00:00","og_image":[{"width":1200,"height":1200,"url":"https:\/\/www.maxima-dia.com\/wp-content\/uploads\/2019\/08\/MAXIBAND-500-LATO-SX-01.jpg","type":"image\/jpeg"}],"twitter_card":"summary_large_image","twitter_site":"@Maximadia","twitter_misc":{"Gesch\u00e4tzte Lesezeit":"4\u00a0Minuten"},"schema":{"@context":"https:\/\/schema.org","@graph":[{"@type":"WebPage","@id":"https:\/\/www.maxima-dia.com\/de\/diamant-trennmaschine\/maxiband-500\/","url":"https:\/\/www.maxima-dia.com\/de\/diamant-trennmaschine\/maxiband-500\/","name":"Maxiband 500 - Maxima SpA","isPartOf":{"@id":"https:\/\/www.maxima-dia.com\/de\/#website"},"primaryImageOfPage":{"@id":"https:\/\/www.maxima-dia.com\/de\/diamant-trennmaschine\/maxiband-500\/#primaryimage"},"image":{"@id":"https:\/\/www.maxima-dia.com\/de\/diamant-trennmaschine\/maxiband-500\/#primaryimage"},"thumbnailUrl":"https:\/\/www.maxima-dia.com\/wp-content\/uploads\/2019\/08\/MAXIBAND-500-LATO-SX-01.jpg","datePublished":"2021-07-12T07:29:41+00:00","dateModified":"2021-12-20T10:25:07+00:00","breadcrumb":{"@id":"https:\/\/www.maxima-dia.com\/de\/diamant-trennmaschine\/maxiband-500\/#breadcrumb"},"inLanguage":"de","potentialAction":[{"@type":"ReadAction","target":["https:\/\/www.maxima-dia.com\/de\/diamant-trennmaschine\/maxiband-500\/"]}]},{"@type":"ImageObject","inLanguage":"de","@id":"https:\/\/www.maxima-dia.com\/de\/diamant-trennmaschine\/maxiband-500\/#primaryimage","url":"https:\/\/www.maxima-dia.com\/wp-content\/uploads\/2019\/08\/MAXIBAND-500-LATO-SX-01.jpg","contentUrl":"https:\/\/www.maxima-dia.com\/wp-content\/uploads\/2019\/08\/MAXIBAND-500-LATO-SX-01.jpg","width":1200,"height":1200},{"@type":"BreadcrumbList","@id":"https:\/\/www.maxima-dia.com\/de\/diamant-trennmaschine\/maxiband-500\/#breadcrumb","itemListElement":[{"@type":"ListItem","position":1,"name":"Home","item":"https:\/\/www.maxima-dia.com\/de\/"},{"@type":"ListItem","position":2,"name":"Diamant-Trennmaschine","item":"https:\/\/www.maxima-dia.com\/de\/diamant-trennmaschine\/"},{"@type":"ListItem","position":3,"name":"Maxiband 500"}]},{"@type":"WebSite","@id":"https:\/\/www.maxima-dia.com\/de\/#website","url":"https:\/\/www.maxima-dia.com\/de\/","name":"Maxima SpA","description":"Only for the real professionals","potentialAction":[{"@type":"SearchAction","target":{"@type":"EntryPoint","urlTemplate":"https:\/\/www.maxima-dia.com\/de\/?s={search_term_string}"},"query-input":{"@type":"PropertyValueSpecification","valueRequired":true,"valueName":"search_term_string"}}],"inLanguage":"de"}]}},"_links":{"self":[{"href":"https:\/\/www.maxima-dia.com\/de\/wp-json\/wp\/v2\/pages\/21249"}],"collection":[{"href":"https:\/\/www.maxima-dia.com\/de\/wp-json\/wp\/v2\/pages"}],"about":[{"href":"https:\/\/www.maxima-dia.com\/de\/wp-json\/wp\/v2\/types\/page"}],"author":[{"embeddable":true,"href":"https:\/\/www.maxima-dia.com\/de\/wp-json\/wp\/v2\/users\/29"}],"replies":[{"embeddable":true,"href":"https:\/\/www.maxima-dia.com\/de\/wp-json\/wp\/v2\/comments?post=21249"}],"version-history":[{"count":0,"href":"https:\/\/www.maxima-dia.com\/de\/wp-json\/wp\/v2\/pages\/21249\/revisions"}],"up":[{"embeddable":true,"href":"https:\/\/www.maxima-dia.com\/de\/wp-json\/wp\/v2\/pages\/12476"}],"wp:featuredmedia":[{"embeddable":true,"href":"https:\/\/www.maxima-dia.com\/de\/wp-json\/wp\/v2\/media\/21262"}],"wp:attachment":[{"href":"https:\/\/www.maxima-dia.com\/de\/wp-json\/wp\/v2\/media?parent=21249"}],"curies":[{"name":"wp","href":"https:\/\/api.w.org\/{rel}","templated":true}]}}