{"id":28140,"date":"2021-06-23T09:49:30","date_gmt":"2021-06-23T07:49:30","guid":{"rendered":"https:\/\/www.maxima-dia.com\/?page_id=28140"},"modified":"2021-06-23T09:49:30","modified_gmt":"2021-06-23T07:49:30","slug":"diamanttrennscheibe-laser-amaranth-silent","status":"publish","type":"page","link":"https:\/\/www.maxima-dia.com\/de\/universelle-laser-diamanttrennscheiben\/diamanttrennscheibe-laser-amaranth-silent\/","title":{"rendered":"Laser Amaranth Silent"},"content":{"rendered":"<div class=\"wpb-content-wrapper\"><p>[vc_row][vc_column text_align=&#8220;center&#8220; width=&#8220;1\/4&#8243;][vc_column_text]<a href=\"https:\/\/www.maxima-dia.com\/wp-content\/uploads\/2021\/06\/LASER_AMARANTO_SILENT.jpg\"><img loading=\"lazy\" decoding=\"async\" class=\"alignnone wp-image-28151 size-thumbnail\" src=\"https:\/\/www.maxima-dia.com\/wp-content\/uploads\/2021\/06\/LASER_AMARANTO_SILENT-150x150.jpg\" alt=\"\" width=\"150\" height=\"150\" srcset=\"https:\/\/www.maxima-dia.com\/wp-content\/uploads\/2021\/06\/LASER_AMARANTO_SILENT-150x150.jpg 150w, https:\/\/www.maxima-dia.com\/wp-content\/uploads\/2021\/06\/LASER_AMARANTO_SILENT-300x300.jpg 300w, https:\/\/www.maxima-dia.com\/wp-content\/uploads\/2021\/06\/LASER_AMARANTO_SILENT-1024x1024.jpg 1024w, https:\/\/www.maxima-dia.com\/wp-content\/uploads\/2021\/06\/LASER_AMARANTO_SILENT-768x768.jpg 768w, https:\/\/www.maxima-dia.com\/wp-content\/uploads\/2021\/06\/LASER_AMARANTO_SILENT-1536x1536.jpg 1536w, https:\/\/www.maxima-dia.com\/wp-content\/uploads\/2021\/06\/LASER_AMARANTO_SILENT-80x80.jpg 80w, https:\/\/www.maxima-dia.com\/wp-content\/uploads\/2021\/06\/LASER_AMARANTO_SILENT-500x500.jpg 500w, https:\/\/www.maxima-dia.com\/wp-content\/uploads\/2021\/06\/LASER_AMARANTO_SILENT-1000x1000.jpg 1000w, https:\/\/www.maxima-dia.com\/wp-content\/uploads\/2021\/06\/LASER_AMARANTO_SILENT.jpg 1700w\" sizes=\"(max-width: 150px) 100vw, 150px\" \/><\/a><\/p>\n<p><span style=\"background-color: #cc0000; color: #ffffff; padding: 5px;\">H.12 mm<\/span>[\/vc_column_text][vc_column_text css_animation=&#8220;slideInDown&#8220; el_class=&#8220;hidebuybutton&#8220;]<a href=\"https:\/\/www.storemaxima.com\/de\/universelle-laser-diamanttrennscheiben\/272-laser-amaranth-silent.html\" target=\"_blank\" rel=\"noopener\"><img loading=\"lazy\" decoding=\"async\" class=\"alignnone\" title=\"Kaufen Auf www.storemaxima.com\" src=\"https:\/\/www.maxima-dia.com\/wp-content\/uploads\/2019\/12\/pulsante-acquista-storemaxima.com-de.svg\" alt=\"Kaufen Auf www.storemaxima.com\" width=\"180\" height=\"80\"><\/a>[\/vc_column_text][\/vc_column][vc_column width=&#8220;3\/4&#8243;][vc_column_text]Laser Amaranth Silent ist eine universelle Laser-Diamanttrenn-scheibe, die Hochleistungen und geringe L\u00e4rmbelastung bietet. Dank der Herstellung unter Verwendung der Sandwich-Techno-logie kann die L\u00e4rmbelastung um 30% reduziert werden um den Benutzern maximalen Arbeitskomfort zu garantieren. Dieses Werkzeug bietet dank der f\u00fcr die Diamantsegmente verwen-deten innovativen Produktionstechnologie \u201cHaifischzahn\u201d, die das zu schneidende Material au\u00dferordentlich effizient und mit einer gro\u00dfen Geschwindigkeit durchtrennen, in Bezug auf Standzeit und Schnitt eine extrem exzellente Qualit\u00e4t.<\/p>\n<table class=\"tabellatecnica\" style=\"width: 80%;\" border=\"0\" cellspacing=\"0\" cellpadding=\"0\">\n<thead>\n<tr>\n<td class=\"testata\" colspan=\"2\">TECHNISCHE TABELLE<\/td>\n<\/tr>\n<\/thead>\n<tbody>\n<tr>\n<td class=\"prima\">Ausgeh\u00e4rteter Zement \/ Ziegel \/ Dachpfannen<\/td>\n<td class=\"seconda\"><b class=\"txtred\">\u2605<\/b><b class=\"txtred\">\u2605<\/b><b class=\"txtred\">\u2605<\/b><b class=\"txtred\">\u2605<\/b><b class=\"txtred\">\u2605<\/b><\/td>\n<\/tr>\n<tr>\n<td class=\"prima\">Schwach bewehrter Beton<\/td>\n<td class=\"seconda\"><b class=\"txtred\">\u2605<\/b><b class=\"txtred\">\u2605<\/b><b class=\"txtred\">\u2605<\/b><b class=\"txtred\">\u2605<\/b><b class=\"txtred\">\u2605<\/b><\/td>\n<\/tr>\n<tr>\n<td class=\"prima\">Stark bewehrter Beton<\/td>\n<td class=\"seconda\"><b class=\"txtred\">\u2605<\/b><b class=\"txtred\">\u2605<\/b><b class=\"txtred\">\u2605<\/b><b class=\"txtred\">\u2605<\/b><b class=\"txtred\">\u2605<\/b><\/td>\n<\/tr>\n<tr>\n<td class=\"prima\">Granit \/ Naturstein \/ Porphyr<\/td>\n<td class=\"seconda\"><b class=\"txtred\">\u2605<\/b><b class=\"txtred\">\u2605<\/b><b class=\"txtred\">\u2605<\/b><b class=\"txtred\">\u2605<\/b><b class=\"txtred\">\u2605<\/b><\/td>\n<\/tr>\n<tr>\n<td class=\"prima\">Marmor<\/td>\n<td class=\"seconda\"><b class=\"txtred\">\u2605<\/b><\/td>\n<\/tr>\n<tr>\n<td class=\"prima\">Schamotte<\/td>\n<td class=\"seconda\"><b class=\"txtred\">\u2605<\/b><b class=\"txtred\">\u2605<\/b><b class=\"txtred\">\u2605<\/b><b class=\"txtred\">\u2605<\/b><\/td>\n<\/tr>\n<tr>\n<td class=\"prima\">Sandstein \/ Waschbetonplatten<\/td>\n<td class=\"seconda\"><b class=\"txtred\">\u2605<\/b><b class=\"txtred\">\u2605<\/b><b class=\"txtred\">\u2605<\/b><b class=\"txtred\">\u2605<\/b><\/td>\n<\/tr>\n<tr>\n<td class=\"prima\">Keramikfliesen (Zweibrandverfahren)<\/td>\n<td class=\"seconda\"><b class=\"txtred\">\u2605<\/b><\/td>\n<\/tr>\n<tr>\n<td class=\"prima\">Keramikfliesen (Einbrandverfahren)<\/td>\n<td class=\"seconda\"><b class=\"txtred\">\u2605<\/b><\/td>\n<\/tr>\n<tr>\n<td class=\"prima\">Feinsteinzeug \/ Klinker<\/td>\n<td class=\"seconda\">&nbsp;<\/td>\n<\/tr>\n<tr>\n<td class=\"prima\">Frischer Zement<\/td>\n<td class=\"seconda\">&nbsp;<\/td>\n<\/tr>\n<tr>\n<td class=\"prima\">Asphalt<\/td>\n<td class=\"seconda\">&nbsp;<\/td>\n<\/tr>\n<tr>\n<td class=\"intervallo\" colspan=\"2\">&nbsp;<\/td>\n<\/tr>\n<tr>\n<td class=\"prima\">Schnittgeschwindigkeit<\/td>\n<td class=\"seconda\"><b class=\"txtred\">\u2605<\/b><b class=\"txtred\">\u2605<\/b><b class=\"txtred\">\u2605<\/b><b class=\"txtred\">\u2605<\/b><b class=\"txtred\">\u2605<\/b><\/td>\n<\/tr>\n<tr>\n<td class=\"prima\">Mittlere Standfestigkeit<\/td>\n<td class=\"seconda\"><b class=\"txtred\">\u2605<\/b><b class=\"txtred\">\u2605<\/b><b class=\"txtred\">\u2605<\/b><b class=\"txtred\">\u2605<\/b><\/td>\n<\/tr>\n<tr>\n<td class=\"legenda\" colspan=\"2\"><strong>ausreichend<\/strong><b class=\"txtred\">\u2605<\/b>&nbsp;&nbsp;&nbsp;&nbsp;&nbsp;<strong>mittel<\/strong><b class=\"txtred\">\u2605<\/b><b class=\"txtred\">\u2605<\/b>&nbsp;&nbsp;&nbsp;&nbsp;&nbsp;<strong>gut<\/strong><b class=\"txtred\">\u2605<\/b><b class=\"txtred\">\u2605<\/b><b class=\"txtred\">\u2605<\/b>&nbsp;&nbsp;&nbsp;&nbsp;&nbsp;<strong>optimal<\/strong><b class=\"txtred\">\u2605<\/b><b class=\"txtred\">\u2605<\/b><b class=\"txtred\">\u2605<\/b><b class=\"txtred\">\u2605<\/b>&nbsp;&nbsp;&nbsp;&nbsp;&nbsp;<strong>super<\/strong><b class=\"txtred\">\u2605<\/b><b class=\"txtred\">\u2605<\/b><b class=\"txtred\">\u2605<\/b><b class=\"txtred\">\u2605<\/b><b class=\"txtred\">\u2605<\/b><\/td>\n<\/tr>\n<\/tbody>\n<\/table>\n<p>&nbsp;<\/p>\n<table class=\"tabellatecnica\" style=\"width: 80%;\" border=\"0\" cellspacing=\"0\" cellpadding=\"0\">\n<thead>\n<tr>\n<td class=\"testata\" style=\"width: 99.8201%;\">VERF\u00dcGBARE DURCHMESSER<\/td>\n<\/tr>\n<\/thead>\n<tbody>\n<tr>\n<td style=\"width: 99.8201%;\" valign=\"top\"><img loading=\"lazy\" decoding=\"async\" class=\"alignleft\" style=\"margin-bottom: 30px;\" src=\"\/wp-content\/uploads\/2013\/10\/s-taglio1.png\" alt=\"s-taglio1\" width=\"64\" height=\"30\"> 115-125-230<\/td>\n<\/tr>\n<\/tbody>\n<\/table>\n<p>&nbsp;[\/vc_column_text][\/vc_column][\/vc_row]<\/p>\n<\/div>","protected":false},"excerpt":{"rendered":"<p>[vc_row][vc_column text_align=&#8220;center&#8220; width=&#8220;1\/4&#8243;][vc_column_text] H.12 mm[\/vc_column_text][vc_column_text css_animation=&#8220;slideInDown&#8220; el_class=&#8220;hidebuybutton&#8220;][\/vc_column_text][\/vc_column][vc_column width=&#8220;3\/4&#8243;][vc_column_text]Laser Amaranth Silent ist eine universelle Laser-Diamanttrenn-scheibe, die Hochleistungen und geringe L\u00e4rmbelastung bietet. Dank der Herstellung unter Verwendung der Sandwich-Techno-logie kann die L\u00e4rmbelastung um 30% reduziert werden um den Benutzern maximalen Arbeitskomfort zu garantieren. Dieses Werkzeug bietet dank der f\u00fcr die Diamantsegmente verwen-deten innovativen Produktionstechnologie \u201cHaifischzahn\u201d, die das zu schneidende Material au\u00dferordentlich effizient und mit einer gro\u00dfen Geschwindigkeit durchtrennen, in Bezug auf Standzeit und Schnitt eine extrem exzellente Qualit\u00e4t. TECHNISCHE TABELLE Ausgeh\u00e4rteter Zement \/ Ziegel \/ Dachpfannen \u2605\u2605\u2605\u2605\u2605 Schwach bewehrter Beton \u2605\u2605\u2605\u2605\u2605 Stark bewehrter Beton \u2605\u2605\u2605\u2605\u2605 Granit \/ Naturstein \/ Porphyr \u2605\u2605\u2605\u2605\u2605 Marmor \u2605 Schamotte \u2605\u2605\u2605\u2605 Sandstein \/ Waschbetonplatten \u2605\u2605\u2605\u2605 Keramikfliesen (Zweibrandverfahren) \u2605 Keramikfliesen (Einbrandverfahren) \u2605 Feinsteinzeug \/ Klinker &nbsp; Frischer Zement &nbsp; Asphalt &nbsp; &nbsp; Schnittgeschwindigkeit \u2605\u2605\u2605\u2605\u2605 Mittlere Standfestigkeit \u2605\u2605\u2605\u2605 ausreichend\u2605&nbsp;&nbsp;&nbsp;&nbsp;&nbsp;mittel\u2605\u2605&nbsp;&nbsp;&nbsp;&nbsp;&nbsp;gut\u2605\u2605\u2605&nbsp;&nbsp;&nbsp;&nbsp;&nbsp;optimal\u2605\u2605\u2605\u2605&nbsp;&nbsp;&nbsp;&nbsp;&nbsp;super\u2605\u2605\u2605\u2605\u2605 &nbsp; VERF\u00dcGBARE DURCHMESSER 115-125-230 &nbsp;[\/vc_column_text][\/vc_column][\/vc_row]<\/p>\n","protected":false},"author":29,"featured_media":28151,"parent":12404,"menu_order":3,"comment_status":"closed","ping_status":"closed","template":"","meta":{"ngg_post_thumbnail":0,"_joinchat":[],"footnotes":""},"class_list":["post-28140","page","type-page","status-publish","has-post-thumbnail","hentry"],"yoast_head":"<!-- This site is optimized with the Yoast SEO plugin v25.5 - https:\/\/yoast.com\/wordpress\/plugins\/seo\/ -->\n<title>Laser Amaranth Silent - Maxima SpA<\/title>\n<meta name=\"description\" content=\"Laser Gelb beeindruckt durch seine Schnittgeschwindigkeit, die f\u00fcr eine Diamanttrennscheibe dieser Klasse bemerkenswert ist. Ideal geeignet f\u00fcr einen nicht zu intensiven Einsatz.\" \/>\n<meta name=\"robots\" content=\"index, follow, max-snippet:-1, max-image-preview:large, max-video-preview:-1\" \/>\n<link rel=\"canonical\" href=\"https:\/\/www.maxima-dia.com\/de\/universelle-laser-diamanttrennscheiben\/diamanttrennscheibe-laser-amaranth-silent\/\" \/>\n<meta property=\"og:locale\" content=\"de_DE\" \/>\n<meta property=\"og:type\" content=\"article\" \/>\n<meta property=\"og:title\" content=\"Laser Amaranth Silent - Maxima SpA\" \/>\n<meta property=\"og:description\" content=\"Laser Gelb beeindruckt durch seine Schnittgeschwindigkeit, die f\u00fcr eine Diamanttrennscheibe dieser Klasse bemerkenswert ist. Ideal geeignet f\u00fcr einen nicht zu intensiven Einsatz.\" \/>\n<meta property=\"og:url\" content=\"https:\/\/www.maxima-dia.com\/de\/universelle-laser-diamanttrennscheiben\/diamanttrennscheibe-laser-amaranth-silent\/\" \/>\n<meta property=\"og:site_name\" content=\"Maxima SpA\" \/>\n<meta property=\"article:publisher\" content=\"https:\/\/www.facebook.com\/Maxima-spa-106098566139597\" \/>\n<meta property=\"og:image\" content=\"https:\/\/www.maxima-dia.com\/wp-content\/uploads\/2021\/06\/LASER_AMARANTO_SILENT.jpg\" \/>\n\t<meta property=\"og:image:width\" content=\"1700\" \/>\n\t<meta property=\"og:image:height\" content=\"1700\" \/>\n\t<meta property=\"og:image:type\" content=\"image\/jpeg\" \/>\n<meta name=\"twitter:card\" content=\"summary_large_image\" \/>\n<meta name=\"twitter:site\" content=\"@Maximadia\" \/>\n<meta name=\"twitter:label1\" content=\"Gesch\u00e4tzte Lesezeit\" \/>\n\t<meta name=\"twitter:data1\" content=\"13\u00a0Minuten\" \/>\n<script type=\"application\/ld+json\" class=\"yoast-schema-graph\">{\"@context\":\"https:\/\/schema.org\",\"@graph\":[{\"@type\":\"WebPage\",\"@id\":\"https:\/\/www.maxima-dia.com\/de\/universelle-laser-diamanttrennscheiben\/diamanttrennscheibe-laser-amaranth-silent\/\",\"url\":\"https:\/\/www.maxima-dia.com\/de\/universelle-laser-diamanttrennscheiben\/diamanttrennscheibe-laser-amaranth-silent\/\",\"name\":\"Laser Amaranth Silent - Maxima SpA\",\"isPartOf\":{\"@id\":\"https:\/\/www.maxima-dia.com\/de\/#website\"},\"primaryImageOfPage\":{\"@id\":\"https:\/\/www.maxima-dia.com\/de\/universelle-laser-diamanttrennscheiben\/diamanttrennscheibe-laser-amaranth-silent\/#primaryimage\"},\"image\":{\"@id\":\"https:\/\/www.maxima-dia.com\/de\/universelle-laser-diamanttrennscheiben\/diamanttrennscheibe-laser-amaranth-silent\/#primaryimage\"},\"thumbnailUrl\":\"https:\/\/www.maxima-dia.com\/wp-content\/uploads\/2021\/06\/LASER_AMARANTO_SILENT.jpg\",\"datePublished\":\"2021-06-23T07:49:30+00:00\",\"description\":\"Laser Gelb beeindruckt durch seine Schnittgeschwindigkeit, die f\u00fcr eine Diamanttrennscheibe dieser Klasse bemerkenswert ist. Ideal geeignet f\u00fcr einen nicht zu intensiven Einsatz.\",\"breadcrumb\":{\"@id\":\"https:\/\/www.maxima-dia.com\/de\/universelle-laser-diamanttrennscheiben\/diamanttrennscheibe-laser-amaranth-silent\/#breadcrumb\"},\"inLanguage\":\"de\",\"potentialAction\":[{\"@type\":\"ReadAction\",\"target\":[\"https:\/\/www.maxima-dia.com\/de\/universelle-laser-diamanttrennscheiben\/diamanttrennscheibe-laser-amaranth-silent\/\"]}]},{\"@type\":\"ImageObject\",\"inLanguage\":\"de\",\"@id\":\"https:\/\/www.maxima-dia.com\/de\/universelle-laser-diamanttrennscheiben\/diamanttrennscheibe-laser-amaranth-silent\/#primaryimage\",\"url\":\"https:\/\/www.maxima-dia.com\/wp-content\/uploads\/2021\/06\/LASER_AMARANTO_SILENT.jpg\",\"contentUrl\":\"https:\/\/www.maxima-dia.com\/wp-content\/uploads\/2021\/06\/LASER_AMARANTO_SILENT.jpg\",\"width\":1700,\"height\":1700},{\"@type\":\"BreadcrumbList\",\"@id\":\"https:\/\/www.maxima-dia.com\/de\/universelle-laser-diamanttrennscheiben\/diamanttrennscheibe-laser-amaranth-silent\/#breadcrumb\",\"itemListElement\":[{\"@type\":\"ListItem\",\"position\":1,\"name\":\"Home\",\"item\":\"https:\/\/www.maxima-dia.com\/de\/\"},{\"@type\":\"ListItem\",\"position\":2,\"name\":\"Universelle Laser-Diamanttrennscheiben\",\"item\":\"https:\/\/www.maxima-dia.com\/de\/universelle-laser-diamanttrennscheiben\/\"},{\"@type\":\"ListItem\",\"position\":3,\"name\":\"Laser Amaranth Silent\"}]},{\"@type\":\"WebSite\",\"@id\":\"https:\/\/www.maxima-dia.com\/de\/#website\",\"url\":\"https:\/\/www.maxima-dia.com\/de\/\",\"name\":\"Maxima SpA\",\"description\":\"Only for the real professionals\",\"potentialAction\":[{\"@type\":\"SearchAction\",\"target\":{\"@type\":\"EntryPoint\",\"urlTemplate\":\"https:\/\/www.maxima-dia.com\/de\/?s={search_term_string}\"},\"query-input\":{\"@type\":\"PropertyValueSpecification\",\"valueRequired\":true,\"valueName\":\"search_term_string\"}}],\"inLanguage\":\"de\"}]}<\/script>\n<!-- \/ Yoast SEO plugin. -->","yoast_head_json":{"title":"Laser Amaranth Silent - Maxima SpA","description":"Laser Gelb beeindruckt durch seine Schnittgeschwindigkeit, die f\u00fcr eine Diamanttrennscheibe dieser Klasse bemerkenswert ist. Ideal geeignet f\u00fcr einen nicht zu intensiven Einsatz.","robots":{"index":"index","follow":"follow","max-snippet":"max-snippet:-1","max-image-preview":"max-image-preview:large","max-video-preview":"max-video-preview:-1"},"canonical":"https:\/\/www.maxima-dia.com\/de\/universelle-laser-diamanttrennscheiben\/diamanttrennscheibe-laser-amaranth-silent\/","og_locale":"de_DE","og_type":"article","og_title":"Laser Amaranth Silent - Maxima SpA","og_description":"Laser Gelb beeindruckt durch seine Schnittgeschwindigkeit, die f\u00fcr eine Diamanttrennscheibe dieser Klasse bemerkenswert ist. Ideal geeignet f\u00fcr einen nicht zu intensiven Einsatz.","og_url":"https:\/\/www.maxima-dia.com\/de\/universelle-laser-diamanttrennscheiben\/diamanttrennscheibe-laser-amaranth-silent\/","og_site_name":"Maxima SpA","article_publisher":"https:\/\/www.facebook.com\/Maxima-spa-106098566139597","og_image":[{"width":1700,"height":1700,"url":"https:\/\/www.maxima-dia.com\/wp-content\/uploads\/2021\/06\/LASER_AMARANTO_SILENT.jpg","type":"image\/jpeg"}],"twitter_card":"summary_large_image","twitter_site":"@Maximadia","twitter_misc":{"Gesch\u00e4tzte Lesezeit":"13\u00a0Minuten"},"schema":{"@context":"https:\/\/schema.org","@graph":[{"@type":"WebPage","@id":"https:\/\/www.maxima-dia.com\/de\/universelle-laser-diamanttrennscheiben\/diamanttrennscheibe-laser-amaranth-silent\/","url":"https:\/\/www.maxima-dia.com\/de\/universelle-laser-diamanttrennscheiben\/diamanttrennscheibe-laser-amaranth-silent\/","name":"Laser Amaranth Silent - Maxima SpA","isPartOf":{"@id":"https:\/\/www.maxima-dia.com\/de\/#website"},"primaryImageOfPage":{"@id":"https:\/\/www.maxima-dia.com\/de\/universelle-laser-diamanttrennscheiben\/diamanttrennscheibe-laser-amaranth-silent\/#primaryimage"},"image":{"@id":"https:\/\/www.maxima-dia.com\/de\/universelle-laser-diamanttrennscheiben\/diamanttrennscheibe-laser-amaranth-silent\/#primaryimage"},"thumbnailUrl":"https:\/\/www.maxima-dia.com\/wp-content\/uploads\/2021\/06\/LASER_AMARANTO_SILENT.jpg","datePublished":"2021-06-23T07:49:30+00:00","description":"Laser Gelb beeindruckt durch seine Schnittgeschwindigkeit, die f\u00fcr eine Diamanttrennscheibe dieser Klasse bemerkenswert ist. Ideal geeignet f\u00fcr einen nicht zu intensiven Einsatz.","breadcrumb":{"@id":"https:\/\/www.maxima-dia.com\/de\/universelle-laser-diamanttrennscheiben\/diamanttrennscheibe-laser-amaranth-silent\/#breadcrumb"},"inLanguage":"de","potentialAction":[{"@type":"ReadAction","target":["https:\/\/www.maxima-dia.com\/de\/universelle-laser-diamanttrennscheiben\/diamanttrennscheibe-laser-amaranth-silent\/"]}]},{"@type":"ImageObject","inLanguage":"de","@id":"https:\/\/www.maxima-dia.com\/de\/universelle-laser-diamanttrennscheiben\/diamanttrennscheibe-laser-amaranth-silent\/#primaryimage","url":"https:\/\/www.maxima-dia.com\/wp-content\/uploads\/2021\/06\/LASER_AMARANTO_SILENT.jpg","contentUrl":"https:\/\/www.maxima-dia.com\/wp-content\/uploads\/2021\/06\/LASER_AMARANTO_SILENT.jpg","width":1700,"height":1700},{"@type":"BreadcrumbList","@id":"https:\/\/www.maxima-dia.com\/de\/universelle-laser-diamanttrennscheiben\/diamanttrennscheibe-laser-amaranth-silent\/#breadcrumb","itemListElement":[{"@type":"ListItem","position":1,"name":"Home","item":"https:\/\/www.maxima-dia.com\/de\/"},{"@type":"ListItem","position":2,"name":"Universelle Laser-Diamanttrennscheiben","item":"https:\/\/www.maxima-dia.com\/de\/universelle-laser-diamanttrennscheiben\/"},{"@type":"ListItem","position":3,"name":"Laser Amaranth Silent"}]},{"@type":"WebSite","@id":"https:\/\/www.maxima-dia.com\/de\/#website","url":"https:\/\/www.maxima-dia.com\/de\/","name":"Maxima SpA","description":"Only for the real professionals","potentialAction":[{"@type":"SearchAction","target":{"@type":"EntryPoint","urlTemplate":"https:\/\/www.maxima-dia.com\/de\/?s={search_term_string}"},"query-input":{"@type":"PropertyValueSpecification","valueRequired":true,"valueName":"search_term_string"}}],"inLanguage":"de"}]}},"_links":{"self":[{"href":"https:\/\/www.maxima-dia.com\/de\/wp-json\/wp\/v2\/pages\/28140"}],"collection":[{"href":"https:\/\/www.maxima-dia.com\/de\/wp-json\/wp\/v2\/pages"}],"about":[{"href":"https:\/\/www.maxima-dia.com\/de\/wp-json\/wp\/v2\/types\/page"}],"author":[{"embeddable":true,"href":"https:\/\/www.maxima-dia.com\/de\/wp-json\/wp\/v2\/users\/29"}],"replies":[{"embeddable":true,"href":"https:\/\/www.maxima-dia.com\/de\/wp-json\/wp\/v2\/comments?post=28140"}],"version-history":[{"count":0,"href":"https:\/\/www.maxima-dia.com\/de\/wp-json\/wp\/v2\/pages\/28140\/revisions"}],"up":[{"embeddable":true,"href":"https:\/\/www.maxima-dia.com\/de\/wp-json\/wp\/v2\/pages\/12404"}],"wp:featuredmedia":[{"embeddable":true,"href":"https:\/\/www.maxima-dia.com\/de\/wp-json\/wp\/v2\/media\/28151"}],"wp:attachment":[{"href":"https:\/\/www.maxima-dia.com\/de\/wp-json\/wp\/v2\/media?parent=28140"}],"curies":[{"name":"wp","href":"https:\/\/api.w.org\/{rel}","templated":true}]}}