{"id":28164,"date":"2021-06-23T10:43:56","date_gmt":"2021-06-23T08:43:56","guid":{"rendered":"https:\/\/www.maxima-dia.com\/?page_id=28164"},"modified":"2021-06-23T10:44:24","modified_gmt":"2021-06-23T08:44:24","slug":"diamanttrennscheibe-laser-gruen","status":"publish","type":"page","link":"https:\/\/www.maxima-dia.com\/de\/universelle-laser-diamanttrennscheiben\/diamanttrennscheibe-laser-gruen\/","title":{"rendered":"Laser Gr\u00fcn"},"content":{"rendered":"<div class=\"wpb-content-wrapper\"><p>[vc_row][vc_column text_align=&#8220;center&#8220; width=&#8220;1\/4&#8243;][vc_column_text]<a href=\"https:\/\/www.maxima-dia.com\/wp-content\/uploads\/2021\/06\/LASER_VERDE.jpg\"><img loading=\"lazy\" decoding=\"async\" class=\"alignnone wp-image-28172 size-thumbnail\" src=\"https:\/\/www.maxima-dia.com\/wp-content\/uploads\/2021\/06\/LASER_VERDE-150x150.jpg\" alt=\"\" width=\"150\" height=\"150\" srcset=\"https:\/\/www.maxima-dia.com\/wp-content\/uploads\/2021\/06\/LASER_VERDE-150x150.jpg 150w, https:\/\/www.maxima-dia.com\/wp-content\/uploads\/2021\/06\/LASER_VERDE-300x300.jpg 300w, https:\/\/www.maxima-dia.com\/wp-content\/uploads\/2021\/06\/LASER_VERDE-1024x1024.jpg 1024w, https:\/\/www.maxima-dia.com\/wp-content\/uploads\/2021\/06\/LASER_VERDE-768x768.jpg 768w, https:\/\/www.maxima-dia.com\/wp-content\/uploads\/2021\/06\/LASER_VERDE-1536x1536.jpg 1536w, https:\/\/www.maxima-dia.com\/wp-content\/uploads\/2021\/06\/LASER_VERDE-80x80.jpg 80w, https:\/\/www.maxima-dia.com\/wp-content\/uploads\/2021\/06\/LASER_VERDE-500x500.jpg 500w, https:\/\/www.maxima-dia.com\/wp-content\/uploads\/2021\/06\/LASER_VERDE-1000x1000.jpg 1000w, https:\/\/www.maxima-dia.com\/wp-content\/uploads\/2021\/06\/LASER_VERDE.jpg 1700w\" sizes=\"(max-width: 150px) 100vw, 150px\" \/><\/a><\/p>\n<p><span style=\"background-color: #cc0000; color: #ffffff; padding: 5px;\">H.12 mm<\/span>[\/vc_column_text][vc_column_text css_animation=&#8220;slideInDown&#8220; el_class=&#8220;hidebuybutton&#8220;]<a href=\"https:\/\/www.storemaxima.com\/de\/universelle-laser-diamanttrennscheiben\/273-laser-gruen.html\" target=\"_blank\" rel=\"noopener\"><img loading=\"lazy\" decoding=\"async\" class=\"alignnone\" title=\"Kaufen Auf www.storemaxima.com\" src=\"https:\/\/www.maxima-dia.com\/wp-content\/uploads\/2019\/12\/pulsante-acquista-storemaxima.com-de.svg\" alt=\"Kaufen Auf www.storemaxima.com\" width=\"180\" height=\"80\"><\/a>[\/vc_column_text][\/vc_column][vc_column width=&#8220;3\/4&#8243;][vc_column_text]Die Segmente mit Krokodilpanzerprofil und die Turbo-Design-Sei-ten machen <strong>Laser Gr\u00fcn<\/strong> zu einer unverw\u00fcstlichen Diamanttrenn-scheibe f\u00fcr Fachexperten. Schnell, agil und universell einsetzbar wie nur einige andere Diamanttrennscheiben! Durch die zahlreichen Bohrungen in der Diamanttrennschiebe wird eine optimale K\u00fchlung garantiert, wodurch sich die Leistungsf\u00e4higkeit noch weiter erh\u00f6ht. Leistungsf\u00e4higkeit und Verl\u00e4sslichkeit sind die St\u00e4rken dieser seit vielen Jahren hergestellten Diamanttrennscheibe, die jetzt mit ei-nem neuen Design verf\u00fcgbar ist.<br \/>\n<strong>Sie ist auch in der Version X-Lock mit \u00f8 115 und 125 verf\u00fcgbar.<\/strong><\/p>\n<table class=\"tabellatecnica\" style=\"width: 80%;\" border=\"0\" cellspacing=\"0\" cellpadding=\"0\">\n<thead>\n<tr>\n<td class=\"testata\" colspan=\"2\">TECHNISCHE TABELLE<\/td>\n<\/tr>\n<\/thead>\n<tbody>\n<tr>\n<td class=\"prima\">Ausgeh\u00e4rteter Zement \/ Ziegel \/ Dachpfannen<\/td>\n<td class=\"seconda\"><b class=\"txtred\">\u2605<\/b><b class=\"txtred\">\u2605<\/b><b class=\"txtred\">\u2605<\/b><b class=\"txtred\">\u2605<\/b><b class=\"txtred\">\u2605<\/b><\/td>\n<\/tr>\n<tr>\n<td class=\"prima\">Schwach bewehrter Beton<\/td>\n<td class=\"seconda\"><b class=\"txtred\">\u2605<\/b><b class=\"txtred\">\u2605<\/b><b class=\"txtred\">\u2605<\/b><b class=\"txtred\">\u2605<\/b><b class=\"txtred\">\u2605<\/b><\/td>\n<\/tr>\n<tr>\n<td class=\"prima\">Stark bewehrter Beton<\/td>\n<td class=\"seconda\"><b class=\"txtred\">\u2605<\/b><b class=\"txtred\">\u2605<\/b><b class=\"txtred\">\u2605<\/b><b class=\"txtred\">\u2605<\/b><b class=\"txtred\">\u2605<\/b><\/td>\n<\/tr>\n<tr>\n<td class=\"prima\">Granit \/ Naturstein \/ Porphyr<\/td>\n<td class=\"seconda\"><b class=\"txtred\">\u2605<\/b><b class=\"txtred\">\u2605<\/b><b class=\"txtred\">\u2605<\/b><b class=\"txtred\">\u2605<\/b><\/td>\n<\/tr>\n<tr>\n<td class=\"prima\">Marmor<\/td>\n<td class=\"seconda\">&nbsp;<\/td>\n<\/tr>\n<tr>\n<td class=\"prima\">Schamotte<\/td>\n<td class=\"seconda\"><b class=\"txtred\">\u2605<\/b><b class=\"txtred\">\u2605<\/b><\/td>\n<\/tr>\n<tr>\n<td class=\"prima\">Sandstein \/ Waschbetonplatten<\/td>\n<td class=\"seconda\"><b class=\"txtred\">\u2605<\/b><b class=\"txtred\">\u2605<\/b><\/td>\n<\/tr>\n<tr>\n<td class=\"prima\">Keramikfliesen (Zweibrandverfahren)<\/td>\n<td class=\"seconda\"><b class=\"txtred\">\u2605<\/b><\/td>\n<\/tr>\n<tr>\n<td class=\"prima\">Keramikfliesen (Einbrandverfahren)<\/td>\n<td class=\"seconda\"><b class=\"txtred\">\u2605<\/b><\/td>\n<\/tr>\n<tr>\n<td class=\"prima\">Feinsteinzeug \/ Klinker<\/td>\n<td class=\"seconda\">&nbsp;<\/td>\n<\/tr>\n<tr>\n<td class=\"prima\">Frischer Zement<\/td>\n<td class=\"seconda\">&nbsp;<\/td>\n<\/tr>\n<tr>\n<td class=\"prima\">Asphalt<\/td>\n<td class=\"seconda\">&nbsp;<\/td>\n<\/tr>\n<tr>\n<td class=\"intervallo\" colspan=\"2\">&nbsp;<\/td>\n<\/tr>\n<tr>\n<td class=\"prima\">Schnittgeschwindigkeit<\/td>\n<td class=\"seconda\"><b class=\"txtred\">\u2605<\/b><b class=\"txtred\">\u2605<\/b><b class=\"txtred\">\u2605<\/b><b class=\"txtred\">\u2605<\/b><b class=\"txtred\">\u2605<\/b><\/td>\n<\/tr>\n<tr>\n<td class=\"prima\">Mittlere Standfestigkeit<\/td>\n<td class=\"seconda\"><b class=\"txtred\">\u2605<\/b><b class=\"txtred\">\u2605<\/b><b class=\"txtred\">\u2605<\/b><\/td>\n<\/tr>\n<tr>\n<td class=\"legenda\" colspan=\"2\"><strong>ausreichend<\/strong><b class=\"txtred\">\u2605<\/b>&nbsp;&nbsp;&nbsp;&nbsp;&nbsp;<strong>mittel<\/strong><b class=\"txtred\">\u2605<\/b><b class=\"txtred\">\u2605<\/b>&nbsp;&nbsp;&nbsp;&nbsp;&nbsp;<strong>gut<\/strong><b class=\"txtred\">\u2605<\/b><b class=\"txtred\">\u2605<\/b><b class=\"txtred\">\u2605<\/b>&nbsp;&nbsp;&nbsp;&nbsp;&nbsp;<strong>optimal<\/strong><b class=\"txtred\">\u2605<\/b><b class=\"txtred\">\u2605<\/b><b class=\"txtred\">\u2605<\/b><b class=\"txtred\">\u2605<\/b>&nbsp;&nbsp;&nbsp;&nbsp;&nbsp;<strong>super<\/strong><b class=\"txtred\">\u2605<\/b><b class=\"txtred\">\u2605<\/b><b class=\"txtred\">\u2605<\/b><b class=\"txtred\">\u2605<\/b><b class=\"txtred\">\u2605<\/b><\/td>\n<\/tr>\n<\/tbody>\n<\/table>\n<p>&nbsp;<\/p>\n<table class=\"tabellatecnica\" style=\"width: 80%;\" border=\"0\" cellspacing=\"0\" cellpadding=\"0\">\n<thead>\n<tr>\n<td class=\"testata\" style=\"width: 49.91%;\" colspan=\"2\">VERF\u00dcGBARE DURCHMESSER<\/td>\n<\/tr>\n<\/thead>\n<tbody>\n<tr>\n<td style=\"width: 49.91%;\" valign=\"top\"><img loading=\"lazy\" decoding=\"async\" class=\"alignleft\" style=\"margin-bottom: 30px;\" src=\"\/wp-content\/uploads\/2013\/10\/s-taglio1.png\" alt=\"s-taglio1\" width=\"64\" height=\"30\"> 115-125-230<\/td>\n<td style=\"width: 49.91%;\"><a href=\"\/wp-content\/uploads\/2013\/11\/s-taglio3.png\"><img decoding=\"async\" class=\"wp-image-7030 alignleft\" src=\"\/wp-content\/uploads\/2013\/11\/s-taglio3.png\" alt=\"s-taglio3\" height=\"50\"><\/a>300-350-400<\/td>\n<\/tr>\n<\/tbody>\n<\/table>\n<p>&nbsp;<br \/>\n[\/vc_column_text][\/vc_column][\/vc_row]<\/p>\n<\/div>","protected":false},"excerpt":{"rendered":"<p>[vc_row][vc_column text_align=&#8220;center&#8220; width=&#8220;1\/4&#8243;][vc_column_text] H.12 mm[\/vc_column_text][vc_column_text css_animation=&#8220;slideInDown&#8220; el_class=&#8220;hidebuybutton&#8220;][\/vc_column_text][\/vc_column][vc_column width=&#8220;3\/4&#8243;][vc_column_text]Die Segmente mit Krokodilpanzerprofil und die Turbo-Design-Sei-ten machen Laser Gr\u00fcn zu einer unverw\u00fcstlichen Diamanttrenn-scheibe f\u00fcr Fachexperten. Schnell, agil und universell einsetzbar wie nur einige andere Diamanttrennscheiben! Durch die zahlreichen Bohrungen in der Diamanttrennschiebe wird eine optimale K\u00fchlung garantiert, wodurch sich die Leistungsf\u00e4higkeit noch weiter erh\u00f6ht. Leistungsf\u00e4higkeit und Verl\u00e4sslichkeit sind die St\u00e4rken dieser seit vielen Jahren hergestellten Diamanttrennscheibe, die jetzt mit ei-nem neuen Design verf\u00fcgbar ist. Sie ist auch in der Version X-Lock mit \u00f8 115 und 125 verf\u00fcgbar. TECHNISCHE TABELLE Ausgeh\u00e4rteter Zement \/ Ziegel \/ Dachpfannen \u2605\u2605\u2605\u2605\u2605 Schwach bewehrter Beton \u2605\u2605\u2605\u2605\u2605 Stark bewehrter Beton \u2605\u2605\u2605\u2605\u2605 Granit \/ Naturstein \/ Porphyr \u2605\u2605\u2605\u2605 Marmor &nbsp; Schamotte \u2605\u2605 Sandstein \/ Waschbetonplatten \u2605\u2605 Keramikfliesen (Zweibrandverfahren) \u2605 Keramikfliesen (Einbrandverfahren) \u2605 Feinsteinzeug \/ Klinker &nbsp; Frischer Zement &nbsp; Asphalt &nbsp; &nbsp; Schnittgeschwindigkeit \u2605\u2605\u2605\u2605\u2605 Mittlere Standfestigkeit \u2605\u2605\u2605 ausreichend\u2605&nbsp;&nbsp;&nbsp;&nbsp;&nbsp;mittel\u2605\u2605&nbsp;&nbsp;&nbsp;&nbsp;&nbsp;gut\u2605\u2605\u2605&nbsp;&nbsp;&nbsp;&nbsp;&nbsp;optimal\u2605\u2605\u2605\u2605&nbsp;&nbsp;&nbsp;&nbsp;&nbsp;super\u2605\u2605\u2605\u2605\u2605 &nbsp; VERF\u00dcGBARE DURCHMESSER 115-125-230 300-350-400 &nbsp; [\/vc_column_text][\/vc_column][\/vc_row]<\/p>\n","protected":false},"author":29,"featured_media":28172,"parent":12404,"menu_order":8,"comment_status":"closed","ping_status":"closed","template":"","meta":{"ngg_post_thumbnail":0,"_joinchat":[],"footnotes":""},"class_list":["post-28164","page","type-page","status-publish","has-post-thumbnail","hentry"],"yoast_head":"<!-- This site is optimized with the Yoast SEO plugin v25.5 - https:\/\/yoast.com\/wordpress\/plugins\/seo\/ -->\n<title>Laser Gr\u00fcn - Maxima SpA<\/title>\n<meta name=\"description\" content=\"Laser Gelb beeindruckt durch seine Schnittgeschwindigkeit, die f\u00fcr eine Diamanttrennscheibe dieser Klasse bemerkenswert ist. Ideal geeignet f\u00fcr einen nicht zu intensiven Einsatz.\" \/>\n<meta name=\"robots\" content=\"index, follow, max-snippet:-1, max-image-preview:large, max-video-preview:-1\" \/>\n<link rel=\"canonical\" href=\"https:\/\/www.maxima-dia.com\/de\/universelle-laser-diamanttrennscheiben\/diamanttrennscheibe-laser-gruen\/\" \/>\n<meta property=\"og:locale\" content=\"de_DE\" \/>\n<meta property=\"og:type\" content=\"article\" \/>\n<meta property=\"og:title\" content=\"Laser Gr\u00fcn - Maxima SpA\" \/>\n<meta property=\"og:description\" content=\"Laser Gelb beeindruckt durch seine Schnittgeschwindigkeit, die f\u00fcr eine Diamanttrennscheibe dieser Klasse bemerkenswert ist. Ideal geeignet f\u00fcr einen nicht zu intensiven Einsatz.\" \/>\n<meta property=\"og:url\" content=\"https:\/\/www.maxima-dia.com\/de\/universelle-laser-diamanttrennscheiben\/diamanttrennscheibe-laser-gruen\/\" \/>\n<meta property=\"og:site_name\" content=\"Maxima SpA\" \/>\n<meta property=\"article:publisher\" content=\"https:\/\/www.facebook.com\/Maxima-spa-106098566139597\" \/>\n<meta property=\"article:modified_time\" content=\"2021-06-23T08:44:24+00:00\" \/>\n<meta property=\"og:image\" content=\"https:\/\/www.maxima-dia.com\/wp-content\/uploads\/2021\/06\/LASER_VERDE.jpg\" \/>\n\t<meta property=\"og:image:width\" content=\"1700\" \/>\n\t<meta property=\"og:image:height\" content=\"1700\" \/>\n\t<meta property=\"og:image:type\" content=\"image\/jpeg\" \/>\n<meta name=\"twitter:card\" content=\"summary_large_image\" \/>\n<meta name=\"twitter:site\" content=\"@Maximadia\" \/>\n<meta name=\"twitter:label1\" content=\"Gesch\u00e4tzte Lesezeit\" \/>\n\t<meta name=\"twitter:data1\" content=\"12\u00a0Minuten\" \/>\n<script type=\"application\/ld+json\" class=\"yoast-schema-graph\">{\"@context\":\"https:\/\/schema.org\",\"@graph\":[{\"@type\":\"WebPage\",\"@id\":\"https:\/\/www.maxima-dia.com\/de\/universelle-laser-diamanttrennscheiben\/diamanttrennscheibe-laser-gruen\/\",\"url\":\"https:\/\/www.maxima-dia.com\/de\/universelle-laser-diamanttrennscheiben\/diamanttrennscheibe-laser-gruen\/\",\"name\":\"Laser Gr\u00fcn - Maxima SpA\",\"isPartOf\":{\"@id\":\"https:\/\/www.maxima-dia.com\/de\/#website\"},\"primaryImageOfPage\":{\"@id\":\"https:\/\/www.maxima-dia.com\/de\/universelle-laser-diamanttrennscheiben\/diamanttrennscheibe-laser-gruen\/#primaryimage\"},\"image\":{\"@id\":\"https:\/\/www.maxima-dia.com\/de\/universelle-laser-diamanttrennscheiben\/diamanttrennscheibe-laser-gruen\/#primaryimage\"},\"thumbnailUrl\":\"https:\/\/www.maxima-dia.com\/wp-content\/uploads\/2021\/06\/LASER_VERDE.jpg\",\"datePublished\":\"2021-06-23T08:43:56+00:00\",\"dateModified\":\"2021-06-23T08:44:24+00:00\",\"description\":\"Laser Gelb beeindruckt durch seine Schnittgeschwindigkeit, die f\u00fcr eine Diamanttrennscheibe dieser Klasse bemerkenswert ist. Ideal geeignet f\u00fcr einen nicht zu intensiven Einsatz.\",\"breadcrumb\":{\"@id\":\"https:\/\/www.maxima-dia.com\/de\/universelle-laser-diamanttrennscheiben\/diamanttrennscheibe-laser-gruen\/#breadcrumb\"},\"inLanguage\":\"de\",\"potentialAction\":[{\"@type\":\"ReadAction\",\"target\":[\"https:\/\/www.maxima-dia.com\/de\/universelle-laser-diamanttrennscheiben\/diamanttrennscheibe-laser-gruen\/\"]}]},{\"@type\":\"ImageObject\",\"inLanguage\":\"de\",\"@id\":\"https:\/\/www.maxima-dia.com\/de\/universelle-laser-diamanttrennscheiben\/diamanttrennscheibe-laser-gruen\/#primaryimage\",\"url\":\"https:\/\/www.maxima-dia.com\/wp-content\/uploads\/2021\/06\/LASER_VERDE.jpg\",\"contentUrl\":\"https:\/\/www.maxima-dia.com\/wp-content\/uploads\/2021\/06\/LASER_VERDE.jpg\",\"width\":1700,\"height\":1700},{\"@type\":\"BreadcrumbList\",\"@id\":\"https:\/\/www.maxima-dia.com\/de\/universelle-laser-diamanttrennscheiben\/diamanttrennscheibe-laser-gruen\/#breadcrumb\",\"itemListElement\":[{\"@type\":\"ListItem\",\"position\":1,\"name\":\"Home\",\"item\":\"https:\/\/www.maxima-dia.com\/de\/\"},{\"@type\":\"ListItem\",\"position\":2,\"name\":\"Universelle Laser-Diamanttrennscheiben\",\"item\":\"https:\/\/www.maxima-dia.com\/de\/universelle-laser-diamanttrennscheiben\/\"},{\"@type\":\"ListItem\",\"position\":3,\"name\":\"Laser Gr\u00fcn\"}]},{\"@type\":\"WebSite\",\"@id\":\"https:\/\/www.maxima-dia.com\/de\/#website\",\"url\":\"https:\/\/www.maxima-dia.com\/de\/\",\"name\":\"Maxima SpA\",\"description\":\"Only for the real professionals\",\"potentialAction\":[{\"@type\":\"SearchAction\",\"target\":{\"@type\":\"EntryPoint\",\"urlTemplate\":\"https:\/\/www.maxima-dia.com\/de\/?s={search_term_string}\"},\"query-input\":{\"@type\":\"PropertyValueSpecification\",\"valueRequired\":true,\"valueName\":\"search_term_string\"}}],\"inLanguage\":\"de\"}]}<\/script>\n<!-- \/ Yoast SEO plugin. -->","yoast_head_json":{"title":"Laser Gr\u00fcn - Maxima SpA","description":"Laser Gelb beeindruckt durch seine Schnittgeschwindigkeit, die f\u00fcr eine Diamanttrennscheibe dieser Klasse bemerkenswert ist. Ideal geeignet f\u00fcr einen nicht zu intensiven Einsatz.","robots":{"index":"index","follow":"follow","max-snippet":"max-snippet:-1","max-image-preview":"max-image-preview:large","max-video-preview":"max-video-preview:-1"},"canonical":"https:\/\/www.maxima-dia.com\/de\/universelle-laser-diamanttrennscheiben\/diamanttrennscheibe-laser-gruen\/","og_locale":"de_DE","og_type":"article","og_title":"Laser Gr\u00fcn - Maxima SpA","og_description":"Laser Gelb beeindruckt durch seine Schnittgeschwindigkeit, die f\u00fcr eine Diamanttrennscheibe dieser Klasse bemerkenswert ist. Ideal geeignet f\u00fcr einen nicht zu intensiven Einsatz.","og_url":"https:\/\/www.maxima-dia.com\/de\/universelle-laser-diamanttrennscheiben\/diamanttrennscheibe-laser-gruen\/","og_site_name":"Maxima SpA","article_publisher":"https:\/\/www.facebook.com\/Maxima-spa-106098566139597","article_modified_time":"2021-06-23T08:44:24+00:00","og_image":[{"width":1700,"height":1700,"url":"https:\/\/www.maxima-dia.com\/wp-content\/uploads\/2021\/06\/LASER_VERDE.jpg","type":"image\/jpeg"}],"twitter_card":"summary_large_image","twitter_site":"@Maximadia","twitter_misc":{"Gesch\u00e4tzte Lesezeit":"12\u00a0Minuten"},"schema":{"@context":"https:\/\/schema.org","@graph":[{"@type":"WebPage","@id":"https:\/\/www.maxima-dia.com\/de\/universelle-laser-diamanttrennscheiben\/diamanttrennscheibe-laser-gruen\/","url":"https:\/\/www.maxima-dia.com\/de\/universelle-laser-diamanttrennscheiben\/diamanttrennscheibe-laser-gruen\/","name":"Laser Gr\u00fcn - Maxima SpA","isPartOf":{"@id":"https:\/\/www.maxima-dia.com\/de\/#website"},"primaryImageOfPage":{"@id":"https:\/\/www.maxima-dia.com\/de\/universelle-laser-diamanttrennscheiben\/diamanttrennscheibe-laser-gruen\/#primaryimage"},"image":{"@id":"https:\/\/www.maxima-dia.com\/de\/universelle-laser-diamanttrennscheiben\/diamanttrennscheibe-laser-gruen\/#primaryimage"},"thumbnailUrl":"https:\/\/www.maxima-dia.com\/wp-content\/uploads\/2021\/06\/LASER_VERDE.jpg","datePublished":"2021-06-23T08:43:56+00:00","dateModified":"2021-06-23T08:44:24+00:00","description":"Laser Gelb beeindruckt durch seine Schnittgeschwindigkeit, die f\u00fcr eine Diamanttrennscheibe dieser Klasse bemerkenswert ist. Ideal geeignet f\u00fcr einen nicht zu intensiven Einsatz.","breadcrumb":{"@id":"https:\/\/www.maxima-dia.com\/de\/universelle-laser-diamanttrennscheiben\/diamanttrennscheibe-laser-gruen\/#breadcrumb"},"inLanguage":"de","potentialAction":[{"@type":"ReadAction","target":["https:\/\/www.maxima-dia.com\/de\/universelle-laser-diamanttrennscheiben\/diamanttrennscheibe-laser-gruen\/"]}]},{"@type":"ImageObject","inLanguage":"de","@id":"https:\/\/www.maxima-dia.com\/de\/universelle-laser-diamanttrennscheiben\/diamanttrennscheibe-laser-gruen\/#primaryimage","url":"https:\/\/www.maxima-dia.com\/wp-content\/uploads\/2021\/06\/LASER_VERDE.jpg","contentUrl":"https:\/\/www.maxima-dia.com\/wp-content\/uploads\/2021\/06\/LASER_VERDE.jpg","width":1700,"height":1700},{"@type":"BreadcrumbList","@id":"https:\/\/www.maxima-dia.com\/de\/universelle-laser-diamanttrennscheiben\/diamanttrennscheibe-laser-gruen\/#breadcrumb","itemListElement":[{"@type":"ListItem","position":1,"name":"Home","item":"https:\/\/www.maxima-dia.com\/de\/"},{"@type":"ListItem","position":2,"name":"Universelle Laser-Diamanttrennscheiben","item":"https:\/\/www.maxima-dia.com\/de\/universelle-laser-diamanttrennscheiben\/"},{"@type":"ListItem","position":3,"name":"Laser Gr\u00fcn"}]},{"@type":"WebSite","@id":"https:\/\/www.maxima-dia.com\/de\/#website","url":"https:\/\/www.maxima-dia.com\/de\/","name":"Maxima SpA","description":"Only for the real professionals","potentialAction":[{"@type":"SearchAction","target":{"@type":"EntryPoint","urlTemplate":"https:\/\/www.maxima-dia.com\/de\/?s={search_term_string}"},"query-input":{"@type":"PropertyValueSpecification","valueRequired":true,"valueName":"search_term_string"}}],"inLanguage":"de"}]}},"_links":{"self":[{"href":"https:\/\/www.maxima-dia.com\/de\/wp-json\/wp\/v2\/pages\/28164"}],"collection":[{"href":"https:\/\/www.maxima-dia.com\/de\/wp-json\/wp\/v2\/pages"}],"about":[{"href":"https:\/\/www.maxima-dia.com\/de\/wp-json\/wp\/v2\/types\/page"}],"author":[{"embeddable":true,"href":"https:\/\/www.maxima-dia.com\/de\/wp-json\/wp\/v2\/users\/29"}],"replies":[{"embeddable":true,"href":"https:\/\/www.maxima-dia.com\/de\/wp-json\/wp\/v2\/comments?post=28164"}],"version-history":[{"count":0,"href":"https:\/\/www.maxima-dia.com\/de\/wp-json\/wp\/v2\/pages\/28164\/revisions"}],"up":[{"embeddable":true,"href":"https:\/\/www.maxima-dia.com\/de\/wp-json\/wp\/v2\/pages\/12404"}],"wp:featuredmedia":[{"embeddable":true,"href":"https:\/\/www.maxima-dia.com\/de\/wp-json\/wp\/v2\/media\/28172"}],"wp:attachment":[{"href":"https:\/\/www.maxima-dia.com\/de\/wp-json\/wp\/v2\/media?parent=28164"}],"curies":[{"name":"wp","href":"https:\/\/api.w.org\/{rel}","templated":true}]}}