{"id":28352,"date":"2021-06-25T10:48:08","date_gmt":"2021-06-25T08:48:08","guid":{"rendered":"https:\/\/www.maxima-dia.com\/?page_id=28352"},"modified":"2021-06-25T11:01:59","modified_gmt":"2021-06-25T09:01:59","slug":"schwarz-multicut","status":"publish","type":"page","link":"https:\/\/www.maxima-dia.com\/de\/spezifische-trennscheibe\/schwarz-multicut\/","title":{"rendered":"Schwarz Multicut"},"content":{"rendered":"<div class=\"wpb-content-wrapper\"><p>[vc_row][vc_column text_align=&#8220;center&#8220; width=&#8220;1\/4&#8243;][vc_column_text]<a href=\"https:\/\/www.maxima-dia.com\/wp-content\/uploads\/2021\/06\/MULTICUT_NERO.jpg\"><img loading=\"lazy\" decoding=\"async\" class=\"alignnone wp-image-28359 size-thumbnail\" src=\"https:\/\/www.maxima-dia.com\/wp-content\/uploads\/2021\/06\/MULTICUT_NERO-150x150.jpg\" alt=\"\" width=\"150\" height=\"150\" srcset=\"https:\/\/www.maxima-dia.com\/wp-content\/uploads\/2021\/06\/MULTICUT_NERO-150x150.jpg 150w, https:\/\/www.maxima-dia.com\/wp-content\/uploads\/2021\/06\/MULTICUT_NERO-300x300.jpg 300w, https:\/\/www.maxima-dia.com\/wp-content\/uploads\/2021\/06\/MULTICUT_NERO-1024x1024.jpg 1024w, https:\/\/www.maxima-dia.com\/wp-content\/uploads\/2021\/06\/MULTICUT_NERO-768x768.jpg 768w, https:\/\/www.maxima-dia.com\/wp-content\/uploads\/2021\/06\/MULTICUT_NERO-1536x1536.jpg 1536w, https:\/\/www.maxima-dia.com\/wp-content\/uploads\/2021\/06\/MULTICUT_NERO-80x80.jpg 80w, https:\/\/www.maxima-dia.com\/wp-content\/uploads\/2021\/06\/MULTICUT_NERO-500x500.jpg 500w, https:\/\/www.maxima-dia.com\/wp-content\/uploads\/2021\/06\/MULTICUT_NERO-1000x1000.jpg 1000w, https:\/\/www.maxima-dia.com\/wp-content\/uploads\/2021\/06\/MULTICUT_NERO.jpg 1700w\" sizes=\"(max-width: 150px) 100vw, 150px\" \/><\/a>[\/vc_column_text][vc_column_text css_animation=&#8220;slideInDown&#8220; el_class=&#8220;hidebuybutton&#8220;]<a href=\"https:\/\/www.storemaxima.com\/de\/spezifische-trennscheibe\/278-schwarz-multicut.html\" target=\"_blank\" rel=\"noopener\"><img loading=\"lazy\" decoding=\"async\" class=\"alignnone\" title=\"Kaufen Auf www.storemaxima.com\" src=\"https:\/\/www.maxima-dia.com\/wp-content\/uploads\/2019\/12\/pulsante-acquista-storemaxima.com-de.svg\" alt=\"Kaufen Auf www.storemaxima.com\" width=\"180\" height=\"80\"><\/a>[\/vc_column_text][\/vc_column][vc_column width=&#8220;3\/4&#8243;][vc_column_text]<\/p>\n<p class=\"p1\">Die Diamanttrennscheibe <strong>Schwarz Multicut<\/strong> hat eine spezielle Diamantbeschichtung die mit der \u201cVAKUUM\u201d-Technologie direkt auf die Krone aufgetragen wird. Dies ist die universelle Diamanttrennscheibe \u201epar excellence\u201c da sie sich zum Schneiden vieler verschiedener Materialien eignet und zum Gro\u00dfteil auch die abrasiven Trennscheiben ersetzen kann. Es reicht also aus f\u00fcr alle Anforderungen eine einzige Diamanttrennscheibe auf die Schleifmaschine zu montieren. Mit dieser Diamanttrennscheibe kann ganz im Gegensatz zu den abrasiven Trennscheiben staubfrei gearbeitet werden, as sie noch n\u00fctzlicher und vielseitiger macht.<br \/>\n<strong>Ist auch in der Version X-Lock mit \u00f8 115 und 125 verf\u00fcgbar.<\/strong><\/p>\n<table class=\"tabellatecnica\" style=\"width: 80%;\" border=\"0\" cellspacing=\"0\" cellpadding=\"0\">\n<thead>\n<tr>\n<td class=\"testata\" colspan=\"2\">TECHNISCHE TABELLE<\/td>\n<\/tr>\n<\/thead>\n<tbody>\n<tr>\n<td class=\"prima\">Cured Concrete \/ Bricks \/ Roofing tiles<\/td>\n<td class=\"seconda\"><b class=\"txtred\">\u2605<\/b><b class=\"txtred\">\u2605<\/b><\/td>\n<\/tr>\n<tr>\n<td class=\"prima\">Slightly reinforced concrete<\/td>\n<td class=\"seconda\"><b class=\"txtred\">\u2605<\/b><b class=\"txtred\">\u2605<\/b>&nbsp;<\/td>\n<\/tr>\n<tr>\n<td class=\"prima\">Highly reinforced concrete<\/td>\n<td class=\"seconda\"><b class=\"txtred\">\u2605<\/b><b class=\"txtred\">\u2605<\/b>&nbsp;<\/td>\n<\/tr>\n<tr>\n<td class=\"prima\">Granite\/ Natural stone \/ Porphyries<\/td>\n<td class=\"seconda\"><b class=\"txtred\">\u2605<\/b><b class=\"txtred\">\u2605<\/b>&nbsp;<\/td>\n<\/tr>\n<tr>\n<td class=\"prima\">Marble<\/td>\n<td class=\"seconda\"><b class=\"txtred\">\u2605<\/b><b class=\"txtred\">\u2605<\/b>&nbsp;<\/td>\n<\/tr>\n<tr>\n<td class=\"prima\">Refractories<\/td>\n<td class=\"seconda\"><b class=\"txtred\">\u2605<\/b><b class=\"txtred\">\u2605<\/b><\/td>\n<\/tr>\n<tr>\n<td class=\"prima\">Sandstein \/ Waschbetonplatten \/ Waschbeton<\/td>\n<td class=\"seconda\"><b class=\"txtred\">\u2605<\/b><\/td>\n<\/tr>\n<tr>\n<td class=\"prima\">Plastic \/ PVC \/ Plexiglass<\/td>\n<td class=\"seconda\"><b class=\"txtred\">\u2605<\/b><b class=\"txtred\">\u2605<\/b>&nbsp;<\/td>\n<\/tr>\n<tr>\n<td class=\"prima\">Steel \/ Iron \/ Sheet<\/td>\n<td class=\"seconda\"><b class=\"txtred\">\u2605<\/b><b class=\"txtred\">\u2605<\/b>&nbsp;<\/td>\n<\/tr>\n<tr>\n<td class=\"prima\">Double \/ Single fired ceramic tiles<\/td>\n<td class=\"seconda\"><b class=\"txtred\">\u2605<\/b><b class=\"txtred\">\u2605<\/b>&nbsp;<\/td>\n<\/tr>\n<tr>\n<td class=\"prima\">Porcelain stoneware \/Klinker tiles<\/td>\n<td class=\"seconda\"><b class=\"txtred\">\u2605<\/b><b class=\"txtred\">\u2605<\/b><\/td>\n<\/tr>\n<tr>\n<td class=\"prima\">Fresh cement \/ Asphalt<\/td>\n<td class=\"seconda\"><b class=\"txtred\">\u2605<\/b><\/td>\n<\/tr>\n<tr>\n<td class=\"prima\">Wood (max. H. 2 cm)<\/td>\n<td class=\"seconda\"><b class=\"txtred\">\u2605<\/b><b class=\"txtred\">\u2605<\/b><\/td>\n<\/tr>\n<tr>\n<td class=\"intervallo\" colspan=\"2\">&nbsp;<\/td>\n<\/tr>\n<tr>\n<td class=\"prima\">Cutting speed<\/td>\n<td class=\"seconda\"><b class=\"txtred\">\u2605<\/b><b class=\"txtred\">\u2605<\/b><b class=\"txtred\">\u2605<\/b><b class=\"txtred\">\u2605<\/b><b class=\"txtred\">\u2605<\/b><\/td>\n<\/tr>\n<tr>\n<td class=\"prima\">Average life<\/td>\n<td class=\"seconda\"><b class=\"txtred\">\u2605<\/b><b class=\"txtred\">\u2605<\/b><\/td>\n<\/tr>\n<tr>\n<td class=\"legenda\" colspan=\"2\">sufficient<b class=\"txtred\">\u2605<\/b>&nbsp;&nbsp;&nbsp;&nbsp; average<b class=\"txtred\">\u2605<\/b><b class=\"txtred\">\u2605<\/b>&nbsp;&nbsp;&nbsp;&nbsp; good<b class=\"txtred\">\u2605<\/b><b class=\"txtred\">\u2605<\/b><b class=\"txtred\">\u2605<\/b>&nbsp;&nbsp;&nbsp;&nbsp; excellent<b class=\"txtred\">\u2605<\/b><b class=\"txtred\">\u2605<\/b><b class=\"txtred\">\u2605<\/b><b class=\"txtred\">\u2605<\/b>&nbsp;&nbsp;&nbsp;&nbsp; super<b class=\"txtred\">\u2605<\/b><b class=\"txtred\">\u2605<\/b><b class=\"txtred\">\u2605<\/b><b class=\"txtred\">\u2605<\/b><b class=\"txtred\">\u2605<\/b><\/td>\n<\/tr>\n<\/tbody>\n<\/table>\n<p>&nbsp;<\/p>\n<table class=\"tabellatecnica\" style=\"width: 80%;\" border=\"0\" cellspacing=\"0\" cellpadding=\"0\">\n<thead>\n<tr>\n<td class=\"testata\" style=\"width: 99.7998%;\">VERF\u00dcGBARE DURCHMESSER<\/td>\n<\/tr>\n<\/thead>\n<tbody>\n<tr>\n<td style=\"width: 99.7998%;\"><a href=\"https:\/\/www.maxima-dia.com\/wp-content\/uploads\/2013\/10\/s-taglio1.png\"><img loading=\"lazy\" decoding=\"async\" class=\"alignleft wp-image-24023 size-medium\" src=\"https:\/\/www.maxima-dia.com\/wp-content\/uploads\/2013\/10\/s-taglio1-300x140.png\" alt=\"\" width=\"300\" height=\"140\" srcset=\"https:\/\/www.maxima-dia.com\/wp-content\/uploads\/2013\/10\/s-taglio1-300x140.png 300w, https:\/\/www.maxima-dia.com\/wp-content\/uploads\/2013\/10\/s-taglio1.png 381w\" sizes=\"(max-width: 300px) 100vw, 300px\" \/><\/a> 115-125<\/td>\n<\/tr>\n<\/tbody>\n<\/table>\n<p>&nbsp;[\/vc_column_text][\/vc_column][\/vc_row]<\/p>\n<\/div>","protected":false},"excerpt":{"rendered":"<p>[vc_row][vc_column text_align=&#8220;center&#8220; width=&#8220;1\/4&#8243;][vc_column_text][\/vc_column_text][vc_column_text css_animation=&#8220;slideInDown&#8220; el_class=&#8220;hidebuybutton&#8220;][\/vc_column_text][\/vc_column][vc_column width=&#8220;3\/4&#8243;][vc_column_text] Die Diamanttrennscheibe Schwarz Multicut hat eine spezielle Diamantbeschichtung die mit der \u201cVAKUUM\u201d-Technologie direkt auf die Krone aufgetragen wird. Dies ist die universelle Diamanttrennscheibe \u201epar excellence\u201c da sie sich zum Schneiden vieler verschiedener Materialien eignet und zum Gro\u00dfteil auch die abrasiven Trennscheiben ersetzen kann. Es reicht also aus f\u00fcr alle Anforderungen eine einzige Diamanttrennscheibe auf die Schleifmaschine zu montieren. Mit dieser Diamanttrennscheibe kann ganz im Gegensatz zu den abrasiven Trennscheiben staubfrei gearbeitet werden, as sie noch n\u00fctzlicher und vielseitiger macht. Ist auch in der Version X-Lock mit \u00f8 115 und 125 verf\u00fcgbar. TECHNISCHE TABELLE Cured Concrete \/ Bricks \/ Roofing tiles \u2605\u2605 Slightly reinforced concrete \u2605\u2605&nbsp; Highly reinforced concrete \u2605\u2605&nbsp; Granite\/ Natural stone \/ Porphyries \u2605\u2605&nbsp; Marble \u2605\u2605&nbsp; Refractories \u2605\u2605 Sandstein \/ Waschbetonplatten \/ Waschbeton \u2605 Plastic \/ PVC \/ Plexiglass \u2605\u2605&nbsp; Steel \/ Iron \/ Sheet \u2605\u2605&nbsp; Double \/ Single fired ceramic tiles \u2605\u2605&nbsp; Porcelain stoneware \/Klinker tiles \u2605\u2605 Fresh cement \/ Asphalt \u2605 Wood (max. H. 2 cm) \u2605\u2605 &nbsp; Cutting speed \u2605\u2605\u2605\u2605\u2605 Average life \u2605\u2605 sufficient\u2605&nbsp;&nbsp;&nbsp;&nbsp; average\u2605\u2605&nbsp;&nbsp;&nbsp;&nbsp; good\u2605\u2605\u2605&nbsp;&nbsp;&nbsp;&nbsp; excellent\u2605\u2605\u2605\u2605&nbsp;&nbsp;&nbsp;&nbsp; super\u2605\u2605\u2605\u2605\u2605 &nbsp; VERF\u00dcGBARE DURCHMESSER 115-125 &nbsp;[\/vc_column_text][\/vc_column][\/vc_row]<\/p>\n","protected":false},"author":29,"featured_media":28360,"parent":12552,"menu_order":2,"comment_status":"closed","ping_status":"closed","template":"","meta":{"ngg_post_thumbnail":0,"_joinchat":[],"footnotes":""},"class_list":["post-28352","page","type-page","status-publish","has-post-thumbnail","hentry"],"yoast_head":"<!-- This site is optimized with the Yoast SEO plugin v25.5 - https:\/\/yoast.com\/wordpress\/plugins\/seo\/ -->\n<title>Schwarz Multicut - Maxima SpA<\/title>\n<meta name=\"robots\" content=\"index, follow, max-snippet:-1, max-image-preview:large, max-video-preview:-1\" \/>\n<link rel=\"canonical\" href=\"https:\/\/www.maxima-dia.com\/de\/spezifische-trennscheibe\/schwarz-multicut\/\" \/>\n<meta property=\"og:locale\" content=\"de_DE\" \/>\n<meta property=\"og:type\" content=\"article\" \/>\n<meta property=\"og:title\" content=\"Schwarz Multicut - Maxima SpA\" \/>\n<meta property=\"og:description\" content=\"[vc_row][vc_column text_align=&#8220;center&#8220; width=&#8220;1\/4&#8243;][vc_column_text][\/vc_column_text][vc_column_text css_animation=&#8220;slideInDown&#8220; el_class=&#8220;hidebuybutton&#8220;][\/vc_column_text][\/vc_column][vc_column width=&#8220;3\/4&#8243;][vc_column_text] Die Diamanttrennscheibe Schwarz Multicut hat eine spezielle Diamantbeschichtung die mit der \u201cVAKUUM\u201d-Technologie direkt auf die Krone aufgetragen wird. Dies ist die universelle Diamanttrennscheibe \u201epar excellence\u201c da sie sich zum Schneiden vieler verschiedener Materialien eignet und zum Gro\u00dfteil auch die abrasiven Trennscheiben ersetzen kann. Es reicht also aus f\u00fcr alle Anforderungen eine einzige Diamanttrennscheibe auf die Schleifmaschine zu montieren. Mit dieser Diamanttrennscheibe kann ganz im Gegensatz zu den abrasiven Trennscheiben staubfrei gearbeitet werden, as sie noch n\u00fctzlicher und vielseitiger macht. Ist auch in der Version X-Lock mit \u00f8 115 und 125 verf\u00fcgbar. TECHNISCHE TABELLE Cured Concrete \/ Bricks \/ Roofing tiles \u2605\u2605 Slightly reinforced concrete \u2605\u2605&nbsp; Highly reinforced concrete \u2605\u2605&nbsp; Granite\/ Natural stone \/ Porphyries \u2605\u2605&nbsp; Marble \u2605\u2605&nbsp; Refractories \u2605\u2605 Sandstein \/ Waschbetonplatten \/ Waschbeton \u2605 Plastic \/ PVC \/ Plexiglass \u2605\u2605&nbsp; Steel \/ Iron \/ Sheet \u2605\u2605&nbsp; Double \/ Single fired ceramic tiles \u2605\u2605&nbsp; Porcelain stoneware \/Klinker tiles \u2605\u2605 Fresh cement \/ Asphalt \u2605 Wood (max. H. 2 cm) \u2605\u2605 &nbsp; Cutting speed \u2605\u2605\u2605\u2605\u2605 Average life \u2605\u2605 sufficient\u2605&nbsp;&nbsp;&nbsp;&nbsp; average\u2605\u2605&nbsp;&nbsp;&nbsp;&nbsp; good\u2605\u2605\u2605&nbsp;&nbsp;&nbsp;&nbsp; excellent\u2605\u2605\u2605\u2605&nbsp;&nbsp;&nbsp;&nbsp; super\u2605\u2605\u2605\u2605\u2605 &nbsp; VERF\u00dcGBARE DURCHMESSER 115-125 &nbsp;[\/vc_column_text][\/vc_column][\/vc_row]\" \/>\n<meta property=\"og:url\" content=\"https:\/\/www.maxima-dia.com\/de\/spezifische-trennscheibe\/schwarz-multicut\/\" \/>\n<meta property=\"og:site_name\" content=\"Maxima SpA\" \/>\n<meta property=\"article:publisher\" content=\"https:\/\/www.facebook.com\/Maxima-spa-106098566139597\" \/>\n<meta property=\"article:modified_time\" content=\"2021-06-25T09:01:59+00:00\" \/>\n<meta property=\"og:image\" content=\"https:\/\/www.maxima-dia.com\/wp-content\/uploads\/2021\/06\/MULTICUT_NERO.jpg\" \/>\n\t<meta property=\"og:image:width\" content=\"1700\" \/>\n\t<meta property=\"og:image:height\" content=\"1700\" \/>\n\t<meta property=\"og:image:type\" content=\"image\/jpeg\" \/>\n<meta name=\"twitter:card\" content=\"summary_large_image\" \/>\n<meta name=\"twitter:site\" content=\"@Maximadia\" \/>\n<meta name=\"twitter:label1\" content=\"Gesch\u00e4tzte Lesezeit\" \/>\n\t<meta name=\"twitter:data1\" content=\"11\u00a0Minuten\" \/>\n<script type=\"application\/ld+json\" class=\"yoast-schema-graph\">{\"@context\":\"https:\/\/schema.org\",\"@graph\":[{\"@type\":\"WebPage\",\"@id\":\"https:\/\/www.maxima-dia.com\/de\/spezifische-trennscheibe\/schwarz-multicut\/\",\"url\":\"https:\/\/www.maxima-dia.com\/de\/spezifische-trennscheibe\/schwarz-multicut\/\",\"name\":\"Schwarz Multicut - Maxima SpA\",\"isPartOf\":{\"@id\":\"https:\/\/www.maxima-dia.com\/de\/#website\"},\"primaryImageOfPage\":{\"@id\":\"https:\/\/www.maxima-dia.com\/de\/spezifische-trennscheibe\/schwarz-multicut\/#primaryimage\"},\"image\":{\"@id\":\"https:\/\/www.maxima-dia.com\/de\/spezifische-trennscheibe\/schwarz-multicut\/#primaryimage\"},\"thumbnailUrl\":\"https:\/\/www.maxima-dia.com\/wp-content\/uploads\/2021\/06\/MULTICUT_NERO.jpg\",\"datePublished\":\"2021-06-25T08:48:08+00:00\",\"dateModified\":\"2021-06-25T09:01:59+00:00\",\"breadcrumb\":{\"@id\":\"https:\/\/www.maxima-dia.com\/de\/spezifische-trennscheibe\/schwarz-multicut\/#breadcrumb\"},\"inLanguage\":\"de\",\"potentialAction\":[{\"@type\":\"ReadAction\",\"target\":[\"https:\/\/www.maxima-dia.com\/de\/spezifische-trennscheibe\/schwarz-multicut\/\"]}]},{\"@type\":\"ImageObject\",\"inLanguage\":\"de\",\"@id\":\"https:\/\/www.maxima-dia.com\/de\/spezifische-trennscheibe\/schwarz-multicut\/#primaryimage\",\"url\":\"https:\/\/www.maxima-dia.com\/wp-content\/uploads\/2021\/06\/MULTICUT_NERO.jpg\",\"contentUrl\":\"https:\/\/www.maxima-dia.com\/wp-content\/uploads\/2021\/06\/MULTICUT_NERO.jpg\",\"width\":1700,\"height\":1700},{\"@type\":\"BreadcrumbList\",\"@id\":\"https:\/\/www.maxima-dia.com\/de\/spezifische-trennscheibe\/schwarz-multicut\/#breadcrumb\",\"itemListElement\":[{\"@type\":\"ListItem\",\"position\":1,\"name\":\"Home\",\"item\":\"https:\/\/www.maxima-dia.com\/de\/\"},{\"@type\":\"ListItem\",\"position\":2,\"name\":\"Spezifische Trennscheibe\",\"item\":\"https:\/\/www.maxima-dia.com\/de\/spezifische-trennscheibe\/\"},{\"@type\":\"ListItem\",\"position\":3,\"name\":\"Schwarz Multicut\"}]},{\"@type\":\"WebSite\",\"@id\":\"https:\/\/www.maxima-dia.com\/de\/#website\",\"url\":\"https:\/\/www.maxima-dia.com\/de\/\",\"name\":\"Maxima SpA\",\"description\":\"Only for the real professionals\",\"potentialAction\":[{\"@type\":\"SearchAction\",\"target\":{\"@type\":\"EntryPoint\",\"urlTemplate\":\"https:\/\/www.maxima-dia.com\/de\/?s={search_term_string}\"},\"query-input\":{\"@type\":\"PropertyValueSpecification\",\"valueRequired\":true,\"valueName\":\"search_term_string\"}}],\"inLanguage\":\"de\"}]}<\/script>\n<!-- \/ Yoast SEO plugin. -->","yoast_head_json":{"title":"Schwarz Multicut - Maxima SpA","robots":{"index":"index","follow":"follow","max-snippet":"max-snippet:-1","max-image-preview":"max-image-preview:large","max-video-preview":"max-video-preview:-1"},"canonical":"https:\/\/www.maxima-dia.com\/de\/spezifische-trennscheibe\/schwarz-multicut\/","og_locale":"de_DE","og_type":"article","og_title":"Schwarz Multicut - Maxima SpA","og_description":"[vc_row][vc_column text_align=&#8220;center&#8220; width=&#8220;1\/4&#8243;][vc_column_text][\/vc_column_text][vc_column_text css_animation=&#8220;slideInDown&#8220; el_class=&#8220;hidebuybutton&#8220;][\/vc_column_text][\/vc_column][vc_column width=&#8220;3\/4&#8243;][vc_column_text] Die Diamanttrennscheibe Schwarz Multicut hat eine spezielle Diamantbeschichtung die mit der \u201cVAKUUM\u201d-Technologie direkt auf die Krone aufgetragen wird. Dies ist die universelle Diamanttrennscheibe \u201epar excellence\u201c da sie sich zum Schneiden vieler verschiedener Materialien eignet und zum Gro\u00dfteil auch die abrasiven Trennscheiben ersetzen kann. Es reicht also aus f\u00fcr alle Anforderungen eine einzige Diamanttrennscheibe auf die Schleifmaschine zu montieren. Mit dieser Diamanttrennscheibe kann ganz im Gegensatz zu den abrasiven Trennscheiben staubfrei gearbeitet werden, as sie noch n\u00fctzlicher und vielseitiger macht. Ist auch in der Version X-Lock mit \u00f8 115 und 125 verf\u00fcgbar. TECHNISCHE TABELLE Cured Concrete \/ Bricks \/ Roofing tiles \u2605\u2605 Slightly reinforced concrete \u2605\u2605&nbsp; Highly reinforced concrete \u2605\u2605&nbsp; Granite\/ Natural stone \/ Porphyries \u2605\u2605&nbsp; Marble \u2605\u2605&nbsp; Refractories \u2605\u2605 Sandstein \/ Waschbetonplatten \/ Waschbeton \u2605 Plastic \/ PVC \/ Plexiglass \u2605\u2605&nbsp; Steel \/ Iron \/ Sheet \u2605\u2605&nbsp; Double \/ Single fired ceramic tiles \u2605\u2605&nbsp; Porcelain stoneware \/Klinker tiles \u2605\u2605 Fresh cement \/ Asphalt \u2605 Wood (max. H. 2 cm) \u2605\u2605 &nbsp; Cutting speed \u2605\u2605\u2605\u2605\u2605 Average life \u2605\u2605 sufficient\u2605&nbsp;&nbsp;&nbsp;&nbsp; average\u2605\u2605&nbsp;&nbsp;&nbsp;&nbsp; good\u2605\u2605\u2605&nbsp;&nbsp;&nbsp;&nbsp; excellent\u2605\u2605\u2605\u2605&nbsp;&nbsp;&nbsp;&nbsp; super\u2605\u2605\u2605\u2605\u2605 &nbsp; VERF\u00dcGBARE DURCHMESSER 115-125 &nbsp;[\/vc_column_text][\/vc_column][\/vc_row]","og_url":"https:\/\/www.maxima-dia.com\/de\/spezifische-trennscheibe\/schwarz-multicut\/","og_site_name":"Maxima SpA","article_publisher":"https:\/\/www.facebook.com\/Maxima-spa-106098566139597","article_modified_time":"2021-06-25T09:01:59+00:00","og_image":[{"width":1700,"height":1700,"url":"https:\/\/www.maxima-dia.com\/wp-content\/uploads\/2021\/06\/MULTICUT_NERO.jpg","type":"image\/jpeg"}],"twitter_card":"summary_large_image","twitter_site":"@Maximadia","twitter_misc":{"Gesch\u00e4tzte Lesezeit":"11\u00a0Minuten"},"schema":{"@context":"https:\/\/schema.org","@graph":[{"@type":"WebPage","@id":"https:\/\/www.maxima-dia.com\/de\/spezifische-trennscheibe\/schwarz-multicut\/","url":"https:\/\/www.maxima-dia.com\/de\/spezifische-trennscheibe\/schwarz-multicut\/","name":"Schwarz Multicut - Maxima SpA","isPartOf":{"@id":"https:\/\/www.maxima-dia.com\/de\/#website"},"primaryImageOfPage":{"@id":"https:\/\/www.maxima-dia.com\/de\/spezifische-trennscheibe\/schwarz-multicut\/#primaryimage"},"image":{"@id":"https:\/\/www.maxima-dia.com\/de\/spezifische-trennscheibe\/schwarz-multicut\/#primaryimage"},"thumbnailUrl":"https:\/\/www.maxima-dia.com\/wp-content\/uploads\/2021\/06\/MULTICUT_NERO.jpg","datePublished":"2021-06-25T08:48:08+00:00","dateModified":"2021-06-25T09:01:59+00:00","breadcrumb":{"@id":"https:\/\/www.maxima-dia.com\/de\/spezifische-trennscheibe\/schwarz-multicut\/#breadcrumb"},"inLanguage":"de","potentialAction":[{"@type":"ReadAction","target":["https:\/\/www.maxima-dia.com\/de\/spezifische-trennscheibe\/schwarz-multicut\/"]}]},{"@type":"ImageObject","inLanguage":"de","@id":"https:\/\/www.maxima-dia.com\/de\/spezifische-trennscheibe\/schwarz-multicut\/#primaryimage","url":"https:\/\/www.maxima-dia.com\/wp-content\/uploads\/2021\/06\/MULTICUT_NERO.jpg","contentUrl":"https:\/\/www.maxima-dia.com\/wp-content\/uploads\/2021\/06\/MULTICUT_NERO.jpg","width":1700,"height":1700},{"@type":"BreadcrumbList","@id":"https:\/\/www.maxima-dia.com\/de\/spezifische-trennscheibe\/schwarz-multicut\/#breadcrumb","itemListElement":[{"@type":"ListItem","position":1,"name":"Home","item":"https:\/\/www.maxima-dia.com\/de\/"},{"@type":"ListItem","position":2,"name":"Spezifische Trennscheibe","item":"https:\/\/www.maxima-dia.com\/de\/spezifische-trennscheibe\/"},{"@type":"ListItem","position":3,"name":"Schwarz Multicut"}]},{"@type":"WebSite","@id":"https:\/\/www.maxima-dia.com\/de\/#website","url":"https:\/\/www.maxima-dia.com\/de\/","name":"Maxima SpA","description":"Only for the real professionals","potentialAction":[{"@type":"SearchAction","target":{"@type":"EntryPoint","urlTemplate":"https:\/\/www.maxima-dia.com\/de\/?s={search_term_string}"},"query-input":{"@type":"PropertyValueSpecification","valueRequired":true,"valueName":"search_term_string"}}],"inLanguage":"de"}]}},"_links":{"self":[{"href":"https:\/\/www.maxima-dia.com\/de\/wp-json\/wp\/v2\/pages\/28352"}],"collection":[{"href":"https:\/\/www.maxima-dia.com\/de\/wp-json\/wp\/v2\/pages"}],"about":[{"href":"https:\/\/www.maxima-dia.com\/de\/wp-json\/wp\/v2\/types\/page"}],"author":[{"embeddable":true,"href":"https:\/\/www.maxima-dia.com\/de\/wp-json\/wp\/v2\/users\/29"}],"replies":[{"embeddable":true,"href":"https:\/\/www.maxima-dia.com\/de\/wp-json\/wp\/v2\/comments?post=28352"}],"version-history":[{"count":0,"href":"https:\/\/www.maxima-dia.com\/de\/wp-json\/wp\/v2\/pages\/28352\/revisions"}],"up":[{"embeddable":true,"href":"https:\/\/www.maxima-dia.com\/de\/wp-json\/wp\/v2\/pages\/12552"}],"wp:featuredmedia":[{"embeddable":true,"href":"https:\/\/www.maxima-dia.com\/de\/wp-json\/wp\/v2\/media\/28360"}],"wp:attachment":[{"href":"https:\/\/www.maxima-dia.com\/de\/wp-json\/wp\/v2\/media?parent=28352"}],"curies":[{"name":"wp","href":"https:\/\/api.w.org\/{rel}","templated":true}]}}