{"id":28641,"date":"2021-07-01T12:01:42","date_gmt":"2021-07-01T10:01:42","guid":{"rendered":"https:\/\/www.maxima-dia.com\/?page_id=28641"},"modified":"2021-07-02T10:25:30","modified_gmt":"2021-07-02T08:25:30","slug":"grinder-gelb-pcd","status":"publish","type":"page","link":"https:\/\/www.maxima-dia.com\/de\/diamant-schleiftoepfe\/grinder-gelb-pcd\/","title":{"rendered":"Grinder Gelb PCD"},"content":{"rendered":"<div class=\"wpb-content-wrapper\"><p>[vc_row][vc_column text_align=&#8220;center&#8220; width=&#8220;1\/4&#8243;][vc_column_text]<a href=\"https:\/\/www.maxima-dia.com\/wp-content\/uploads\/2021\/07\/GRINDER_GIALLO_PCD.jpg\"><img loading=\"lazy\" decoding=\"async\" class=\"alignnone wp-image-28673 size-thumbnail\" src=\"https:\/\/www.maxima-dia.com\/wp-content\/uploads\/2021\/07\/GRINDER_GIALLO_PCD-150x150.jpg\" alt=\"\" width=\"150\" height=\"150\" srcset=\"https:\/\/www.maxima-dia.com\/wp-content\/uploads\/2021\/07\/GRINDER_GIALLO_PCD-150x150.jpg 150w, https:\/\/www.maxima-dia.com\/wp-content\/uploads\/2021\/07\/GRINDER_GIALLO_PCD-300x300.jpg 300w, https:\/\/www.maxima-dia.com\/wp-content\/uploads\/2021\/07\/GRINDER_GIALLO_PCD-1024x1024.jpg 1024w, https:\/\/www.maxima-dia.com\/wp-content\/uploads\/2021\/07\/GRINDER_GIALLO_PCD-768x768.jpg 768w, https:\/\/www.maxima-dia.com\/wp-content\/uploads\/2021\/07\/GRINDER_GIALLO_PCD-1536x1536.jpg 1536w, https:\/\/www.maxima-dia.com\/wp-content\/uploads\/2021\/07\/GRINDER_GIALLO_PCD-80x80.jpg 80w, https:\/\/www.maxima-dia.com\/wp-content\/uploads\/2021\/07\/GRINDER_GIALLO_PCD-500x500.jpg 500w, https:\/\/www.maxima-dia.com\/wp-content\/uploads\/2021\/07\/GRINDER_GIALLO_PCD-1000x1000.jpg 1000w, https:\/\/www.maxima-dia.com\/wp-content\/uploads\/2021\/07\/GRINDER_GIALLO_PCD.jpg 1700w\" sizes=\"(max-width: 150px) 100vw, 150px\" \/><\/a>[\/vc_column_text][vc_column_text css_animation=&#8220;slideInDown&#8220; el_class=&#8220;hidebuybutton&#8220;]<a href=\"https:\/\/www.storemaxima.com\/de\/schleifmaschinen\/280-2826-grinder-giallo.html#\/977-modulo_lavorazione_e_grana-giallo_pcd_lav_grezzo_grana_6_10\" target=\"_blank\" rel=\"noopener\"><img loading=\"lazy\" decoding=\"async\" class=\"alignnone\" title=\"Kaufen Auf www.storemaxima.com\" src=\"https:\/\/www.maxima-dia.com\/wp-content\/uploads\/2019\/12\/pulsante-acquista-storemaxima.com-de.svg\" alt=\"Kaufen Auf www.storemaxima.com\" width=\"180\" height=\"80\"><\/a>[\/vc_column_text][\/vc_column][vc_column width=&#8220;3\/4&#8243;][vc_column_text]Zur Entfernung von Harzen und Klebstoffen f\u00fcr Wand-beschichtungen. Das professionelle Schleifmodul <strong>Grinder Gelb PCD<\/strong> besteht aus zwei polikristallinen PCD-Eins\u00e4tzen und aus einem Diamantsektor. Es entfernt alle Arten von Beschichtungen wie z.B. Lacke, Epoxydharze, Acrylfarben, Estrichreste, Teer und elastische Materialien sehr schnell. Es eignet sich auch sehr gut f\u00fcr abrasive B\u00f6den. Sie sollten mit den professionellen Schleifmaschinen <a href=\"https:\/\/www.maxima-dia.com\/de\/schleifmaschinen-fuer-den-bau\/levimax-280\/\"><strong>Levimax 280<\/strong><\/a> und <a href=\"https:\/\/www.maxima-dia.com\/de\/schleifmaschinen-fuer-den-bau\/levimax-550\/\"><strong>Levimax 550<\/strong><\/a> verwendet werden.<\/p>\n<p><span style=\"background-color: #cc0000; color: #ffffff; padding: 5px;\">F\u00dcR ELASTISCHEN BETON UND HARZE<\/span><\/p>\n<p><span style=\"background-color: #cc0000; color: #ffffff; padding: 5px;\">Korngr\u00f6\u00dfe: 6 &#8211; 10 <\/span><\/p>\n<p><span style=\"background-color: #cc0000; color: #ffffff; padding: 5px;\">Rau<\/span>[\/vc_column_text][\/vc_column][\/vc_row]<\/p>\n<\/div>","protected":false},"excerpt":{"rendered":"<p>[vc_row][vc_column text_align=&#8220;center&#8220; width=&#8220;1\/4&#8243;][vc_column_text][\/vc_column_text][vc_column_text css_animation=&#8220;slideInDown&#8220; el_class=&#8220;hidebuybutton&#8220;][\/vc_column_text][\/vc_column][vc_column width=&#8220;3\/4&#8243;][vc_column_text]Zur Entfernung von Harzen und Klebstoffen f\u00fcr Wand-beschichtungen. Das professionelle Schleifmodul Grinder Gelb PCD besteht aus zwei polikristallinen PCD-Eins\u00e4tzen und aus einem Diamantsektor. Es entfernt alle Arten von Beschichtungen wie z.B. Lacke, Epoxydharze, Acrylfarben, Estrichreste, Teer und elastische Materialien sehr schnell. Es eignet sich auch sehr gut f\u00fcr abrasive B\u00f6den. Sie sollten mit den professionellen Schleifmaschinen Levimax 280 und Levimax 550 verwendet werden. F\u00dcR ELASTISCHEN BETON UND HARZE Korngr\u00f6\u00dfe: 6 &#8211; 10 Rau[\/vc_column_text][\/vc_column][\/vc_row]<\/p>\n","protected":false},"author":29,"featured_media":28673,"parent":12572,"menu_order":11,"comment_status":"closed","ping_status":"closed","template":"","meta":{"ngg_post_thumbnail":0,"_joinchat":[],"footnotes":""},"class_list":["post-28641","page","type-page","status-publish","has-post-thumbnail","hentry"],"yoast_head":"<!-- This site is optimized with the Yoast SEO plugin v25.5 - https:\/\/yoast.com\/wordpress\/plugins\/seo\/ -->\n<title>Grinder Gelb PCD - Maxima SpA<\/title>\n<meta name=\"robots\" content=\"index, follow, max-snippet:-1, max-image-preview:large, max-video-preview:-1\" \/>\n<link rel=\"canonical\" href=\"https:\/\/www.maxima-dia.com\/de\/diamant-schleiftoepfe\/grinder-gelb-pcd\/\" \/>\n<meta property=\"og:locale\" content=\"de_DE\" \/>\n<meta property=\"og:type\" content=\"article\" \/>\n<meta property=\"og:title\" content=\"Grinder Gelb PCD - Maxima SpA\" \/>\n<meta property=\"og:description\" content=\"[vc_row][vc_column text_align=&#8220;center&#8220; width=&#8220;1\/4&#8243;][vc_column_text][\/vc_column_text][vc_column_text css_animation=&#8220;slideInDown&#8220; el_class=&#8220;hidebuybutton&#8220;][\/vc_column_text][\/vc_column][vc_column width=&#8220;3\/4&#8243;][vc_column_text]Zur Entfernung von Harzen und Klebstoffen f\u00fcr Wand-beschichtungen. Das professionelle Schleifmodul Grinder Gelb PCD besteht aus zwei polikristallinen PCD-Eins\u00e4tzen und aus einem Diamantsektor. Es entfernt alle Arten von Beschichtungen wie z.B. Lacke, Epoxydharze, Acrylfarben, Estrichreste, Teer und elastische Materialien sehr schnell. Es eignet sich auch sehr gut f\u00fcr abrasive B\u00f6den. Sie sollten mit den professionellen Schleifmaschinen Levimax 280 und Levimax 550 verwendet werden. F\u00dcR ELASTISCHEN BETON UND HARZE Korngr\u00f6\u00dfe: 6 &#8211; 10 Rau[\/vc_column_text][\/vc_column][\/vc_row]\" \/>\n<meta property=\"og:url\" content=\"https:\/\/www.maxima-dia.com\/de\/diamant-schleiftoepfe\/grinder-gelb-pcd\/\" \/>\n<meta property=\"og:site_name\" content=\"Maxima SpA\" \/>\n<meta property=\"article:publisher\" content=\"https:\/\/www.facebook.com\/Maxima-spa-106098566139597\" \/>\n<meta property=\"article:modified_time\" content=\"2021-07-02T08:25:30+00:00\" \/>\n<meta property=\"og:image\" content=\"https:\/\/www.maxima-dia.com\/wp-content\/uploads\/2021\/07\/GRINDER_GIALLO_PCD.jpg\" \/>\n\t<meta property=\"og:image:width\" content=\"1700\" \/>\n\t<meta property=\"og:image:height\" content=\"1700\" \/>\n\t<meta property=\"og:image:type\" content=\"image\/jpeg\" \/>\n<meta name=\"twitter:card\" content=\"summary_large_image\" \/>\n<meta name=\"twitter:site\" content=\"@Maximadia\" \/>\n<meta name=\"twitter:label1\" content=\"Gesch\u00e4tzte Lesezeit\" \/>\n\t<meta name=\"twitter:data1\" content=\"1\u00a0Minute\" \/>\n<script type=\"application\/ld+json\" class=\"yoast-schema-graph\">{\"@context\":\"https:\/\/schema.org\",\"@graph\":[{\"@type\":\"WebPage\",\"@id\":\"https:\/\/www.maxima-dia.com\/de\/diamant-schleiftoepfe\/grinder-gelb-pcd\/\",\"url\":\"https:\/\/www.maxima-dia.com\/de\/diamant-schleiftoepfe\/grinder-gelb-pcd\/\",\"name\":\"Grinder Gelb PCD - Maxima SpA\",\"isPartOf\":{\"@id\":\"https:\/\/www.maxima-dia.com\/de\/#website\"},\"primaryImageOfPage\":{\"@id\":\"https:\/\/www.maxima-dia.com\/de\/diamant-schleiftoepfe\/grinder-gelb-pcd\/#primaryimage\"},\"image\":{\"@id\":\"https:\/\/www.maxima-dia.com\/de\/diamant-schleiftoepfe\/grinder-gelb-pcd\/#primaryimage\"},\"thumbnailUrl\":\"https:\/\/www.maxima-dia.com\/wp-content\/uploads\/2021\/07\/GRINDER_GIALLO_PCD.jpg\",\"datePublished\":\"2021-07-01T10:01:42+00:00\",\"dateModified\":\"2021-07-02T08:25:30+00:00\",\"breadcrumb\":{\"@id\":\"https:\/\/www.maxima-dia.com\/de\/diamant-schleiftoepfe\/grinder-gelb-pcd\/#breadcrumb\"},\"inLanguage\":\"de\",\"potentialAction\":[{\"@type\":\"ReadAction\",\"target\":[\"https:\/\/www.maxima-dia.com\/de\/diamant-schleiftoepfe\/grinder-gelb-pcd\/\"]}]},{\"@type\":\"ImageObject\",\"inLanguage\":\"de\",\"@id\":\"https:\/\/www.maxima-dia.com\/de\/diamant-schleiftoepfe\/grinder-gelb-pcd\/#primaryimage\",\"url\":\"https:\/\/www.maxima-dia.com\/wp-content\/uploads\/2021\/07\/GRINDER_GIALLO_PCD.jpg\",\"contentUrl\":\"https:\/\/www.maxima-dia.com\/wp-content\/uploads\/2021\/07\/GRINDER_GIALLO_PCD.jpg\",\"width\":1700,\"height\":1700},{\"@type\":\"BreadcrumbList\",\"@id\":\"https:\/\/www.maxima-dia.com\/de\/diamant-schleiftoepfe\/grinder-gelb-pcd\/#breadcrumb\",\"itemListElement\":[{\"@type\":\"ListItem\",\"position\":1,\"name\":\"Home\",\"item\":\"https:\/\/www.maxima-dia.com\/de\/\"},{\"@type\":\"ListItem\",\"position\":2,\"name\":\"Diamant Schleift\u00f6pfe\",\"item\":\"https:\/\/www.maxima-dia.com\/de\/diamant-schleiftoepfe\/\"},{\"@type\":\"ListItem\",\"position\":3,\"name\":\"Grinder Gelb PCD\"}]},{\"@type\":\"WebSite\",\"@id\":\"https:\/\/www.maxima-dia.com\/de\/#website\",\"url\":\"https:\/\/www.maxima-dia.com\/de\/\",\"name\":\"Maxima SpA\",\"description\":\"Only for the real professionals\",\"potentialAction\":[{\"@type\":\"SearchAction\",\"target\":{\"@type\":\"EntryPoint\",\"urlTemplate\":\"https:\/\/www.maxima-dia.com\/de\/?s={search_term_string}\"},\"query-input\":{\"@type\":\"PropertyValueSpecification\",\"valueRequired\":true,\"valueName\":\"search_term_string\"}}],\"inLanguage\":\"de\"}]}<\/script>\n<!-- \/ Yoast SEO plugin. -->","yoast_head_json":{"title":"Grinder Gelb PCD - Maxima SpA","robots":{"index":"index","follow":"follow","max-snippet":"max-snippet:-1","max-image-preview":"max-image-preview:large","max-video-preview":"max-video-preview:-1"},"canonical":"https:\/\/www.maxima-dia.com\/de\/diamant-schleiftoepfe\/grinder-gelb-pcd\/","og_locale":"de_DE","og_type":"article","og_title":"Grinder Gelb PCD - Maxima SpA","og_description":"[vc_row][vc_column text_align=&#8220;center&#8220; width=&#8220;1\/4&#8243;][vc_column_text][\/vc_column_text][vc_column_text css_animation=&#8220;slideInDown&#8220; el_class=&#8220;hidebuybutton&#8220;][\/vc_column_text][\/vc_column][vc_column width=&#8220;3\/4&#8243;][vc_column_text]Zur Entfernung von Harzen und Klebstoffen f\u00fcr Wand-beschichtungen. Das professionelle Schleifmodul Grinder Gelb PCD besteht aus zwei polikristallinen PCD-Eins\u00e4tzen und aus einem Diamantsektor. Es entfernt alle Arten von Beschichtungen wie z.B. Lacke, Epoxydharze, Acrylfarben, Estrichreste, Teer und elastische Materialien sehr schnell. Es eignet sich auch sehr gut f\u00fcr abrasive B\u00f6den. Sie sollten mit den professionellen Schleifmaschinen Levimax 280 und Levimax 550 verwendet werden. F\u00dcR ELASTISCHEN BETON UND HARZE Korngr\u00f6\u00dfe: 6 &#8211; 10 Rau[\/vc_column_text][\/vc_column][\/vc_row]","og_url":"https:\/\/www.maxima-dia.com\/de\/diamant-schleiftoepfe\/grinder-gelb-pcd\/","og_site_name":"Maxima SpA","article_publisher":"https:\/\/www.facebook.com\/Maxima-spa-106098566139597","article_modified_time":"2021-07-02T08:25:30+00:00","og_image":[{"width":1700,"height":1700,"url":"https:\/\/www.maxima-dia.com\/wp-content\/uploads\/2021\/07\/GRINDER_GIALLO_PCD.jpg","type":"image\/jpeg"}],"twitter_card":"summary_large_image","twitter_site":"@Maximadia","twitter_misc":{"Gesch\u00e4tzte Lesezeit":"1\u00a0Minute"},"schema":{"@context":"https:\/\/schema.org","@graph":[{"@type":"WebPage","@id":"https:\/\/www.maxima-dia.com\/de\/diamant-schleiftoepfe\/grinder-gelb-pcd\/","url":"https:\/\/www.maxima-dia.com\/de\/diamant-schleiftoepfe\/grinder-gelb-pcd\/","name":"Grinder Gelb PCD - Maxima SpA","isPartOf":{"@id":"https:\/\/www.maxima-dia.com\/de\/#website"},"primaryImageOfPage":{"@id":"https:\/\/www.maxima-dia.com\/de\/diamant-schleiftoepfe\/grinder-gelb-pcd\/#primaryimage"},"image":{"@id":"https:\/\/www.maxima-dia.com\/de\/diamant-schleiftoepfe\/grinder-gelb-pcd\/#primaryimage"},"thumbnailUrl":"https:\/\/www.maxima-dia.com\/wp-content\/uploads\/2021\/07\/GRINDER_GIALLO_PCD.jpg","datePublished":"2021-07-01T10:01:42+00:00","dateModified":"2021-07-02T08:25:30+00:00","breadcrumb":{"@id":"https:\/\/www.maxima-dia.com\/de\/diamant-schleiftoepfe\/grinder-gelb-pcd\/#breadcrumb"},"inLanguage":"de","potentialAction":[{"@type":"ReadAction","target":["https:\/\/www.maxima-dia.com\/de\/diamant-schleiftoepfe\/grinder-gelb-pcd\/"]}]},{"@type":"ImageObject","inLanguage":"de","@id":"https:\/\/www.maxima-dia.com\/de\/diamant-schleiftoepfe\/grinder-gelb-pcd\/#primaryimage","url":"https:\/\/www.maxima-dia.com\/wp-content\/uploads\/2021\/07\/GRINDER_GIALLO_PCD.jpg","contentUrl":"https:\/\/www.maxima-dia.com\/wp-content\/uploads\/2021\/07\/GRINDER_GIALLO_PCD.jpg","width":1700,"height":1700},{"@type":"BreadcrumbList","@id":"https:\/\/www.maxima-dia.com\/de\/diamant-schleiftoepfe\/grinder-gelb-pcd\/#breadcrumb","itemListElement":[{"@type":"ListItem","position":1,"name":"Home","item":"https:\/\/www.maxima-dia.com\/de\/"},{"@type":"ListItem","position":2,"name":"Diamant Schleift\u00f6pfe","item":"https:\/\/www.maxima-dia.com\/de\/diamant-schleiftoepfe\/"},{"@type":"ListItem","position":3,"name":"Grinder Gelb PCD"}]},{"@type":"WebSite","@id":"https:\/\/www.maxima-dia.com\/de\/#website","url":"https:\/\/www.maxima-dia.com\/de\/","name":"Maxima SpA","description":"Only for the real professionals","potentialAction":[{"@type":"SearchAction","target":{"@type":"EntryPoint","urlTemplate":"https:\/\/www.maxima-dia.com\/de\/?s={search_term_string}"},"query-input":{"@type":"PropertyValueSpecification","valueRequired":true,"valueName":"search_term_string"}}],"inLanguage":"de"}]}},"_links":{"self":[{"href":"https:\/\/www.maxima-dia.com\/de\/wp-json\/wp\/v2\/pages\/28641"}],"collection":[{"href":"https:\/\/www.maxima-dia.com\/de\/wp-json\/wp\/v2\/pages"}],"about":[{"href":"https:\/\/www.maxima-dia.com\/de\/wp-json\/wp\/v2\/types\/page"}],"author":[{"embeddable":true,"href":"https:\/\/www.maxima-dia.com\/de\/wp-json\/wp\/v2\/users\/29"}],"replies":[{"embeddable":true,"href":"https:\/\/www.maxima-dia.com\/de\/wp-json\/wp\/v2\/comments?post=28641"}],"version-history":[{"count":0,"href":"https:\/\/www.maxima-dia.com\/de\/wp-json\/wp\/v2\/pages\/28641\/revisions"}],"up":[{"embeddable":true,"href":"https:\/\/www.maxima-dia.com\/de\/wp-json\/wp\/v2\/pages\/12572"}],"wp:featuredmedia":[{"embeddable":true,"href":"https:\/\/www.maxima-dia.com\/de\/wp-json\/wp\/v2\/media\/28673"}],"wp:attachment":[{"href":"https:\/\/www.maxima-dia.com\/de\/wp-json\/wp\/v2\/media?parent=28641"}],"curies":[{"name":"wp","href":"https:\/\/api.w.org\/{rel}","templated":true}]}}