{"id":28933,"date":"2021-07-06T11:26:38","date_gmt":"2021-07-06T09:26:38","guid":{"rendered":"https:\/\/www.maxima-dia.com\/?page_id=28933"},"modified":"2021-07-06T11:32:43","modified_gmt":"2021-07-06T09:32:43","slug":"scarimax-200","status":"publish","type":"page","link":"https:\/\/www.maxima-dia.com\/de\/schleifmaschinen-fuer-den-bau\/scarimax-200\/","title":{"rendered":"Scarimax 200"},"content":{"rendered":"<div class=\"wpb-content-wrapper\"><p>[vc_row][vc_column text_align=&#8220;center&#8220; width=&#8220;1\/4&#8243;][vc_column_text]<a href=\"https:\/\/www.maxima-dia.com\/wp-content\/uploads\/2021\/07\/SCARIMAX200-2.jpg\"><img loading=\"lazy\" decoding=\"async\" class=\"alignnone wp-image-28951 size-thumbnail\" src=\"https:\/\/www.maxima-dia.com\/wp-content\/uploads\/2021\/07\/SCARIMAX200-2-150x150.jpg\" alt=\"\" width=\"150\" height=\"150\" srcset=\"https:\/\/www.maxima-dia.com\/wp-content\/uploads\/2021\/07\/SCARIMAX200-2-150x150.jpg 150w, https:\/\/www.maxima-dia.com\/wp-content\/uploads\/2021\/07\/SCARIMAX200-2-300x300.jpg 300w, https:\/\/www.maxima-dia.com\/wp-content\/uploads\/2021\/07\/SCARIMAX200-2-1024x1024.jpg 1024w, https:\/\/www.maxima-dia.com\/wp-content\/uploads\/2021\/07\/SCARIMAX200-2-768x768.jpg 768w, https:\/\/www.maxima-dia.com\/wp-content\/uploads\/2021\/07\/SCARIMAX200-2-80x80.jpg 80w, https:\/\/www.maxima-dia.com\/wp-content\/uploads\/2021\/07\/SCARIMAX200-2-500x500.jpg 500w, https:\/\/www.maxima-dia.com\/wp-content\/uploads\/2021\/07\/SCARIMAX200-2-1000x1000.jpg 1000w, https:\/\/www.maxima-dia.com\/wp-content\/uploads\/2021\/07\/SCARIMAX200-2.jpg 1200w\" sizes=\"(max-width: 150px) 100vw, 150px\" \/><\/a><\/p>\n<p>made in EU&nbsp;<img loading=\"lazy\" decoding=\"async\" src=\"\/wp-content\/uploads\/2013\/11\/eu.png\" alt=\"eu\" width=\"24\" height=\"16\"> &#8211; Mit Zertifizierung <span style=\"font-family: arial,helvetica,sans-serif;\">CE<\/span><br \/>\n[\/vc_column_text][vc_column_text css_animation=&#8220;slideInDown&#8220; el_class=&#8220;hidebuybutton&#8220;]<a href=\"https:\/\/www.storemaxima.com\/de\/schleifmaschinen\/286-scarimax-200.html\" target=\"_blank\" rel=\"noopener\"><img loading=\"lazy\" decoding=\"async\" class=\"alignnone\" title=\"Kaufen auf www.storemaxima.com\" src=\"https:\/\/www.maxima-dia.com\/wp-content\/uploads\/2019\/12\/pulsante-acquista-storemaxima.com-de.svg\" alt=\"Kaufen auf www.storemaxima.com\" width=\"180\" height=\"80\"><\/a>[\/vc_column_text][\/vc_column][vc_column width=&#8220;3\/4&#8243;][vc_column_text]&nbsp;<strong>Scarimax 200<\/strong> ist eine leichte Fr\u00e4smaschine die sich f\u00fcr kleine-mittlere Oberfl\u00e4chen eignet. Der tie-fe Lastenschwerpunkt der Maschine erm\u00f6glicht eine schnelle und einheitliche Fr\u00e4sung. Die Ma-schine kann sowohl mit der Fr\u00e4swalze als auch mit der Nutenwalze verwendet werden. <strong>Scarimax 200<\/strong> wurde insbesondere f\u00fcr das Fr\u00e4sen von As-phalt, Beton, Stein, Bodenfliesen, Zemente-strich, Estriche, Lacke, usw. um B\u00f6den in der gew\u00fcnschten H\u00f6he anzulegen oder \u00fcberfl\u00fcssige oder abgenutzte Beschichtungen zu entfernen.<\/p>\n<table class=\"tabellafotocarotaggio\" style=\"width: 100%;\">\n<tbody>\n<tr>\n<td style=\"text-align: center; width: 16.6%;\"><a href=\"https:\/\/www.maxima-dia.com\/wp-content\/uploads\/2021\/07\/SCARIMAX200-5.jpg\"><img loading=\"lazy\" decoding=\"async\" class=\"alignnone wp-image-28969 size-thumbnail\" src=\"https:\/\/www.maxima-dia.com\/wp-content\/uploads\/2021\/07\/SCARIMAX200-5-150x150.jpg\" alt=\"\" width=\"150\" height=\"150\" srcset=\"https:\/\/www.maxima-dia.com\/wp-content\/uploads\/2021\/07\/SCARIMAX200-5-150x150.jpg 150w, https:\/\/www.maxima-dia.com\/wp-content\/uploads\/2021\/07\/SCARIMAX200-5-300x300.jpg 300w, https:\/\/www.maxima-dia.com\/wp-content\/uploads\/2021\/07\/SCARIMAX200-5-1024x1024.jpg 1024w, https:\/\/www.maxima-dia.com\/wp-content\/uploads\/2021\/07\/SCARIMAX200-5-768x768.jpg 768w, https:\/\/www.maxima-dia.com\/wp-content\/uploads\/2021\/07\/SCARIMAX200-5-80x80.jpg 80w, https:\/\/www.maxima-dia.com\/wp-content\/uploads\/2021\/07\/SCARIMAX200-5-500x500.jpg 500w, https:\/\/www.maxima-dia.com\/wp-content\/uploads\/2021\/07\/SCARIMAX200-5-1000x1000.jpg 1000w, https:\/\/www.maxima-dia.com\/wp-content\/uploads\/2021\/07\/SCARIMAX200-5.jpg 1200w\" sizes=\"(max-width: 150px) 100vw, 150px\" \/><\/a>&nbsp;<\/td>\n<td style=\"text-align: center; width: 16.6%;\"><a href=\"https:\/\/www.maxima-dia.com\/wp-content\/uploads\/2021\/07\/SCARIMAX200-4.jpg\"><img loading=\"lazy\" decoding=\"async\" class=\"alignnone wp-image-28963 size-thumbnail\" src=\"https:\/\/www.maxima-dia.com\/wp-content\/uploads\/2021\/07\/SCARIMAX200-4-150x150.jpg\" alt=\"\" width=\"150\" height=\"150\" srcset=\"https:\/\/www.maxima-dia.com\/wp-content\/uploads\/2021\/07\/SCARIMAX200-4-150x150.jpg 150w, https:\/\/www.maxima-dia.com\/wp-content\/uploads\/2021\/07\/SCARIMAX200-4-300x300.jpg 300w, https:\/\/www.maxima-dia.com\/wp-content\/uploads\/2021\/07\/SCARIMAX200-4-1024x1024.jpg 1024w, https:\/\/www.maxima-dia.com\/wp-content\/uploads\/2021\/07\/SCARIMAX200-4-768x768.jpg 768w, https:\/\/www.maxima-dia.com\/wp-content\/uploads\/2021\/07\/SCARIMAX200-4-80x80.jpg 80w, https:\/\/www.maxima-dia.com\/wp-content\/uploads\/2021\/07\/SCARIMAX200-4-500x500.jpg 500w, https:\/\/www.maxima-dia.com\/wp-content\/uploads\/2021\/07\/SCARIMAX200-4-1000x1000.jpg 1000w, https:\/\/www.maxima-dia.com\/wp-content\/uploads\/2021\/07\/SCARIMAX200-4.jpg 1200w\" sizes=\"(max-width: 150px) 100vw, 150px\" \/><\/a><\/td>\n<td style=\"text-align: center; width: 16.6%;\"><a href=\"https:\/\/www.maxima-dia.com\/wp-content\/uploads\/2021\/07\/SCARIMAX200-6.jpg\"><img loading=\"lazy\" decoding=\"async\" class=\"alignnone wp-image-29005 size-thumbnail\" src=\"https:\/\/www.maxima-dia.com\/wp-content\/uploads\/2021\/07\/SCARIMAX200-6-150x150.jpg\" alt=\"\" width=\"150\" height=\"150\" srcset=\"https:\/\/www.maxima-dia.com\/wp-content\/uploads\/2021\/07\/SCARIMAX200-6-150x150.jpg 150w, https:\/\/www.maxima-dia.com\/wp-content\/uploads\/2021\/07\/SCARIMAX200-6-300x300.jpg 300w, https:\/\/www.maxima-dia.com\/wp-content\/uploads\/2021\/07\/SCARIMAX200-6-1024x1024.jpg 1024w, https:\/\/www.maxima-dia.com\/wp-content\/uploads\/2021\/07\/SCARIMAX200-6-768x768.jpg 768w, https:\/\/www.maxima-dia.com\/wp-content\/uploads\/2021\/07\/SCARIMAX200-6-80x80.jpg 80w, https:\/\/www.maxima-dia.com\/wp-content\/uploads\/2021\/07\/SCARIMAX200-6-500x500.jpg 500w, https:\/\/www.maxima-dia.com\/wp-content\/uploads\/2021\/07\/SCARIMAX200-6-1000x1000.jpg 1000w, https:\/\/www.maxima-dia.com\/wp-content\/uploads\/2021\/07\/SCARIMAX200-6.jpg 1200w\" sizes=\"(max-width: 150px) 100vw, 150px\" \/><\/a><\/td>\n<td style=\"text-align: center; width: 16.6%;\"><a href=\"https:\/\/www.maxima-dia.com\/wp-content\/uploads\/2021\/07\/SCARIMAX200-3.jpg\"><img loading=\"lazy\" decoding=\"async\" class=\"alignnone wp-image-28957 size-thumbnail\" src=\"https:\/\/www.maxima-dia.com\/wp-content\/uploads\/2021\/07\/SCARIMAX200-3-150x150.jpg\" alt=\"\" width=\"150\" height=\"150\" srcset=\"https:\/\/www.maxima-dia.com\/wp-content\/uploads\/2021\/07\/SCARIMAX200-3-150x150.jpg 150w, https:\/\/www.maxima-dia.com\/wp-content\/uploads\/2021\/07\/SCARIMAX200-3-300x300.jpg 300w, https:\/\/www.maxima-dia.com\/wp-content\/uploads\/2021\/07\/SCARIMAX200-3-1024x1024.jpg 1024w, https:\/\/www.maxima-dia.com\/wp-content\/uploads\/2021\/07\/SCARIMAX200-3-768x768.jpg 768w, https:\/\/www.maxima-dia.com\/wp-content\/uploads\/2021\/07\/SCARIMAX200-3-80x80.jpg 80w, https:\/\/www.maxima-dia.com\/wp-content\/uploads\/2021\/07\/SCARIMAX200-3-500x500.jpg 500w, https:\/\/www.maxima-dia.com\/wp-content\/uploads\/2021\/07\/SCARIMAX200-3-1000x1000.jpg 1000w, https:\/\/www.maxima-dia.com\/wp-content\/uploads\/2021\/07\/SCARIMAX200-3.jpg 1200w\" sizes=\"(max-width: 150px) 100vw, 150px\" \/><\/a>&nbsp;<\/td>\n<\/tr>\n<\/tbody>\n<\/table>\n<p>&nbsp;<\/p>\n<table class=\"tabellatecnica\" style=\"width: 100%;\" border=\"0\" cellspacing=\"0\" cellpadding=\"0\">\n<thead>\n<tr>\n<td class=\"testata\" style=\"width: 100%;\" colspan=\"2\">TECHNISCHE EIGENSCHAFTEN<\/td>\n<\/tr>\n<\/thead>\n<tbody>\n<tr>\n<td class=\"coltesto1\" style=\"width: 50%;\">Elektromotor 230 V<\/td>\n<td class=\"coltesto2\" style=\"width: 50%;\">Nr. 8 Punkte mit Antivibrationskissen f\u00fcr Handgriff und Motor<\/td>\n<\/tr>\n<tr>\n<td class=\"coltesto1\" style=\"width: 50%;\">Nennleistung: 2,2 kW<\/td>\n<td class=\"coltesto2\" style=\"width: 50%;\">Breite der Walze: 200 mm<\/td>\n<\/tr>\n<tr>\n<td class=\"coltesto1\" style=\"width: 50%;\">Motordrehzahl 2750 rpm<\/td>\n<td class=\"coltesto2\" style=\"width: 50%;\">Abmessungen (L x B x H) 1000 x 955 x 400 mm<\/td>\n<\/tr>\n<tr>\n<td class=\"coltesto2\" style=\"width: 50%;\">Spindeldrehzahl 1925 rpm<\/td>\n<td class=\"coltesto2\" style=\"width: 50%;\">Gewicht: 77 Kg<\/td>\n<\/tr>\n<tr>\n<td class=\"coltesto2\" style=\"width: 50%;\">Werkzeugtiefe: 1-5 mm<\/td>\n<td class=\"coltesto2\" style=\"width: 50%;\">&nbsp;<\/td>\n<\/tr>\n<\/tbody>\n<\/table>\n<p>[\/vc_column_text][\/vc_column][\/vc_row]<\/p>\n<\/div>","protected":false},"excerpt":{"rendered":"<p>[vc_row][vc_column text_align=&#8220;center&#8220; width=&#8220;1\/4&#8243;][vc_column_text] made in EU&nbsp; &#8211; Mit Zertifizierung CE [\/vc_column_text][vc_column_text css_animation=&#8220;slideInDown&#8220; el_class=&#8220;hidebuybutton&#8220;][\/vc_column_text][\/vc_column][vc_column width=&#8220;3\/4&#8243;][vc_column_text]&nbsp;Scarimax 200 ist eine leichte Fr\u00e4smaschine die sich f\u00fcr kleine-mittlere Oberfl\u00e4chen eignet. Der tie-fe Lastenschwerpunkt der Maschine erm\u00f6glicht eine schnelle und einheitliche Fr\u00e4sung. Die Ma-schine kann sowohl mit der Fr\u00e4swalze als auch mit der Nutenwalze verwendet werden. Scarimax 200 wurde insbesondere f\u00fcr das Fr\u00e4sen von As-phalt, Beton, Stein, Bodenfliesen, Zemente-strich, Estriche, Lacke, usw. um B\u00f6den in der gew\u00fcnschten H\u00f6he anzulegen oder \u00fcberfl\u00fcssige oder abgenutzte Beschichtungen zu entfernen. &nbsp; &nbsp; &nbsp; TECHNISCHE EIGENSCHAFTEN Elektromotor 230 V Nr. 8 Punkte mit Antivibrationskissen f\u00fcr Handgriff und Motor Nennleistung: 2,2 kW Breite der Walze: 200 mm Motordrehzahl 2750 rpm Abmessungen (L x B x H) 1000 x 955 x 400 mm Spindeldrehzahl 1925 rpm Gewicht: 77 Kg Werkzeugtiefe: 1-5 mm &nbsp; [\/vc_column_text][\/vc_column][\/vc_row]<\/p>\n","protected":false},"author":29,"featured_media":29002,"parent":19023,"menu_order":4,"comment_status":"closed","ping_status":"closed","template":"","meta":{"ngg_post_thumbnail":0,"_joinchat":[],"footnotes":""},"class_list":["post-28933","page","type-page","status-publish","has-post-thumbnail","hentry"],"yoast_head":"<!-- This site is optimized with the Yoast SEO plugin v25.5 - https:\/\/yoast.com\/wordpress\/plugins\/seo\/ -->\n<title>Scarimax 200 - Maxima SpA<\/title>\n<meta name=\"robots\" content=\"index, follow, max-snippet:-1, max-image-preview:large, max-video-preview:-1\" \/>\n<link rel=\"canonical\" href=\"https:\/\/www.maxima-dia.com\/de\/schleifmaschinen-fuer-den-bau\/scarimax-200\/\" \/>\n<meta property=\"og:locale\" content=\"de_DE\" \/>\n<meta property=\"og:type\" content=\"article\" \/>\n<meta property=\"og:title\" content=\"Scarimax 200 - Maxima SpA\" \/>\n<meta property=\"og:description\" content=\"[vc_row][vc_column text_align=&#8220;center&#8220; width=&#8220;1\/4&#8243;][vc_column_text] made in EU&nbsp; &#8211; Mit Zertifizierung CE [\/vc_column_text][vc_column_text css_animation=&#8220;slideInDown&#8220; el_class=&#8220;hidebuybutton&#8220;][\/vc_column_text][\/vc_column][vc_column width=&#8220;3\/4&#8243;][vc_column_text]&nbsp;Scarimax 200 ist eine leichte Fr\u00e4smaschine die sich f\u00fcr kleine-mittlere Oberfl\u00e4chen eignet. Der tie-fe Lastenschwerpunkt der Maschine erm\u00f6glicht eine schnelle und einheitliche Fr\u00e4sung. Die Ma-schine kann sowohl mit der Fr\u00e4swalze als auch mit der Nutenwalze verwendet werden. Scarimax 200 wurde insbesondere f\u00fcr das Fr\u00e4sen von As-phalt, Beton, Stein, Bodenfliesen, Zemente-strich, Estriche, Lacke, usw. um B\u00f6den in der gew\u00fcnschten H\u00f6he anzulegen oder \u00fcberfl\u00fcssige oder abgenutzte Beschichtungen zu entfernen. &nbsp; &nbsp; &nbsp; TECHNISCHE EIGENSCHAFTEN Elektromotor 230 V Nr. 8 Punkte mit Antivibrationskissen f\u00fcr Handgriff und Motor Nennleistung: 2,2 kW Breite der Walze: 200 mm Motordrehzahl 2750 rpm Abmessungen (L x B x H) 1000 x 955 x 400 mm Spindeldrehzahl 1925 rpm Gewicht: 77 Kg Werkzeugtiefe: 1-5 mm &nbsp; [\/vc_column_text][\/vc_column][\/vc_row]\" \/>\n<meta property=\"og:url\" content=\"https:\/\/www.maxima-dia.com\/de\/schleifmaschinen-fuer-den-bau\/scarimax-200\/\" \/>\n<meta property=\"og:site_name\" content=\"Maxima SpA\" \/>\n<meta property=\"article:publisher\" content=\"https:\/\/www.facebook.com\/Maxima-spa-106098566139597\" \/>\n<meta property=\"article:modified_time\" content=\"2021-07-06T09:32:43+00:00\" \/>\n<meta property=\"og:image\" content=\"https:\/\/www.maxima-dia.com\/wp-content\/uploads\/2021\/07\/SCARIMAX200.jpg\" \/>\n\t<meta property=\"og:image:width\" content=\"1200\" \/>\n\t<meta property=\"og:image:height\" content=\"1200\" \/>\n\t<meta property=\"og:image:type\" content=\"image\/jpeg\" \/>\n<meta name=\"twitter:card\" content=\"summary_large_image\" \/>\n<meta name=\"twitter:site\" content=\"@Maximadia\" \/>\n<meta name=\"twitter:label1\" content=\"Gesch\u00e4tzte Lesezeit\" \/>\n\t<meta name=\"twitter:data1\" content=\"2\u00a0Minuten\" \/>\n<script type=\"application\/ld+json\" class=\"yoast-schema-graph\">{\"@context\":\"https:\/\/schema.org\",\"@graph\":[{\"@type\":\"WebPage\",\"@id\":\"https:\/\/www.maxima-dia.com\/de\/schleifmaschinen-fuer-den-bau\/scarimax-200\/\",\"url\":\"https:\/\/www.maxima-dia.com\/de\/schleifmaschinen-fuer-den-bau\/scarimax-200\/\",\"name\":\"Scarimax 200 - Maxima SpA\",\"isPartOf\":{\"@id\":\"https:\/\/www.maxima-dia.com\/de\/#website\"},\"primaryImageOfPage\":{\"@id\":\"https:\/\/www.maxima-dia.com\/de\/schleifmaschinen-fuer-den-bau\/scarimax-200\/#primaryimage\"},\"image\":{\"@id\":\"https:\/\/www.maxima-dia.com\/de\/schleifmaschinen-fuer-den-bau\/scarimax-200\/#primaryimage\"},\"thumbnailUrl\":\"https:\/\/www.maxima-dia.com\/wp-content\/uploads\/2021\/07\/SCARIMAX200.jpg\",\"datePublished\":\"2021-07-06T09:26:38+00:00\",\"dateModified\":\"2021-07-06T09:32:43+00:00\",\"breadcrumb\":{\"@id\":\"https:\/\/www.maxima-dia.com\/de\/schleifmaschinen-fuer-den-bau\/scarimax-200\/#breadcrumb\"},\"inLanguage\":\"de\",\"potentialAction\":[{\"@type\":\"ReadAction\",\"target\":[\"https:\/\/www.maxima-dia.com\/de\/schleifmaschinen-fuer-den-bau\/scarimax-200\/\"]}]},{\"@type\":\"ImageObject\",\"inLanguage\":\"de\",\"@id\":\"https:\/\/www.maxima-dia.com\/de\/schleifmaschinen-fuer-den-bau\/scarimax-200\/#primaryimage\",\"url\":\"https:\/\/www.maxima-dia.com\/wp-content\/uploads\/2021\/07\/SCARIMAX200.jpg\",\"contentUrl\":\"https:\/\/www.maxima-dia.com\/wp-content\/uploads\/2021\/07\/SCARIMAX200.jpg\",\"width\":1200,\"height\":1200},{\"@type\":\"BreadcrumbList\",\"@id\":\"https:\/\/www.maxima-dia.com\/de\/schleifmaschinen-fuer-den-bau\/scarimax-200\/#breadcrumb\",\"itemListElement\":[{\"@type\":\"ListItem\",\"position\":1,\"name\":\"Home\",\"item\":\"https:\/\/www.maxima-dia.com\/de\/\"},{\"@type\":\"ListItem\",\"position\":2,\"name\":\"Schleifmaschinen f\u00fcr den Bau\",\"item\":\"https:\/\/www.maxima-dia.com\/de\/schleifmaschinen-fuer-den-bau\/\"},{\"@type\":\"ListItem\",\"position\":3,\"name\":\"Scarimax 200\"}]},{\"@type\":\"WebSite\",\"@id\":\"https:\/\/www.maxima-dia.com\/de\/#website\",\"url\":\"https:\/\/www.maxima-dia.com\/de\/\",\"name\":\"Maxima SpA\",\"description\":\"Only for the real professionals\",\"potentialAction\":[{\"@type\":\"SearchAction\",\"target\":{\"@type\":\"EntryPoint\",\"urlTemplate\":\"https:\/\/www.maxima-dia.com\/de\/?s={search_term_string}\"},\"query-input\":{\"@type\":\"PropertyValueSpecification\",\"valueRequired\":true,\"valueName\":\"search_term_string\"}}],\"inLanguage\":\"de\"}]}<\/script>\n<!-- \/ Yoast SEO plugin. -->","yoast_head_json":{"title":"Scarimax 200 - Maxima SpA","robots":{"index":"index","follow":"follow","max-snippet":"max-snippet:-1","max-image-preview":"max-image-preview:large","max-video-preview":"max-video-preview:-1"},"canonical":"https:\/\/www.maxima-dia.com\/de\/schleifmaschinen-fuer-den-bau\/scarimax-200\/","og_locale":"de_DE","og_type":"article","og_title":"Scarimax 200 - Maxima SpA","og_description":"[vc_row][vc_column text_align=&#8220;center&#8220; width=&#8220;1\/4&#8243;][vc_column_text] made in EU&nbsp; &#8211; Mit Zertifizierung CE [\/vc_column_text][vc_column_text css_animation=&#8220;slideInDown&#8220; el_class=&#8220;hidebuybutton&#8220;][\/vc_column_text][\/vc_column][vc_column width=&#8220;3\/4&#8243;][vc_column_text]&nbsp;Scarimax 200 ist eine leichte Fr\u00e4smaschine die sich f\u00fcr kleine-mittlere Oberfl\u00e4chen eignet. Der tie-fe Lastenschwerpunkt der Maschine erm\u00f6glicht eine schnelle und einheitliche Fr\u00e4sung. Die Ma-schine kann sowohl mit der Fr\u00e4swalze als auch mit der Nutenwalze verwendet werden. Scarimax 200 wurde insbesondere f\u00fcr das Fr\u00e4sen von As-phalt, Beton, Stein, Bodenfliesen, Zemente-strich, Estriche, Lacke, usw. um B\u00f6den in der gew\u00fcnschten H\u00f6he anzulegen oder \u00fcberfl\u00fcssige oder abgenutzte Beschichtungen zu entfernen. &nbsp; &nbsp; &nbsp; TECHNISCHE EIGENSCHAFTEN Elektromotor 230 V Nr. 8 Punkte mit Antivibrationskissen f\u00fcr Handgriff und Motor Nennleistung: 2,2 kW Breite der Walze: 200 mm Motordrehzahl 2750 rpm Abmessungen (L x B x H) 1000 x 955 x 400 mm Spindeldrehzahl 1925 rpm Gewicht: 77 Kg Werkzeugtiefe: 1-5 mm &nbsp; [\/vc_column_text][\/vc_column][\/vc_row]","og_url":"https:\/\/www.maxima-dia.com\/de\/schleifmaschinen-fuer-den-bau\/scarimax-200\/","og_site_name":"Maxima SpA","article_publisher":"https:\/\/www.facebook.com\/Maxima-spa-106098566139597","article_modified_time":"2021-07-06T09:32:43+00:00","og_image":[{"width":1200,"height":1200,"url":"https:\/\/www.maxima-dia.com\/wp-content\/uploads\/2021\/07\/SCARIMAX200.jpg","type":"image\/jpeg"}],"twitter_card":"summary_large_image","twitter_site":"@Maximadia","twitter_misc":{"Gesch\u00e4tzte Lesezeit":"2\u00a0Minuten"},"schema":{"@context":"https:\/\/schema.org","@graph":[{"@type":"WebPage","@id":"https:\/\/www.maxima-dia.com\/de\/schleifmaschinen-fuer-den-bau\/scarimax-200\/","url":"https:\/\/www.maxima-dia.com\/de\/schleifmaschinen-fuer-den-bau\/scarimax-200\/","name":"Scarimax 200 - Maxima SpA","isPartOf":{"@id":"https:\/\/www.maxima-dia.com\/de\/#website"},"primaryImageOfPage":{"@id":"https:\/\/www.maxima-dia.com\/de\/schleifmaschinen-fuer-den-bau\/scarimax-200\/#primaryimage"},"image":{"@id":"https:\/\/www.maxima-dia.com\/de\/schleifmaschinen-fuer-den-bau\/scarimax-200\/#primaryimage"},"thumbnailUrl":"https:\/\/www.maxima-dia.com\/wp-content\/uploads\/2021\/07\/SCARIMAX200.jpg","datePublished":"2021-07-06T09:26:38+00:00","dateModified":"2021-07-06T09:32:43+00:00","breadcrumb":{"@id":"https:\/\/www.maxima-dia.com\/de\/schleifmaschinen-fuer-den-bau\/scarimax-200\/#breadcrumb"},"inLanguage":"de","potentialAction":[{"@type":"ReadAction","target":["https:\/\/www.maxima-dia.com\/de\/schleifmaschinen-fuer-den-bau\/scarimax-200\/"]}]},{"@type":"ImageObject","inLanguage":"de","@id":"https:\/\/www.maxima-dia.com\/de\/schleifmaschinen-fuer-den-bau\/scarimax-200\/#primaryimage","url":"https:\/\/www.maxima-dia.com\/wp-content\/uploads\/2021\/07\/SCARIMAX200.jpg","contentUrl":"https:\/\/www.maxima-dia.com\/wp-content\/uploads\/2021\/07\/SCARIMAX200.jpg","width":1200,"height":1200},{"@type":"BreadcrumbList","@id":"https:\/\/www.maxima-dia.com\/de\/schleifmaschinen-fuer-den-bau\/scarimax-200\/#breadcrumb","itemListElement":[{"@type":"ListItem","position":1,"name":"Home","item":"https:\/\/www.maxima-dia.com\/de\/"},{"@type":"ListItem","position":2,"name":"Schleifmaschinen f\u00fcr den Bau","item":"https:\/\/www.maxima-dia.com\/de\/schleifmaschinen-fuer-den-bau\/"},{"@type":"ListItem","position":3,"name":"Scarimax 200"}]},{"@type":"WebSite","@id":"https:\/\/www.maxima-dia.com\/de\/#website","url":"https:\/\/www.maxima-dia.com\/de\/","name":"Maxima SpA","description":"Only for the real professionals","potentialAction":[{"@type":"SearchAction","target":{"@type":"EntryPoint","urlTemplate":"https:\/\/www.maxima-dia.com\/de\/?s={search_term_string}"},"query-input":{"@type":"PropertyValueSpecification","valueRequired":true,"valueName":"search_term_string"}}],"inLanguage":"de"}]}},"_links":{"self":[{"href":"https:\/\/www.maxima-dia.com\/de\/wp-json\/wp\/v2\/pages\/28933"}],"collection":[{"href":"https:\/\/www.maxima-dia.com\/de\/wp-json\/wp\/v2\/pages"}],"about":[{"href":"https:\/\/www.maxima-dia.com\/de\/wp-json\/wp\/v2\/types\/page"}],"author":[{"embeddable":true,"href":"https:\/\/www.maxima-dia.com\/de\/wp-json\/wp\/v2\/users\/29"}],"replies":[{"embeddable":true,"href":"https:\/\/www.maxima-dia.com\/de\/wp-json\/wp\/v2\/comments?post=28933"}],"version-history":[{"count":0,"href":"https:\/\/www.maxima-dia.com\/de\/wp-json\/wp\/v2\/pages\/28933\/revisions"}],"up":[{"embeddable":true,"href":"https:\/\/www.maxima-dia.com\/de\/wp-json\/wp\/v2\/pages\/19023"}],"wp:featuredmedia":[{"embeddable":true,"href":"https:\/\/www.maxima-dia.com\/de\/wp-json\/wp\/v2\/media\/29002"}],"wp:attachment":[{"href":"https:\/\/www.maxima-dia.com\/de\/wp-json\/wp\/v2\/media?parent=28933"}],"curies":[{"name":"wp","href":"https:\/\/api.w.org\/{rel}","templated":true}]}}