{"id":29250,"date":"2021-07-13T08:40:27","date_gmt":"2021-07-13T06:40:27","guid":{"rendered":"https:\/\/www.maxima-dia.com\/?page_id=29250"},"modified":"2021-12-20T11:56:42","modified_gmt":"2021-12-20T10:56:42","slug":"vibramax-95-20-reversibile","status":"publish","type":"page","link":"https:\/\/www.maxima-dia.com\/de\/baumaschinen-fuer-die-bodenverdichtung\/vibramax-95-20-reversibile\/","title":{"rendered":"Vibramax 95\/20 REVERSIBILE"},"content":{"rendered":"<div class=\"wpb-content-wrapper\"><p>[vc_row][vc_column text_align=&#8220;center&#8220; width=&#8220;1\/4&#8243;][vc_column_text]<a href=\"https:\/\/www.maxima-dia.com\/wp-content\/uploads\/2021\/07\/VIBRAMAX95-20R.jpg\"><img loading=\"lazy\" decoding=\"async\" class=\"alignnone wp-image-29288 size-thumbnail\" src=\"https:\/\/www.maxima-dia.com\/wp-content\/uploads\/2021\/07\/VIBRAMAX95-20R-150x150.jpg\" alt=\"\" width=\"150\" height=\"150\" srcset=\"https:\/\/www.maxima-dia.com\/wp-content\/uploads\/2021\/07\/VIBRAMAX95-20R-150x150.jpg 150w, https:\/\/www.maxima-dia.com\/wp-content\/uploads\/2021\/07\/VIBRAMAX95-20R-300x300.jpg 300w, https:\/\/www.maxima-dia.com\/wp-content\/uploads\/2021\/07\/VIBRAMAX95-20R-1024x1024.jpg 1024w, https:\/\/www.maxima-dia.com\/wp-content\/uploads\/2021\/07\/VIBRAMAX95-20R-768x768.jpg 768w, https:\/\/www.maxima-dia.com\/wp-content\/uploads\/2021\/07\/VIBRAMAX95-20R-1536x1536.jpg 1536w, https:\/\/www.maxima-dia.com\/wp-content\/uploads\/2021\/07\/VIBRAMAX95-20R-80x80.jpg 80w, https:\/\/www.maxima-dia.com\/wp-content\/uploads\/2021\/07\/VIBRAMAX95-20R-500x500.jpg 500w, https:\/\/www.maxima-dia.com\/wp-content\/uploads\/2021\/07\/VIBRAMAX95-20R-1000x1000.jpg 1000w, https:\/\/www.maxima-dia.com\/wp-content\/uploads\/2021\/07\/VIBRAMAX95-20R.jpg 1700w\" sizes=\"(max-width: 150px) 100vw, 150px\" \/><\/a><\/p>\n<p>made in EU&nbsp;<img loading=\"lazy\" decoding=\"async\" src=\"\/wp-content\/uploads\/2013\/11\/eu.png\" alt=\"eu\" width=\"24\" height=\"16\"> &#8211; Zertifikat&nbsp;<span style=\"font-family: arial,helvetica,sans-serif;\">CE<\/span>[\/vc_column_text][vc_column_text css_animation=&#8220;slideInDown&#8220; el_class=&#8220;hidebuybutton&#8220;]<a href=\"https:\/\/www.storemaxima.com\/de\/verdichten\/294-vibramax-9520-r.html\" target=\"_blank\" rel=\"noopener\"><img loading=\"lazy\" decoding=\"async\" class=\"alignnone\" title=\"Kaufen Auf www.storemaxima.com\" src=\"https:\/\/www.maxima-dia.com\/wp-content\/uploads\/2019\/12\/pulsante-acquista-storemaxima.com-de.svg\" alt=\"Kaufen Auf www.storemaxima.com\" width=\"180\" height=\"80\"><\/a>[\/vc_column_text][\/vc_column][vc_column width=&#8220;3\/4&#8243;][vc_column_text]Die brandneue <strong>Vibramax 95\/20 R<\/strong>, ist dank des benzinbetriebenen Honda-Motors GX 120 extrem zuverl\u00e4ssig und die Zentrifugalkraft von 20 kN erm\u00f6glicht eine einfache und tiefreichende Verdichtung von Kies und anderen Bodenbel\u00e4gen auch auf gro\u00dfen Fl\u00e4chen. Dank der robusten Stahlplatte mit gro\u00dfz\u00fcgigen Abmessungen und dem dank des abwinkelbaren Handgriffs leicht durchzuf\u00fchrenden Transports eignet sie sich auch sehr gut zur Vermietung. Sie hat folgende Eigenschaften: abwinkelbarer Handgriff mit Hebel zum vor und r\u00fcckw\u00e4rts bewegen, Hebel f\u00fcr die Geschwindigkeitsregulierung, Sicherheitsschalter zum Aus- und Ein-schalten, Antivibrationsgummid\u00e4mpfer am Griff und am Sockel, Z\u00e4hlwerk, Hebehaken. Die Basis der Platte ist aus sehr widerstandsf\u00e4higem Stahl und beinhaltet eine sechsj\u00e4hrige Garantie.<\/p>\n<table class=\"tabellafotocarotaggio\" style=\"width: 100%;\">\n<tbody>\n<tr>\n<td style=\"width: 25%; text-align: center;\"><a href=\"https:\/\/www.maxima-dia.com\/wp-content\/uploads\/2021\/07\/VIBRAMAX95-20R-3.jpg\"><img loading=\"lazy\" decoding=\"async\" class=\"alignnone wp-image-29261 size-thumbnail\" src=\"https:\/\/www.maxima-dia.com\/wp-content\/uploads\/2021\/07\/VIBRAMAX95-20R-3-150x150.jpg\" alt=\"\" width=\"150\" height=\"150\" srcset=\"https:\/\/www.maxima-dia.com\/wp-content\/uploads\/2021\/07\/VIBRAMAX95-20R-3-150x150.jpg 150w, https:\/\/www.maxima-dia.com\/wp-content\/uploads\/2021\/07\/VIBRAMAX95-20R-3-300x300.jpg 300w, https:\/\/www.maxima-dia.com\/wp-content\/uploads\/2021\/07\/VIBRAMAX95-20R-3-1024x1024.jpg 1024w, https:\/\/www.maxima-dia.com\/wp-content\/uploads\/2021\/07\/VIBRAMAX95-20R-3-768x768.jpg 768w, https:\/\/www.maxima-dia.com\/wp-content\/uploads\/2021\/07\/VIBRAMAX95-20R-3-1536x1536.jpg 1536w, https:\/\/www.maxima-dia.com\/wp-content\/uploads\/2021\/07\/VIBRAMAX95-20R-3-80x80.jpg 80w, https:\/\/www.maxima-dia.com\/wp-content\/uploads\/2021\/07\/VIBRAMAX95-20R-3-500x500.jpg 500w, https:\/\/www.maxima-dia.com\/wp-content\/uploads\/2021\/07\/VIBRAMAX95-20R-3-1000x1000.jpg 1000w, https:\/\/www.maxima-dia.com\/wp-content\/uploads\/2021\/07\/VIBRAMAX95-20R-3.jpg 1700w\" sizes=\"(max-width: 150px) 100vw, 150px\" \/><\/a><\/td>\n<td style=\"width: 25%; text-align: center;\"><a href=\"https:\/\/www.maxima-dia.com\/wp-content\/uploads\/2021\/07\/VIBRAMAX95-20R-4.jpg\"><img loading=\"lazy\" decoding=\"async\" class=\"alignnone wp-image-29267 size-thumbnail\" src=\"https:\/\/www.maxima-dia.com\/wp-content\/uploads\/2021\/07\/VIBRAMAX95-20R-4-150x150.jpg\" alt=\"\" width=\"150\" height=\"150\" srcset=\"https:\/\/www.maxima-dia.com\/wp-content\/uploads\/2021\/07\/VIBRAMAX95-20R-4-150x150.jpg 150w, https:\/\/www.maxima-dia.com\/wp-content\/uploads\/2021\/07\/VIBRAMAX95-20R-4-300x300.jpg 300w, https:\/\/www.maxima-dia.com\/wp-content\/uploads\/2021\/07\/VIBRAMAX95-20R-4-1024x1024.jpg 1024w, https:\/\/www.maxima-dia.com\/wp-content\/uploads\/2021\/07\/VIBRAMAX95-20R-4-768x768.jpg 768w, https:\/\/www.maxima-dia.com\/wp-content\/uploads\/2021\/07\/VIBRAMAX95-20R-4-1536x1536.jpg 1536w, https:\/\/www.maxima-dia.com\/wp-content\/uploads\/2021\/07\/VIBRAMAX95-20R-4-80x80.jpg 80w, https:\/\/www.maxima-dia.com\/wp-content\/uploads\/2021\/07\/VIBRAMAX95-20R-4-500x500.jpg 500w, https:\/\/www.maxima-dia.com\/wp-content\/uploads\/2021\/07\/VIBRAMAX95-20R-4-1000x1000.jpg 1000w, https:\/\/www.maxima-dia.com\/wp-content\/uploads\/2021\/07\/VIBRAMAX95-20R-4.jpg 1700w\" sizes=\"(max-width: 150px) 100vw, 150px\" \/><\/a><\/td>\n<td style=\"width: 25%; text-align: center;\"><a href=\"https:\/\/www.maxima-dia.com\/wp-content\/uploads\/2021\/07\/VIBRAMAX95-20R-6.jpg\"><img loading=\"lazy\" decoding=\"async\" class=\"alignnone wp-image-29279 size-thumbnail\" src=\"https:\/\/www.maxima-dia.com\/wp-content\/uploads\/2021\/07\/VIBRAMAX95-20R-6-150x150.jpg\" alt=\"\" width=\"150\" height=\"150\" srcset=\"https:\/\/www.maxima-dia.com\/wp-content\/uploads\/2021\/07\/VIBRAMAX95-20R-6-150x150.jpg 150w, https:\/\/www.maxima-dia.com\/wp-content\/uploads\/2021\/07\/VIBRAMAX95-20R-6-300x300.jpg 300w, https:\/\/www.maxima-dia.com\/wp-content\/uploads\/2021\/07\/VIBRAMAX95-20R-6-1024x1024.jpg 1024w, https:\/\/www.maxima-dia.com\/wp-content\/uploads\/2021\/07\/VIBRAMAX95-20R-6-768x768.jpg 768w, https:\/\/www.maxima-dia.com\/wp-content\/uploads\/2021\/07\/VIBRAMAX95-20R-6-1536x1536.jpg 1536w, https:\/\/www.maxima-dia.com\/wp-content\/uploads\/2021\/07\/VIBRAMAX95-20R-6-80x80.jpg 80w, https:\/\/www.maxima-dia.com\/wp-content\/uploads\/2021\/07\/VIBRAMAX95-20R-6-500x500.jpg 500w, https:\/\/www.maxima-dia.com\/wp-content\/uploads\/2021\/07\/VIBRAMAX95-20R-6-1000x1000.jpg 1000w, https:\/\/www.maxima-dia.com\/wp-content\/uploads\/2021\/07\/VIBRAMAX95-20R-6.jpg 1700w\" sizes=\"(max-width: 150px) 100vw, 150px\" \/><\/a><\/td>\n<td style=\"width: 25%; text-align: center;\"><a href=\"https:\/\/www.maxima-dia.com\/wp-content\/uploads\/2021\/07\/VIBRAMAX95-20R-4.jpg\"><img loading=\"lazy\" decoding=\"async\" class=\"alignnone wp-image-29267 size-thumbnail\" src=\"https:\/\/www.maxima-dia.com\/wp-content\/uploads\/2021\/07\/VIBRAMAX95-20R-4-150x150.jpg\" alt=\"\" width=\"150\" height=\"150\" srcset=\"https:\/\/www.maxima-dia.com\/wp-content\/uploads\/2021\/07\/VIBRAMAX95-20R-4-150x150.jpg 150w, https:\/\/www.maxima-dia.com\/wp-content\/uploads\/2021\/07\/VIBRAMAX95-20R-4-300x300.jpg 300w, https:\/\/www.maxima-dia.com\/wp-content\/uploads\/2021\/07\/VIBRAMAX95-20R-4-1024x1024.jpg 1024w, https:\/\/www.maxima-dia.com\/wp-content\/uploads\/2021\/07\/VIBRAMAX95-20R-4-768x768.jpg 768w, https:\/\/www.maxima-dia.com\/wp-content\/uploads\/2021\/07\/VIBRAMAX95-20R-4-1536x1536.jpg 1536w, https:\/\/www.maxima-dia.com\/wp-content\/uploads\/2021\/07\/VIBRAMAX95-20R-4-80x80.jpg 80w, https:\/\/www.maxima-dia.com\/wp-content\/uploads\/2021\/07\/VIBRAMAX95-20R-4-500x500.jpg 500w, https:\/\/www.maxima-dia.com\/wp-content\/uploads\/2021\/07\/VIBRAMAX95-20R-4-1000x1000.jpg 1000w, https:\/\/www.maxima-dia.com\/wp-content\/uploads\/2021\/07\/VIBRAMAX95-20R-4.jpg 1700w\" sizes=\"(max-width: 150px) 100vw, 150px\" \/><\/a><\/td>\n<\/tr>\n<\/tbody>\n<\/table>\n<p>&nbsp;<\/p>\n<table class=\"tabellatecnica\" style=\"width: 100%;\" border=\"0\" cellspacing=\"0\" cellpadding=\"0\">\n<thead>\n<tr>\n<td class=\"testata\" colspan=\"2\">TECHNISCHE EIGENSCHAFTEN<\/td>\n<\/tr>\n<\/thead>\n<tbody>\n<tr>\n<td class=\"coltesto1\" style=\"width: 50%;\">Zentrifugalbeschleunigung 20 kN<\/td>\n<td class=\"coltesto2\" style=\"width: 50%;\">Max. Geschwindigkeit vorw\u00e4rts\/zur\u00fcck 25 m\/min<\/td>\n<\/tr>\n<tr>\n<td class=\"coltesto1\" style=\"width: 50%;\">Breite der Platte: 350 mm<\/td>\n<td class=\"coltesto2\" style=\"width: 50%;\">Frequenz 100 Hz &#8211; Max. Gef\u00e4lle 30%<\/td>\n<\/tr>\n<tr>\n<td class=\"coltesto1\" style=\"width: 50%;\">L\u00e4nge der Platte: 526 mm<\/td>\n<td class=\"coltesto2\" style=\"width: 50%;\">Reversibel: Vorw\u00e4rtsfahren \/ R\u00fcckw\u00e4rtsfahren<\/td>\n<\/tr>\n<tr>\n<td class=\"coltesto2\" style=\"width: 50%;\">Motor Honda GX120 betrieben mit Benzin<\/td>\n<td class=\"coltesto2\" style=\"width: 50%;\">Abmessungen &#8211; Geschlossen (L x B x H) 350 x 562 x 645 mm (996 offen)<\/td>\n<\/tr>\n<tr>\n<td class=\"coltesto2\" style=\"width: 50%;\">Motornettoleistung: 2,6 0 Kw &#8211; 3,5 CV<\/td>\n<td class=\"coltesto2\" style=\"width: 50%;\">Gummimatte und R\u00e4derreparaturset &#8211; nicht inbegriffen (optional)<\/td>\n<\/tr>\n<tr>\n<td class=\"coltesto2\" style=\"width: 50%;\">Z\u00fcndung: manuell<\/td>\n<td class=\"coltesto2\" style=\"width: 50%;\">Gewicht: 95 Kg<\/td>\n<\/tr>\n<\/tbody>\n<\/table>\n<p>[\/vc_column_text][\/vc_column][\/vc_row]<\/p>\n<\/div>","protected":false},"excerpt":{"rendered":"<p>[vc_row][vc_column text_align=&#8220;center&#8220; width=&#8220;1\/4&#8243;][vc_column_text] made in EU&nbsp; &#8211; Zertifikat&nbsp;CE[\/vc_column_text][vc_column_text css_animation=&#8220;slideInDown&#8220; el_class=&#8220;hidebuybutton&#8220;][\/vc_column_text][\/vc_column][vc_column width=&#8220;3\/4&#8243;][vc_column_text]Die brandneue Vibramax 95\/20 R, ist dank des benzinbetriebenen Honda-Motors GX 120 extrem zuverl\u00e4ssig und die Zentrifugalkraft von 20 kN erm\u00f6glicht eine einfache und tiefreichende Verdichtung von Kies und anderen Bodenbel\u00e4gen auch auf gro\u00dfen Fl\u00e4chen. Dank der robusten Stahlplatte mit gro\u00dfz\u00fcgigen Abmessungen und dem dank des abwinkelbaren Handgriffs leicht durchzuf\u00fchrenden Transports eignet sie sich auch sehr gut zur Vermietung. Sie hat folgende Eigenschaften: abwinkelbarer Handgriff mit Hebel zum vor und r\u00fcckw\u00e4rts bewegen, Hebel f\u00fcr die Geschwindigkeitsregulierung, Sicherheitsschalter zum Aus- und Ein-schalten, Antivibrationsgummid\u00e4mpfer am Griff und am Sockel, Z\u00e4hlwerk, Hebehaken. Die Basis der Platte ist aus sehr widerstandsf\u00e4higem Stahl und beinhaltet eine sechsj\u00e4hrige Garantie. &nbsp; TECHNISCHE EIGENSCHAFTEN Zentrifugalbeschleunigung 20 kN Max. Geschwindigkeit vorw\u00e4rts\/zur\u00fcck 25 m\/min Breite der Platte: 350 mm Frequenz 100 Hz &#8211; Max. Gef\u00e4lle 30% L\u00e4nge der Platte: 526 mm Reversibel: Vorw\u00e4rtsfahren \/ R\u00fcckw\u00e4rtsfahren Motor Honda GX120 betrieben mit Benzin Abmessungen &#8211; Geschlossen (L x B x H) 350 x 562 x 645 mm (996 offen) Motornettoleistung: 2,6 0 Kw &#8211; 3,5 CV Gummimatte und R\u00e4derreparaturset &#8211; nicht inbegriffen (optional) Z\u00fcndung: manuell Gewicht: 95 Kg [\/vc_column_text][\/vc_column][\/vc_row]<\/p>\n","protected":false},"author":29,"featured_media":29288,"parent":33186,"menu_order":4,"comment_status":"closed","ping_status":"closed","template":"","meta":{"ngg_post_thumbnail":0,"_joinchat":[],"footnotes":""},"class_list":["post-29250","page","type-page","status-publish","has-post-thumbnail","hentry"],"yoast_head":"<!-- This site is optimized with the Yoast SEO plugin v25.5 - https:\/\/yoast.com\/wordpress\/plugins\/seo\/ -->\n<title>Vibramax 95\/20 REVERSIBILE - Maxima SpA<\/title>\n<meta name=\"description\" content=\"Vibramax 95\/20 Reversibile Verdichtungsmaschine f\u00fcr Asphalt Kies Steine Sand Kies\" \/>\n<meta name=\"robots\" content=\"index, follow, max-snippet:-1, max-image-preview:large, max-video-preview:-1\" \/>\n<link rel=\"canonical\" href=\"https:\/\/www.maxima-dia.com\/de\/baumaschinen-fuer-die-bodenverdichtung\/vibramax-95-20-reversibile\/\" \/>\n<meta property=\"og:locale\" content=\"de_DE\" \/>\n<meta property=\"og:type\" content=\"article\" \/>\n<meta property=\"og:title\" content=\"Vibramax 95\/20 REVERSIBILE - Maxima SpA\" \/>\n<meta property=\"og:description\" content=\"Vibramax 95\/20 Reversibile Verdichtungsmaschine f\u00fcr Asphalt Kies Steine Sand Kies\" \/>\n<meta property=\"og:url\" content=\"https:\/\/www.maxima-dia.com\/de\/baumaschinen-fuer-die-bodenverdichtung\/vibramax-95-20-reversibile\/\" \/>\n<meta property=\"og:site_name\" content=\"Maxima SpA\" \/>\n<meta property=\"article:publisher\" content=\"https:\/\/www.facebook.com\/Maxima-spa-106098566139597\" \/>\n<meta property=\"article:modified_time\" content=\"2021-12-20T10:56:42+00:00\" \/>\n<meta property=\"og:image\" content=\"https:\/\/www.maxima-dia.com\/wp-content\/uploads\/2021\/07\/VIBRAMAX95-20R.jpg\" \/>\n\t<meta property=\"og:image:width\" content=\"1700\" \/>\n\t<meta property=\"og:image:height\" content=\"1700\" \/>\n\t<meta property=\"og:image:type\" content=\"image\/jpeg\" \/>\n<meta name=\"twitter:card\" content=\"summary_large_image\" \/>\n<meta name=\"twitter:site\" content=\"@Maximadia\" \/>\n<meta name=\"twitter:label1\" content=\"Gesch\u00e4tzte Lesezeit\" \/>\n\t<meta name=\"twitter:data1\" content=\"3\u00a0Minuten\" \/>\n<script type=\"application\/ld+json\" class=\"yoast-schema-graph\">{\"@context\":\"https:\/\/schema.org\",\"@graph\":[{\"@type\":\"WebPage\",\"@id\":\"https:\/\/www.maxima-dia.com\/de\/baumaschinen-fuer-die-bodenverdichtung\/vibramax-95-20-reversibile\/\",\"url\":\"https:\/\/www.maxima-dia.com\/de\/baumaschinen-fuer-die-bodenverdichtung\/vibramax-95-20-reversibile\/\",\"name\":\"Vibramax 95\/20 REVERSIBILE - Maxima SpA\",\"isPartOf\":{\"@id\":\"https:\/\/www.maxima-dia.com\/de\/#website\"},\"primaryImageOfPage\":{\"@id\":\"https:\/\/www.maxima-dia.com\/de\/baumaschinen-fuer-die-bodenverdichtung\/vibramax-95-20-reversibile\/#primaryimage\"},\"image\":{\"@id\":\"https:\/\/www.maxima-dia.com\/de\/baumaschinen-fuer-die-bodenverdichtung\/vibramax-95-20-reversibile\/#primaryimage\"},\"thumbnailUrl\":\"https:\/\/www.maxima-dia.com\/wp-content\/uploads\/2021\/07\/VIBRAMAX95-20R.jpg\",\"datePublished\":\"2021-07-13T06:40:27+00:00\",\"dateModified\":\"2021-12-20T10:56:42+00:00\",\"description\":\"Vibramax 95\/20 Reversibile Verdichtungsmaschine f\u00fcr Asphalt Kies Steine Sand Kies\",\"breadcrumb\":{\"@id\":\"https:\/\/www.maxima-dia.com\/de\/baumaschinen-fuer-die-bodenverdichtung\/vibramax-95-20-reversibile\/#breadcrumb\"},\"inLanguage\":\"de\",\"potentialAction\":[{\"@type\":\"ReadAction\",\"target\":[\"https:\/\/www.maxima-dia.com\/de\/baumaschinen-fuer-die-bodenverdichtung\/vibramax-95-20-reversibile\/\"]}]},{\"@type\":\"ImageObject\",\"inLanguage\":\"de\",\"@id\":\"https:\/\/www.maxima-dia.com\/de\/baumaschinen-fuer-die-bodenverdichtung\/vibramax-95-20-reversibile\/#primaryimage\",\"url\":\"https:\/\/www.maxima-dia.com\/wp-content\/uploads\/2021\/07\/VIBRAMAX95-20R.jpg\",\"contentUrl\":\"https:\/\/www.maxima-dia.com\/wp-content\/uploads\/2021\/07\/VIBRAMAX95-20R.jpg\",\"width\":1700,\"height\":1700},{\"@type\":\"BreadcrumbList\",\"@id\":\"https:\/\/www.maxima-dia.com\/de\/baumaschinen-fuer-die-bodenverdichtung\/vibramax-95-20-reversibile\/#breadcrumb\",\"itemListElement\":[{\"@type\":\"ListItem\",\"position\":1,\"name\":\"Home\",\"item\":\"https:\/\/www.maxima-dia.com\/de\/\"},{\"@type\":\"ListItem\",\"position\":2,\"name\":\"Baumaschinen f\u00fcr die Bodenverdichtung\",\"item\":\"https:\/\/www.maxima-dia.com\/de\/baumaschinen-fuer-die-bodenverdichtung\/\"},{\"@type\":\"ListItem\",\"position\":3,\"name\":\"Vibramax 95\/20 REVERSIBILE\"}]},{\"@type\":\"WebSite\",\"@id\":\"https:\/\/www.maxima-dia.com\/de\/#website\",\"url\":\"https:\/\/www.maxima-dia.com\/de\/\",\"name\":\"Maxima SpA\",\"description\":\"Only for the real professionals\",\"potentialAction\":[{\"@type\":\"SearchAction\",\"target\":{\"@type\":\"EntryPoint\",\"urlTemplate\":\"https:\/\/www.maxima-dia.com\/de\/?s={search_term_string}\"},\"query-input\":{\"@type\":\"PropertyValueSpecification\",\"valueRequired\":true,\"valueName\":\"search_term_string\"}}],\"inLanguage\":\"de\"}]}<\/script>\n<!-- \/ Yoast SEO plugin. -->","yoast_head_json":{"title":"Vibramax 95\/20 REVERSIBILE - Maxima SpA","description":"Vibramax 95\/20 Reversibile Verdichtungsmaschine f\u00fcr Asphalt Kies Steine Sand Kies","robots":{"index":"index","follow":"follow","max-snippet":"max-snippet:-1","max-image-preview":"max-image-preview:large","max-video-preview":"max-video-preview:-1"},"canonical":"https:\/\/www.maxima-dia.com\/de\/baumaschinen-fuer-die-bodenverdichtung\/vibramax-95-20-reversibile\/","og_locale":"de_DE","og_type":"article","og_title":"Vibramax 95\/20 REVERSIBILE - Maxima SpA","og_description":"Vibramax 95\/20 Reversibile Verdichtungsmaschine f\u00fcr Asphalt Kies Steine Sand Kies","og_url":"https:\/\/www.maxima-dia.com\/de\/baumaschinen-fuer-die-bodenverdichtung\/vibramax-95-20-reversibile\/","og_site_name":"Maxima SpA","article_publisher":"https:\/\/www.facebook.com\/Maxima-spa-106098566139597","article_modified_time":"2021-12-20T10:56:42+00:00","og_image":[{"width":1700,"height":1700,"url":"https:\/\/www.maxima-dia.com\/wp-content\/uploads\/2021\/07\/VIBRAMAX95-20R.jpg","type":"image\/jpeg"}],"twitter_card":"summary_large_image","twitter_site":"@Maximadia","twitter_misc":{"Gesch\u00e4tzte Lesezeit":"3\u00a0Minuten"},"schema":{"@context":"https:\/\/schema.org","@graph":[{"@type":"WebPage","@id":"https:\/\/www.maxima-dia.com\/de\/baumaschinen-fuer-die-bodenverdichtung\/vibramax-95-20-reversibile\/","url":"https:\/\/www.maxima-dia.com\/de\/baumaschinen-fuer-die-bodenverdichtung\/vibramax-95-20-reversibile\/","name":"Vibramax 95\/20 REVERSIBILE - Maxima SpA","isPartOf":{"@id":"https:\/\/www.maxima-dia.com\/de\/#website"},"primaryImageOfPage":{"@id":"https:\/\/www.maxima-dia.com\/de\/baumaschinen-fuer-die-bodenverdichtung\/vibramax-95-20-reversibile\/#primaryimage"},"image":{"@id":"https:\/\/www.maxima-dia.com\/de\/baumaschinen-fuer-die-bodenverdichtung\/vibramax-95-20-reversibile\/#primaryimage"},"thumbnailUrl":"https:\/\/www.maxima-dia.com\/wp-content\/uploads\/2021\/07\/VIBRAMAX95-20R.jpg","datePublished":"2021-07-13T06:40:27+00:00","dateModified":"2021-12-20T10:56:42+00:00","description":"Vibramax 95\/20 Reversibile Verdichtungsmaschine f\u00fcr Asphalt Kies Steine Sand Kies","breadcrumb":{"@id":"https:\/\/www.maxima-dia.com\/de\/baumaschinen-fuer-die-bodenverdichtung\/vibramax-95-20-reversibile\/#breadcrumb"},"inLanguage":"de","potentialAction":[{"@type":"ReadAction","target":["https:\/\/www.maxima-dia.com\/de\/baumaschinen-fuer-die-bodenverdichtung\/vibramax-95-20-reversibile\/"]}]},{"@type":"ImageObject","inLanguage":"de","@id":"https:\/\/www.maxima-dia.com\/de\/baumaschinen-fuer-die-bodenverdichtung\/vibramax-95-20-reversibile\/#primaryimage","url":"https:\/\/www.maxima-dia.com\/wp-content\/uploads\/2021\/07\/VIBRAMAX95-20R.jpg","contentUrl":"https:\/\/www.maxima-dia.com\/wp-content\/uploads\/2021\/07\/VIBRAMAX95-20R.jpg","width":1700,"height":1700},{"@type":"BreadcrumbList","@id":"https:\/\/www.maxima-dia.com\/de\/baumaschinen-fuer-die-bodenverdichtung\/vibramax-95-20-reversibile\/#breadcrumb","itemListElement":[{"@type":"ListItem","position":1,"name":"Home","item":"https:\/\/www.maxima-dia.com\/de\/"},{"@type":"ListItem","position":2,"name":"Baumaschinen f\u00fcr die Bodenverdichtung","item":"https:\/\/www.maxima-dia.com\/de\/baumaschinen-fuer-die-bodenverdichtung\/"},{"@type":"ListItem","position":3,"name":"Vibramax 95\/20 REVERSIBILE"}]},{"@type":"WebSite","@id":"https:\/\/www.maxima-dia.com\/de\/#website","url":"https:\/\/www.maxima-dia.com\/de\/","name":"Maxima SpA","description":"Only for the real professionals","potentialAction":[{"@type":"SearchAction","target":{"@type":"EntryPoint","urlTemplate":"https:\/\/www.maxima-dia.com\/de\/?s={search_term_string}"},"query-input":{"@type":"PropertyValueSpecification","valueRequired":true,"valueName":"search_term_string"}}],"inLanguage":"de"}]}},"_links":{"self":[{"href":"https:\/\/www.maxima-dia.com\/de\/wp-json\/wp\/v2\/pages\/29250"}],"collection":[{"href":"https:\/\/www.maxima-dia.com\/de\/wp-json\/wp\/v2\/pages"}],"about":[{"href":"https:\/\/www.maxima-dia.com\/de\/wp-json\/wp\/v2\/types\/page"}],"author":[{"embeddable":true,"href":"https:\/\/www.maxima-dia.com\/de\/wp-json\/wp\/v2\/users\/29"}],"replies":[{"embeddable":true,"href":"https:\/\/www.maxima-dia.com\/de\/wp-json\/wp\/v2\/comments?post=29250"}],"version-history":[{"count":0,"href":"https:\/\/www.maxima-dia.com\/de\/wp-json\/wp\/v2\/pages\/29250\/revisions"}],"up":[{"embeddable":true,"href":"https:\/\/www.maxima-dia.com\/de\/wp-json\/wp\/v2\/pages\/33186"}],"wp:featuredmedia":[{"embeddable":true,"href":"https:\/\/www.maxima-dia.com\/de\/wp-json\/wp\/v2\/media\/29288"}],"wp:attachment":[{"href":"https:\/\/www.maxima-dia.com\/de\/wp-json\/wp\/v2\/media?parent=29250"}],"curies":[{"name":"wp","href":"https:\/\/api.w.org\/{rel}","templated":true}]}}