{"id":32212,"date":"2021-11-29T11:07:50","date_gmt":"2021-11-29T10:07:50","guid":{"rendered":"https:\/\/www.maxima-dia.com\/?page_id=32212"},"modified":"2023-03-10T10:01:57","modified_gmt":"2023-03-10T09:01:57","slug":"produkte-schleifen","status":"publish","type":"page","link":"https:\/\/www.maxima-dia.com\/de\/produkte-schleifen\/","title":{"rendered":"Produkte &#8211; Schleifen"},"content":{"rendered":"<div class=\"wpb-content-wrapper\"><p>[vc_row bottom_padding=&#8220;50&#8243;][vc_column width=&#8220;1\/1&#8243;][vc_column_text]F\u00fcr die anspruchsvollsten Profis bietet Maxima die breiteste Produktpalette f\u00fcr das Oberfl\u00e4chenschleifen, darunter Schleifmaschinen und Diamantwerkzeuge wie Pads und Module, die auf Schleifmaschinen <a href=\"https:\/\/www.maxima-dia.com\/de\/schleifmaschinen-fuer-den-bau\/levimax-125\/\">Levimax 125<\/a>, <a href=\"https:\/\/www.maxima-dia.com\/de\/schleifmaschinen-fuer-den-bau\/levimax-280\/\">Levimax 280<\/a> und <a href=\"https:\/\/www.maxima-dia.com\/de\/schleifmaschinen-fuer-den-bau\/levimax-550\/\">Levimax 550<\/a> trocken und nass verwendet werden k\u00f6nnen.<br \/>\nAlle unsere Maschinen sind CE-zertifiziert und werden in der Europ\u00e4ischen Union hergestellt <img loading=\"lazy\" decoding=\"async\" class=\"alignnone wp-image-6471\" src=\"\/wp-content\/uploads\/2011\/09\/eu_flag.png\" alt=\"\" width=\"20\" height=\"16\">.[\/vc_column_text][\/vc_column][\/vc_row][vc_row bottom_padding=&#8220;50&#8243;][vc_column width=&#8220;1\/4&#8243;]<div class=\"single_image wpb_content_element align-left    \" data-animation=\"none\" data-delay=\"0\"><a href=\"\/it\/macchine-edili-levigatura\/\" target=\"_self\"><img loading=\"lazy\" decoding=\"async\" width=\"1500\" height=\"1500\" src=\"https:\/\/www.maxima-dia.com\/wp-content\/uploads\/2018\/10\/LEVIMAX-550-catalogo-02.jpg\" class=\"attachment-full\" alt=\"\" title=\"LEVIMAX 550 - catalogo 02\" srcset=\"https:\/\/www.maxima-dia.com\/wp-content\/uploads\/2018\/10\/LEVIMAX-550-catalogo-02.jpg 1500w, https:\/\/www.maxima-dia.com\/wp-content\/uploads\/2018\/10\/LEVIMAX-550-catalogo-02-150x150.jpg 150w, https:\/\/www.maxima-dia.com\/wp-content\/uploads\/2018\/10\/LEVIMAX-550-catalogo-02-300x300.jpg 300w, https:\/\/www.maxima-dia.com\/wp-content\/uploads\/2018\/10\/LEVIMAX-550-catalogo-02-768x768.jpg 768w, https:\/\/www.maxima-dia.com\/wp-content\/uploads\/2018\/10\/LEVIMAX-550-catalogo-02-1024x1024.jpg 1024w, https:\/\/www.maxima-dia.com\/wp-content\/uploads\/2018\/10\/LEVIMAX-550-catalogo-02-80x80.jpg 80w, https:\/\/www.maxima-dia.com\/wp-content\/uploads\/2018\/10\/LEVIMAX-550-catalogo-02-500x500.jpg 500w, https:\/\/www.maxima-dia.com\/wp-content\/uploads\/2018\/10\/LEVIMAX-550-catalogo-02-1000x1000.jpg 1000w\" sizes=\"(max-width: 1500px) 100vw, 1500px\" \/><\/a><\/div>[\/vc_column][vc_column width=&#8220;3\/4&#8243;][vc_column_text]<\/p>\n<h2><a href=\"\/de\/schleifmaschinen-fuer-den-bau\/\">Schleifmaschinen f\u00fcr den Bau<\/a><\/h2>\n<div class=\"wpb_row vc_row-fluid standard-section section section-no-parallax stretch \" data-speed=\"1\">\n<div class=\"col span_12 color-dark left\">\n<div class=\"vc_col-sm-12 wpb_column column_container col no-padding color-dark\" data-animation=\"\" data-delay=\"\">\n<div class=\"wpb_wrapper\">\n<div class=\"wpb_text_column wpb_content_element \">\n<div class=\"wpb_wrapper\">\n<p>Hier finden Sie alle Baumaschinen f\u00fcr das Flachschleifen mit den Diamantwerkzeugen der Maxima-Reihe, Levimax und Aspiramax, die das Angebot f\u00fcr Einzelh\u00e4ndler vervollst\u00e4ndigen, die Ausr\u00fcstung f\u00fcr Bauunternehmen anbieten oder mieten. Alle Maschinen besitzen ein CE-Zertifikat und sind \u201eMade in EU\u201d&nbsp;<img loading=\"lazy\" decoding=\"async\" class=\"wp-image-6471\" src=\"https:\/\/www.maxima-dia.com\/wp-content\/uploads\/2011\/09\/eu_flag.png\" alt=\"\" width=\"18\" height=\"15\">, sie sind innerhalb der Europ\u00e4ischen Union hergestellt.<\/p>\n<\/div>\n<\/div>\n<\/div>\n<\/div>\n<\/div>\n<\/div>\n<p>[\/vc_column_text][\/vc_column][\/vc_row][vc_row bottom_padding=&#8220;50&#8243;][vc_column width=&#8220;1\/4&#8243;]<div class=\"single_image wpb_content_element align-left    \" data-animation=\"none\" data-delay=\"0\"><a href=\"\/it\/platorelli-per-levigatura\/\" target=\"_self\"><img loading=\"lazy\" decoding=\"async\" width=\"1500\" height=\"1500\" src=\"https:\/\/www.maxima-dia.com\/wp-content\/uploads\/2022\/11\/RESIN_CUP-11-2022-1.jpg\" class=\"attachment-full\" alt=\"\" title=\"RESIN_CUP-11-2022\" srcset=\"https:\/\/www.maxima-dia.com\/wp-content\/uploads\/2022\/11\/RESIN_CUP-11-2022-1.jpg 1500w, https:\/\/www.maxima-dia.com\/wp-content\/uploads\/2022\/11\/RESIN_CUP-11-2022-1-300x300.jpg 300w, https:\/\/www.maxima-dia.com\/wp-content\/uploads\/2022\/11\/RESIN_CUP-11-2022-1-1024x1024.jpg 1024w, https:\/\/www.maxima-dia.com\/wp-content\/uploads\/2022\/11\/RESIN_CUP-11-2022-1-150x150.jpg 150w, https:\/\/www.maxima-dia.com\/wp-content\/uploads\/2022\/11\/RESIN_CUP-11-2022-1-768x768.jpg 768w, https:\/\/www.maxima-dia.com\/wp-content\/uploads\/2022\/11\/RESIN_CUP-11-2022-1-80x80.jpg 80w, https:\/\/www.maxima-dia.com\/wp-content\/uploads\/2022\/11\/RESIN_CUP-11-2022-1-500x500.jpg 500w, https:\/\/www.maxima-dia.com\/wp-content\/uploads\/2022\/11\/RESIN_CUP-11-2022-1-1000x1000.jpg 1000w\" sizes=\"(max-width: 1500px) 100vw, 1500px\" \/><\/a><\/div>[\/vc_column][vc_column width=&#8220;3\/4&#8243;][vc_column_text]<\/p>\n<h2><a href=\"\/de\/diamant-schleiftoepfe\/\">Diamant Schleift\u00f6pfe<\/a><\/h2>\n<p>Maxima hat eine Produktpalette an Diamant Schleift\u00f6pfe entwickelt, die sowohl fu\u0308r einen universellen Baustelleneinsatz als auch fu\u0308r spezielle Steinbearbeitungen geeignet ist. Mit diesem Diamant Schleift\u00f6pfe kann gleichzeitig geschnitten und abgegratet werden. In den Durchmessern von 100 mm bis 180 mm erh\u00e4ltlich.[\/vc_column_text][\/vc_column][\/vc_row]<\/p>\n<\/div>","protected":false},"excerpt":{"rendered":"<p>[vc_row bottom_padding=&#8220;50&#8243;][vc_column width=&#8220;1\/1&#8243;][vc_column_text]F\u00fcr die anspruchsvollsten Profis bietet Maxima die breiteste Produktpalette f\u00fcr das Oberfl\u00e4chenschleifen, darunter Schleifmaschinen und Diamantwerkzeuge wie Pads und Module, die auf Schleifmaschinen Levimax 125, Levimax 280 und Levimax 550 trocken und nass verwendet werden k\u00f6nnen. Alle unsere Maschinen sind CE-zertifiziert und werden in der Europ\u00e4ischen Union hergestellt .[\/vc_column_text][\/vc_column][\/vc_row][vc_row bottom_padding=&#8220;50&#8243;][vc_column width=&#8220;1\/4&#8243;][\/vc_column][vc_column width=&#8220;3\/4&#8243;][vc_column_text] Schleifmaschinen f\u00fcr den Bau Hier finden Sie alle Baumaschinen f\u00fcr das Flachschleifen mit den Diamantwerkzeugen der Maxima-Reihe, Levimax und Aspiramax, die das Angebot f\u00fcr Einzelh\u00e4ndler vervollst\u00e4ndigen, die Ausr\u00fcstung f\u00fcr Bauunternehmen anbieten oder mieten. Alle Maschinen besitzen ein CE-Zertifikat und sind \u201eMade in EU\u201d&nbsp;, sie sind innerhalb der Europ\u00e4ischen Union hergestellt. [\/vc_column_text][\/vc_column][\/vc_row][vc_row bottom_padding=&#8220;50&#8243;][vc_column width=&#8220;1\/4&#8243;][\/vc_column][vc_column width=&#8220;3\/4&#8243;][vc_column_text] Diamant Schleift\u00f6pfe Maxima hat eine Produktpalette an Diamant Schleift\u00f6pfe entwickelt, die sowohl fu\u0308r einen universellen Baustelleneinsatz als auch fu\u0308r spezielle Steinbearbeitungen geeignet ist. Mit diesem Diamant Schleift\u00f6pfe kann gleichzeitig geschnitten und abgegratet werden. In den Durchmessern von 100 mm bis 180 mm erh\u00e4ltlich.[\/vc_column_text][\/vc_column][\/vc_row]<\/p>\n","protected":false},"author":29,"featured_media":0,"parent":0,"menu_order":0,"comment_status":"closed","ping_status":"closed","template":"","meta":{"ngg_post_thumbnail":0,"_joinchat":[],"footnotes":""},"class_list":["post-32212","page","type-page","status-publish","hentry"],"yoast_head":"<!-- This site is optimized with the Yoast SEO plugin v25.5 - https:\/\/yoast.com\/wordpress\/plugins\/seo\/ -->\n<title>Produkte - Schleifen - Maxima SpA<\/title>\n<meta name=\"description\" content=\"Das breiteste Sortiment an Oberfl\u00e4chenschleifprodukten, einschlie\u00dflich Schleifmaschinen und Diamantwerkzeugen wie St\u00fctzteller und Module\" \/>\n<meta name=\"robots\" content=\"index, follow, max-snippet:-1, max-image-preview:large, max-video-preview:-1\" \/>\n<link rel=\"canonical\" href=\"https:\/\/www.maxima-dia.com\/de\/produkte-schleifen\/\" \/>\n<meta property=\"og:locale\" content=\"de_DE\" \/>\n<meta property=\"og:type\" content=\"article\" \/>\n<meta property=\"og:title\" content=\"Produkte - Schleifen - Maxima SpA\" \/>\n<meta property=\"og:description\" content=\"Das breiteste Sortiment an Oberfl\u00e4chenschleifprodukten, einschlie\u00dflich Schleifmaschinen und Diamantwerkzeugen wie St\u00fctzteller und Module\" \/>\n<meta property=\"og:url\" content=\"https:\/\/www.maxima-dia.com\/de\/produkte-schleifen\/\" \/>\n<meta property=\"og:site_name\" content=\"Maxima SpA\" \/>\n<meta property=\"article:publisher\" content=\"https:\/\/www.facebook.com\/Maxima-spa-106098566139597\" \/>\n<meta property=\"article:modified_time\" content=\"2023-03-10T09:01:57+00:00\" \/>\n<meta property=\"og:image\" content=\"https:\/\/www.maxima-dia.com\/wp-content\/uploads\/2011\/09\/eu_flag.png\" \/>\n<meta name=\"twitter:card\" content=\"summary_large_image\" \/>\n<meta name=\"twitter:site\" content=\"@Maximadia\" \/>\n<meta name=\"twitter:label1\" content=\"Gesch\u00e4tzte Lesezeit\" \/>\n\t<meta name=\"twitter:data1\" content=\"2\u00a0Minuten\" \/>\n<script type=\"application\/ld+json\" class=\"yoast-schema-graph\">{\"@context\":\"https:\/\/schema.org\",\"@graph\":[{\"@type\":\"WebPage\",\"@id\":\"https:\/\/www.maxima-dia.com\/de\/produkte-schleifen\/\",\"url\":\"https:\/\/www.maxima-dia.com\/de\/produkte-schleifen\/\",\"name\":\"Produkte - Schleifen - Maxima SpA\",\"isPartOf\":{\"@id\":\"https:\/\/www.maxima-dia.com\/de\/#website\"},\"primaryImageOfPage\":{\"@id\":\"https:\/\/www.maxima-dia.com\/de\/produkte-schleifen\/#primaryimage\"},\"image\":{\"@id\":\"https:\/\/www.maxima-dia.com\/de\/produkte-schleifen\/#primaryimage\"},\"thumbnailUrl\":\"https:\/\/www.maxima-dia.com\/wp-content\/uploads\/2011\/09\/eu_flag.png\",\"datePublished\":\"2021-11-29T10:07:50+00:00\",\"dateModified\":\"2023-03-10T09:01:57+00:00\",\"description\":\"Das breiteste Sortiment an Oberfl\u00e4chenschleifprodukten, einschlie\u00dflich Schleifmaschinen und Diamantwerkzeugen wie St\u00fctzteller und Module\",\"breadcrumb\":{\"@id\":\"https:\/\/www.maxima-dia.com\/de\/produkte-schleifen\/#breadcrumb\"},\"inLanguage\":\"de\",\"potentialAction\":[{\"@type\":\"ReadAction\",\"target\":[\"https:\/\/www.maxima-dia.com\/de\/produkte-schleifen\/\"]}]},{\"@type\":\"ImageObject\",\"inLanguage\":\"de\",\"@id\":\"https:\/\/www.maxima-dia.com\/de\/produkte-schleifen\/#primaryimage\",\"url\":\"https:\/\/www.maxima-dia.com\/wp-content\/uploads\/2011\/09\/eu_flag.png\",\"contentUrl\":\"https:\/\/www.maxima-dia.com\/wp-content\/uploads\/2011\/09\/eu_flag.png\"},{\"@type\":\"BreadcrumbList\",\"@id\":\"https:\/\/www.maxima-dia.com\/de\/produkte-schleifen\/#breadcrumb\",\"itemListElement\":[{\"@type\":\"ListItem\",\"position\":1,\"name\":\"Home\",\"item\":\"https:\/\/www.maxima-dia.com\/de\/\"},{\"@type\":\"ListItem\",\"position\":2,\"name\":\"Produkte &#8211; Schleifen\"}]},{\"@type\":\"WebSite\",\"@id\":\"https:\/\/www.maxima-dia.com\/de\/#website\",\"url\":\"https:\/\/www.maxima-dia.com\/de\/\",\"name\":\"Maxima SpA\",\"description\":\"Only for the real professionals\",\"potentialAction\":[{\"@type\":\"SearchAction\",\"target\":{\"@type\":\"EntryPoint\",\"urlTemplate\":\"https:\/\/www.maxima-dia.com\/de\/?s={search_term_string}\"},\"query-input\":{\"@type\":\"PropertyValueSpecification\",\"valueRequired\":true,\"valueName\":\"search_term_string\"}}],\"inLanguage\":\"de\"}]}<\/script>\n<!-- \/ Yoast SEO plugin. -->","yoast_head_json":{"title":"Produkte - Schleifen - Maxima SpA","description":"Das breiteste Sortiment an Oberfl\u00e4chenschleifprodukten, einschlie\u00dflich Schleifmaschinen und Diamantwerkzeugen wie St\u00fctzteller und Module","robots":{"index":"index","follow":"follow","max-snippet":"max-snippet:-1","max-image-preview":"max-image-preview:large","max-video-preview":"max-video-preview:-1"},"canonical":"https:\/\/www.maxima-dia.com\/de\/produkte-schleifen\/","og_locale":"de_DE","og_type":"article","og_title":"Produkte - Schleifen - Maxima SpA","og_description":"Das breiteste Sortiment an Oberfl\u00e4chenschleifprodukten, einschlie\u00dflich Schleifmaschinen und Diamantwerkzeugen wie St\u00fctzteller und Module","og_url":"https:\/\/www.maxima-dia.com\/de\/produkte-schleifen\/","og_site_name":"Maxima SpA","article_publisher":"https:\/\/www.facebook.com\/Maxima-spa-106098566139597","article_modified_time":"2023-03-10T09:01:57+00:00","og_image":[{"url":"https:\/\/www.maxima-dia.com\/wp-content\/uploads\/2011\/09\/eu_flag.png","type":"","width":"","height":""}],"twitter_card":"summary_large_image","twitter_site":"@Maximadia","twitter_misc":{"Gesch\u00e4tzte Lesezeit":"2\u00a0Minuten"},"schema":{"@context":"https:\/\/schema.org","@graph":[{"@type":"WebPage","@id":"https:\/\/www.maxima-dia.com\/de\/produkte-schleifen\/","url":"https:\/\/www.maxima-dia.com\/de\/produkte-schleifen\/","name":"Produkte - Schleifen - Maxima SpA","isPartOf":{"@id":"https:\/\/www.maxima-dia.com\/de\/#website"},"primaryImageOfPage":{"@id":"https:\/\/www.maxima-dia.com\/de\/produkte-schleifen\/#primaryimage"},"image":{"@id":"https:\/\/www.maxima-dia.com\/de\/produkte-schleifen\/#primaryimage"},"thumbnailUrl":"https:\/\/www.maxima-dia.com\/wp-content\/uploads\/2011\/09\/eu_flag.png","datePublished":"2021-11-29T10:07:50+00:00","dateModified":"2023-03-10T09:01:57+00:00","description":"Das breiteste Sortiment an Oberfl\u00e4chenschleifprodukten, einschlie\u00dflich Schleifmaschinen und Diamantwerkzeugen wie St\u00fctzteller und Module","breadcrumb":{"@id":"https:\/\/www.maxima-dia.com\/de\/produkte-schleifen\/#breadcrumb"},"inLanguage":"de","potentialAction":[{"@type":"ReadAction","target":["https:\/\/www.maxima-dia.com\/de\/produkte-schleifen\/"]}]},{"@type":"ImageObject","inLanguage":"de","@id":"https:\/\/www.maxima-dia.com\/de\/produkte-schleifen\/#primaryimage","url":"https:\/\/www.maxima-dia.com\/wp-content\/uploads\/2011\/09\/eu_flag.png","contentUrl":"https:\/\/www.maxima-dia.com\/wp-content\/uploads\/2011\/09\/eu_flag.png"},{"@type":"BreadcrumbList","@id":"https:\/\/www.maxima-dia.com\/de\/produkte-schleifen\/#breadcrumb","itemListElement":[{"@type":"ListItem","position":1,"name":"Home","item":"https:\/\/www.maxima-dia.com\/de\/"},{"@type":"ListItem","position":2,"name":"Produkte &#8211; Schleifen"}]},{"@type":"WebSite","@id":"https:\/\/www.maxima-dia.com\/de\/#website","url":"https:\/\/www.maxima-dia.com\/de\/","name":"Maxima SpA","description":"Only for the real professionals","potentialAction":[{"@type":"SearchAction","target":{"@type":"EntryPoint","urlTemplate":"https:\/\/www.maxima-dia.com\/de\/?s={search_term_string}"},"query-input":{"@type":"PropertyValueSpecification","valueRequired":true,"valueName":"search_term_string"}}],"inLanguage":"de"}]}},"_links":{"self":[{"href":"https:\/\/www.maxima-dia.com\/de\/wp-json\/wp\/v2\/pages\/32212"}],"collection":[{"href":"https:\/\/www.maxima-dia.com\/de\/wp-json\/wp\/v2\/pages"}],"about":[{"href":"https:\/\/www.maxima-dia.com\/de\/wp-json\/wp\/v2\/types\/page"}],"author":[{"embeddable":true,"href":"https:\/\/www.maxima-dia.com\/de\/wp-json\/wp\/v2\/users\/29"}],"replies":[{"embeddable":true,"href":"https:\/\/www.maxima-dia.com\/de\/wp-json\/wp\/v2\/comments?post=32212"}],"version-history":[{"count":1,"href":"https:\/\/www.maxima-dia.com\/de\/wp-json\/wp\/v2\/pages\/32212\/revisions"}],"predecessor-version":[{"id":39061,"href":"https:\/\/www.maxima-dia.com\/de\/wp-json\/wp\/v2\/pages\/32212\/revisions\/39061"}],"wp:attachment":[{"href":"https:\/\/www.maxima-dia.com\/de\/wp-json\/wp\/v2\/media?parent=32212"}],"curies":[{"name":"wp","href":"https:\/\/api.w.org\/{rel}","templated":true}]}}