{"id":33186,"date":"2021-12-03T11:28:32","date_gmt":"2021-12-03T10:28:32","guid":{"rendered":"https:\/\/www.maxima-dia.com\/?page_id=33186"},"modified":"2023-02-22T10:05:24","modified_gmt":"2023-02-22T09:05:24","slug":"baumaschinen-fuer-die-bodenverdichtung","status":"publish","type":"page","link":"https:\/\/www.maxima-dia.com\/de\/baumaschinen-fuer-die-bodenverdichtung\/","title":{"rendered":"Baumaschinen f\u00fcr die Bodenverdichtung"},"content":{"rendered":"<div class=\"wpb-content-wrapper\"><p>[vc_row bottom_padding=&#8220;50&#8243;][vc_column width=&#8220;1\/1&#8243;][vc_column_text]In diesem Abschnitt werden die Vibramax-Verdichtungsbaumaschinen vorgestellt, die das Angebot f\u00fcr H\u00e4ndler vervollst\u00e4ndigen, die Ger\u00e4te f\u00fcr Bau- und Stra\u00dfenunternehmen anbieten. Alle angebotenen Maschinen sind \u201eMade in EU\u201c, dh produziert innerhalb der Europ\u00e4ischen Union und sind alle mit CE-Zertifizierung versehen.[\/vc_column_text][\/vc_column][\/vc_row][vc_row][vc_column width=&#8220;1\/1&#8243;][vc_basic_grid post_type=&#8220;custom&#8220; element_width=&#8220;3&#8243; gap=&#8220;10&#8243; item=&#8220;15386&#8243; initial_loading_animation=&#8220;none&#8220; grid_id=&#8220;vc_gid:1638527316086-eabc5892-5d22-10&#8243; custom_query=&#8220;post_type=page&amp;post_parent=33186&amp;sort_column=menu_order&amp;orderby=menu_order&amp;order=ASC&amp;post_status=publish&amp;posts_per_page=100&#8243;][\/vc_column][\/vc_row]<\/p>\n<\/div>","protected":false},"excerpt":{"rendered":"<p>[vc_row bottom_padding=&#8220;50&#8243;][vc_column width=&#8220;1\/1&#8243;][vc_column_text]In diesem Abschnitt werden die Vibramax-Verdichtungsbaumaschinen vorgestellt, die das Angebot f\u00fcr H\u00e4ndler vervollst\u00e4ndigen, die Ger\u00e4te f\u00fcr Bau- und Stra\u00dfenunternehmen anbieten. Alle angebotenen Maschinen sind \u201eMade in EU\u201c, dh produziert innerhalb der Europ\u00e4ischen Union und sind alle mit CE-Zertifizierung versehen.[\/vc_column_text][\/vc_column][\/vc_row][vc_row][vc_column width=&#8220;1\/1&#8243;][vc_basic_grid post_type=&#8220;custom&#8220; element_width=&#8220;3&#8243; gap=&#8220;10&#8243; item=&#8220;15386&#8243; initial_loading_animation=&#8220;none&#8220; grid_id=&#8220;vc_gid:1638527316086-eabc5892-5d22-10&#8243; custom_query=&#8220;post_type=page&amp;post_parent=33186&amp;sort_column=menu_order&amp;orderby=menu_order&amp;order=ASC&amp;post_status=publish&amp;posts_per_page=100&#8243;][\/vc_column][\/vc_row]<\/p>\n","protected":false},"author":29,"featured_media":0,"parent":0,"menu_order":1,"comment_status":"closed","ping_status":"closed","template":"","meta":{"ngg_post_thumbnail":0,"_joinchat":[],"footnotes":""},"class_list":["post-33186","page","type-page","status-publish","hentry"],"yoast_head":"<!-- This site is optimized with the Yoast SEO plugin v25.5 - https:\/\/yoast.com\/wordpress\/plugins\/seo\/ -->\n<title>Baumaschinen f\u00fcr die Bodenverdichtung - Maxima SpA<\/title>\n<meta name=\"description\" content=\"Baumaschinen f\u00fcr die Bodenverdichtung Vibramax\" \/>\n<meta name=\"robots\" content=\"index, follow, max-snippet:-1, max-image-preview:large, max-video-preview:-1\" \/>\n<link rel=\"canonical\" href=\"https:\/\/www.maxima-dia.com\/de\/baumaschinen-fuer-die-bodenverdichtung\/\" \/>\n<meta property=\"og:locale\" content=\"de_DE\" \/>\n<meta property=\"og:type\" content=\"article\" \/>\n<meta property=\"og:title\" content=\"Baumaschinen f\u00fcr die Bodenverdichtung - Maxima SpA\" \/>\n<meta property=\"og:description\" content=\"Baumaschinen f\u00fcr die Bodenverdichtung Vibramax\" \/>\n<meta property=\"og:url\" content=\"https:\/\/www.maxima-dia.com\/de\/baumaschinen-fuer-die-bodenverdichtung\/\" \/>\n<meta property=\"og:site_name\" content=\"Maxima SpA\" \/>\n<meta property=\"article:publisher\" content=\"https:\/\/www.facebook.com\/Maxima-spa-106098566139597\" \/>\n<meta property=\"article:modified_time\" content=\"2023-02-22T09:05:24+00:00\" \/>\n<meta property=\"og:image\" content=\"https:\/\/www.maxima-dia.com\/wp-content\/uploads\/2022\/03\/MaximaSpA-logo-quadrato.jpg\" \/>\n\t<meta property=\"og:image:width\" content=\"500\" \/>\n\t<meta property=\"og:image:height\" content=\"500\" \/>\n\t<meta property=\"og:image:type\" content=\"image\/jpeg\" \/>\n<meta name=\"twitter:card\" content=\"summary_large_image\" \/>\n<meta name=\"twitter:site\" content=\"@Maximadia\" \/>\n<meta name=\"twitter:label1\" content=\"Gesch\u00e4tzte Lesezeit\" \/>\n\t<meta name=\"twitter:data1\" content=\"1\u00a0Minute\" \/>\n<script type=\"application\/ld+json\" class=\"yoast-schema-graph\">{\"@context\":\"https:\/\/schema.org\",\"@graph\":[{\"@type\":\"WebPage\",\"@id\":\"https:\/\/www.maxima-dia.com\/de\/baumaschinen-fuer-die-bodenverdichtung\/\",\"url\":\"https:\/\/www.maxima-dia.com\/de\/baumaschinen-fuer-die-bodenverdichtung\/\",\"name\":\"Baumaschinen f\u00fcr die Bodenverdichtung - Maxima SpA\",\"isPartOf\":{\"@id\":\"https:\/\/www.maxima-dia.com\/de\/#website\"},\"datePublished\":\"2021-12-03T10:28:32+00:00\",\"dateModified\":\"2023-02-22T09:05:24+00:00\",\"description\":\"Baumaschinen f\u00fcr die Bodenverdichtung Vibramax\",\"breadcrumb\":{\"@id\":\"https:\/\/www.maxima-dia.com\/de\/baumaschinen-fuer-die-bodenverdichtung\/#breadcrumb\"},\"inLanguage\":\"de\",\"potentialAction\":[{\"@type\":\"ReadAction\",\"target\":[\"https:\/\/www.maxima-dia.com\/de\/baumaschinen-fuer-die-bodenverdichtung\/\"]}]},{\"@type\":\"BreadcrumbList\",\"@id\":\"https:\/\/www.maxima-dia.com\/de\/baumaschinen-fuer-die-bodenverdichtung\/#breadcrumb\",\"itemListElement\":[{\"@type\":\"ListItem\",\"position\":1,\"name\":\"Home\",\"item\":\"https:\/\/www.maxima-dia.com\/de\/\"},{\"@type\":\"ListItem\",\"position\":2,\"name\":\"Baumaschinen f\u00fcr die Bodenverdichtung\"}]},{\"@type\":\"WebSite\",\"@id\":\"https:\/\/www.maxima-dia.com\/de\/#website\",\"url\":\"https:\/\/www.maxima-dia.com\/de\/\",\"name\":\"Maxima SpA\",\"description\":\"Only for the real professionals\",\"potentialAction\":[{\"@type\":\"SearchAction\",\"target\":{\"@type\":\"EntryPoint\",\"urlTemplate\":\"https:\/\/www.maxima-dia.com\/de\/?s={search_term_string}\"},\"query-input\":{\"@type\":\"PropertyValueSpecification\",\"valueRequired\":true,\"valueName\":\"search_term_string\"}}],\"inLanguage\":\"de\"}]}<\/script>\n<!-- \/ Yoast SEO plugin. -->","yoast_head_json":{"title":"Baumaschinen f\u00fcr die Bodenverdichtung - Maxima SpA","description":"Baumaschinen f\u00fcr die Bodenverdichtung Vibramax","robots":{"index":"index","follow":"follow","max-snippet":"max-snippet:-1","max-image-preview":"max-image-preview:large","max-video-preview":"max-video-preview:-1"},"canonical":"https:\/\/www.maxima-dia.com\/de\/baumaschinen-fuer-die-bodenverdichtung\/","og_locale":"de_DE","og_type":"article","og_title":"Baumaschinen f\u00fcr die Bodenverdichtung - Maxima SpA","og_description":"Baumaschinen f\u00fcr die Bodenverdichtung Vibramax","og_url":"https:\/\/www.maxima-dia.com\/de\/baumaschinen-fuer-die-bodenverdichtung\/","og_site_name":"Maxima SpA","article_publisher":"https:\/\/www.facebook.com\/Maxima-spa-106098566139597","article_modified_time":"2023-02-22T09:05:24+00:00","og_image":[{"width":500,"height":500,"url":"https:\/\/www.maxima-dia.com\/wp-content\/uploads\/2022\/03\/MaximaSpA-logo-quadrato.jpg","type":"image\/jpeg"}],"twitter_card":"summary_large_image","twitter_site":"@Maximadia","twitter_misc":{"Gesch\u00e4tzte Lesezeit":"1\u00a0Minute"},"schema":{"@context":"https:\/\/schema.org","@graph":[{"@type":"WebPage","@id":"https:\/\/www.maxima-dia.com\/de\/baumaschinen-fuer-die-bodenverdichtung\/","url":"https:\/\/www.maxima-dia.com\/de\/baumaschinen-fuer-die-bodenverdichtung\/","name":"Baumaschinen f\u00fcr die Bodenverdichtung - Maxima SpA","isPartOf":{"@id":"https:\/\/www.maxima-dia.com\/de\/#website"},"datePublished":"2021-12-03T10:28:32+00:00","dateModified":"2023-02-22T09:05:24+00:00","description":"Baumaschinen f\u00fcr die Bodenverdichtung Vibramax","breadcrumb":{"@id":"https:\/\/www.maxima-dia.com\/de\/baumaschinen-fuer-die-bodenverdichtung\/#breadcrumb"},"inLanguage":"de","potentialAction":[{"@type":"ReadAction","target":["https:\/\/www.maxima-dia.com\/de\/baumaschinen-fuer-die-bodenverdichtung\/"]}]},{"@type":"BreadcrumbList","@id":"https:\/\/www.maxima-dia.com\/de\/baumaschinen-fuer-die-bodenverdichtung\/#breadcrumb","itemListElement":[{"@type":"ListItem","position":1,"name":"Home","item":"https:\/\/www.maxima-dia.com\/de\/"},{"@type":"ListItem","position":2,"name":"Baumaschinen f\u00fcr die Bodenverdichtung"}]},{"@type":"WebSite","@id":"https:\/\/www.maxima-dia.com\/de\/#website","url":"https:\/\/www.maxima-dia.com\/de\/","name":"Maxima SpA","description":"Only for the real professionals","potentialAction":[{"@type":"SearchAction","target":{"@type":"EntryPoint","urlTemplate":"https:\/\/www.maxima-dia.com\/de\/?s={search_term_string}"},"query-input":{"@type":"PropertyValueSpecification","valueRequired":true,"valueName":"search_term_string"}}],"inLanguage":"de"}]}},"_links":{"self":[{"href":"https:\/\/www.maxima-dia.com\/de\/wp-json\/wp\/v2\/pages\/33186"}],"collection":[{"href":"https:\/\/www.maxima-dia.com\/de\/wp-json\/wp\/v2\/pages"}],"about":[{"href":"https:\/\/www.maxima-dia.com\/de\/wp-json\/wp\/v2\/types\/page"}],"author":[{"embeddable":true,"href":"https:\/\/www.maxima-dia.com\/de\/wp-json\/wp\/v2\/users\/29"}],"replies":[{"embeddable":true,"href":"https:\/\/www.maxima-dia.com\/de\/wp-json\/wp\/v2\/comments?post=33186"}],"version-history":[{"count":0,"href":"https:\/\/www.maxima-dia.com\/de\/wp-json\/wp\/v2\/pages\/33186\/revisions"}],"wp:attachment":[{"href":"https:\/\/www.maxima-dia.com\/de\/wp-json\/wp\/v2\/media?parent=33186"}],"curies":[{"name":"wp","href":"https:\/\/api.w.org\/{rel}","templated":true}]}}