{"id":37264,"date":"2023-02-17T10:46:20","date_gmt":"2023-02-17T09:46:20","guid":{"rendered":"https:\/\/www.maxima-dia.com\/?page_id=37264"},"modified":"2023-02-17T11:22:33","modified_gmt":"2023-02-17T10:22:33","slug":"genemax-3000-is","status":"publish","type":"page","link":"https:\/\/www.maxima-dia.com\/de\/stromgeneratoren-stromaggregate\/genemax-3000-is\/","title":{"rendered":"Genemax 3000 IS"},"content":{"rendered":"<div class=\"wpb-content-wrapper\"><p>[vc_row][vc_column text_align=&#8220;center&#8220; width=&#8220;1\/4&#8243;][vc_column_text]<a href=\"https:\/\/www.maxima-dia.com\/wp-content\/uploads\/2023\/02\/GENEMAX-3000i-12-10-2022-lato-A.jpg\"><img loading=\"lazy\" decoding=\"async\" class=\"alignnone wp-image-37275 size-thumbnail\" src=\"https:\/\/www.maxima-dia.com\/wp-content\/uploads\/2023\/02\/GENEMAX-3000i-12-10-2022-lato-A-150x150.jpg\" alt=\"\" width=\"150\" height=\"150\" srcset=\"https:\/\/www.maxima-dia.com\/wp-content\/uploads\/2023\/02\/GENEMAX-3000i-12-10-2022-lato-A-150x150.jpg 150w, https:\/\/www.maxima-dia.com\/wp-content\/uploads\/2023\/02\/GENEMAX-3000i-12-10-2022-lato-A-300x300.jpg 300w, https:\/\/www.maxima-dia.com\/wp-content\/uploads\/2023\/02\/GENEMAX-3000i-12-10-2022-lato-A-1024x1024.jpg 1024w, https:\/\/www.maxima-dia.com\/wp-content\/uploads\/2023\/02\/GENEMAX-3000i-12-10-2022-lato-A-768x768.jpg 768w, https:\/\/www.maxima-dia.com\/wp-content\/uploads\/2023\/02\/GENEMAX-3000i-12-10-2022-lato-A-80x80.jpg 80w, https:\/\/www.maxima-dia.com\/wp-content\/uploads\/2023\/02\/GENEMAX-3000i-12-10-2022-lato-A-500x500.jpg 500w, https:\/\/www.maxima-dia.com\/wp-content\/uploads\/2023\/02\/GENEMAX-3000i-12-10-2022-lato-A-1000x1000.jpg 1000w, https:\/\/www.maxima-dia.com\/wp-content\/uploads\/2023\/02\/GENEMAX-3000i-12-10-2022-lato-A.jpg 1200w\" sizes=\"(max-width: 150px) 100vw, 150px\" \/><\/a><\/p>\n<p>Zertifikat&nbsp;CE[\/vc_column_text][vc_column_text css_animation=&#8220;slideInDown&#8220; el_class=&#8220;hidebuybutton&#8220;]<a href=\"https:\/\/www.storemaxima.com\/de\/stromgenerator-stromaggregat\/318-genemax-3000-is.html\" target=\"_blank\" rel=\"noopener\"><img loading=\"lazy\" decoding=\"async\" class=\"alignnone\" title=\"Kaufen Auf www.storemaxima.com\" src=\"https:\/\/www.maxima-dia.com\/wp-content\/uploads\/2019\/12\/pulsante-acquista-storemaxima.com-de.svg\" alt=\"Kaufen Auf www.storemaxima.com\" width=\"180\" height=\"80\"><\/a>[\/vc_column_text][\/vc_column][vc_column width=&#8220;3\/4&#8243;][vc_column_text]Der <strong>GENEMAX 3000 IS<\/strong> ist der kompakteste Stromaggregate der Maxima-Reihe. Er eignet sich ideal f\u00fcr die Stromversorgung selbst anspruchsvollster Ger\u00e4te, die empfindlich auf Spannungs- und Frequenzschwankungen reagieren. Dank der sorgf\u00e4ltig entwickelten Inverter technologie garantiert er eine gleichm\u00e4\u00dfige, konstante und schwankungsfreie Leistungsabgabe. Der Stromgeneratoren hat eine maximale Leistung von 2,5 kW und ist mit einem Einzylinder 4-Takt Benzinmotor mit 149 cm<sup>3<\/sup> ausgestattet.<br \/>\nDer Ger\u00e4uschpegel von nur 64,7 dB macht ihn extrem leise und umweltfreundlich in Bezug auf die L\u00e4rmbel\u00e4stigung; der Griff und das Gewicht von nur 27 kg machen ihn zu einem vielseitigen Modell, das sich auch von Hand sehr leicht bewegen und transportieren l\u00e4sst.<\/p>\n<table class=\"tabellafotocarotaggio\" style=\"width: 100.06%;\">\n<tbody>\n<tr>\n<td style=\"text-align: center; width: 25%;\"><a href=\"https:\/\/www.maxima-dia.com\/wp-content\/uploads\/2023\/02\/GENEMAX-3000i-12-10-2022-fronte.jpg\"><img loading=\"lazy\" decoding=\"async\" class=\"alignnone wp-image-37269 size-thumbnail\" src=\"https:\/\/www.maxima-dia.com\/wp-content\/uploads\/2023\/02\/GENEMAX-3000i-12-10-2022-fronte-150x150.jpg\" alt=\"\" width=\"150\" height=\"150\" srcset=\"https:\/\/www.maxima-dia.com\/wp-content\/uploads\/2023\/02\/GENEMAX-3000i-12-10-2022-fronte-150x150.jpg 150w, https:\/\/www.maxima-dia.com\/wp-content\/uploads\/2023\/02\/GENEMAX-3000i-12-10-2022-fronte-300x300.jpg 300w, https:\/\/www.maxima-dia.com\/wp-content\/uploads\/2023\/02\/GENEMAX-3000i-12-10-2022-fronte-1024x1024.jpg 1024w, https:\/\/www.maxima-dia.com\/wp-content\/uploads\/2023\/02\/GENEMAX-3000i-12-10-2022-fronte-768x768.jpg 768w, https:\/\/www.maxima-dia.com\/wp-content\/uploads\/2023\/02\/GENEMAX-3000i-12-10-2022-fronte-80x80.jpg 80w, https:\/\/www.maxima-dia.com\/wp-content\/uploads\/2023\/02\/GENEMAX-3000i-12-10-2022-fronte-500x500.jpg 500w, https:\/\/www.maxima-dia.com\/wp-content\/uploads\/2023\/02\/GENEMAX-3000i-12-10-2022-fronte-1000x1000.jpg 1000w, https:\/\/www.maxima-dia.com\/wp-content\/uploads\/2023\/02\/GENEMAX-3000i-12-10-2022-fronte.jpg 1200w\" sizes=\"(max-width: 150px) 100vw, 150px\" \/><\/a>&nbsp;<\/td>\n<td style=\"text-align: center; width: 25%;\"><a href=\"https:\/\/www.maxima-dia.com\/wp-content\/uploads\/2023\/02\/GENEMAX-3000IS-COPERCHIO-CANDELA-25-11-2022.jpg\"><img loading=\"lazy\" decoding=\"async\" class=\"alignnone wp-image-37287 size-thumbnail\" src=\"https:\/\/www.maxima-dia.com\/wp-content\/uploads\/2023\/02\/GENEMAX-3000IS-COPERCHIO-CANDELA-25-11-2022-150x150.jpg\" alt=\"\" width=\"150\" height=\"150\" srcset=\"https:\/\/www.maxima-dia.com\/wp-content\/uploads\/2023\/02\/GENEMAX-3000IS-COPERCHIO-CANDELA-25-11-2022-150x150.jpg 150w, https:\/\/www.maxima-dia.com\/wp-content\/uploads\/2023\/02\/GENEMAX-3000IS-COPERCHIO-CANDELA-25-11-2022-300x300.jpg 300w, https:\/\/www.maxima-dia.com\/wp-content\/uploads\/2023\/02\/GENEMAX-3000IS-COPERCHIO-CANDELA-25-11-2022-1024x1024.jpg 1024w, https:\/\/www.maxima-dia.com\/wp-content\/uploads\/2023\/02\/GENEMAX-3000IS-COPERCHIO-CANDELA-25-11-2022-768x768.jpg 768w, https:\/\/www.maxima-dia.com\/wp-content\/uploads\/2023\/02\/GENEMAX-3000IS-COPERCHIO-CANDELA-25-11-2022-80x80.jpg 80w, https:\/\/www.maxima-dia.com\/wp-content\/uploads\/2023\/02\/GENEMAX-3000IS-COPERCHIO-CANDELA-25-11-2022-500x500.jpg 500w, https:\/\/www.maxima-dia.com\/wp-content\/uploads\/2023\/02\/GENEMAX-3000IS-COPERCHIO-CANDELA-25-11-2022-1000x1000.jpg 1000w, https:\/\/www.maxima-dia.com\/wp-content\/uploads\/2023\/02\/GENEMAX-3000IS-COPERCHIO-CANDELA-25-11-2022.jpg 1200w\" sizes=\"(max-width: 150px) 100vw, 150px\" \/><\/a><\/td>\n<td style=\"text-align: center; width: 25%;\"><a href=\"https:\/\/www.maxima-dia.com\/wp-content\/uploads\/2023\/02\/GENEMAX-3000IS-COPERCHIO-CARICO-OLIO-25-11-2022.jpg\"><img loading=\"lazy\" decoding=\"async\" class=\"alignnone wp-image-37293 size-thumbnail\" src=\"https:\/\/www.maxima-dia.com\/wp-content\/uploads\/2023\/02\/GENEMAX-3000IS-COPERCHIO-CARICO-OLIO-25-11-2022-150x150.jpg\" alt=\"\" width=\"150\" height=\"150\" srcset=\"https:\/\/www.maxima-dia.com\/wp-content\/uploads\/2023\/02\/GENEMAX-3000IS-COPERCHIO-CARICO-OLIO-25-11-2022-150x150.jpg 150w, https:\/\/www.maxima-dia.com\/wp-content\/uploads\/2023\/02\/GENEMAX-3000IS-COPERCHIO-CARICO-OLIO-25-11-2022-300x300.jpg 300w, https:\/\/www.maxima-dia.com\/wp-content\/uploads\/2023\/02\/GENEMAX-3000IS-COPERCHIO-CARICO-OLIO-25-11-2022-1024x1024.jpg 1024w, https:\/\/www.maxima-dia.com\/wp-content\/uploads\/2023\/02\/GENEMAX-3000IS-COPERCHIO-CARICO-OLIO-25-11-2022-768x768.jpg 768w, https:\/\/www.maxima-dia.com\/wp-content\/uploads\/2023\/02\/GENEMAX-3000IS-COPERCHIO-CARICO-OLIO-25-11-2022-80x80.jpg 80w, https:\/\/www.maxima-dia.com\/wp-content\/uploads\/2023\/02\/GENEMAX-3000IS-COPERCHIO-CARICO-OLIO-25-11-2022-500x500.jpg 500w, https:\/\/www.maxima-dia.com\/wp-content\/uploads\/2023\/02\/GENEMAX-3000IS-COPERCHIO-CARICO-OLIO-25-11-2022-1000x1000.jpg 1000w, https:\/\/www.maxima-dia.com\/wp-content\/uploads\/2023\/02\/GENEMAX-3000IS-COPERCHIO-CARICO-OLIO-25-11-2022.jpg 1200w\" sizes=\"(max-width: 150px) 100vw, 150px\" \/><\/a>&nbsp;&nbsp;<\/td>\n<td style=\"text-align: center; width: 25%;\"><a href=\"https:\/\/www.maxima-dia.com\/wp-content\/uploads\/2023\/02\/GENEMAX-3000i-12-10-2022-lato-B.jpg\"><img loading=\"lazy\" decoding=\"async\" class=\"alignnone wp-image-37281 size-thumbnail\" src=\"https:\/\/www.maxima-dia.com\/wp-content\/uploads\/2023\/02\/GENEMAX-3000i-12-10-2022-lato-B-150x150.jpg\" alt=\"\" width=\"150\" height=\"150\" srcset=\"https:\/\/www.maxima-dia.com\/wp-content\/uploads\/2023\/02\/GENEMAX-3000i-12-10-2022-lato-B-150x150.jpg 150w, https:\/\/www.maxima-dia.com\/wp-content\/uploads\/2023\/02\/GENEMAX-3000i-12-10-2022-lato-B-300x300.jpg 300w, https:\/\/www.maxima-dia.com\/wp-content\/uploads\/2023\/02\/GENEMAX-3000i-12-10-2022-lato-B-1024x1024.jpg 1024w, https:\/\/www.maxima-dia.com\/wp-content\/uploads\/2023\/02\/GENEMAX-3000i-12-10-2022-lato-B-768x768.jpg 768w, https:\/\/www.maxima-dia.com\/wp-content\/uploads\/2023\/02\/GENEMAX-3000i-12-10-2022-lato-B-80x80.jpg 80w, https:\/\/www.maxima-dia.com\/wp-content\/uploads\/2023\/02\/GENEMAX-3000i-12-10-2022-lato-B-500x500.jpg 500w, https:\/\/www.maxima-dia.com\/wp-content\/uploads\/2023\/02\/GENEMAX-3000i-12-10-2022-lato-B-1000x1000.jpg 1000w, https:\/\/www.maxima-dia.com\/wp-content\/uploads\/2023\/02\/GENEMAX-3000i-12-10-2022-lato-B.jpg 1200w\" sizes=\"(max-width: 150px) 100vw, 150px\" \/><\/a><\/td>\n<\/tr>\n<\/tbody>\n<\/table>\n<p>&nbsp;<\/p>\n<table class=\"tabellatecnica\" style=\"width: 100%; height: 192px;\" border=\"0\" cellspacing=\"0\" cellpadding=\"0\">\n<thead>\n<tr style=\"height: 24px;\">\n<td class=\"testata\" style=\"width: 100%; height: 24px;\" colspan=\"2\">TECHNISCHE EIGENSCHAFTEN<\/td>\n<\/tr>\n<\/thead>\n<tbody>\n<tr style=\"height: 24px;\">\n<td class=\"coltesto1\" style=\"width: 50%; height: 24px;\">Motor (max.): 2,5 kW<\/td>\n<td class=\"coltesto2\" style=\"width: 50%; height: 24px;\">Start: Riemen<\/td>\n<\/tr>\n<tr style=\"height: 24px;\">\n<td class=\"coltesto1\" style=\"width: 50%; height: 24px;\">Generiert (kontinuierlich): 2,3 kW<\/td>\n<td class=\"coltesto2\" style=\"width: 50%; height: 24px;\">Einphasig: 230v<\/td>\n<\/tr>\n<tr style=\"height: 24px;\">\n<td class=\"coltesto1\" style=\"width: 50%; height: 24px;\">Motor\/Motorleistung: Loncin\/149 cm\u00b3<\/td>\n<td class=\"coltesto2\" style=\"width: 50%; height: 24px;\">Wechselrichter\/Avr: Wechselrichter<\/td>\n<\/tr>\n<tr style=\"height: 24px;\">\n<td class=\"coltesto2\" style=\"width: 50%; height: 24px;\">Tank: 4 Liter<\/td>\n<td class=\"coltesto2\" style=\"width: 50%; height: 24px;\">Parallelanschluss: ja<\/td>\n<\/tr>\n<tr style=\"height: 24px;\">\n<td class=\"coltesto2\" style=\"width: 50%; height: 24px;\">Gesamtgewicht der Maschine: 27 kg<\/td>\n<td class=\"coltesto2\" style=\"width: 50%; height: 24px;\">Leise: ja<\/td>\n<\/tr>\n<tr style=\"height: 24px;\">\n<td class=\"coltesto2\" style=\"width: 50%; height: 24px;\">Schalttafel (Steckdosen): 2 Schuko (16 A) + USB<\/td>\n<td class=\"coltesto2\" style=\"width: 50%; height: 24px;\">L\u00e4rm: 64,7 dB<\/td>\n<\/tr>\n<tr style=\"height: 24px;\">\n<td class=\"coltesto2\" style=\"width: 50%; height: 24px;\">Abmessungen: 565 x 339 x 467 mm<\/td>\n<td class=\"coltesto2\" style=\"width: 50%; height: 24px;\">Kraftstoff: gr\u00fcnes Benzin<\/td>\n<\/tr>\n<\/tbody>\n<\/table>\n<p>[\/vc_column_text][\/vc_column][\/vc_row]<\/p>\n<\/div>","protected":false},"excerpt":{"rendered":"<p>[vc_row][vc_column text_align=&#8220;center&#8220; width=&#8220;1\/4&#8243;][vc_column_text] Zertifikat&nbsp;CE[\/vc_column_text][vc_column_text css_animation=&#8220;slideInDown&#8220; el_class=&#8220;hidebuybutton&#8220;][\/vc_column_text][\/vc_column][vc_column width=&#8220;3\/4&#8243;][vc_column_text]Der GENEMAX 3000 IS ist der kompakteste Stromaggregate der Maxima-Reihe. Er eignet sich ideal f\u00fcr die Stromversorgung selbst anspruchsvollster Ger\u00e4te, die empfindlich auf Spannungs- und Frequenzschwankungen reagieren. Dank der sorgf\u00e4ltig entwickelten Inverter technologie garantiert er eine gleichm\u00e4\u00dfige, konstante und schwankungsfreie Leistungsabgabe. Der Stromgeneratoren hat eine maximale Leistung von 2,5 kW und ist mit einem Einzylinder 4-Takt Benzinmotor mit 149 cm3 ausgestattet. Der Ger\u00e4uschpegel von nur 64,7 dB macht ihn extrem leise und umweltfreundlich in Bezug auf die L\u00e4rmbel\u00e4stigung; der Griff und das Gewicht von nur 27 kg machen ihn zu einem vielseitigen Modell, das sich auch von Hand sehr leicht bewegen und transportieren l\u00e4sst. &nbsp; &nbsp;&nbsp; &nbsp; TECHNISCHE EIGENSCHAFTEN Motor (max.): 2,5 kW Start: Riemen Generiert (kontinuierlich): 2,3 kW Einphasig: 230v Motor\/Motorleistung: Loncin\/149 cm\u00b3 Wechselrichter\/Avr: Wechselrichter Tank: 4 Liter Parallelanschluss: ja Gesamtgewicht der Maschine: 27 kg Leise: ja Schalttafel (Steckdosen): 2 Schuko (16 A) + USB L\u00e4rm: 64,7 dB Abmessungen: 565 x 339 x 467 mm Kraftstoff: gr\u00fcnes Benzin [\/vc_column_text][\/vc_column][\/vc_row]<\/p>\n","protected":false},"author":29,"featured_media":37278,"parent":38543,"menu_order":1,"comment_status":"closed","ping_status":"closed","template":"","meta":{"ngg_post_thumbnail":0,"_joinchat":[],"footnotes":""},"class_list":["post-37264","page","type-page","status-publish","has-post-thumbnail","hentry"],"yoast_head":"<!-- This site is optimized with the Yoast SEO plugin v25.5 - https:\/\/yoast.com\/wordpress\/plugins\/seo\/ -->\n<title>Genemax 3000 IS - Maxima SpA<\/title>\n<meta name=\"description\" content=\"Stromaggregate Inverter technologie eine max Leistung von 2,5 kW mit einem Einzylinder 4-Takt Benzinmotor\" \/>\n<meta name=\"robots\" content=\"index, follow, max-snippet:-1, max-image-preview:large, max-video-preview:-1\" \/>\n<link rel=\"canonical\" href=\"https:\/\/www.maxima-dia.com\/de\/stromgeneratoren-stromaggregate\/genemax-3000-is\/\" \/>\n<meta property=\"og:locale\" content=\"de_DE\" \/>\n<meta property=\"og:type\" content=\"article\" \/>\n<meta property=\"og:title\" content=\"Genemax 3000 IS - Maxima SpA\" \/>\n<meta property=\"og:description\" content=\"Stromaggregate Inverter technologie eine max Leistung von 2,5 kW mit einem Einzylinder 4-Takt Benzinmotor\" \/>\n<meta property=\"og:url\" content=\"https:\/\/www.maxima-dia.com\/de\/stromgeneratoren-stromaggregate\/genemax-3000-is\/\" \/>\n<meta property=\"og:site_name\" content=\"Maxima SpA\" \/>\n<meta property=\"article:publisher\" content=\"https:\/\/www.facebook.com\/Maxima-spa-106098566139597\" \/>\n<meta property=\"article:modified_time\" content=\"2023-02-17T10:22:33+00:00\" \/>\n<meta property=\"og:image\" content=\"https:\/\/www.maxima-dia.com\/wp-content\/uploads\/2023\/02\/GENEMAX-3000i-12-10-2022-lato-A.jpg\" \/>\n\t<meta property=\"og:image:width\" content=\"1200\" \/>\n\t<meta property=\"og:image:height\" content=\"1200\" \/>\n\t<meta property=\"og:image:type\" content=\"image\/jpeg\" \/>\n<meta name=\"twitter:card\" content=\"summary_large_image\" \/>\n<meta name=\"twitter:site\" content=\"@Maximadia\" \/>\n<meta name=\"twitter:label1\" content=\"Gesch\u00e4tzte Lesezeit\" \/>\n\t<meta name=\"twitter:data1\" content=\"3\u00a0Minuten\" \/>\n<script type=\"application\/ld+json\" class=\"yoast-schema-graph\">{\"@context\":\"https:\/\/schema.org\",\"@graph\":[{\"@type\":\"WebPage\",\"@id\":\"https:\/\/www.maxima-dia.com\/de\/stromgeneratoren-stromaggregate\/genemax-3000-is\/\",\"url\":\"https:\/\/www.maxima-dia.com\/de\/stromgeneratoren-stromaggregate\/genemax-3000-is\/\",\"name\":\"Genemax 3000 IS - Maxima SpA\",\"isPartOf\":{\"@id\":\"https:\/\/www.maxima-dia.com\/de\/#website\"},\"primaryImageOfPage\":{\"@id\":\"https:\/\/www.maxima-dia.com\/de\/stromgeneratoren-stromaggregate\/genemax-3000-is\/#primaryimage\"},\"image\":{\"@id\":\"https:\/\/www.maxima-dia.com\/de\/stromgeneratoren-stromaggregate\/genemax-3000-is\/#primaryimage\"},\"thumbnailUrl\":\"https:\/\/www.maxima-dia.com\/wp-content\/uploads\/2023\/02\/GENEMAX-3000i-12-10-2022-lato-A.jpg\",\"datePublished\":\"2023-02-17T09:46:20+00:00\",\"dateModified\":\"2023-02-17T10:22:33+00:00\",\"description\":\"Stromaggregate Inverter technologie eine max Leistung von 2,5 kW mit einem Einzylinder 4-Takt Benzinmotor\",\"breadcrumb\":{\"@id\":\"https:\/\/www.maxima-dia.com\/de\/stromgeneratoren-stromaggregate\/genemax-3000-is\/#breadcrumb\"},\"inLanguage\":\"de\",\"potentialAction\":[{\"@type\":\"ReadAction\",\"target\":[\"https:\/\/www.maxima-dia.com\/de\/stromgeneratoren-stromaggregate\/genemax-3000-is\/\"]}]},{\"@type\":\"ImageObject\",\"inLanguage\":\"de\",\"@id\":\"https:\/\/www.maxima-dia.com\/de\/stromgeneratoren-stromaggregate\/genemax-3000-is\/#primaryimage\",\"url\":\"https:\/\/www.maxima-dia.com\/wp-content\/uploads\/2023\/02\/GENEMAX-3000i-12-10-2022-lato-A.jpg\",\"contentUrl\":\"https:\/\/www.maxima-dia.com\/wp-content\/uploads\/2023\/02\/GENEMAX-3000i-12-10-2022-lato-A.jpg\",\"width\":1200,\"height\":1200,\"caption\":\"GENEMAX 3000IS\"},{\"@type\":\"BreadcrumbList\",\"@id\":\"https:\/\/www.maxima-dia.com\/de\/stromgeneratoren-stromaggregate\/genemax-3000-is\/#breadcrumb\",\"itemListElement\":[{\"@type\":\"ListItem\",\"position\":1,\"name\":\"Home\",\"item\":\"https:\/\/www.maxima-dia.com\/de\/\"},{\"@type\":\"ListItem\",\"position\":2,\"name\":\"Stromgeneratoren Stromaggregate\",\"item\":\"https:\/\/www.maxima-dia.com\/de\/stromgeneratoren-stromaggregate\/\"},{\"@type\":\"ListItem\",\"position\":3,\"name\":\"Genemax 3000 IS\"}]},{\"@type\":\"WebSite\",\"@id\":\"https:\/\/www.maxima-dia.com\/de\/#website\",\"url\":\"https:\/\/www.maxima-dia.com\/de\/\",\"name\":\"Maxima SpA\",\"description\":\"Only for the real professionals\",\"potentialAction\":[{\"@type\":\"SearchAction\",\"target\":{\"@type\":\"EntryPoint\",\"urlTemplate\":\"https:\/\/www.maxima-dia.com\/de\/?s={search_term_string}\"},\"query-input\":{\"@type\":\"PropertyValueSpecification\",\"valueRequired\":true,\"valueName\":\"search_term_string\"}}],\"inLanguage\":\"de\"}]}<\/script>\n<!-- \/ Yoast SEO plugin. -->","yoast_head_json":{"title":"Genemax 3000 IS - Maxima SpA","description":"Stromaggregate Inverter technologie eine max Leistung von 2,5 kW mit einem Einzylinder 4-Takt Benzinmotor","robots":{"index":"index","follow":"follow","max-snippet":"max-snippet:-1","max-image-preview":"max-image-preview:large","max-video-preview":"max-video-preview:-1"},"canonical":"https:\/\/www.maxima-dia.com\/de\/stromgeneratoren-stromaggregate\/genemax-3000-is\/","og_locale":"de_DE","og_type":"article","og_title":"Genemax 3000 IS - Maxima SpA","og_description":"Stromaggregate Inverter technologie eine max Leistung von 2,5 kW mit einem Einzylinder 4-Takt Benzinmotor","og_url":"https:\/\/www.maxima-dia.com\/de\/stromgeneratoren-stromaggregate\/genemax-3000-is\/","og_site_name":"Maxima SpA","article_publisher":"https:\/\/www.facebook.com\/Maxima-spa-106098566139597","article_modified_time":"2023-02-17T10:22:33+00:00","og_image":[{"width":1200,"height":1200,"url":"https:\/\/www.maxima-dia.com\/wp-content\/uploads\/2023\/02\/GENEMAX-3000i-12-10-2022-lato-A.jpg","type":"image\/jpeg"}],"twitter_card":"summary_large_image","twitter_site":"@Maximadia","twitter_misc":{"Gesch\u00e4tzte Lesezeit":"3\u00a0Minuten"},"schema":{"@context":"https:\/\/schema.org","@graph":[{"@type":"WebPage","@id":"https:\/\/www.maxima-dia.com\/de\/stromgeneratoren-stromaggregate\/genemax-3000-is\/","url":"https:\/\/www.maxima-dia.com\/de\/stromgeneratoren-stromaggregate\/genemax-3000-is\/","name":"Genemax 3000 IS - Maxima SpA","isPartOf":{"@id":"https:\/\/www.maxima-dia.com\/de\/#website"},"primaryImageOfPage":{"@id":"https:\/\/www.maxima-dia.com\/de\/stromgeneratoren-stromaggregate\/genemax-3000-is\/#primaryimage"},"image":{"@id":"https:\/\/www.maxima-dia.com\/de\/stromgeneratoren-stromaggregate\/genemax-3000-is\/#primaryimage"},"thumbnailUrl":"https:\/\/www.maxima-dia.com\/wp-content\/uploads\/2023\/02\/GENEMAX-3000i-12-10-2022-lato-A.jpg","datePublished":"2023-02-17T09:46:20+00:00","dateModified":"2023-02-17T10:22:33+00:00","description":"Stromaggregate Inverter technologie eine max Leistung von 2,5 kW mit einem Einzylinder 4-Takt Benzinmotor","breadcrumb":{"@id":"https:\/\/www.maxima-dia.com\/de\/stromgeneratoren-stromaggregate\/genemax-3000-is\/#breadcrumb"},"inLanguage":"de","potentialAction":[{"@type":"ReadAction","target":["https:\/\/www.maxima-dia.com\/de\/stromgeneratoren-stromaggregate\/genemax-3000-is\/"]}]},{"@type":"ImageObject","inLanguage":"de","@id":"https:\/\/www.maxima-dia.com\/de\/stromgeneratoren-stromaggregate\/genemax-3000-is\/#primaryimage","url":"https:\/\/www.maxima-dia.com\/wp-content\/uploads\/2023\/02\/GENEMAX-3000i-12-10-2022-lato-A.jpg","contentUrl":"https:\/\/www.maxima-dia.com\/wp-content\/uploads\/2023\/02\/GENEMAX-3000i-12-10-2022-lato-A.jpg","width":1200,"height":1200,"caption":"GENEMAX 3000IS"},{"@type":"BreadcrumbList","@id":"https:\/\/www.maxima-dia.com\/de\/stromgeneratoren-stromaggregate\/genemax-3000-is\/#breadcrumb","itemListElement":[{"@type":"ListItem","position":1,"name":"Home","item":"https:\/\/www.maxima-dia.com\/de\/"},{"@type":"ListItem","position":2,"name":"Stromgeneratoren Stromaggregate","item":"https:\/\/www.maxima-dia.com\/de\/stromgeneratoren-stromaggregate\/"},{"@type":"ListItem","position":3,"name":"Genemax 3000 IS"}]},{"@type":"WebSite","@id":"https:\/\/www.maxima-dia.com\/de\/#website","url":"https:\/\/www.maxima-dia.com\/de\/","name":"Maxima SpA","description":"Only for the real professionals","potentialAction":[{"@type":"SearchAction","target":{"@type":"EntryPoint","urlTemplate":"https:\/\/www.maxima-dia.com\/de\/?s={search_term_string}"},"query-input":{"@type":"PropertyValueSpecification","valueRequired":true,"valueName":"search_term_string"}}],"inLanguage":"de"}]}},"_links":{"self":[{"href":"https:\/\/www.maxima-dia.com\/de\/wp-json\/wp\/v2\/pages\/37264"}],"collection":[{"href":"https:\/\/www.maxima-dia.com\/de\/wp-json\/wp\/v2\/pages"}],"about":[{"href":"https:\/\/www.maxima-dia.com\/de\/wp-json\/wp\/v2\/types\/page"}],"author":[{"embeddable":true,"href":"https:\/\/www.maxima-dia.com\/de\/wp-json\/wp\/v2\/users\/29"}],"replies":[{"embeddable":true,"href":"https:\/\/www.maxima-dia.com\/de\/wp-json\/wp\/v2\/comments?post=37264"}],"version-history":[{"count":2,"href":"https:\/\/www.maxima-dia.com\/de\/wp-json\/wp\/v2\/pages\/37264\/revisions"}],"predecessor-version":[{"id":38570,"href":"https:\/\/www.maxima-dia.com\/de\/wp-json\/wp\/v2\/pages\/37264\/revisions\/38570"}],"up":[{"embeddable":true,"href":"https:\/\/www.maxima-dia.com\/de\/wp-json\/wp\/v2\/pages\/38543"}],"wp:featuredmedia":[{"embeddable":true,"href":"https:\/\/www.maxima-dia.com\/de\/wp-json\/wp\/v2\/media\/37278"}],"wp:attachment":[{"href":"https:\/\/www.maxima-dia.com\/de\/wp-json\/wp\/v2\/media?parent=37264"}],"curies":[{"name":"wp","href":"https:\/\/api.w.org\/{rel}","templated":true}]}}