{"id":37625,"date":"2023-02-17T11:07:09","date_gmt":"2023-02-17T10:07:09","guid":{"rendered":"https:\/\/www.maxima-dia.com\/?page_id=37625"},"modified":"2023-02-17T11:22:50","modified_gmt":"2023-02-17T10:22:50","slug":"genemax-7000-is","status":"publish","type":"page","link":"https:\/\/www.maxima-dia.com\/de\/stromgeneratoren-stromaggregate\/genemax-7000-is\/","title":{"rendered":"Genemax 7000 IS"},"content":{"rendered":"<div class=\"wpb-content-wrapper\"><p>[vc_row][vc_column text_align=&#8220;center&#8220; width=&#8220;1\/4&#8243;][vc_column_text]<a href=\"https:\/\/www.maxima-dia.com\/wp-content\/uploads\/2023\/02\/GENEMAX-7000is-12-10-2022-bis.jpg\"><img loading=\"lazy\" decoding=\"async\" class=\"alignnone wp-image-37329 size-thumbnail\" src=\"https:\/\/www.maxima-dia.com\/wp-content\/uploads\/2023\/02\/GENEMAX-7000is-12-10-2022-bis-150x150.jpg\" alt=\"\" width=\"150\" height=\"150\" srcset=\"https:\/\/www.maxima-dia.com\/wp-content\/uploads\/2023\/02\/GENEMAX-7000is-12-10-2022-bis-150x150.jpg 150w, https:\/\/www.maxima-dia.com\/wp-content\/uploads\/2023\/02\/GENEMAX-7000is-12-10-2022-bis-300x300.jpg 300w, https:\/\/www.maxima-dia.com\/wp-content\/uploads\/2023\/02\/GENEMAX-7000is-12-10-2022-bis-1024x1024.jpg 1024w, https:\/\/www.maxima-dia.com\/wp-content\/uploads\/2023\/02\/GENEMAX-7000is-12-10-2022-bis-768x768.jpg 768w, https:\/\/www.maxima-dia.com\/wp-content\/uploads\/2023\/02\/GENEMAX-7000is-12-10-2022-bis-80x80.jpg 80w, https:\/\/www.maxima-dia.com\/wp-content\/uploads\/2023\/02\/GENEMAX-7000is-12-10-2022-bis-500x500.jpg 500w, https:\/\/www.maxima-dia.com\/wp-content\/uploads\/2023\/02\/GENEMAX-7000is-12-10-2022-bis-1000x1000.jpg 1000w, https:\/\/www.maxima-dia.com\/wp-content\/uploads\/2023\/02\/GENEMAX-7000is-12-10-2022-bis.jpg 1200w\" sizes=\"(max-width: 150px) 100vw, 150px\" \/><\/a><\/p>\n<p>Zertifikat&nbsp;CE[\/vc_column_text][vc_column_text css_animation=&#8220;slideInDown&#8220; el_class=&#8220;hidebuybutton&#8220;]<a href=\"https:\/\/www.storemaxima.com\/de\/stromgenerator-stromaggregat\/320-genemax-7000-is.html\" target=\"_blank\" rel=\"noopener\"><img loading=\"lazy\" decoding=\"async\" class=\"alignnone\" title=\"Kaufen Auf www.storemaxima.com\" src=\"https:\/\/www.maxima-dia.com\/wp-content\/uploads\/2019\/12\/pulsante-acquista-storemaxima.com-de.svg\" alt=\"Kaufen Auf www.storemaxima.com\" width=\"180\" height=\"80\"><\/a>[\/vc_column_text][\/vc_column][vc_column width=&#8220;3\/4&#8243;][vc_column_text]<strong>GENEMAX 7000 IS<\/strong> ist der leistungsst\u00e4rkste Stromaggregate der Maxima-Reihe mit einer Betriebsleistung von 6 kW und einer maximalen Leistung von 7 kW. Die schallged\u00e4mpfte Konstruktion senkt den Ger\u00e4uschpegel auf bis zu 70 dB, was die L\u00e4rmbel\u00e4stigung erheblich reduziert. Der Stromgeneratoren ist mit einem digitalen Display f\u00fcr die Steuerung und einer Start&amp;Stop-Starttechnologie ausgestattet. Die serienm\u00e4\u00dfigen R\u00e4der erm\u00f6glichen einen einfachen Transport und garantieren eine hervorragende Leistung in den Bereichen Handel, Camping, Outdoor-Bau und Vermietung. Dank der Inverter technologie erzeugt er Strom mit konstanter Frequenz und Spannung und eignet sich daher auch f\u00fcr anspruchsvolle elektronische Ger\u00e4te.<\/p>\n<table class=\"tabellafotocarotaggio\" style=\"width: 100.06%;\">\n<tbody>\n<tr>\n<td style=\"text-align: center; width: 25%;\"><a href=\"https:\/\/www.maxima-dia.com\/wp-content\/uploads\/2023\/02\/GENEMAX-7000is-12-10-2022-fronte.jpg\"><img loading=\"lazy\" decoding=\"async\" class=\"alignnone wp-image-37335 size-thumbnail\" src=\"https:\/\/www.maxima-dia.com\/wp-content\/uploads\/2023\/02\/GENEMAX-7000is-12-10-2022-fronte-150x150.jpg\" alt=\"\" width=\"150\" height=\"150\" srcset=\"https:\/\/www.maxima-dia.com\/wp-content\/uploads\/2023\/02\/GENEMAX-7000is-12-10-2022-fronte-150x150.jpg 150w, https:\/\/www.maxima-dia.com\/wp-content\/uploads\/2023\/02\/GENEMAX-7000is-12-10-2022-fronte-300x300.jpg 300w, https:\/\/www.maxima-dia.com\/wp-content\/uploads\/2023\/02\/GENEMAX-7000is-12-10-2022-fronte-1024x1024.jpg 1024w, https:\/\/www.maxima-dia.com\/wp-content\/uploads\/2023\/02\/GENEMAX-7000is-12-10-2022-fronte-768x768.jpg 768w, https:\/\/www.maxima-dia.com\/wp-content\/uploads\/2023\/02\/GENEMAX-7000is-12-10-2022-fronte-80x80.jpg 80w, https:\/\/www.maxima-dia.com\/wp-content\/uploads\/2023\/02\/GENEMAX-7000is-12-10-2022-fronte-500x500.jpg 500w, https:\/\/www.maxima-dia.com\/wp-content\/uploads\/2023\/02\/GENEMAX-7000is-12-10-2022-fronte-1000x1000.jpg 1000w, https:\/\/www.maxima-dia.com\/wp-content\/uploads\/2023\/02\/GENEMAX-7000is-12-10-2022-fronte.jpg 1200w\" sizes=\"(max-width: 150px) 100vw, 150px\" \/><\/a>&nbsp;<\/td>\n<td style=\"text-align: center; width: 25%;\"><a href=\"https:\/\/www.maxima-dia.com\/wp-content\/uploads\/2023\/02\/GENEMAX-7000IS-BATTERIA-14-11-2022.jpg\"><img loading=\"lazy\" decoding=\"async\" class=\"alignnone wp-image-37347 size-thumbnail\" src=\"https:\/\/www.maxima-dia.com\/wp-content\/uploads\/2023\/02\/GENEMAX-7000IS-BATTERIA-14-11-2022-150x150.jpg\" alt=\"\" width=\"150\" height=\"150\" srcset=\"https:\/\/www.maxima-dia.com\/wp-content\/uploads\/2023\/02\/GENEMAX-7000IS-BATTERIA-14-11-2022-150x150.jpg 150w, https:\/\/www.maxima-dia.com\/wp-content\/uploads\/2023\/02\/GENEMAX-7000IS-BATTERIA-14-11-2022-300x300.jpg 300w, https:\/\/www.maxima-dia.com\/wp-content\/uploads\/2023\/02\/GENEMAX-7000IS-BATTERIA-14-11-2022-1024x1024.jpg 1024w, https:\/\/www.maxima-dia.com\/wp-content\/uploads\/2023\/02\/GENEMAX-7000IS-BATTERIA-14-11-2022-768x768.jpg 768w, https:\/\/www.maxima-dia.com\/wp-content\/uploads\/2023\/02\/GENEMAX-7000IS-BATTERIA-14-11-2022-80x80.jpg 80w, https:\/\/www.maxima-dia.com\/wp-content\/uploads\/2023\/02\/GENEMAX-7000IS-BATTERIA-14-11-2022-500x500.jpg 500w, https:\/\/www.maxima-dia.com\/wp-content\/uploads\/2023\/02\/GENEMAX-7000IS-BATTERIA-14-11-2022-1000x1000.jpg 1000w, https:\/\/www.maxima-dia.com\/wp-content\/uploads\/2023\/02\/GENEMAX-7000IS-BATTERIA-14-11-2022.jpg 1200w\" sizes=\"(max-width: 150px) 100vw, 150px\" \/><\/a><\/td>\n<td style=\"text-align: center; width: 25%;\"><a href=\"https:\/\/www.maxima-dia.com\/wp-content\/uploads\/2023\/02\/GENEMAX-7000IS-COPERCHIO-LAT-DX-25-11-2022.jpg\"><img loading=\"lazy\" decoding=\"async\" class=\"alignnone wp-image-37353 size-thumbnail\" src=\"https:\/\/www.maxima-dia.com\/wp-content\/uploads\/2023\/02\/GENEMAX-7000IS-COPERCHIO-LAT-DX-25-11-2022-150x150.jpg\" alt=\"\" width=\"150\" height=\"150\" srcset=\"https:\/\/www.maxima-dia.com\/wp-content\/uploads\/2023\/02\/GENEMAX-7000IS-COPERCHIO-LAT-DX-25-11-2022-150x150.jpg 150w, https:\/\/www.maxima-dia.com\/wp-content\/uploads\/2023\/02\/GENEMAX-7000IS-COPERCHIO-LAT-DX-25-11-2022-300x300.jpg 300w, https:\/\/www.maxima-dia.com\/wp-content\/uploads\/2023\/02\/GENEMAX-7000IS-COPERCHIO-LAT-DX-25-11-2022-1024x1024.jpg 1024w, https:\/\/www.maxima-dia.com\/wp-content\/uploads\/2023\/02\/GENEMAX-7000IS-COPERCHIO-LAT-DX-25-11-2022-768x768.jpg 768w, https:\/\/www.maxima-dia.com\/wp-content\/uploads\/2023\/02\/GENEMAX-7000IS-COPERCHIO-LAT-DX-25-11-2022-80x80.jpg 80w, https:\/\/www.maxima-dia.com\/wp-content\/uploads\/2023\/02\/GENEMAX-7000IS-COPERCHIO-LAT-DX-25-11-2022-500x500.jpg 500w, https:\/\/www.maxima-dia.com\/wp-content\/uploads\/2023\/02\/GENEMAX-7000IS-COPERCHIO-LAT-DX-25-11-2022-1000x1000.jpg 1000w, https:\/\/www.maxima-dia.com\/wp-content\/uploads\/2023\/02\/GENEMAX-7000IS-COPERCHIO-LAT-DX-25-11-2022.jpg 1200w\" sizes=\"(max-width: 150px) 100vw, 150px\" \/><\/a>&nbsp;&nbsp;<\/td>\n<td style=\"text-align: center; width: 25%;\"><a href=\"https:\/\/www.maxima-dia.com\/wp-content\/uploads\/2023\/02\/GENEMAX-7000is-12-10-2022.jpg\"><img loading=\"lazy\" decoding=\"async\" class=\"alignnone wp-image-37341 size-thumbnail\" src=\"https:\/\/www.maxima-dia.com\/wp-content\/uploads\/2023\/02\/GENEMAX-7000is-12-10-2022-150x150.jpg\" alt=\"\" width=\"150\" height=\"150\" srcset=\"https:\/\/www.maxima-dia.com\/wp-content\/uploads\/2023\/02\/GENEMAX-7000is-12-10-2022-150x150.jpg 150w, https:\/\/www.maxima-dia.com\/wp-content\/uploads\/2023\/02\/GENEMAX-7000is-12-10-2022-300x300.jpg 300w, https:\/\/www.maxima-dia.com\/wp-content\/uploads\/2023\/02\/GENEMAX-7000is-12-10-2022-1024x1024.jpg 1024w, https:\/\/www.maxima-dia.com\/wp-content\/uploads\/2023\/02\/GENEMAX-7000is-12-10-2022-768x768.jpg 768w, https:\/\/www.maxima-dia.com\/wp-content\/uploads\/2023\/02\/GENEMAX-7000is-12-10-2022-80x80.jpg 80w, https:\/\/www.maxima-dia.com\/wp-content\/uploads\/2023\/02\/GENEMAX-7000is-12-10-2022-500x500.jpg 500w, https:\/\/www.maxima-dia.com\/wp-content\/uploads\/2023\/02\/GENEMAX-7000is-12-10-2022-1000x1000.jpg 1000w, https:\/\/www.maxima-dia.com\/wp-content\/uploads\/2023\/02\/GENEMAX-7000is-12-10-2022.jpg 1200w\" sizes=\"(max-width: 150px) 100vw, 150px\" \/><\/a><\/td>\n<\/tr>\n<\/tbody>\n<\/table>\n<p>&nbsp;<\/p>\n<table class=\"tabellatecnica\" style=\"width: 100%; height: 144px;\" border=\"0\" cellspacing=\"0\" cellpadding=\"0\">\n<thead>\n<tr style=\"height: 24px;\">\n<td class=\"testata\" style=\"width: 100%; height: 24px;\" colspan=\"2\">TECHNISCHE EIGENSCHAFTEN<\/td>\n<\/tr>\n<\/thead>\n<tbody>\n<tr style=\"height: 24px;\">\n<td class=\"coltesto1\" style=\"width: 50%; height: 24px;\">Motor (max.): 7 kW<\/td>\n<td class=\"coltesto2\" style=\"width: 50%; height: 24px;\">Anlasser: elektrisch<\/td>\n<\/tr>\n<tr style=\"height: 24px;\">\n<td class=\"coltesto1\" style=\"width: 50%; height: 24px;\">Generiert (kontinuierlich): 6 kW<\/td>\n<td class=\"coltesto2\" style=\"width: 50%; height: 24px;\">Einphasig: 230v<\/td>\n<\/tr>\n<tr style=\"height: 24px;\">\n<td class=\"coltesto1\" style=\"width: 50%; height: 24px;\">Motor\/Motorleistung: Loncin\/420 cm\u00b3<\/td>\n<td class=\"coltesto2\" style=\"width: 50%; height: 24px;\">Inverter\/Avr: ja<\/td>\n<\/tr>\n<tr style=\"height: 24px;\">\n<td class=\"coltesto2\" style=\"width: 50%; height: 24px;\">Tank: 25 Liter<\/td>\n<td class=\"coltesto2\" style=\"width: 50%; height: 24px;\">Parallelanschluss: ja<\/td>\n<\/tr>\n<tr style=\"height: 24px;\">\n<td class=\"coltesto2\" style=\"width: 50%; height: 24px;\">Gesamtgewicht der Maschine: 130 kg<\/td>\n<td class=\"coltesto2\" style=\"width: 50%; height: 24px;\">Leise: ja<\/td>\n<\/tr>\n<tr style=\"height: 24px;\">\n<td class=\"coltesto2\" style=\"width: 50%; height: 24px;\">Schalttafel (Steckdosen): 2 industriell (16 A) + 1 industriell (32 A) + USB<\/td>\n<td class=\"coltesto2\" style=\"width: 50%; height: 24px;\">L\u00e4rm: 70 dB<\/td>\n<\/tr>\n<tr style=\"height: 24px;\">\n<td class=\"coltesto2\" style=\"width: 50%; height: 24px;\">Abmessungen: 950 x 765 x 773 mm<\/td>\n<td class=\"coltesto2\" style=\"width: 50%; height: 24px;\">Kraftstoff: gr\u00fcnes Benzin<\/td>\n<\/tr>\n<\/tbody>\n<\/table>\n<p>[\/vc_column_text][\/vc_column][\/vc_row]<\/p>\n<\/div>","protected":false},"excerpt":{"rendered":"<p>[vc_row][vc_column text_align=&#8220;center&#8220; width=&#8220;1\/4&#8243;][vc_column_text] Zertifikat&nbsp;CE[\/vc_column_text][vc_column_text css_animation=&#8220;slideInDown&#8220; el_class=&#8220;hidebuybutton&#8220;][\/vc_column_text][\/vc_column][vc_column width=&#8220;3\/4&#8243;][vc_column_text]GENEMAX 7000 IS ist der leistungsst\u00e4rkste Stromaggregate der Maxima-Reihe mit einer Betriebsleistung von 6 kW und einer maximalen Leistung von 7 kW. Die schallged\u00e4mpfte Konstruktion senkt den Ger\u00e4uschpegel auf bis zu 70 dB, was die L\u00e4rmbel\u00e4stigung erheblich reduziert. Der Stromgeneratoren ist mit einem digitalen Display f\u00fcr die Steuerung und einer Start&amp;Stop-Starttechnologie ausgestattet. Die serienm\u00e4\u00dfigen R\u00e4der erm\u00f6glichen einen einfachen Transport und garantieren eine hervorragende Leistung in den Bereichen Handel, Camping, Outdoor-Bau und Vermietung. Dank der Inverter technologie erzeugt er Strom mit konstanter Frequenz und Spannung und eignet sich daher auch f\u00fcr anspruchsvolle elektronische Ger\u00e4te. &nbsp; &nbsp;&nbsp; &nbsp; TECHNISCHE EIGENSCHAFTEN Motor (max.): 7 kW Anlasser: elektrisch Generiert (kontinuierlich): 6 kW Einphasig: 230v Motor\/Motorleistung: Loncin\/420 cm\u00b3 Inverter\/Avr: ja Tank: 25 Liter Parallelanschluss: ja Gesamtgewicht der Maschine: 130 kg Leise: ja Schalttafel (Steckdosen): 2 industriell (16 A) + 1 industriell (32 A) + USB L\u00e4rm: 70 dB Abmessungen: 950 x 765 x 773 mm Kraftstoff: gr\u00fcnes Benzin [\/vc_column_text][\/vc_column][\/vc_row]<\/p>\n","protected":false},"author":29,"featured_media":37332,"parent":38543,"menu_order":4,"comment_status":"closed","ping_status":"closed","template":"","meta":{"ngg_post_thumbnail":0,"_joinchat":[],"footnotes":""},"class_list":["post-37625","page","type-page","status-publish","has-post-thumbnail","hentry"],"yoast_head":"<!-- This site is optimized with the Yoast SEO plugin v25.5 - https:\/\/yoast.com\/wordpress\/plugins\/seo\/ -->\n<title>Genemax 7000 IS - Maxima SpA<\/title>\n<meta name=\"description\" content=\"Stromaggregat mit einer Betriebsleistung von 6 kW und einer maximalen Leistung von 7 kW Inverter technologie erzeugt Strom konstanter Frequenz\/Spannung\" \/>\n<meta name=\"robots\" content=\"index, follow, max-snippet:-1, max-image-preview:large, max-video-preview:-1\" \/>\n<link rel=\"canonical\" href=\"https:\/\/www.maxima-dia.com\/de\/stromgeneratoren-stromaggregate\/genemax-7000-is\/\" \/>\n<meta property=\"og:locale\" content=\"de_DE\" \/>\n<meta property=\"og:type\" content=\"article\" \/>\n<meta property=\"og:title\" content=\"Genemax 7000 IS - Maxima SpA\" \/>\n<meta property=\"og:description\" content=\"Stromaggregat mit einer Betriebsleistung von 6 kW und einer maximalen Leistung von 7 kW Inverter technologie erzeugt Strom konstanter Frequenz\/Spannung\" \/>\n<meta property=\"og:url\" content=\"https:\/\/www.maxima-dia.com\/de\/stromgeneratoren-stromaggregate\/genemax-7000-is\/\" \/>\n<meta property=\"og:site_name\" content=\"Maxima SpA\" \/>\n<meta property=\"article:publisher\" content=\"https:\/\/www.facebook.com\/Maxima-spa-106098566139597\" \/>\n<meta property=\"article:modified_time\" content=\"2023-02-17T10:22:50+00:00\" \/>\n<meta property=\"og:image\" content=\"https:\/\/www.maxima-dia.com\/wp-content\/uploads\/2023\/02\/GENEMAX-7000is-12-10-2022-bis.jpg\" \/>\n\t<meta property=\"og:image:width\" content=\"1200\" \/>\n\t<meta property=\"og:image:height\" content=\"1200\" \/>\n\t<meta property=\"og:image:type\" content=\"image\/jpeg\" \/>\n<meta name=\"twitter:card\" content=\"summary_large_image\" \/>\n<meta name=\"twitter:site\" content=\"@Maximadia\" \/>\n<meta name=\"twitter:label1\" content=\"Gesch\u00e4tzte Lesezeit\" \/>\n\t<meta name=\"twitter:data1\" content=\"3\u00a0Minuten\" \/>\n<script type=\"application\/ld+json\" class=\"yoast-schema-graph\">{\"@context\":\"https:\/\/schema.org\",\"@graph\":[{\"@type\":\"WebPage\",\"@id\":\"https:\/\/www.maxima-dia.com\/de\/stromgeneratoren-stromaggregate\/genemax-7000-is\/\",\"url\":\"https:\/\/www.maxima-dia.com\/de\/stromgeneratoren-stromaggregate\/genemax-7000-is\/\",\"name\":\"Genemax 7000 IS - Maxima SpA\",\"isPartOf\":{\"@id\":\"https:\/\/www.maxima-dia.com\/de\/#website\"},\"primaryImageOfPage\":{\"@id\":\"https:\/\/www.maxima-dia.com\/de\/stromgeneratoren-stromaggregate\/genemax-7000-is\/#primaryimage\"},\"image\":{\"@id\":\"https:\/\/www.maxima-dia.com\/de\/stromgeneratoren-stromaggregate\/genemax-7000-is\/#primaryimage\"},\"thumbnailUrl\":\"https:\/\/www.maxima-dia.com\/wp-content\/uploads\/2023\/02\/GENEMAX-7000is-12-10-2022-bis.jpg\",\"datePublished\":\"2023-02-17T10:07:09+00:00\",\"dateModified\":\"2023-02-17T10:22:50+00:00\",\"description\":\"Stromaggregat mit einer Betriebsleistung von 6 kW und einer maximalen Leistung von 7 kW Inverter technologie erzeugt Strom konstanter Frequenz\/Spannung\",\"breadcrumb\":{\"@id\":\"https:\/\/www.maxima-dia.com\/de\/stromgeneratoren-stromaggregate\/genemax-7000-is\/#breadcrumb\"},\"inLanguage\":\"de\",\"potentialAction\":[{\"@type\":\"ReadAction\",\"target\":[\"https:\/\/www.maxima-dia.com\/de\/stromgeneratoren-stromaggregate\/genemax-7000-is\/\"]}]},{\"@type\":\"ImageObject\",\"inLanguage\":\"de\",\"@id\":\"https:\/\/www.maxima-dia.com\/de\/stromgeneratoren-stromaggregate\/genemax-7000-is\/#primaryimage\",\"url\":\"https:\/\/www.maxima-dia.com\/wp-content\/uploads\/2023\/02\/GENEMAX-7000is-12-10-2022-bis.jpg\",\"contentUrl\":\"https:\/\/www.maxima-dia.com\/wp-content\/uploads\/2023\/02\/GENEMAX-7000is-12-10-2022-bis.jpg\",\"width\":1200,\"height\":1200,\"caption\":\"GENEMAX 7000IS\"},{\"@type\":\"BreadcrumbList\",\"@id\":\"https:\/\/www.maxima-dia.com\/de\/stromgeneratoren-stromaggregate\/genemax-7000-is\/#breadcrumb\",\"itemListElement\":[{\"@type\":\"ListItem\",\"position\":1,\"name\":\"Home\",\"item\":\"https:\/\/www.maxima-dia.com\/de\/\"},{\"@type\":\"ListItem\",\"position\":2,\"name\":\"Stromgeneratoren Stromaggregate\",\"item\":\"https:\/\/www.maxima-dia.com\/de\/stromgeneratoren-stromaggregate\/\"},{\"@type\":\"ListItem\",\"position\":3,\"name\":\"Genemax 7000 IS\"}]},{\"@type\":\"WebSite\",\"@id\":\"https:\/\/www.maxima-dia.com\/de\/#website\",\"url\":\"https:\/\/www.maxima-dia.com\/de\/\",\"name\":\"Maxima SpA\",\"description\":\"Only for the real professionals\",\"potentialAction\":[{\"@type\":\"SearchAction\",\"target\":{\"@type\":\"EntryPoint\",\"urlTemplate\":\"https:\/\/www.maxima-dia.com\/de\/?s={search_term_string}\"},\"query-input\":{\"@type\":\"PropertyValueSpecification\",\"valueRequired\":true,\"valueName\":\"search_term_string\"}}],\"inLanguage\":\"de\"}]}<\/script>\n<!-- \/ Yoast SEO plugin. -->","yoast_head_json":{"title":"Genemax 7000 IS - Maxima SpA","description":"Stromaggregat mit einer Betriebsleistung von 6 kW und einer maximalen Leistung von 7 kW Inverter technologie erzeugt Strom konstanter Frequenz\/Spannung","robots":{"index":"index","follow":"follow","max-snippet":"max-snippet:-1","max-image-preview":"max-image-preview:large","max-video-preview":"max-video-preview:-1"},"canonical":"https:\/\/www.maxima-dia.com\/de\/stromgeneratoren-stromaggregate\/genemax-7000-is\/","og_locale":"de_DE","og_type":"article","og_title":"Genemax 7000 IS - Maxima SpA","og_description":"Stromaggregat mit einer Betriebsleistung von 6 kW und einer maximalen Leistung von 7 kW Inverter technologie erzeugt Strom konstanter Frequenz\/Spannung","og_url":"https:\/\/www.maxima-dia.com\/de\/stromgeneratoren-stromaggregate\/genemax-7000-is\/","og_site_name":"Maxima SpA","article_publisher":"https:\/\/www.facebook.com\/Maxima-spa-106098566139597","article_modified_time":"2023-02-17T10:22:50+00:00","og_image":[{"width":1200,"height":1200,"url":"https:\/\/www.maxima-dia.com\/wp-content\/uploads\/2023\/02\/GENEMAX-7000is-12-10-2022-bis.jpg","type":"image\/jpeg"}],"twitter_card":"summary_large_image","twitter_site":"@Maximadia","twitter_misc":{"Gesch\u00e4tzte Lesezeit":"3\u00a0Minuten"},"schema":{"@context":"https:\/\/schema.org","@graph":[{"@type":"WebPage","@id":"https:\/\/www.maxima-dia.com\/de\/stromgeneratoren-stromaggregate\/genemax-7000-is\/","url":"https:\/\/www.maxima-dia.com\/de\/stromgeneratoren-stromaggregate\/genemax-7000-is\/","name":"Genemax 7000 IS - Maxima SpA","isPartOf":{"@id":"https:\/\/www.maxima-dia.com\/de\/#website"},"primaryImageOfPage":{"@id":"https:\/\/www.maxima-dia.com\/de\/stromgeneratoren-stromaggregate\/genemax-7000-is\/#primaryimage"},"image":{"@id":"https:\/\/www.maxima-dia.com\/de\/stromgeneratoren-stromaggregate\/genemax-7000-is\/#primaryimage"},"thumbnailUrl":"https:\/\/www.maxima-dia.com\/wp-content\/uploads\/2023\/02\/GENEMAX-7000is-12-10-2022-bis.jpg","datePublished":"2023-02-17T10:07:09+00:00","dateModified":"2023-02-17T10:22:50+00:00","description":"Stromaggregat mit einer Betriebsleistung von 6 kW und einer maximalen Leistung von 7 kW Inverter technologie erzeugt Strom konstanter Frequenz\/Spannung","breadcrumb":{"@id":"https:\/\/www.maxima-dia.com\/de\/stromgeneratoren-stromaggregate\/genemax-7000-is\/#breadcrumb"},"inLanguage":"de","potentialAction":[{"@type":"ReadAction","target":["https:\/\/www.maxima-dia.com\/de\/stromgeneratoren-stromaggregate\/genemax-7000-is\/"]}]},{"@type":"ImageObject","inLanguage":"de","@id":"https:\/\/www.maxima-dia.com\/de\/stromgeneratoren-stromaggregate\/genemax-7000-is\/#primaryimage","url":"https:\/\/www.maxima-dia.com\/wp-content\/uploads\/2023\/02\/GENEMAX-7000is-12-10-2022-bis.jpg","contentUrl":"https:\/\/www.maxima-dia.com\/wp-content\/uploads\/2023\/02\/GENEMAX-7000is-12-10-2022-bis.jpg","width":1200,"height":1200,"caption":"GENEMAX 7000IS"},{"@type":"BreadcrumbList","@id":"https:\/\/www.maxima-dia.com\/de\/stromgeneratoren-stromaggregate\/genemax-7000-is\/#breadcrumb","itemListElement":[{"@type":"ListItem","position":1,"name":"Home","item":"https:\/\/www.maxima-dia.com\/de\/"},{"@type":"ListItem","position":2,"name":"Stromgeneratoren Stromaggregate","item":"https:\/\/www.maxima-dia.com\/de\/stromgeneratoren-stromaggregate\/"},{"@type":"ListItem","position":3,"name":"Genemax 7000 IS"}]},{"@type":"WebSite","@id":"https:\/\/www.maxima-dia.com\/de\/#website","url":"https:\/\/www.maxima-dia.com\/de\/","name":"Maxima SpA","description":"Only for the real professionals","potentialAction":[{"@type":"SearchAction","target":{"@type":"EntryPoint","urlTemplate":"https:\/\/www.maxima-dia.com\/de\/?s={search_term_string}"},"query-input":{"@type":"PropertyValueSpecification","valueRequired":true,"valueName":"search_term_string"}}],"inLanguage":"de"}]}},"_links":{"self":[{"href":"https:\/\/www.maxima-dia.com\/de\/wp-json\/wp\/v2\/pages\/37625"}],"collection":[{"href":"https:\/\/www.maxima-dia.com\/de\/wp-json\/wp\/v2\/pages"}],"about":[{"href":"https:\/\/www.maxima-dia.com\/de\/wp-json\/wp\/v2\/types\/page"}],"author":[{"embeddable":true,"href":"https:\/\/www.maxima-dia.com\/de\/wp-json\/wp\/v2\/users\/29"}],"replies":[{"embeddable":true,"href":"https:\/\/www.maxima-dia.com\/de\/wp-json\/wp\/v2\/comments?post=37625"}],"version-history":[{"count":2,"href":"https:\/\/www.maxima-dia.com\/de\/wp-json\/wp\/v2\/pages\/37625\/revisions"}],"predecessor-version":[{"id":38572,"href":"https:\/\/www.maxima-dia.com\/de\/wp-json\/wp\/v2\/pages\/37625\/revisions\/38572"}],"up":[{"embeddable":true,"href":"https:\/\/www.maxima-dia.com\/de\/wp-json\/wp\/v2\/pages\/38543"}],"wp:featuredmedia":[{"embeddable":true,"href":"https:\/\/www.maxima-dia.com\/de\/wp-json\/wp\/v2\/media\/37332"}],"wp:attachment":[{"href":"https:\/\/www.maxima-dia.com\/de\/wp-json\/wp\/v2\/media?parent=37625"}],"curies":[{"name":"wp","href":"https:\/\/api.w.org\/{rel}","templated":true}]}}