{"id":37633,"date":"2023-02-17T10:55:25","date_gmt":"2023-02-17T09:55:25","guid":{"rendered":"https:\/\/www.maxima-dia.com\/?page_id=37633"},"modified":"2023-02-17T11:22:42","modified_gmt":"2023-02-17T10:22:42","slug":"genemax-3500-is","status":"publish","type":"page","link":"https:\/\/www.maxima-dia.com\/de\/stromgeneratoren-stromaggregate\/genemax-3500-is\/","title":{"rendered":"Genemax 3500 IS"},"content":{"rendered":"<div class=\"wpb-content-wrapper\"><p>[vc_row][vc_column text_align=&#8220;center&#8220; width=&#8220;1\/4&#8243;][vc_column_text]<a href=\"https:\/\/www.maxima-dia.com\/wp-content\/uploads\/2023\/02\/GENEMAX-3500is-12-10-2022.jpg\"><img loading=\"lazy\" decoding=\"async\" class=\"alignnone wp-image-37311 size-thumbnail\" src=\"https:\/\/www.maxima-dia.com\/wp-content\/uploads\/2023\/02\/GENEMAX-3500is-12-10-2022-150x150.jpg\" alt=\"\" width=\"150\" height=\"150\" srcset=\"https:\/\/www.maxima-dia.com\/wp-content\/uploads\/2023\/02\/GENEMAX-3500is-12-10-2022-150x150.jpg 150w, https:\/\/www.maxima-dia.com\/wp-content\/uploads\/2023\/02\/GENEMAX-3500is-12-10-2022-300x300.jpg 300w, https:\/\/www.maxima-dia.com\/wp-content\/uploads\/2023\/02\/GENEMAX-3500is-12-10-2022-1024x1024.jpg 1024w, https:\/\/www.maxima-dia.com\/wp-content\/uploads\/2023\/02\/GENEMAX-3500is-12-10-2022-768x768.jpg 768w, https:\/\/www.maxima-dia.com\/wp-content\/uploads\/2023\/02\/GENEMAX-3500is-12-10-2022-80x80.jpg 80w, https:\/\/www.maxima-dia.com\/wp-content\/uploads\/2023\/02\/GENEMAX-3500is-12-10-2022-500x500.jpg 500w, https:\/\/www.maxima-dia.com\/wp-content\/uploads\/2023\/02\/GENEMAX-3500is-12-10-2022-1000x1000.jpg 1000w, https:\/\/www.maxima-dia.com\/wp-content\/uploads\/2023\/02\/GENEMAX-3500is-12-10-2022.jpg 1200w\" sizes=\"(max-width: 150px) 100vw, 150px\" \/><\/a><\/p>\n<p>Zertifikat&nbsp;CE[\/vc_column_text][vc_column_text css_animation=&#8220;slideInDown&#8220; el_class=&#8220;hidebuybutton&#8220;]<a href=\"https:\/\/www.storemaxima.com\/de\/stromgenerator-stromaggregat\/319-genemax-3500-is.html\" target=\"_blank\" rel=\"noopener\"><img loading=\"lazy\" decoding=\"async\" class=\"alignnone\" title=\"Kaufen Auf www.storemaxima.com\" src=\"https:\/\/www.maxima-dia.com\/wp-content\/uploads\/2019\/12\/pulsante-acquista-storemaxima.com-de.svg\" alt=\"Kaufen Auf www.storemaxima.com\" width=\"180\" height=\"80\"><\/a>[\/vc_column_text][\/vc_column][vc_column width=&#8220;3\/4&#8243;][vc_column_text]<strong>GENEMAX 3500 IS<\/strong> erm\u00f6glicht dank eines Systems, das die Motordrehzahl in Abh\u00e4ngigkeit von der tats\u00e4chlich verbrauchten Leistung und damit der Absorption steuert, eine Benzineinsparung von 30 % im Vergleich zu klassischen Stromaggregate. Er ist komplett schallged\u00e4mpft und mit einem Wagen f\u00fcr den einfachen Transport ausgestattet. Er hat eine maximale Leistung von 3,3 kW und einen 4-Takt-Einzylinder-Benzinmotor mit 212 cm\u00b3. Dank der Inverter technologie erzeugt er Strom mit konstanter Frequenz und Spannung und eignet sich daher auch f\u00fcr anspruchsvolle elektronische Ger\u00e4te. Es ist kompakt und wiegt nur 45 kg, verf\u00fcgt \u00fcber einen \u00dcberlastungsschutz f\u00fcr Wechsel- und Gleichstrom und ein Display mit Kontrollleuchte und Leistungsanzeige.<\/p>\n<table class=\"tabellafotocarotaggio\" style=\"width: 100.06%;\">\n<tbody>\n<tr>\n<td style=\"text-align: center; width: 25%;\"><a href=\"https:\/\/www.maxima-dia.com\/wp-content\/uploads\/2023\/02\/GENEMAX-3500is-12-10-2022-fronte.jpg\"><img loading=\"lazy\" decoding=\"async\" class=\"alignnone wp-image-37299 size-thumbnail\" src=\"https:\/\/www.maxima-dia.com\/wp-content\/uploads\/2023\/02\/GENEMAX-3500is-12-10-2022-fronte-150x150.jpg\" alt=\"\" width=\"150\" height=\"150\" srcset=\"https:\/\/www.maxima-dia.com\/wp-content\/uploads\/2023\/02\/GENEMAX-3500is-12-10-2022-fronte-150x150.jpg 150w, https:\/\/www.maxima-dia.com\/wp-content\/uploads\/2023\/02\/GENEMAX-3500is-12-10-2022-fronte-300x300.jpg 300w, https:\/\/www.maxima-dia.com\/wp-content\/uploads\/2023\/02\/GENEMAX-3500is-12-10-2022-fronte-1024x1024.jpg 1024w, https:\/\/www.maxima-dia.com\/wp-content\/uploads\/2023\/02\/GENEMAX-3500is-12-10-2022-fronte-768x768.jpg 768w, https:\/\/www.maxima-dia.com\/wp-content\/uploads\/2023\/02\/GENEMAX-3500is-12-10-2022-fronte-80x80.jpg 80w, https:\/\/www.maxima-dia.com\/wp-content\/uploads\/2023\/02\/GENEMAX-3500is-12-10-2022-fronte-500x500.jpg 500w, https:\/\/www.maxima-dia.com\/wp-content\/uploads\/2023\/02\/GENEMAX-3500is-12-10-2022-fronte-1000x1000.jpg 1000w, https:\/\/www.maxima-dia.com\/wp-content\/uploads\/2023\/02\/GENEMAX-3500is-12-10-2022-fronte.jpg 1200w\" sizes=\"(max-width: 150px) 100vw, 150px\" \/><\/a>&nbsp;<\/td>\n<td style=\"text-align: center; width: 25%;\"><a href=\"https:\/\/www.maxima-dia.com\/wp-content\/uploads\/2023\/02\/GENEMAX-3500IS-BATTERIA-14-11-2022.jpg\"><img loading=\"lazy\" decoding=\"async\" class=\"alignnone wp-image-37317 size-thumbnail\" src=\"https:\/\/www.maxima-dia.com\/wp-content\/uploads\/2023\/02\/GENEMAX-3500IS-BATTERIA-14-11-2022-150x150.jpg\" alt=\"\" width=\"150\" height=\"150\" srcset=\"https:\/\/www.maxima-dia.com\/wp-content\/uploads\/2023\/02\/GENEMAX-3500IS-BATTERIA-14-11-2022-150x150.jpg 150w, https:\/\/www.maxima-dia.com\/wp-content\/uploads\/2023\/02\/GENEMAX-3500IS-BATTERIA-14-11-2022-300x300.jpg 300w, https:\/\/www.maxima-dia.com\/wp-content\/uploads\/2023\/02\/GENEMAX-3500IS-BATTERIA-14-11-2022-1024x1024.jpg 1024w, https:\/\/www.maxima-dia.com\/wp-content\/uploads\/2023\/02\/GENEMAX-3500IS-BATTERIA-14-11-2022-768x768.jpg 768w, https:\/\/www.maxima-dia.com\/wp-content\/uploads\/2023\/02\/GENEMAX-3500IS-BATTERIA-14-11-2022-80x80.jpg 80w, https:\/\/www.maxima-dia.com\/wp-content\/uploads\/2023\/02\/GENEMAX-3500IS-BATTERIA-14-11-2022-500x500.jpg 500w, https:\/\/www.maxima-dia.com\/wp-content\/uploads\/2023\/02\/GENEMAX-3500IS-BATTERIA-14-11-2022-1000x1000.jpg 1000w, https:\/\/www.maxima-dia.com\/wp-content\/uploads\/2023\/02\/GENEMAX-3500IS-BATTERIA-14-11-2022.jpg 1200w\" sizes=\"(max-width: 150px) 100vw, 150px\" \/><\/a><\/td>\n<td style=\"text-align: center; width: 25%;\"><a href=\"https:\/\/www.maxima-dia.com\/wp-content\/uploads\/2023\/02\/GENEMAX-3500IS-COPERCHIO-OLIO-25-11-2022.jpg\"><img loading=\"lazy\" decoding=\"async\" class=\"alignnone wp-image-37323 size-thumbnail\" src=\"https:\/\/www.maxima-dia.com\/wp-content\/uploads\/2023\/02\/GENEMAX-3500IS-COPERCHIO-OLIO-25-11-2022-150x150.jpg\" alt=\"\" width=\"150\" height=\"150\" srcset=\"https:\/\/www.maxima-dia.com\/wp-content\/uploads\/2023\/02\/GENEMAX-3500IS-COPERCHIO-OLIO-25-11-2022-150x150.jpg 150w, https:\/\/www.maxima-dia.com\/wp-content\/uploads\/2023\/02\/GENEMAX-3500IS-COPERCHIO-OLIO-25-11-2022-300x300.jpg 300w, https:\/\/www.maxima-dia.com\/wp-content\/uploads\/2023\/02\/GENEMAX-3500IS-COPERCHIO-OLIO-25-11-2022-1024x1024.jpg 1024w, https:\/\/www.maxima-dia.com\/wp-content\/uploads\/2023\/02\/GENEMAX-3500IS-COPERCHIO-OLIO-25-11-2022-768x768.jpg 768w, https:\/\/www.maxima-dia.com\/wp-content\/uploads\/2023\/02\/GENEMAX-3500IS-COPERCHIO-OLIO-25-11-2022-80x80.jpg 80w, https:\/\/www.maxima-dia.com\/wp-content\/uploads\/2023\/02\/GENEMAX-3500IS-COPERCHIO-OLIO-25-11-2022-500x500.jpg 500w, https:\/\/www.maxima-dia.com\/wp-content\/uploads\/2023\/02\/GENEMAX-3500IS-COPERCHIO-OLIO-25-11-2022-1000x1000.jpg 1000w, https:\/\/www.maxima-dia.com\/wp-content\/uploads\/2023\/02\/GENEMAX-3500IS-COPERCHIO-OLIO-25-11-2022.jpg 1200w\" sizes=\"(max-width: 150px) 100vw, 150px\" \/><\/a>&nbsp;&nbsp;<\/td>\n<td style=\"text-align: center; width: 25%;\"><a href=\"https:\/\/www.maxima-dia.com\/wp-content\/uploads\/2023\/02\/GENEMAX-3500is-12-10-2022-lato-A.jpg\"><img loading=\"lazy\" decoding=\"async\" class=\"alignnone wp-image-37305 size-thumbnail\" src=\"https:\/\/www.maxima-dia.com\/wp-content\/uploads\/2023\/02\/GENEMAX-3500is-12-10-2022-lato-A-150x150.jpg\" alt=\"\" width=\"150\" height=\"150\" srcset=\"https:\/\/www.maxima-dia.com\/wp-content\/uploads\/2023\/02\/GENEMAX-3500is-12-10-2022-lato-A-150x150.jpg 150w, https:\/\/www.maxima-dia.com\/wp-content\/uploads\/2023\/02\/GENEMAX-3500is-12-10-2022-lato-A-300x300.jpg 300w, https:\/\/www.maxima-dia.com\/wp-content\/uploads\/2023\/02\/GENEMAX-3500is-12-10-2022-lato-A-1024x1024.jpg 1024w, https:\/\/www.maxima-dia.com\/wp-content\/uploads\/2023\/02\/GENEMAX-3500is-12-10-2022-lato-A-768x768.jpg 768w, https:\/\/www.maxima-dia.com\/wp-content\/uploads\/2023\/02\/GENEMAX-3500is-12-10-2022-lato-A-80x80.jpg 80w, https:\/\/www.maxima-dia.com\/wp-content\/uploads\/2023\/02\/GENEMAX-3500is-12-10-2022-lato-A-500x500.jpg 500w, https:\/\/www.maxima-dia.com\/wp-content\/uploads\/2023\/02\/GENEMAX-3500is-12-10-2022-lato-A-1000x1000.jpg 1000w, https:\/\/www.maxima-dia.com\/wp-content\/uploads\/2023\/02\/GENEMAX-3500is-12-10-2022-lato-A.jpg 1200w\" sizes=\"(max-width: 150px) 100vw, 150px\" \/><\/a><\/td>\n<\/tr>\n<\/tbody>\n<\/table>\n<p>&nbsp;<\/p>\n<table class=\"tabellatecnica\" style=\"width: 100%; height: 192px;\" border=\"0\" cellspacing=\"0\" cellpadding=\"0\">\n<thead>\n<tr style=\"height: 24px;\">\n<td class=\"testata\" style=\"width: 100%; height: 24px;\" colspan=\"2\">TECHNISCHE EIGENSCHAFTEN<\/td>\n<\/tr>\n<\/thead>\n<tbody>\n<tr style=\"height: 24px;\">\n<td class=\"coltesto1\" style=\"width: 50%; height: 24px;\">Motor (max.): 3,3 kW<\/td>\n<td class=\"coltesto2\" style=\"width: 50%; height: 24px;\">Anlasser: elektrisch + Riemen<\/td>\n<\/tr>\n<tr style=\"height: 24px;\">\n<td class=\"coltesto1\" style=\"width: 50%; height: 24px;\">Generiert (kontinuierlich): 3 kW<\/td>\n<td class=\"coltesto2\" style=\"width: 50%; height: 24px;\">Einphasig: 230 V<\/td>\n<\/tr>\n<tr style=\"height: 24px;\">\n<td class=\"coltesto1\" style=\"width: 50%; height: 24px;\">Motor\/Motorleistung: Loncin\/212 cm\u00b3<\/td>\n<td class=\"coltesto2\" style=\"width: 50%; height: 24px;\">Inverter\/Avr: ja<\/td>\n<\/tr>\n<tr style=\"height: 24px;\">\n<td class=\"coltesto2\" style=\"width: 50%; height: 24px;\">Tank: 10 Liter<\/td>\n<td class=\"coltesto2\" style=\"width: 50%; height: 24px;\">Parallelanschluss: ja<\/td>\n<\/tr>\n<tr style=\"height: 24px;\">\n<td class=\"coltesto2\" style=\"width: 50%; height: 24px;\">Gesamtgewicht der Maschine: 45 kg<\/td>\n<td class=\"coltesto2\" style=\"width: 50%; height: 24px;\">Leise: ja<\/td>\n<\/tr>\n<tr style=\"height: 24px;\">\n<td class=\"coltesto2\" style=\"width: 50%; height: 24px;\">Schalttafel (Steckdosen): 1 industriell (32 A) + 1 Schuko (16 A) + USB<\/td>\n<td class=\"coltesto2\" style=\"width: 50%; height: 24px;\">L\u00e4rm: 65 dB<\/td>\n<\/tr>\n<tr style=\"height: 24px;\">\n<td class=\"coltesto2\" style=\"width: 50%; height: 24px;\">Abmessungen: 678 x 440 x 510 mm<\/td>\n<td class=\"coltesto2\" style=\"width: 50%; height: 24px;\">Kraftstoff: Gr\u00fcnes Benzin \/ Radsatz: 4 R\u00e4der<\/td>\n<\/tr>\n<\/tbody>\n<\/table>\n<p>[\/vc_column_text][\/vc_column][\/vc_row]<\/p>\n<\/div>","protected":false},"excerpt":{"rendered":"<p>[vc_row][vc_column text_align=&#8220;center&#8220; width=&#8220;1\/4&#8243;][vc_column_text] Zertifikat&nbsp;CE[\/vc_column_text][vc_column_text css_animation=&#8220;slideInDown&#8220; el_class=&#8220;hidebuybutton&#8220;][\/vc_column_text][\/vc_column][vc_column width=&#8220;3\/4&#8243;][vc_column_text]GENEMAX 3500 IS erm\u00f6glicht dank eines Systems, das die Motordrehzahl in Abh\u00e4ngigkeit von der tats\u00e4chlich verbrauchten Leistung und damit der Absorption steuert, eine Benzineinsparung von 30 % im Vergleich zu klassischen Stromaggregate. Er ist komplett schallged\u00e4mpft und mit einem Wagen f\u00fcr den einfachen Transport ausgestattet. Er hat eine maximale Leistung von 3,3 kW und einen 4-Takt-Einzylinder-Benzinmotor mit 212 cm\u00b3. Dank der Inverter technologie erzeugt er Strom mit konstanter Frequenz und Spannung und eignet sich daher auch f\u00fcr anspruchsvolle elektronische Ger\u00e4te. Es ist kompakt und wiegt nur 45 kg, verf\u00fcgt \u00fcber einen \u00dcberlastungsschutz f\u00fcr Wechsel- und Gleichstrom und ein Display mit Kontrollleuchte und Leistungsanzeige. &nbsp; &nbsp;&nbsp; &nbsp; TECHNISCHE EIGENSCHAFTEN Motor (max.): 3,3 kW Anlasser: elektrisch + Riemen Generiert (kontinuierlich): 3 kW Einphasig: 230 V Motor\/Motorleistung: Loncin\/212 cm\u00b3 Inverter\/Avr: ja Tank: 10 Liter Parallelanschluss: ja Gesamtgewicht der Maschine: 45 kg Leise: ja Schalttafel (Steckdosen): 1 industriell (32 A) + 1 Schuko (16 A) + USB L\u00e4rm: 65 dB Abmessungen: 678 x 440 x 510 mm Kraftstoff: Gr\u00fcnes Benzin \/ Radsatz: 4 R\u00e4der [\/vc_column_text][\/vc_column][\/vc_row]<\/p>\n","protected":false},"author":29,"featured_media":37314,"parent":38543,"menu_order":2,"comment_status":"closed","ping_status":"closed","template":"","meta":{"ngg_post_thumbnail":0,"_joinchat":[],"footnotes":""},"class_list":["post-37633","page","type-page","status-publish","has-post-thumbnail","hentry"],"yoast_head":"<!-- This site is optimized with the Yoast SEO plugin v25.5 - https:\/\/yoast.com\/wordpress\/plugins\/seo\/ -->\n<title>Genemax 3500 IS - Maxima SpA<\/title>\n<meta name=\"description\" content=\"Klassischen Stromaggregate mit Inverter technologie max Leistung von 3,3 kW und einen 4-Takt-Einzylinder-Benzinmotor\" \/>\n<meta name=\"robots\" content=\"index, follow, max-snippet:-1, max-image-preview:large, max-video-preview:-1\" \/>\n<link rel=\"canonical\" href=\"https:\/\/www.maxima-dia.com\/de\/stromgeneratoren-stromaggregate\/genemax-3500-is\/\" \/>\n<meta property=\"og:locale\" content=\"de_DE\" \/>\n<meta property=\"og:type\" content=\"article\" \/>\n<meta property=\"og:title\" content=\"Genemax 3500 IS - Maxima SpA\" \/>\n<meta property=\"og:description\" content=\"Klassischen Stromaggregate mit Inverter technologie max Leistung von 3,3 kW und einen 4-Takt-Einzylinder-Benzinmotor\" \/>\n<meta property=\"og:url\" content=\"https:\/\/www.maxima-dia.com\/de\/stromgeneratoren-stromaggregate\/genemax-3500-is\/\" \/>\n<meta property=\"og:site_name\" content=\"Maxima SpA\" \/>\n<meta property=\"article:publisher\" content=\"https:\/\/www.facebook.com\/Maxima-spa-106098566139597\" \/>\n<meta property=\"article:modified_time\" content=\"2023-02-17T10:22:42+00:00\" \/>\n<meta property=\"og:image\" content=\"https:\/\/www.maxima-dia.com\/wp-content\/uploads\/2023\/02\/GENEMAX-3500is-12-10-2022.jpg\" \/>\n\t<meta property=\"og:image:width\" content=\"1200\" \/>\n\t<meta property=\"og:image:height\" content=\"1200\" \/>\n\t<meta property=\"og:image:type\" content=\"image\/jpeg\" \/>\n<meta name=\"twitter:card\" content=\"summary_large_image\" \/>\n<meta name=\"twitter:site\" content=\"@Maximadia\" \/>\n<meta name=\"twitter:label1\" content=\"Gesch\u00e4tzte Lesezeit\" \/>\n\t<meta name=\"twitter:data1\" content=\"3\u00a0Minuten\" \/>\n<script type=\"application\/ld+json\" class=\"yoast-schema-graph\">{\"@context\":\"https:\/\/schema.org\",\"@graph\":[{\"@type\":\"WebPage\",\"@id\":\"https:\/\/www.maxima-dia.com\/de\/stromgeneratoren-stromaggregate\/genemax-3500-is\/\",\"url\":\"https:\/\/www.maxima-dia.com\/de\/stromgeneratoren-stromaggregate\/genemax-3500-is\/\",\"name\":\"Genemax 3500 IS - Maxima SpA\",\"isPartOf\":{\"@id\":\"https:\/\/www.maxima-dia.com\/de\/#website\"},\"primaryImageOfPage\":{\"@id\":\"https:\/\/www.maxima-dia.com\/de\/stromgeneratoren-stromaggregate\/genemax-3500-is\/#primaryimage\"},\"image\":{\"@id\":\"https:\/\/www.maxima-dia.com\/de\/stromgeneratoren-stromaggregate\/genemax-3500-is\/#primaryimage\"},\"thumbnailUrl\":\"https:\/\/www.maxima-dia.com\/wp-content\/uploads\/2023\/02\/GENEMAX-3500is-12-10-2022.jpg\",\"datePublished\":\"2023-02-17T09:55:25+00:00\",\"dateModified\":\"2023-02-17T10:22:42+00:00\",\"description\":\"Klassischen Stromaggregate mit Inverter technologie max Leistung von 3,3 kW und einen 4-Takt-Einzylinder-Benzinmotor\",\"breadcrumb\":{\"@id\":\"https:\/\/www.maxima-dia.com\/de\/stromgeneratoren-stromaggregate\/genemax-3500-is\/#breadcrumb\"},\"inLanguage\":\"de\",\"potentialAction\":[{\"@type\":\"ReadAction\",\"target\":[\"https:\/\/www.maxima-dia.com\/de\/stromgeneratoren-stromaggregate\/genemax-3500-is\/\"]}]},{\"@type\":\"ImageObject\",\"inLanguage\":\"de\",\"@id\":\"https:\/\/www.maxima-dia.com\/de\/stromgeneratoren-stromaggregate\/genemax-3500-is\/#primaryimage\",\"url\":\"https:\/\/www.maxima-dia.com\/wp-content\/uploads\/2023\/02\/GENEMAX-3500is-12-10-2022.jpg\",\"contentUrl\":\"https:\/\/www.maxima-dia.com\/wp-content\/uploads\/2023\/02\/GENEMAX-3500is-12-10-2022.jpg\",\"width\":1200,\"height\":1200,\"caption\":\"GENEMAX 3500IS\"},{\"@type\":\"BreadcrumbList\",\"@id\":\"https:\/\/www.maxima-dia.com\/de\/stromgeneratoren-stromaggregate\/genemax-3500-is\/#breadcrumb\",\"itemListElement\":[{\"@type\":\"ListItem\",\"position\":1,\"name\":\"Home\",\"item\":\"https:\/\/www.maxima-dia.com\/de\/\"},{\"@type\":\"ListItem\",\"position\":2,\"name\":\"Stromgeneratoren Stromaggregate\",\"item\":\"https:\/\/www.maxima-dia.com\/de\/stromgeneratoren-stromaggregate\/\"},{\"@type\":\"ListItem\",\"position\":3,\"name\":\"Genemax 3500 IS\"}]},{\"@type\":\"WebSite\",\"@id\":\"https:\/\/www.maxima-dia.com\/de\/#website\",\"url\":\"https:\/\/www.maxima-dia.com\/de\/\",\"name\":\"Maxima SpA\",\"description\":\"Only for the real professionals\",\"potentialAction\":[{\"@type\":\"SearchAction\",\"target\":{\"@type\":\"EntryPoint\",\"urlTemplate\":\"https:\/\/www.maxima-dia.com\/de\/?s={search_term_string}\"},\"query-input\":{\"@type\":\"PropertyValueSpecification\",\"valueRequired\":true,\"valueName\":\"search_term_string\"}}],\"inLanguage\":\"de\"}]}<\/script>\n<!-- \/ Yoast SEO plugin. -->","yoast_head_json":{"title":"Genemax 3500 IS - Maxima SpA","description":"Klassischen Stromaggregate mit Inverter technologie max Leistung von 3,3 kW und einen 4-Takt-Einzylinder-Benzinmotor","robots":{"index":"index","follow":"follow","max-snippet":"max-snippet:-1","max-image-preview":"max-image-preview:large","max-video-preview":"max-video-preview:-1"},"canonical":"https:\/\/www.maxima-dia.com\/de\/stromgeneratoren-stromaggregate\/genemax-3500-is\/","og_locale":"de_DE","og_type":"article","og_title":"Genemax 3500 IS - Maxima SpA","og_description":"Klassischen Stromaggregate mit Inverter technologie max Leistung von 3,3 kW und einen 4-Takt-Einzylinder-Benzinmotor","og_url":"https:\/\/www.maxima-dia.com\/de\/stromgeneratoren-stromaggregate\/genemax-3500-is\/","og_site_name":"Maxima SpA","article_publisher":"https:\/\/www.facebook.com\/Maxima-spa-106098566139597","article_modified_time":"2023-02-17T10:22:42+00:00","og_image":[{"width":1200,"height":1200,"url":"https:\/\/www.maxima-dia.com\/wp-content\/uploads\/2023\/02\/GENEMAX-3500is-12-10-2022.jpg","type":"image\/jpeg"}],"twitter_card":"summary_large_image","twitter_site":"@Maximadia","twitter_misc":{"Gesch\u00e4tzte Lesezeit":"3\u00a0Minuten"},"schema":{"@context":"https:\/\/schema.org","@graph":[{"@type":"WebPage","@id":"https:\/\/www.maxima-dia.com\/de\/stromgeneratoren-stromaggregate\/genemax-3500-is\/","url":"https:\/\/www.maxima-dia.com\/de\/stromgeneratoren-stromaggregate\/genemax-3500-is\/","name":"Genemax 3500 IS - Maxima SpA","isPartOf":{"@id":"https:\/\/www.maxima-dia.com\/de\/#website"},"primaryImageOfPage":{"@id":"https:\/\/www.maxima-dia.com\/de\/stromgeneratoren-stromaggregate\/genemax-3500-is\/#primaryimage"},"image":{"@id":"https:\/\/www.maxima-dia.com\/de\/stromgeneratoren-stromaggregate\/genemax-3500-is\/#primaryimage"},"thumbnailUrl":"https:\/\/www.maxima-dia.com\/wp-content\/uploads\/2023\/02\/GENEMAX-3500is-12-10-2022.jpg","datePublished":"2023-02-17T09:55:25+00:00","dateModified":"2023-02-17T10:22:42+00:00","description":"Klassischen Stromaggregate mit Inverter technologie max Leistung von 3,3 kW und einen 4-Takt-Einzylinder-Benzinmotor","breadcrumb":{"@id":"https:\/\/www.maxima-dia.com\/de\/stromgeneratoren-stromaggregate\/genemax-3500-is\/#breadcrumb"},"inLanguage":"de","potentialAction":[{"@type":"ReadAction","target":["https:\/\/www.maxima-dia.com\/de\/stromgeneratoren-stromaggregate\/genemax-3500-is\/"]}]},{"@type":"ImageObject","inLanguage":"de","@id":"https:\/\/www.maxima-dia.com\/de\/stromgeneratoren-stromaggregate\/genemax-3500-is\/#primaryimage","url":"https:\/\/www.maxima-dia.com\/wp-content\/uploads\/2023\/02\/GENEMAX-3500is-12-10-2022.jpg","contentUrl":"https:\/\/www.maxima-dia.com\/wp-content\/uploads\/2023\/02\/GENEMAX-3500is-12-10-2022.jpg","width":1200,"height":1200,"caption":"GENEMAX 3500IS"},{"@type":"BreadcrumbList","@id":"https:\/\/www.maxima-dia.com\/de\/stromgeneratoren-stromaggregate\/genemax-3500-is\/#breadcrumb","itemListElement":[{"@type":"ListItem","position":1,"name":"Home","item":"https:\/\/www.maxima-dia.com\/de\/"},{"@type":"ListItem","position":2,"name":"Stromgeneratoren Stromaggregate","item":"https:\/\/www.maxima-dia.com\/de\/stromgeneratoren-stromaggregate\/"},{"@type":"ListItem","position":3,"name":"Genemax 3500 IS"}]},{"@type":"WebSite","@id":"https:\/\/www.maxima-dia.com\/de\/#website","url":"https:\/\/www.maxima-dia.com\/de\/","name":"Maxima SpA","description":"Only for the real professionals","potentialAction":[{"@type":"SearchAction","target":{"@type":"EntryPoint","urlTemplate":"https:\/\/www.maxima-dia.com\/de\/?s={search_term_string}"},"query-input":{"@type":"PropertyValueSpecification","valueRequired":true,"valueName":"search_term_string"}}],"inLanguage":"de"}]}},"_links":{"self":[{"href":"https:\/\/www.maxima-dia.com\/de\/wp-json\/wp\/v2\/pages\/37633"}],"collection":[{"href":"https:\/\/www.maxima-dia.com\/de\/wp-json\/wp\/v2\/pages"}],"about":[{"href":"https:\/\/www.maxima-dia.com\/de\/wp-json\/wp\/v2\/types\/page"}],"author":[{"embeddable":true,"href":"https:\/\/www.maxima-dia.com\/de\/wp-json\/wp\/v2\/users\/29"}],"replies":[{"embeddable":true,"href":"https:\/\/www.maxima-dia.com\/de\/wp-json\/wp\/v2\/comments?post=37633"}],"version-history":[{"count":2,"href":"https:\/\/www.maxima-dia.com\/de\/wp-json\/wp\/v2\/pages\/37633\/revisions"}],"predecessor-version":[{"id":38571,"href":"https:\/\/www.maxima-dia.com\/de\/wp-json\/wp\/v2\/pages\/37633\/revisions\/38571"}],"up":[{"embeddable":true,"href":"https:\/\/www.maxima-dia.com\/de\/wp-json\/wp\/v2\/pages\/38543"}],"wp:featuredmedia":[{"embeddable":true,"href":"https:\/\/www.maxima-dia.com\/de\/wp-json\/wp\/v2\/media\/37314"}],"wp:attachment":[{"href":"https:\/\/www.maxima-dia.com\/de\/wp-json\/wp\/v2\/media?parent=37633"}],"curies":[{"name":"wp","href":"https:\/\/api.w.org\/{rel}","templated":true}]}}