{"id":37678,"date":"2023-02-21T09:08:56","date_gmt":"2023-02-21T08:08:56","guid":{"rendered":"https:\/\/www.maxima-dia.com\/?page_id=37678"},"modified":"2024-09-03T10:31:47","modified_gmt":"2024-09-03T08:31:47","slug":"caromax-2000-asp","status":"publish","type":"page","link":"https:\/\/www.maxima-dia.com\/de\/bohrmaschinen\/caromax-2000-asp\/","title":{"rendered":"Caromax 2000 ASP"},"content":{"rendered":"<div class=\"wpb-content-wrapper\"><p>[vc_row][vc_column text_align=&#8220;center&#8220; width=&#8220;1\/4&#8243;][vc_column_text]<a href=\"https:\/\/www.maxima-dia.com\/wp-content\/uploads\/2023\/02\/CAROMAX-2000-ASP.jpg\"><img loading=\"lazy\" decoding=\"async\" class=\"alignnone wp-image-37727 size-thumbnail\" src=\"https:\/\/www.maxima-dia.com\/wp-content\/uploads\/2023\/02\/CAROMAX-2000-ASP-150x150.jpg\" alt=\"\" width=\"150\" height=\"150\" srcset=\"https:\/\/www.maxima-dia.com\/wp-content\/uploads\/2023\/02\/CAROMAX-2000-ASP-150x150.jpg 150w, https:\/\/www.maxima-dia.com\/wp-content\/uploads\/2023\/02\/CAROMAX-2000-ASP-300x300.jpg 300w, https:\/\/www.maxima-dia.com\/wp-content\/uploads\/2023\/02\/CAROMAX-2000-ASP-1024x1024.jpg 1024w, https:\/\/www.maxima-dia.com\/wp-content\/uploads\/2023\/02\/CAROMAX-2000-ASP-768x768.jpg 768w, https:\/\/www.maxima-dia.com\/wp-content\/uploads\/2023\/02\/CAROMAX-2000-ASP-80x80.jpg 80w, https:\/\/www.maxima-dia.com\/wp-content\/uploads\/2023\/02\/CAROMAX-2000-ASP-500x500.jpg 500w, https:\/\/www.maxima-dia.com\/wp-content\/uploads\/2023\/02\/CAROMAX-2000-ASP-1000x1000.jpg 1000w, https:\/\/www.maxima-dia.com\/wp-content\/uploads\/2023\/02\/CAROMAX-2000-ASP.jpg 1200w\" sizes=\"(max-width: 150px) 100vw, 150px\" \/><\/a><\/p>\n<p>made in EU&nbsp;<img loading=\"lazy\" decoding=\"async\" src=\"\/wp-content\/uploads\/2013\/11\/eu.png\" alt=\"eu\" width=\"24\" height=\"16\"> &#8211;&nbsp;Zertifikat&nbsp;CE[\/vc_column_text][vc_column_text css_animation=&#8220;slideInDown&#8220; el_class=&#8220;hidebuybutton&#8220;]<a href=\"https:\/\/www.storemaxima.com\/de\/bohrer-fuer-gebaeude\/322-caromax-2000-asp.html\" target=\"_blank\" rel=\"noopener\"><img loading=\"lazy\" decoding=\"async\" class=\"alignnone\" title=\"Kaufen Auf www.storemaxima.com\" src=\"https:\/\/www.maxima-dia.com\/wp-content\/uploads\/2019\/12\/pulsante-acquista-storemaxima.com-de.svg\" alt=\"Kaufen Auf www.storemaxima.com\" width=\"180\" height=\"80\"><\/a>[\/vc_column_text][\/vc_column][vc_column width=&#8220;3\/4&#8243;][vc_column_text]<strong>CAROMAX 2000 ASP<\/strong> ist die leistungsst\u00e4rkste Trockenkernbohrmaschine der Maxima-Baureihe. Sie eignet sich ideal zum Bohren von Durchgangsl\u00f6chern in Beton, Mauerwerk und Stein, von L\u00fcftungs\u00f6ffnungen, zum kontinuierlichen Bohren von Durchgangsl\u00f6chern in Sanit\u00e4r- und Klimaanlagen sowie in allen F\u00e4llen, in denen Arbeiten in sensiblen Bereichen, in denen der Einsatz von Wasser nicht erlaubt oder nicht angebracht ist, dank ihres effizienten Staubabsaugsystems.<br \/>\nDie elektronische Kupplung gew\u00e4hrleistet ein \u00e4u\u00dferst sicheres Arbeiten f\u00fcr den Benutzer und sch\u00fctzt den Motor.<br \/>\nDas Zweigang-Getriebe erm\u00f6glicht in Verbindung mit der au\u00dfergew\u00f6hnlichen Effizienz von Motor und Getriebe eine hervorragende Bohrleistung. Das Mikro-Schlagwerk unterst\u00fctzt den leistungsstarken Motor und beschleunigt den Arbeitsfortschritt. F\u00fcr den manuellen Einsatz oder auf S\u00e4ule empfehlen wir die Maxima-Bohrer f\u00fcr optimale Ergebnisse in kurzer Zeit.<\/p>\n<table class=\"tabellafotocarotaggio\" style=\"width: 100%;\">\n<tbody>\n<tr>\n<td style=\"text-align: center;\"><a href=\"https:\/\/www.maxima-dia.com\/wp-content\/uploads\/2023\/02\/CAROMAX-2000-ASP-ALTO-SENZA-FORETTO-30-11-2022.jpg\"><img loading=\"lazy\" decoding=\"async\" class=\"alignnone wp-image-37365 size-thumbnail\" src=\"https:\/\/www.maxima-dia.com\/wp-content\/uploads\/2023\/02\/CAROMAX-2000-ASP-ALTO-SENZA-FORETTO-30-11-2022-150x150.jpg\" alt=\"\" width=\"150\" height=\"150\" srcset=\"https:\/\/www.maxima-dia.com\/wp-content\/uploads\/2023\/02\/CAROMAX-2000-ASP-ALTO-SENZA-FORETTO-30-11-2022-150x150.jpg 150w, https:\/\/www.maxima-dia.com\/wp-content\/uploads\/2023\/02\/CAROMAX-2000-ASP-ALTO-SENZA-FORETTO-30-11-2022-300x300.jpg 300w, https:\/\/www.maxima-dia.com\/wp-content\/uploads\/2023\/02\/CAROMAX-2000-ASP-ALTO-SENZA-FORETTO-30-11-2022-1024x1024.jpg 1024w, https:\/\/www.maxima-dia.com\/wp-content\/uploads\/2023\/02\/CAROMAX-2000-ASP-ALTO-SENZA-FORETTO-30-11-2022-768x768.jpg 768w, https:\/\/www.maxima-dia.com\/wp-content\/uploads\/2023\/02\/CAROMAX-2000-ASP-ALTO-SENZA-FORETTO-30-11-2022-80x80.jpg 80w, https:\/\/www.maxima-dia.com\/wp-content\/uploads\/2023\/02\/CAROMAX-2000-ASP-ALTO-SENZA-FORETTO-30-11-2022-500x500.jpg 500w, https:\/\/www.maxima-dia.com\/wp-content\/uploads\/2023\/02\/CAROMAX-2000-ASP-ALTO-SENZA-FORETTO-30-11-2022-1000x1000.jpg 1000w, https:\/\/www.maxima-dia.com\/wp-content\/uploads\/2023\/02\/CAROMAX-2000-ASP-ALTO-SENZA-FORETTO-30-11-2022.jpg 1200w\" sizes=\"(max-width: 150px) 100vw, 150px\" \/><\/a><\/td>\n<td style=\"text-align: center;\"><a href=\"https:\/\/www.maxima-dia.com\/wp-content\/uploads\/2023\/02\/CAROMAX-2000-ASP-LATO-SINISTRO-SENZA-IMPUGNATURA-30-11-2022.jpg\"><img loading=\"lazy\" decoding=\"async\" class=\"alignnone wp-image-37383 size-thumbnail\" src=\"https:\/\/www.maxima-dia.com\/wp-content\/uploads\/2023\/02\/CAROMAX-2000-ASP-LATO-SINISTRO-SENZA-IMPUGNATURA-30-11-2022-150x150.jpg\" alt=\"\" width=\"150\" height=\"150\" srcset=\"https:\/\/www.maxima-dia.com\/wp-content\/uploads\/2023\/02\/CAROMAX-2000-ASP-LATO-SINISTRO-SENZA-IMPUGNATURA-30-11-2022-150x150.jpg 150w, https:\/\/www.maxima-dia.com\/wp-content\/uploads\/2023\/02\/CAROMAX-2000-ASP-LATO-SINISTRO-SENZA-IMPUGNATURA-30-11-2022-300x300.jpg 300w, https:\/\/www.maxima-dia.com\/wp-content\/uploads\/2023\/02\/CAROMAX-2000-ASP-LATO-SINISTRO-SENZA-IMPUGNATURA-30-11-2022-1024x1024.jpg 1024w, https:\/\/www.maxima-dia.com\/wp-content\/uploads\/2023\/02\/CAROMAX-2000-ASP-LATO-SINISTRO-SENZA-IMPUGNATURA-30-11-2022-768x768.jpg 768w, https:\/\/www.maxima-dia.com\/wp-content\/uploads\/2023\/02\/CAROMAX-2000-ASP-LATO-SINISTRO-SENZA-IMPUGNATURA-30-11-2022-80x80.jpg 80w, https:\/\/www.maxima-dia.com\/wp-content\/uploads\/2023\/02\/CAROMAX-2000-ASP-LATO-SINISTRO-SENZA-IMPUGNATURA-30-11-2022-500x500.jpg 500w, https:\/\/www.maxima-dia.com\/wp-content\/uploads\/2023\/02\/CAROMAX-2000-ASP-LATO-SINISTRO-SENZA-IMPUGNATURA-30-11-2022-1000x1000.jpg 1000w, https:\/\/www.maxima-dia.com\/wp-content\/uploads\/2023\/02\/CAROMAX-2000-ASP-LATO-SINISTRO-SENZA-IMPUGNATURA-30-11-2022.jpg 1200w\" sizes=\"(max-width: 150px) 100vw, 150px\" \/><\/a><\/td>\n<td style=\"text-align: center;\"><a href=\"https:\/\/www.maxima-dia.com\/wp-content\/uploads\/2023\/02\/CAROMAX-2000-ASP-LATO-SINISTRO-CON-IMPUGNATURA-30-11-2022.jpg\"><img loading=\"lazy\" decoding=\"async\" class=\"alignnone wp-image-37377 size-thumbnail\" src=\"https:\/\/www.maxima-dia.com\/wp-content\/uploads\/2023\/02\/CAROMAX-2000-ASP-LATO-SINISTRO-CON-IMPUGNATURA-30-11-2022-150x150.jpg\" alt=\"\" width=\"150\" height=\"150\" srcset=\"https:\/\/www.maxima-dia.com\/wp-content\/uploads\/2023\/02\/CAROMAX-2000-ASP-LATO-SINISTRO-CON-IMPUGNATURA-30-11-2022-150x150.jpg 150w, https:\/\/www.maxima-dia.com\/wp-content\/uploads\/2023\/02\/CAROMAX-2000-ASP-LATO-SINISTRO-CON-IMPUGNATURA-30-11-2022-300x300.jpg 300w, https:\/\/www.maxima-dia.com\/wp-content\/uploads\/2023\/02\/CAROMAX-2000-ASP-LATO-SINISTRO-CON-IMPUGNATURA-30-11-2022-1024x1024.jpg 1024w, https:\/\/www.maxima-dia.com\/wp-content\/uploads\/2023\/02\/CAROMAX-2000-ASP-LATO-SINISTRO-CON-IMPUGNATURA-30-11-2022-768x768.jpg 768w, https:\/\/www.maxima-dia.com\/wp-content\/uploads\/2023\/02\/CAROMAX-2000-ASP-LATO-SINISTRO-CON-IMPUGNATURA-30-11-2022-80x80.jpg 80w, https:\/\/www.maxima-dia.com\/wp-content\/uploads\/2023\/02\/CAROMAX-2000-ASP-LATO-SINISTRO-CON-IMPUGNATURA-30-11-2022-500x500.jpg 500w, https:\/\/www.maxima-dia.com\/wp-content\/uploads\/2023\/02\/CAROMAX-2000-ASP-LATO-SINISTRO-CON-IMPUGNATURA-30-11-2022-1000x1000.jpg 1000w, https:\/\/www.maxima-dia.com\/wp-content\/uploads\/2023\/02\/CAROMAX-2000-ASP-LATO-SINISTRO-CON-IMPUGNATURA-30-11-2022.jpg 1200w\" sizes=\"(max-width: 150px) 100vw, 150px\" \/><\/a>&nbsp;<\/td>\n<td style=\"text-align: center;\"><a href=\"https:\/\/www.maxima-dia.com\/wp-content\/uploads\/2023\/02\/CAROMAX-2000-ASP-PARTICOLARE-IMPUGNATURA-03-05-12-2022.jpg\"><img loading=\"lazy\" decoding=\"async\" class=\"alignnone wp-image-37389 size-thumbnail\" src=\"https:\/\/www.maxima-dia.com\/wp-content\/uploads\/2023\/02\/CAROMAX-2000-ASP-PARTICOLARE-IMPUGNATURA-03-05-12-2022-150x150.jpg\" alt=\"\" width=\"150\" height=\"150\" srcset=\"https:\/\/www.maxima-dia.com\/wp-content\/uploads\/2023\/02\/CAROMAX-2000-ASP-PARTICOLARE-IMPUGNATURA-03-05-12-2022-150x150.jpg 150w, https:\/\/www.maxima-dia.com\/wp-content\/uploads\/2023\/02\/CAROMAX-2000-ASP-PARTICOLARE-IMPUGNATURA-03-05-12-2022-300x300.jpg 300w, https:\/\/www.maxima-dia.com\/wp-content\/uploads\/2023\/02\/CAROMAX-2000-ASP-PARTICOLARE-IMPUGNATURA-03-05-12-2022-1024x1024.jpg 1024w, https:\/\/www.maxima-dia.com\/wp-content\/uploads\/2023\/02\/CAROMAX-2000-ASP-PARTICOLARE-IMPUGNATURA-03-05-12-2022-768x768.jpg 768w, https:\/\/www.maxima-dia.com\/wp-content\/uploads\/2023\/02\/CAROMAX-2000-ASP-PARTICOLARE-IMPUGNATURA-03-05-12-2022-80x80.jpg 80w, https:\/\/www.maxima-dia.com\/wp-content\/uploads\/2023\/02\/CAROMAX-2000-ASP-PARTICOLARE-IMPUGNATURA-03-05-12-2022-500x500.jpg 500w, https:\/\/www.maxima-dia.com\/wp-content\/uploads\/2023\/02\/CAROMAX-2000-ASP-PARTICOLARE-IMPUGNATURA-03-05-12-2022-1000x1000.jpg 1000w, https:\/\/www.maxima-dia.com\/wp-content\/uploads\/2023\/02\/CAROMAX-2000-ASP-PARTICOLARE-IMPUGNATURA-03-05-12-2022.jpg 1200w\" sizes=\"(max-width: 150px) 100vw, 150px\" \/><\/a>&nbsp;<\/td>\n<td style=\"text-align: center;\"><a href=\"https:\/\/www.maxima-dia.com\/wp-content\/uploads\/2023\/02\/CAROMAX-2000-ASP-IMPUGNATURE.jpg\"><img loading=\"lazy\" decoding=\"async\" class=\"alignnone wp-image-37371 size-thumbnail\" src=\"https:\/\/www.maxima-dia.com\/wp-content\/uploads\/2023\/02\/CAROMAX-2000-ASP-IMPUGNATURE-150x150.jpg\" alt=\"\" width=\"150\" height=\"150\" srcset=\"https:\/\/www.maxima-dia.com\/wp-content\/uploads\/2023\/02\/CAROMAX-2000-ASP-IMPUGNATURE-150x150.jpg 150w, https:\/\/www.maxima-dia.com\/wp-content\/uploads\/2023\/02\/CAROMAX-2000-ASP-IMPUGNATURE-300x300.jpg 300w, https:\/\/www.maxima-dia.com\/wp-content\/uploads\/2023\/02\/CAROMAX-2000-ASP-IMPUGNATURE-1024x1024.jpg 1024w, https:\/\/www.maxima-dia.com\/wp-content\/uploads\/2023\/02\/CAROMAX-2000-ASP-IMPUGNATURE-768x768.jpg 768w, https:\/\/www.maxima-dia.com\/wp-content\/uploads\/2023\/02\/CAROMAX-2000-ASP-IMPUGNATURE-80x80.jpg 80w, https:\/\/www.maxima-dia.com\/wp-content\/uploads\/2023\/02\/CAROMAX-2000-ASP-IMPUGNATURE-500x500.jpg 500w, https:\/\/www.maxima-dia.com\/wp-content\/uploads\/2023\/02\/CAROMAX-2000-ASP-IMPUGNATURE-1000x1000.jpg 1000w, https:\/\/www.maxima-dia.com\/wp-content\/uploads\/2023\/02\/CAROMAX-2000-ASP-IMPUGNATURE.jpg 1200w\" sizes=\"(max-width: 150px) 100vw, 150px\" \/><\/a><\/td>\n<\/tr>\n<\/tbody>\n<\/table>\n<p>&nbsp;<\/p>\n<table class=\"tabellatecnica\" border=\"0\" cellspacing=\"0\" cellpadding=\"0\">\n<thead>\n<tr>\n<td class=\"testata\" colspan=\"2\">TECHNISCHE EIGENSCHAFTEN<\/td>\n<\/tr>\n<\/thead>\n<tbody>\n<tr>\n<td class=\"coltesto1\">Motorleistung: 2000 W<\/td>\n<td class=\"coltesto2\">Durchmesser: 30-162mm manuell \/ 30-250mm an der S\u00e4ule<\/td>\n<\/tr>\n<tr>\n<td class=\"coltesto1\">Einphasig: 230 V<\/td>\n<td class=\"coltesto2\">Gesamtgewicht der Maschine: 6,2 kg<\/td>\n<\/tr>\n<tr>\n<td class=\"coltesto1\">Stromst\u00e4rke: 9,3 Ampere<\/td>\n<td class=\"coltesto2\">Elektronische Kupplung: ja<\/td>\n<\/tr>\n<tr>\n<td class=\"coltesto1\">Einstellung der Drehzahl: 2 Geschwindigkeiten<\/td>\n<td class=\"coltesto2\">Motorschutz: &#8222;intellitronic&#8220;<\/td>\n<\/tr>\n<tr>\n<td class=\"coltesto1\">Leerlaufdrehzahl: 900\/2.000<\/td>\n<td class=\"coltesto2\">Mikroschlagwerk: 34.000<\/td>\n<\/tr>\n<tr>\n<td class=\"coltesto1\">Drehzahl unter Last: 540\/1200<\/td>\n<td class=\"coltesto2\">Mikroschlagwerk: 0,1 Joule<\/td>\n<\/tr>\n<tr>\n<td class=\"coltesto1\">Anschluss: 1\/2 gas und 1&#8220;1\/4<\/td>\n<td class=\"coltesto2\">&nbsp;<\/td>\n<\/tr>\n<\/tbody>\n<\/table>\n<p>[\/vc_column_text][\/vc_column][\/vc_row]<\/p>\n<\/div>","protected":false},"excerpt":{"rendered":"<p>[vc_row][vc_column text_align=&#8220;center&#8220; width=&#8220;1\/4&#8243;][vc_column_text] made in EU&nbsp; &#8211;&nbsp;Zertifikat&nbsp;CE[\/vc_column_text][vc_column_text css_animation=&#8220;slideInDown&#8220; el_class=&#8220;hidebuybutton&#8220;][\/vc_column_text][\/vc_column][vc_column width=&#8220;3\/4&#8243;][vc_column_text]CAROMAX 2000 ASP ist die leistungsst\u00e4rkste Trockenkernbohrmaschine der Maxima-Baureihe. Sie eignet sich ideal zum Bohren von Durchgangsl\u00f6chern in Beton, Mauerwerk und Stein, von L\u00fcftungs\u00f6ffnungen, zum kontinuierlichen Bohren von Durchgangsl\u00f6chern in Sanit\u00e4r- und Klimaanlagen sowie in allen F\u00e4llen, in denen Arbeiten in sensiblen Bereichen, in denen der Einsatz von Wasser nicht erlaubt oder nicht angebracht ist, dank ihres effizienten Staubabsaugsystems. Die elektronische Kupplung gew\u00e4hrleistet ein \u00e4u\u00dferst sicheres Arbeiten f\u00fcr den Benutzer und sch\u00fctzt den Motor. Das Zweigang-Getriebe erm\u00f6glicht in Verbindung mit der au\u00dfergew\u00f6hnlichen Effizienz von Motor und Getriebe eine hervorragende Bohrleistung. Das Mikro-Schlagwerk unterst\u00fctzt den leistungsstarken Motor und beschleunigt den Arbeitsfortschritt. F\u00fcr den manuellen Einsatz oder auf S\u00e4ule empfehlen wir die Maxima-Bohrer f\u00fcr optimale Ergebnisse in kurzer Zeit. &nbsp; &nbsp; &nbsp; TECHNISCHE EIGENSCHAFTEN Motorleistung: 2000 W Durchmesser: 30-162mm manuell \/ 30-250mm an der S\u00e4ule Einphasig: 230 V Gesamtgewicht der Maschine: 6,2 kg Stromst\u00e4rke: 9,3 Ampere Elektronische Kupplung: ja Einstellung der Drehzahl: 2 Geschwindigkeiten Motorschutz: &#8222;intellitronic&#8220; Leerlaufdrehzahl: 900\/2.000 Mikroschlagwerk: 34.000 Drehzahl unter Last: 540\/1200 Mikroschlagwerk: 0,1 Joule Anschluss: 1\/2 gas und 1&#8220;1\/4 &nbsp; [\/vc_column_text][\/vc_column][\/vc_row]<\/p>\n","protected":false},"author":29,"featured_media":37730,"parent":12466,"menu_order":7,"comment_status":"closed","ping_status":"closed","template":"","meta":{"ngg_post_thumbnail":0,"_joinchat":[],"footnotes":""},"class_list":["post-37678","page","type-page","status-publish","has-post-thumbnail","hentry"],"yoast_head":"<!-- This site is optimized with the Yoast SEO plugin v25.5 - https:\/\/yoast.com\/wordpress\/plugins\/seo\/ -->\n<title>Caromax 2000 ASP - Maxima SpA<\/title>\n<meta name=\"description\" content=\"Leistungsst\u00e4rkste Trockenkernbohrmaschine Bohren von Durchgangsl\u00f6chern in Beton Mauerwerk Stein L\u00fcftungs\u00f6ffnungen kontinuierlichen Bohren Durchgangsl\u00f6chern Sanit\u00e4r- Klimaanlagen in denen Arbeiten in sensiblen Bereichen\" \/>\n<meta name=\"robots\" content=\"index, follow, max-snippet:-1, max-image-preview:large, max-video-preview:-1\" \/>\n<link rel=\"canonical\" href=\"https:\/\/www.maxima-dia.com\/de\/bohrmaschinen\/caromax-2000-asp\/\" \/>\n<meta property=\"og:locale\" content=\"de_DE\" \/>\n<meta property=\"og:type\" content=\"article\" \/>\n<meta property=\"og:title\" content=\"Caromax 2000 ASP - Maxima SpA\" \/>\n<meta property=\"og:description\" content=\"Leistungsst\u00e4rkste Trockenkernbohrmaschine Bohren von Durchgangsl\u00f6chern in Beton Mauerwerk Stein L\u00fcftungs\u00f6ffnungen kontinuierlichen Bohren Durchgangsl\u00f6chern Sanit\u00e4r- Klimaanlagen in denen Arbeiten in sensiblen Bereichen\" \/>\n<meta property=\"og:url\" content=\"https:\/\/www.maxima-dia.com\/de\/bohrmaschinen\/caromax-2000-asp\/\" \/>\n<meta property=\"og:site_name\" content=\"Maxima SpA\" \/>\n<meta property=\"article:publisher\" content=\"https:\/\/www.facebook.com\/Maxima-spa-106098566139597\" \/>\n<meta property=\"article:modified_time\" content=\"2024-09-03T08:31:47+00:00\" \/>\n<meta property=\"og:image\" content=\"https:\/\/www.maxima-dia.com\/wp-content\/uploads\/2023\/02\/CAROMAX-2000-ASP.jpg\" \/>\n\t<meta property=\"og:image:width\" content=\"1200\" \/>\n\t<meta property=\"og:image:height\" content=\"1200\" \/>\n\t<meta property=\"og:image:type\" content=\"image\/jpeg\" \/>\n<meta name=\"twitter:card\" content=\"summary_large_image\" \/>\n<meta name=\"twitter:site\" content=\"@Maximadia\" \/>\n<meta name=\"twitter:label1\" content=\"Gesch\u00e4tzte Lesezeit\" \/>\n\t<meta name=\"twitter:data1\" content=\"3\u00a0Minuten\" \/>\n<script type=\"application\/ld+json\" class=\"yoast-schema-graph\">{\"@context\":\"https:\/\/schema.org\",\"@graph\":[{\"@type\":\"WebPage\",\"@id\":\"https:\/\/www.maxima-dia.com\/de\/bohrmaschinen\/caromax-2000-asp\/\",\"url\":\"https:\/\/www.maxima-dia.com\/de\/bohrmaschinen\/caromax-2000-asp\/\",\"name\":\"Caromax 2000 ASP - Maxima SpA\",\"isPartOf\":{\"@id\":\"https:\/\/www.maxima-dia.com\/de\/#website\"},\"primaryImageOfPage\":{\"@id\":\"https:\/\/www.maxima-dia.com\/de\/bohrmaschinen\/caromax-2000-asp\/#primaryimage\"},\"image\":{\"@id\":\"https:\/\/www.maxima-dia.com\/de\/bohrmaschinen\/caromax-2000-asp\/#primaryimage\"},\"thumbnailUrl\":\"https:\/\/www.maxima-dia.com\/wp-content\/uploads\/2023\/02\/CAROMAX-2000-ASP.jpg\",\"datePublished\":\"2023-02-21T08:08:56+00:00\",\"dateModified\":\"2024-09-03T08:31:47+00:00\",\"description\":\"Leistungsst\u00e4rkste Trockenkernbohrmaschine Bohren von Durchgangsl\u00f6chern in Beton Mauerwerk Stein L\u00fcftungs\u00f6ffnungen kontinuierlichen Bohren Durchgangsl\u00f6chern Sanit\u00e4r- Klimaanlagen in denen Arbeiten in sensiblen Bereichen\",\"breadcrumb\":{\"@id\":\"https:\/\/www.maxima-dia.com\/de\/bohrmaschinen\/caromax-2000-asp\/#breadcrumb\"},\"inLanguage\":\"de\",\"potentialAction\":[{\"@type\":\"ReadAction\",\"target\":[\"https:\/\/www.maxima-dia.com\/de\/bohrmaschinen\/caromax-2000-asp\/\"]}]},{\"@type\":\"ImageObject\",\"inLanguage\":\"de\",\"@id\":\"https:\/\/www.maxima-dia.com\/de\/bohrmaschinen\/caromax-2000-asp\/#primaryimage\",\"url\":\"https:\/\/www.maxima-dia.com\/wp-content\/uploads\/2023\/02\/CAROMAX-2000-ASP.jpg\",\"contentUrl\":\"https:\/\/www.maxima-dia.com\/wp-content\/uploads\/2023\/02\/CAROMAX-2000-ASP.jpg\",\"width\":1200,\"height\":1200},{\"@type\":\"BreadcrumbList\",\"@id\":\"https:\/\/www.maxima-dia.com\/de\/bohrmaschinen\/caromax-2000-asp\/#breadcrumb\",\"itemListElement\":[{\"@type\":\"ListItem\",\"position\":1,\"name\":\"Home\",\"item\":\"https:\/\/www.maxima-dia.com\/de\/\"},{\"@type\":\"ListItem\",\"position\":2,\"name\":\"Bohrmaschinen\",\"item\":\"https:\/\/www.maxima-dia.com\/de\/bohrmaschinen\/\"},{\"@type\":\"ListItem\",\"position\":3,\"name\":\"Caromax 2000 ASP\"}]},{\"@type\":\"WebSite\",\"@id\":\"https:\/\/www.maxima-dia.com\/de\/#website\",\"url\":\"https:\/\/www.maxima-dia.com\/de\/\",\"name\":\"Maxima SpA\",\"description\":\"Only for the real professionals\",\"potentialAction\":[{\"@type\":\"SearchAction\",\"target\":{\"@type\":\"EntryPoint\",\"urlTemplate\":\"https:\/\/www.maxima-dia.com\/de\/?s={search_term_string}\"},\"query-input\":{\"@type\":\"PropertyValueSpecification\",\"valueRequired\":true,\"valueName\":\"search_term_string\"}}],\"inLanguage\":\"de\"}]}<\/script>\n<!-- \/ Yoast SEO plugin. -->","yoast_head_json":{"title":"Caromax 2000 ASP - Maxima SpA","description":"Leistungsst\u00e4rkste Trockenkernbohrmaschine Bohren von Durchgangsl\u00f6chern in Beton Mauerwerk Stein L\u00fcftungs\u00f6ffnungen kontinuierlichen Bohren Durchgangsl\u00f6chern Sanit\u00e4r- Klimaanlagen in denen Arbeiten in sensiblen Bereichen","robots":{"index":"index","follow":"follow","max-snippet":"max-snippet:-1","max-image-preview":"max-image-preview:large","max-video-preview":"max-video-preview:-1"},"canonical":"https:\/\/www.maxima-dia.com\/de\/bohrmaschinen\/caromax-2000-asp\/","og_locale":"de_DE","og_type":"article","og_title":"Caromax 2000 ASP - Maxima SpA","og_description":"Leistungsst\u00e4rkste Trockenkernbohrmaschine Bohren von Durchgangsl\u00f6chern in Beton Mauerwerk Stein L\u00fcftungs\u00f6ffnungen kontinuierlichen Bohren Durchgangsl\u00f6chern Sanit\u00e4r- Klimaanlagen in denen Arbeiten in sensiblen Bereichen","og_url":"https:\/\/www.maxima-dia.com\/de\/bohrmaschinen\/caromax-2000-asp\/","og_site_name":"Maxima SpA","article_publisher":"https:\/\/www.facebook.com\/Maxima-spa-106098566139597","article_modified_time":"2024-09-03T08:31:47+00:00","og_image":[{"width":1200,"height":1200,"url":"https:\/\/www.maxima-dia.com\/wp-content\/uploads\/2023\/02\/CAROMAX-2000-ASP.jpg","type":"image\/jpeg"}],"twitter_card":"summary_large_image","twitter_site":"@Maximadia","twitter_misc":{"Gesch\u00e4tzte Lesezeit":"3\u00a0Minuten"},"schema":{"@context":"https:\/\/schema.org","@graph":[{"@type":"WebPage","@id":"https:\/\/www.maxima-dia.com\/de\/bohrmaschinen\/caromax-2000-asp\/","url":"https:\/\/www.maxima-dia.com\/de\/bohrmaschinen\/caromax-2000-asp\/","name":"Caromax 2000 ASP - Maxima SpA","isPartOf":{"@id":"https:\/\/www.maxima-dia.com\/de\/#website"},"primaryImageOfPage":{"@id":"https:\/\/www.maxima-dia.com\/de\/bohrmaschinen\/caromax-2000-asp\/#primaryimage"},"image":{"@id":"https:\/\/www.maxima-dia.com\/de\/bohrmaschinen\/caromax-2000-asp\/#primaryimage"},"thumbnailUrl":"https:\/\/www.maxima-dia.com\/wp-content\/uploads\/2023\/02\/CAROMAX-2000-ASP.jpg","datePublished":"2023-02-21T08:08:56+00:00","dateModified":"2024-09-03T08:31:47+00:00","description":"Leistungsst\u00e4rkste Trockenkernbohrmaschine Bohren von Durchgangsl\u00f6chern in Beton Mauerwerk Stein L\u00fcftungs\u00f6ffnungen kontinuierlichen Bohren Durchgangsl\u00f6chern Sanit\u00e4r- Klimaanlagen in denen Arbeiten in sensiblen Bereichen","breadcrumb":{"@id":"https:\/\/www.maxima-dia.com\/de\/bohrmaschinen\/caromax-2000-asp\/#breadcrumb"},"inLanguage":"de","potentialAction":[{"@type":"ReadAction","target":["https:\/\/www.maxima-dia.com\/de\/bohrmaschinen\/caromax-2000-asp\/"]}]},{"@type":"ImageObject","inLanguage":"de","@id":"https:\/\/www.maxima-dia.com\/de\/bohrmaschinen\/caromax-2000-asp\/#primaryimage","url":"https:\/\/www.maxima-dia.com\/wp-content\/uploads\/2023\/02\/CAROMAX-2000-ASP.jpg","contentUrl":"https:\/\/www.maxima-dia.com\/wp-content\/uploads\/2023\/02\/CAROMAX-2000-ASP.jpg","width":1200,"height":1200},{"@type":"BreadcrumbList","@id":"https:\/\/www.maxima-dia.com\/de\/bohrmaschinen\/caromax-2000-asp\/#breadcrumb","itemListElement":[{"@type":"ListItem","position":1,"name":"Home","item":"https:\/\/www.maxima-dia.com\/de\/"},{"@type":"ListItem","position":2,"name":"Bohrmaschinen","item":"https:\/\/www.maxima-dia.com\/de\/bohrmaschinen\/"},{"@type":"ListItem","position":3,"name":"Caromax 2000 ASP"}]},{"@type":"WebSite","@id":"https:\/\/www.maxima-dia.com\/de\/#website","url":"https:\/\/www.maxima-dia.com\/de\/","name":"Maxima SpA","description":"Only for the real professionals","potentialAction":[{"@type":"SearchAction","target":{"@type":"EntryPoint","urlTemplate":"https:\/\/www.maxima-dia.com\/de\/?s={search_term_string}"},"query-input":{"@type":"PropertyValueSpecification","valueRequired":true,"valueName":"search_term_string"}}],"inLanguage":"de"}]}},"_links":{"self":[{"href":"https:\/\/www.maxima-dia.com\/de\/wp-json\/wp\/v2\/pages\/37678"}],"collection":[{"href":"https:\/\/www.maxima-dia.com\/de\/wp-json\/wp\/v2\/pages"}],"about":[{"href":"https:\/\/www.maxima-dia.com\/de\/wp-json\/wp\/v2\/types\/page"}],"author":[{"embeddable":true,"href":"https:\/\/www.maxima-dia.com\/de\/wp-json\/wp\/v2\/users\/29"}],"replies":[{"embeddable":true,"href":"https:\/\/www.maxima-dia.com\/de\/wp-json\/wp\/v2\/comments?post=37678"}],"version-history":[{"count":3,"href":"https:\/\/www.maxima-dia.com\/de\/wp-json\/wp\/v2\/pages\/37678\/revisions"}],"predecessor-version":[{"id":44097,"href":"https:\/\/www.maxima-dia.com\/de\/wp-json\/wp\/v2\/pages\/37678\/revisions\/44097"}],"up":[{"embeddable":true,"href":"https:\/\/www.maxima-dia.com\/de\/wp-json\/wp\/v2\/pages\/12466"}],"wp:featuredmedia":[{"embeddable":true,"href":"https:\/\/www.maxima-dia.com\/de\/wp-json\/wp\/v2\/media\/37730"}],"wp:attachment":[{"href":"https:\/\/www.maxima-dia.com\/de\/wp-json\/wp\/v2\/media?parent=37678"}],"curies":[{"name":"wp","href":"https:\/\/api.w.org\/{rel}","templated":true}]}}