{"id":38948,"date":"2023-03-07T11:32:39","date_gmt":"2023-03-07T10:32:39","guid":{"rendered":"https:\/\/www.maxima-dia.com\/?page_id=38948"},"modified":"2023-03-07T11:33:11","modified_gmt":"2023-03-07T10:33:11","slug":"schwarze-bohrkrone-fuer-holz","status":"publish","type":"page","link":"https:\/\/www.maxima-dia.com\/de\/trockenes-kernbohren\/schwarze-bohrkrone-fuer-holz\/","title":{"rendered":"Schwarze Bohrkrone f\u00fcr Holz"},"content":{"rendered":"<div class=\"wpb-content-wrapper\"><p>[vc_row][vc_column text_align=&#8220;center&#8220; width=&#8220;1\/4&#8243;][vc_column_text]<a href=\"https:\/\/www.maxima-dia.com\/wp-content\/uploads\/2023\/02\/CAROMAX-2001-ASP-FORETTO-MEDIO.jpg\" rel=\"g1\"><img loading=\"lazy\" decoding=\"async\" class=\"alignnone wp-image-37431 size-thumbnail\" src=\"https:\/\/www.maxima-dia.com\/wp-content\/uploads\/2023\/02\/CAROMAX-2001-ASP-FORETTO-MEDIO-150x150.jpg\" alt=\"CAROMAX 2001 FORETTO PICCOLO\" width=\"150\" height=\"150\" srcset=\"https:\/\/www.maxima-dia.com\/wp-content\/uploads\/2023\/02\/CAROMAX-2001-ASP-FORETTO-MEDIO-150x150.jpg 150w, https:\/\/www.maxima-dia.com\/wp-content\/uploads\/2023\/02\/CAROMAX-2001-ASP-FORETTO-MEDIO-300x300.jpg 300w, https:\/\/www.maxima-dia.com\/wp-content\/uploads\/2023\/02\/CAROMAX-2001-ASP-FORETTO-MEDIO-1024x1024.jpg 1024w, https:\/\/www.maxima-dia.com\/wp-content\/uploads\/2023\/02\/CAROMAX-2001-ASP-FORETTO-MEDIO-768x768.jpg 768w, https:\/\/www.maxima-dia.com\/wp-content\/uploads\/2023\/02\/CAROMAX-2001-ASP-FORETTO-MEDIO-80x80.jpg 80w, https:\/\/www.maxima-dia.com\/wp-content\/uploads\/2023\/02\/CAROMAX-2001-ASP-FORETTO-MEDIO-500x500.jpg 500w, https:\/\/www.maxima-dia.com\/wp-content\/uploads\/2023\/02\/CAROMAX-2001-ASP-FORETTO-MEDIO-1000x1000.jpg 1000w, https:\/\/www.maxima-dia.com\/wp-content\/uploads\/2023\/02\/CAROMAX-2001-ASP-FORETTO-MEDIO.jpg 1200w\" sizes=\"(max-width: 150px) 100vw, 150px\" \/><\/a>[\/vc_column_text][vc_column_text css_animation=&#8220;slideInDown&#8220; el_class=&#8220;hidebuybutton&#8220;]<a href=\"https:\/\/www.storemaxima.com\/de\/trockenes-diamantbohrkrone-kernbohrung\/328-schwarze-bohrkrone-fuer-holz.html\" target=\"_blank\" rel=\"noopener\"><img loading=\"lazy\" decoding=\"async\" class=\"alignnone\" title=\"Kaufen Auf www.storemaxima.com\" src=\"https:\/\/www.maxima-dia.com\/wp-content\/uploads\/2019\/12\/pulsante-acquista-storemaxima.com-de.svg\" alt=\"Kaufen Auf www.storemaxima.com\" width=\"180\" height=\"80\"><\/a>[\/vc_column_text][\/vc_column][vc_column width=&#8220;3\/4&#8243;][vc_column_text]<\/p>\n<div id=\"main-product-wrapper\" class=\"product-container\">\n<div class=\"row product-info-row\">\n<div class=\"col-md-8 col-product-info\">\n<div id=\"col-product-info\">\n<div class=\"product-information\">\n<div class=\"product-actions\">\n<div class=\"tabs product-tabs\">\n<div id=\"product-infos-tabs-content\" class=\"tab-content\">\n<div id=\"description\" class=\"tab-pane in active\">\n<div class=\"product-description\">\n<div class=\"rte-content\">\n<p>Die <strong>SCHWARZE BOHRKRONE F\u00dcR HOLZ<\/strong> erm\u00f6glicht das Bohren von L\u00f6chern f\u00fcr den Einbau in Massivholzdecken in Rohre f\u00fcr Dunstabzugshauben, Abluftrohre, W\u00e4schesch\u00e4chte, von L\u00f6chern in Wandd\u00e4mmplatten, in Brettschichtholz f\u00fcr Heizungsrohre, von L\u00f6chern f\u00fcr Durchf\u00fchrungen in der Dachhaut f\u00fcr Schornsteine, L\u00fcftung und nat\u00fcrliche Beleuchtung.<\/p>\n<p><strong>L\u00e4nge der Bohrkrone: 300 mm<\/strong><\/p>\n<p>\u00dfSchnelles Bohren und enorme Zeitersparnis dank innovativer Schneidetechnik. Bohrtiefe auch in Massivholz bis zu 300 mm. Hervorragende Qualit\u00e4t des Lochrandes, leichte Entnahme des Kerns aus der Bohrkrone, sauberes, s\u00e4gemehlfreies Bohren mit Absaugung, manuelles Bohren aller wichtigen Durchmesser mit <a href=\"https:\/\/www.maxima-dia.com\/de\/bohrmaschinen\/caromax-2001\/\">Kernbohrer CAROMAX 2001<\/a>. Bei Verwendung des Schnellzentrierstempels f\u00fcr Holz ist keine Vorbohrung erforderlich PICE01L<\/p>\n<\/div>\n<\/div>\n<\/div>\n<\/div>\n<\/div>\n<\/div>\n<\/div>\n<\/div>\n<\/div>\n<\/div>\n<\/div>\n<section class=\"product-accessories block block-section\"><\/section>\n<p>[\/vc_column_text][\/vc_column][\/vc_row]<\/p>\n<\/div>","protected":false},"excerpt":{"rendered":"<p>[vc_row][vc_column text_align=&#8220;center&#8220; width=&#8220;1\/4&#8243;][vc_column_text][\/vc_column_text][vc_column_text css_animation=&#8220;slideInDown&#8220; el_class=&#8220;hidebuybutton&#8220;][\/vc_column_text][\/vc_column][vc_column width=&#8220;3\/4&#8243;][vc_column_text] Die SCHWARZE BOHRKRONE F\u00dcR HOLZ erm\u00f6glicht das Bohren von L\u00f6chern f\u00fcr den Einbau in Massivholzdecken in Rohre f\u00fcr Dunstabzugshauben, Abluftrohre, W\u00e4schesch\u00e4chte, von L\u00f6chern in Wandd\u00e4mmplatten, in Brettschichtholz f\u00fcr Heizungsrohre, von L\u00f6chern f\u00fcr Durchf\u00fchrungen in der Dachhaut f\u00fcr Schornsteine, L\u00fcftung und nat\u00fcrliche Beleuchtung. L\u00e4nge der Bohrkrone: 300 mm \u00dfSchnelles Bohren und enorme Zeitersparnis dank innovativer Schneidetechnik. Bohrtiefe auch in Massivholz bis zu 300 mm. Hervorragende Qualit\u00e4t des Lochrandes, leichte Entnahme des Kerns aus der Bohrkrone, sauberes, s\u00e4gemehlfreies Bohren mit Absaugung, manuelles Bohren aller wichtigen Durchmesser mit Kernbohrer CAROMAX 2001. Bei Verwendung des Schnellzentrierstempels f\u00fcr Holz ist keine Vorbohrung erforderlich PICE01L [\/vc_column_text][\/vc_column][\/vc_row]<\/p>\n","protected":false},"author":29,"featured_media":37434,"parent":12425,"menu_order":12,"comment_status":"closed","ping_status":"closed","template":"","meta":{"ngg_post_thumbnail":0,"_joinchat":[],"footnotes":""},"class_list":["post-38948","page","type-page","status-publish","has-post-thumbnail","hentry"],"yoast_head":"<!-- This site is optimized with the Yoast SEO plugin v25.5 - https:\/\/yoast.com\/wordpress\/plugins\/seo\/ -->\n<title>Schwarze Bohrkrone f\u00fcr Holz - Maxima SpA<\/title>\n<meta name=\"description\" content=\"Erm\u00f6glicht das Bohren von L\u00f6chern f\u00fcr den Einbau in Massivholzdecken in Rohre f\u00fcr Dunstabzugshauben Abluftrohre W\u00e4schesch\u00e4chte\" \/>\n<meta name=\"robots\" content=\"index, follow, max-snippet:-1, max-image-preview:large, max-video-preview:-1\" \/>\n<link rel=\"canonical\" href=\"https:\/\/www.maxima-dia.com\/de\/trockenes-kernbohren\/schwarze-bohrkrone-fuer-holz\/\" \/>\n<meta property=\"og:locale\" content=\"de_DE\" \/>\n<meta property=\"og:type\" content=\"article\" \/>\n<meta property=\"og:title\" content=\"Schwarze Bohrkrone f\u00fcr Holz - Maxima SpA\" \/>\n<meta property=\"og:description\" content=\"Erm\u00f6glicht das Bohren von L\u00f6chern f\u00fcr den Einbau in Massivholzdecken in Rohre f\u00fcr Dunstabzugshauben Abluftrohre W\u00e4schesch\u00e4chte\" \/>\n<meta property=\"og:url\" content=\"https:\/\/www.maxima-dia.com\/de\/trockenes-kernbohren\/schwarze-bohrkrone-fuer-holz\/\" \/>\n<meta property=\"og:site_name\" content=\"Maxima SpA\" \/>\n<meta property=\"article:publisher\" content=\"https:\/\/www.facebook.com\/Maxima-spa-106098566139597\" \/>\n<meta property=\"article:modified_time\" content=\"2023-03-07T10:33:11+00:00\" \/>\n<meta property=\"og:image\" content=\"https:\/\/www.maxima-dia.com\/wp-content\/uploads\/2023\/02\/CAROMAX-2001-ASP-FORETTO-MEDIO.jpg\" \/>\n\t<meta property=\"og:image:width\" content=\"1200\" \/>\n\t<meta property=\"og:image:height\" content=\"1200\" \/>\n\t<meta property=\"og:image:type\" content=\"image\/jpeg\" \/>\n<meta name=\"twitter:card\" content=\"summary_large_image\" \/>\n<meta name=\"twitter:site\" content=\"@Maximadia\" \/>\n<meta name=\"twitter:label1\" content=\"Gesch\u00e4tzte Lesezeit\" \/>\n\t<meta name=\"twitter:data1\" content=\"12\u00a0Minuten\" \/>\n<script type=\"application\/ld+json\" class=\"yoast-schema-graph\">{\"@context\":\"https:\/\/schema.org\",\"@graph\":[{\"@type\":\"WebPage\",\"@id\":\"https:\/\/www.maxima-dia.com\/de\/trockenes-kernbohren\/schwarze-bohrkrone-fuer-holz\/\",\"url\":\"https:\/\/www.maxima-dia.com\/de\/trockenes-kernbohren\/schwarze-bohrkrone-fuer-holz\/\",\"name\":\"Schwarze Bohrkrone f\u00fcr Holz - Maxima SpA\",\"isPartOf\":{\"@id\":\"https:\/\/www.maxima-dia.com\/de\/#website\"},\"primaryImageOfPage\":{\"@id\":\"https:\/\/www.maxima-dia.com\/de\/trockenes-kernbohren\/schwarze-bohrkrone-fuer-holz\/#primaryimage\"},\"image\":{\"@id\":\"https:\/\/www.maxima-dia.com\/de\/trockenes-kernbohren\/schwarze-bohrkrone-fuer-holz\/#primaryimage\"},\"thumbnailUrl\":\"https:\/\/www.maxima-dia.com\/wp-content\/uploads\/2023\/02\/CAROMAX-2001-ASP-FORETTO-MEDIO.jpg\",\"datePublished\":\"2023-03-07T10:32:39+00:00\",\"dateModified\":\"2023-03-07T10:33:11+00:00\",\"description\":\"Erm\u00f6glicht das Bohren von L\u00f6chern f\u00fcr den Einbau in Massivholzdecken in Rohre f\u00fcr Dunstabzugshauben Abluftrohre W\u00e4schesch\u00e4chte\",\"breadcrumb\":{\"@id\":\"https:\/\/www.maxima-dia.com\/de\/trockenes-kernbohren\/schwarze-bohrkrone-fuer-holz\/#breadcrumb\"},\"inLanguage\":\"de\",\"potentialAction\":[{\"@type\":\"ReadAction\",\"target\":[\"https:\/\/www.maxima-dia.com\/de\/trockenes-kernbohren\/schwarze-bohrkrone-fuer-holz\/\"]}]},{\"@type\":\"ImageObject\",\"inLanguage\":\"de\",\"@id\":\"https:\/\/www.maxima-dia.com\/de\/trockenes-kernbohren\/schwarze-bohrkrone-fuer-holz\/#primaryimage\",\"url\":\"https:\/\/www.maxima-dia.com\/wp-content\/uploads\/2023\/02\/CAROMAX-2001-ASP-FORETTO-MEDIO.jpg\",\"contentUrl\":\"https:\/\/www.maxima-dia.com\/wp-content\/uploads\/2023\/02\/CAROMAX-2001-ASP-FORETTO-MEDIO.jpg\",\"width\":1200,\"height\":1200,\"caption\":\"CAROMAX 2001\"},{\"@type\":\"BreadcrumbList\",\"@id\":\"https:\/\/www.maxima-dia.com\/de\/trockenes-kernbohren\/schwarze-bohrkrone-fuer-holz\/#breadcrumb\",\"itemListElement\":[{\"@type\":\"ListItem\",\"position\":1,\"name\":\"Home\",\"item\":\"https:\/\/www.maxima-dia.com\/de\/\"},{\"@type\":\"ListItem\",\"position\":2,\"name\":\"Trockenes Kernbohren\",\"item\":\"https:\/\/www.maxima-dia.com\/de\/trockenes-kernbohren\/\"},{\"@type\":\"ListItem\",\"position\":3,\"name\":\"Schwarze Bohrkrone f\u00fcr Holz\"}]},{\"@type\":\"WebSite\",\"@id\":\"https:\/\/www.maxima-dia.com\/de\/#website\",\"url\":\"https:\/\/www.maxima-dia.com\/de\/\",\"name\":\"Maxima SpA\",\"description\":\"Only for the real professionals\",\"potentialAction\":[{\"@type\":\"SearchAction\",\"target\":{\"@type\":\"EntryPoint\",\"urlTemplate\":\"https:\/\/www.maxima-dia.com\/de\/?s={search_term_string}\"},\"query-input\":{\"@type\":\"PropertyValueSpecification\",\"valueRequired\":true,\"valueName\":\"search_term_string\"}}],\"inLanguage\":\"de\"}]}<\/script>\n<!-- \/ Yoast SEO plugin. -->","yoast_head_json":{"title":"Schwarze Bohrkrone f\u00fcr Holz - Maxima SpA","description":"Erm\u00f6glicht das Bohren von L\u00f6chern f\u00fcr den Einbau in Massivholzdecken in Rohre f\u00fcr Dunstabzugshauben Abluftrohre W\u00e4schesch\u00e4chte","robots":{"index":"index","follow":"follow","max-snippet":"max-snippet:-1","max-image-preview":"max-image-preview:large","max-video-preview":"max-video-preview:-1"},"canonical":"https:\/\/www.maxima-dia.com\/de\/trockenes-kernbohren\/schwarze-bohrkrone-fuer-holz\/","og_locale":"de_DE","og_type":"article","og_title":"Schwarze Bohrkrone f\u00fcr Holz - Maxima SpA","og_description":"Erm\u00f6glicht das Bohren von L\u00f6chern f\u00fcr den Einbau in Massivholzdecken in Rohre f\u00fcr Dunstabzugshauben Abluftrohre W\u00e4schesch\u00e4chte","og_url":"https:\/\/www.maxima-dia.com\/de\/trockenes-kernbohren\/schwarze-bohrkrone-fuer-holz\/","og_site_name":"Maxima SpA","article_publisher":"https:\/\/www.facebook.com\/Maxima-spa-106098566139597","article_modified_time":"2023-03-07T10:33:11+00:00","og_image":[{"width":1200,"height":1200,"url":"https:\/\/www.maxima-dia.com\/wp-content\/uploads\/2023\/02\/CAROMAX-2001-ASP-FORETTO-MEDIO.jpg","type":"image\/jpeg"}],"twitter_card":"summary_large_image","twitter_site":"@Maximadia","twitter_misc":{"Gesch\u00e4tzte Lesezeit":"12\u00a0Minuten"},"schema":{"@context":"https:\/\/schema.org","@graph":[{"@type":"WebPage","@id":"https:\/\/www.maxima-dia.com\/de\/trockenes-kernbohren\/schwarze-bohrkrone-fuer-holz\/","url":"https:\/\/www.maxima-dia.com\/de\/trockenes-kernbohren\/schwarze-bohrkrone-fuer-holz\/","name":"Schwarze Bohrkrone f\u00fcr Holz - Maxima SpA","isPartOf":{"@id":"https:\/\/www.maxima-dia.com\/de\/#website"},"primaryImageOfPage":{"@id":"https:\/\/www.maxima-dia.com\/de\/trockenes-kernbohren\/schwarze-bohrkrone-fuer-holz\/#primaryimage"},"image":{"@id":"https:\/\/www.maxima-dia.com\/de\/trockenes-kernbohren\/schwarze-bohrkrone-fuer-holz\/#primaryimage"},"thumbnailUrl":"https:\/\/www.maxima-dia.com\/wp-content\/uploads\/2023\/02\/CAROMAX-2001-ASP-FORETTO-MEDIO.jpg","datePublished":"2023-03-07T10:32:39+00:00","dateModified":"2023-03-07T10:33:11+00:00","description":"Erm\u00f6glicht das Bohren von L\u00f6chern f\u00fcr den Einbau in Massivholzdecken in Rohre f\u00fcr Dunstabzugshauben Abluftrohre W\u00e4schesch\u00e4chte","breadcrumb":{"@id":"https:\/\/www.maxima-dia.com\/de\/trockenes-kernbohren\/schwarze-bohrkrone-fuer-holz\/#breadcrumb"},"inLanguage":"de","potentialAction":[{"@type":"ReadAction","target":["https:\/\/www.maxima-dia.com\/de\/trockenes-kernbohren\/schwarze-bohrkrone-fuer-holz\/"]}]},{"@type":"ImageObject","inLanguage":"de","@id":"https:\/\/www.maxima-dia.com\/de\/trockenes-kernbohren\/schwarze-bohrkrone-fuer-holz\/#primaryimage","url":"https:\/\/www.maxima-dia.com\/wp-content\/uploads\/2023\/02\/CAROMAX-2001-ASP-FORETTO-MEDIO.jpg","contentUrl":"https:\/\/www.maxima-dia.com\/wp-content\/uploads\/2023\/02\/CAROMAX-2001-ASP-FORETTO-MEDIO.jpg","width":1200,"height":1200,"caption":"CAROMAX 2001"},{"@type":"BreadcrumbList","@id":"https:\/\/www.maxima-dia.com\/de\/trockenes-kernbohren\/schwarze-bohrkrone-fuer-holz\/#breadcrumb","itemListElement":[{"@type":"ListItem","position":1,"name":"Home","item":"https:\/\/www.maxima-dia.com\/de\/"},{"@type":"ListItem","position":2,"name":"Trockenes Kernbohren","item":"https:\/\/www.maxima-dia.com\/de\/trockenes-kernbohren\/"},{"@type":"ListItem","position":3,"name":"Schwarze Bohrkrone f\u00fcr Holz"}]},{"@type":"WebSite","@id":"https:\/\/www.maxima-dia.com\/de\/#website","url":"https:\/\/www.maxima-dia.com\/de\/","name":"Maxima SpA","description":"Only for the real professionals","potentialAction":[{"@type":"SearchAction","target":{"@type":"EntryPoint","urlTemplate":"https:\/\/www.maxima-dia.com\/de\/?s={search_term_string}"},"query-input":{"@type":"PropertyValueSpecification","valueRequired":true,"valueName":"search_term_string"}}],"inLanguage":"de"}]}},"_links":{"self":[{"href":"https:\/\/www.maxima-dia.com\/de\/wp-json\/wp\/v2\/pages\/38948"}],"collection":[{"href":"https:\/\/www.maxima-dia.com\/de\/wp-json\/wp\/v2\/pages"}],"about":[{"href":"https:\/\/www.maxima-dia.com\/de\/wp-json\/wp\/v2\/types\/page"}],"author":[{"embeddable":true,"href":"https:\/\/www.maxima-dia.com\/de\/wp-json\/wp\/v2\/users\/29"}],"replies":[{"embeddable":true,"href":"https:\/\/www.maxima-dia.com\/de\/wp-json\/wp\/v2\/comments?post=38948"}],"version-history":[{"count":2,"href":"https:\/\/www.maxima-dia.com\/de\/wp-json\/wp\/v2\/pages\/38948\/revisions"}],"predecessor-version":[{"id":38963,"href":"https:\/\/www.maxima-dia.com\/de\/wp-json\/wp\/v2\/pages\/38948\/revisions\/38963"}],"up":[{"embeddable":true,"href":"https:\/\/www.maxima-dia.com\/de\/wp-json\/wp\/v2\/pages\/12425"}],"wp:featuredmedia":[{"embeddable":true,"href":"https:\/\/www.maxima-dia.com\/de\/wp-json\/wp\/v2\/media\/37434"}],"wp:attachment":[{"href":"https:\/\/www.maxima-dia.com\/de\/wp-json\/wp\/v2\/media?parent=38948"}],"curies":[{"name":"wp","href":"https:\/\/api.w.org\/{rel}","templated":true}]}}