{"id":38976,"date":"2023-03-07T11:57:54","date_gmt":"2023-03-07T10:57:54","guid":{"rendered":"https:\/\/www.maxima-dia.com\/?page_id=38976"},"modified":"2023-03-07T11:57:54","modified_gmt":"2023-03-07T10:57:54","slug":"schwarze-bohrkrone-fuer-kunststoff","status":"publish","type":"page","link":"https:\/\/www.maxima-dia.com\/de\/trockenes-kernbohren\/schwarze-bohrkrone-fuer-kunststoff\/","title":{"rendered":"Schwarze Bohrkrone f\u00fcr Kunststoff"},"content":{"rendered":"<div class=\"wpb-content-wrapper\"><p>[vc_row][vc_column text_align=&#8220;center&#8220; width=&#8220;1\/4&#8243;][vc_column_text]<a href=\"https:\/\/www.maxima-dia.com\/wp-content\/uploads\/2023\/02\/CAROMAX-2001-ASP-FORETTO-GRANDE.jpg\" rel=\"g1\"><img loading=\"lazy\" decoding=\"async\" class=\"alignnone wp-image-37425 size-thumbnail\" src=\"https:\/\/www.maxima-dia.com\/wp-content\/uploads\/2023\/02\/CAROMAX-2001-ASP-FORETTO-GRANDE-150x150.jpg\" alt=\"CAROMAX 2001 FORETTO GRANDE\" width=\"150\" height=\"150\" srcset=\"https:\/\/www.maxima-dia.com\/wp-content\/uploads\/2023\/02\/CAROMAX-2001-ASP-FORETTO-GRANDE-150x150.jpg 150w, https:\/\/www.maxima-dia.com\/wp-content\/uploads\/2023\/02\/CAROMAX-2001-ASP-FORETTO-GRANDE-300x300.jpg 300w, https:\/\/www.maxima-dia.com\/wp-content\/uploads\/2023\/02\/CAROMAX-2001-ASP-FORETTO-GRANDE-1024x1024.jpg 1024w, https:\/\/www.maxima-dia.com\/wp-content\/uploads\/2023\/02\/CAROMAX-2001-ASP-FORETTO-GRANDE-768x768.jpg 768w, https:\/\/www.maxima-dia.com\/wp-content\/uploads\/2023\/02\/CAROMAX-2001-ASP-FORETTO-GRANDE-80x80.jpg 80w, https:\/\/www.maxima-dia.com\/wp-content\/uploads\/2023\/02\/CAROMAX-2001-ASP-FORETTO-GRANDE-500x500.jpg 500w, https:\/\/www.maxima-dia.com\/wp-content\/uploads\/2023\/02\/CAROMAX-2001-ASP-FORETTO-GRANDE-1000x1000.jpg 1000w, https:\/\/www.maxima-dia.com\/wp-content\/uploads\/2023\/02\/CAROMAX-2001-ASP-FORETTO-GRANDE.jpg 1200w\" sizes=\"(max-width: 150px) 100vw, 150px\" \/><\/a>[\/vc_column_text][vc_column_text css_animation=&#8220;slideInDown&#8220; el_class=&#8220;hidebuybutton&#8220;]<a href=\"https:\/\/www.storemaxima.com\/de\/trockenes-diamantbohrkrone-kernbohrung\/327-schwarze-bohrkrone-fuer-kunststoff.html\" target=\"_blank\" rel=\"noopener\"><img loading=\"lazy\" decoding=\"async\" class=\"alignnone\" title=\"Kaufen Auf www.storemaxima.com\" src=\"https:\/\/www.maxima-dia.com\/wp-content\/uploads\/2019\/12\/pulsante-acquista-storemaxima.com-de.svg\" alt=\"Kaufen Auf www.storemaxima.com\" width=\"180\" height=\"80\"><\/a>[\/vc_column_text][\/vc_column][vc_column width=&#8220;3\/4&#8243;][vc_column_text]Die <strong>SCHWARZE BOHRKRONE F\u00dcR KUNSTSTOFF<\/strong> erm\u00f6glicht das Bohren von Anschlussl\u00f6chern f\u00fcr Kunststoffrohre wie Kanalabzweigungen, Sch\u00e4chte oder Baustellenleitungen<\/p>\n<p><strong>L\u00e4nge der Bohrkrone: 163 mm<\/strong><\/p>\n<p>Schnelles Bohren und enorme Zeitersparnis dank innovativer Schneidtechnologie und hochwertiger Hartmetalleins\u00e4tze, schnelles und sicheres Bohren auch in dickwandige Rohre oder Beh\u00e4lter. Hervorragende Oberfl\u00e4chenqualit\u00e4t der L\u00f6cher mit glatten, sauberen R\u00e4ndern , auch bei gewellten Rohren. Manuelles Bohren aller wichtigen Durchmesser mit <a href=\"https:\/\/www.maxima-dia.com\/de\/bohrmaschinen\/caromax-2001\/\">Kernbohrer CAROMAX 2001<\/a>.<br \/>\nDer Kern wird aus der Kernfr\u00e4se ausgesto\u00dfen und vom Kunststoff-Zentrierkolben mit Feder PICE01 Paufgefangen[\/vc_column_text][\/vc_column][\/vc_row]<\/p>\n<\/div>","protected":false},"excerpt":{"rendered":"<p>[vc_row][vc_column text_align=&#8220;center&#8220; width=&#8220;1\/4&#8243;][vc_column_text][\/vc_column_text][vc_column_text css_animation=&#8220;slideInDown&#8220; el_class=&#8220;hidebuybutton&#8220;][\/vc_column_text][\/vc_column][vc_column width=&#8220;3\/4&#8243;][vc_column_text]Die SCHWARZE BOHRKRONE F\u00dcR KUNSTSTOFF erm\u00f6glicht das Bohren von Anschlussl\u00f6chern f\u00fcr Kunststoffrohre wie Kanalabzweigungen, Sch\u00e4chte oder Baustellenleitungen L\u00e4nge der Bohrkrone: 163 mm Schnelles Bohren und enorme Zeitersparnis dank innovativer Schneidtechnologie und hochwertiger Hartmetalleins\u00e4tze, schnelles und sicheres Bohren auch in dickwandige Rohre oder Beh\u00e4lter. Hervorragende Oberfl\u00e4chenqualit\u00e4t der L\u00f6cher mit glatten, sauberen R\u00e4ndern , auch bei gewellten Rohren. Manuelles Bohren aller wichtigen Durchmesser mit Kernbohrer CAROMAX 2001. Der Kern wird aus der Kernfr\u00e4se ausgesto\u00dfen und vom Kunststoff-Zentrierkolben mit Feder PICE01 Paufgefangen[\/vc_column_text][\/vc_column][\/vc_row]<\/p>\n","protected":false},"author":29,"featured_media":37428,"parent":12425,"menu_order":11,"comment_status":"closed","ping_status":"closed","template":"","meta":{"ngg_post_thumbnail":0,"_joinchat":[],"footnotes":""},"class_list":["post-38976","page","type-page","status-publish","has-post-thumbnail","hentry"],"yoast_head":"<!-- This site is optimized with the Yoast SEO plugin v25.5 - https:\/\/yoast.com\/wordpress\/plugins\/seo\/ -->\n<title>Schwarze Bohrkrone f\u00fcr Kunststoff - Maxima SpA<\/title>\n<meta name=\"description\" content=\"Erm\u00f6glicht das Bohren von Anschlussl\u00f6chern f\u00fcr Kunststoffrohre wie Kanalabzweigungen, Sch\u00e4chte oder Baustellenleitungen\" \/>\n<meta name=\"robots\" content=\"index, follow, max-snippet:-1, max-image-preview:large, max-video-preview:-1\" \/>\n<link rel=\"canonical\" href=\"https:\/\/www.maxima-dia.com\/de\/trockenes-kernbohren\/schwarze-bohrkrone-fuer-kunststoff\/\" \/>\n<meta property=\"og:locale\" content=\"de_DE\" \/>\n<meta property=\"og:type\" content=\"article\" \/>\n<meta property=\"og:title\" content=\"Schwarze Bohrkrone f\u00fcr Kunststoff - Maxima SpA\" \/>\n<meta property=\"og:description\" content=\"Erm\u00f6glicht das Bohren von Anschlussl\u00f6chern f\u00fcr Kunststoffrohre wie Kanalabzweigungen, Sch\u00e4chte oder Baustellenleitungen\" \/>\n<meta property=\"og:url\" content=\"https:\/\/www.maxima-dia.com\/de\/trockenes-kernbohren\/schwarze-bohrkrone-fuer-kunststoff\/\" \/>\n<meta property=\"og:site_name\" content=\"Maxima SpA\" \/>\n<meta property=\"article:publisher\" content=\"https:\/\/www.facebook.com\/Maxima-spa-106098566139597\" \/>\n<meta property=\"og:image\" content=\"https:\/\/www.maxima-dia.com\/wp-content\/uploads\/2023\/02\/CAROMAX-2001-ASP-FORETTO-GRANDE.jpg\" \/>\n\t<meta property=\"og:image:width\" content=\"1200\" \/>\n\t<meta property=\"og:image:height\" content=\"1200\" \/>\n\t<meta property=\"og:image:type\" content=\"image\/jpeg\" \/>\n<meta name=\"twitter:card\" content=\"summary_large_image\" \/>\n<meta name=\"twitter:site\" content=\"@Maximadia\" \/>\n<meta name=\"twitter:label1\" content=\"Gesch\u00e4tzte Lesezeit\" \/>\n\t<meta name=\"twitter:data1\" content=\"12\u00a0Minuten\" \/>\n<script type=\"application\/ld+json\" class=\"yoast-schema-graph\">{\"@context\":\"https:\/\/schema.org\",\"@graph\":[{\"@type\":\"WebPage\",\"@id\":\"https:\/\/www.maxima-dia.com\/de\/trockenes-kernbohren\/schwarze-bohrkrone-fuer-kunststoff\/\",\"url\":\"https:\/\/www.maxima-dia.com\/de\/trockenes-kernbohren\/schwarze-bohrkrone-fuer-kunststoff\/\",\"name\":\"Schwarze Bohrkrone f\u00fcr Kunststoff - Maxima SpA\",\"isPartOf\":{\"@id\":\"https:\/\/www.maxima-dia.com\/de\/#website\"},\"primaryImageOfPage\":{\"@id\":\"https:\/\/www.maxima-dia.com\/de\/trockenes-kernbohren\/schwarze-bohrkrone-fuer-kunststoff\/#primaryimage\"},\"image\":{\"@id\":\"https:\/\/www.maxima-dia.com\/de\/trockenes-kernbohren\/schwarze-bohrkrone-fuer-kunststoff\/#primaryimage\"},\"thumbnailUrl\":\"https:\/\/www.maxima-dia.com\/wp-content\/uploads\/2023\/02\/CAROMAX-2001-ASP-FORETTO-GRANDE.jpg\",\"datePublished\":\"2023-03-07T10:57:54+00:00\",\"description\":\"Erm\u00f6glicht das Bohren von Anschlussl\u00f6chern f\u00fcr Kunststoffrohre wie Kanalabzweigungen, Sch\u00e4chte oder Baustellenleitungen\",\"breadcrumb\":{\"@id\":\"https:\/\/www.maxima-dia.com\/de\/trockenes-kernbohren\/schwarze-bohrkrone-fuer-kunststoff\/#breadcrumb\"},\"inLanguage\":\"de\",\"potentialAction\":[{\"@type\":\"ReadAction\",\"target\":[\"https:\/\/www.maxima-dia.com\/de\/trockenes-kernbohren\/schwarze-bohrkrone-fuer-kunststoff\/\"]}]},{\"@type\":\"ImageObject\",\"inLanguage\":\"de\",\"@id\":\"https:\/\/www.maxima-dia.com\/de\/trockenes-kernbohren\/schwarze-bohrkrone-fuer-kunststoff\/#primaryimage\",\"url\":\"https:\/\/www.maxima-dia.com\/wp-content\/uploads\/2023\/02\/CAROMAX-2001-ASP-FORETTO-GRANDE.jpg\",\"contentUrl\":\"https:\/\/www.maxima-dia.com\/wp-content\/uploads\/2023\/02\/CAROMAX-2001-ASP-FORETTO-GRANDE.jpg\",\"width\":1200,\"height\":1200,\"caption\":\"CAROMAX 2001\"},{\"@type\":\"BreadcrumbList\",\"@id\":\"https:\/\/www.maxima-dia.com\/de\/trockenes-kernbohren\/schwarze-bohrkrone-fuer-kunststoff\/#breadcrumb\",\"itemListElement\":[{\"@type\":\"ListItem\",\"position\":1,\"name\":\"Home\",\"item\":\"https:\/\/www.maxima-dia.com\/de\/\"},{\"@type\":\"ListItem\",\"position\":2,\"name\":\"Trockenes Kernbohren\",\"item\":\"https:\/\/www.maxima-dia.com\/de\/trockenes-kernbohren\/\"},{\"@type\":\"ListItem\",\"position\":3,\"name\":\"Schwarze Bohrkrone f\u00fcr Kunststoff\"}]},{\"@type\":\"WebSite\",\"@id\":\"https:\/\/www.maxima-dia.com\/de\/#website\",\"url\":\"https:\/\/www.maxima-dia.com\/de\/\",\"name\":\"Maxima SpA\",\"description\":\"Only for the real professionals\",\"potentialAction\":[{\"@type\":\"SearchAction\",\"target\":{\"@type\":\"EntryPoint\",\"urlTemplate\":\"https:\/\/www.maxima-dia.com\/de\/?s={search_term_string}\"},\"query-input\":{\"@type\":\"PropertyValueSpecification\",\"valueRequired\":true,\"valueName\":\"search_term_string\"}}],\"inLanguage\":\"de\"}]}<\/script>\n<!-- \/ Yoast SEO plugin. -->","yoast_head_json":{"title":"Schwarze Bohrkrone f\u00fcr Kunststoff - Maxima SpA","description":"Erm\u00f6glicht das Bohren von Anschlussl\u00f6chern f\u00fcr Kunststoffrohre wie Kanalabzweigungen, Sch\u00e4chte oder Baustellenleitungen","robots":{"index":"index","follow":"follow","max-snippet":"max-snippet:-1","max-image-preview":"max-image-preview:large","max-video-preview":"max-video-preview:-1"},"canonical":"https:\/\/www.maxima-dia.com\/de\/trockenes-kernbohren\/schwarze-bohrkrone-fuer-kunststoff\/","og_locale":"de_DE","og_type":"article","og_title":"Schwarze Bohrkrone f\u00fcr Kunststoff - Maxima SpA","og_description":"Erm\u00f6glicht das Bohren von Anschlussl\u00f6chern f\u00fcr Kunststoffrohre wie Kanalabzweigungen, Sch\u00e4chte oder Baustellenleitungen","og_url":"https:\/\/www.maxima-dia.com\/de\/trockenes-kernbohren\/schwarze-bohrkrone-fuer-kunststoff\/","og_site_name":"Maxima SpA","article_publisher":"https:\/\/www.facebook.com\/Maxima-spa-106098566139597","og_image":[{"width":1200,"height":1200,"url":"https:\/\/www.maxima-dia.com\/wp-content\/uploads\/2023\/02\/CAROMAX-2001-ASP-FORETTO-GRANDE.jpg","type":"image\/jpeg"}],"twitter_card":"summary_large_image","twitter_site":"@Maximadia","twitter_misc":{"Gesch\u00e4tzte Lesezeit":"12\u00a0Minuten"},"schema":{"@context":"https:\/\/schema.org","@graph":[{"@type":"WebPage","@id":"https:\/\/www.maxima-dia.com\/de\/trockenes-kernbohren\/schwarze-bohrkrone-fuer-kunststoff\/","url":"https:\/\/www.maxima-dia.com\/de\/trockenes-kernbohren\/schwarze-bohrkrone-fuer-kunststoff\/","name":"Schwarze Bohrkrone f\u00fcr Kunststoff - Maxima SpA","isPartOf":{"@id":"https:\/\/www.maxima-dia.com\/de\/#website"},"primaryImageOfPage":{"@id":"https:\/\/www.maxima-dia.com\/de\/trockenes-kernbohren\/schwarze-bohrkrone-fuer-kunststoff\/#primaryimage"},"image":{"@id":"https:\/\/www.maxima-dia.com\/de\/trockenes-kernbohren\/schwarze-bohrkrone-fuer-kunststoff\/#primaryimage"},"thumbnailUrl":"https:\/\/www.maxima-dia.com\/wp-content\/uploads\/2023\/02\/CAROMAX-2001-ASP-FORETTO-GRANDE.jpg","datePublished":"2023-03-07T10:57:54+00:00","description":"Erm\u00f6glicht das Bohren von Anschlussl\u00f6chern f\u00fcr Kunststoffrohre wie Kanalabzweigungen, Sch\u00e4chte oder Baustellenleitungen","breadcrumb":{"@id":"https:\/\/www.maxima-dia.com\/de\/trockenes-kernbohren\/schwarze-bohrkrone-fuer-kunststoff\/#breadcrumb"},"inLanguage":"de","potentialAction":[{"@type":"ReadAction","target":["https:\/\/www.maxima-dia.com\/de\/trockenes-kernbohren\/schwarze-bohrkrone-fuer-kunststoff\/"]}]},{"@type":"ImageObject","inLanguage":"de","@id":"https:\/\/www.maxima-dia.com\/de\/trockenes-kernbohren\/schwarze-bohrkrone-fuer-kunststoff\/#primaryimage","url":"https:\/\/www.maxima-dia.com\/wp-content\/uploads\/2023\/02\/CAROMAX-2001-ASP-FORETTO-GRANDE.jpg","contentUrl":"https:\/\/www.maxima-dia.com\/wp-content\/uploads\/2023\/02\/CAROMAX-2001-ASP-FORETTO-GRANDE.jpg","width":1200,"height":1200,"caption":"CAROMAX 2001"},{"@type":"BreadcrumbList","@id":"https:\/\/www.maxima-dia.com\/de\/trockenes-kernbohren\/schwarze-bohrkrone-fuer-kunststoff\/#breadcrumb","itemListElement":[{"@type":"ListItem","position":1,"name":"Home","item":"https:\/\/www.maxima-dia.com\/de\/"},{"@type":"ListItem","position":2,"name":"Trockenes Kernbohren","item":"https:\/\/www.maxima-dia.com\/de\/trockenes-kernbohren\/"},{"@type":"ListItem","position":3,"name":"Schwarze Bohrkrone f\u00fcr Kunststoff"}]},{"@type":"WebSite","@id":"https:\/\/www.maxima-dia.com\/de\/#website","url":"https:\/\/www.maxima-dia.com\/de\/","name":"Maxima SpA","description":"Only for the real professionals","potentialAction":[{"@type":"SearchAction","target":{"@type":"EntryPoint","urlTemplate":"https:\/\/www.maxima-dia.com\/de\/?s={search_term_string}"},"query-input":{"@type":"PropertyValueSpecification","valueRequired":true,"valueName":"search_term_string"}}],"inLanguage":"de"}]}},"_links":{"self":[{"href":"https:\/\/www.maxima-dia.com\/de\/wp-json\/wp\/v2\/pages\/38976"}],"collection":[{"href":"https:\/\/www.maxima-dia.com\/de\/wp-json\/wp\/v2\/pages"}],"about":[{"href":"https:\/\/www.maxima-dia.com\/de\/wp-json\/wp\/v2\/types\/page"}],"author":[{"embeddable":true,"href":"https:\/\/www.maxima-dia.com\/de\/wp-json\/wp\/v2\/users\/29"}],"replies":[{"embeddable":true,"href":"https:\/\/www.maxima-dia.com\/de\/wp-json\/wp\/v2\/comments?post=38976"}],"version-history":[{"count":2,"href":"https:\/\/www.maxima-dia.com\/de\/wp-json\/wp\/v2\/pages\/38976\/revisions"}],"predecessor-version":[{"id":38988,"href":"https:\/\/www.maxima-dia.com\/de\/wp-json\/wp\/v2\/pages\/38976\/revisions\/38988"}],"up":[{"embeddable":true,"href":"https:\/\/www.maxima-dia.com\/de\/wp-json\/wp\/v2\/pages\/12425"}],"wp:featuredmedia":[{"embeddable":true,"href":"https:\/\/www.maxima-dia.com\/de\/wp-json\/wp\/v2\/media\/37428"}],"wp:attachment":[{"href":"https:\/\/www.maxima-dia.com\/de\/wp-json\/wp\/v2\/media?parent=38976"}],"curies":[{"name":"wp","href":"https:\/\/api.w.org\/{rel}","templated":true}]}}