{"id":45645,"date":"2024-11-05T10:09:23","date_gmt":"2024-11-05T09:09:23","guid":{"rendered":"https:\/\/www.maxima-dia.com\/?page_id=45645"},"modified":"2024-11-05T10:31:54","modified_gmt":"2024-11-05T09:31:54","slug":"diamantbohrkrone-vacuum-silber-250","status":"publish","type":"page","link":"https:\/\/www.maxima-dia.com\/de\/trockenes-kernbohren\/diamantbohrkrone-vacuum-silber-250\/","title":{"rendered":"Diamantbohrkrone Vacuum Silber 250"},"content":{"rendered":"<div class=\"wpb-content-wrapper\"><p>[vc_row][vc_column text_align=&#8220;center&#8220; width=&#8220;1\/4&#8243;][vc_column_text]<a href=\"https:\/\/www.maxima-dia.com\/wp-content\/uploads\/2024\/11\/FORETTO-ASPIRAZIONE-ARGENTO-250-B-19_01_2024-scaled.jpg\"><img loading=\"lazy\" decoding=\"async\" class=\"alignnone wp-image-45622 size-thumbnail\" src=\"https:\/\/www.maxima-dia.com\/wp-content\/uploads\/2024\/11\/FORETTO-ASPIRAZIONE-ARGENTO-250-B-19_01_2024-150x150.jpg\" alt=\"\" width=\"150\" height=\"150\" srcset=\"https:\/\/www.maxima-dia.com\/wp-content\/uploads\/2024\/11\/FORETTO-ASPIRAZIONE-ARGENTO-250-B-19_01_2024-150x150.jpg 150w, https:\/\/www.maxima-dia.com\/wp-content\/uploads\/2024\/11\/FORETTO-ASPIRAZIONE-ARGENTO-250-B-19_01_2024-300x300.jpg 300w, https:\/\/www.maxima-dia.com\/wp-content\/uploads\/2024\/11\/FORETTO-ASPIRAZIONE-ARGENTO-250-B-19_01_2024-1024x1024.jpg 1024w, https:\/\/www.maxima-dia.com\/wp-content\/uploads\/2024\/11\/FORETTO-ASPIRAZIONE-ARGENTO-250-B-19_01_2024-768x768.jpg 768w, https:\/\/www.maxima-dia.com\/wp-content\/uploads\/2024\/11\/FORETTO-ASPIRAZIONE-ARGENTO-250-B-19_01_2024-1536x1536.jpg 1536w, https:\/\/www.maxima-dia.com\/wp-content\/uploads\/2024\/11\/FORETTO-ASPIRAZIONE-ARGENTO-250-B-19_01_2024-2048x2048.jpg 2048w, https:\/\/www.maxima-dia.com\/wp-content\/uploads\/2024\/11\/FORETTO-ASPIRAZIONE-ARGENTO-250-B-19_01_2024-80x80.jpg 80w, https:\/\/www.maxima-dia.com\/wp-content\/uploads\/2024\/11\/FORETTO-ASPIRAZIONE-ARGENTO-250-B-19_01_2024-500x500.jpg 500w, https:\/\/www.maxima-dia.com\/wp-content\/uploads\/2024\/11\/FORETTO-ASPIRAZIONE-ARGENTO-250-B-19_01_2024-1000x1000.jpg 1000w\" sizes=\"(max-width: 150px) 100vw, 150px\" \/><\/a><\/p>\n<p><a href=\"https:\/\/www.maxima-dia.com\/wp-content\/uploads\/2024\/11\/FORETTO-ASPIRAZIONE-ARGENTO-250-A-19_01_2024-scaled.jpg\"><img loading=\"lazy\" decoding=\"async\" class=\"alignnone size-thumbnail wp-image-45616\" src=\"https:\/\/www.maxima-dia.com\/wp-content\/uploads\/2024\/11\/FORETTO-ASPIRAZIONE-ARGENTO-250-A-19_01_2024-150x150.jpg\" alt=\"\" width=\"150\" height=\"150\" srcset=\"https:\/\/www.maxima-dia.com\/wp-content\/uploads\/2024\/11\/FORETTO-ASPIRAZIONE-ARGENTO-250-A-19_01_2024-150x150.jpg 150w, https:\/\/www.maxima-dia.com\/wp-content\/uploads\/2024\/11\/FORETTO-ASPIRAZIONE-ARGENTO-250-A-19_01_2024-300x300.jpg 300w, https:\/\/www.maxima-dia.com\/wp-content\/uploads\/2024\/11\/FORETTO-ASPIRAZIONE-ARGENTO-250-A-19_01_2024-1024x1024.jpg 1024w, https:\/\/www.maxima-dia.com\/wp-content\/uploads\/2024\/11\/FORETTO-ASPIRAZIONE-ARGENTO-250-A-19_01_2024-768x768.jpg 768w, https:\/\/www.maxima-dia.com\/wp-content\/uploads\/2024\/11\/FORETTO-ASPIRAZIONE-ARGENTO-250-A-19_01_2024-1536x1536.jpg 1536w, https:\/\/www.maxima-dia.com\/wp-content\/uploads\/2024\/11\/FORETTO-ASPIRAZIONE-ARGENTO-250-A-19_01_2024-2048x2048.jpg 2048w, https:\/\/www.maxima-dia.com\/wp-content\/uploads\/2024\/11\/FORETTO-ASPIRAZIONE-ARGENTO-250-A-19_01_2024-80x80.jpg 80w, https:\/\/www.maxima-dia.com\/wp-content\/uploads\/2024\/11\/FORETTO-ASPIRAZIONE-ARGENTO-250-A-19_01_2024-500x500.jpg 500w, https:\/\/www.maxima-dia.com\/wp-content\/uploads\/2024\/11\/FORETTO-ASPIRAZIONE-ARGENTO-250-A-19_01_2024-1000x1000.jpg 1000w\" sizes=\"(max-width: 150px) 100vw, 150px\" \/><\/a>[\/vc_column_text][vc_column_text css_animation=&#8220;slideInDown&#8220; el_class=&#8220;hidebuybutton&#8220;]<a href=\"https:\/\/www.storemaxima.com\/de\/trockenes-diamantbohrkrone-kernbohrung\/344-diamantbohrkrone-vacuum-silber-250.html\" target=\"_blank\" rel=\"noopener\"><img loading=\"lazy\" decoding=\"async\" class=\"alignnone\" title=\"Acquista su www.storemaxima.com\" src=\"https:\/\/www.maxima-dia.com\/wp-content\/uploads\/2019\/12\/pulsante-acquista-storemaxima.com-de.svg\" alt=\"Acquista su www.storemaxima.com\" width=\"180\" height=\"80\"><\/a>[\/vc_column_text][\/vc_column][vc_column width=&#8220;3\/4&#8243;][vc_column_text]Diese Diamantbohrkrone ist f\u00fcr Arbeiten geeignet, bei denen der erzeugte Staub abgesaugt werden muss. Auch die Diamantbohrkrone Silber montiert dasselbe Segment wie die 150 mm langen Diamantbohrkronen. Sie kann daher ebenfalls trocken (oder mit Wasserk\u00fchlung) Materialien wie Stahlbeton, Ziegel, Dachpfannen und Beton schneiden. Die nutzbare Schnittl\u00e4nge betr\u00e4gt 250 mm. L\u00e4nge der Bohrkrone: 250 mm.<\/p>\n<p>Auch wenn mit wasserku\u0308hlung verwendbar, werden die besten resultate beim trockenschnitt mit staubabsaugung erzielt.<br \/>\nBeim trockenschnitt immer ein staubabsaugsystem verwenden.<\/p>\n<table class=\"tabellatecnica\" style=\"width: 80%;\" border=\"0\" cellspacing=\"0\" cellpadding=\"0\">\n<thead>\n<tr>\n<td class=\"testata\" colspan=\"2\">TECHNISCHE TABELLE<\/td>\n<\/tr>\n<\/thead>\n<tbody>\n<tr>\n<td class=\"prima\">Ausgeh\u00e4rteter Zement \/ Ziegel \/ Dachpfannen<\/td>\n<td class=\"seconda\"><b class=\"txtred\">\u2605<\/b><b class=\"txtred\">\u2605<\/b><b class=\"txtred\">\u2605<\/b><b class=\"txtred\">\u2605<\/b><\/td>\n<\/tr>\n<tr>\n<td class=\"prima\">Schwach bewehrter Beton<\/td>\n<td class=\"seconda\"><b class=\"txtred\">\u2605<\/b><b class=\"txtred\">\u2605<\/b><\/td>\n<\/tr>\n<tr>\n<td class=\"prima\">Stark bewehrter Beton<\/td>\n<td class=\"seconda\"><b class=\"txtred\">\u2605<\/b><\/td>\n<\/tr>\n<tr>\n<td class=\"prima\">Granit \/ Naturstein \/ Porphyr<\/td>\n<td class=\"seconda\"><b class=\"txtred\">\u2605<\/b><b class=\"txtred\">\u2605<\/b><\/td>\n<\/tr>\n<tr>\n<td class=\"prima\">Marmor<\/td>\n<td class=\"seconda\">&nbsp;<\/td>\n<\/tr>\n<tr>\n<td class=\"prima\">Schamotte<\/td>\n<td class=\"seconda\"><b class=\"txtred\">\u2605<\/b><b class=\"txtred\">\u2605<\/b><\/td>\n<\/tr>\n<tr>\n<td class=\"prima\">Sandstein \/ Waschbetonplatten<\/td>\n<td class=\"seconda\"><b class=\"txtred\">\u2605<\/b><b class=\"txtred\">\u2605<\/b><\/td>\n<\/tr>\n<tr>\n<td class=\"prima\">Keramikfliesen (Zweibrandverfahren)<\/td>\n<td class=\"seconda\"><b class=\"txtred\">\u2605<\/b><\/td>\n<\/tr>\n<tr>\n<td class=\"prima\">Keramikfliesen (Einbrandverfahren)<\/td>\n<td class=\"seconda\"><b class=\"txtred\">\u2605<\/b><\/td>\n<\/tr>\n<tr>\n<td class=\"prima\">Feinsteinzeug \/ Klinker<\/td>\n<td class=\"seconda\">&nbsp;<\/td>\n<\/tr>\n<tr>\n<td class=\"prima\">Frischer Zement<\/td>\n<td class=\"seconda\"><b class=\"txtred\">\u2605<\/b><\/td>\n<\/tr>\n<tr>\n<td class=\"prima\">Asphalt<\/td>\n<td class=\"seconda\"><b class=\"txtred\">\u2605<\/b><\/td>\n<\/tr>\n<tr>\n<td class=\"intervallo\" colspan=\"2\">&nbsp;<\/td>\n<\/tr>\n<tr>\n<td class=\"prima\">Schnittgeschwindigkeit<\/td>\n<td class=\"seconda\"><b class=\"txtred\">\u2605<\/b><b class=\"txtred\">\u2605<\/b><b class=\"txtred\">\u2605<\/b><\/td>\n<\/tr>\n<tr>\n<td class=\"prima\">Mittlere Standfestigkeit<\/td>\n<td class=\"seconda\"><b class=\"txtred\">\u2605<\/b><b class=\"txtred\">\u2605<\/b><b class=\"txtred\">\u2605<\/b><\/td>\n<\/tr>\n<tr>\n<td class=\"legenda\" colspan=\"2\"><strong>ausreichend<\/strong><b class=\"txtred\">\u2605<\/b>&nbsp;&nbsp;&nbsp;&nbsp;&nbsp;<strong>mittel<\/strong><b class=\"txtred\">\u2605<\/b><b class=\"txtred\">\u2605<\/b>&nbsp;&nbsp;&nbsp;&nbsp;&nbsp;<strong>gut<\/strong><b class=\"txtred\">\u2605<\/b><b class=\"txtred\">\u2605<\/b><b class=\"txtred\">\u2605<\/b>&nbsp;&nbsp;&nbsp;&nbsp;&nbsp;<strong>optimal<\/strong><b class=\"txtred\">\u2605<\/b><b class=\"txtred\">\u2605<\/b><b class=\"txtred\">\u2605<\/b><b class=\"txtred\">\u2605<\/b>&nbsp;&nbsp;&nbsp;&nbsp;&nbsp;<strong>super<\/strong>&nbsp;<b class=\"txtred\">\u2605<\/b><b class=\"txtred\">\u2605<\/b><b class=\"txtred\">\u2605<\/b><b class=\"txtred\">\u2605<\/b><b class=\"txtred\">\u2605<\/b><\/td>\n<\/tr>\n<\/tbody>\n<\/table>\n<p>&nbsp;<\/p>\n<table class=\"tabellatecnica\" style=\"width: 80%;\" border=\"0\" cellspacing=\"0\" cellpadding=\"0\">\n<thead>\n<tr>\n<td class=\"testata\">MIT FOLGENDEN MASCHINEN VERWENDBAR<\/td>\n<\/tr>\n<\/thead>\n<tbody>\n<tr>\n<td><img loading=\"lazy\" decoding=\"async\" class=\"alignleft\" src=\"\/wp-content\/uploads\/2013\/11\/s-m1.png\" alt=\"s-m1\" width=\"107\" height=\"30\">52-57-62-68-82-102-112-127-152-162<\/td>\n<\/tr>\n<\/tbody>\n<\/table>\n<p>&nbsp;[\/vc_column_text][\/vc_column][\/vc_row]<\/p>\n<\/div>","protected":false},"excerpt":{"rendered":"<p>[vc_row][vc_column text_align=&#8220;center&#8220; width=&#8220;1\/4&#8243;][vc_column_text] [\/vc_column_text][vc_column_text css_animation=&#8220;slideInDown&#8220; el_class=&#8220;hidebuybutton&#8220;][\/vc_column_text][\/vc_column][vc_column width=&#8220;3\/4&#8243;][vc_column_text]Diese Diamantbohrkrone ist f\u00fcr Arbeiten geeignet, bei denen der erzeugte Staub abgesaugt werden muss. Auch die Diamantbohrkrone Silber montiert dasselbe Segment wie die 150 mm langen Diamantbohrkronen. Sie kann daher ebenfalls trocken (oder mit Wasserk\u00fchlung) Materialien wie Stahlbeton, Ziegel, Dachpfannen und Beton schneiden. Die nutzbare Schnittl\u00e4nge betr\u00e4gt 250 mm. L\u00e4nge der Bohrkrone: 250 mm. Auch wenn mit wasserku\u0308hlung verwendbar, werden die besten resultate beim trockenschnitt mit staubabsaugung erzielt. Beim trockenschnitt immer ein staubabsaugsystem verwenden. TECHNISCHE TABELLE Ausgeh\u00e4rteter Zement \/ Ziegel \/ Dachpfannen \u2605\u2605\u2605\u2605 Schwach bewehrter Beton \u2605\u2605 Stark bewehrter Beton \u2605 Granit \/ Naturstein \/ Porphyr \u2605\u2605 Marmor &nbsp; Schamotte \u2605\u2605 Sandstein \/ Waschbetonplatten \u2605\u2605 Keramikfliesen (Zweibrandverfahren) \u2605 Keramikfliesen (Einbrandverfahren) \u2605 Feinsteinzeug \/ Klinker &nbsp; Frischer Zement \u2605 Asphalt \u2605 &nbsp; Schnittgeschwindigkeit \u2605\u2605\u2605 Mittlere Standfestigkeit \u2605\u2605\u2605 ausreichend\u2605&nbsp;&nbsp;&nbsp;&nbsp;&nbsp;mittel\u2605\u2605&nbsp;&nbsp;&nbsp;&nbsp;&nbsp;gut\u2605\u2605\u2605&nbsp;&nbsp;&nbsp;&nbsp;&nbsp;optimal\u2605\u2605\u2605\u2605&nbsp;&nbsp;&nbsp;&nbsp;&nbsp;super&nbsp;\u2605\u2605\u2605\u2605\u2605 &nbsp; MIT FOLGENDEN MASCHINEN VERWENDBAR 52-57-62-68-82-102-112-127-152-162 &nbsp;[\/vc_column_text][\/vc_column][\/vc_row]<\/p>\n","protected":false},"author":29,"featured_media":45631,"parent":12425,"menu_order":7,"comment_status":"closed","ping_status":"closed","template":"","meta":{"ngg_post_thumbnail":0,"_joinchat":[],"footnotes":""},"class_list":["post-45645","page","type-page","status-publish","has-post-thumbnail","hentry"],"yoast_head":"<!-- This site is optimized with the Yoast SEO plugin v25.5 - https:\/\/yoast.com\/wordpress\/plugins\/seo\/ -->\n<title>Diamantbohrkrone Vacuum Silber 250 - Maxima SpA<\/title>\n<meta name=\"robots\" content=\"index, follow, max-snippet:-1, max-image-preview:large, max-video-preview:-1\" \/>\n<link rel=\"canonical\" href=\"https:\/\/www.maxima-dia.com\/de\/trockenes-kernbohren\/diamantbohrkrone-vacuum-silber-250\/\" \/>\n<meta property=\"og:locale\" content=\"de_DE\" \/>\n<meta property=\"og:type\" content=\"article\" \/>\n<meta property=\"og:title\" content=\"Diamantbohrkrone Vacuum Silber 250 - Maxima SpA\" \/>\n<meta property=\"og:description\" content=\"[vc_row][vc_column text_align=&#8220;center&#8220; width=&#8220;1\/4&#8243;][vc_column_text] [\/vc_column_text][vc_column_text css_animation=&#8220;slideInDown&#8220; el_class=&#8220;hidebuybutton&#8220;][\/vc_column_text][\/vc_column][vc_column width=&#8220;3\/4&#8243;][vc_column_text]Diese Diamantbohrkrone ist f\u00fcr Arbeiten geeignet, bei denen der erzeugte Staub abgesaugt werden muss. Auch die Diamantbohrkrone Silber montiert dasselbe Segment wie die 150 mm langen Diamantbohrkronen. Sie kann daher ebenfalls trocken (oder mit Wasserk\u00fchlung) Materialien wie Stahlbeton, Ziegel, Dachpfannen und Beton schneiden. Die nutzbare Schnittl\u00e4nge betr\u00e4gt 250 mm. L\u00e4nge der Bohrkrone: 250 mm. Auch wenn mit wasserku\u0308hlung verwendbar, werden die besten resultate beim trockenschnitt mit staubabsaugung erzielt. Beim trockenschnitt immer ein staubabsaugsystem verwenden. TECHNISCHE TABELLE Ausgeh\u00e4rteter Zement \/ Ziegel \/ Dachpfannen \u2605\u2605\u2605\u2605 Schwach bewehrter Beton \u2605\u2605 Stark bewehrter Beton \u2605 Granit \/ Naturstein \/ Porphyr \u2605\u2605 Marmor &nbsp; Schamotte \u2605\u2605 Sandstein \/ Waschbetonplatten \u2605\u2605 Keramikfliesen (Zweibrandverfahren) \u2605 Keramikfliesen (Einbrandverfahren) \u2605 Feinsteinzeug \/ Klinker &nbsp; Frischer Zement \u2605 Asphalt \u2605 &nbsp; Schnittgeschwindigkeit \u2605\u2605\u2605 Mittlere Standfestigkeit \u2605\u2605\u2605 ausreichend\u2605&nbsp;&nbsp;&nbsp;&nbsp;&nbsp;mittel\u2605\u2605&nbsp;&nbsp;&nbsp;&nbsp;&nbsp;gut\u2605\u2605\u2605&nbsp;&nbsp;&nbsp;&nbsp;&nbsp;optimal\u2605\u2605\u2605\u2605&nbsp;&nbsp;&nbsp;&nbsp;&nbsp;super&nbsp;\u2605\u2605\u2605\u2605\u2605 &nbsp; MIT FOLGENDEN MASCHINEN VERWENDBAR 52-57-62-68-82-102-112-127-152-162 &nbsp;[\/vc_column_text][\/vc_column][\/vc_row]\" \/>\n<meta property=\"og:url\" content=\"https:\/\/www.maxima-dia.com\/de\/trockenes-kernbohren\/diamantbohrkrone-vacuum-silber-250\/\" \/>\n<meta property=\"og:site_name\" content=\"Maxima SpA\" \/>\n<meta property=\"article:publisher\" content=\"https:\/\/www.facebook.com\/Maxima-spa-106098566139597\" \/>\n<meta property=\"article:modified_time\" content=\"2024-11-05T09:31:54+00:00\" \/>\n<meta property=\"og:image\" content=\"https:\/\/www.maxima-dia.com\/wp-content\/uploads\/2024\/11\/FORETTO-ASPIRAZIONE-ARGENTO-250_cop-scaled.jpg\" \/>\n\t<meta property=\"og:image:width\" content=\"2560\" \/>\n\t<meta property=\"og:image:height\" content=\"2560\" \/>\n\t<meta property=\"og:image:type\" content=\"image\/jpeg\" \/>\n<meta name=\"twitter:card\" content=\"summary_large_image\" \/>\n<meta name=\"twitter:site\" content=\"@Maximadia\" \/>\n<meta name=\"twitter:label1\" content=\"Gesch\u00e4tzte Lesezeit\" \/>\n\t<meta name=\"twitter:data1\" content=\"1\u00a0Minute\" \/>\n<script type=\"application\/ld+json\" class=\"yoast-schema-graph\">{\"@context\":\"https:\/\/schema.org\",\"@graph\":[{\"@type\":\"WebPage\",\"@id\":\"https:\/\/www.maxima-dia.com\/de\/trockenes-kernbohren\/diamantbohrkrone-vacuum-silber-250\/\",\"url\":\"https:\/\/www.maxima-dia.com\/de\/trockenes-kernbohren\/diamantbohrkrone-vacuum-silber-250\/\",\"name\":\"Diamantbohrkrone Vacuum Silber 250 - Maxima SpA\",\"isPartOf\":{\"@id\":\"https:\/\/www.maxima-dia.com\/de\/#website\"},\"primaryImageOfPage\":{\"@id\":\"https:\/\/www.maxima-dia.com\/de\/trockenes-kernbohren\/diamantbohrkrone-vacuum-silber-250\/#primaryimage\"},\"image\":{\"@id\":\"https:\/\/www.maxima-dia.com\/de\/trockenes-kernbohren\/diamantbohrkrone-vacuum-silber-250\/#primaryimage\"},\"thumbnailUrl\":\"https:\/\/www.maxima-dia.com\/wp-content\/uploads\/2024\/11\/FORETTO-ASPIRAZIONE-ARGENTO-250_cop-scaled.jpg\",\"datePublished\":\"2024-11-05T09:09:23+00:00\",\"dateModified\":\"2024-11-05T09:31:54+00:00\",\"breadcrumb\":{\"@id\":\"https:\/\/www.maxima-dia.com\/de\/trockenes-kernbohren\/diamantbohrkrone-vacuum-silber-250\/#breadcrumb\"},\"inLanguage\":\"de\",\"potentialAction\":[{\"@type\":\"ReadAction\",\"target\":[\"https:\/\/www.maxima-dia.com\/de\/trockenes-kernbohren\/diamantbohrkrone-vacuum-silber-250\/\"]}]},{\"@type\":\"ImageObject\",\"inLanguage\":\"de\",\"@id\":\"https:\/\/www.maxima-dia.com\/de\/trockenes-kernbohren\/diamantbohrkrone-vacuum-silber-250\/#primaryimage\",\"url\":\"https:\/\/www.maxima-dia.com\/wp-content\/uploads\/2024\/11\/FORETTO-ASPIRAZIONE-ARGENTO-250_cop-scaled.jpg\",\"contentUrl\":\"https:\/\/www.maxima-dia.com\/wp-content\/uploads\/2024\/11\/FORETTO-ASPIRAZIONE-ARGENTO-250_cop-scaled.jpg\",\"width\":2560,\"height\":2560,\"caption\":\"FORETTI_ 005\"},{\"@type\":\"BreadcrumbList\",\"@id\":\"https:\/\/www.maxima-dia.com\/de\/trockenes-kernbohren\/diamantbohrkrone-vacuum-silber-250\/#breadcrumb\",\"itemListElement\":[{\"@type\":\"ListItem\",\"position\":1,\"name\":\"Home\",\"item\":\"https:\/\/www.maxima-dia.com\/de\/\"},{\"@type\":\"ListItem\",\"position\":2,\"name\":\"Trockenes Kernbohren\",\"item\":\"https:\/\/www.maxima-dia.com\/de\/trockenes-kernbohren\/\"},{\"@type\":\"ListItem\",\"position\":3,\"name\":\"Diamantbohrkrone Vacuum Silber 250\"}]},{\"@type\":\"WebSite\",\"@id\":\"https:\/\/www.maxima-dia.com\/de\/#website\",\"url\":\"https:\/\/www.maxima-dia.com\/de\/\",\"name\":\"Maxima SpA\",\"description\":\"Only for the real professionals\",\"potentialAction\":[{\"@type\":\"SearchAction\",\"target\":{\"@type\":\"EntryPoint\",\"urlTemplate\":\"https:\/\/www.maxima-dia.com\/de\/?s={search_term_string}\"},\"query-input\":{\"@type\":\"PropertyValueSpecification\",\"valueRequired\":true,\"valueName\":\"search_term_string\"}}],\"inLanguage\":\"de\"}]}<\/script>\n<!-- \/ Yoast SEO plugin. -->","yoast_head_json":{"title":"Diamantbohrkrone Vacuum Silber 250 - Maxima SpA","robots":{"index":"index","follow":"follow","max-snippet":"max-snippet:-1","max-image-preview":"max-image-preview:large","max-video-preview":"max-video-preview:-1"},"canonical":"https:\/\/www.maxima-dia.com\/de\/trockenes-kernbohren\/diamantbohrkrone-vacuum-silber-250\/","og_locale":"de_DE","og_type":"article","og_title":"Diamantbohrkrone Vacuum Silber 250 - Maxima SpA","og_description":"[vc_row][vc_column text_align=&#8220;center&#8220; width=&#8220;1\/4&#8243;][vc_column_text] [\/vc_column_text][vc_column_text css_animation=&#8220;slideInDown&#8220; el_class=&#8220;hidebuybutton&#8220;][\/vc_column_text][\/vc_column][vc_column width=&#8220;3\/4&#8243;][vc_column_text]Diese Diamantbohrkrone ist f\u00fcr Arbeiten geeignet, bei denen der erzeugte Staub abgesaugt werden muss. Auch die Diamantbohrkrone Silber montiert dasselbe Segment wie die 150 mm langen Diamantbohrkronen. Sie kann daher ebenfalls trocken (oder mit Wasserk\u00fchlung) Materialien wie Stahlbeton, Ziegel, Dachpfannen und Beton schneiden. Die nutzbare Schnittl\u00e4nge betr\u00e4gt 250 mm. L\u00e4nge der Bohrkrone: 250 mm. Auch wenn mit wasserku\u0308hlung verwendbar, werden die besten resultate beim trockenschnitt mit staubabsaugung erzielt. Beim trockenschnitt immer ein staubabsaugsystem verwenden. TECHNISCHE TABELLE Ausgeh\u00e4rteter Zement \/ Ziegel \/ Dachpfannen \u2605\u2605\u2605\u2605 Schwach bewehrter Beton \u2605\u2605 Stark bewehrter Beton \u2605 Granit \/ Naturstein \/ Porphyr \u2605\u2605 Marmor &nbsp; Schamotte \u2605\u2605 Sandstein \/ Waschbetonplatten \u2605\u2605 Keramikfliesen (Zweibrandverfahren) \u2605 Keramikfliesen (Einbrandverfahren) \u2605 Feinsteinzeug \/ Klinker &nbsp; Frischer Zement \u2605 Asphalt \u2605 &nbsp; Schnittgeschwindigkeit \u2605\u2605\u2605 Mittlere Standfestigkeit \u2605\u2605\u2605 ausreichend\u2605&nbsp;&nbsp;&nbsp;&nbsp;&nbsp;mittel\u2605\u2605&nbsp;&nbsp;&nbsp;&nbsp;&nbsp;gut\u2605\u2605\u2605&nbsp;&nbsp;&nbsp;&nbsp;&nbsp;optimal\u2605\u2605\u2605\u2605&nbsp;&nbsp;&nbsp;&nbsp;&nbsp;super&nbsp;\u2605\u2605\u2605\u2605\u2605 &nbsp; MIT FOLGENDEN MASCHINEN VERWENDBAR 52-57-62-68-82-102-112-127-152-162 &nbsp;[\/vc_column_text][\/vc_column][\/vc_row]","og_url":"https:\/\/www.maxima-dia.com\/de\/trockenes-kernbohren\/diamantbohrkrone-vacuum-silber-250\/","og_site_name":"Maxima SpA","article_publisher":"https:\/\/www.facebook.com\/Maxima-spa-106098566139597","article_modified_time":"2024-11-05T09:31:54+00:00","og_image":[{"width":2560,"height":2560,"url":"https:\/\/www.maxima-dia.com\/wp-content\/uploads\/2024\/11\/FORETTO-ASPIRAZIONE-ARGENTO-250_cop-scaled.jpg","type":"image\/jpeg"}],"twitter_card":"summary_large_image","twitter_site":"@Maximadia","twitter_misc":{"Gesch\u00e4tzte Lesezeit":"1\u00a0Minute"},"schema":{"@context":"https:\/\/schema.org","@graph":[{"@type":"WebPage","@id":"https:\/\/www.maxima-dia.com\/de\/trockenes-kernbohren\/diamantbohrkrone-vacuum-silber-250\/","url":"https:\/\/www.maxima-dia.com\/de\/trockenes-kernbohren\/diamantbohrkrone-vacuum-silber-250\/","name":"Diamantbohrkrone Vacuum Silber 250 - Maxima SpA","isPartOf":{"@id":"https:\/\/www.maxima-dia.com\/de\/#website"},"primaryImageOfPage":{"@id":"https:\/\/www.maxima-dia.com\/de\/trockenes-kernbohren\/diamantbohrkrone-vacuum-silber-250\/#primaryimage"},"image":{"@id":"https:\/\/www.maxima-dia.com\/de\/trockenes-kernbohren\/diamantbohrkrone-vacuum-silber-250\/#primaryimage"},"thumbnailUrl":"https:\/\/www.maxima-dia.com\/wp-content\/uploads\/2024\/11\/FORETTO-ASPIRAZIONE-ARGENTO-250_cop-scaled.jpg","datePublished":"2024-11-05T09:09:23+00:00","dateModified":"2024-11-05T09:31:54+00:00","breadcrumb":{"@id":"https:\/\/www.maxima-dia.com\/de\/trockenes-kernbohren\/diamantbohrkrone-vacuum-silber-250\/#breadcrumb"},"inLanguage":"de","potentialAction":[{"@type":"ReadAction","target":["https:\/\/www.maxima-dia.com\/de\/trockenes-kernbohren\/diamantbohrkrone-vacuum-silber-250\/"]}]},{"@type":"ImageObject","inLanguage":"de","@id":"https:\/\/www.maxima-dia.com\/de\/trockenes-kernbohren\/diamantbohrkrone-vacuum-silber-250\/#primaryimage","url":"https:\/\/www.maxima-dia.com\/wp-content\/uploads\/2024\/11\/FORETTO-ASPIRAZIONE-ARGENTO-250_cop-scaled.jpg","contentUrl":"https:\/\/www.maxima-dia.com\/wp-content\/uploads\/2024\/11\/FORETTO-ASPIRAZIONE-ARGENTO-250_cop-scaled.jpg","width":2560,"height":2560,"caption":"FORETTI_ 005"},{"@type":"BreadcrumbList","@id":"https:\/\/www.maxima-dia.com\/de\/trockenes-kernbohren\/diamantbohrkrone-vacuum-silber-250\/#breadcrumb","itemListElement":[{"@type":"ListItem","position":1,"name":"Home","item":"https:\/\/www.maxima-dia.com\/de\/"},{"@type":"ListItem","position":2,"name":"Trockenes Kernbohren","item":"https:\/\/www.maxima-dia.com\/de\/trockenes-kernbohren\/"},{"@type":"ListItem","position":3,"name":"Diamantbohrkrone Vacuum Silber 250"}]},{"@type":"WebSite","@id":"https:\/\/www.maxima-dia.com\/de\/#website","url":"https:\/\/www.maxima-dia.com\/de\/","name":"Maxima SpA","description":"Only for the real professionals","potentialAction":[{"@type":"SearchAction","target":{"@type":"EntryPoint","urlTemplate":"https:\/\/www.maxima-dia.com\/de\/?s={search_term_string}"},"query-input":{"@type":"PropertyValueSpecification","valueRequired":true,"valueName":"search_term_string"}}],"inLanguage":"de"}]}},"_links":{"self":[{"href":"https:\/\/www.maxima-dia.com\/de\/wp-json\/wp\/v2\/pages\/45645"}],"collection":[{"href":"https:\/\/www.maxima-dia.com\/de\/wp-json\/wp\/v2\/pages"}],"about":[{"href":"https:\/\/www.maxima-dia.com\/de\/wp-json\/wp\/v2\/types\/page"}],"author":[{"embeddable":true,"href":"https:\/\/www.maxima-dia.com\/de\/wp-json\/wp\/v2\/users\/29"}],"replies":[{"embeddable":true,"href":"https:\/\/www.maxima-dia.com\/de\/wp-json\/wp\/v2\/comments?post=45645"}],"version-history":[{"count":3,"href":"https:\/\/www.maxima-dia.com\/de\/wp-json\/wp\/v2\/pages\/45645\/revisions"}],"predecessor-version":[{"id":45668,"href":"https:\/\/www.maxima-dia.com\/de\/wp-json\/wp\/v2\/pages\/45645\/revisions\/45668"}],"up":[{"embeddable":true,"href":"https:\/\/www.maxima-dia.com\/de\/wp-json\/wp\/v2\/pages\/12425"}],"wp:featuredmedia":[{"embeddable":true,"href":"https:\/\/www.maxima-dia.com\/de\/wp-json\/wp\/v2\/media\/45631"}],"wp:attachment":[{"href":"https:\/\/www.maxima-dia.com\/de\/wp-json\/wp\/v2\/media?parent=45645"}],"curies":[{"name":"wp","href":"https:\/\/api.w.org\/{rel}","templated":true}]}}