{"id":6324,"date":"2013-10-07T11:26:54","date_gmt":"2013-10-07T09:26:54","guid":{"rendered":"http:\/\/www.maxima-dia.com\/?page_id=6324"},"modified":"2019-08-07T11:35:30","modified_gmt":"2019-08-07T09:35:30","slug":"das-unternehmen","status":"publish","type":"page","link":"https:\/\/www.maxima-dia.com\/de\/das-unternehmen\/","title":{"rendered":"Das Unternehmen"},"content":{"rendered":"<h3 style=\"text-align: justify;\">Unternehmenspr\u00e4sentation<\/h3>\n<p><img loading=\"lazy\" decoding=\"async\" src=\"\/wp-content\/uploads\/2011\/09\/chi-siamo-2015.jpg\" alt=\"chi-siamo-2015\" width=\"601\" height=\"407\"><\/p>\n<p class=\"p1\">Die Firma Maxima wurde 2001 in Norditalien, Poviglio (Reggio Emilia), gegr\u00fcndet. Gr\u00fcnder vereinten ihre Jahrzehnte lange Berufserfahrung und initiierten dieses neue Projekt, dessen Ans\u00e4tze Werte wie Transparenz, Einfachheit und wahre Hingabe f\u00fcr die eigene Arbeit beinhalten. Seit der Gr\u00fcndung war das Ziel klar: in kurzer Zeit die F\u00fchrung in ihrem Bereich zu erhalten.<\/p>\n<p class=\"p1\">Das Unternehmen spezialisierte sich auf diamantbest\u00fcckte Werkzeuge sowie Baumaschinen zum Schneiden und Kernbohren. Diese Spezialisierung trug dazu bei, dass der Umsatz in den letzten Jahren selbst w\u00e4hrend der Rezessionsphase erh\u00f6ht werden konnte. Das ermutigende Ergebnis ist sowohl eine positive Best\u00e4tigung f\u00fcr die Weitsichtigkeit der kommerziellen als auch der marketing- und unternehmenstechnischen Entscheidungen, die die zwei Teilhaber trafen.<\/p>\n<p class=\"p1\">Maxima glaubte jeher an Unkompliziertheit. Unkompliziertheit bei pers\u00f6nlichen Beziehungen, sehr transparente Gesten, Klarheit bei der Pr\u00e4sentation der Produkte (in deren Produktname die Farbe des Produkts gef\u00fchrt wird), klare Angaben der technischen Eigenschaften und \u00fcbersichtlicher Aufbau des Katalogs, der auch f\u00fcr weniger Erfahrene verst\u00e4ndlich ist.<\/p>\n<p class=\"p1\">Das in den letzten Jahren erworbene Vertrauen ist zum gr\u00f6\u00dften Teil Verdienst der hundertprozentigen Qualit\u00e4t von Maxima. Diese ist zertifiziert und wird \u00fcber die gesamte Produktpalette kontrolliert \u2013 eine Palette, die Produkte f\u00fcr jede Anwendung sofort ab Lager bereitstellt.<\/p>\n<p class=\"p1\">Als erstes Unternehmen, das Marketing als Hebel f\u00fcr den Handel erkannte, wusste Maxima seine Unternehmenspolitik zur St\u00e4rkung seines Markenzeichens zu nutzen. Schnelle Lieferzeiten und sorgf\u00e4ltiger Kundendienst beim Pre- und Aftersales vervollst\u00e4ndigen den effizienten und personalisierten Service.<\/p>\n<p class=\"p1\">Zuk\u00fcnftig hat Maxima noch vieles vor, unter anderem: weitere Ausbau der Produktpalette, Steigerung des Marktanteils, Ausdehnung auf das Ausland, besondere Aufmerksamkeit gegen\u00fcber Umwelt- und Sozialwerten.<\/p>\n<p><img loading=\"lazy\" decoding=\"async\" class=\"alignnone wp-image-11151\" src=\"\/wp-content\/uploads\/2013\/10\/chi-siamo-2015-2.jpg\" alt=\"\" width=\"600\" height=\"407\" srcset=\"https:\/\/www.maxima-dia.com\/wp-content\/uploads\/2013\/10\/chi-siamo-2015-2.jpg 1024w, https:\/\/www.maxima-dia.com\/wp-content\/uploads\/2013\/10\/chi-siamo-2015-2-300x203.jpg 300w, https:\/\/www.maxima-dia.com\/wp-content\/uploads\/2013\/10\/chi-siamo-2015-2-1020x694.jpg 1020w, https:\/\/www.maxima-dia.com\/wp-content\/uploads\/2013\/10\/chi-siamo-2015-2-120x80.jpg 120w\" sizes=\"(max-width: 600px) 100vw, 600px\" \/><\/p>\n<p>&nbsp;<\/p>\n<h4>Photogallery<\/h4>\nngg_shortcode_0_placeholder\n","protected":false},"excerpt":{"rendered":"<p>Unternehmenspr\u00e4sentation Die Firma Maxima wurde 2001 in Norditalien, Poviglio (Reggio Emilia), gegr\u00fcndet. Gr\u00fcnder vereinten ihre Jahrzehnte lange Berufserfahrung und initiierten dieses neue Projekt, dessen Ans\u00e4tze Werte wie Transparenz, Einfachheit und wahre Hingabe f\u00fcr die eigene Arbeit beinhalten. Seit der Gr\u00fcndung war das Ziel klar: in kurzer Zeit die F\u00fchrung in ihrem Bereich zu erhalten. Das Unternehmen spezialisierte sich auf diamantbest\u00fcckte Werkzeuge sowie Baumaschinen zum Schneiden und Kernbohren. Diese Spezialisierung trug dazu bei, dass der Umsatz in den letzten Jahren selbst w\u00e4hrend der Rezessionsphase erh\u00f6ht werden konnte. Das ermutigende Ergebnis ist sowohl eine positive Best\u00e4tigung f\u00fcr die Weitsichtigkeit der kommerziellen als auch der marketing- und unternehmenstechnischen Entscheidungen, die die zwei Teilhaber trafen. Maxima glaubte jeher an Unkompliziertheit. Unkompliziertheit bei pers\u00f6nlichen Beziehungen, sehr transparente Gesten, Klarheit bei der Pr\u00e4sentation der Produkte (in deren Produktname die Farbe des Produkts gef\u00fchrt wird), klare Angaben der technischen Eigenschaften und \u00fcbersichtlicher Aufbau des Katalogs, der auch f\u00fcr weniger Erfahrene verst\u00e4ndlich ist. Das in den letzten Jahren erworbene Vertrauen ist zum gr\u00f6\u00dften Teil Verdienst der hundertprozentigen Qualit\u00e4t von Maxima. Diese ist zertifiziert und wird \u00fcber die gesamte Produktpalette kontrolliert \u2013 eine Palette, die Produkte f\u00fcr jede Anwendung sofort ab Lager bereitstellt. Als erstes Unternehmen, das Marketing als [&hellip;]<\/p>\n","protected":false},"author":29,"featured_media":0,"parent":0,"menu_order":244,"comment_status":"closed","ping_status":"closed","template":"","meta":{"ngg_post_thumbnail":0,"_joinchat":[],"footnotes":""},"class_list":["post-6324","page","type-page","status-publish","hentry"],"yoast_head":"<!-- This site is optimized with the Yoast SEO plugin v25.5 - https:\/\/yoast.com\/wordpress\/plugins\/seo\/ -->\n<title>Das Unternehmen - Maxima SpA<\/title>\n<meta name=\"description\" content=\"Das Unternehmen spezialisierte sich auf diamantbest\u00fcckte Werkzeuge sowie Baumaschinen zum Schneiden und Kernbohren.\" \/>\n<meta name=\"robots\" content=\"index, follow, max-snippet:-1, max-image-preview:large, max-video-preview:-1\" \/>\n<link rel=\"canonical\" href=\"https:\/\/www.maxima-dia.com\/de\/das-unternehmen\/\" \/>\n<meta property=\"og:locale\" content=\"de_DE\" \/>\n<meta property=\"og:type\" content=\"article\" \/>\n<meta property=\"og:title\" content=\"Das Unternehmen - Maxima SpA\" \/>\n<meta property=\"og:description\" content=\"Das Unternehmen spezialisierte sich auf diamantbest\u00fcckte Werkzeuge sowie Baumaschinen zum Schneiden und Kernbohren.\" \/>\n<meta property=\"og:url\" content=\"https:\/\/www.maxima-dia.com\/de\/das-unternehmen\/\" \/>\n<meta property=\"og:site_name\" content=\"Maxima SpA\" \/>\n<meta property=\"article:publisher\" content=\"https:\/\/www.facebook.com\/Maxima-spa-106098566139597\" \/>\n<meta property=\"article:modified_time\" content=\"2019-08-07T09:35:30+00:00\" \/>\n<meta property=\"og:image\" content=\"https:\/\/www.maxima-dia.com\/wp-content\/uploads\/2011\/09\/chi-siamo-2015.jpg\" \/>\n<meta name=\"twitter:card\" content=\"summary_large_image\" \/>\n<meta name=\"twitter:site\" content=\"@Maximadia\" \/>\n<meta name=\"twitter:label1\" content=\"Gesch\u00e4tzte Lesezeit\" \/>\n\t<meta name=\"twitter:data1\" content=\"2\u00a0Minuten\" \/>\n<script type=\"application\/ld+json\" class=\"yoast-schema-graph\">{\"@context\":\"https:\/\/schema.org\",\"@graph\":[{\"@type\":\"WebPage\",\"@id\":\"https:\/\/www.maxima-dia.com\/de\/das-unternehmen\/\",\"url\":\"https:\/\/www.maxima-dia.com\/de\/das-unternehmen\/\",\"name\":\"Das Unternehmen - Maxima SpA\",\"isPartOf\":{\"@id\":\"https:\/\/www.maxima-dia.com\/de\/#website\"},\"datePublished\":\"2013-10-07T09:26:54+00:00\",\"dateModified\":\"2019-08-07T09:35:30+00:00\",\"description\":\"Das Unternehmen spezialisierte sich auf diamantbest\u00fcckte Werkzeuge sowie Baumaschinen zum Schneiden und Kernbohren.\",\"breadcrumb\":{\"@id\":\"https:\/\/www.maxima-dia.com\/de\/das-unternehmen\/#breadcrumb\"},\"inLanguage\":\"de\",\"potentialAction\":[{\"@type\":\"ReadAction\",\"target\":[\"https:\/\/www.maxima-dia.com\/de\/das-unternehmen\/\"]}]},{\"@type\":\"BreadcrumbList\",\"@id\":\"https:\/\/www.maxima-dia.com\/de\/das-unternehmen\/#breadcrumb\",\"itemListElement\":[{\"@type\":\"ListItem\",\"position\":1,\"name\":\"Home\",\"item\":\"https:\/\/www.maxima-dia.com\/de\/\"},{\"@type\":\"ListItem\",\"position\":2,\"name\":\"Das Unternehmen\"}]},{\"@type\":\"WebSite\",\"@id\":\"https:\/\/www.maxima-dia.com\/de\/#website\",\"url\":\"https:\/\/www.maxima-dia.com\/de\/\",\"name\":\"Maxima SpA\",\"description\":\"Only for the real professionals\",\"potentialAction\":[{\"@type\":\"SearchAction\",\"target\":{\"@type\":\"EntryPoint\",\"urlTemplate\":\"https:\/\/www.maxima-dia.com\/de\/?s={search_term_string}\"},\"query-input\":{\"@type\":\"PropertyValueSpecification\",\"valueRequired\":true,\"valueName\":\"search_term_string\"}}],\"inLanguage\":\"de\"}]}<\/script>\n<!-- \/ Yoast SEO plugin. -->","yoast_head_json":{"title":"Das Unternehmen - Maxima SpA","description":"Das Unternehmen spezialisierte sich auf diamantbest\u00fcckte Werkzeuge sowie Baumaschinen zum Schneiden und Kernbohren.","robots":{"index":"index","follow":"follow","max-snippet":"max-snippet:-1","max-image-preview":"max-image-preview:large","max-video-preview":"max-video-preview:-1"},"canonical":"https:\/\/www.maxima-dia.com\/de\/das-unternehmen\/","og_locale":"de_DE","og_type":"article","og_title":"Das Unternehmen - Maxima SpA","og_description":"Das Unternehmen spezialisierte sich auf diamantbest\u00fcckte Werkzeuge sowie Baumaschinen zum Schneiden und Kernbohren.","og_url":"https:\/\/www.maxima-dia.com\/de\/das-unternehmen\/","og_site_name":"Maxima SpA","article_publisher":"https:\/\/www.facebook.com\/Maxima-spa-106098566139597","article_modified_time":"2019-08-07T09:35:30+00:00","og_image":[{"url":"https:\/\/www.maxima-dia.com\/wp-content\/uploads\/2011\/09\/chi-siamo-2015.jpg","type":"","width":"","height":""}],"twitter_card":"summary_large_image","twitter_site":"@Maximadia","twitter_misc":{"Gesch\u00e4tzte Lesezeit":"2\u00a0Minuten"},"schema":{"@context":"https:\/\/schema.org","@graph":[{"@type":"WebPage","@id":"https:\/\/www.maxima-dia.com\/de\/das-unternehmen\/","url":"https:\/\/www.maxima-dia.com\/de\/das-unternehmen\/","name":"Das Unternehmen - Maxima SpA","isPartOf":{"@id":"https:\/\/www.maxima-dia.com\/de\/#website"},"datePublished":"2013-10-07T09:26:54+00:00","dateModified":"2019-08-07T09:35:30+00:00","description":"Das Unternehmen spezialisierte sich auf diamantbest\u00fcckte Werkzeuge sowie Baumaschinen zum Schneiden und Kernbohren.","breadcrumb":{"@id":"https:\/\/www.maxima-dia.com\/de\/das-unternehmen\/#breadcrumb"},"inLanguage":"de","potentialAction":[{"@type":"ReadAction","target":["https:\/\/www.maxima-dia.com\/de\/das-unternehmen\/"]}]},{"@type":"BreadcrumbList","@id":"https:\/\/www.maxima-dia.com\/de\/das-unternehmen\/#breadcrumb","itemListElement":[{"@type":"ListItem","position":1,"name":"Home","item":"https:\/\/www.maxima-dia.com\/de\/"},{"@type":"ListItem","position":2,"name":"Das Unternehmen"}]},{"@type":"WebSite","@id":"https:\/\/www.maxima-dia.com\/de\/#website","url":"https:\/\/www.maxima-dia.com\/de\/","name":"Maxima SpA","description":"Only for the real professionals","potentialAction":[{"@type":"SearchAction","target":{"@type":"EntryPoint","urlTemplate":"https:\/\/www.maxima-dia.com\/de\/?s={search_term_string}"},"query-input":{"@type":"PropertyValueSpecification","valueRequired":true,"valueName":"search_term_string"}}],"inLanguage":"de"}]}},"_links":{"self":[{"href":"https:\/\/www.maxima-dia.com\/de\/wp-json\/wp\/v2\/pages\/6324"}],"collection":[{"href":"https:\/\/www.maxima-dia.com\/de\/wp-json\/wp\/v2\/pages"}],"about":[{"href":"https:\/\/www.maxima-dia.com\/de\/wp-json\/wp\/v2\/types\/page"}],"author":[{"embeddable":true,"href":"https:\/\/www.maxima-dia.com\/de\/wp-json\/wp\/v2\/users\/29"}],"replies":[{"embeddable":true,"href":"https:\/\/www.maxima-dia.com\/de\/wp-json\/wp\/v2\/comments?post=6324"}],"version-history":[{"count":0,"href":"https:\/\/www.maxima-dia.com\/de\/wp-json\/wp\/v2\/pages\/6324\/revisions"}],"wp:attachment":[{"href":"https:\/\/www.maxima-dia.com\/de\/wp-json\/wp\/v2\/media?parent=6324"}],"curies":[{"name":"wp","href":"https:\/\/api.w.org\/{rel}","templated":true}]}}