{"id":6340,"date":"2013-10-07T11:58:21","date_gmt":"2013-10-07T09:58:21","guid":{"rendered":"http:\/\/www.maxima-dia.com\/?page_id=6340"},"modified":"2025-11-12T16:11:30","modified_gmt":"2025-11-12T15:11:30","slug":"sicherheit-und-unternehmensgarantien","status":"publish","type":"page","link":"https:\/\/www.maxima-dia.com\/de\/sicherheit-und-unternehmensgarantien\/","title":{"rendered":"Sicherheit und Unternehmensgarantien"},"content":{"rendered":"<p><img loading=\"lazy\" decoding=\"async\" class=\"alignnone size-full wp-image-1813\" title=\"mission\" src=\"\/wp-content\/uploads\/2011\/09\/mission2.jpg\" alt=\"\" width=\"595\" height=\"341\" srcset=\"https:\/\/www.maxima-dia.com\/wp-content\/uploads\/2011\/09\/mission2.jpg 595w, https:\/\/www.maxima-dia.com\/wp-content\/uploads\/2011\/09\/mission2-300x171.jpg 300w\" sizes=\"(max-width: 595px) 100vw, 595px\" \/><\/p>\n<p class=\"p1\">F\u00fcr Maxima ist ein Auftrag nicht einfach abgeschlossen, wenn ein H\u00e4ndler ein Produkt erwirbt. Erst wenn der Endkunde dieses Produkt kauft und seine Zufriedenheit ausdr\u00fcckt, ist auch Maxima befriedigt.<\/p>\n<p class=\"p1\">Maxima bietet den H\u00e4ndlern eine Reihe exklusiver Garantien an. Sicherheit nimmt im Unternehmen seit jeher eine hohe Priorit\u00e4t ein. Ihr gilt die maximale Aufmerksamkeit, um das Risiko von Unf\u00e4llen zu verhindern und verringern.<\/p>\n<p class=\"p1\">Die Diamanttrennscheiben von Maxima sind nach EN13236 europ\u00e4ischen Sicherheitsanforderungen und oSa zertifiziert. Die Schleifscheiben von Maxima sind Made in Italy bezeichnet, nach EN 12413 (Europ\u00e4ische Richtlinien) gepr\u00fcft, oSa zertifiziert und in praktischen patentierten Plastikboxen verpackt.<\/p>\n<p class=\"p1\">Alle Maschinen von Maxime sind Made in EU und CE zertifiziert, deshalb erf\u00fcllen sie die europ\u00e4ischen Verordnungen.<\/p>\n<p>&nbsp;<\/p>\n<h3>VERSICHERUNG<\/h3>\n<p>Haftpflichtversicherung&nbsp;auf alle Produkte<\/p>\n<div>\n<p><img decoding=\"async\" src=\"\/wp-content\/uploads\/2017\/02\/garanzia.png\" alt=\"\"><\/p>\n<p>alle Produkte sind mit einer Produkthaftpflichtversicherung&nbsp;ausgestattet<\/p>\n<p>&nbsp;<\/p>\n<h3>ZERTIFIKATE<\/h3>\n<p>ISO 9001:2015 &#8211; OSA &#8211; EN 13236<\/p>\n<table style=\"margin: 10px !important; width: 100%;\">\n<tbody>\n<tr>\n<td style=\"text-align: center;\"><a href=\"\/wp-content\/uploads\/2025\/11\/MAXIMA_SPA_CERTIFICATO_TUV_2025.pdf\" target=\"_blank\" rel=\"noopener noreferrer\"><img loading=\"lazy\" decoding=\"async\" class=\"aligncenter\" src=\"\/wp-content\/uploads\/2017\/02\/ISO.png\" alt=\"\" width=\"60\" height=\"60\"><\/a><\/td>\n<td style=\"text-align: center;\"><img loading=\"lazy\" decoding=\"async\" style=\"margin-top: 10px; margin-bottom: 10px;\" src=\"\/wp-content\/uploads\/2017\/02\/OSA.png\" alt=\"\" width=\"60\" height=\"41\"><\/td>\n<td style=\"text-align: center;\"><img loading=\"lazy\" decoding=\"async\" class=\"aligncenter\" src=\"\/wp-content\/uploads\/2017\/02\/EUROPE.png\" alt=\"\" width=\"60\" height=\"41\"><\/td>\n<\/tr>\n<tr>\n<td style=\"text-align: center;\">zertifiziertes Qualit\u00e4tssystem<br \/>\nEN ISO 9001:2015<br \/>\nZertifikat Nr. 50 100 4566<\/td>\n<td style=\"text-align: center;\">Diamantwerkzeuge mit OSA-<br \/>\nZertifikat&nbsp;(Organization for the<br \/>\nSafety of&nbsp;Abrasives)<\/td>\n<td style=\"text-align: center;\">alle Baumaschinen sind in der<br \/>\nEU hergestellt und besitzen ein<br \/>\nCE-Zertifikat<\/td>\n<\/tr>\n<\/tbody>\n<\/table>\n<p>&nbsp;<\/p>\n<h3>LASERMARKIERUNGEN<\/h3>\n<p>Unausl\u00f6schlich auf allen Produkten<\/p>\n<p>&nbsp;<\/p>\n<h3>SCHNELL-LIEFER-SERVICE<\/h3>\n<p>\u00dcberall mit Express-Lieferung<\/p>\n<p>&nbsp;<\/p>\n<h3>NUR H\u00c4NDLER<\/h3>\n<p>Ausschlie\u00dflich qualifizierte&nbsp;H\u00e4ndler werden beliefert<\/p>\n<p>&nbsp;<\/p>\n<h3>KUNDENSERVICE<\/h3>\n<p>Spezialisierte Techniker und Handelsvertreter gew\u00e4hrleisten den Kundendienst<\/p>\n<p>&nbsp;<\/p>\n<p><img decoding=\"async\" src=\"\/wp-content\/uploads\/2017\/02\/confindustria.png\" alt=\"\"><br \/>\nAderenti a industriali di Reggio Emilia<\/p>\n<\/div>\n<p>&nbsp;<\/p>\n","protected":false},"excerpt":{"rendered":"<p>F\u00fcr Maxima ist ein Auftrag nicht einfach abgeschlossen, wenn ein H\u00e4ndler ein Produkt erwirbt. Erst wenn der Endkunde dieses Produkt kauft und seine Zufriedenheit ausdr\u00fcckt, ist auch Maxima befriedigt. Maxima bietet den H\u00e4ndlern eine Reihe exklusiver Garantien an. Sicherheit nimmt im Unternehmen seit jeher eine hohe Priorit\u00e4t ein. Ihr gilt die maximale Aufmerksamkeit, um das Risiko von Unf\u00e4llen zu verhindern und verringern. Die Diamanttrennscheiben von Maxima sind nach EN13236 europ\u00e4ischen Sicherheitsanforderungen und oSa zertifiziert. Die Schleifscheiben von Maxima sind Made in Italy bezeichnet, nach EN 12413 (Europ\u00e4ische Richtlinien) gepr\u00fcft, oSa zertifiziert und in praktischen patentierten Plastikboxen verpackt. Alle Maschinen von Maxime sind Made in EU und CE zertifiziert, deshalb erf\u00fcllen sie die europ\u00e4ischen Verordnungen. &nbsp; VERSICHERUNG Haftpflichtversicherung&nbsp;auf alle Produkte alle Produkte sind mit einer Produkthaftpflichtversicherung&nbsp;ausgestattet &nbsp; ZERTIFIKATE ISO 9001:2015 &#8211; OSA &#8211; EN 13236 zertifiziertes Qualit\u00e4tssystem EN ISO 9001:2015 Zertifikat Nr. 50 100 4566 Diamantwerkzeuge mit OSA- Zertifikat&nbsp;(Organization for the Safety of&nbsp;Abrasives) alle Baumaschinen sind in der EU hergestellt und besitzen ein CE-Zertifikat &nbsp; LASERMARKIERUNGEN Unausl\u00f6schlich auf allen Produkten &nbsp; SCHNELL-LIEFER-SERVICE \u00dcberall mit Express-Lieferung &nbsp; NUR H\u00c4NDLER Ausschlie\u00dflich qualifizierte&nbsp;H\u00e4ndler werden beliefert &nbsp; KUNDENSERVICE Spezialisierte Techniker und Handelsvertreter gew\u00e4hrleisten den Kundendienst &nbsp; Aderenti a industriali di Reggio Emilia &nbsp;<\/p>\n","protected":false},"author":29,"featured_media":0,"parent":0,"menu_order":332,"comment_status":"closed","ping_status":"closed","template":"","meta":{"ngg_post_thumbnail":0,"_joinchat":[],"footnotes":""},"class_list":["post-6340","page","type-page","status-publish","hentry"],"yoast_head":"<!-- This site is optimized with the Yoast SEO plugin v25.5 - https:\/\/yoast.com\/wordpress\/plugins\/seo\/ -->\n<title>Sicherheit und Unternehmensgarantien - Maxima SpA<\/title>\n<meta name=\"robots\" content=\"index, follow, max-snippet:-1, max-image-preview:large, max-video-preview:-1\" \/>\n<link rel=\"canonical\" href=\"https:\/\/www.maxima-dia.com\/de\/sicherheit-und-unternehmensgarantien\/\" \/>\n<meta property=\"og:locale\" content=\"de_DE\" \/>\n<meta property=\"og:type\" content=\"article\" \/>\n<meta property=\"og:title\" content=\"Sicherheit und Unternehmensgarantien - Maxima SpA\" \/>\n<meta property=\"og:description\" content=\"F\u00fcr Maxima ist ein Auftrag nicht einfach abgeschlossen, wenn ein H\u00e4ndler ein Produkt erwirbt. Erst wenn der Endkunde dieses Produkt kauft und seine Zufriedenheit ausdr\u00fcckt, ist auch Maxima befriedigt. Maxima bietet den H\u00e4ndlern eine Reihe exklusiver Garantien an. Sicherheit nimmt im Unternehmen seit jeher eine hohe Priorit\u00e4t ein. Ihr gilt die maximale Aufmerksamkeit, um das Risiko von Unf\u00e4llen zu verhindern und verringern. Die Diamanttrennscheiben von Maxima sind nach EN13236 europ\u00e4ischen Sicherheitsanforderungen und oSa zertifiziert. Die Schleifscheiben von Maxima sind Made in Italy bezeichnet, nach EN 12413 (Europ\u00e4ische Richtlinien) gepr\u00fcft, oSa zertifiziert und in praktischen patentierten Plastikboxen verpackt. Alle Maschinen von Maxime sind Made in EU und CE zertifiziert, deshalb erf\u00fcllen sie die europ\u00e4ischen Verordnungen. &nbsp; VERSICHERUNG Haftpflichtversicherung&nbsp;auf alle Produkte alle Produkte sind mit einer Produkthaftpflichtversicherung&nbsp;ausgestattet &nbsp; ZERTIFIKATE ISO 9001:2015 &#8211; OSA &#8211; EN 13236 zertifiziertes Qualit\u00e4tssystem EN ISO 9001:2015 Zertifikat Nr. 50 100 4566 Diamantwerkzeuge mit OSA- Zertifikat&nbsp;(Organization for the Safety of&nbsp;Abrasives) alle Baumaschinen sind in der EU hergestellt und besitzen ein CE-Zertifikat &nbsp; LASERMARKIERUNGEN Unausl\u00f6schlich auf allen Produkten &nbsp; SCHNELL-LIEFER-SERVICE \u00dcberall mit Express-Lieferung &nbsp; NUR H\u00c4NDLER Ausschlie\u00dflich qualifizierte&nbsp;H\u00e4ndler werden beliefert &nbsp; KUNDENSERVICE Spezialisierte Techniker und Handelsvertreter gew\u00e4hrleisten den Kundendienst &nbsp; Aderenti a industriali di Reggio Emilia &nbsp;\" \/>\n<meta property=\"og:url\" content=\"https:\/\/www.maxima-dia.com\/de\/sicherheit-und-unternehmensgarantien\/\" \/>\n<meta property=\"og:site_name\" content=\"Maxima SpA\" \/>\n<meta property=\"article:publisher\" content=\"https:\/\/www.facebook.com\/Maxima-spa-106098566139597\" \/>\n<meta property=\"article:modified_time\" content=\"2025-11-12T15:11:30+00:00\" \/>\n<meta property=\"og:image\" content=\"https:\/\/www.maxima-dia.com\/wp-content\/uploads\/2022\/03\/MaximaSpA-logo-quadrato.jpg\" \/>\n\t<meta property=\"og:image:width\" content=\"500\" \/>\n\t<meta property=\"og:image:height\" content=\"500\" \/>\n\t<meta property=\"og:image:type\" content=\"image\/jpeg\" \/>\n<meta name=\"twitter:card\" content=\"summary_large_image\" \/>\n<meta name=\"twitter:site\" content=\"@Maximadia\" \/>\n<meta name=\"twitter:label1\" content=\"Gesch\u00e4tzte Lesezeit\" \/>\n\t<meta name=\"twitter:data1\" content=\"1\u00a0Minute\" \/>\n<script type=\"application\/ld+json\" class=\"yoast-schema-graph\">{\"@context\":\"https:\/\/schema.org\",\"@graph\":[{\"@type\":\"WebPage\",\"@id\":\"https:\/\/www.maxima-dia.com\/de\/sicherheit-und-unternehmensgarantien\/\",\"url\":\"https:\/\/www.maxima-dia.com\/de\/sicherheit-und-unternehmensgarantien\/\",\"name\":\"Sicherheit und Unternehmensgarantien - Maxima SpA\",\"isPartOf\":{\"@id\":\"https:\/\/www.maxima-dia.com\/de\/#website\"},\"datePublished\":\"2013-10-07T09:58:21+00:00\",\"dateModified\":\"2025-11-12T15:11:30+00:00\",\"breadcrumb\":{\"@id\":\"https:\/\/www.maxima-dia.com\/de\/sicherheit-und-unternehmensgarantien\/#breadcrumb\"},\"inLanguage\":\"de\",\"potentialAction\":[{\"@type\":\"ReadAction\",\"target\":[\"https:\/\/www.maxima-dia.com\/de\/sicherheit-und-unternehmensgarantien\/\"]}]},{\"@type\":\"BreadcrumbList\",\"@id\":\"https:\/\/www.maxima-dia.com\/de\/sicherheit-und-unternehmensgarantien\/#breadcrumb\",\"itemListElement\":[{\"@type\":\"ListItem\",\"position\":1,\"name\":\"Home\",\"item\":\"https:\/\/www.maxima-dia.com\/de\/\"},{\"@type\":\"ListItem\",\"position\":2,\"name\":\"Sicherheit und Unternehmensgarantien\"}]},{\"@type\":\"WebSite\",\"@id\":\"https:\/\/www.maxima-dia.com\/de\/#website\",\"url\":\"https:\/\/www.maxima-dia.com\/de\/\",\"name\":\"Maxima SpA\",\"description\":\"Only for the real professionals\",\"potentialAction\":[{\"@type\":\"SearchAction\",\"target\":{\"@type\":\"EntryPoint\",\"urlTemplate\":\"https:\/\/www.maxima-dia.com\/de\/?s={search_term_string}\"},\"query-input\":{\"@type\":\"PropertyValueSpecification\",\"valueRequired\":true,\"valueName\":\"search_term_string\"}}],\"inLanguage\":\"de\"}]}<\/script>\n<!-- \/ Yoast SEO plugin. -->","yoast_head_json":{"title":"Sicherheit und Unternehmensgarantien - Maxima SpA","robots":{"index":"index","follow":"follow","max-snippet":"max-snippet:-1","max-image-preview":"max-image-preview:large","max-video-preview":"max-video-preview:-1"},"canonical":"https:\/\/www.maxima-dia.com\/de\/sicherheit-und-unternehmensgarantien\/","og_locale":"de_DE","og_type":"article","og_title":"Sicherheit und Unternehmensgarantien - Maxima SpA","og_description":"F\u00fcr Maxima ist ein Auftrag nicht einfach abgeschlossen, wenn ein H\u00e4ndler ein Produkt erwirbt. Erst wenn der Endkunde dieses Produkt kauft und seine Zufriedenheit ausdr\u00fcckt, ist auch Maxima befriedigt. Maxima bietet den H\u00e4ndlern eine Reihe exklusiver Garantien an. Sicherheit nimmt im Unternehmen seit jeher eine hohe Priorit\u00e4t ein. Ihr gilt die maximale Aufmerksamkeit, um das Risiko von Unf\u00e4llen zu verhindern und verringern. Die Diamanttrennscheiben von Maxima sind nach EN13236 europ\u00e4ischen Sicherheitsanforderungen und oSa zertifiziert. Die Schleifscheiben von Maxima sind Made in Italy bezeichnet, nach EN 12413 (Europ\u00e4ische Richtlinien) gepr\u00fcft, oSa zertifiziert und in praktischen patentierten Plastikboxen verpackt. Alle Maschinen von Maxime sind Made in EU und CE zertifiziert, deshalb erf\u00fcllen sie die europ\u00e4ischen Verordnungen. &nbsp; VERSICHERUNG Haftpflichtversicherung&nbsp;auf alle Produkte alle Produkte sind mit einer Produkthaftpflichtversicherung&nbsp;ausgestattet &nbsp; ZERTIFIKATE ISO 9001:2015 &#8211; OSA &#8211; EN 13236 zertifiziertes Qualit\u00e4tssystem EN ISO 9001:2015 Zertifikat Nr. 50 100 4566 Diamantwerkzeuge mit OSA- Zertifikat&nbsp;(Organization for the Safety of&nbsp;Abrasives) alle Baumaschinen sind in der EU hergestellt und besitzen ein CE-Zertifikat &nbsp; LASERMARKIERUNGEN Unausl\u00f6schlich auf allen Produkten &nbsp; SCHNELL-LIEFER-SERVICE \u00dcberall mit Express-Lieferung &nbsp; NUR H\u00c4NDLER Ausschlie\u00dflich qualifizierte&nbsp;H\u00e4ndler werden beliefert &nbsp; KUNDENSERVICE Spezialisierte Techniker und Handelsvertreter gew\u00e4hrleisten den Kundendienst &nbsp; Aderenti a industriali di Reggio Emilia &nbsp;","og_url":"https:\/\/www.maxima-dia.com\/de\/sicherheit-und-unternehmensgarantien\/","og_site_name":"Maxima SpA","article_publisher":"https:\/\/www.facebook.com\/Maxima-spa-106098566139597","article_modified_time":"2025-11-12T15:11:30+00:00","og_image":[{"width":500,"height":500,"url":"https:\/\/www.maxima-dia.com\/wp-content\/uploads\/2022\/03\/MaximaSpA-logo-quadrato.jpg","type":"image\/jpeg"}],"twitter_card":"summary_large_image","twitter_site":"@Maximadia","twitter_misc":{"Gesch\u00e4tzte Lesezeit":"1\u00a0Minute"},"schema":{"@context":"https:\/\/schema.org","@graph":[{"@type":"WebPage","@id":"https:\/\/www.maxima-dia.com\/de\/sicherheit-und-unternehmensgarantien\/","url":"https:\/\/www.maxima-dia.com\/de\/sicherheit-und-unternehmensgarantien\/","name":"Sicherheit und Unternehmensgarantien - Maxima SpA","isPartOf":{"@id":"https:\/\/www.maxima-dia.com\/de\/#website"},"datePublished":"2013-10-07T09:58:21+00:00","dateModified":"2025-11-12T15:11:30+00:00","breadcrumb":{"@id":"https:\/\/www.maxima-dia.com\/de\/sicherheit-und-unternehmensgarantien\/#breadcrumb"},"inLanguage":"de","potentialAction":[{"@type":"ReadAction","target":["https:\/\/www.maxima-dia.com\/de\/sicherheit-und-unternehmensgarantien\/"]}]},{"@type":"BreadcrumbList","@id":"https:\/\/www.maxima-dia.com\/de\/sicherheit-und-unternehmensgarantien\/#breadcrumb","itemListElement":[{"@type":"ListItem","position":1,"name":"Home","item":"https:\/\/www.maxima-dia.com\/de\/"},{"@type":"ListItem","position":2,"name":"Sicherheit und Unternehmensgarantien"}]},{"@type":"WebSite","@id":"https:\/\/www.maxima-dia.com\/de\/#website","url":"https:\/\/www.maxima-dia.com\/de\/","name":"Maxima SpA","description":"Only for the real professionals","potentialAction":[{"@type":"SearchAction","target":{"@type":"EntryPoint","urlTemplate":"https:\/\/www.maxima-dia.com\/de\/?s={search_term_string}"},"query-input":{"@type":"PropertyValueSpecification","valueRequired":true,"valueName":"search_term_string"}}],"inLanguage":"de"}]}},"_links":{"self":[{"href":"https:\/\/www.maxima-dia.com\/de\/wp-json\/wp\/v2\/pages\/6340"}],"collection":[{"href":"https:\/\/www.maxima-dia.com\/de\/wp-json\/wp\/v2\/pages"}],"about":[{"href":"https:\/\/www.maxima-dia.com\/de\/wp-json\/wp\/v2\/types\/page"}],"author":[{"embeddable":true,"href":"https:\/\/www.maxima-dia.com\/de\/wp-json\/wp\/v2\/users\/29"}],"replies":[{"embeddable":true,"href":"https:\/\/www.maxima-dia.com\/de\/wp-json\/wp\/v2\/comments?post=6340"}],"version-history":[{"count":2,"href":"https:\/\/www.maxima-dia.com\/de\/wp-json\/wp\/v2\/pages\/6340\/revisions"}],"predecessor-version":[{"id":47006,"href":"https:\/\/www.maxima-dia.com\/de\/wp-json\/wp\/v2\/pages\/6340\/revisions\/47006"}],"wp:attachment":[{"href":"https:\/\/www.maxima-dia.com\/de\/wp-json\/wp\/v2\/media?parent=6340"}],"curies":[{"name":"wp","href":"https:\/\/api.w.org\/{rel}","templated":true}]}}