{"id":6370,"date":"2013-10-07T14:37:56","date_gmt":"2013-10-07T12:37:56","guid":{"rendered":"http:\/\/www.maxima-dia.com\/?page_id=6370"},"modified":"2019-08-07T11:34:37","modified_gmt":"2019-08-07T09:34:37","slug":"marketing-verkaufsunterstutzung","status":"publish","type":"page","link":"https:\/\/www.maxima-dia.com\/de\/marketing-verkaufsunterstutzung\/","title":{"rendered":"Marketing und Verkaufsunterst\u00fctzung"},"content":{"rendered":"<p class=\"p2\">Maxima glaubt an die Werte von Marketing und Kommunikation. Als erstes Unternehmen dieses Sektors investierte es gro\u00dfe Summen in diese Bereiche. Investitionen, die von der Kundschaft positiv aufgenommen wurden und den Qualit\u00e4tssprung ausl\u00f6sten, der es in nur wenigen Jahren gestattete, der Bezugspunkt des Sektors zu werden.<\/p>\n<p class=\"p2\">Maxima unterst\u00fctzt seine H\u00e4ndler mit einem umfangreichen Sortiment an Pr\u00e4sentationsinstrumenten. Die Produkte k\u00f6nnen dem Kunden auf diese Weise korrekt und effizient angeboten werden. Nutzen davon haben sowohl der H\u00e4ndler, der Zwischenh\u00e4ndler als auch der Endkunde; sie werden dadurch ausreichend informiert und geschult.<\/p>\n<table style=\"width: 100%;\" border=\"0\" cellspacing=\"2\" cellpadding=\"5\">\n<tbody>\n<tr>\n<td style=\"width: 350px; vertical-align: middle;\"><a href=\"\/wp-content\/uploads\/2013\/10\/mk2015-packaging.jpg\"><img loading=\"lazy\" decoding=\"async\" class=\"alignnone wp-image-11165 size-medium\" src=\"\/wp-content\/uploads\/2013\/10\/mk2015-packaging-300x208.jpg\" alt=\"\" width=\"300\" height=\"208\" srcset=\"https:\/\/www.maxima-dia.com\/wp-content\/uploads\/2013\/10\/mk2015-packaging-300x208.jpg 300w, https:\/\/www.maxima-dia.com\/wp-content\/uploads\/2013\/10\/mk2015-packaging-1020x712.jpg 1020w, https:\/\/www.maxima-dia.com\/wp-content\/uploads\/2013\/10\/mk2015-packaging-191x132.jpg 191w, https:\/\/www.maxima-dia.com\/wp-content\/uploads\/2013\/10\/mk2015-packaging.jpg 1024w\" sizes=\"(max-width: 300px) 100vw, 300px\" \/><\/a><\/td>\n<td style=\"vertical-align: middle;\">\n<h3>Packaging<\/h3>\n<\/td>\n<\/tr>\n<tr>\n<td style=\"width: 350px; vertical-align: middle;\"><a href=\"\/wp-content\/uploads\/2013\/10\/mk2015-tabledisplays.jpg\"><img loading=\"lazy\" decoding=\"async\" class=\"alignnone wp-image-11166 size-medium\" src=\"\/wp-content\/uploads\/2013\/10\/mk2015-tabledisplays-300x213.jpg\" alt=\"mk2015-tabledisplays\" width=\"300\" height=\"213\" srcset=\"https:\/\/www.maxima-dia.com\/wp-content\/uploads\/2013\/10\/mk2015-tabledisplays-300x213.jpg 300w, https:\/\/www.maxima-dia.com\/wp-content\/uploads\/2013\/10\/mk2015-tabledisplays.jpg 1024w\" sizes=\"(max-width: 300px) 100vw, 300px\" \/><\/a><\/td>\n<td style=\"vertical-align: middle;\" valign=\"top\">\n<h3>Table displays<\/h3>\n<\/td>\n<\/tr>\n<tr>\n<td style=\"width: 350px; vertical-align: middle;\"><a href=\"\/wp-content\/uploads\/2013\/10\/mk2015-display.jpg\"><img loading=\"lazy\" decoding=\"async\" class=\"alignnone wp-image-11162 size-medium\" src=\"\/wp-content\/uploads\/2013\/10\/mk2015-display-300x218.jpg\" alt=\"mk2015-display\" width=\"300\" height=\"218\" srcset=\"https:\/\/www.maxima-dia.com\/wp-content\/uploads\/2013\/10\/mk2015-display-300x218.jpg 300w, https:\/\/www.maxima-dia.com\/wp-content\/uploads\/2013\/10\/mk2015-display.jpg 857w\" sizes=\"(max-width: 300px) 100vw, 300px\" \/><\/a><\/td>\n<td style=\"vertical-align: middle;\" valign=\"top\">\n<h3>Floor displays<\/h3>\n<\/td>\n<\/tr>\n<tr>\n<td style=\"width: 350px; vertical-align: middle;\"><a href=\"\/wp-content\/uploads\/2013\/10\/mk2015-corners.jpg\"><img loading=\"lazy\" decoding=\"async\" class=\"alignnone wp-image-11161 size-medium\" src=\"\/wp-content\/uploads\/2013\/10\/mk2015-corners-300x213.jpg\" alt=\"mk2015-corners\" width=\"300\" height=\"213\" srcset=\"https:\/\/www.maxima-dia.com\/wp-content\/uploads\/2013\/10\/mk2015-corners-300x213.jpg 300w, https:\/\/www.maxima-dia.com\/wp-content\/uploads\/2013\/10\/mk2015-corners-1020x729.jpg 1020w, https:\/\/www.maxima-dia.com\/wp-content\/uploads\/2013\/10\/mk2015-corners.jpg 1024w\" sizes=\"(max-width: 300px) 100vw, 300px\" \/><\/a><\/td>\n<td style=\"vertical-align: middle;\" valign=\"top\">\n<h3>Corners<\/h3>\n<\/td>\n<\/tr>\n<tr>\n<td style=\"width: 350px; vertical-align: middle;\"><a href=\"\/wp-content\/uploads\/2013\/10\/mk2015-adv.jpg\"><img loading=\"lazy\" decoding=\"async\" class=\"alignnone wp-image-11159 size-medium\" src=\"\/wp-content\/uploads\/2013\/10\/mk2015-adv-300x212.jpg\" alt=\"mk2015-adv\" width=\"300\" height=\"212\" srcset=\"https:\/\/www.maxima-dia.com\/wp-content\/uploads\/2013\/10\/mk2015-adv-300x212.jpg 300w, https:\/\/www.maxima-dia.com\/wp-content\/uploads\/2013\/10\/mk2015-adv-1020x725.jpg 1020w, https:\/\/www.maxima-dia.com\/wp-content\/uploads\/2013\/10\/mk2015-adv.jpg 1024w\" sizes=\"(max-width: 300px) 100vw, 300px\" \/><\/a><\/td>\n<td style=\"vertical-align: middle;\" valign=\"top\">\n<h3>&nbsp;Advertising<\/h3>\n<\/td>\n<\/tr>\n<tr>\n<td style=\"width: 350px; vertical-align: middle;\"><a href=\"\/wp-content\/uploads\/2013\/10\/mk2015-cataloghi.jpg\"><img loading=\"lazy\" decoding=\"async\" class=\"alignnone wp-image-11160 size-medium\" src=\"\/wp-content\/uploads\/2013\/10\/mk2015-cataloghi-300x212.jpg\" alt=\"mk2015-cataloghi\" width=\"300\" height=\"212\" srcset=\"https:\/\/www.maxima-dia.com\/wp-content\/uploads\/2013\/10\/mk2015-cataloghi-300x212.jpg 300w, https:\/\/www.maxima-dia.com\/wp-content\/uploads\/2013\/10\/mk2015-cataloghi-1020x725.jpg 1020w, https:\/\/www.maxima-dia.com\/wp-content\/uploads\/2013\/10\/mk2015-cataloghi.jpg 1024w\" sizes=\"(max-width: 300px) 100vw, 300px\" \/><\/a><\/td>\n<td style=\"vertical-align: middle;\" valign=\"top\">\n<h3>&nbsp;Catalogues<\/h3>\n<\/td>\n<\/tr>\n<tr>\n<td style=\"width: 350px; vertical-align: middle;\"><a href=\"\/wp-content\/uploads\/2013\/10\/mk2015-gadgets.jpg\"><img loading=\"lazy\" decoding=\"async\" class=\"alignnone wp-image-11163 size-medium\" src=\"\/wp-content\/uploads\/2013\/10\/mk2015-gadgets-300x212.jpg\" alt=\"mk2015-gadgets\" width=\"300\" height=\"212\" srcset=\"https:\/\/www.maxima-dia.com\/wp-content\/uploads\/2013\/10\/mk2015-gadgets-300x212.jpg 300w, https:\/\/www.maxima-dia.com\/wp-content\/uploads\/2013\/10\/mk2015-gadgets-1020x724.jpg 1020w, https:\/\/www.maxima-dia.com\/wp-content\/uploads\/2013\/10\/mk2015-gadgets.jpg 1024w\" sizes=\"(max-width: 300px) 100vw, 300px\" \/><\/a><\/td>\n<td style=\"vertical-align: middle;\" valign=\"top\">\n<h3>Gadgets<\/h3>\n<\/td>\n<\/tr>\n<tr>\n<td style=\"width: 350px; vertical-align: middle;\"><a href=\"\/wp-content\/uploads\/2013\/10\/mk2015-merchandising.jpg\"><img loading=\"lazy\" decoding=\"async\" class=\"alignnone wp-image-11164 size-medium\" src=\"\/wp-content\/uploads\/2013\/10\/mk2015-merchandising-300x212.jpg\" alt=\"mk2015-merchandising\" width=\"300\" height=\"212\" srcset=\"https:\/\/www.maxima-dia.com\/wp-content\/uploads\/2013\/10\/mk2015-merchandising-300x212.jpg 300w, https:\/\/www.maxima-dia.com\/wp-content\/uploads\/2013\/10\/mk2015-merchandising-1020x725.jpg 1020w, https:\/\/www.maxima-dia.com\/wp-content\/uploads\/2013\/10\/mk2015-merchandising.jpg 1024w\" sizes=\"(max-width: 300px) 100vw, 300px\" \/><\/a><\/td>\n<td style=\"vertical-align: middle;\" valign=\"top\">\n<h3>Maxirent Merchandising<\/h3>\n<\/td>\n<\/tr>\n<\/tbody>\n<\/table>\n","protected":false},"excerpt":{"rendered":"<p>Maxima glaubt an die Werte von Marketing und Kommunikation. Als erstes Unternehmen dieses Sektors investierte es gro\u00dfe Summen in diese Bereiche. Investitionen, die von der Kundschaft positiv aufgenommen wurden und den Qualit\u00e4tssprung ausl\u00f6sten, der es in nur wenigen Jahren gestattete, der Bezugspunkt des Sektors zu werden. Maxima unterst\u00fctzt seine H\u00e4ndler mit einem umfangreichen Sortiment an Pr\u00e4sentationsinstrumenten. Die Produkte k\u00f6nnen dem Kunden auf diese Weise korrekt und effizient angeboten werden. Nutzen davon haben sowohl der H\u00e4ndler, der Zwischenh\u00e4ndler als auch der Endkunde; sie werden dadurch ausreichend informiert und geschult. Packaging Table displays Floor displays Corners &nbsp;Advertising &nbsp;Catalogues Gadgets Maxirent Merchandising<\/p>\n","protected":false},"author":29,"featured_media":0,"parent":0,"menu_order":301,"comment_status":"closed","ping_status":"closed","template":"","meta":{"ngg_post_thumbnail":0,"_joinchat":[],"footnotes":""},"class_list":["post-6370","page","type-page","status-publish","hentry"],"yoast_head":"<!-- This site is optimized with the Yoast SEO plugin v25.5 - https:\/\/yoast.com\/wordpress\/plugins\/seo\/ -->\n<title>Marketing und Verkaufsunterst\u00fctzung - Maxima SpA<\/title>\n<meta name=\"description\" content=\"Marketing &amp; Verkaufsunterst\u00fctzung. Maxima glaubt an die Werte von Marketing und Kommunikation.\" \/>\n<meta name=\"robots\" content=\"index, follow, max-snippet:-1, max-image-preview:large, max-video-preview:-1\" \/>\n<link rel=\"canonical\" href=\"https:\/\/www.maxima-dia.com\/de\/marketing-verkaufsunterstutzung\/\" \/>\n<meta property=\"og:locale\" content=\"de_DE\" \/>\n<meta property=\"og:type\" content=\"article\" \/>\n<meta property=\"og:title\" content=\"Marketing und Verkaufsunterst\u00fctzung - Maxima SpA\" \/>\n<meta property=\"og:description\" content=\"Marketing &amp; Verkaufsunterst\u00fctzung. Maxima glaubt an die Werte von Marketing und Kommunikation.\" \/>\n<meta property=\"og:url\" content=\"https:\/\/www.maxima-dia.com\/de\/marketing-verkaufsunterstutzung\/\" \/>\n<meta property=\"og:site_name\" content=\"Maxima SpA\" \/>\n<meta property=\"article:publisher\" content=\"https:\/\/www.facebook.com\/Maxima-spa-106098566139597\" \/>\n<meta property=\"article:modified_time\" content=\"2019-08-07T09:34:37+00:00\" \/>\n<meta property=\"og:image\" content=\"https:\/\/www.maxima-dia.com\/wp-content\/uploads\/2013\/10\/mk2015-packaging-300x208.jpg\" \/>\n<meta name=\"twitter:card\" content=\"summary_large_image\" \/>\n<meta name=\"twitter:site\" content=\"@Maximadia\" \/>\n<meta name=\"twitter:label1\" content=\"Gesch\u00e4tzte Lesezeit\" \/>\n\t<meta name=\"twitter:data1\" content=\"1\u00a0Minute\" \/>\n<script type=\"application\/ld+json\" class=\"yoast-schema-graph\">{\"@context\":\"https:\/\/schema.org\",\"@graph\":[{\"@type\":\"WebPage\",\"@id\":\"https:\/\/www.maxima-dia.com\/de\/marketing-verkaufsunterstutzung\/\",\"url\":\"https:\/\/www.maxima-dia.com\/de\/marketing-verkaufsunterstutzung\/\",\"name\":\"Marketing und Verkaufsunterst\u00fctzung - Maxima SpA\",\"isPartOf\":{\"@id\":\"https:\/\/www.maxima-dia.com\/de\/#website\"},\"datePublished\":\"2013-10-07T12:37:56+00:00\",\"dateModified\":\"2019-08-07T09:34:37+00:00\",\"description\":\"Marketing & Verkaufsunterst\u00fctzung. Maxima glaubt an die Werte von Marketing und Kommunikation.\",\"breadcrumb\":{\"@id\":\"https:\/\/www.maxima-dia.com\/de\/marketing-verkaufsunterstutzung\/#breadcrumb\"},\"inLanguage\":\"de\",\"potentialAction\":[{\"@type\":\"ReadAction\",\"target\":[\"https:\/\/www.maxima-dia.com\/de\/marketing-verkaufsunterstutzung\/\"]}]},{\"@type\":\"BreadcrumbList\",\"@id\":\"https:\/\/www.maxima-dia.com\/de\/marketing-verkaufsunterstutzung\/#breadcrumb\",\"itemListElement\":[{\"@type\":\"ListItem\",\"position\":1,\"name\":\"Home\",\"item\":\"https:\/\/www.maxima-dia.com\/de\/\"},{\"@type\":\"ListItem\",\"position\":2,\"name\":\"Marketing und Verkaufsunterst\u00fctzung\"}]},{\"@type\":\"WebSite\",\"@id\":\"https:\/\/www.maxima-dia.com\/de\/#website\",\"url\":\"https:\/\/www.maxima-dia.com\/de\/\",\"name\":\"Maxima SpA\",\"description\":\"Only for the real professionals\",\"potentialAction\":[{\"@type\":\"SearchAction\",\"target\":{\"@type\":\"EntryPoint\",\"urlTemplate\":\"https:\/\/www.maxima-dia.com\/de\/?s={search_term_string}\"},\"query-input\":{\"@type\":\"PropertyValueSpecification\",\"valueRequired\":true,\"valueName\":\"search_term_string\"}}],\"inLanguage\":\"de\"}]}<\/script>\n<!-- \/ Yoast SEO plugin. -->","yoast_head_json":{"title":"Marketing und Verkaufsunterst\u00fctzung - Maxima SpA","description":"Marketing & Verkaufsunterst\u00fctzung. Maxima glaubt an die Werte von Marketing und Kommunikation.","robots":{"index":"index","follow":"follow","max-snippet":"max-snippet:-1","max-image-preview":"max-image-preview:large","max-video-preview":"max-video-preview:-1"},"canonical":"https:\/\/www.maxima-dia.com\/de\/marketing-verkaufsunterstutzung\/","og_locale":"de_DE","og_type":"article","og_title":"Marketing und Verkaufsunterst\u00fctzung - Maxima SpA","og_description":"Marketing & Verkaufsunterst\u00fctzung. Maxima glaubt an die Werte von Marketing und Kommunikation.","og_url":"https:\/\/www.maxima-dia.com\/de\/marketing-verkaufsunterstutzung\/","og_site_name":"Maxima SpA","article_publisher":"https:\/\/www.facebook.com\/Maxima-spa-106098566139597","article_modified_time":"2019-08-07T09:34:37+00:00","og_image":[{"url":"https:\/\/www.maxima-dia.com\/wp-content\/uploads\/2013\/10\/mk2015-packaging-300x208.jpg","type":"","width":"","height":""}],"twitter_card":"summary_large_image","twitter_site":"@Maximadia","twitter_misc":{"Gesch\u00e4tzte Lesezeit":"1\u00a0Minute"},"schema":{"@context":"https:\/\/schema.org","@graph":[{"@type":"WebPage","@id":"https:\/\/www.maxima-dia.com\/de\/marketing-verkaufsunterstutzung\/","url":"https:\/\/www.maxima-dia.com\/de\/marketing-verkaufsunterstutzung\/","name":"Marketing und Verkaufsunterst\u00fctzung - Maxima SpA","isPartOf":{"@id":"https:\/\/www.maxima-dia.com\/de\/#website"},"datePublished":"2013-10-07T12:37:56+00:00","dateModified":"2019-08-07T09:34:37+00:00","description":"Marketing & Verkaufsunterst\u00fctzung. Maxima glaubt an die Werte von Marketing und Kommunikation.","breadcrumb":{"@id":"https:\/\/www.maxima-dia.com\/de\/marketing-verkaufsunterstutzung\/#breadcrumb"},"inLanguage":"de","potentialAction":[{"@type":"ReadAction","target":["https:\/\/www.maxima-dia.com\/de\/marketing-verkaufsunterstutzung\/"]}]},{"@type":"BreadcrumbList","@id":"https:\/\/www.maxima-dia.com\/de\/marketing-verkaufsunterstutzung\/#breadcrumb","itemListElement":[{"@type":"ListItem","position":1,"name":"Home","item":"https:\/\/www.maxima-dia.com\/de\/"},{"@type":"ListItem","position":2,"name":"Marketing und Verkaufsunterst\u00fctzung"}]},{"@type":"WebSite","@id":"https:\/\/www.maxima-dia.com\/de\/#website","url":"https:\/\/www.maxima-dia.com\/de\/","name":"Maxima SpA","description":"Only for the real professionals","potentialAction":[{"@type":"SearchAction","target":{"@type":"EntryPoint","urlTemplate":"https:\/\/www.maxima-dia.com\/de\/?s={search_term_string}"},"query-input":{"@type":"PropertyValueSpecification","valueRequired":true,"valueName":"search_term_string"}}],"inLanguage":"de"}]}},"_links":{"self":[{"href":"https:\/\/www.maxima-dia.com\/de\/wp-json\/wp\/v2\/pages\/6370"}],"collection":[{"href":"https:\/\/www.maxima-dia.com\/de\/wp-json\/wp\/v2\/pages"}],"about":[{"href":"https:\/\/www.maxima-dia.com\/de\/wp-json\/wp\/v2\/types\/page"}],"author":[{"embeddable":true,"href":"https:\/\/www.maxima-dia.com\/de\/wp-json\/wp\/v2\/users\/29"}],"replies":[{"embeddable":true,"href":"https:\/\/www.maxima-dia.com\/de\/wp-json\/wp\/v2\/comments?post=6370"}],"version-history":[{"count":0,"href":"https:\/\/www.maxima-dia.com\/de\/wp-json\/wp\/v2\/pages\/6370\/revisions"}],"wp:attachment":[{"href":"https:\/\/www.maxima-dia.com\/de\/wp-json\/wp\/v2\/media?parent=6370"}],"curies":[{"name":"wp","href":"https:\/\/api.w.org\/{rel}","templated":true}]}}