{"id":6393,"date":"2013-10-07T15:33:21","date_gmt":"2013-10-07T13:33:21","guid":{"rendered":"http:\/\/www.maxima-dia.com\/?page_id=6393"},"modified":"2022-01-27T09:55:40","modified_gmt":"2022-01-27T08:55:40","slug":"aktivitat-dienstleistungen","status":"publish","type":"page","link":"https:\/\/www.maxima-dia.com\/de\/aktivitat-dienstleistungen\/","title":{"rendered":"Aktivit\u00e4t &#038; Dienstleistungen"},"content":{"rendered":"<h2>Aktivit\u00e4t &amp;&nbsp;Dienstleistungen<\/h2>\n<p>Zur F\u00f6rderung des Produktverkaufs, des Markenzeichens und des Unternehmensimages organisiert Maxima viele und abwechslungsreiche Initiativen. Im Laufe des Jahres werden fortlaufend unterschiedliche Veranstaltungen abgehalten, z. B. Open House, professionelle Vorfu\u0308hrungen bei den Kunden oder Indoor- und Outdoor-Unterrichtskurse. Dies h\u00e4lt die Beziehung zu den Kunden immer frisch und aktuell. Der Kunde befindet sich im Zentrum der Unternehmensentscheidungen Maximas. Die H\u00e4ndler k\u00f6nnen auf eine Reihe spezialisierter Dienstleistungen z\u00e4hlen, die fu\u0308r sie reserviert sind.<\/p>\n<table style=\"width: 100%;\" border=\"0\" cellspacing=\"2\" cellpadding=\"5\">\n<tbody>\n<tr>\n<td style=\"width: 350px; vertical-align: middle;\"><a href=\"\/wp-content\/uploads\/2013\/10\/attserv2022-openhouse.jpg\"><img loading=\"lazy\" decoding=\"async\" class=\"alignnone wp-image-21600 size-medium\" src=\"https:\/\/www.maxima-dia.com\/wp-content\/uploads\/2013\/10\/attserv2015-openhouse-300x212.jpg\" alt=\"attserv2015-openhouse\" width=\"300\" height=\"212\" srcset=\"https:\/\/www.maxima-dia.com\/wp-content\/uploads\/2013\/10\/attserv2015-openhouse-300x212.jpg 300w, https:\/\/www.maxima-dia.com\/wp-content\/uploads\/2013\/10\/attserv2015-openhouse-1020x725.jpg 1020w, https:\/\/www.maxima-dia.com\/wp-content\/uploads\/2013\/10\/attserv2015-openhouse.jpg 1024w\" sizes=\"(max-width: 300px) 100vw, 300px\" \/><\/a><\/td>\n<td style=\"vertical-align: middle;\" valign=\"top\">\n<h3>Open house<\/h3>\n<\/td>\n<\/tr>\n<tr>\n<td style=\"width: 350px; vertical-align: middle;\"><a href=\"https:\/\/www.maxima-dia.com\/wp-content\/uploads\/2013\/10\/attserv2015-24hours-300x212.jpg\"><img loading=\"lazy\" decoding=\"async\" class=\"alignnone size-medium wp-image-21595\" src=\"https:\/\/www.maxima-dia.com\/wp-content\/uploads\/2013\/10\/attserv2015-24hours-300x212.jpg\" alt=\"attserv2015-24hours\" width=\"300\" height=\"212\" srcset=\"https:\/\/www.maxima-dia.com\/wp-content\/uploads\/2013\/10\/attserv2015-24hours-300x212.jpg 300w, https:\/\/www.maxima-dia.com\/wp-content\/uploads\/2013\/10\/attserv2015-24hours-1020x725.jpg 1020w, https:\/\/www.maxima-dia.com\/wp-content\/uploads\/2013\/10\/attserv2015-24hours.jpg 1024w\" sizes=\"(max-width: 300px) 100vw, 300px\" \/><\/a><\/td>\n<td style=\"vertical-align: middle;\">\n<h3>24 hours delivery<\/h3>\n<\/td>\n<\/tr>\n<tr>\n<td style=\"width: 350px; vertical-align: middle;\"><a href=\"https:\/\/www.maxima-dia.com\/wp-content\/uploads\/2013\/10\/attserv2015-customersupport-300x212.jpg\"><img loading=\"lazy\" decoding=\"async\" class=\"alignnone size-medium wp-image-21597\" src=\"https:\/\/www.maxima-dia.com\/wp-content\/uploads\/2013\/10\/attserv2015-customersupport-300x212.jpg\" alt=\"attserv2015-customersupport\" width=\"300\" height=\"212\" srcset=\"https:\/\/www.maxima-dia.com\/wp-content\/uploads\/2013\/10\/attserv2015-customersupport-300x212.jpg 300w, https:\/\/www.maxima-dia.com\/wp-content\/uploads\/2013\/10\/attserv2015-customersupport-1020x725.jpg 1020w, https:\/\/www.maxima-dia.com\/wp-content\/uploads\/2013\/10\/attserv2015-customersupport.jpg 1024w\" sizes=\"(max-width: 300px) 100vw, 300px\" \/><\/a><\/td>\n<td style=\"vertical-align: middle;\">\n<h3>Customer support<\/h3>\n<\/td>\n<\/tr>\n<tr>\n<td style=\"width: 350px; vertical-align: middle;\"><a href=\"\/wp-content\/uploads\/2013\/10\/attserv2022-fiere.jpg\"><img loading=\"lazy\" decoding=\"async\" class=\"alignnone wp-image-21599 size-medium\" src=\"https:\/\/www.maxima-dia.com\/wp-content\/uploads\/2013\/10\/attserv2015-fiere-300x212.jpg\" alt=\"attserv2015-fiere\" width=\"300\" height=\"212\" srcset=\"https:\/\/www.maxima-dia.com\/wp-content\/uploads\/2013\/10\/attserv2015-fiere-300x212.jpg 300w, https:\/\/www.maxima-dia.com\/wp-content\/uploads\/2013\/10\/attserv2015-fiere-1020x725.jpg 1020w, https:\/\/www.maxima-dia.com\/wp-content\/uploads\/2013\/10\/attserv2015-fiere.jpg 1024w\" sizes=\"(max-width: 300px) 100vw, 300px\" \/><\/a><\/td>\n<td style=\"vertical-align: middle;\">\n<h3>Local and international exhibitions<\/h3>\n<\/td>\n<\/tr>\n<tr>\n<td style=\"width: 350px; vertical-align: middle;\"><a href=\"\/wp-content\/uploads\/2013\/10\/attserv2022-training.jpg\"><img loading=\"lazy\" decoding=\"async\" class=\"alignnone wp-image-21602 size-medium\" src=\"https:\/\/www.maxima-dia.com\/wp-content\/uploads\/2013\/10\/attserv2015-training-300x212.jpg\" alt=\"attserv2015-training\" width=\"300\" height=\"212\" srcset=\"https:\/\/www.maxima-dia.com\/wp-content\/uploads\/2013\/10\/attserv2015-training-300x212.jpg 300w, https:\/\/www.maxima-dia.com\/wp-content\/uploads\/2013\/10\/attserv2015-training-1020x725.jpg 1020w, https:\/\/www.maxima-dia.com\/wp-content\/uploads\/2013\/10\/attserv2015-training.jpg 1024w\" sizes=\"(max-width: 300px) 100vw, 300px\" \/><\/a><\/td>\n<td style=\"vertical-align: middle;\">\n<h3>Internal training<\/h3>\n<\/td>\n<\/tr>\n<tr>\n<td style=\"width: 350px; vertical-align: middle;\"><a href=\"\/wp-content\/uploads\/2013\/10\/attserv2022-advice.jpg\"><img loading=\"lazy\" decoding=\"async\" class=\"alignnone wp-image-21596 size-medium\" src=\"https:\/\/www.maxima-dia.com\/wp-content\/uploads\/2013\/10\/attserv2015-advice-300x212.jpg\" alt=\"attserv2015-advice\" width=\"300\" height=\"212\" srcset=\"https:\/\/www.maxima-dia.com\/wp-content\/uploads\/2013\/10\/attserv2015-advice-300x212.jpg 300w, https:\/\/www.maxima-dia.com\/wp-content\/uploads\/2013\/10\/attserv2015-advice.jpg 1024w\" sizes=\"(max-width: 300px) 100vw, 300px\" \/><\/a><\/td>\n<td style=\"vertical-align: middle;\">\n<h3>Professional advices<\/h3>\n<\/td>\n<\/tr>\n<tr>\n<td style=\"width: 350px; vertical-align: middle;\"><a href=\"https:\/\/www.maxima-dia.com\/wp-content\/uploads\/2013\/10\/attserv2015-techsupport-300x212.jpg\"><img loading=\"lazy\" decoding=\"async\" class=\"alignnone size-medium wp-image-21601\" src=\"https:\/\/www.maxima-dia.com\/wp-content\/uploads\/2013\/10\/attserv2015-techsupport-300x212.jpg\" alt=\"attserv2015-techsupport\" width=\"300\" height=\"212\" srcset=\"https:\/\/www.maxima-dia.com\/wp-content\/uploads\/2013\/10\/attserv2015-techsupport-300x212.jpg 300w, https:\/\/www.maxima-dia.com\/wp-content\/uploads\/2013\/10\/attserv2015-techsupport-1020x725.jpg 1020w, https:\/\/www.maxima-dia.com\/wp-content\/uploads\/2013\/10\/attserv2015-techsupport.jpg 1024w\" sizes=\"(max-width: 300px) 100vw, 300px\" \/><\/a><\/td>\n<td style=\"vertical-align: middle;\">\n<h3>Technical Support<\/h3>\n<\/td>\n<\/tr>\n<tr>\n<td style=\"width: 350px; vertical-align: middle;\"><a href=\"https:\/\/www.maxima-dia.com\/wp-content\/uploads\/2013\/10\/attserv2015-customized-300x212.jpg\"><img loading=\"lazy\" decoding=\"async\" class=\"alignnone size-medium wp-image-21598\" src=\"https:\/\/www.maxima-dia.com\/wp-content\/uploads\/2013\/10\/attserv2015-customized-300x212.jpg\" alt=\"attserv2015-customized\" width=\"300\" height=\"212\" srcset=\"https:\/\/www.maxima-dia.com\/wp-content\/uploads\/2013\/10\/attserv2015-customized-300x212.jpg 300w, https:\/\/www.maxima-dia.com\/wp-content\/uploads\/2013\/10\/attserv2015-customized-1020x725.jpg 1020w, https:\/\/www.maxima-dia.com\/wp-content\/uploads\/2013\/10\/attserv2015-customized.jpg 1024w\" sizes=\"(max-width: 300px) 100vw, 300px\" \/><\/a><\/td>\n<td style=\"vertical-align: middle;\">\n<h3>Customized products<\/h3>\n<\/td>\n<\/tr>\n<\/tbody>\n<\/table>\n<p>&nbsp;<\/p>\n","protected":false},"excerpt":{"rendered":"<p>Aktivit\u00e4t &amp;&nbsp;Dienstleistungen Zur F\u00f6rderung des Produktverkaufs, des Markenzeichens und des Unternehmensimages organisiert Maxima viele und abwechslungsreiche Initiativen. Im Laufe des Jahres werden fortlaufend unterschiedliche Veranstaltungen abgehalten, z. B. Open House, professionelle Vorfu\u0308hrungen bei den Kunden oder Indoor- und Outdoor-Unterrichtskurse. Dies h\u00e4lt die Beziehung zu den Kunden immer frisch und aktuell. Der Kunde befindet sich im Zentrum der Unternehmensentscheidungen Maximas. Die H\u00e4ndler k\u00f6nnen auf eine Reihe spezialisierter Dienstleistungen z\u00e4hlen, die fu\u0308r sie reserviert sind. Open house 24 hours delivery Customer support Local and international exhibitions Internal training Professional advices Technical Support Customized products &nbsp;<\/p>\n","protected":false},"author":29,"featured_media":0,"parent":0,"menu_order":266,"comment_status":"closed","ping_status":"closed","template":"","meta":{"ngg_post_thumbnail":0,"_joinchat":[],"footnotes":""},"class_list":["post-6393","page","type-page","status-publish","hentry"],"yoast_head":"<!-- This site is optimized with the Yoast SEO plugin v25.5 - https:\/\/yoast.com\/wordpress\/plugins\/seo\/ -->\n<title>Aktivit\u00e4t &amp; Dienstleistungen - Maxima SpA<\/title>\n<meta name=\"description\" content=\"Aktivit\u00e4t &amp; Dienstleistungen. Zur F\u00f6rderung des Produktverkaufs, des Markenzeichens und des Unternehmensimages organisiert Maxima viele und abwechslungsreiche Initiativen.\" \/>\n<meta name=\"robots\" content=\"index, follow, max-snippet:-1, max-image-preview:large, max-video-preview:-1\" \/>\n<link rel=\"canonical\" href=\"https:\/\/www.maxima-dia.com\/de\/aktivitat-dienstleistungen\/\" \/>\n<meta property=\"og:locale\" content=\"de_DE\" \/>\n<meta property=\"og:type\" content=\"article\" \/>\n<meta property=\"og:title\" content=\"Aktivit\u00e4t &amp; Dienstleistungen - Maxima SpA\" \/>\n<meta property=\"og:description\" content=\"Aktivit\u00e4t &amp; Dienstleistungen. Zur F\u00f6rderung des Produktverkaufs, des Markenzeichens und des Unternehmensimages organisiert Maxima viele und abwechslungsreiche Initiativen.\" \/>\n<meta property=\"og:url\" content=\"https:\/\/www.maxima-dia.com\/de\/aktivitat-dienstleistungen\/\" \/>\n<meta property=\"og:site_name\" content=\"Maxima SpA\" \/>\n<meta property=\"article:publisher\" content=\"https:\/\/www.facebook.com\/Maxima-spa-106098566139597\" \/>\n<meta property=\"article:modified_time\" content=\"2022-01-27T08:55:40+00:00\" \/>\n<meta property=\"og:image\" content=\"https:\/\/www.maxima-dia.com\/wp-content\/uploads\/2013\/10\/attserv2015-openhouse-300x212.jpg\" \/>\n<meta name=\"twitter:card\" content=\"summary_large_image\" \/>\n<meta name=\"twitter:site\" content=\"@Maximadia\" \/>\n<meta name=\"twitter:label1\" content=\"Gesch\u00e4tzte Lesezeit\" \/>\n\t<meta name=\"twitter:data1\" content=\"3\u00a0Minuten\" \/>\n<script type=\"application\/ld+json\" class=\"yoast-schema-graph\">{\"@context\":\"https:\/\/schema.org\",\"@graph\":[{\"@type\":\"WebPage\",\"@id\":\"https:\/\/www.maxima-dia.com\/de\/aktivitat-dienstleistungen\/\",\"url\":\"https:\/\/www.maxima-dia.com\/de\/aktivitat-dienstleistungen\/\",\"name\":\"Aktivit\u00e4t & Dienstleistungen - Maxima SpA\",\"isPartOf\":{\"@id\":\"https:\/\/www.maxima-dia.com\/de\/#website\"},\"primaryImageOfPage\":{\"@id\":\"https:\/\/www.maxima-dia.com\/de\/aktivitat-dienstleistungen\/#primaryimage\"},\"image\":{\"@id\":\"https:\/\/www.maxima-dia.com\/de\/aktivitat-dienstleistungen\/#primaryimage\"},\"thumbnailUrl\":\"https:\/\/www.maxima-dia.com\/wp-content\/uploads\/2013\/10\/attserv2015-openhouse-300x212.jpg\",\"datePublished\":\"2013-10-07T13:33:21+00:00\",\"dateModified\":\"2022-01-27T08:55:40+00:00\",\"description\":\"Aktivit\u00e4t & Dienstleistungen. Zur F\u00f6rderung des Produktverkaufs, des Markenzeichens und des Unternehmensimages organisiert Maxima viele und abwechslungsreiche Initiativen.\",\"breadcrumb\":{\"@id\":\"https:\/\/www.maxima-dia.com\/de\/aktivitat-dienstleistungen\/#breadcrumb\"},\"inLanguage\":\"de\",\"potentialAction\":[{\"@type\":\"ReadAction\",\"target\":[\"https:\/\/www.maxima-dia.com\/de\/aktivitat-dienstleistungen\/\"]}]},{\"@type\":\"ImageObject\",\"inLanguage\":\"de\",\"@id\":\"https:\/\/www.maxima-dia.com\/de\/aktivitat-dienstleistungen\/#primaryimage\",\"url\":\"https:\/\/www.maxima-dia.com\/wp-content\/uploads\/2013\/10\/attserv2015-openhouse-300x212.jpg\",\"contentUrl\":\"https:\/\/www.maxima-dia.com\/wp-content\/uploads\/2013\/10\/attserv2015-openhouse-300x212.jpg\"},{\"@type\":\"BreadcrumbList\",\"@id\":\"https:\/\/www.maxima-dia.com\/de\/aktivitat-dienstleistungen\/#breadcrumb\",\"itemListElement\":[{\"@type\":\"ListItem\",\"position\":1,\"name\":\"Home\",\"item\":\"https:\/\/www.maxima-dia.com\/de\/\"},{\"@type\":\"ListItem\",\"position\":2,\"name\":\"Aktivit\u00e4t &#038; Dienstleistungen\"}]},{\"@type\":\"WebSite\",\"@id\":\"https:\/\/www.maxima-dia.com\/de\/#website\",\"url\":\"https:\/\/www.maxima-dia.com\/de\/\",\"name\":\"Maxima SpA\",\"description\":\"Only for the real professionals\",\"potentialAction\":[{\"@type\":\"SearchAction\",\"target\":{\"@type\":\"EntryPoint\",\"urlTemplate\":\"https:\/\/www.maxima-dia.com\/de\/?s={search_term_string}\"},\"query-input\":{\"@type\":\"PropertyValueSpecification\",\"valueRequired\":true,\"valueName\":\"search_term_string\"}}],\"inLanguage\":\"de\"}]}<\/script>\n<!-- \/ Yoast SEO plugin. -->","yoast_head_json":{"title":"Aktivit\u00e4t & Dienstleistungen - Maxima SpA","description":"Aktivit\u00e4t & Dienstleistungen. Zur F\u00f6rderung des Produktverkaufs, des Markenzeichens und des Unternehmensimages organisiert Maxima viele und abwechslungsreiche Initiativen.","robots":{"index":"index","follow":"follow","max-snippet":"max-snippet:-1","max-image-preview":"max-image-preview:large","max-video-preview":"max-video-preview:-1"},"canonical":"https:\/\/www.maxima-dia.com\/de\/aktivitat-dienstleistungen\/","og_locale":"de_DE","og_type":"article","og_title":"Aktivit\u00e4t & Dienstleistungen - Maxima SpA","og_description":"Aktivit\u00e4t & Dienstleistungen. Zur F\u00f6rderung des Produktverkaufs, des Markenzeichens und des Unternehmensimages organisiert Maxima viele und abwechslungsreiche Initiativen.","og_url":"https:\/\/www.maxima-dia.com\/de\/aktivitat-dienstleistungen\/","og_site_name":"Maxima SpA","article_publisher":"https:\/\/www.facebook.com\/Maxima-spa-106098566139597","article_modified_time":"2022-01-27T08:55:40+00:00","og_image":[{"url":"https:\/\/www.maxima-dia.com\/wp-content\/uploads\/2013\/10\/attserv2015-openhouse-300x212.jpg","type":"","width":"","height":""}],"twitter_card":"summary_large_image","twitter_site":"@Maximadia","twitter_misc":{"Gesch\u00e4tzte Lesezeit":"3\u00a0Minuten"},"schema":{"@context":"https:\/\/schema.org","@graph":[{"@type":"WebPage","@id":"https:\/\/www.maxima-dia.com\/de\/aktivitat-dienstleistungen\/","url":"https:\/\/www.maxima-dia.com\/de\/aktivitat-dienstleistungen\/","name":"Aktivit\u00e4t & Dienstleistungen - Maxima SpA","isPartOf":{"@id":"https:\/\/www.maxima-dia.com\/de\/#website"},"primaryImageOfPage":{"@id":"https:\/\/www.maxima-dia.com\/de\/aktivitat-dienstleistungen\/#primaryimage"},"image":{"@id":"https:\/\/www.maxima-dia.com\/de\/aktivitat-dienstleistungen\/#primaryimage"},"thumbnailUrl":"https:\/\/www.maxima-dia.com\/wp-content\/uploads\/2013\/10\/attserv2015-openhouse-300x212.jpg","datePublished":"2013-10-07T13:33:21+00:00","dateModified":"2022-01-27T08:55:40+00:00","description":"Aktivit\u00e4t & Dienstleistungen. Zur F\u00f6rderung des Produktverkaufs, des Markenzeichens und des Unternehmensimages organisiert Maxima viele und abwechslungsreiche Initiativen.","breadcrumb":{"@id":"https:\/\/www.maxima-dia.com\/de\/aktivitat-dienstleistungen\/#breadcrumb"},"inLanguage":"de","potentialAction":[{"@type":"ReadAction","target":["https:\/\/www.maxima-dia.com\/de\/aktivitat-dienstleistungen\/"]}]},{"@type":"ImageObject","inLanguage":"de","@id":"https:\/\/www.maxima-dia.com\/de\/aktivitat-dienstleistungen\/#primaryimage","url":"https:\/\/www.maxima-dia.com\/wp-content\/uploads\/2013\/10\/attserv2015-openhouse-300x212.jpg","contentUrl":"https:\/\/www.maxima-dia.com\/wp-content\/uploads\/2013\/10\/attserv2015-openhouse-300x212.jpg"},{"@type":"BreadcrumbList","@id":"https:\/\/www.maxima-dia.com\/de\/aktivitat-dienstleistungen\/#breadcrumb","itemListElement":[{"@type":"ListItem","position":1,"name":"Home","item":"https:\/\/www.maxima-dia.com\/de\/"},{"@type":"ListItem","position":2,"name":"Aktivit\u00e4t &#038; Dienstleistungen"}]},{"@type":"WebSite","@id":"https:\/\/www.maxima-dia.com\/de\/#website","url":"https:\/\/www.maxima-dia.com\/de\/","name":"Maxima SpA","description":"Only for the real professionals","potentialAction":[{"@type":"SearchAction","target":{"@type":"EntryPoint","urlTemplate":"https:\/\/www.maxima-dia.com\/de\/?s={search_term_string}"},"query-input":{"@type":"PropertyValueSpecification","valueRequired":true,"valueName":"search_term_string"}}],"inLanguage":"de"}]}},"_links":{"self":[{"href":"https:\/\/www.maxima-dia.com\/de\/wp-json\/wp\/v2\/pages\/6393"}],"collection":[{"href":"https:\/\/www.maxima-dia.com\/de\/wp-json\/wp\/v2\/pages"}],"about":[{"href":"https:\/\/www.maxima-dia.com\/de\/wp-json\/wp\/v2\/types\/page"}],"author":[{"embeddable":true,"href":"https:\/\/www.maxima-dia.com\/de\/wp-json\/wp\/v2\/users\/29"}],"replies":[{"embeddable":true,"href":"https:\/\/www.maxima-dia.com\/de\/wp-json\/wp\/v2\/comments?post=6393"}],"version-history":[{"count":2,"href":"https:\/\/www.maxima-dia.com\/de\/wp-json\/wp\/v2\/pages\/6393\/revisions"}],"predecessor-version":[{"id":33821,"href":"https:\/\/www.maxima-dia.com\/de\/wp-json\/wp\/v2\/pages\/6393\/revisions\/33821"}],"wp:attachment":[{"href":"https:\/\/www.maxima-dia.com\/de\/wp-json\/wp\/v2\/media?parent=6393"}],"curies":[{"name":"wp","href":"https:\/\/api.w.org\/{rel}","templated":true}]}}