{"id":6592,"date":"2013-10-11T14:41:51","date_gmt":"2013-10-11T12:41:51","guid":{"rendered":"http:\/\/www.maxima-dia.com\/?page_id=6592"},"modified":"2019-08-07T11:35:29","modified_gmt":"2019-08-07T09:35:29","slug":"die-zukunft","status":"publish","type":"page","link":"https:\/\/www.maxima-dia.com\/de\/die-zukunft\/","title":{"rendered":"Die Zukunft"},"content":{"rendered":"<h3 align=\"justify\">Die Zukunft<\/h3>\n<p align=\"justify\"><a href=\"\/wp-content\/uploads\/2011\/09\/maxima_green.jpg\"><img loading=\"lazy\" decoding=\"async\" class=\"alignnone wp-image-8276\" src=\"\/wp-content\/uploads\/2011\/09\/maxima_green.jpg\" alt=\"maxima_green\" width=\"631\" height=\"317\" srcset=\"https:\/\/www.maxima-dia.com\/wp-content\/uploads\/2011\/09\/maxima_green.jpg 854w, https:\/\/www.maxima-dia.com\/wp-content\/uploads\/2011\/09\/maxima_green-300x150.jpg 300w\" sizes=\"(max-width: 631px) 100vw, 631px\" \/><\/a><\/p>\n<p style=\"text-align: justify;\" align=\"justify\">Das Unternehmen setzte sich immer schon daf\u00fcr ein,&nbsp;an den Werten festzuhalten, um die herum, es gegr\u00fcndet&nbsp;wurde und sich in diesem Jahrzehnt bl\u00fchend entwickelt&nbsp;hat und das wird auch in der Zukunft so sein.<\/p>\n<p style=\"text-align: justify;\">Das Projekt Maxima sieht dank der kontinuierlichen&nbsp;Erweiterung der Produktpalette, die die Spezialisierung&nbsp;verst\u00e4rkt, eine weitere Konsolidierung auf dem italienischen&nbsp;Markt und die Expansion auf die Auslandsm\u00e4rkte vor.<\/p>\n<p style=\"text-align: justify;\">Hervorragende italienische Qualit\u00e4t auf die Auslandsm\u00e4rkte&nbsp;bringen, um unserem Einfallsreichtum Glanz zu verleihen&nbsp;und ihn hervorzuheben, geh\u00f6rt sicher zu einem Projekt f\u00fcr&nbsp;die Zukunft, in der der Markt immer mehr einer und also&nbsp;global sein wird.<\/p>\n","protected":false},"excerpt":{"rendered":"<p>Die Zukunft Das Unternehmen setzte sich immer schon daf\u00fcr ein,&nbsp;an den Werten festzuhalten, um die herum, es gegr\u00fcndet&nbsp;wurde und sich in diesem Jahrzehnt bl\u00fchend entwickelt&nbsp;hat und das wird auch in der Zukunft so sein. Das Projekt Maxima sieht dank der kontinuierlichen&nbsp;Erweiterung der Produktpalette, die die Spezialisierung&nbsp;verst\u00e4rkt, eine weitere Konsolidierung auf dem italienischen&nbsp;Markt und die Expansion auf die Auslandsm\u00e4rkte vor. Hervorragende italienische Qualit\u00e4t auf die Auslandsm\u00e4rkte&nbsp;bringen, um unserem Einfallsreichtum Glanz zu verleihen&nbsp;und ihn hervorzuheben, geh\u00f6rt sicher zu einem Projekt f\u00fcr&nbsp;die Zukunft, in der der Markt immer mehr einer und also&nbsp;global sein wird.<\/p>\n","protected":false},"author":29,"featured_media":0,"parent":0,"menu_order":223,"comment_status":"closed","ping_status":"closed","template":"","meta":{"ngg_post_thumbnail":0,"_joinchat":[],"footnotes":""},"class_list":["post-6592","page","type-page","status-publish","hentry"],"yoast_head":"<!-- This site is optimized with the Yoast SEO plugin v25.5 - https:\/\/yoast.com\/wordpress\/plugins\/seo\/ -->\n<title>Die Zukunft - Maxima SpA<\/title>\n<meta name=\"robots\" content=\"index, follow, max-snippet:-1, max-image-preview:large, max-video-preview:-1\" \/>\n<link rel=\"canonical\" href=\"https:\/\/www.maxima-dia.com\/de\/die-zukunft\/\" \/>\n<meta property=\"og:locale\" content=\"de_DE\" \/>\n<meta property=\"og:type\" content=\"article\" \/>\n<meta property=\"og:title\" content=\"Die Zukunft - Maxima SpA\" \/>\n<meta property=\"og:description\" content=\"Die Zukunft Das Unternehmen setzte sich immer schon daf\u00fcr ein,&nbsp;an den Werten festzuhalten, um die herum, es gegr\u00fcndet&nbsp;wurde und sich in diesem Jahrzehnt bl\u00fchend entwickelt&nbsp;hat und das wird auch in der Zukunft so sein. Das Projekt Maxima sieht dank der kontinuierlichen&nbsp;Erweiterung der Produktpalette, die die Spezialisierung&nbsp;verst\u00e4rkt, eine weitere Konsolidierung auf dem italienischen&nbsp;Markt und die Expansion auf die Auslandsm\u00e4rkte vor. Hervorragende italienische Qualit\u00e4t auf die Auslandsm\u00e4rkte&nbsp;bringen, um unserem Einfallsreichtum Glanz zu verleihen&nbsp;und ihn hervorzuheben, geh\u00f6rt sicher zu einem Projekt f\u00fcr&nbsp;die Zukunft, in der der Markt immer mehr einer und also&nbsp;global sein wird.\" \/>\n<meta property=\"og:url\" content=\"https:\/\/www.maxima-dia.com\/de\/die-zukunft\/\" \/>\n<meta property=\"og:site_name\" content=\"Maxima SpA\" \/>\n<meta property=\"article:publisher\" content=\"https:\/\/www.facebook.com\/Maxima-spa-106098566139597\" \/>\n<meta property=\"article:modified_time\" content=\"2019-08-07T09:35:29+00:00\" \/>\n<meta property=\"og:image\" content=\"https:\/\/www.maxima-dia.com\/wp-content\/uploads\/2011\/09\/maxima_green.jpg\" \/>\n<meta name=\"twitter:card\" content=\"summary_large_image\" \/>\n<meta name=\"twitter:site\" content=\"@Maximadia\" \/>\n<meta name=\"twitter:label1\" content=\"Gesch\u00e4tzte Lesezeit\" \/>\n\t<meta name=\"twitter:data1\" content=\"1\u00a0Minute\" \/>\n<script type=\"application\/ld+json\" class=\"yoast-schema-graph\">{\"@context\":\"https:\/\/schema.org\",\"@graph\":[{\"@type\":\"WebPage\",\"@id\":\"https:\/\/www.maxima-dia.com\/de\/die-zukunft\/\",\"url\":\"https:\/\/www.maxima-dia.com\/de\/die-zukunft\/\",\"name\":\"Die Zukunft - Maxima SpA\",\"isPartOf\":{\"@id\":\"https:\/\/www.maxima-dia.com\/de\/#website\"},\"datePublished\":\"2013-10-11T12:41:51+00:00\",\"dateModified\":\"2019-08-07T09:35:29+00:00\",\"breadcrumb\":{\"@id\":\"https:\/\/www.maxima-dia.com\/de\/die-zukunft\/#breadcrumb\"},\"inLanguage\":\"de\",\"potentialAction\":[{\"@type\":\"ReadAction\",\"target\":[\"https:\/\/www.maxima-dia.com\/de\/die-zukunft\/\"]}]},{\"@type\":\"BreadcrumbList\",\"@id\":\"https:\/\/www.maxima-dia.com\/de\/die-zukunft\/#breadcrumb\",\"itemListElement\":[{\"@type\":\"ListItem\",\"position\":1,\"name\":\"Home\",\"item\":\"https:\/\/www.maxima-dia.com\/de\/\"},{\"@type\":\"ListItem\",\"position\":2,\"name\":\"Die Zukunft\"}]},{\"@type\":\"WebSite\",\"@id\":\"https:\/\/www.maxima-dia.com\/de\/#website\",\"url\":\"https:\/\/www.maxima-dia.com\/de\/\",\"name\":\"Maxima SpA\",\"description\":\"Only for the real professionals\",\"potentialAction\":[{\"@type\":\"SearchAction\",\"target\":{\"@type\":\"EntryPoint\",\"urlTemplate\":\"https:\/\/www.maxima-dia.com\/de\/?s={search_term_string}\"},\"query-input\":{\"@type\":\"PropertyValueSpecification\",\"valueRequired\":true,\"valueName\":\"search_term_string\"}}],\"inLanguage\":\"de\"}]}<\/script>\n<!-- \/ Yoast SEO plugin. -->","yoast_head_json":{"title":"Die Zukunft - Maxima SpA","robots":{"index":"index","follow":"follow","max-snippet":"max-snippet:-1","max-image-preview":"max-image-preview:large","max-video-preview":"max-video-preview:-1"},"canonical":"https:\/\/www.maxima-dia.com\/de\/die-zukunft\/","og_locale":"de_DE","og_type":"article","og_title":"Die Zukunft - Maxima SpA","og_description":"Die Zukunft Das Unternehmen setzte sich immer schon daf\u00fcr ein,&nbsp;an den Werten festzuhalten, um die herum, es gegr\u00fcndet&nbsp;wurde und sich in diesem Jahrzehnt bl\u00fchend entwickelt&nbsp;hat und das wird auch in der Zukunft so sein. Das Projekt Maxima sieht dank der kontinuierlichen&nbsp;Erweiterung der Produktpalette, die die Spezialisierung&nbsp;verst\u00e4rkt, eine weitere Konsolidierung auf dem italienischen&nbsp;Markt und die Expansion auf die Auslandsm\u00e4rkte vor. Hervorragende italienische Qualit\u00e4t auf die Auslandsm\u00e4rkte&nbsp;bringen, um unserem Einfallsreichtum Glanz zu verleihen&nbsp;und ihn hervorzuheben, geh\u00f6rt sicher zu einem Projekt f\u00fcr&nbsp;die Zukunft, in der der Markt immer mehr einer und also&nbsp;global sein wird.","og_url":"https:\/\/www.maxima-dia.com\/de\/die-zukunft\/","og_site_name":"Maxima SpA","article_publisher":"https:\/\/www.facebook.com\/Maxima-spa-106098566139597","article_modified_time":"2019-08-07T09:35:29+00:00","og_image":[{"url":"https:\/\/www.maxima-dia.com\/wp-content\/uploads\/2011\/09\/maxima_green.jpg","type":"","width":"","height":""}],"twitter_card":"summary_large_image","twitter_site":"@Maximadia","twitter_misc":{"Gesch\u00e4tzte Lesezeit":"1\u00a0Minute"},"schema":{"@context":"https:\/\/schema.org","@graph":[{"@type":"WebPage","@id":"https:\/\/www.maxima-dia.com\/de\/die-zukunft\/","url":"https:\/\/www.maxima-dia.com\/de\/die-zukunft\/","name":"Die Zukunft - Maxima SpA","isPartOf":{"@id":"https:\/\/www.maxima-dia.com\/de\/#website"},"datePublished":"2013-10-11T12:41:51+00:00","dateModified":"2019-08-07T09:35:29+00:00","breadcrumb":{"@id":"https:\/\/www.maxima-dia.com\/de\/die-zukunft\/#breadcrumb"},"inLanguage":"de","potentialAction":[{"@type":"ReadAction","target":["https:\/\/www.maxima-dia.com\/de\/die-zukunft\/"]}]},{"@type":"BreadcrumbList","@id":"https:\/\/www.maxima-dia.com\/de\/die-zukunft\/#breadcrumb","itemListElement":[{"@type":"ListItem","position":1,"name":"Home","item":"https:\/\/www.maxima-dia.com\/de\/"},{"@type":"ListItem","position":2,"name":"Die Zukunft"}]},{"@type":"WebSite","@id":"https:\/\/www.maxima-dia.com\/de\/#website","url":"https:\/\/www.maxima-dia.com\/de\/","name":"Maxima SpA","description":"Only for the real professionals","potentialAction":[{"@type":"SearchAction","target":{"@type":"EntryPoint","urlTemplate":"https:\/\/www.maxima-dia.com\/de\/?s={search_term_string}"},"query-input":{"@type":"PropertyValueSpecification","valueRequired":true,"valueName":"search_term_string"}}],"inLanguage":"de"}]}},"_links":{"self":[{"href":"https:\/\/www.maxima-dia.com\/de\/wp-json\/wp\/v2\/pages\/6592"}],"collection":[{"href":"https:\/\/www.maxima-dia.com\/de\/wp-json\/wp\/v2\/pages"}],"about":[{"href":"https:\/\/www.maxima-dia.com\/de\/wp-json\/wp\/v2\/types\/page"}],"author":[{"embeddable":true,"href":"https:\/\/www.maxima-dia.com\/de\/wp-json\/wp\/v2\/users\/29"}],"replies":[{"embeddable":true,"href":"https:\/\/www.maxima-dia.com\/de\/wp-json\/wp\/v2\/comments?post=6592"}],"version-history":[{"count":0,"href":"https:\/\/www.maxima-dia.com\/de\/wp-json\/wp\/v2\/pages\/6592\/revisions"}],"wp:attachment":[{"href":"https:\/\/www.maxima-dia.com\/de\/wp-json\/wp\/v2\/media?parent=6592"}],"curies":[{"name":"wp","href":"https:\/\/api.w.org\/{rel}","templated":true}]}}