{"id":6602,"date":"2013-10-11T14:50:33","date_gmt":"2013-10-11T12:50:33","guid":{"rendered":"http:\/\/www.maxima-dia.com\/?page_id=6602"},"modified":"2019-08-07T11:35:31","modified_gmt":"2019-08-07T09:35:31","slug":"der-wachstum","status":"publish","type":"page","link":"https:\/\/www.maxima-dia.com\/de\/der-wachstum\/","title":{"rendered":"Der Wachstum"},"content":{"rendered":"<h3 align=\"justify\">Der Wachstum<\/h3>\n<p style=\"text-align: justify;\" align=\"justify\"><img loading=\"lazy\" decoding=\"async\" title=\"grafico\" src=\"\/wp-content\/uploads\/2011\/09\/grafico.jpg\" alt=\"\" width=\"610\" height=\"400\"><br \/>\nVom Gr\u00fcndungsjahr 2001 an weist Maxima einen&nbsp;konstanten Wachstumstrend auf, der es dem Unternehmen&nbsp;gestattet hat, sich heute als eine der bedeutendsten Firmen&nbsp;des Sektors zu pr\u00e4sentieren.<\/p>\n<p style=\"text-align: justify;\">Die Gr\u00fcnde f\u00fcr dieses Wachstum lassen sich, au\u00dfer&nbsp;nat\u00fcrlich in der Wahl der Produkte und Zulieferer, auch&nbsp;in einem Marketingansatz finden, der darauf gesetzt hat,&nbsp;die Marke zur Geltung zu bringen und in der Suche nach&nbsp;Mitarbeitern, die in der Lage sind, den Unternehmensgeist&nbsp;zu teilen und seine Botschaft richtig nach au\u00dfen zu&nbsp;bringen.<\/p>\n<p style=\"text-align: justify;\">Die F\u00e4higkeit eine normalerweise sehr technische Sprache&nbsp;zu vereinfachen und verst\u00e4ndlich zu machen und so effizient&nbsp;mit den Kunden zu kommunizieren hat zu einer f\u00fchrenden&nbsp;Rolle von Maxima in seinem Sektor gef\u00fchrt.<\/p>\n<p style=\"text-align: justify;\">Im T\u00e4tigkeitsbereich des Unternehmens stellt der&nbsp;\u00e4sthetische Faktor f\u00fcr Maxima einen entscheidenden&nbsp;Mehrwert dar.<\/p>\n","protected":false},"excerpt":{"rendered":"<p>Der Wachstum Vom Gr\u00fcndungsjahr 2001 an weist Maxima einen&nbsp;konstanten Wachstumstrend auf, der es dem Unternehmen&nbsp;gestattet hat, sich heute als eine der bedeutendsten Firmen&nbsp;des Sektors zu pr\u00e4sentieren. Die Gr\u00fcnde f\u00fcr dieses Wachstum lassen sich, au\u00dfer&nbsp;nat\u00fcrlich in der Wahl der Produkte und Zulieferer, auch&nbsp;in einem Marketingansatz finden, der darauf gesetzt hat,&nbsp;die Marke zur Geltung zu bringen und in der Suche nach&nbsp;Mitarbeitern, die in der Lage sind, den Unternehmensgeist&nbsp;zu teilen und seine Botschaft richtig nach au\u00dfen zu&nbsp;bringen. Die F\u00e4higkeit eine normalerweise sehr technische Sprache&nbsp;zu vereinfachen und verst\u00e4ndlich zu machen und so effizient&nbsp;mit den Kunden zu kommunizieren hat zu einer f\u00fchrenden&nbsp;Rolle von Maxima in seinem Sektor gef\u00fchrt. Im T\u00e4tigkeitsbereich des Unternehmens stellt der&nbsp;\u00e4sthetische Faktor f\u00fcr Maxima einen entscheidenden&nbsp;Mehrwert dar.<\/p>\n","protected":false},"author":29,"featured_media":0,"parent":0,"menu_order":255,"comment_status":"closed","ping_status":"closed","template":"","meta":{"ngg_post_thumbnail":0,"_joinchat":[],"footnotes":""},"class_list":["post-6602","page","type-page","status-publish","hentry"],"yoast_head":"<!-- This site is optimized with the Yoast SEO plugin v25.5 - https:\/\/yoast.com\/wordpress\/plugins\/seo\/ -->\n<title>Der Wachstum - Maxima SpA<\/title>\n<meta name=\"robots\" content=\"index, follow, max-snippet:-1, max-image-preview:large, max-video-preview:-1\" \/>\n<link rel=\"canonical\" href=\"https:\/\/www.maxima-dia.com\/de\/der-wachstum\/\" \/>\n<meta property=\"og:locale\" content=\"de_DE\" \/>\n<meta property=\"og:type\" content=\"article\" \/>\n<meta property=\"og:title\" content=\"Der Wachstum - Maxima SpA\" \/>\n<meta property=\"og:description\" content=\"Der Wachstum Vom Gr\u00fcndungsjahr 2001 an weist Maxima einen&nbsp;konstanten Wachstumstrend auf, der es dem Unternehmen&nbsp;gestattet hat, sich heute als eine der bedeutendsten Firmen&nbsp;des Sektors zu pr\u00e4sentieren. Die Gr\u00fcnde f\u00fcr dieses Wachstum lassen sich, au\u00dfer&nbsp;nat\u00fcrlich in der Wahl der Produkte und Zulieferer, auch&nbsp;in einem Marketingansatz finden, der darauf gesetzt hat,&nbsp;die Marke zur Geltung zu bringen und in der Suche nach&nbsp;Mitarbeitern, die in der Lage sind, den Unternehmensgeist&nbsp;zu teilen und seine Botschaft richtig nach au\u00dfen zu&nbsp;bringen. Die F\u00e4higkeit eine normalerweise sehr technische Sprache&nbsp;zu vereinfachen und verst\u00e4ndlich zu machen und so effizient&nbsp;mit den Kunden zu kommunizieren hat zu einer f\u00fchrenden&nbsp;Rolle von Maxima in seinem Sektor gef\u00fchrt. Im T\u00e4tigkeitsbereich des Unternehmens stellt der&nbsp;\u00e4sthetische Faktor f\u00fcr Maxima einen entscheidenden&nbsp;Mehrwert dar.\" \/>\n<meta property=\"og:url\" content=\"https:\/\/www.maxima-dia.com\/de\/der-wachstum\/\" \/>\n<meta property=\"og:site_name\" content=\"Maxima SpA\" \/>\n<meta property=\"article:publisher\" content=\"https:\/\/www.facebook.com\/Maxima-spa-106098566139597\" \/>\n<meta property=\"article:modified_time\" content=\"2019-08-07T09:35:31+00:00\" \/>\n<meta property=\"og:image\" content=\"https:\/\/www.maxima-dia.com\/wp-content\/uploads\/2011\/09\/grafico.jpg\" \/>\n<meta name=\"twitter:card\" content=\"summary_large_image\" \/>\n<meta name=\"twitter:site\" content=\"@Maximadia\" \/>\n<meta name=\"twitter:label1\" content=\"Gesch\u00e4tzte Lesezeit\" \/>\n\t<meta name=\"twitter:data1\" content=\"1\u00a0Minute\" \/>\n<script type=\"application\/ld+json\" class=\"yoast-schema-graph\">{\"@context\":\"https:\/\/schema.org\",\"@graph\":[{\"@type\":\"WebPage\",\"@id\":\"https:\/\/www.maxima-dia.com\/de\/der-wachstum\/\",\"url\":\"https:\/\/www.maxima-dia.com\/de\/der-wachstum\/\",\"name\":\"Der Wachstum - Maxima SpA\",\"isPartOf\":{\"@id\":\"https:\/\/www.maxima-dia.com\/de\/#website\"},\"datePublished\":\"2013-10-11T12:50:33+00:00\",\"dateModified\":\"2019-08-07T09:35:31+00:00\",\"breadcrumb\":{\"@id\":\"https:\/\/www.maxima-dia.com\/de\/der-wachstum\/#breadcrumb\"},\"inLanguage\":\"de\",\"potentialAction\":[{\"@type\":\"ReadAction\",\"target\":[\"https:\/\/www.maxima-dia.com\/de\/der-wachstum\/\"]}]},{\"@type\":\"BreadcrumbList\",\"@id\":\"https:\/\/www.maxima-dia.com\/de\/der-wachstum\/#breadcrumb\",\"itemListElement\":[{\"@type\":\"ListItem\",\"position\":1,\"name\":\"Home\",\"item\":\"https:\/\/www.maxima-dia.com\/de\/\"},{\"@type\":\"ListItem\",\"position\":2,\"name\":\"Der Wachstum\"}]},{\"@type\":\"WebSite\",\"@id\":\"https:\/\/www.maxima-dia.com\/de\/#website\",\"url\":\"https:\/\/www.maxima-dia.com\/de\/\",\"name\":\"Maxima SpA\",\"description\":\"Only for the real professionals\",\"potentialAction\":[{\"@type\":\"SearchAction\",\"target\":{\"@type\":\"EntryPoint\",\"urlTemplate\":\"https:\/\/www.maxima-dia.com\/de\/?s={search_term_string}\"},\"query-input\":{\"@type\":\"PropertyValueSpecification\",\"valueRequired\":true,\"valueName\":\"search_term_string\"}}],\"inLanguage\":\"de\"}]}<\/script>\n<!-- \/ Yoast SEO plugin. -->","yoast_head_json":{"title":"Der Wachstum - Maxima SpA","robots":{"index":"index","follow":"follow","max-snippet":"max-snippet:-1","max-image-preview":"max-image-preview:large","max-video-preview":"max-video-preview:-1"},"canonical":"https:\/\/www.maxima-dia.com\/de\/der-wachstum\/","og_locale":"de_DE","og_type":"article","og_title":"Der Wachstum - Maxima SpA","og_description":"Der Wachstum Vom Gr\u00fcndungsjahr 2001 an weist Maxima einen&nbsp;konstanten Wachstumstrend auf, der es dem Unternehmen&nbsp;gestattet hat, sich heute als eine der bedeutendsten Firmen&nbsp;des Sektors zu pr\u00e4sentieren. Die Gr\u00fcnde f\u00fcr dieses Wachstum lassen sich, au\u00dfer&nbsp;nat\u00fcrlich in der Wahl der Produkte und Zulieferer, auch&nbsp;in einem Marketingansatz finden, der darauf gesetzt hat,&nbsp;die Marke zur Geltung zu bringen und in der Suche nach&nbsp;Mitarbeitern, die in der Lage sind, den Unternehmensgeist&nbsp;zu teilen und seine Botschaft richtig nach au\u00dfen zu&nbsp;bringen. Die F\u00e4higkeit eine normalerweise sehr technische Sprache&nbsp;zu vereinfachen und verst\u00e4ndlich zu machen und so effizient&nbsp;mit den Kunden zu kommunizieren hat zu einer f\u00fchrenden&nbsp;Rolle von Maxima in seinem Sektor gef\u00fchrt. Im T\u00e4tigkeitsbereich des Unternehmens stellt der&nbsp;\u00e4sthetische Faktor f\u00fcr Maxima einen entscheidenden&nbsp;Mehrwert dar.","og_url":"https:\/\/www.maxima-dia.com\/de\/der-wachstum\/","og_site_name":"Maxima SpA","article_publisher":"https:\/\/www.facebook.com\/Maxima-spa-106098566139597","article_modified_time":"2019-08-07T09:35:31+00:00","og_image":[{"url":"https:\/\/www.maxima-dia.com\/wp-content\/uploads\/2011\/09\/grafico.jpg","type":"","width":"","height":""}],"twitter_card":"summary_large_image","twitter_site":"@Maximadia","twitter_misc":{"Gesch\u00e4tzte Lesezeit":"1\u00a0Minute"},"schema":{"@context":"https:\/\/schema.org","@graph":[{"@type":"WebPage","@id":"https:\/\/www.maxima-dia.com\/de\/der-wachstum\/","url":"https:\/\/www.maxima-dia.com\/de\/der-wachstum\/","name":"Der Wachstum - Maxima SpA","isPartOf":{"@id":"https:\/\/www.maxima-dia.com\/de\/#website"},"datePublished":"2013-10-11T12:50:33+00:00","dateModified":"2019-08-07T09:35:31+00:00","breadcrumb":{"@id":"https:\/\/www.maxima-dia.com\/de\/der-wachstum\/#breadcrumb"},"inLanguage":"de","potentialAction":[{"@type":"ReadAction","target":["https:\/\/www.maxima-dia.com\/de\/der-wachstum\/"]}]},{"@type":"BreadcrumbList","@id":"https:\/\/www.maxima-dia.com\/de\/der-wachstum\/#breadcrumb","itemListElement":[{"@type":"ListItem","position":1,"name":"Home","item":"https:\/\/www.maxima-dia.com\/de\/"},{"@type":"ListItem","position":2,"name":"Der Wachstum"}]},{"@type":"WebSite","@id":"https:\/\/www.maxima-dia.com\/de\/#website","url":"https:\/\/www.maxima-dia.com\/de\/","name":"Maxima SpA","description":"Only for the real professionals","potentialAction":[{"@type":"SearchAction","target":{"@type":"EntryPoint","urlTemplate":"https:\/\/www.maxima-dia.com\/de\/?s={search_term_string}"},"query-input":{"@type":"PropertyValueSpecification","valueRequired":true,"valueName":"search_term_string"}}],"inLanguage":"de"}]}},"_links":{"self":[{"href":"https:\/\/www.maxima-dia.com\/de\/wp-json\/wp\/v2\/pages\/6602"}],"collection":[{"href":"https:\/\/www.maxima-dia.com\/de\/wp-json\/wp\/v2\/pages"}],"about":[{"href":"https:\/\/www.maxima-dia.com\/de\/wp-json\/wp\/v2\/types\/page"}],"author":[{"embeddable":true,"href":"https:\/\/www.maxima-dia.com\/de\/wp-json\/wp\/v2\/users\/29"}],"replies":[{"embeddable":true,"href":"https:\/\/www.maxima-dia.com\/de\/wp-json\/wp\/v2\/comments?post=6602"}],"version-history":[{"count":0,"href":"https:\/\/www.maxima-dia.com\/de\/wp-json\/wp\/v2\/pages\/6602\/revisions"}],"wp:attachment":[{"href":"https:\/\/www.maxima-dia.com\/de\/wp-json\/wp\/v2\/media?parent=6602"}],"curies":[{"name":"wp","href":"https:\/\/api.w.org\/{rel}","templated":true}]}}