{"id":7848,"date":"2014-04-10T18:09:19","date_gmt":"2014-04-10T16:09:19","guid":{"rendered":"http:\/\/www.maxima-dia.com\/?post_type=products&#038;p=7848"},"modified":"2021-06-22T11:37:39","modified_gmt":"2021-06-22T09:37:39","slug":"diamanttrennscheibe-laser-red-silent","status":"publish","type":"page","link":"https:\/\/www.maxima-dia.com\/de\/universelle-laser-diamanttrennscheiben\/diamanttrennscheibe-laser-red-silent\/","title":{"rendered":"Laser Red Silent"},"content":{"rendered":"<div class=\"wpb-content-wrapper\"><p>[vc_row][vc_column text_align=&#8220;center&#8220; width=&#8220;1\/4&#8243;][vc_column_text]<a href=\"\/wp-content\/uploads\/2022\/11\/LASER_ROSSO_SILENT.jpg\"><img loading=\"lazy\" decoding=\"async\" class=\"alignnone size-thumbnail wp-image-13857\" src=\"\/wp-content\/uploads\/2022\/11\/LASER_ROSSO_SILENT-300x300.jpg\" alt=\"LASER ROSSO SILENT\" width=\"150\" height=\"150\"><\/a><\/p>\n<p><span style=\"background-color: #cc0000; color: #ffffff; padding: 5px;\">H.12 mm \/ Silenziato<\/span>[\/vc_column_text][vc_column_text css_animation=&#8220;slideInDown&#8220; el_class=&#8220;hidebuybutton&#8220;]<a href=\"https:\/\/www.storemaxima.com\/de\/universelle-laser-diamanttrennscheiben\/25-laser-red-silent.html\" target=\"_blank\" rel=\"noopener\"><img loading=\"lazy\" decoding=\"async\" class=\"alignnone\" title=\"Kaufen Auf www.storemaxima.com\" src=\"https:\/\/www.maxima-dia.com\/wp-content\/uploads\/2019\/12\/pulsante-acquista-storemaxima.com-de.svg\" alt=\"Kaufen Auf www.storemaxima.com\" width=\"180\" height=\"80\"><\/a>[\/vc_column_text][\/vc_column][vc_column width=&#8220;3\/4&#8243;][vc_column_text]Gute Geschwindigkeit; gute Widerstandsf\u00e4higkeit, hohe Genauigkeit: <strong>Laser Rot Silent<\/strong> ist eine universelle Laser-Diamanttrennscheibe die sich f\u00fcr jede Bearbeitungsart eignet. Sie ist besonders effizient f\u00fcr das Schneiden von Beton, Ziegel, Dachziegel und Stahlbeton, eignet sich aber auch f\u00fcr Naturstein und feuerfeste Steine. Diese Trennscheibe wird mit Detenso-Stammblatt hergestellt, welche die L\u00e4rmbelastung um mehr als 15% reduziert. <strong>Ist auch in der Version X-Lock mit \u00f8 115 und 125 verf\u00fcgbar.<\/strong><\/p>\n<table class=\"tabellatecnica\" style=\"width: 80%;\" border=\"0\" cellspacing=\"0\" cellpadding=\"0\">\n<thead>\n<tr>\n<td class=\"testata\" colspan=\"2\">TECHNISCHE TABELLE<\/td>\n<\/tr>\n<\/thead>\n<tbody>\n<tr>\n<td class=\"prima\">Ausgeh\u00e4rteter Zement \/ Ziegel \/ Dachpfannen<\/td>\n<td class=\"seconda\"><b class=\"txtred\">\u2605<\/b><b class=\"txtred\">\u2605<\/b><b class=\"txtred\">\u2605<\/b><b class=\"txtred\">\u2605<\/b><b class=\"txtred\">\u2605<\/b><\/td>\n<\/tr>\n<tr>\n<td class=\"prima\">Schwach bewehrter Beton<\/td>\n<td class=\"seconda\"><b class=\"txtred\">\u2605<\/b><b class=\"txtred\">\u2605<\/b><b class=\"txtred\">\u2605<\/b><b class=\"txtred\">\u2605<\/b><b class=\"txtred\">\u2605<\/b><\/td>\n<\/tr>\n<tr>\n<td class=\"prima\">Stark bewehrter Beton<\/td>\n<td class=\"seconda\"><b class=\"txtred\">\u2605<\/b><b class=\"txtred\">\u2605<\/b><b class=\"txtred\">\u2605<\/b><b class=\"txtred\">\u2605<\/b><\/td>\n<\/tr>\n<tr>\n<td class=\"prima\">Granit \/ Naturstein \/ Porphyr<\/td>\n<td class=\"seconda\"><b class=\"txtred\">\u2605<\/b><b class=\"txtred\">\u2605<\/b><b class=\"txtred\">\u2605<\/b><b class=\"txtred\">\u2605<\/b><\/td>\n<\/tr>\n<tr>\n<td class=\"prima\">Marmor<\/td>\n<td class=\"seconda\"><b class=\"txtred\">\u2605<\/b><\/td>\n<\/tr>\n<tr>\n<td class=\"prima\">Schamotte<\/td>\n<td class=\"seconda\"><b class=\"txtred\">\u2605<\/b><b class=\"txtred\">\u2605<\/b><b class=\"txtred\">\u2605<\/b><b class=\"txtred\">\u2605<\/b><\/td>\n<\/tr>\n<tr>\n<td class=\"prima\">Sandstein \/ Waschbetonplatten<\/td>\n<td class=\"seconda\"><b class=\"txtred\">\u2605<\/b><b class=\"txtred\">\u2605<\/b><b class=\"txtred\">\u2605<\/b><\/td>\n<\/tr>\n<tr>\n<td class=\"prima\">Keramikfliesen (Zweibrandverfahren)<\/td>\n<td class=\"seconda\"><b class=\"txtred\">\u2605<\/b><\/td>\n<\/tr>\n<tr>\n<td class=\"prima\">Keramikfliesen (Einbrandverfahren)<\/td>\n<td class=\"seconda\"><b class=\"txtred\">\u2605<\/b><\/td>\n<\/tr>\n<tr>\n<td class=\"prima\">Feinsteinzeug \/ Klinker<\/td>\n<td class=\"seconda\"><b class=\"txtred\">\u2605<\/b><\/td>\n<\/tr>\n<tr>\n<td class=\"prima\">Frischer Zement<\/td>\n<td class=\"seconda\">&nbsp;<\/td>\n<\/tr>\n<tr>\n<td class=\"prima\">Asphalt<\/td>\n<td class=\"seconda\">&nbsp;<\/td>\n<\/tr>\n<tr>\n<td class=\"intervallo\" colspan=\"2\">&nbsp;<\/td>\n<\/tr>\n<tr>\n<td class=\"prima\">Schnittgeschwindigkeit<\/td>\n<td class=\"seconda\"><b class=\"txtred\">\u2605<\/b><b class=\"txtred\">\u2605<\/b><b class=\"txtred\">\u2605<\/b><b class=\"txtred\">\u2605<\/b><\/td>\n<\/tr>\n<tr>\n<td class=\"prima\">Mittlere Standfestigkeit<\/td>\n<td class=\"seconda\"><b class=\"txtred\">\u2605<\/b><b class=\"txtred\">\u2605<\/b><b class=\"txtred\">\u2605<\/b><b class=\"txtred\">\u2605<\/b><\/td>\n<\/tr>\n<tr>\n<td class=\"legenda\" colspan=\"2\"><strong>ausreichend<\/strong><b class=\"txtred\">\u2605<\/b>&nbsp;&nbsp;&nbsp;&nbsp;&nbsp;<strong>mittel<\/strong><b class=\"txtred\">\u2605<\/b><b class=\"txtred\">\u2605<\/b>&nbsp;&nbsp;&nbsp;&nbsp;&nbsp;<strong>gut<\/strong><b class=\"txtred\">\u2605<\/b><b class=\"txtred\">\u2605<\/b><b class=\"txtred\">\u2605<\/b>&nbsp;&nbsp;&nbsp;&nbsp;&nbsp;<strong>optimal<\/strong><b class=\"txtred\">\u2605<\/b><b class=\"txtred\">\u2605<\/b><b class=\"txtred\">\u2605<\/b><b class=\"txtred\">\u2605<\/b>&nbsp;&nbsp;&nbsp;&nbsp;&nbsp;<strong>super<\/strong><b class=\"txtred\">\u2605<\/b><b class=\"txtred\">\u2605<\/b><b class=\"txtred\">\u2605<\/b><b class=\"txtred\">\u2605<\/b><b class=\"txtred\">\u2605<\/b><\/td>\n<\/tr>\n<\/tbody>\n<\/table>\n<p>&nbsp;<\/p>\n<table class=\"tabellatecnica\" style=\"width: 80%;\" border=\"0\" cellspacing=\"0\" cellpadding=\"0\">\n<thead>\n<tr>\n<td class=\"testata\" colspan=\"2\">VERF\u00dcGBARE DURCHMESSER<\/td>\n<\/tr>\n<\/thead>\n<tbody>\n<tr>\n<td><img decoding=\"async\" class=\"alignleft\" src=\"\/wp-content\/uploads\/2013\/10\/s-taglio1.png\" alt=\"s-taglio1\" height=\"30\"> 115-125-230<\/td>\n<td><a href=\"\/wp-content\/uploads\/2013\/11\/s-taglio3.png\"><img decoding=\"async\" class=\"wp-image-7030 alignleft\" src=\"\/wp-content\/uploads\/2013\/11\/s-taglio3.png\" alt=\"s-taglio3\" height=\"50\"><\/a>300-350-400-450-500-550-600-625<br \/>\n650-700-725-750-800-900-1000<\/td>\n<\/tr>\n<\/tbody>\n<\/table>\n<p>&nbsp;[\/vc_column_text][\/vc_column][\/vc_row]<\/p>\n<\/div>","protected":false},"excerpt":{"rendered":"<p>[vc_row][vc_column text_align=&#8220;center&#8220; width=&#8220;1\/4&#8243;][vc_column_text] H.12 mm \/ Silenziato[\/vc_column_text][vc_column_text css_animation=&#8220;slideInDown&#8220; el_class=&#8220;hidebuybutton&#8220;][\/vc_column_text][\/vc_column][vc_column width=&#8220;3\/4&#8243;][vc_column_text]Gute Geschwindigkeit; gute Widerstandsf\u00e4higkeit, hohe Genauigkeit: Laser Rot Silent ist eine universelle Laser-Diamanttrennscheibe die sich f\u00fcr jede Bearbeitungsart eignet. Sie ist besonders effizient f\u00fcr das Schneiden von Beton, Ziegel, Dachziegel und Stahlbeton, eignet sich aber auch f\u00fcr Naturstein und feuerfeste Steine. Diese Trennscheibe wird mit Detenso-Stammblatt hergestellt, welche die L\u00e4rmbelastung um mehr als 15% reduziert. Ist auch in der Version X-Lock mit \u00f8 115 und 125 verf\u00fcgbar. TECHNISCHE TABELLE Ausgeh\u00e4rteter Zement \/ Ziegel \/ Dachpfannen \u2605\u2605\u2605\u2605\u2605 Schwach bewehrter Beton \u2605\u2605\u2605\u2605\u2605 Stark bewehrter Beton \u2605\u2605\u2605\u2605 Granit \/ Naturstein \/ Porphyr \u2605\u2605\u2605\u2605 Marmor \u2605 Schamotte \u2605\u2605\u2605\u2605 Sandstein \/ Waschbetonplatten \u2605\u2605\u2605 Keramikfliesen (Zweibrandverfahren) \u2605 Keramikfliesen (Einbrandverfahren) \u2605 Feinsteinzeug \/ Klinker \u2605 Frischer Zement &nbsp; Asphalt &nbsp; &nbsp; Schnittgeschwindigkeit \u2605\u2605\u2605\u2605 Mittlere Standfestigkeit \u2605\u2605\u2605\u2605 ausreichend\u2605&nbsp;&nbsp;&nbsp;&nbsp;&nbsp;mittel\u2605\u2605&nbsp;&nbsp;&nbsp;&nbsp;&nbsp;gut\u2605\u2605\u2605&nbsp;&nbsp;&nbsp;&nbsp;&nbsp;optimal\u2605\u2605\u2605\u2605&nbsp;&nbsp;&nbsp;&nbsp;&nbsp;super\u2605\u2605\u2605\u2605\u2605 &nbsp; VERF\u00dcGBARE DURCHMESSER 115-125-230 300-350-400-450-500-550-600-625 650-700-725-750-800-900-1000 &nbsp;[\/vc_column_text][\/vc_column][\/vc_row]<\/p>\n","protected":false},"author":29,"featured_media":24181,"parent":12404,"menu_order":6,"comment_status":"closed","ping_status":"closed","template":"","meta":{"ngg_post_thumbnail":0,"_joinchat":[],"footnotes":""},"class_list":["post-7848","page","type-page","status-publish","has-post-thumbnail","hentry"],"yoast_head":"<!-- This site is optimized with the Yoast SEO plugin v25.5 - https:\/\/yoast.com\/wordpress\/plugins\/seo\/ -->\n<title>Laser Red Silent - Maxima SpA<\/title>\n<meta name=\"description\" content=\"Laser Rot Silent ist die erste Wahl, wenn eine Diamanttrennscheibe f\u00fcr die Steintrenns\u00e4gen von Maxima gesucht wird.\" \/>\n<meta name=\"robots\" content=\"index, follow, max-snippet:-1, max-image-preview:large, max-video-preview:-1\" \/>\n<link rel=\"canonical\" href=\"https:\/\/www.maxima-dia.com\/de\/universelle-laser-diamanttrennscheiben\/diamanttrennscheibe-laser-red-silent\/\" \/>\n<meta property=\"og:locale\" content=\"de_DE\" \/>\n<meta property=\"og:type\" content=\"article\" \/>\n<meta property=\"og:title\" content=\"Laser Red Silent - Maxima SpA\" \/>\n<meta property=\"og:description\" content=\"Laser Rot Silent ist die erste Wahl, wenn eine Diamanttrennscheibe f\u00fcr die Steintrenns\u00e4gen von Maxima gesucht wird.\" \/>\n<meta property=\"og:url\" content=\"https:\/\/www.maxima-dia.com\/de\/universelle-laser-diamanttrennscheiben\/diamanttrennscheibe-laser-red-silent\/\" \/>\n<meta property=\"og:site_name\" content=\"Maxima SpA\" \/>\n<meta property=\"article:publisher\" content=\"https:\/\/www.facebook.com\/Maxima-spa-106098566139597\" \/>\n<meta property=\"article:modified_time\" content=\"2021-06-22T09:37:39+00:00\" \/>\n<meta property=\"og:image\" content=\"https:\/\/www.maxima-dia.com\/wp-content\/uploads\/2017\/02\/laser-rosso-silent.jpg\" \/>\n\t<meta property=\"og:image:width\" content=\"1200\" \/>\n\t<meta property=\"og:image:height\" content=\"1200\" \/>\n\t<meta property=\"og:image:type\" content=\"image\/jpeg\" \/>\n<meta name=\"twitter:card\" content=\"summary_large_image\" \/>\n<meta name=\"twitter:site\" content=\"@Maximadia\" \/>\n<meta name=\"twitter:label1\" content=\"Gesch\u00e4tzte Lesezeit\" \/>\n\t<meta name=\"twitter:data1\" content=\"12\u00a0Minuten\" \/>\n<script type=\"application\/ld+json\" class=\"yoast-schema-graph\">{\"@context\":\"https:\/\/schema.org\",\"@graph\":[{\"@type\":\"WebPage\",\"@id\":\"https:\/\/www.maxima-dia.com\/de\/universelle-laser-diamanttrennscheiben\/diamanttrennscheibe-laser-red-silent\/\",\"url\":\"https:\/\/www.maxima-dia.com\/de\/universelle-laser-diamanttrennscheiben\/diamanttrennscheibe-laser-red-silent\/\",\"name\":\"Laser Red Silent - Maxima SpA\",\"isPartOf\":{\"@id\":\"https:\/\/www.maxima-dia.com\/de\/#website\"},\"primaryImageOfPage\":{\"@id\":\"https:\/\/www.maxima-dia.com\/de\/universelle-laser-diamanttrennscheiben\/diamanttrennscheibe-laser-red-silent\/#primaryimage\"},\"image\":{\"@id\":\"https:\/\/www.maxima-dia.com\/de\/universelle-laser-diamanttrennscheiben\/diamanttrennscheibe-laser-red-silent\/#primaryimage\"},\"thumbnailUrl\":\"https:\/\/www.maxima-dia.com\/wp-content\/uploads\/2022\/11\/LASER_ROSSO_SILENT_1.jpg\",\"datePublished\":\"2014-04-10T16:09:19+00:00\",\"dateModified\":\"2021-06-22T09:37:39+00:00\",\"description\":\"Laser Rot Silent ist die erste Wahl, wenn eine Diamanttrennscheibe f\u00fcr die Steintrenns\u00e4gen von Maxima gesucht wird.\",\"breadcrumb\":{\"@id\":\"https:\/\/www.maxima-dia.com\/de\/universelle-laser-diamanttrennscheiben\/diamanttrennscheibe-laser-red-silent\/#breadcrumb\"},\"inLanguage\":\"de\",\"potentialAction\":[{\"@type\":\"ReadAction\",\"target\":[\"https:\/\/www.maxima-dia.com\/de\/universelle-laser-diamanttrennscheiben\/diamanttrennscheibe-laser-red-silent\/\"]}]},{\"@type\":\"ImageObject\",\"inLanguage\":\"de\",\"@id\":\"https:\/\/www.maxima-dia.com\/de\/universelle-laser-diamanttrennscheiben\/diamanttrennscheibe-laser-red-silent\/#primaryimage\",\"url\":\"https:\/\/www.maxima-dia.com\/wp-content\/uploads\/2022\/11\/LASER_ROSSO_SILENT_1.jpg\",\"contentUrl\":\"https:\/\/www.maxima-dia.com\/wp-content\/uploads\/2022\/11\/LASER_ROSSO_SILENT_1.jpg\",\"width\":1200,\"height\":1200},{\"@type\":\"BreadcrumbList\",\"@id\":\"https:\/\/www.maxima-dia.com\/de\/universelle-laser-diamanttrennscheiben\/diamanttrennscheibe-laser-red-silent\/#breadcrumb\",\"itemListElement\":[{\"@type\":\"ListItem\",\"position\":1,\"name\":\"Home\",\"item\":\"https:\/\/www.maxima-dia.com\/de\/\"},{\"@type\":\"ListItem\",\"position\":2,\"name\":\"Universelle Laser-Diamanttrennscheiben\",\"item\":\"https:\/\/www.maxima-dia.com\/de\/universelle-laser-diamanttrennscheiben\/\"},{\"@type\":\"ListItem\",\"position\":3,\"name\":\"Laser Red Silent\"}]},{\"@type\":\"WebSite\",\"@id\":\"https:\/\/www.maxima-dia.com\/de\/#website\",\"url\":\"https:\/\/www.maxima-dia.com\/de\/\",\"name\":\"Maxima SpA\",\"description\":\"Only for the real professionals\",\"potentialAction\":[{\"@type\":\"SearchAction\",\"target\":{\"@type\":\"EntryPoint\",\"urlTemplate\":\"https:\/\/www.maxima-dia.com\/de\/?s={search_term_string}\"},\"query-input\":{\"@type\":\"PropertyValueSpecification\",\"valueRequired\":true,\"valueName\":\"search_term_string\"}}],\"inLanguage\":\"de\"}]}<\/script>\n<!-- \/ Yoast SEO plugin. -->","yoast_head_json":{"title":"Laser Red Silent - Maxima SpA","description":"Laser Rot Silent ist die erste Wahl, wenn eine Diamanttrennscheibe f\u00fcr die Steintrenns\u00e4gen von Maxima gesucht wird.","robots":{"index":"index","follow":"follow","max-snippet":"max-snippet:-1","max-image-preview":"max-image-preview:large","max-video-preview":"max-video-preview:-1"},"canonical":"https:\/\/www.maxima-dia.com\/de\/universelle-laser-diamanttrennscheiben\/diamanttrennscheibe-laser-red-silent\/","og_locale":"de_DE","og_type":"article","og_title":"Laser Red Silent - Maxima SpA","og_description":"Laser Rot Silent ist die erste Wahl, wenn eine Diamanttrennscheibe f\u00fcr die Steintrenns\u00e4gen von Maxima gesucht wird.","og_url":"https:\/\/www.maxima-dia.com\/de\/universelle-laser-diamanttrennscheiben\/diamanttrennscheibe-laser-red-silent\/","og_site_name":"Maxima SpA","article_publisher":"https:\/\/www.facebook.com\/Maxima-spa-106098566139597","article_modified_time":"2021-06-22T09:37:39+00:00","og_image":[{"width":1200,"height":1200,"url":"https:\/\/www.maxima-dia.com\/wp-content\/uploads\/2017\/02\/laser-rosso-silent.jpg","type":"image\/jpeg"}],"twitter_card":"summary_large_image","twitter_site":"@Maximadia","twitter_misc":{"Gesch\u00e4tzte Lesezeit":"12\u00a0Minuten"},"schema":{"@context":"https:\/\/schema.org","@graph":[{"@type":"WebPage","@id":"https:\/\/www.maxima-dia.com\/de\/universelle-laser-diamanttrennscheiben\/diamanttrennscheibe-laser-red-silent\/","url":"https:\/\/www.maxima-dia.com\/de\/universelle-laser-diamanttrennscheiben\/diamanttrennscheibe-laser-red-silent\/","name":"Laser Red Silent - Maxima SpA","isPartOf":{"@id":"https:\/\/www.maxima-dia.com\/de\/#website"},"primaryImageOfPage":{"@id":"https:\/\/www.maxima-dia.com\/de\/universelle-laser-diamanttrennscheiben\/diamanttrennscheibe-laser-red-silent\/#primaryimage"},"image":{"@id":"https:\/\/www.maxima-dia.com\/de\/universelle-laser-diamanttrennscheiben\/diamanttrennscheibe-laser-red-silent\/#primaryimage"},"thumbnailUrl":"https:\/\/www.maxima-dia.com\/wp-content\/uploads\/2022\/11\/LASER_ROSSO_SILENT_1.jpg","datePublished":"2014-04-10T16:09:19+00:00","dateModified":"2021-06-22T09:37:39+00:00","description":"Laser Rot Silent ist die erste Wahl, wenn eine Diamanttrennscheibe f\u00fcr die Steintrenns\u00e4gen von Maxima gesucht wird.","breadcrumb":{"@id":"https:\/\/www.maxima-dia.com\/de\/universelle-laser-diamanttrennscheiben\/diamanttrennscheibe-laser-red-silent\/#breadcrumb"},"inLanguage":"de","potentialAction":[{"@type":"ReadAction","target":["https:\/\/www.maxima-dia.com\/de\/universelle-laser-diamanttrennscheiben\/diamanttrennscheibe-laser-red-silent\/"]}]},{"@type":"ImageObject","inLanguage":"de","@id":"https:\/\/www.maxima-dia.com\/de\/universelle-laser-diamanttrennscheiben\/diamanttrennscheibe-laser-red-silent\/#primaryimage","url":"https:\/\/www.maxima-dia.com\/wp-content\/uploads\/2022\/11\/LASER_ROSSO_SILENT_1.jpg","contentUrl":"https:\/\/www.maxima-dia.com\/wp-content\/uploads\/2022\/11\/LASER_ROSSO_SILENT_1.jpg","width":1200,"height":1200},{"@type":"BreadcrumbList","@id":"https:\/\/www.maxima-dia.com\/de\/universelle-laser-diamanttrennscheiben\/diamanttrennscheibe-laser-red-silent\/#breadcrumb","itemListElement":[{"@type":"ListItem","position":1,"name":"Home","item":"https:\/\/www.maxima-dia.com\/de\/"},{"@type":"ListItem","position":2,"name":"Universelle Laser-Diamanttrennscheiben","item":"https:\/\/www.maxima-dia.com\/de\/universelle-laser-diamanttrennscheiben\/"},{"@type":"ListItem","position":3,"name":"Laser Red Silent"}]},{"@type":"WebSite","@id":"https:\/\/www.maxima-dia.com\/de\/#website","url":"https:\/\/www.maxima-dia.com\/de\/","name":"Maxima SpA","description":"Only for the real professionals","potentialAction":[{"@type":"SearchAction","target":{"@type":"EntryPoint","urlTemplate":"https:\/\/www.maxima-dia.com\/de\/?s={search_term_string}"},"query-input":{"@type":"PropertyValueSpecification","valueRequired":true,"valueName":"search_term_string"}}],"inLanguage":"de"}]}},"_links":{"self":[{"href":"https:\/\/www.maxima-dia.com\/de\/wp-json\/wp\/v2\/pages\/7848"}],"collection":[{"href":"https:\/\/www.maxima-dia.com\/de\/wp-json\/wp\/v2\/pages"}],"about":[{"href":"https:\/\/www.maxima-dia.com\/de\/wp-json\/wp\/v2\/types\/page"}],"author":[{"embeddable":true,"href":"https:\/\/www.maxima-dia.com\/de\/wp-json\/wp\/v2\/users\/29"}],"replies":[{"embeddable":true,"href":"https:\/\/www.maxima-dia.com\/de\/wp-json\/wp\/v2\/comments?post=7848"}],"version-history":[{"count":0,"href":"https:\/\/www.maxima-dia.com\/de\/wp-json\/wp\/v2\/pages\/7848\/revisions"}],"up":[{"embeddable":true,"href":"https:\/\/www.maxima-dia.com\/de\/wp-json\/wp\/v2\/pages\/12404"}],"wp:featuredmedia":[{"embeddable":true,"href":"https:\/\/www.maxima-dia.com\/de\/wp-json\/wp\/v2\/media\/24181"}],"wp:attachment":[{"href":"https:\/\/www.maxima-dia.com\/de\/wp-json\/wp\/v2\/media?parent=7848"}],"curies":[{"name":"wp","href":"https:\/\/api.w.org\/{rel}","templated":true}]}}