{"id":7882,"date":"2014-04-11T10:09:31","date_gmt":"2014-04-11T08:09:31","guid":{"rendered":"http:\/\/www.maxima-dia.com\/?post_type=products&#038;p=7882"},"modified":"2024-06-27T10:03:21","modified_gmt":"2024-06-27T08:03:21","slug":"cer-pink-laser","status":"publish","type":"page","link":"https:\/\/www.maxima-dia.com\/de\/diamanttrennscheiben-fuer-keramik\/cer-pink-laser\/","title":{"rendered":"Cer Pink Laser"},"content":{"rendered":"<div class=\"wpb-content-wrapper\"><p>[vc_row][vc_column text_align=&#8220;center&#8220; width=&#8220;1\/4&#8243;][vc_column_text]<a href=\"\/wp-content\/uploads\/2017\/02\/cer-rosa-laser.jpg\"><img loading=\"lazy\" decoding=\"async\" class=\"alignnone size-thumbnail wp-image-13837\" src=\"\/wp-content\/uploads\/2017\/02\/cer-rosa-laser-150x150.jpg\" alt=\"CER ROSA LASER\" width=\"150\" height=\"150\" srcset=\"https:\/\/www.maxima-dia.com\/wp-content\/uploads\/2017\/02\/cer-rosa-laser-150x150.jpg 150w, https:\/\/www.maxima-dia.com\/wp-content\/uploads\/2017\/02\/cer-rosa-laser-300x300.jpg 300w, https:\/\/www.maxima-dia.com\/wp-content\/uploads\/2017\/02\/cer-rosa-laser-768x768.jpg 768w, https:\/\/www.maxima-dia.com\/wp-content\/uploads\/2017\/02\/cer-rosa-laser-1024x1024.jpg 1024w, https:\/\/www.maxima-dia.com\/wp-content\/uploads\/2017\/02\/cer-rosa-laser-80x80.jpg 80w, https:\/\/www.maxima-dia.com\/wp-content\/uploads\/2017\/02\/cer-rosa-laser-500x500.jpg 500w, https:\/\/www.maxima-dia.com\/wp-content\/uploads\/2017\/02\/cer-rosa-laser-1000x1000.jpg 1000w, https:\/\/www.maxima-dia.com\/wp-content\/uploads\/2017\/02\/cer-rosa-laser.jpg 1200w\" sizes=\"(max-width: 150px) 100vw, 150px\" \/><\/a><\/p>\n<p><span style=\"background-color: #cc0000; color: #ffffff; padding: 5px;\">Sp. 1,3 mm<\/span>[\/vc_column_text][vc_column_text css_animation=&#8220;slideInDown&#8220; el_class=&#8220;hidebuybutton&#8220;]<a href=\"https:\/\/www.storemaxima.com\/de\/diamanttrennscheiben-fuer-keramik\/30-cer-pink-laser.html\" target=\"_blank\" rel=\"noopener\"><img loading=\"lazy\" decoding=\"async\" class=\"alignnone\" title=\"Kaufen Auf www.storemaxima.com\" src=\"https:\/\/www.maxima-dia.com\/wp-content\/uploads\/2019\/12\/pulsante-acquista-storemaxima.com-de.svg\" alt=\"Kaufen Auf www.storemaxima.com\" width=\"180\" height=\"80\"><\/a>[\/vc_column_text][\/vc_column][vc_column width=&#8220;3\/4&#8243;][vc_column_text]<strong>Cer Rosa Laser<\/strong> ist der Zwillingsbruder von <a href=\"https:\/\/www.maxima-dia.com\/de\/diamanttrennscheiben-fuer-keramik\/cer-rosa-turbo\/\"><strong>Cer Rosa Turbo<\/strong><\/a> und un-terscheidet sich durch die glatte Krone, die ebenfalls eine St\u00e4rke von 1,3 mm aufweist. Die eigens f\u00fcr Feinsteinzeug entworfene extrem d\u00fcnne Diamanttrennscheibe eignet sich auch ausgezeichnet f\u00fcr das Schneiden aller anderen Fliesenarten. Sie bietet professionellen Nutzern eine hohe Schnittpr\u00e4zision und eine bemerkenswerte Schnittgeschwindigkeit. Wie die <a href=\"https:\/\/www.maxima-dia.com\/de\/diamanttrennscheiben-fuer-keramik\/cer-rosa-turbo\/\"><strong>Cer Rosa Turbo<\/strong><\/a>&nbsp;wird auch dieses Modell schon sehr lange produziert und wird wegen seiner hohen Zuverl\u00e4ssigkeit vom Markt gesch\u00e4tzt.<br \/>\n<strong>Aus Sicherheitsgr\u00fcnden sollten diese extrem d\u00fcnnen Diamanttrennscheiben nur f\u00fcr gerade Schnitte verwendet werden.<\/strong><br \/>\n<strong>Ist auch in der Version X-Lock mit \u00f8 115 und 125 verf\u00fcgbar.<\/strong><\/p>\n<table class=\"tabellatecnica\" style=\"width: 80%;\" border=\"0\" cellspacing=\"0\" cellpadding=\"0\">\n<thead>\n<tr>\n<td class=\"testata\" colspan=\"2\">TECHNISCHE TABELLE<\/td>\n<\/tr>\n<\/thead>\n<tbody>\n<tr>\n<td class=\"prima\">Ausgeh\u00e4rteter Zement \/ Ziegel \/ Dachpfannen<\/td>\n<td class=\"seconda\">&nbsp;<\/td>\n<\/tr>\n<tr>\n<td class=\"prima\">Schwach bewehrter Beton<\/td>\n<td class=\"seconda\">&nbsp;<\/td>\n<\/tr>\n<tr>\n<td class=\"prima\">Stark bewehrter Beton<\/td>\n<td class=\"seconda\">&nbsp;<\/td>\n<\/tr>\n<tr>\n<td class=\"prima\">Granit \/ Naturstein \/ Porphyr<\/td>\n<td class=\"seconda\"><b class=\"txtred\">\u2605<\/b><b class=\"txtred\">\u2605<\/b><b class=\"txtred\">\u2605<\/b><b class=\"txtred\">\u2605<\/b><\/td>\n<\/tr>\n<tr>\n<td class=\"prima\">Marmor<\/td>\n<td class=\"seconda\"><b class=\"txtred\">\u2605<\/b><b class=\"txtred\">\u2605<\/b><b class=\"txtred\">\u2605<\/b><b class=\"txtred\">\u2605<\/b><b class=\"txtred\">\u2605<\/b><\/td>\n<\/tr>\n<tr>\n<td class=\"prima\">Schamotte<\/td>\n<td class=\"seconda\">&nbsp;<\/td>\n<\/tr>\n<tr>\n<td class=\"prima\">Sandstein \/ Waschbetonplatten<\/td>\n<td class=\"seconda\">&nbsp;<\/td>\n<\/tr>\n<tr>\n<td class=\"prima\">Keramikfliesen (Zweibrandverfahren)<\/td>\n<td class=\"seconda\"><b class=\"txtred\">\u2605<\/b><b class=\"txtred\">\u2605<\/b><b class=\"txtred\">\u2605<\/b><b class=\"txtred\">\u2605<\/b><b class=\"txtred\">\u2605<\/b><\/td>\n<\/tr>\n<tr>\n<td class=\"prima\">Keramikfliesen (Einbrandverfahren)<\/td>\n<td class=\"seconda\"><b class=\"txtred\">\u2605<\/b><b class=\"txtred\">\u2605<\/b><b class=\"txtred\">\u2605<\/b><b class=\"txtred\">\u2605<\/b><b class=\"txtred\">\u2605<\/b><\/td>\n<\/tr>\n<tr>\n<td class=\"prima\">Feinsteinzeug \/ Klinker<\/td>\n<td class=\"seconda\"><b class=\"txtred\">\u2605<\/b><b class=\"txtred\">\u2605<\/b><b class=\"txtred\">\u2605<\/b><b class=\"txtred\">\u2605<\/b><b class=\"txtred\">\u2605<\/b><\/td>\n<\/tr>\n<tr>\n<td class=\"prima\">Frischer Zement<\/td>\n<td class=\"seconda\">&nbsp;<\/td>\n<\/tr>\n<tr>\n<td class=\"prima\">Asphalt<\/td>\n<td class=\"seconda\">&nbsp;<\/td>\n<\/tr>\n<tr>\n<td class=\"intervallo\" colspan=\"2\">&nbsp;<\/td>\n<\/tr>\n<tr>\n<td class=\"prima\">Schnittgeschwindigkeit<\/td>\n<td class=\"seconda\"><b class=\"txtred\">\u2605<\/b><b class=\"txtred\">\u2605<\/b><b class=\"txtred\">\u2605<\/b><b class=\"txtred\">\u2605<\/b><b class=\"txtred\">\u2605<\/b><\/td>\n<\/tr>\n<tr>\n<td class=\"prima\">Mittlere Standfestigkeit<\/td>\n<td class=\"seconda\"><b class=\"txtred\">\u2605<\/b><b class=\"txtred\">\u2605<\/b><b class=\"txtred\">\u2605<\/b><\/td>\n<\/tr>\n<tr>\n<td class=\"legenda\" colspan=\"2\"><strong>ausreichend<\/strong><b class=\"txtred\">\u2605<\/b>&nbsp;&nbsp;&nbsp;&nbsp;&nbsp;<strong>mittel<\/strong><b class=\"txtred\">\u2605<\/b><b class=\"txtred\">\u2605<\/b>&nbsp;&nbsp;&nbsp;&nbsp;&nbsp;<strong>gut<\/strong><b class=\"txtred\">\u2605<\/b><b class=\"txtred\">\u2605<\/b><b class=\"txtred\">\u2605<\/b>&nbsp;&nbsp;&nbsp;&nbsp;&nbsp;<strong>optimal<\/strong><b class=\"txtred\">\u2605<\/b><b class=\"txtred\">\u2605<\/b><b class=\"txtred\">\u2605<\/b><b class=\"txtred\">\u2605<\/b>&nbsp;&nbsp;&nbsp;&nbsp;&nbsp;<strong>super<\/strong><b class=\"txtred\">\u2605<\/b><b class=\"txtred\">\u2605<\/b><b class=\"txtred\">\u2605<\/b><b class=\"txtred\">\u2605<\/b><b class=\"txtred\">\u2605<\/b><\/td>\n<\/tr>\n<\/tbody>\n<\/table>\n<p>&nbsp;<\/p>\n<table class=\"tabellatecnica\" style=\"width: 80%;\" border=\"0\" cellspacing=\"0\" cellpadding=\"0\">\n<thead>\n<tr>\n<td class=\"testata\" style=\"width: 100%;\" colspan=\"2\">VERF\u00dcGBARE DURCHMESSER<\/td>\n<\/tr>\n<\/thead>\n<tbody>\n<tr>\n<td style=\"width: 50%;\"><img loading=\"lazy\" decoding=\"async\" class=\"alignleft\" style=\"margin-bottom: 30px;\" src=\"\/wp-content\/uploads\/2013\/10\/s-taglio1.png\" alt=\"s-taglio1\" width=\"64\" height=\"30\"> 115-125-230CR<\/td>\n<td style=\"width: 50%;\" valign=\"top\"><img loading=\"lazy\" decoding=\"async\" class=\"alignleft\" src=\"\/wp-content\/uploads\/2013\/11\/s-taglio3.png\" alt=\"s-taglio3\" width=\"49\" height=\"50\">180-200-230F25<br \/>\n250-300-350-400<\/td>\n<\/tr>\n<tr>\n<td style=\"width: 50%;\"><img loading=\"lazy\" decoding=\"async\" class=\"alignleft wp-image-7031\" src=\"\/wp-content\/uploads\/2013\/11\/s-taglio4.png\" alt=\"s-taglio4\" width=\"65\" height=\"44\" srcset=\"https:\/\/www.maxima-dia.com\/wp-content\/uploads\/2013\/11\/s-taglio4.png 433w, https:\/\/www.maxima-dia.com\/wp-content\/uploads\/2013\/11\/s-taglio4-300x204.png 300w, https:\/\/www.maxima-dia.com\/wp-content\/uploads\/2013\/11\/s-taglio4-120x80.png 120w, https:\/\/www.maxima-dia.com\/wp-content\/uploads\/2013\/11\/s-taglio4-191x132.png 191w\" sizes=\"(max-width: 65px) 100vw, 65px\" \/>115-125-150-230F25<br \/>\n250-300-350<\/td>\n<td style=\"width: 50%;\">&nbsp;<\/td>\n<\/tr>\n<\/tbody>\n<\/table>\n<p>&nbsp;[\/vc_column_text][\/vc_column][\/vc_row]<\/p>\n<\/div>","protected":false},"excerpt":{"rendered":"<p>[vc_row][vc_column text_align=&#8220;center&#8220; width=&#8220;1\/4&#8243;][vc_column_text] Sp. 1,3 mm[\/vc_column_text][vc_column_text css_animation=&#8220;slideInDown&#8220; el_class=&#8220;hidebuybutton&#8220;][\/vc_column_text][\/vc_column][vc_column width=&#8220;3\/4&#8243;][vc_column_text]Cer Rosa Laser ist der Zwillingsbruder von Cer Rosa Turbo und un-terscheidet sich durch die glatte Krone, die ebenfalls eine St\u00e4rke von 1,3 mm aufweist. Die eigens f\u00fcr Feinsteinzeug entworfene extrem d\u00fcnne Diamanttrennscheibe eignet sich auch ausgezeichnet f\u00fcr das Schneiden aller anderen Fliesenarten. Sie bietet professionellen Nutzern eine hohe Schnittpr\u00e4zision und eine bemerkenswerte Schnittgeschwindigkeit. Wie die Cer Rosa Turbo&nbsp;wird auch dieses Modell schon sehr lange produziert und wird wegen seiner hohen Zuverl\u00e4ssigkeit vom Markt gesch\u00e4tzt. Aus Sicherheitsgr\u00fcnden sollten diese extrem d\u00fcnnen Diamanttrennscheiben nur f\u00fcr gerade Schnitte verwendet werden. Ist auch in der Version X-Lock mit \u00f8 115 und 125 verf\u00fcgbar. TECHNISCHE TABELLE Ausgeh\u00e4rteter Zement \/ Ziegel \/ Dachpfannen &nbsp; Schwach bewehrter Beton &nbsp; Stark bewehrter Beton &nbsp; Granit \/ Naturstein \/ Porphyr \u2605\u2605\u2605\u2605 Marmor \u2605\u2605\u2605\u2605\u2605 Schamotte &nbsp; Sandstein \/ Waschbetonplatten &nbsp; Keramikfliesen (Zweibrandverfahren) \u2605\u2605\u2605\u2605\u2605 Keramikfliesen (Einbrandverfahren) \u2605\u2605\u2605\u2605\u2605 Feinsteinzeug \/ Klinker \u2605\u2605\u2605\u2605\u2605 Frischer Zement &nbsp; Asphalt &nbsp; &nbsp; Schnittgeschwindigkeit \u2605\u2605\u2605\u2605\u2605 Mittlere Standfestigkeit \u2605\u2605\u2605 ausreichend\u2605&nbsp;&nbsp;&nbsp;&nbsp;&nbsp;mittel\u2605\u2605&nbsp;&nbsp;&nbsp;&nbsp;&nbsp;gut\u2605\u2605\u2605&nbsp;&nbsp;&nbsp;&nbsp;&nbsp;optimal\u2605\u2605\u2605\u2605&nbsp;&nbsp;&nbsp;&nbsp;&nbsp;super\u2605\u2605\u2605\u2605\u2605 &nbsp; VERF\u00dcGBARE DURCHMESSER 115-125-230CR 180-200-230F25 250-300-350-400 115-125-150-230F25 250-300-350 &nbsp; &nbsp;[\/vc_column_text][\/vc_column][\/vc_row]<\/p>\n","protected":false},"author":29,"featured_media":24263,"parent":12414,"menu_order":5,"comment_status":"closed","ping_status":"closed","template":"","meta":{"ngg_post_thumbnail":0,"_joinchat":[],"footnotes":""},"class_list":["post-7882","page","type-page","status-publish","has-post-thumbnail","hentry"],"yoast_head":"<!-- This site is optimized with the Yoast SEO plugin v25.5 - https:\/\/yoast.com\/wordpress\/plugins\/seo\/ -->\n<title>Cer Pink Laser - Maxima SpA<\/title>\n<meta name=\"description\" content=\"Cer Pink Laser Diamanttrennscheibe ist der Zwilling von Cer Pink Turbo. Die Diamanttrennscheide unterscheidet sich durch ihr glattes 1,3 mm starkes Segmentdesign.\" \/>\n<meta name=\"robots\" content=\"index, follow, max-snippet:-1, max-image-preview:large, max-video-preview:-1\" \/>\n<link rel=\"canonical\" href=\"https:\/\/www.maxima-dia.com\/de\/diamanttrennscheiben-fuer-keramik\/cer-pink-laser\/\" \/>\n<meta property=\"og:locale\" content=\"de_DE\" \/>\n<meta property=\"og:type\" content=\"article\" \/>\n<meta property=\"og:title\" content=\"Cer Pink Laser - Maxima SpA\" \/>\n<meta property=\"og:description\" content=\"Cer Pink Laser Diamanttrennscheibe ist der Zwilling von Cer Pink Turbo. Die Diamanttrennscheide unterscheidet sich durch ihr glattes 1,3 mm starkes Segmentdesign.\" \/>\n<meta property=\"og:url\" content=\"https:\/\/www.maxima-dia.com\/de\/diamanttrennscheiben-fuer-keramik\/cer-pink-laser\/\" \/>\n<meta property=\"og:site_name\" content=\"Maxima SpA\" \/>\n<meta property=\"article:publisher\" content=\"https:\/\/www.facebook.com\/Maxima-spa-106098566139597\" \/>\n<meta property=\"article:modified_time\" content=\"2024-06-27T08:03:21+00:00\" \/>\n<meta property=\"og:image\" content=\"https:\/\/www.maxima-dia.com\/wp-content\/uploads\/2017\/02\/cer-rosa-laser.jpg\" \/>\n\t<meta property=\"og:image:width\" content=\"1200\" \/>\n\t<meta property=\"og:image:height\" content=\"1200\" \/>\n\t<meta property=\"og:image:type\" content=\"image\/jpeg\" \/>\n<meta name=\"twitter:card\" content=\"summary_large_image\" \/>\n<meta name=\"twitter:site\" content=\"@Maximadia\" \/>\n<meta name=\"twitter:label1\" content=\"Gesch\u00e4tzte Lesezeit\" \/>\n\t<meta name=\"twitter:data1\" content=\"12\u00a0Minuten\" \/>\n<script type=\"application\/ld+json\" class=\"yoast-schema-graph\">{\"@context\":\"https:\/\/schema.org\",\"@graph\":[{\"@type\":\"WebPage\",\"@id\":\"https:\/\/www.maxima-dia.com\/de\/diamanttrennscheiben-fuer-keramik\/cer-pink-laser\/\",\"url\":\"https:\/\/www.maxima-dia.com\/de\/diamanttrennscheiben-fuer-keramik\/cer-pink-laser\/\",\"name\":\"Cer Pink Laser - Maxima SpA\",\"isPartOf\":{\"@id\":\"https:\/\/www.maxima-dia.com\/de\/#website\"},\"primaryImageOfPage\":{\"@id\":\"https:\/\/www.maxima-dia.com\/de\/diamanttrennscheiben-fuer-keramik\/cer-pink-laser\/#primaryimage\"},\"image\":{\"@id\":\"https:\/\/www.maxima-dia.com\/de\/diamanttrennscheiben-fuer-keramik\/cer-pink-laser\/#primaryimage\"},\"thumbnailUrl\":\"https:\/\/www.maxima-dia.com\/wp-content\/uploads\/2017\/02\/cer-rosa-laser.jpg\",\"datePublished\":\"2014-04-11T08:09:31+00:00\",\"dateModified\":\"2024-06-27T08:03:21+00:00\",\"description\":\"Cer Pink Laser Diamanttrennscheibe ist der Zwilling von Cer Pink Turbo. Die Diamanttrennscheide unterscheidet sich durch ihr glattes 1,3 mm starkes Segmentdesign.\",\"breadcrumb\":{\"@id\":\"https:\/\/www.maxima-dia.com\/de\/diamanttrennscheiben-fuer-keramik\/cer-pink-laser\/#breadcrumb\"},\"inLanguage\":\"de\",\"potentialAction\":[{\"@type\":\"ReadAction\",\"target\":[\"https:\/\/www.maxima-dia.com\/de\/diamanttrennscheiben-fuer-keramik\/cer-pink-laser\/\"]}]},{\"@type\":\"ImageObject\",\"inLanguage\":\"de\",\"@id\":\"https:\/\/www.maxima-dia.com\/de\/diamanttrennscheiben-fuer-keramik\/cer-pink-laser\/#primaryimage\",\"url\":\"https:\/\/www.maxima-dia.com\/wp-content\/uploads\/2017\/02\/cer-rosa-laser.jpg\",\"contentUrl\":\"https:\/\/www.maxima-dia.com\/wp-content\/uploads\/2017\/02\/cer-rosa-laser.jpg\",\"width\":1200,\"height\":1200},{\"@type\":\"BreadcrumbList\",\"@id\":\"https:\/\/www.maxima-dia.com\/de\/diamanttrennscheiben-fuer-keramik\/cer-pink-laser\/#breadcrumb\",\"itemListElement\":[{\"@type\":\"ListItem\",\"position\":1,\"name\":\"Home\",\"item\":\"https:\/\/www.maxima-dia.com\/de\/\"},{\"@type\":\"ListItem\",\"position\":2,\"name\":\"Diamanttrennscheiben F\u00fcr Keramik\",\"item\":\"https:\/\/www.maxima-dia.com\/de\/diamanttrennscheiben-fuer-keramik\/\"},{\"@type\":\"ListItem\",\"position\":3,\"name\":\"Cer Pink Laser\"}]},{\"@type\":\"WebSite\",\"@id\":\"https:\/\/www.maxima-dia.com\/de\/#website\",\"url\":\"https:\/\/www.maxima-dia.com\/de\/\",\"name\":\"Maxima SpA\",\"description\":\"Only for the real professionals\",\"potentialAction\":[{\"@type\":\"SearchAction\",\"target\":{\"@type\":\"EntryPoint\",\"urlTemplate\":\"https:\/\/www.maxima-dia.com\/de\/?s={search_term_string}\"},\"query-input\":{\"@type\":\"PropertyValueSpecification\",\"valueRequired\":true,\"valueName\":\"search_term_string\"}}],\"inLanguage\":\"de\"}]}<\/script>\n<!-- \/ Yoast SEO plugin. -->","yoast_head_json":{"title":"Cer Pink Laser - Maxima SpA","description":"Cer Pink Laser Diamanttrennscheibe ist der Zwilling von Cer Pink Turbo. Die Diamanttrennscheide unterscheidet sich durch ihr glattes 1,3 mm starkes Segmentdesign.","robots":{"index":"index","follow":"follow","max-snippet":"max-snippet:-1","max-image-preview":"max-image-preview:large","max-video-preview":"max-video-preview:-1"},"canonical":"https:\/\/www.maxima-dia.com\/de\/diamanttrennscheiben-fuer-keramik\/cer-pink-laser\/","og_locale":"de_DE","og_type":"article","og_title":"Cer Pink Laser - Maxima SpA","og_description":"Cer Pink Laser Diamanttrennscheibe ist der Zwilling von Cer Pink Turbo. Die Diamanttrennscheide unterscheidet sich durch ihr glattes 1,3 mm starkes Segmentdesign.","og_url":"https:\/\/www.maxima-dia.com\/de\/diamanttrennscheiben-fuer-keramik\/cer-pink-laser\/","og_site_name":"Maxima SpA","article_publisher":"https:\/\/www.facebook.com\/Maxima-spa-106098566139597","article_modified_time":"2024-06-27T08:03:21+00:00","og_image":[{"width":1200,"height":1200,"url":"https:\/\/www.maxima-dia.com\/wp-content\/uploads\/2017\/02\/cer-rosa-laser.jpg","type":"image\/jpeg"}],"twitter_card":"summary_large_image","twitter_site":"@Maximadia","twitter_misc":{"Gesch\u00e4tzte Lesezeit":"12\u00a0Minuten"},"schema":{"@context":"https:\/\/schema.org","@graph":[{"@type":"WebPage","@id":"https:\/\/www.maxima-dia.com\/de\/diamanttrennscheiben-fuer-keramik\/cer-pink-laser\/","url":"https:\/\/www.maxima-dia.com\/de\/diamanttrennscheiben-fuer-keramik\/cer-pink-laser\/","name":"Cer Pink Laser - Maxima SpA","isPartOf":{"@id":"https:\/\/www.maxima-dia.com\/de\/#website"},"primaryImageOfPage":{"@id":"https:\/\/www.maxima-dia.com\/de\/diamanttrennscheiben-fuer-keramik\/cer-pink-laser\/#primaryimage"},"image":{"@id":"https:\/\/www.maxima-dia.com\/de\/diamanttrennscheiben-fuer-keramik\/cer-pink-laser\/#primaryimage"},"thumbnailUrl":"https:\/\/www.maxima-dia.com\/wp-content\/uploads\/2017\/02\/cer-rosa-laser.jpg","datePublished":"2014-04-11T08:09:31+00:00","dateModified":"2024-06-27T08:03:21+00:00","description":"Cer Pink Laser Diamanttrennscheibe ist der Zwilling von Cer Pink Turbo. Die Diamanttrennscheide unterscheidet sich durch ihr glattes 1,3 mm starkes Segmentdesign.","breadcrumb":{"@id":"https:\/\/www.maxima-dia.com\/de\/diamanttrennscheiben-fuer-keramik\/cer-pink-laser\/#breadcrumb"},"inLanguage":"de","potentialAction":[{"@type":"ReadAction","target":["https:\/\/www.maxima-dia.com\/de\/diamanttrennscheiben-fuer-keramik\/cer-pink-laser\/"]}]},{"@type":"ImageObject","inLanguage":"de","@id":"https:\/\/www.maxima-dia.com\/de\/diamanttrennscheiben-fuer-keramik\/cer-pink-laser\/#primaryimage","url":"https:\/\/www.maxima-dia.com\/wp-content\/uploads\/2017\/02\/cer-rosa-laser.jpg","contentUrl":"https:\/\/www.maxima-dia.com\/wp-content\/uploads\/2017\/02\/cer-rosa-laser.jpg","width":1200,"height":1200},{"@type":"BreadcrumbList","@id":"https:\/\/www.maxima-dia.com\/de\/diamanttrennscheiben-fuer-keramik\/cer-pink-laser\/#breadcrumb","itemListElement":[{"@type":"ListItem","position":1,"name":"Home","item":"https:\/\/www.maxima-dia.com\/de\/"},{"@type":"ListItem","position":2,"name":"Diamanttrennscheiben F\u00fcr Keramik","item":"https:\/\/www.maxima-dia.com\/de\/diamanttrennscheiben-fuer-keramik\/"},{"@type":"ListItem","position":3,"name":"Cer Pink Laser"}]},{"@type":"WebSite","@id":"https:\/\/www.maxima-dia.com\/de\/#website","url":"https:\/\/www.maxima-dia.com\/de\/","name":"Maxima SpA","description":"Only for the real professionals","potentialAction":[{"@type":"SearchAction","target":{"@type":"EntryPoint","urlTemplate":"https:\/\/www.maxima-dia.com\/de\/?s={search_term_string}"},"query-input":{"@type":"PropertyValueSpecification","valueRequired":true,"valueName":"search_term_string"}}],"inLanguage":"de"}]}},"_links":{"self":[{"href":"https:\/\/www.maxima-dia.com\/de\/wp-json\/wp\/v2\/pages\/7882"}],"collection":[{"href":"https:\/\/www.maxima-dia.com\/de\/wp-json\/wp\/v2\/pages"}],"about":[{"href":"https:\/\/www.maxima-dia.com\/de\/wp-json\/wp\/v2\/types\/page"}],"author":[{"embeddable":true,"href":"https:\/\/www.maxima-dia.com\/de\/wp-json\/wp\/v2\/users\/29"}],"replies":[{"embeddable":true,"href":"https:\/\/www.maxima-dia.com\/de\/wp-json\/wp\/v2\/comments?post=7882"}],"version-history":[{"count":1,"href":"https:\/\/www.maxima-dia.com\/de\/wp-json\/wp\/v2\/pages\/7882\/revisions"}],"predecessor-version":[{"id":43816,"href":"https:\/\/www.maxima-dia.com\/de\/wp-json\/wp\/v2\/pages\/7882\/revisions\/43816"}],"up":[{"embeddable":true,"href":"https:\/\/www.maxima-dia.com\/de\/wp-json\/wp\/v2\/pages\/12414"}],"wp:featuredmedia":[{"embeddable":true,"href":"https:\/\/www.maxima-dia.com\/de\/wp-json\/wp\/v2\/media\/24263"}],"wp:attachment":[{"href":"https:\/\/www.maxima-dia.com\/de\/wp-json\/wp\/v2\/media?parent=7882"}],"curies":[{"name":"wp","href":"https:\/\/api.w.org\/{rel}","templated":true}]}}