{"id":7924,"date":"2014-04-11T13:37:42","date_gmt":"2014-04-11T11:37:42","guid":{"rendered":"http:\/\/www.maxima-dia.com\/?post_type=products&#038;p=7924"},"modified":"2021-06-29T10:09:46","modified_gmt":"2021-06-29T08:09:46","slug":"orange-zement","status":"publish","type":"page","link":"https:\/\/www.maxima-dia.com\/de\/spezifische-trennscheibe\/orange-zement\/","title":{"rendered":"Orange Zement"},"content":{"rendered":"<div class=\"wpb-content-wrapper\"><p>[vc_row][vc_column text_align=&#8220;center&#8220; width=&#8220;1\/4&#8243;][vc_column_text]<a href=\"\/wp-content\/uploads\/2017\/02\/arancio-cemento.jpg\"><img loading=\"lazy\" decoding=\"async\" class=\"alignnone size-thumbnail wp-image-13824\" src=\"\/wp-content\/uploads\/2017\/02\/arancio-cemento-150x150.jpg\" alt=\"ARANCIO CEMENTO\" width=\"150\" height=\"150\" srcset=\"https:\/\/www.maxima-dia.com\/wp-content\/uploads\/2017\/02\/arancio-cemento-150x150.jpg 150w, https:\/\/www.maxima-dia.com\/wp-content\/uploads\/2017\/02\/arancio-cemento-300x300.jpg 300w, https:\/\/www.maxima-dia.com\/wp-content\/uploads\/2017\/02\/arancio-cemento-768x768.jpg 768w, https:\/\/www.maxima-dia.com\/wp-content\/uploads\/2017\/02\/arancio-cemento-1024x1024.jpg 1024w, https:\/\/www.maxima-dia.com\/wp-content\/uploads\/2017\/02\/arancio-cemento-80x80.jpg 80w, https:\/\/www.maxima-dia.com\/wp-content\/uploads\/2017\/02\/arancio-cemento-500x500.jpg 500w, https:\/\/www.maxima-dia.com\/wp-content\/uploads\/2017\/02\/arancio-cemento-1000x1000.jpg 1000w, https:\/\/www.maxima-dia.com\/wp-content\/uploads\/2017\/02\/arancio-cemento.jpg 1200w\" sizes=\"(max-width: 150px) 100vw, 150px\" \/><\/a><\/p>\n<p><span style=\"background-color: #cc0000; color: #ffffff; padding: 5px;\">H. 12 mm<\/span>[\/vc_column_text][vc_column_text css_animation=&#8220;slideInDown&#8220; el_class=&#8220;hidebuybutton&#8220;]<a href=\"https:\/\/www.storemaxima.com\/de\/spezifische-trennscheibe\/37-orange-cement.html\" target=\"_blank\" rel=\"noopener\"><img loading=\"lazy\" decoding=\"async\" class=\"alignnone\" title=\"Kaufen Auf www.storemaxima.com\" src=\"https:\/\/www.maxima-dia.com\/wp-content\/uploads\/2019\/12\/pulsante-acquista-storemaxima.com-de.svg\" alt=\"Kaufen Auf www.storemaxima.com\" width=\"180\" height=\"80\"><\/a>[\/vc_column_text][\/vc_column][vc_column width=&#8220;3\/4&#8243;][vc_column_text]Dies ist eine ausgezeichnete Diamanttrennscheibe um Zement und Stahlbeton zu schneiden. Lange Zeit war <strong>Orange Zement<\/strong> der Bestseller der Zement-Produktlinie; diese Diamanttrennscheibe wurde mit einem 12 mm hohen Segment entworfen und ist mit Durchmessern von bis zu 600 mm verf\u00fcgbar. Sie zeichnet sich vor allem durch ihre Produktlanglebigkeit und hohe Leistungsf\u00e4higkeit aus. Wenn man sie auf einen Power Cutter mit Verbrennungsmotor montiert, kann man <strong>Orange Zement<\/strong> auch sehr gut f\u00fcr das Schneiden von <strong>Granit<\/strong> einsetzen.<\/p>\n<table class=\"tabellatecnica\" style=\"width: 80%;\" border=\"0\" cellspacing=\"0\" cellpadding=\"0\">\n<thead>\n<tr>\n<td class=\"testata\" colspan=\"2\">TECHNISCHE TABELLE<\/td>\n<\/tr>\n<\/thead>\n<tbody>\n<tr>\n<td class=\"prima\">Ausgeh\u00e4rteter Zement \/ Ziegel \/ Dachpfannen<\/td>\n<td class=\"seconda\"><b class=\"txtred\">\u2605<\/b><b class=\"txtred\">\u2605<\/b><b class=\"txtred\">\u2605<\/b><b class=\"txtred\">\u2605<\/b><b class=\"txtred\">\u2605<\/b><\/td>\n<\/tr>\n<tr>\n<td class=\"prima\">Schwach bewehrter Beton<\/td>\n<td class=\"seconda\"><b class=\"txtred\">\u2605<\/b><b class=\"txtred\">\u2605<\/b><b class=\"txtred\">\u2605<\/b><b class=\"txtred\">\u2605<\/b><b class=\"txtred\">\u2605<\/b><\/td>\n<\/tr>\n<tr>\n<td class=\"prima\">Stark bewehrter Beton<\/td>\n<td class=\"seconda\"><b class=\"txtred\">\u2605<\/b><b class=\"txtred\">\u2605<\/b><b class=\"txtred\">\u2605<\/b><b class=\"txtred\">\u2605<\/b><b class=\"txtred\">\u2605<\/b><\/td>\n<\/tr>\n<tr>\n<td class=\"prima\">Granit \/ Naturstein \/ Porphyr<span style=\"color: #ff0000;\">*<\/span><br \/>\n<span style=\"font-size: 10px;\"><span style=\"color: #ff0000;\"> *<\/span>Nurdannoptimal,wenn die Diamanttrennscheibe an Motorschneideger\u00e4ten montiert wird.<\/span><\/td>\n<td class=\"seconda\"><b class=\"txtred\">\u2605<\/b><b class=\"txtred\">\u2605<\/b><b class=\"txtred\">\u2605<\/b><b class=\"txtred\">\u2605<\/b><\/td>\n<\/tr>\n<tr>\n<td class=\"prima\">Marmor<\/td>\n<td class=\"seconda\">&nbsp;<\/td>\n<\/tr>\n<tr>\n<td class=\"prima\">Schamotte<\/td>\n<td class=\"seconda\"><b class=\"txtred\">\u2605<\/b><\/td>\n<\/tr>\n<tr>\n<td class=\"prima\">Sandstein \/ Waschbetonplatten<\/td>\n<td class=\"seconda\">&nbsp;<\/td>\n<\/tr>\n<tr>\n<td class=\"prima\">Keramikfliesen (Zweibrandverfahren)<\/td>\n<td class=\"seconda\">&nbsp;<\/td>\n<\/tr>\n<tr>\n<td class=\"prima\">Keramikfliesen (Einbrandverfahren)<\/td>\n<td class=\"seconda\">&nbsp;<\/td>\n<\/tr>\n<tr>\n<td class=\"prima\">Feinsteinzeug \/ Klinker<\/td>\n<td class=\"seconda\">&nbsp;<\/td>\n<\/tr>\n<tr>\n<td class=\"prima\">Frischer Zement<\/td>\n<td class=\"seconda\">&nbsp;<\/td>\n<\/tr>\n<tr>\n<td class=\"prima\">Asphalt<\/td>\n<td class=\"seconda\">&nbsp;<\/td>\n<\/tr>\n<tr>\n<td class=\"intervallo\" colspan=\"2\">&nbsp;<\/td>\n<\/tr>\n<tr>\n<td class=\"prima\">Schnittgeschwindigkeit<\/td>\n<td class=\"seconda\"><b class=\"txtred\">\u2605<\/b><b class=\"txtred\">\u2605<\/b><b class=\"txtred\">\u2605<\/b><b class=\"txtred\">\u2605<\/b><\/td>\n<\/tr>\n<tr>\n<td class=\"prima\">Mittlere Standfestigkeit<\/td>\n<td class=\"seconda\"><b class=\"txtred\">\u2605<\/b><b class=\"txtred\">\u2605<\/b><b class=\"txtred\">\u2605<\/b><b class=\"txtred\">\u2605<\/b><b class=\"txtred\">\u2605<\/b><\/td>\n<\/tr>\n<tr>\n<td class=\"legenda\" colspan=\"2\"><strong>ausreichend<\/strong><b class=\"txtred\">\u2605<\/b>&nbsp;&nbsp;&nbsp;&nbsp;&nbsp;<strong>mittel<\/strong><b class=\"txtred\">\u2605<\/b><b class=\"txtred\">\u2605<\/b>&nbsp;&nbsp;&nbsp;&nbsp;&nbsp;<strong>gut<\/strong><b class=\"txtred\">\u2605<\/b><b class=\"txtred\">\u2605<\/b><b class=\"txtred\">\u2605<\/b>&nbsp;&nbsp;&nbsp;&nbsp;&nbsp;<strong>optimal<\/strong><b class=\"txtred\">\u2605<\/b><b class=\"txtred\">\u2605<\/b><b class=\"txtred\">\u2605<\/b><b class=\"txtred\">\u2605<\/b>&nbsp;&nbsp;&nbsp;&nbsp;&nbsp;<strong>super<\/strong><b class=\"txtred\">\u2605<\/b><b class=\"txtred\">\u2605<\/b><b class=\"txtred\">\u2605<\/b><b class=\"txtred\">\u2605<\/b><b class=\"txtred\">\u2605<\/b><\/td>\n<\/tr>\n<\/tbody>\n<\/table>\n<p>&nbsp;<\/p>\n<table class=\"tabellatecnica\" style=\"width: 80%;\" border=\"0\" cellspacing=\"0\" cellpadding=\"0\">\n<thead>\n<tr>\n<td class=\"testata\" colspan=\"2\">VERF\u00dcGBARE DURCHMESSER<\/td>\n<\/tr>\n<\/thead>\n<tbody>\n<tr>\n<td><img decoding=\"async\" class=\" wp-image-7025 alignleft\" src=\"\/wp-content\/uploads\/2013\/11\/s-taglio2.png\" alt=\"s-taglio2\" height=\"30\" srcset=\"https:\/\/www.maxima-dia.com\/wp-content\/uploads\/2013\/11\/s-taglio2.png 365w, https:\/\/www.maxima-dia.com\/wp-content\/uploads\/2013\/11\/s-taglio2-300x138.png 300w\" sizes=\"(max-width: 365px) 100vw, 365px\" \/>300-350-400<\/td>\n<td valign=\"top\"><img decoding=\"async\" class=\" wp-image-7109 alignleft\" src=\"\/wp-content\/uploads\/2013\/11\/s-taglio6.png\" alt=\"s-taglio6\" height=\"50\" srcset=\"https:\/\/www.maxima-dia.com\/wp-content\/uploads\/2013\/11\/s-taglio6.png 382w, https:\/\/www.maxima-dia.com\/wp-content\/uploads\/2013\/11\/s-taglio6-300x203.png 300w, https:\/\/www.maxima-dia.com\/wp-content\/uploads\/2013\/11\/s-taglio6-120x80.png 120w\" sizes=\"(max-width: 382px) 100vw, 382px\" \/>300-350-400-450-500-600-700<\/td>\n<\/tr>\n<\/tbody>\n<\/table>\n<p>&nbsp;[\/vc_column_text][\/vc_column][\/vc_row]<\/p>\n<\/div>","protected":false},"excerpt":{"rendered":"<p>[vc_row][vc_column text_align=&#8220;center&#8220; width=&#8220;1\/4&#8243;][vc_column_text] H. 12 mm[\/vc_column_text][vc_column_text css_animation=&#8220;slideInDown&#8220; el_class=&#8220;hidebuybutton&#8220;][\/vc_column_text][\/vc_column][vc_column width=&#8220;3\/4&#8243;][vc_column_text]Dies ist eine ausgezeichnete Diamanttrennscheibe um Zement und Stahlbeton zu schneiden. Lange Zeit war Orange Zement der Bestseller der Zement-Produktlinie; diese Diamanttrennscheibe wurde mit einem 12 mm hohen Segment entworfen und ist mit Durchmessern von bis zu 600 mm verf\u00fcgbar. Sie zeichnet sich vor allem durch ihre Produktlanglebigkeit und hohe Leistungsf\u00e4higkeit aus. Wenn man sie auf einen Power Cutter mit Verbrennungsmotor montiert, kann man Orange Zement auch sehr gut f\u00fcr das Schneiden von Granit einsetzen. TECHNISCHE TABELLE Ausgeh\u00e4rteter Zement \/ Ziegel \/ Dachpfannen \u2605\u2605\u2605\u2605\u2605 Schwach bewehrter Beton \u2605\u2605\u2605\u2605\u2605 Stark bewehrter Beton \u2605\u2605\u2605\u2605\u2605 Granit \/ Naturstein \/ Porphyr* *Nurdannoptimal,wenn die Diamanttrennscheibe an Motorschneideger\u00e4ten montiert wird. \u2605\u2605\u2605\u2605 Marmor &nbsp; Schamotte \u2605 Sandstein \/ Waschbetonplatten &nbsp; Keramikfliesen (Zweibrandverfahren) &nbsp; Keramikfliesen (Einbrandverfahren) &nbsp; Feinsteinzeug \/ Klinker &nbsp; Frischer Zement &nbsp; Asphalt &nbsp; &nbsp; Schnittgeschwindigkeit \u2605\u2605\u2605\u2605 Mittlere Standfestigkeit \u2605\u2605\u2605\u2605\u2605 ausreichend\u2605&nbsp;&nbsp;&nbsp;&nbsp;&nbsp;mittel\u2605\u2605&nbsp;&nbsp;&nbsp;&nbsp;&nbsp;gut\u2605\u2605\u2605&nbsp;&nbsp;&nbsp;&nbsp;&nbsp;optimal\u2605\u2605\u2605\u2605&nbsp;&nbsp;&nbsp;&nbsp;&nbsp;super\u2605\u2605\u2605\u2605\u2605 &nbsp; VERF\u00dcGBARE DURCHMESSER 300-350-400 300-350-400-450-500-600-700 &nbsp;[\/vc_column_text][\/vc_column][\/vc_row]<\/p>\n","protected":false},"author":29,"featured_media":24366,"parent":12552,"menu_order":8,"comment_status":"closed","ping_status":"closed","template":"","meta":{"ngg_post_thumbnail":0,"_joinchat":[],"footnotes":""},"class_list":["post-7924","page","type-page","status-publish","has-post-thumbnail","hentry"],"yoast_head":"<!-- This site is optimized with the Yoast SEO plugin v25.5 - https:\/\/yoast.com\/wordpress\/plugins\/seo\/ -->\n<title>Orange Zement - Maxima SpA<\/title>\n<meta name=\"robots\" content=\"index, follow, max-snippet:-1, max-image-preview:large, max-video-preview:-1\" \/>\n<link rel=\"canonical\" href=\"https:\/\/www.maxima-dia.com\/de\/spezifische-trennscheibe\/orange-zement\/\" \/>\n<meta property=\"og:locale\" content=\"de_DE\" \/>\n<meta property=\"og:type\" content=\"article\" \/>\n<meta property=\"og:title\" content=\"Orange Zement - Maxima SpA\" \/>\n<meta property=\"og:description\" content=\"[vc_row][vc_column text_align=&#8220;center&#8220; width=&#8220;1\/4&#8243;][vc_column_text] H. 12 mm[\/vc_column_text][vc_column_text css_animation=&#8220;slideInDown&#8220; el_class=&#8220;hidebuybutton&#8220;][\/vc_column_text][\/vc_column][vc_column width=&#8220;3\/4&#8243;][vc_column_text]Dies ist eine ausgezeichnete Diamanttrennscheibe um Zement und Stahlbeton zu schneiden. Lange Zeit war Orange Zement der Bestseller der Zement-Produktlinie; diese Diamanttrennscheibe wurde mit einem 12 mm hohen Segment entworfen und ist mit Durchmessern von bis zu 600 mm verf\u00fcgbar. Sie zeichnet sich vor allem durch ihre Produktlanglebigkeit und hohe Leistungsf\u00e4higkeit aus. Wenn man sie auf einen Power Cutter mit Verbrennungsmotor montiert, kann man Orange Zement auch sehr gut f\u00fcr das Schneiden von Granit einsetzen. TECHNISCHE TABELLE Ausgeh\u00e4rteter Zement \/ Ziegel \/ Dachpfannen \u2605\u2605\u2605\u2605\u2605 Schwach bewehrter Beton \u2605\u2605\u2605\u2605\u2605 Stark bewehrter Beton \u2605\u2605\u2605\u2605\u2605 Granit \/ Naturstein \/ Porphyr* *Nurdannoptimal,wenn die Diamanttrennscheibe an Motorschneideger\u00e4ten montiert wird. \u2605\u2605\u2605\u2605 Marmor &nbsp; Schamotte \u2605 Sandstein \/ Waschbetonplatten &nbsp; Keramikfliesen (Zweibrandverfahren) &nbsp; Keramikfliesen (Einbrandverfahren) &nbsp; Feinsteinzeug \/ Klinker &nbsp; Frischer Zement &nbsp; Asphalt &nbsp; &nbsp; Schnittgeschwindigkeit \u2605\u2605\u2605\u2605 Mittlere Standfestigkeit \u2605\u2605\u2605\u2605\u2605 ausreichend\u2605&nbsp;&nbsp;&nbsp;&nbsp;&nbsp;mittel\u2605\u2605&nbsp;&nbsp;&nbsp;&nbsp;&nbsp;gut\u2605\u2605\u2605&nbsp;&nbsp;&nbsp;&nbsp;&nbsp;optimal\u2605\u2605\u2605\u2605&nbsp;&nbsp;&nbsp;&nbsp;&nbsp;super\u2605\u2605\u2605\u2605\u2605 &nbsp; VERF\u00dcGBARE DURCHMESSER 300-350-400 300-350-400-450-500-600-700 &nbsp;[\/vc_column_text][\/vc_column][\/vc_row]\" \/>\n<meta property=\"og:url\" content=\"https:\/\/www.maxima-dia.com\/de\/spezifische-trennscheibe\/orange-zement\/\" \/>\n<meta property=\"og:site_name\" content=\"Maxima SpA\" \/>\n<meta property=\"article:publisher\" content=\"https:\/\/www.facebook.com\/Maxima-spa-106098566139597\" \/>\n<meta property=\"article:modified_time\" content=\"2021-06-29T08:09:46+00:00\" \/>\n<meta property=\"og:image\" content=\"https:\/\/www.maxima-dia.com\/wp-content\/uploads\/2017\/02\/arancio-cemento.jpg\" \/>\n\t<meta property=\"og:image:width\" content=\"1200\" \/>\n\t<meta property=\"og:image:height\" content=\"1200\" \/>\n\t<meta property=\"og:image:type\" content=\"image\/jpeg\" \/>\n<meta name=\"twitter:card\" content=\"summary_large_image\" \/>\n<meta name=\"twitter:site\" content=\"@Maximadia\" \/>\n<meta name=\"twitter:label1\" content=\"Gesch\u00e4tzte Lesezeit\" \/>\n\t<meta name=\"twitter:data1\" content=\"11\u00a0Minuten\" \/>\n<script type=\"application\/ld+json\" class=\"yoast-schema-graph\">{\"@context\":\"https:\/\/schema.org\",\"@graph\":[{\"@type\":\"WebPage\",\"@id\":\"https:\/\/www.maxima-dia.com\/de\/spezifische-trennscheibe\/orange-zement\/\",\"url\":\"https:\/\/www.maxima-dia.com\/de\/spezifische-trennscheibe\/orange-zement\/\",\"name\":\"Orange Zement - Maxima SpA\",\"isPartOf\":{\"@id\":\"https:\/\/www.maxima-dia.com\/de\/#website\"},\"primaryImageOfPage\":{\"@id\":\"https:\/\/www.maxima-dia.com\/de\/spezifische-trennscheibe\/orange-zement\/#primaryimage\"},\"image\":{\"@id\":\"https:\/\/www.maxima-dia.com\/de\/spezifische-trennscheibe\/orange-zement\/#primaryimage\"},\"thumbnailUrl\":\"https:\/\/www.maxima-dia.com\/wp-content\/uploads\/2017\/02\/arancio-cemento.jpg\",\"datePublished\":\"2014-04-11T11:37:42+00:00\",\"dateModified\":\"2021-06-29T08:09:46+00:00\",\"breadcrumb\":{\"@id\":\"https:\/\/www.maxima-dia.com\/de\/spezifische-trennscheibe\/orange-zement\/#breadcrumb\"},\"inLanguage\":\"de\",\"potentialAction\":[{\"@type\":\"ReadAction\",\"target\":[\"https:\/\/www.maxima-dia.com\/de\/spezifische-trennscheibe\/orange-zement\/\"]}]},{\"@type\":\"ImageObject\",\"inLanguage\":\"de\",\"@id\":\"https:\/\/www.maxima-dia.com\/de\/spezifische-trennscheibe\/orange-zement\/#primaryimage\",\"url\":\"https:\/\/www.maxima-dia.com\/wp-content\/uploads\/2017\/02\/arancio-cemento.jpg\",\"contentUrl\":\"https:\/\/www.maxima-dia.com\/wp-content\/uploads\/2017\/02\/arancio-cemento.jpg\",\"width\":1200,\"height\":1200},{\"@type\":\"BreadcrumbList\",\"@id\":\"https:\/\/www.maxima-dia.com\/de\/spezifische-trennscheibe\/orange-zement\/#breadcrumb\",\"itemListElement\":[{\"@type\":\"ListItem\",\"position\":1,\"name\":\"Home\",\"item\":\"https:\/\/www.maxima-dia.com\/de\/\"},{\"@type\":\"ListItem\",\"position\":2,\"name\":\"Spezifische Trennscheibe\",\"item\":\"https:\/\/www.maxima-dia.com\/de\/spezifische-trennscheibe\/\"},{\"@type\":\"ListItem\",\"position\":3,\"name\":\"Orange Zement\"}]},{\"@type\":\"WebSite\",\"@id\":\"https:\/\/www.maxima-dia.com\/de\/#website\",\"url\":\"https:\/\/www.maxima-dia.com\/de\/\",\"name\":\"Maxima SpA\",\"description\":\"Only for the real professionals\",\"potentialAction\":[{\"@type\":\"SearchAction\",\"target\":{\"@type\":\"EntryPoint\",\"urlTemplate\":\"https:\/\/www.maxima-dia.com\/de\/?s={search_term_string}\"},\"query-input\":{\"@type\":\"PropertyValueSpecification\",\"valueRequired\":true,\"valueName\":\"search_term_string\"}}],\"inLanguage\":\"de\"}]}<\/script>\n<!-- \/ Yoast SEO plugin. -->","yoast_head_json":{"title":"Orange Zement - Maxima SpA","robots":{"index":"index","follow":"follow","max-snippet":"max-snippet:-1","max-image-preview":"max-image-preview:large","max-video-preview":"max-video-preview:-1"},"canonical":"https:\/\/www.maxima-dia.com\/de\/spezifische-trennscheibe\/orange-zement\/","og_locale":"de_DE","og_type":"article","og_title":"Orange Zement - Maxima SpA","og_description":"[vc_row][vc_column text_align=&#8220;center&#8220; width=&#8220;1\/4&#8243;][vc_column_text] H. 12 mm[\/vc_column_text][vc_column_text css_animation=&#8220;slideInDown&#8220; el_class=&#8220;hidebuybutton&#8220;][\/vc_column_text][\/vc_column][vc_column width=&#8220;3\/4&#8243;][vc_column_text]Dies ist eine ausgezeichnete Diamanttrennscheibe um Zement und Stahlbeton zu schneiden. Lange Zeit war Orange Zement der Bestseller der Zement-Produktlinie; diese Diamanttrennscheibe wurde mit einem 12 mm hohen Segment entworfen und ist mit Durchmessern von bis zu 600 mm verf\u00fcgbar. Sie zeichnet sich vor allem durch ihre Produktlanglebigkeit und hohe Leistungsf\u00e4higkeit aus. Wenn man sie auf einen Power Cutter mit Verbrennungsmotor montiert, kann man Orange Zement auch sehr gut f\u00fcr das Schneiden von Granit einsetzen. TECHNISCHE TABELLE Ausgeh\u00e4rteter Zement \/ Ziegel \/ Dachpfannen \u2605\u2605\u2605\u2605\u2605 Schwach bewehrter Beton \u2605\u2605\u2605\u2605\u2605 Stark bewehrter Beton \u2605\u2605\u2605\u2605\u2605 Granit \/ Naturstein \/ Porphyr* *Nurdannoptimal,wenn die Diamanttrennscheibe an Motorschneideger\u00e4ten montiert wird. \u2605\u2605\u2605\u2605 Marmor &nbsp; Schamotte \u2605 Sandstein \/ Waschbetonplatten &nbsp; Keramikfliesen (Zweibrandverfahren) &nbsp; Keramikfliesen (Einbrandverfahren) &nbsp; Feinsteinzeug \/ Klinker &nbsp; Frischer Zement &nbsp; Asphalt &nbsp; &nbsp; Schnittgeschwindigkeit \u2605\u2605\u2605\u2605 Mittlere Standfestigkeit \u2605\u2605\u2605\u2605\u2605 ausreichend\u2605&nbsp;&nbsp;&nbsp;&nbsp;&nbsp;mittel\u2605\u2605&nbsp;&nbsp;&nbsp;&nbsp;&nbsp;gut\u2605\u2605\u2605&nbsp;&nbsp;&nbsp;&nbsp;&nbsp;optimal\u2605\u2605\u2605\u2605&nbsp;&nbsp;&nbsp;&nbsp;&nbsp;super\u2605\u2605\u2605\u2605\u2605 &nbsp; VERF\u00dcGBARE DURCHMESSER 300-350-400 300-350-400-450-500-600-700 &nbsp;[\/vc_column_text][\/vc_column][\/vc_row]","og_url":"https:\/\/www.maxima-dia.com\/de\/spezifische-trennscheibe\/orange-zement\/","og_site_name":"Maxima SpA","article_publisher":"https:\/\/www.facebook.com\/Maxima-spa-106098566139597","article_modified_time":"2021-06-29T08:09:46+00:00","og_image":[{"width":1200,"height":1200,"url":"https:\/\/www.maxima-dia.com\/wp-content\/uploads\/2017\/02\/arancio-cemento.jpg","type":"image\/jpeg"}],"twitter_card":"summary_large_image","twitter_site":"@Maximadia","twitter_misc":{"Gesch\u00e4tzte Lesezeit":"11\u00a0Minuten"},"schema":{"@context":"https:\/\/schema.org","@graph":[{"@type":"WebPage","@id":"https:\/\/www.maxima-dia.com\/de\/spezifische-trennscheibe\/orange-zement\/","url":"https:\/\/www.maxima-dia.com\/de\/spezifische-trennscheibe\/orange-zement\/","name":"Orange Zement - Maxima SpA","isPartOf":{"@id":"https:\/\/www.maxima-dia.com\/de\/#website"},"primaryImageOfPage":{"@id":"https:\/\/www.maxima-dia.com\/de\/spezifische-trennscheibe\/orange-zement\/#primaryimage"},"image":{"@id":"https:\/\/www.maxima-dia.com\/de\/spezifische-trennscheibe\/orange-zement\/#primaryimage"},"thumbnailUrl":"https:\/\/www.maxima-dia.com\/wp-content\/uploads\/2017\/02\/arancio-cemento.jpg","datePublished":"2014-04-11T11:37:42+00:00","dateModified":"2021-06-29T08:09:46+00:00","breadcrumb":{"@id":"https:\/\/www.maxima-dia.com\/de\/spezifische-trennscheibe\/orange-zement\/#breadcrumb"},"inLanguage":"de","potentialAction":[{"@type":"ReadAction","target":["https:\/\/www.maxima-dia.com\/de\/spezifische-trennscheibe\/orange-zement\/"]}]},{"@type":"ImageObject","inLanguage":"de","@id":"https:\/\/www.maxima-dia.com\/de\/spezifische-trennscheibe\/orange-zement\/#primaryimage","url":"https:\/\/www.maxima-dia.com\/wp-content\/uploads\/2017\/02\/arancio-cemento.jpg","contentUrl":"https:\/\/www.maxima-dia.com\/wp-content\/uploads\/2017\/02\/arancio-cemento.jpg","width":1200,"height":1200},{"@type":"BreadcrumbList","@id":"https:\/\/www.maxima-dia.com\/de\/spezifische-trennscheibe\/orange-zement\/#breadcrumb","itemListElement":[{"@type":"ListItem","position":1,"name":"Home","item":"https:\/\/www.maxima-dia.com\/de\/"},{"@type":"ListItem","position":2,"name":"Spezifische Trennscheibe","item":"https:\/\/www.maxima-dia.com\/de\/spezifische-trennscheibe\/"},{"@type":"ListItem","position":3,"name":"Orange Zement"}]},{"@type":"WebSite","@id":"https:\/\/www.maxima-dia.com\/de\/#website","url":"https:\/\/www.maxima-dia.com\/de\/","name":"Maxima SpA","description":"Only for the real professionals","potentialAction":[{"@type":"SearchAction","target":{"@type":"EntryPoint","urlTemplate":"https:\/\/www.maxima-dia.com\/de\/?s={search_term_string}"},"query-input":{"@type":"PropertyValueSpecification","valueRequired":true,"valueName":"search_term_string"}}],"inLanguage":"de"}]}},"_links":{"self":[{"href":"https:\/\/www.maxima-dia.com\/de\/wp-json\/wp\/v2\/pages\/7924"}],"collection":[{"href":"https:\/\/www.maxima-dia.com\/de\/wp-json\/wp\/v2\/pages"}],"about":[{"href":"https:\/\/www.maxima-dia.com\/de\/wp-json\/wp\/v2\/types\/page"}],"author":[{"embeddable":true,"href":"https:\/\/www.maxima-dia.com\/de\/wp-json\/wp\/v2\/users\/29"}],"replies":[{"embeddable":true,"href":"https:\/\/www.maxima-dia.com\/de\/wp-json\/wp\/v2\/comments?post=7924"}],"version-history":[{"count":0,"href":"https:\/\/www.maxima-dia.com\/de\/wp-json\/wp\/v2\/pages\/7924\/revisions"}],"up":[{"embeddable":true,"href":"https:\/\/www.maxima-dia.com\/de\/wp-json\/wp\/v2\/pages\/12552"}],"wp:featuredmedia":[{"embeddable":true,"href":"https:\/\/www.maxima-dia.com\/de\/wp-json\/wp\/v2\/media\/24366"}],"wp:attachment":[{"href":"https:\/\/www.maxima-dia.com\/de\/wp-json\/wp\/v2\/media?parent=7924"}],"curies":[{"name":"wp","href":"https:\/\/api.w.org\/{rel}","templated":true}]}}