{"id":7998,"date":"2014-04-14T09:15:48","date_gmt":"2014-04-14T07:15:48","guid":{"rendered":"http:\/\/www.maxima-dia.com\/?post_type=products&#038;p=7998"},"modified":"2021-06-30T09:25:21","modified_gmt":"2021-06-30T07:25:21","slug":"rosa-marmor","status":"publish","type":"page","link":"https:\/\/www.maxima-dia.com\/de\/spezifische-trennscheibe\/rosa-marmor\/","title":{"rendered":"Rosa Marmor"},"content":{"rendered":"<div class=\"wpb-content-wrapper\"><p>[vc_row][vc_column text_align=&#8220;center&#8220; width=&#8220;1\/4&#8243;][vc_column_text]<\/p>\n<p class=\"p1\">&nbsp;<a href=\"\/wp-content\/uploads\/2017\/02\/rosa-marmo.jpg\"><img loading=\"lazy\" decoding=\"async\" class=\"alignnone size-thumbnail wp-image-13907\" src=\"\/wp-content\/uploads\/2017\/02\/rosa-marmo-150x150.jpg\" alt=\"ROSA MARMO\" width=\"150\" height=\"150\" srcset=\"https:\/\/www.maxima-dia.com\/wp-content\/uploads\/2017\/02\/rosa-marmo-150x150.jpg 150w, https:\/\/www.maxima-dia.com\/wp-content\/uploads\/2017\/02\/rosa-marmo-300x300.jpg 300w, https:\/\/www.maxima-dia.com\/wp-content\/uploads\/2017\/02\/rosa-marmo-768x768.jpg 768w, https:\/\/www.maxima-dia.com\/wp-content\/uploads\/2017\/02\/rosa-marmo-1024x1024.jpg 1024w, https:\/\/www.maxima-dia.com\/wp-content\/uploads\/2017\/02\/rosa-marmo-80x80.jpg 80w, https:\/\/www.maxima-dia.com\/wp-content\/uploads\/2017\/02\/rosa-marmo-500x500.jpg 500w, https:\/\/www.maxima-dia.com\/wp-content\/uploads\/2017\/02\/rosa-marmo-1000x1000.jpg 1000w, https:\/\/www.maxima-dia.com\/wp-content\/uploads\/2017\/02\/rosa-marmo.jpg 1200w\" sizes=\"(max-width: 150px) 100vw, 150px\" \/><\/a><\/p>\n<p>[\/vc_column_text][vc_column_text css_animation=&#8220;slideInDown&#8220; el_class=&#8220;hidebuybutton&#8220;]<a href=\"https:\/\/www.storemaxima.com\/de\/spezifische-trennscheibe\/48-pink-marble.html\" target=\"_blank\" rel=\"noopener\"><img loading=\"lazy\" decoding=\"async\" class=\"alignnone\" title=\"Kaufen Auf www.storemaxima.com\" src=\"https:\/\/www.maxima-dia.com\/wp-content\/uploads\/2019\/12\/pulsante-acquista-storemaxima.com-de.svg\" alt=\"Kaufen Auf www.storemaxima.com\" width=\"180\" height=\"80\"><\/a>[\/vc_column_text][\/vc_column][vc_column width=&#8220;3\/4&#8243;][vc_column_text]<\/p>\n<p class=\"p1\"><strong>Rosa Marmor<\/strong> wurde eigens zum Schneiden von Marmor mit Steintrenns\u00e4gen entwickelt. Das Segment ist 10 mm hoch und das Produkt zeichnet sich durch eine hohe Leistungsf\u00e4higkeit aus. Die Palette der verf\u00fcgbaren Durchmesser reicht von 250 bis 625 mm.<\/p>\n<table class=\"tabellatecnica\" style=\"width: 80%;\" border=\"0\" cellspacing=\"0\" cellpadding=\"0\">\n<thead>\n<tr>\n<td class=\"testata\" colspan=\"2\">TECHNISCHE TABELLE<\/td>\n<\/tr>\n<\/thead>\n<tbody>\n<tr>\n<td class=\"prima\">Ausgeh\u00e4rteter Zement \/ Ziegel \/ Dachpfannen<\/td>\n<td class=\"seconda\">&nbsp;<\/td>\n<\/tr>\n<tr>\n<td class=\"prima\">Schwach bewehrter Beton<\/td>\n<td class=\"seconda\">&nbsp;<\/td>\n<\/tr>\n<tr>\n<td class=\"prima\">Stark bewehrter Beton<\/td>\n<td class=\"seconda\">&nbsp;<\/td>\n<\/tr>\n<tr>\n<td class=\"prima\">Granit \/ Naturstein \/ Porphyr<\/td>\n<td class=\"seconda\">&nbsp;<\/td>\n<\/tr>\n<tr>\n<td class=\"prima\">Marmor<\/td>\n<td class=\"seconda\"><b class=\"txtred\">\u2605<\/b><b class=\"txtred\">\u2605<\/b><b class=\"txtred\">\u2605<\/b><b class=\"txtred\">\u2605<\/b><b class=\"txtred\">\u2605<\/b><\/td>\n<\/tr>\n<tr>\n<td class=\"prima\">Schamotte<\/td>\n<td class=\"seconda\">&nbsp;<\/td>\n<\/tr>\n<tr>\n<td class=\"prima\">Sandstein \/ Waschbetonplatten<\/td>\n<td class=\"seconda\">&nbsp;<\/td>\n<\/tr>\n<tr>\n<td class=\"prima\">Keramikfliesen (Zweibrandverfahren)<\/td>\n<td class=\"seconda\">&nbsp;<\/td>\n<\/tr>\n<tr>\n<td class=\"prima\">Keramikfliesen (Einbrandverfahren)<\/td>\n<td class=\"seconda\">&nbsp;<\/td>\n<\/tr>\n<tr>\n<td class=\"prima\">Feinsteinzeug \/ Klinker<\/td>\n<td class=\"seconda\">&nbsp;<\/td>\n<\/tr>\n<tr>\n<td class=\"prima\">Frischer Zement<\/td>\n<td class=\"seconda\">&nbsp;<\/td>\n<\/tr>\n<tr>\n<td class=\"prima\">Asphalt<\/td>\n<td class=\"seconda\">&nbsp;<\/td>\n<\/tr>\n<tr>\n<td class=\"intervallo\" colspan=\"2\">&nbsp;<\/td>\n<\/tr>\n<tr>\n<td class=\"prima\">Schnittgeschwindigkeit<\/td>\n<td class=\"seconda\"><b class=\"txtred\">\u2605<\/b><b class=\"txtred\">\u2605<\/b><b class=\"txtred\">\u2605<\/b><b class=\"txtred\">\u2605<\/b><\/td>\n<\/tr>\n<tr>\n<td class=\"prima\">Mittlere Standfestigkeit<\/td>\n<td class=\"seconda\"><b class=\"txtred\">\u2605<\/b><b class=\"txtred\">\u2605<\/b><b class=\"txtred\">\u2605<\/b><b class=\"txtred\">\u2605<\/b><\/td>\n<\/tr>\n<tr>\n<td class=\"legenda\" colspan=\"2\"><strong>ausreichend<\/strong><b class=\"txtred\">\u2605<\/b>&nbsp;&nbsp;&nbsp;&nbsp;&nbsp;<strong>mittel<\/strong><b class=\"txtred\">\u2605<\/b><b class=\"txtred\">\u2605<\/b>&nbsp;&nbsp;&nbsp;&nbsp;&nbsp;<strong>gut<\/strong><b class=\"txtred\">\u2605<\/b><b class=\"txtred\">\u2605<\/b><b class=\"txtred\">\u2605<\/b>&nbsp;&nbsp;&nbsp;&nbsp;&nbsp;<strong>optimal<\/strong><b class=\"txtred\">\u2605<\/b><b class=\"txtred\">\u2605<\/b><b class=\"txtred\">\u2605<\/b><b class=\"txtred\">\u2605<\/b>&nbsp;&nbsp;&nbsp;&nbsp;&nbsp;<strong>super<\/strong><b class=\"txtred\">\u2605<\/b><b class=\"txtred\">\u2605<\/b><b class=\"txtred\">\u2605<\/b><b class=\"txtred\">\u2605<\/b><b class=\"txtred\">\u2605<\/b><\/td>\n<\/tr>\n<\/tbody>\n<\/table>\n<p>&nbsp;<\/p>\n<table class=\"tabellatecnica\" style=\"width: 80%;\" border=\"0\" cellspacing=\"0\" cellpadding=\"0\">\n<thead>\n<tr>\n<td class=\"testata\" colspan=\"2\">VERF\u00dcGBARE DURCHMESSER<\/td>\n<\/tr>\n<\/thead>\n<tbody>\n<tr>\n<td colspan=\"2\"><img loading=\"lazy\" decoding=\"async\" class=\"wp-image-7030 alignleft\" src=\"\/wp-content\/uploads\/2013\/11\/s-taglio3.png\" alt=\"s-taglio3\" width=\"49\" height=\"50\" srcset=\"https:\/\/www.maxima-dia.com\/wp-content\/uploads\/2013\/11\/s-taglio3.png 267w, https:\/\/www.maxima-dia.com\/wp-content\/uploads\/2013\/11\/s-taglio3-150x150.png 150w, https:\/\/www.maxima-dia.com\/wp-content\/uploads\/2013\/11\/s-taglio3-80x80.png 80w, https:\/\/www.maxima-dia.com\/wp-content\/uploads\/2013\/11\/s-taglio3-148x148.png 148w, https:\/\/www.maxima-dia.com\/wp-content\/uploads\/2013\/11\/s-taglio3-170x170.png 170w\" sizes=\"(max-width: 49px) 100vw, 49px\" \/>250-300-350-400<br \/>\n450-500-600-625<\/td>\n<\/tr>\n<\/tbody>\n<\/table>\n<p>&nbsp;<\/p>\n<div id=\"gtx-trans\" style=\"position: absolute; left: 61px; top: -10px;\">\n<div class=\"gtx-trans-icon\">&nbsp;<\/div>\n<\/div>\n<p>[\/vc_column_text][\/vc_column][\/vc_row]<\/p>\n<\/div>","protected":false},"excerpt":{"rendered":"<p>[vc_row][vc_column text_align=&#8220;center&#8220; width=&#8220;1\/4&#8243;][vc_column_text] &nbsp; [\/vc_column_text][vc_column_text css_animation=&#8220;slideInDown&#8220; el_class=&#8220;hidebuybutton&#8220;][\/vc_column_text][\/vc_column][vc_column width=&#8220;3\/4&#8243;][vc_column_text] Rosa Marmor wurde eigens zum Schneiden von Marmor mit Steintrenns\u00e4gen entwickelt. Das Segment ist 10 mm hoch und das Produkt zeichnet sich durch eine hohe Leistungsf\u00e4higkeit aus. Die Palette der verf\u00fcgbaren Durchmesser reicht von 250 bis 625 mm. TECHNISCHE TABELLE Ausgeh\u00e4rteter Zement \/ Ziegel \/ Dachpfannen &nbsp; Schwach bewehrter Beton &nbsp; Stark bewehrter Beton &nbsp; Granit \/ Naturstein \/ Porphyr &nbsp; Marmor \u2605\u2605\u2605\u2605\u2605 Schamotte &nbsp; Sandstein \/ Waschbetonplatten &nbsp; Keramikfliesen (Zweibrandverfahren) &nbsp; Keramikfliesen (Einbrandverfahren) &nbsp; Feinsteinzeug \/ Klinker &nbsp; Frischer Zement &nbsp; Asphalt &nbsp; &nbsp; Schnittgeschwindigkeit \u2605\u2605\u2605\u2605 Mittlere Standfestigkeit \u2605\u2605\u2605\u2605 ausreichend\u2605&nbsp;&nbsp;&nbsp;&nbsp;&nbsp;mittel\u2605\u2605&nbsp;&nbsp;&nbsp;&nbsp;&nbsp;gut\u2605\u2605\u2605&nbsp;&nbsp;&nbsp;&nbsp;&nbsp;optimal\u2605\u2605\u2605\u2605&nbsp;&nbsp;&nbsp;&nbsp;&nbsp;super\u2605\u2605\u2605\u2605\u2605 &nbsp; VERF\u00dcGBARE DURCHMESSER 250-300-350-400 450-500-600-625 &nbsp; &nbsp; [\/vc_column_text][\/vc_column][\/vc_row]<\/p>\n","protected":false},"author":29,"featured_media":24508,"parent":12552,"menu_order":23,"comment_status":"closed","ping_status":"closed","template":"","meta":{"ngg_post_thumbnail":0,"_joinchat":[],"footnotes":""},"class_list":["post-7998","page","type-page","status-publish","has-post-thumbnail","hentry"],"yoast_head":"<!-- This site is optimized with the Yoast SEO plugin v25.5 - https:\/\/yoast.com\/wordpress\/plugins\/seo\/ -->\n<title>Rosa Marmor - Maxima SpA<\/title>\n<meta name=\"robots\" content=\"index, follow, max-snippet:-1, max-image-preview:large, max-video-preview:-1\" \/>\n<link rel=\"canonical\" href=\"https:\/\/www.maxima-dia.com\/de\/spezifische-trennscheibe\/rosa-marmor\/\" \/>\n<meta property=\"og:locale\" content=\"de_DE\" \/>\n<meta property=\"og:type\" content=\"article\" \/>\n<meta property=\"og:title\" content=\"Rosa Marmor - Maxima SpA\" \/>\n<meta property=\"og:description\" content=\"[vc_row][vc_column text_align=&#8220;center&#8220; width=&#8220;1\/4&#8243;][vc_column_text] &nbsp; [\/vc_column_text][vc_column_text css_animation=&#8220;slideInDown&#8220; el_class=&#8220;hidebuybutton&#8220;][\/vc_column_text][\/vc_column][vc_column width=&#8220;3\/4&#8243;][vc_column_text] Rosa Marmor wurde eigens zum Schneiden von Marmor mit Steintrenns\u00e4gen entwickelt. Das Segment ist 10 mm hoch und das Produkt zeichnet sich durch eine hohe Leistungsf\u00e4higkeit aus. Die Palette der verf\u00fcgbaren Durchmesser reicht von 250 bis 625 mm. TECHNISCHE TABELLE Ausgeh\u00e4rteter Zement \/ Ziegel \/ Dachpfannen &nbsp; Schwach bewehrter Beton &nbsp; Stark bewehrter Beton &nbsp; Granit \/ Naturstein \/ Porphyr &nbsp; Marmor \u2605\u2605\u2605\u2605\u2605 Schamotte &nbsp; Sandstein \/ Waschbetonplatten &nbsp; Keramikfliesen (Zweibrandverfahren) &nbsp; Keramikfliesen (Einbrandverfahren) &nbsp; Feinsteinzeug \/ Klinker &nbsp; Frischer Zement &nbsp; Asphalt &nbsp; &nbsp; Schnittgeschwindigkeit \u2605\u2605\u2605\u2605 Mittlere Standfestigkeit \u2605\u2605\u2605\u2605 ausreichend\u2605&nbsp;&nbsp;&nbsp;&nbsp;&nbsp;mittel\u2605\u2605&nbsp;&nbsp;&nbsp;&nbsp;&nbsp;gut\u2605\u2605\u2605&nbsp;&nbsp;&nbsp;&nbsp;&nbsp;optimal\u2605\u2605\u2605\u2605&nbsp;&nbsp;&nbsp;&nbsp;&nbsp;super\u2605\u2605\u2605\u2605\u2605 &nbsp; VERF\u00dcGBARE DURCHMESSER 250-300-350-400 450-500-600-625 &nbsp; &nbsp; [\/vc_column_text][\/vc_column][\/vc_row]\" \/>\n<meta property=\"og:url\" content=\"https:\/\/www.maxima-dia.com\/de\/spezifische-trennscheibe\/rosa-marmor\/\" \/>\n<meta property=\"og:site_name\" content=\"Maxima SpA\" \/>\n<meta property=\"article:publisher\" content=\"https:\/\/www.facebook.com\/Maxima-spa-106098566139597\" \/>\n<meta property=\"article:modified_time\" content=\"2021-06-30T07:25:21+00:00\" \/>\n<meta property=\"og:image\" content=\"https:\/\/www.maxima-dia.com\/wp-content\/uploads\/2017\/02\/rosa-marmo.jpg\" \/>\n\t<meta property=\"og:image:width\" content=\"1200\" \/>\n\t<meta property=\"og:image:height\" content=\"1200\" \/>\n\t<meta property=\"og:image:type\" content=\"image\/jpeg\" \/>\n<meta name=\"twitter:card\" content=\"summary_large_image\" \/>\n<meta name=\"twitter:site\" content=\"@Maximadia\" \/>\n<meta name=\"twitter:label1\" content=\"Gesch\u00e4tzte Lesezeit\" \/>\n\t<meta name=\"twitter:data1\" content=\"7\u00a0Minuten\" \/>\n<script type=\"application\/ld+json\" class=\"yoast-schema-graph\">{\"@context\":\"https:\/\/schema.org\",\"@graph\":[{\"@type\":\"WebPage\",\"@id\":\"https:\/\/www.maxima-dia.com\/de\/spezifische-trennscheibe\/rosa-marmor\/\",\"url\":\"https:\/\/www.maxima-dia.com\/de\/spezifische-trennscheibe\/rosa-marmor\/\",\"name\":\"Rosa Marmor - Maxima SpA\",\"isPartOf\":{\"@id\":\"https:\/\/www.maxima-dia.com\/de\/#website\"},\"primaryImageOfPage\":{\"@id\":\"https:\/\/www.maxima-dia.com\/de\/spezifische-trennscheibe\/rosa-marmor\/#primaryimage\"},\"image\":{\"@id\":\"https:\/\/www.maxima-dia.com\/de\/spezifische-trennscheibe\/rosa-marmor\/#primaryimage\"},\"thumbnailUrl\":\"https:\/\/www.maxima-dia.com\/wp-content\/uploads\/2017\/02\/rosa-marmo.jpg\",\"datePublished\":\"2014-04-14T07:15:48+00:00\",\"dateModified\":\"2021-06-30T07:25:21+00:00\",\"breadcrumb\":{\"@id\":\"https:\/\/www.maxima-dia.com\/de\/spezifische-trennscheibe\/rosa-marmor\/#breadcrumb\"},\"inLanguage\":\"de\",\"potentialAction\":[{\"@type\":\"ReadAction\",\"target\":[\"https:\/\/www.maxima-dia.com\/de\/spezifische-trennscheibe\/rosa-marmor\/\"]}]},{\"@type\":\"ImageObject\",\"inLanguage\":\"de\",\"@id\":\"https:\/\/www.maxima-dia.com\/de\/spezifische-trennscheibe\/rosa-marmor\/#primaryimage\",\"url\":\"https:\/\/www.maxima-dia.com\/wp-content\/uploads\/2017\/02\/rosa-marmo.jpg\",\"contentUrl\":\"https:\/\/www.maxima-dia.com\/wp-content\/uploads\/2017\/02\/rosa-marmo.jpg\",\"width\":1200,\"height\":1200},{\"@type\":\"BreadcrumbList\",\"@id\":\"https:\/\/www.maxima-dia.com\/de\/spezifische-trennscheibe\/rosa-marmor\/#breadcrumb\",\"itemListElement\":[{\"@type\":\"ListItem\",\"position\":1,\"name\":\"Home\",\"item\":\"https:\/\/www.maxima-dia.com\/de\/\"},{\"@type\":\"ListItem\",\"position\":2,\"name\":\"Spezifische Trennscheibe\",\"item\":\"https:\/\/www.maxima-dia.com\/de\/spezifische-trennscheibe\/\"},{\"@type\":\"ListItem\",\"position\":3,\"name\":\"Rosa Marmor\"}]},{\"@type\":\"WebSite\",\"@id\":\"https:\/\/www.maxima-dia.com\/de\/#website\",\"url\":\"https:\/\/www.maxima-dia.com\/de\/\",\"name\":\"Maxima SpA\",\"description\":\"Only for the real professionals\",\"potentialAction\":[{\"@type\":\"SearchAction\",\"target\":{\"@type\":\"EntryPoint\",\"urlTemplate\":\"https:\/\/www.maxima-dia.com\/de\/?s={search_term_string}\"},\"query-input\":{\"@type\":\"PropertyValueSpecification\",\"valueRequired\":true,\"valueName\":\"search_term_string\"}}],\"inLanguage\":\"de\"}]}<\/script>\n<!-- \/ Yoast SEO plugin. -->","yoast_head_json":{"title":"Rosa Marmor - Maxima SpA","robots":{"index":"index","follow":"follow","max-snippet":"max-snippet:-1","max-image-preview":"max-image-preview:large","max-video-preview":"max-video-preview:-1"},"canonical":"https:\/\/www.maxima-dia.com\/de\/spezifische-trennscheibe\/rosa-marmor\/","og_locale":"de_DE","og_type":"article","og_title":"Rosa Marmor - Maxima SpA","og_description":"[vc_row][vc_column text_align=&#8220;center&#8220; width=&#8220;1\/4&#8243;][vc_column_text] &nbsp; [\/vc_column_text][vc_column_text css_animation=&#8220;slideInDown&#8220; el_class=&#8220;hidebuybutton&#8220;][\/vc_column_text][\/vc_column][vc_column width=&#8220;3\/4&#8243;][vc_column_text] Rosa Marmor wurde eigens zum Schneiden von Marmor mit Steintrenns\u00e4gen entwickelt. Das Segment ist 10 mm hoch und das Produkt zeichnet sich durch eine hohe Leistungsf\u00e4higkeit aus. Die Palette der verf\u00fcgbaren Durchmesser reicht von 250 bis 625 mm. TECHNISCHE TABELLE Ausgeh\u00e4rteter Zement \/ Ziegel \/ Dachpfannen &nbsp; Schwach bewehrter Beton &nbsp; Stark bewehrter Beton &nbsp; Granit \/ Naturstein \/ Porphyr &nbsp; Marmor \u2605\u2605\u2605\u2605\u2605 Schamotte &nbsp; Sandstein \/ Waschbetonplatten &nbsp; Keramikfliesen (Zweibrandverfahren) &nbsp; Keramikfliesen (Einbrandverfahren) &nbsp; Feinsteinzeug \/ Klinker &nbsp; Frischer Zement &nbsp; Asphalt &nbsp; &nbsp; Schnittgeschwindigkeit \u2605\u2605\u2605\u2605 Mittlere Standfestigkeit \u2605\u2605\u2605\u2605 ausreichend\u2605&nbsp;&nbsp;&nbsp;&nbsp;&nbsp;mittel\u2605\u2605&nbsp;&nbsp;&nbsp;&nbsp;&nbsp;gut\u2605\u2605\u2605&nbsp;&nbsp;&nbsp;&nbsp;&nbsp;optimal\u2605\u2605\u2605\u2605&nbsp;&nbsp;&nbsp;&nbsp;&nbsp;super\u2605\u2605\u2605\u2605\u2605 &nbsp; VERF\u00dcGBARE DURCHMESSER 250-300-350-400 450-500-600-625 &nbsp; &nbsp; [\/vc_column_text][\/vc_column][\/vc_row]","og_url":"https:\/\/www.maxima-dia.com\/de\/spezifische-trennscheibe\/rosa-marmor\/","og_site_name":"Maxima SpA","article_publisher":"https:\/\/www.facebook.com\/Maxima-spa-106098566139597","article_modified_time":"2021-06-30T07:25:21+00:00","og_image":[{"width":1200,"height":1200,"url":"https:\/\/www.maxima-dia.com\/wp-content\/uploads\/2017\/02\/rosa-marmo.jpg","type":"image\/jpeg"}],"twitter_card":"summary_large_image","twitter_site":"@Maximadia","twitter_misc":{"Gesch\u00e4tzte Lesezeit":"7\u00a0Minuten"},"schema":{"@context":"https:\/\/schema.org","@graph":[{"@type":"WebPage","@id":"https:\/\/www.maxima-dia.com\/de\/spezifische-trennscheibe\/rosa-marmor\/","url":"https:\/\/www.maxima-dia.com\/de\/spezifische-trennscheibe\/rosa-marmor\/","name":"Rosa Marmor - Maxima SpA","isPartOf":{"@id":"https:\/\/www.maxima-dia.com\/de\/#website"},"primaryImageOfPage":{"@id":"https:\/\/www.maxima-dia.com\/de\/spezifische-trennscheibe\/rosa-marmor\/#primaryimage"},"image":{"@id":"https:\/\/www.maxima-dia.com\/de\/spezifische-trennscheibe\/rosa-marmor\/#primaryimage"},"thumbnailUrl":"https:\/\/www.maxima-dia.com\/wp-content\/uploads\/2017\/02\/rosa-marmo.jpg","datePublished":"2014-04-14T07:15:48+00:00","dateModified":"2021-06-30T07:25:21+00:00","breadcrumb":{"@id":"https:\/\/www.maxima-dia.com\/de\/spezifische-trennscheibe\/rosa-marmor\/#breadcrumb"},"inLanguage":"de","potentialAction":[{"@type":"ReadAction","target":["https:\/\/www.maxima-dia.com\/de\/spezifische-trennscheibe\/rosa-marmor\/"]}]},{"@type":"ImageObject","inLanguage":"de","@id":"https:\/\/www.maxima-dia.com\/de\/spezifische-trennscheibe\/rosa-marmor\/#primaryimage","url":"https:\/\/www.maxima-dia.com\/wp-content\/uploads\/2017\/02\/rosa-marmo.jpg","contentUrl":"https:\/\/www.maxima-dia.com\/wp-content\/uploads\/2017\/02\/rosa-marmo.jpg","width":1200,"height":1200},{"@type":"BreadcrumbList","@id":"https:\/\/www.maxima-dia.com\/de\/spezifische-trennscheibe\/rosa-marmor\/#breadcrumb","itemListElement":[{"@type":"ListItem","position":1,"name":"Home","item":"https:\/\/www.maxima-dia.com\/de\/"},{"@type":"ListItem","position":2,"name":"Spezifische Trennscheibe","item":"https:\/\/www.maxima-dia.com\/de\/spezifische-trennscheibe\/"},{"@type":"ListItem","position":3,"name":"Rosa Marmor"}]},{"@type":"WebSite","@id":"https:\/\/www.maxima-dia.com\/de\/#website","url":"https:\/\/www.maxima-dia.com\/de\/","name":"Maxima SpA","description":"Only for the real professionals","potentialAction":[{"@type":"SearchAction","target":{"@type":"EntryPoint","urlTemplate":"https:\/\/www.maxima-dia.com\/de\/?s={search_term_string}"},"query-input":{"@type":"PropertyValueSpecification","valueRequired":true,"valueName":"search_term_string"}}],"inLanguage":"de"}]}},"_links":{"self":[{"href":"https:\/\/www.maxima-dia.com\/de\/wp-json\/wp\/v2\/pages\/7998"}],"collection":[{"href":"https:\/\/www.maxima-dia.com\/de\/wp-json\/wp\/v2\/pages"}],"about":[{"href":"https:\/\/www.maxima-dia.com\/de\/wp-json\/wp\/v2\/types\/page"}],"author":[{"embeddable":true,"href":"https:\/\/www.maxima-dia.com\/de\/wp-json\/wp\/v2\/users\/29"}],"replies":[{"embeddable":true,"href":"https:\/\/www.maxima-dia.com\/de\/wp-json\/wp\/v2\/comments?post=7998"}],"version-history":[{"count":0,"href":"https:\/\/www.maxima-dia.com\/de\/wp-json\/wp\/v2\/pages\/7998\/revisions"}],"up":[{"embeddable":true,"href":"https:\/\/www.maxima-dia.com\/de\/wp-json\/wp\/v2\/pages\/12552"}],"wp:featuredmedia":[{"embeddable":true,"href":"https:\/\/www.maxima-dia.com\/de\/wp-json\/wp\/v2\/media\/24508"}],"wp:attachment":[{"href":"https:\/\/www.maxima-dia.com\/de\/wp-json\/wp\/v2\/media?parent=7998"}],"curies":[{"name":"wp","href":"https:\/\/api.w.org\/{rel}","templated":true}]}}