{"id":8057,"date":"2014-04-15T16:27:30","date_gmt":"2014-04-15T14:27:30","guid":{"rendered":"http:\/\/www.maxima-dia.com\/?post_type=products&#038;p=8057"},"modified":"2021-07-08T17:46:05","modified_gmt":"2021-07-08T15:46:05","slug":"maxi-200-bruecke","status":"publish","type":"page","link":"https:\/\/www.maxima-dia.com\/de\/diamant-trennmaschine\/maxi-200-bruecke\/","title":{"rendered":"Maxi 200 Br\u00fccke"},"content":{"rendered":"<div class=\"wpb-content-wrapper\"><p>[vc_row][vc_column text_align=&#8220;center&#8220; width=&#8220;1\/4&#8243;][vc_column_text]<a href=\"https:\/\/www.maxima-dia.com\/wp-content\/uploads\/2021\/07\/MAXI_200PONTE.jpg\"><img loading=\"lazy\" decoding=\"async\" class=\"alignnone wp-image-29113 size-thumbnail\" src=\"https:\/\/www.maxima-dia.com\/wp-content\/uploads\/2021\/07\/MAXI_200PONTE-150x150.jpg\" alt=\"\" width=\"150\" height=\"150\" srcset=\"https:\/\/www.maxima-dia.com\/wp-content\/uploads\/2021\/07\/MAXI_200PONTE-150x150.jpg 150w, https:\/\/www.maxima-dia.com\/wp-content\/uploads\/2021\/07\/MAXI_200PONTE-300x300.jpg 300w, https:\/\/www.maxima-dia.com\/wp-content\/uploads\/2021\/07\/MAXI_200PONTE-1024x1024.jpg 1024w, https:\/\/www.maxima-dia.com\/wp-content\/uploads\/2021\/07\/MAXI_200PONTE-768x768.jpg 768w, https:\/\/www.maxima-dia.com\/wp-content\/uploads\/2021\/07\/MAXI_200PONTE-1536x1536.jpg 1536w, https:\/\/www.maxima-dia.com\/wp-content\/uploads\/2021\/07\/MAXI_200PONTE-80x80.jpg 80w, https:\/\/www.maxima-dia.com\/wp-content\/uploads\/2021\/07\/MAXI_200PONTE-500x500.jpg 500w, https:\/\/www.maxima-dia.com\/wp-content\/uploads\/2021\/07\/MAXI_200PONTE-1000x1000.jpg 1000w, https:\/\/www.maxima-dia.com\/wp-content\/uploads\/2021\/07\/MAXI_200PONTE.jpg 1700w\" sizes=\"(max-width: 150px) 100vw, 150px\" \/><\/a><\/p>\n<p>made in EU&nbsp;<img loading=\"lazy\" decoding=\"async\" src=\"\/wp-content\/uploads\/2013\/11\/eu.png\" alt=\"eu\" width=\"24\" height=\"16\"> &#8211; Zertifikat&nbsp;<span style=\"font-family: arial,helvetica,sans-serif;\">CE<\/span>[\/vc_column_text][vc_column_text css_animation=&#8220;slideInDown&#8220; el_class=&#8220;hidebuybutton&#8220;]<a href=\"https:\/\/www.storemaxima.com\/de\/diamant-trennmaschine\/55-maxi-200-brucke.html\" target=\"_blank\" rel=\"noopener\"><img loading=\"lazy\" decoding=\"async\" class=\"alignnone\" title=\"Kaufen Auf www.storemaxima.com\" src=\"https:\/\/www.maxima-dia.com\/wp-content\/uploads\/2019\/12\/pulsante-acquista-storemaxima.com-de.svg\" alt=\"Kaufen Auf www.storemaxima.com\" width=\"180\" height=\"80\"><\/a>[\/vc_column_text][\/vc_column][vc_column width=&#8220;3\/4&#8243;][vc_column_text]Die <strong>Maxi 200 BR\u00dcCKE<\/strong> ist eine f\u00fcr Fachexperten entworfene und entwickelte Maschine. Sie wurde f\u00fcr schnelles und pr\u00e4zises Arbeiten konzipiert und erf\u00fcllt die Anspr\u00fcche von Fliesenlegern, die Wert auf ein gutes Preis-Leistungs-Verh\u00e4ltnis le-gen. Dank des geringen Gewichts von nur 50 kg und den kompakten Ma\u00dfen eignet sie sich ideal f\u00fcr Renovierungsarbeiten. Zwei kleine aber robuste R\u00e4der wurden auf der hinteren Seite der Maschine befestigt um sie leicht verschieben zu k\u00f6nnen. Sie wird serienm\u00e4\u00dfig mit der Trennscheibe <a href=\"https:\/\/www.maxima-dia.com\/de\/diamanttrennscheiben-fuer-keramik\/cer-rosa-turbo\/\"><strong>Cer Rosa Turbo<\/strong><\/a>, dem Spitzenprodukt der Produktpalette Maximas f\u00fcr Keramik, ausgestattet.<\/p>\n<table class=\"tabellafotocarotaggio\" style=\"width: 100%;\">\n<tbody>\n<tr>\n<td style=\"text-align: center;\"><a href=\"\/wp-content\/uploads\/2017\/02\/maxi-200-ponte-f1.jpg\"><img loading=\"lazy\" decoding=\"async\" class=\"alignnone wp-image-13864 size-thumbnail\" src=\"\/wp-content\/uploads\/2017\/02\/maxi-200-ponte-f1-150x150.jpg\" width=\"150\" height=\"150\" srcset=\"https:\/\/www.maxima-dia.com\/wp-content\/uploads\/2017\/02\/maxi-200-ponte-f1-150x150.jpg 150w, https:\/\/www.maxima-dia.com\/wp-content\/uploads\/2017\/02\/maxi-200-ponte-f1-80x80.jpg 80w, https:\/\/www.maxima-dia.com\/wp-content\/uploads\/2017\/02\/maxi-200-ponte-f1-500x500.jpg 500w, https:\/\/www.maxima-dia.com\/wp-content\/uploads\/2017\/02\/maxi-200-ponte-f1-1000x1000.jpg 1000w\" sizes=\"(max-width: 150px) 100vw, 150px\" \/><\/a><\/td>\n<td style=\"text-align: center;\"><a href=\"\/wp-content\/uploads\/2017\/02\/maxi-200-ponte-f2.jpg\"><img loading=\"lazy\" decoding=\"async\" class=\"alignnone wp-image-13685 size-thumbnail\" src=\"\/wp-content\/uploads\/2017\/02\/maxi-200-ponte-f2-150x150.jpg\" width=\"150\" height=\"150\"><\/a><\/td>\n<td style=\"text-align: center;\"><a href=\"\/wp-content\/uploads\/2017\/02\/maxi-200-ponte-f3.jpg\"><img loading=\"lazy\" decoding=\"async\" class=\"alignnone wp-image-13686 size-thumbnail\" src=\"\/wp-content\/uploads\/2017\/02\/maxi-200-ponte-f3-150x150.jpg\" width=\"150\" height=\"150\"><\/a><\/td>\n<td style=\"text-align: center;\"><a href=\"\/wp-content\/uploads\/2017\/02\/maxi-200-ponte-f4.jpg\"><img loading=\"lazy\" decoding=\"async\" class=\"alignnone wp-image-13687 size-thumbnail\" src=\"\/wp-content\/uploads\/2017\/02\/maxi-200-ponte-f4-150x150.jpg\" width=\"150\" height=\"150\"><\/a><\/td>\n<\/tr>\n<\/tbody>\n<\/table>\n<p>&nbsp;<\/p>\n<table class=\"tabellatecnica\" style=\"width: 100%;\" border=\"0\" cellspacing=\"0\" cellpadding=\"0\">\n<thead>\n<tr>\n<td class=\"testata\" colspan=\"2\">TECHNISCHE EIGENSCHAFTEN<\/td>\n<\/tr>\n<\/thead>\n<tbody>\n<tr>\n<td class=\"coltesto1\" style=\"width: 50%;\">Verf\u00fcgbar mit einem Motor mit 230 V &#8211; 1,1 kW &#8211; 1,5 PS<\/td>\n<td class=\"coltesto2\" style=\"width: 50%;\">Auf 4 Edelstahllager verschiebbarer Kopf<\/td>\n<\/tr>\n<tr>\n<td class=\"coltesto1\" style=\"width: 50%;\">Diamanttrennscheibe zu 180 mm oder 200 mm &#8211; Bohrung: 25,4 mm<\/td>\n<td class=\"coltesto2\" style=\"width: 50%;\">Wassersammelwanne aus Kunststoff<\/td>\n<\/tr>\n<tr>\n<td class=\"coltesto1\" style=\"width: 50%;\">Max. Schnitth\u00f6he bei einem Durchgang: 50 mm<\/td>\n<td class=\"coltesto2\" style=\"width: 50%;\">Abmessungen (LxBxH): 150 x 55 x 80 cm<\/td>\n<\/tr>\n<tr>\n<td class=\"coltesto2\" style=\"width: 50%;\">Schnittl\u00e4nge max.&nbsp;750 mm<\/td>\n<td class=\"coltesto2\" style=\"width: 50%;\">Gewicht: 50 KG<\/td>\n<\/tr>\n<tr>\n<td class=\"coltesto1\" style=\"width: 50%;\">Um 45\u00b0 kippbarer Kopf<\/td>\n<td class=\"coltesto1\" style=\"width: 50%;\">&nbsp;<\/td>\n<\/tr>\n<\/tbody>\n<\/table>\n<p>[\/vc_column_text][\/vc_column][\/vc_row]<\/p>\n<\/div>","protected":false},"excerpt":{"rendered":"<p>[vc_row][vc_column text_align=&#8220;center&#8220; width=&#8220;1\/4&#8243;][vc_column_text] made in EU&nbsp; &#8211; Zertifikat&nbsp;CE[\/vc_column_text][vc_column_text css_animation=&#8220;slideInDown&#8220; el_class=&#8220;hidebuybutton&#8220;][\/vc_column_text][\/vc_column][vc_column width=&#8220;3\/4&#8243;][vc_column_text]Die Maxi 200 BR\u00dcCKE ist eine f\u00fcr Fachexperten entworfene und entwickelte Maschine. Sie wurde f\u00fcr schnelles und pr\u00e4zises Arbeiten konzipiert und erf\u00fcllt die Anspr\u00fcche von Fliesenlegern, die Wert auf ein gutes Preis-Leistungs-Verh\u00e4ltnis le-gen. Dank des geringen Gewichts von nur 50 kg und den kompakten Ma\u00dfen eignet sie sich ideal f\u00fcr Renovierungsarbeiten. Zwei kleine aber robuste R\u00e4der wurden auf der hinteren Seite der Maschine befestigt um sie leicht verschieben zu k\u00f6nnen. Sie wird serienm\u00e4\u00dfig mit der Trennscheibe Cer Rosa Turbo, dem Spitzenprodukt der Produktpalette Maximas f\u00fcr Keramik, ausgestattet. &nbsp; TECHNISCHE EIGENSCHAFTEN Verf\u00fcgbar mit einem Motor mit 230 V &#8211; 1,1 kW &#8211; 1,5 PS Auf 4 Edelstahllager verschiebbarer Kopf Diamanttrennscheibe zu 180 mm oder 200 mm &#8211; Bohrung: 25,4 mm Wassersammelwanne aus Kunststoff Max. Schnitth\u00f6he bei einem Durchgang: 50 mm Abmessungen (LxBxH): 150 x 55 x 80 cm Schnittl\u00e4nge max.&nbsp;750 mm Gewicht: 50 KG Um 45\u00b0 kippbarer Kopf &nbsp; [\/vc_column_text][\/vc_column][\/vc_row]<\/p>\n","protected":false},"author":29,"featured_media":29113,"parent":12476,"menu_order":2,"comment_status":"closed","ping_status":"closed","template":"","meta":{"ngg_post_thumbnail":0,"_joinchat":[],"footnotes":""},"class_list":["post-8057","page","type-page","status-publish","has-post-thumbnail","hentry"],"yoast_head":"<!-- This site is optimized with the Yoast SEO plugin v25.5 - https:\/\/yoast.com\/wordpress\/plugins\/seo\/ -->\n<title>Maxi 200 Br\u00fccke - Maxima SpA<\/title>\n<meta name=\"robots\" content=\"index, follow, max-snippet:-1, max-image-preview:large, max-video-preview:-1\" \/>\n<link rel=\"canonical\" href=\"https:\/\/www.maxima-dia.com\/de\/diamant-trennmaschine\/maxi-200-bruecke\/\" \/>\n<meta property=\"og:locale\" content=\"de_DE\" \/>\n<meta property=\"og:type\" content=\"article\" \/>\n<meta property=\"og:title\" content=\"Maxi 200 Br\u00fccke - Maxima SpA\" \/>\n<meta property=\"og:description\" content=\"[vc_row][vc_column text_align=&#8220;center&#8220; width=&#8220;1\/4&#8243;][vc_column_text] made in EU&nbsp; &#8211; Zertifikat&nbsp;CE[\/vc_column_text][vc_column_text css_animation=&#8220;slideInDown&#8220; el_class=&#8220;hidebuybutton&#8220;][\/vc_column_text][\/vc_column][vc_column width=&#8220;3\/4&#8243;][vc_column_text]Die Maxi 200 BR\u00dcCKE ist eine f\u00fcr Fachexperten entworfene und entwickelte Maschine. Sie wurde f\u00fcr schnelles und pr\u00e4zises Arbeiten konzipiert und erf\u00fcllt die Anspr\u00fcche von Fliesenlegern, die Wert auf ein gutes Preis-Leistungs-Verh\u00e4ltnis le-gen. Dank des geringen Gewichts von nur 50 kg und den kompakten Ma\u00dfen eignet sie sich ideal f\u00fcr Renovierungsarbeiten. Zwei kleine aber robuste R\u00e4der wurden auf der hinteren Seite der Maschine befestigt um sie leicht verschieben zu k\u00f6nnen. Sie wird serienm\u00e4\u00dfig mit der Trennscheibe Cer Rosa Turbo, dem Spitzenprodukt der Produktpalette Maximas f\u00fcr Keramik, ausgestattet. &nbsp; TECHNISCHE EIGENSCHAFTEN Verf\u00fcgbar mit einem Motor mit 230 V &#8211; 1,1 kW &#8211; 1,5 PS Auf 4 Edelstahllager verschiebbarer Kopf Diamanttrennscheibe zu 180 mm oder 200 mm &#8211; Bohrung: 25,4 mm Wassersammelwanne aus Kunststoff Max. Schnitth\u00f6he bei einem Durchgang: 50 mm Abmessungen (LxBxH): 150 x 55 x 80 cm Schnittl\u00e4nge max.&nbsp;750 mm Gewicht: 50 KG Um 45\u00b0 kippbarer Kopf &nbsp; [\/vc_column_text][\/vc_column][\/vc_row]\" \/>\n<meta property=\"og:url\" content=\"https:\/\/www.maxima-dia.com\/de\/diamant-trennmaschine\/maxi-200-bruecke\/\" \/>\n<meta property=\"og:site_name\" content=\"Maxima SpA\" \/>\n<meta property=\"article:publisher\" content=\"https:\/\/www.facebook.com\/Maxima-spa-106098566139597\" \/>\n<meta property=\"article:modified_time\" content=\"2021-07-08T15:46:05+00:00\" \/>\n<meta property=\"og:image\" content=\"https:\/\/www.maxima-dia.com\/wp-content\/uploads\/2021\/07\/MAXI_200PONTE.jpg\" \/>\n\t<meta property=\"og:image:width\" content=\"1700\" \/>\n\t<meta property=\"og:image:height\" content=\"1700\" \/>\n\t<meta property=\"og:image:type\" content=\"image\/jpeg\" \/>\n<meta name=\"twitter:card\" content=\"summary_large_image\" \/>\n<meta name=\"twitter:site\" content=\"@Maximadia\" \/>\n<meta name=\"twitter:label1\" content=\"Gesch\u00e4tzte Lesezeit\" \/>\n\t<meta name=\"twitter:data1\" content=\"3\u00a0Minuten\" \/>\n<script type=\"application\/ld+json\" class=\"yoast-schema-graph\">{\"@context\":\"https:\/\/schema.org\",\"@graph\":[{\"@type\":\"WebPage\",\"@id\":\"https:\/\/www.maxima-dia.com\/de\/diamant-trennmaschine\/maxi-200-bruecke\/\",\"url\":\"https:\/\/www.maxima-dia.com\/de\/diamant-trennmaschine\/maxi-200-bruecke\/\",\"name\":\"Maxi 200 Br\u00fccke - Maxima SpA\",\"isPartOf\":{\"@id\":\"https:\/\/www.maxima-dia.com\/de\/#website\"},\"primaryImageOfPage\":{\"@id\":\"https:\/\/www.maxima-dia.com\/de\/diamant-trennmaschine\/maxi-200-bruecke\/#primaryimage\"},\"image\":{\"@id\":\"https:\/\/www.maxima-dia.com\/de\/diamant-trennmaschine\/maxi-200-bruecke\/#primaryimage\"},\"thumbnailUrl\":\"https:\/\/www.maxima-dia.com\/wp-content\/uploads\/2021\/07\/MAXI_200PONTE.jpg\",\"datePublished\":\"2014-04-15T14:27:30+00:00\",\"dateModified\":\"2021-07-08T15:46:05+00:00\",\"breadcrumb\":{\"@id\":\"https:\/\/www.maxima-dia.com\/de\/diamant-trennmaschine\/maxi-200-bruecke\/#breadcrumb\"},\"inLanguage\":\"de\",\"potentialAction\":[{\"@type\":\"ReadAction\",\"target\":[\"https:\/\/www.maxima-dia.com\/de\/diamant-trennmaschine\/maxi-200-bruecke\/\"]}]},{\"@type\":\"ImageObject\",\"inLanguage\":\"de\",\"@id\":\"https:\/\/www.maxima-dia.com\/de\/diamant-trennmaschine\/maxi-200-bruecke\/#primaryimage\",\"url\":\"https:\/\/www.maxima-dia.com\/wp-content\/uploads\/2021\/07\/MAXI_200PONTE.jpg\",\"contentUrl\":\"https:\/\/www.maxima-dia.com\/wp-content\/uploads\/2021\/07\/MAXI_200PONTE.jpg\",\"width\":1700,\"height\":1700},{\"@type\":\"BreadcrumbList\",\"@id\":\"https:\/\/www.maxima-dia.com\/de\/diamant-trennmaschine\/maxi-200-bruecke\/#breadcrumb\",\"itemListElement\":[{\"@type\":\"ListItem\",\"position\":1,\"name\":\"Home\",\"item\":\"https:\/\/www.maxima-dia.com\/de\/\"},{\"@type\":\"ListItem\",\"position\":2,\"name\":\"Diamant-Trennmaschine\",\"item\":\"https:\/\/www.maxima-dia.com\/de\/diamant-trennmaschine\/\"},{\"@type\":\"ListItem\",\"position\":3,\"name\":\"Maxi 200 Br\u00fccke\"}]},{\"@type\":\"WebSite\",\"@id\":\"https:\/\/www.maxima-dia.com\/de\/#website\",\"url\":\"https:\/\/www.maxima-dia.com\/de\/\",\"name\":\"Maxima SpA\",\"description\":\"Only for the real professionals\",\"potentialAction\":[{\"@type\":\"SearchAction\",\"target\":{\"@type\":\"EntryPoint\",\"urlTemplate\":\"https:\/\/www.maxima-dia.com\/de\/?s={search_term_string}\"},\"query-input\":{\"@type\":\"PropertyValueSpecification\",\"valueRequired\":true,\"valueName\":\"search_term_string\"}}],\"inLanguage\":\"de\"}]}<\/script>\n<!-- \/ Yoast SEO plugin. -->","yoast_head_json":{"title":"Maxi 200 Br\u00fccke - Maxima SpA","robots":{"index":"index","follow":"follow","max-snippet":"max-snippet:-1","max-image-preview":"max-image-preview:large","max-video-preview":"max-video-preview:-1"},"canonical":"https:\/\/www.maxima-dia.com\/de\/diamant-trennmaschine\/maxi-200-bruecke\/","og_locale":"de_DE","og_type":"article","og_title":"Maxi 200 Br\u00fccke - Maxima SpA","og_description":"[vc_row][vc_column text_align=&#8220;center&#8220; width=&#8220;1\/4&#8243;][vc_column_text] made in EU&nbsp; &#8211; Zertifikat&nbsp;CE[\/vc_column_text][vc_column_text css_animation=&#8220;slideInDown&#8220; el_class=&#8220;hidebuybutton&#8220;][\/vc_column_text][\/vc_column][vc_column width=&#8220;3\/4&#8243;][vc_column_text]Die Maxi 200 BR\u00dcCKE ist eine f\u00fcr Fachexperten entworfene und entwickelte Maschine. Sie wurde f\u00fcr schnelles und pr\u00e4zises Arbeiten konzipiert und erf\u00fcllt die Anspr\u00fcche von Fliesenlegern, die Wert auf ein gutes Preis-Leistungs-Verh\u00e4ltnis le-gen. Dank des geringen Gewichts von nur 50 kg und den kompakten Ma\u00dfen eignet sie sich ideal f\u00fcr Renovierungsarbeiten. Zwei kleine aber robuste R\u00e4der wurden auf der hinteren Seite der Maschine befestigt um sie leicht verschieben zu k\u00f6nnen. Sie wird serienm\u00e4\u00dfig mit der Trennscheibe Cer Rosa Turbo, dem Spitzenprodukt der Produktpalette Maximas f\u00fcr Keramik, ausgestattet. &nbsp; TECHNISCHE EIGENSCHAFTEN Verf\u00fcgbar mit einem Motor mit 230 V &#8211; 1,1 kW &#8211; 1,5 PS Auf 4 Edelstahllager verschiebbarer Kopf Diamanttrennscheibe zu 180 mm oder 200 mm &#8211; Bohrung: 25,4 mm Wassersammelwanne aus Kunststoff Max. Schnitth\u00f6he bei einem Durchgang: 50 mm Abmessungen (LxBxH): 150 x 55 x 80 cm Schnittl\u00e4nge max.&nbsp;750 mm Gewicht: 50 KG Um 45\u00b0 kippbarer Kopf &nbsp; [\/vc_column_text][\/vc_column][\/vc_row]","og_url":"https:\/\/www.maxima-dia.com\/de\/diamant-trennmaschine\/maxi-200-bruecke\/","og_site_name":"Maxima SpA","article_publisher":"https:\/\/www.facebook.com\/Maxima-spa-106098566139597","article_modified_time":"2021-07-08T15:46:05+00:00","og_image":[{"width":1700,"height":1700,"url":"https:\/\/www.maxima-dia.com\/wp-content\/uploads\/2021\/07\/MAXI_200PONTE.jpg","type":"image\/jpeg"}],"twitter_card":"summary_large_image","twitter_site":"@Maximadia","twitter_misc":{"Gesch\u00e4tzte Lesezeit":"3\u00a0Minuten"},"schema":{"@context":"https:\/\/schema.org","@graph":[{"@type":"WebPage","@id":"https:\/\/www.maxima-dia.com\/de\/diamant-trennmaschine\/maxi-200-bruecke\/","url":"https:\/\/www.maxima-dia.com\/de\/diamant-trennmaschine\/maxi-200-bruecke\/","name":"Maxi 200 Br\u00fccke - Maxima SpA","isPartOf":{"@id":"https:\/\/www.maxima-dia.com\/de\/#website"},"primaryImageOfPage":{"@id":"https:\/\/www.maxima-dia.com\/de\/diamant-trennmaschine\/maxi-200-bruecke\/#primaryimage"},"image":{"@id":"https:\/\/www.maxima-dia.com\/de\/diamant-trennmaschine\/maxi-200-bruecke\/#primaryimage"},"thumbnailUrl":"https:\/\/www.maxima-dia.com\/wp-content\/uploads\/2021\/07\/MAXI_200PONTE.jpg","datePublished":"2014-04-15T14:27:30+00:00","dateModified":"2021-07-08T15:46:05+00:00","breadcrumb":{"@id":"https:\/\/www.maxima-dia.com\/de\/diamant-trennmaschine\/maxi-200-bruecke\/#breadcrumb"},"inLanguage":"de","potentialAction":[{"@type":"ReadAction","target":["https:\/\/www.maxima-dia.com\/de\/diamant-trennmaschine\/maxi-200-bruecke\/"]}]},{"@type":"ImageObject","inLanguage":"de","@id":"https:\/\/www.maxima-dia.com\/de\/diamant-trennmaschine\/maxi-200-bruecke\/#primaryimage","url":"https:\/\/www.maxima-dia.com\/wp-content\/uploads\/2021\/07\/MAXI_200PONTE.jpg","contentUrl":"https:\/\/www.maxima-dia.com\/wp-content\/uploads\/2021\/07\/MAXI_200PONTE.jpg","width":1700,"height":1700},{"@type":"BreadcrumbList","@id":"https:\/\/www.maxima-dia.com\/de\/diamant-trennmaschine\/maxi-200-bruecke\/#breadcrumb","itemListElement":[{"@type":"ListItem","position":1,"name":"Home","item":"https:\/\/www.maxima-dia.com\/de\/"},{"@type":"ListItem","position":2,"name":"Diamant-Trennmaschine","item":"https:\/\/www.maxima-dia.com\/de\/diamant-trennmaschine\/"},{"@type":"ListItem","position":3,"name":"Maxi 200 Br\u00fccke"}]},{"@type":"WebSite","@id":"https:\/\/www.maxima-dia.com\/de\/#website","url":"https:\/\/www.maxima-dia.com\/de\/","name":"Maxima SpA","description":"Only for the real professionals","potentialAction":[{"@type":"SearchAction","target":{"@type":"EntryPoint","urlTemplate":"https:\/\/www.maxima-dia.com\/de\/?s={search_term_string}"},"query-input":{"@type":"PropertyValueSpecification","valueRequired":true,"valueName":"search_term_string"}}],"inLanguage":"de"}]}},"_links":{"self":[{"href":"https:\/\/www.maxima-dia.com\/de\/wp-json\/wp\/v2\/pages\/8057"}],"collection":[{"href":"https:\/\/www.maxima-dia.com\/de\/wp-json\/wp\/v2\/pages"}],"about":[{"href":"https:\/\/www.maxima-dia.com\/de\/wp-json\/wp\/v2\/types\/page"}],"author":[{"embeddable":true,"href":"https:\/\/www.maxima-dia.com\/de\/wp-json\/wp\/v2\/users\/29"}],"replies":[{"embeddable":true,"href":"https:\/\/www.maxima-dia.com\/de\/wp-json\/wp\/v2\/comments?post=8057"}],"version-history":[{"count":0,"href":"https:\/\/www.maxima-dia.com\/de\/wp-json\/wp\/v2\/pages\/8057\/revisions"}],"up":[{"embeddable":true,"href":"https:\/\/www.maxima-dia.com\/de\/wp-json\/wp\/v2\/pages\/12476"}],"wp:featuredmedia":[{"embeddable":true,"href":"https:\/\/www.maxima-dia.com\/de\/wp-json\/wp\/v2\/media\/29113"}],"wp:attachment":[{"href":"https:\/\/www.maxima-dia.com\/de\/wp-json\/wp\/v2\/media?parent=8057"}],"curies":[{"name":"wp","href":"https:\/\/api.w.org\/{rel}","templated":true}]}}