{"id":8073,"date":"2014-04-16T17:20:01","date_gmt":"2014-04-16T15:20:01","guid":{"rendered":"http:\/\/www.maxima-dia.com\/?post_type=products&#038;p=8073"},"modified":"2021-07-09T10:48:38","modified_gmt":"2021-07-09T08:48:38","slug":"maxi-400-bruecke","status":"publish","type":"page","link":"https:\/\/www.maxima-dia.com\/de\/diamant-trennmaschine\/maxi-400-bruecke\/","title":{"rendered":"Maxi 400 Br\u00fccke"},"content":{"rendered":"<div class=\"wpb-content-wrapper\"><p>[vc_row][vc_column text_align=&#8220;center&#8220; width=&#8220;1\/4&#8243;][vc_column_text]<a href=\"\/wp-content\/uploads\/2017\/02\/maxi-400-ponte.jpg\"><img loading=\"lazy\" decoding=\"async\" class=\"alignnone size-thumbnail wp-image-13877\" src=\"\/wp-content\/uploads\/2017\/02\/maxi-400-ponte-150x150.jpg\" alt=\"MAXI 400 PONTE\" width=\"150\" height=\"150\" srcset=\"https:\/\/www.maxima-dia.com\/wp-content\/uploads\/2017\/02\/maxi-400-ponte-150x150.jpg 150w, https:\/\/www.maxima-dia.com\/wp-content\/uploads\/2017\/02\/maxi-400-ponte-300x300.jpg 300w, https:\/\/www.maxima-dia.com\/wp-content\/uploads\/2017\/02\/maxi-400-ponte-768x768.jpg 768w, https:\/\/www.maxima-dia.com\/wp-content\/uploads\/2017\/02\/maxi-400-ponte-1024x1024.jpg 1024w, https:\/\/www.maxima-dia.com\/wp-content\/uploads\/2017\/02\/maxi-400-ponte-80x80.jpg 80w, https:\/\/www.maxima-dia.com\/wp-content\/uploads\/2017\/02\/maxi-400-ponte-500x500.jpg 500w, https:\/\/www.maxima-dia.com\/wp-content\/uploads\/2017\/02\/maxi-400-ponte-1000x1000.jpg 1000w, https:\/\/www.maxima-dia.com\/wp-content\/uploads\/2017\/02\/maxi-400-ponte.jpg 1200w\" sizes=\"(max-width: 150px) 100vw, 150px\" \/><\/a><\/p>\n<p>made in EU&nbsp;<img loading=\"lazy\" decoding=\"async\" src=\"\/wp-content\/uploads\/2013\/11\/eu.png\" alt=\"eu\" width=\"24\" height=\"16\"> &#8211; Zertifikat&nbsp;<span style=\"font-family: arial,helvetica,sans-serif;\">CE<\/span>[\/vc_column_text][vc_column_text css_animation=&#8220;slideInDown&#8220; el_class=&#8220;hidebuybutton&#8220;]<a href=\"https:\/\/www.storemaxima.com\/de\/diamant-trennmaschine\/56-maxi-400-bridge.html\" target=\"_blank\" rel=\"noopener\"><img loading=\"lazy\" decoding=\"async\" class=\"alignnone\" title=\"Kaufen Auf www.storemaxima.com\" src=\"https:\/\/www.maxima-dia.com\/wp-content\/uploads\/2019\/12\/pulsante-acquista-storemaxima.com-de.svg\" alt=\"Kaufen Auf www.storemaxima.com\" width=\"180\" height=\"80\"><\/a>[\/vc_column_text][\/vc_column][vc_column width=&#8220;3\/4&#8243;][vc_column_text]Die <strong>Maxi 400 Br\u00fccke<\/strong> ist eine extrem robuste und vielseitige Maschine: sie eignet sich ausgezeichnet f\u00fcr das Schneiden von Keramik und Ziegeln, sowie f\u00fcr Ziegelmaterial allgemein. Dank der M\u00f6glichkeit Trennscheiben mit einem Durchmesser von 400 mm zu montieren liegt die maximale Schnitth\u00f6he bei 20 cm, so dass<br \/>\ndas Schneiden von Ziegeln mit einer H\u00f6he von bis zu 204 mm bei zwei Durchg\u00e4ngen und die Rotation des Materials m\u00f6glich sind. Die Schnitttiefe liegt bei 135 cm. Zwei kleine aber robuste R\u00e4der wurden auf der hinteren Seite der Maschi-ne befestigt um sie leicht verschie-ben zu k\u00f6nnen. Die sechs Lager gew\u00e4hrleisten konstante Schnittpr\u00e4zision und eine lange Standzeit. Die Maschine wird mit der Diamanttrennscheibe <a href=\"https:\/\/www.maxima-dia.com\/de\/universelle-laser-diamanttrennscheiben\/diamanttrennscheibe-laser-red-silent\/\"><strong>Laser Rot Silent<\/strong><\/a> ausgeliefert, die mit der \u201cDetenso\u201d-Technik hergestellt wird.<\/p>\n<table class=\"tabellafotocarotaggio\" style=\"width: 100%;\">\n<tbody>\n<tr>\n<td style=\"text-align: center;\"><a href=\"\/wp-content\/uploads\/2017\/02\/maxi-400-ponte-f1.jpg\"><img loading=\"lazy\" decoding=\"async\" class=\"alignnone wp-image-13873 size-thumbnail\" src=\"\/wp-content\/uploads\/2017\/02\/maxi-400-ponte-f1-150x150.jpg\" width=\"150\" height=\"150\" srcset=\"https:\/\/www.maxima-dia.com\/wp-content\/uploads\/2017\/02\/maxi-400-ponte-f1-150x150.jpg 150w, https:\/\/www.maxima-dia.com\/wp-content\/uploads\/2017\/02\/maxi-400-ponte-f1-80x80.jpg 80w, https:\/\/www.maxima-dia.com\/wp-content\/uploads\/2017\/02\/maxi-400-ponte-f1-500x500.jpg 500w\" sizes=\"(max-width: 150px) 100vw, 150px\" \/><\/a><\/td>\n<td style=\"text-align: center;\"><a href=\"\/wp-content\/uploads\/2017\/02\/maxi-400-ponte-f2.jpg\"><img loading=\"lazy\" decoding=\"async\" class=\"alignnone wp-image-13685 size-thumbnail\" src=\"\/wp-content\/uploads\/2017\/02\/maxi-400-ponte-f2-150x150.jpg\" width=\"150\" height=\"150\"><\/a><\/td>\n<td style=\"text-align: center;\"><a href=\"\/wp-content\/uploads\/2017\/02\/maxi-400-ponte-f3.jpg\"><img loading=\"lazy\" decoding=\"async\" class=\"alignnone wp-image-13686 size-thumbnail\" src=\"\/wp-content\/uploads\/2017\/02\/maxi-400-ponte-f3-150x150.jpg\" width=\"150\" height=\"150\"><\/a><\/td>\n<td style=\"text-align: center;\"><a href=\"\/wp-content\/uploads\/2017\/02\/maxi-400-ponte-f4.jpg\"><img loading=\"lazy\" decoding=\"async\" class=\"alignnone wp-image-13687 size-thumbnail\" src=\"\/wp-content\/uploads\/2017\/02\/maxi-400-ponte-f4-150x150.jpg\" width=\"150\" height=\"150\"><\/a><\/td>\n<\/tr>\n<\/tbody>\n<\/table>\n<p class=\"p2\">&nbsp;<\/p>\n<table class=\"tabellatecnica\" style=\"width: 100%;\" border=\"0\" cellspacing=\"0\" cellpadding=\"0\">\n<thead>\n<tr>\n<td class=\"testata\" colspan=\"2\">TECHNISCHE EIGENSCHAFTEN<\/td>\n<\/tr>\n<\/thead>\n<tbody>\n<tr>\n<td class=\"coltesto1\" style=\"width: 50%;\">Verf\u00fcgbar mit Motor mit 230 V \u2013 2,2 kW<\/td>\n<td class=\"coltesto2\" style=\"width: 50%;\">Um 45\u00b0 kippbarer Kopf<\/td>\n<\/tr>\n<tr>\n<td class=\"coltesto1\" style=\"width: 50%;\">Diamanttrennscheibe mit 400 mm &#8211; Bohrloch 25,4 mm<\/td>\n<td class=\"coltesto2\" style=\"width: 50%;\">Auf 8 Edelstahllagern verschiebbarer Kopf<\/td>\n<\/tr>\n<tr>\n<td class=\"coltesto1\" style=\"width: 50%;\" rowspan=\"2\">Max. Schnitth\u00f6he bei einem Durchgang: 140 mm &#8211; bei zwei<br \/>\nDurchg\u00e4ngen: 204 mm<\/td>\n<td class=\"coltesto2\" style=\"width: 50%;\">Schwenkbarer und herausnehmbarer Wasserbeh\u00e4lter aus Kunststoff<\/td>\n<\/tr>\n<tr>\n<td class=\"coltesto2\" style=\"width: 50%;\">Abmessungen (LxBxH):: 170 x 56 x 145 cm<\/td>\n<\/tr>\n<tr>\n<td class=\"coltesto1\" style=\"width: 50%;\">Schnittl\u00e4nge&nbsp;Max 1350 mm<\/td>\n<td class=\"coltesto1\" style=\"width: 50%;\">Gewicht: 115 Kg<\/td>\n<\/tr>\n<\/tbody>\n<\/table>\n<div id=\"gtx-trans\" style=\"position: absolute; left: 190px; top: 475px;\">\n<div class=\"gtx-trans-icon\">&nbsp;<\/div>\n<\/div>\n<p>[\/vc_column_text][\/vc_column][\/vc_row]<\/p>\n<\/div>","protected":false},"excerpt":{"rendered":"<p>[vc_row][vc_column text_align=&#8220;center&#8220; width=&#8220;1\/4&#8243;][vc_column_text] made in EU&nbsp; &#8211; Zertifikat&nbsp;CE[\/vc_column_text][vc_column_text css_animation=&#8220;slideInDown&#8220; el_class=&#8220;hidebuybutton&#8220;][\/vc_column_text][\/vc_column][vc_column width=&#8220;3\/4&#8243;][vc_column_text]Die Maxi 400 Br\u00fccke ist eine extrem robuste und vielseitige Maschine: sie eignet sich ausgezeichnet f\u00fcr das Schneiden von Keramik und Ziegeln, sowie f\u00fcr Ziegelmaterial allgemein. Dank der M\u00f6glichkeit Trennscheiben mit einem Durchmesser von 400 mm zu montieren liegt die maximale Schnitth\u00f6he bei 20 cm, so dass das Schneiden von Ziegeln mit einer H\u00f6he von bis zu 204 mm bei zwei Durchg\u00e4ngen und die Rotation des Materials m\u00f6glich sind. Die Schnitttiefe liegt bei 135 cm. Zwei kleine aber robuste R\u00e4der wurden auf der hinteren Seite der Maschi-ne befestigt um sie leicht verschie-ben zu k\u00f6nnen. Die sechs Lager gew\u00e4hrleisten konstante Schnittpr\u00e4zision und eine lange Standzeit. Die Maschine wird mit der Diamanttrennscheibe Laser Rot Silent ausgeliefert, die mit der \u201cDetenso\u201d-Technik hergestellt wird. &nbsp; TECHNISCHE EIGENSCHAFTEN Verf\u00fcgbar mit Motor mit 230 V \u2013 2,2 kW Um 45\u00b0 kippbarer Kopf Diamanttrennscheibe mit 400 mm &#8211; Bohrloch 25,4 mm Auf 8 Edelstahllagern verschiebbarer Kopf Max. Schnitth\u00f6he bei einem Durchgang: 140 mm &#8211; bei zwei Durchg\u00e4ngen: 204 mm Schwenkbarer und herausnehmbarer Wasserbeh\u00e4lter aus Kunststoff Abmessungen (LxBxH):: 170 x 56 x 145 cm Schnittl\u00e4nge&nbsp;Max 1350 mm Gewicht: 115 Kg &nbsp; [\/vc_column_text][\/vc_column][\/vc_row]<\/p>\n","protected":false},"author":29,"featured_media":24609,"parent":12476,"menu_order":3,"comment_status":"closed","ping_status":"closed","template":"","meta":{"ngg_post_thumbnail":0,"_joinchat":[],"footnotes":""},"class_list":["post-8073","page","type-page","status-publish","has-post-thumbnail","hentry"],"yoast_head":"<!-- This site is optimized with the Yoast SEO plugin v25.5 - https:\/\/yoast.com\/wordpress\/plugins\/seo\/ -->\n<title>Maxi 400 Br\u00fccke - Maxima SpA<\/title>\n<meta name=\"robots\" content=\"index, follow, max-snippet:-1, max-image-preview:large, max-video-preview:-1\" \/>\n<link rel=\"canonical\" href=\"https:\/\/www.maxima-dia.com\/de\/diamant-trennmaschine\/maxi-400-bruecke\/\" \/>\n<meta property=\"og:locale\" content=\"de_DE\" \/>\n<meta property=\"og:type\" content=\"article\" \/>\n<meta property=\"og:title\" content=\"Maxi 400 Br\u00fccke - Maxima SpA\" \/>\n<meta property=\"og:description\" content=\"[vc_row][vc_column text_align=&#8220;center&#8220; width=&#8220;1\/4&#8243;][vc_column_text] made in EU&nbsp; &#8211; Zertifikat&nbsp;CE[\/vc_column_text][vc_column_text css_animation=&#8220;slideInDown&#8220; el_class=&#8220;hidebuybutton&#8220;][\/vc_column_text][\/vc_column][vc_column width=&#8220;3\/4&#8243;][vc_column_text]Die Maxi 400 Br\u00fccke ist eine extrem robuste und vielseitige Maschine: sie eignet sich ausgezeichnet f\u00fcr das Schneiden von Keramik und Ziegeln, sowie f\u00fcr Ziegelmaterial allgemein. Dank der M\u00f6glichkeit Trennscheiben mit einem Durchmesser von 400 mm zu montieren liegt die maximale Schnitth\u00f6he bei 20 cm, so dass das Schneiden von Ziegeln mit einer H\u00f6he von bis zu 204 mm bei zwei Durchg\u00e4ngen und die Rotation des Materials m\u00f6glich sind. Die Schnitttiefe liegt bei 135 cm. Zwei kleine aber robuste R\u00e4der wurden auf der hinteren Seite der Maschi-ne befestigt um sie leicht verschie-ben zu k\u00f6nnen. Die sechs Lager gew\u00e4hrleisten konstante Schnittpr\u00e4zision und eine lange Standzeit. Die Maschine wird mit der Diamanttrennscheibe Laser Rot Silent ausgeliefert, die mit der \u201cDetenso\u201d-Technik hergestellt wird. &nbsp; TECHNISCHE EIGENSCHAFTEN Verf\u00fcgbar mit Motor mit 230 V \u2013 2,2 kW Um 45\u00b0 kippbarer Kopf Diamanttrennscheibe mit 400 mm &#8211; Bohrloch 25,4 mm Auf 8 Edelstahllagern verschiebbarer Kopf Max. Schnitth\u00f6he bei einem Durchgang: 140 mm &#8211; bei zwei Durchg\u00e4ngen: 204 mm Schwenkbarer und herausnehmbarer Wasserbeh\u00e4lter aus Kunststoff Abmessungen (LxBxH):: 170 x 56 x 145 cm Schnittl\u00e4nge&nbsp;Max 1350 mm Gewicht: 115 Kg &nbsp; [\/vc_column_text][\/vc_column][\/vc_row]\" \/>\n<meta property=\"og:url\" content=\"https:\/\/www.maxima-dia.com\/de\/diamant-trennmaschine\/maxi-400-bruecke\/\" \/>\n<meta property=\"og:site_name\" content=\"Maxima SpA\" \/>\n<meta property=\"article:publisher\" content=\"https:\/\/www.facebook.com\/Maxima-spa-106098566139597\" \/>\n<meta property=\"article:modified_time\" content=\"2021-07-09T08:48:38+00:00\" \/>\n<meta property=\"og:image\" content=\"https:\/\/www.maxima-dia.com\/wp-content\/uploads\/2017\/02\/maxi-400-ponte.jpg\" \/>\n\t<meta property=\"og:image:width\" content=\"1200\" \/>\n\t<meta property=\"og:image:height\" content=\"1200\" \/>\n\t<meta property=\"og:image:type\" content=\"image\/jpeg\" \/>\n<meta name=\"twitter:card\" content=\"summary_large_image\" \/>\n<meta name=\"twitter:site\" content=\"@Maximadia\" \/>\n<meta name=\"twitter:label1\" content=\"Gesch\u00e4tzte Lesezeit\" \/>\n\t<meta name=\"twitter:data1\" content=\"3\u00a0Minuten\" \/>\n<script type=\"application\/ld+json\" class=\"yoast-schema-graph\">{\"@context\":\"https:\/\/schema.org\",\"@graph\":[{\"@type\":\"WebPage\",\"@id\":\"https:\/\/www.maxima-dia.com\/de\/diamant-trennmaschine\/maxi-400-bruecke\/\",\"url\":\"https:\/\/www.maxima-dia.com\/de\/diamant-trennmaschine\/maxi-400-bruecke\/\",\"name\":\"Maxi 400 Br\u00fccke - Maxima SpA\",\"isPartOf\":{\"@id\":\"https:\/\/www.maxima-dia.com\/de\/#website\"},\"primaryImageOfPage\":{\"@id\":\"https:\/\/www.maxima-dia.com\/de\/diamant-trennmaschine\/maxi-400-bruecke\/#primaryimage\"},\"image\":{\"@id\":\"https:\/\/www.maxima-dia.com\/de\/diamant-trennmaschine\/maxi-400-bruecke\/#primaryimage\"},\"thumbnailUrl\":\"https:\/\/www.maxima-dia.com\/wp-content\/uploads\/2017\/02\/maxi-400-ponte.jpg\",\"datePublished\":\"2014-04-16T15:20:01+00:00\",\"dateModified\":\"2021-07-09T08:48:38+00:00\",\"breadcrumb\":{\"@id\":\"https:\/\/www.maxima-dia.com\/de\/diamant-trennmaschine\/maxi-400-bruecke\/#breadcrumb\"},\"inLanguage\":\"de\",\"potentialAction\":[{\"@type\":\"ReadAction\",\"target\":[\"https:\/\/www.maxima-dia.com\/de\/diamant-trennmaschine\/maxi-400-bruecke\/\"]}]},{\"@type\":\"ImageObject\",\"inLanguage\":\"de\",\"@id\":\"https:\/\/www.maxima-dia.com\/de\/diamant-trennmaschine\/maxi-400-bruecke\/#primaryimage\",\"url\":\"https:\/\/www.maxima-dia.com\/wp-content\/uploads\/2017\/02\/maxi-400-ponte.jpg\",\"contentUrl\":\"https:\/\/www.maxima-dia.com\/wp-content\/uploads\/2017\/02\/maxi-400-ponte.jpg\",\"width\":1200,\"height\":1200},{\"@type\":\"BreadcrumbList\",\"@id\":\"https:\/\/www.maxima-dia.com\/de\/diamant-trennmaschine\/maxi-400-bruecke\/#breadcrumb\",\"itemListElement\":[{\"@type\":\"ListItem\",\"position\":1,\"name\":\"Home\",\"item\":\"https:\/\/www.maxima-dia.com\/de\/\"},{\"@type\":\"ListItem\",\"position\":2,\"name\":\"Diamant-Trennmaschine\",\"item\":\"https:\/\/www.maxima-dia.com\/de\/diamant-trennmaschine\/\"},{\"@type\":\"ListItem\",\"position\":3,\"name\":\"Maxi 400 Br\u00fccke\"}]},{\"@type\":\"WebSite\",\"@id\":\"https:\/\/www.maxima-dia.com\/de\/#website\",\"url\":\"https:\/\/www.maxima-dia.com\/de\/\",\"name\":\"Maxima SpA\",\"description\":\"Only for the real professionals\",\"potentialAction\":[{\"@type\":\"SearchAction\",\"target\":{\"@type\":\"EntryPoint\",\"urlTemplate\":\"https:\/\/www.maxima-dia.com\/de\/?s={search_term_string}\"},\"query-input\":{\"@type\":\"PropertyValueSpecification\",\"valueRequired\":true,\"valueName\":\"search_term_string\"}}],\"inLanguage\":\"de\"}]}<\/script>\n<!-- \/ Yoast SEO plugin. -->","yoast_head_json":{"title":"Maxi 400 Br\u00fccke - Maxima SpA","robots":{"index":"index","follow":"follow","max-snippet":"max-snippet:-1","max-image-preview":"max-image-preview:large","max-video-preview":"max-video-preview:-1"},"canonical":"https:\/\/www.maxima-dia.com\/de\/diamant-trennmaschine\/maxi-400-bruecke\/","og_locale":"de_DE","og_type":"article","og_title":"Maxi 400 Br\u00fccke - Maxima SpA","og_description":"[vc_row][vc_column text_align=&#8220;center&#8220; width=&#8220;1\/4&#8243;][vc_column_text] made in EU&nbsp; &#8211; Zertifikat&nbsp;CE[\/vc_column_text][vc_column_text css_animation=&#8220;slideInDown&#8220; el_class=&#8220;hidebuybutton&#8220;][\/vc_column_text][\/vc_column][vc_column width=&#8220;3\/4&#8243;][vc_column_text]Die Maxi 400 Br\u00fccke ist eine extrem robuste und vielseitige Maschine: sie eignet sich ausgezeichnet f\u00fcr das Schneiden von Keramik und Ziegeln, sowie f\u00fcr Ziegelmaterial allgemein. Dank der M\u00f6glichkeit Trennscheiben mit einem Durchmesser von 400 mm zu montieren liegt die maximale Schnitth\u00f6he bei 20 cm, so dass das Schneiden von Ziegeln mit einer H\u00f6he von bis zu 204 mm bei zwei Durchg\u00e4ngen und die Rotation des Materials m\u00f6glich sind. Die Schnitttiefe liegt bei 135 cm. Zwei kleine aber robuste R\u00e4der wurden auf der hinteren Seite der Maschi-ne befestigt um sie leicht verschie-ben zu k\u00f6nnen. Die sechs Lager gew\u00e4hrleisten konstante Schnittpr\u00e4zision und eine lange Standzeit. Die Maschine wird mit der Diamanttrennscheibe Laser Rot Silent ausgeliefert, die mit der \u201cDetenso\u201d-Technik hergestellt wird. &nbsp; TECHNISCHE EIGENSCHAFTEN Verf\u00fcgbar mit Motor mit 230 V \u2013 2,2 kW Um 45\u00b0 kippbarer Kopf Diamanttrennscheibe mit 400 mm &#8211; Bohrloch 25,4 mm Auf 8 Edelstahllagern verschiebbarer Kopf Max. Schnitth\u00f6he bei einem Durchgang: 140 mm &#8211; bei zwei Durchg\u00e4ngen: 204 mm Schwenkbarer und herausnehmbarer Wasserbeh\u00e4lter aus Kunststoff Abmessungen (LxBxH):: 170 x 56 x 145 cm Schnittl\u00e4nge&nbsp;Max 1350 mm Gewicht: 115 Kg &nbsp; [\/vc_column_text][\/vc_column][\/vc_row]","og_url":"https:\/\/www.maxima-dia.com\/de\/diamant-trennmaschine\/maxi-400-bruecke\/","og_site_name":"Maxima SpA","article_publisher":"https:\/\/www.facebook.com\/Maxima-spa-106098566139597","article_modified_time":"2021-07-09T08:48:38+00:00","og_image":[{"width":1200,"height":1200,"url":"https:\/\/www.maxima-dia.com\/wp-content\/uploads\/2017\/02\/maxi-400-ponte.jpg","type":"image\/jpeg"}],"twitter_card":"summary_large_image","twitter_site":"@Maximadia","twitter_misc":{"Gesch\u00e4tzte Lesezeit":"3\u00a0Minuten"},"schema":{"@context":"https:\/\/schema.org","@graph":[{"@type":"WebPage","@id":"https:\/\/www.maxima-dia.com\/de\/diamant-trennmaschine\/maxi-400-bruecke\/","url":"https:\/\/www.maxima-dia.com\/de\/diamant-trennmaschine\/maxi-400-bruecke\/","name":"Maxi 400 Br\u00fccke - Maxima SpA","isPartOf":{"@id":"https:\/\/www.maxima-dia.com\/de\/#website"},"primaryImageOfPage":{"@id":"https:\/\/www.maxima-dia.com\/de\/diamant-trennmaschine\/maxi-400-bruecke\/#primaryimage"},"image":{"@id":"https:\/\/www.maxima-dia.com\/de\/diamant-trennmaschine\/maxi-400-bruecke\/#primaryimage"},"thumbnailUrl":"https:\/\/www.maxima-dia.com\/wp-content\/uploads\/2017\/02\/maxi-400-ponte.jpg","datePublished":"2014-04-16T15:20:01+00:00","dateModified":"2021-07-09T08:48:38+00:00","breadcrumb":{"@id":"https:\/\/www.maxima-dia.com\/de\/diamant-trennmaschine\/maxi-400-bruecke\/#breadcrumb"},"inLanguage":"de","potentialAction":[{"@type":"ReadAction","target":["https:\/\/www.maxima-dia.com\/de\/diamant-trennmaschine\/maxi-400-bruecke\/"]}]},{"@type":"ImageObject","inLanguage":"de","@id":"https:\/\/www.maxima-dia.com\/de\/diamant-trennmaschine\/maxi-400-bruecke\/#primaryimage","url":"https:\/\/www.maxima-dia.com\/wp-content\/uploads\/2017\/02\/maxi-400-ponte.jpg","contentUrl":"https:\/\/www.maxima-dia.com\/wp-content\/uploads\/2017\/02\/maxi-400-ponte.jpg","width":1200,"height":1200},{"@type":"BreadcrumbList","@id":"https:\/\/www.maxima-dia.com\/de\/diamant-trennmaschine\/maxi-400-bruecke\/#breadcrumb","itemListElement":[{"@type":"ListItem","position":1,"name":"Home","item":"https:\/\/www.maxima-dia.com\/de\/"},{"@type":"ListItem","position":2,"name":"Diamant-Trennmaschine","item":"https:\/\/www.maxima-dia.com\/de\/diamant-trennmaschine\/"},{"@type":"ListItem","position":3,"name":"Maxi 400 Br\u00fccke"}]},{"@type":"WebSite","@id":"https:\/\/www.maxima-dia.com\/de\/#website","url":"https:\/\/www.maxima-dia.com\/de\/","name":"Maxima SpA","description":"Only for the real professionals","potentialAction":[{"@type":"SearchAction","target":{"@type":"EntryPoint","urlTemplate":"https:\/\/www.maxima-dia.com\/de\/?s={search_term_string}"},"query-input":{"@type":"PropertyValueSpecification","valueRequired":true,"valueName":"search_term_string"}}],"inLanguage":"de"}]}},"_links":{"self":[{"href":"https:\/\/www.maxima-dia.com\/de\/wp-json\/wp\/v2\/pages\/8073"}],"collection":[{"href":"https:\/\/www.maxima-dia.com\/de\/wp-json\/wp\/v2\/pages"}],"about":[{"href":"https:\/\/www.maxima-dia.com\/de\/wp-json\/wp\/v2\/types\/page"}],"author":[{"embeddable":true,"href":"https:\/\/www.maxima-dia.com\/de\/wp-json\/wp\/v2\/users\/29"}],"replies":[{"embeddable":true,"href":"https:\/\/www.maxima-dia.com\/de\/wp-json\/wp\/v2\/comments?post=8073"}],"version-history":[{"count":0,"href":"https:\/\/www.maxima-dia.com\/de\/wp-json\/wp\/v2\/pages\/8073\/revisions"}],"up":[{"embeddable":true,"href":"https:\/\/www.maxima-dia.com\/de\/wp-json\/wp\/v2\/pages\/12476"}],"wp:featuredmedia":[{"embeddable":true,"href":"https:\/\/www.maxima-dia.com\/de\/wp-json\/wp\/v2\/media\/24609"}],"wp:attachment":[{"href":"https:\/\/www.maxima-dia.com\/de\/wp-json\/wp\/v2\/media?parent=8073"}],"curies":[{"name":"wp","href":"https:\/\/api.w.org\/{rel}","templated":true}]}}