{"id":8108,"date":"2014-05-02T11:07:43","date_gmt":"2014-05-02T09:07:43","guid":{"rendered":"http:\/\/www.maxima-dia.com\/?post_type=products&#038;p=8108"},"modified":"2021-07-09T10:57:57","modified_gmt":"2021-07-09T08:57:57","slug":"maxi-400","status":"publish","type":"page","link":"https:\/\/www.maxima-dia.com\/de\/diamant-trennmaschine\/maxi-400\/","title":{"rendered":"Maxi 400"},"content":{"rendered":"<div class=\"wpb-content-wrapper\"><p>[vc_row][vc_column text_align=&#8220;center&#8220; width=&#8220;1\/4&#8243;][vc_column_text]<a href=\"\/wp-content\/uploads\/2017\/02\/maxi-400.jpg\"><img loading=\"lazy\" decoding=\"async\" class=\"alignnone size-thumbnail wp-image-13878\" src=\"\/wp-content\/uploads\/2017\/02\/maxi-400-150x150.jpg\" alt=\"MAXI 400\" width=\"150\" height=\"150\" srcset=\"https:\/\/www.maxima-dia.com\/wp-content\/uploads\/2017\/02\/maxi-400-150x150.jpg 150w, https:\/\/www.maxima-dia.com\/wp-content\/uploads\/2017\/02\/maxi-400-300x300.jpg 300w, https:\/\/www.maxima-dia.com\/wp-content\/uploads\/2017\/02\/maxi-400-768x768.jpg 768w, https:\/\/www.maxima-dia.com\/wp-content\/uploads\/2017\/02\/maxi-400-1024x1024.jpg 1024w, https:\/\/www.maxima-dia.com\/wp-content\/uploads\/2017\/02\/maxi-400-80x80.jpg 80w, https:\/\/www.maxima-dia.com\/wp-content\/uploads\/2017\/02\/maxi-400-500x500.jpg 500w, https:\/\/www.maxima-dia.com\/wp-content\/uploads\/2017\/02\/maxi-400-1000x1000.jpg 1000w, https:\/\/www.maxima-dia.com\/wp-content\/uploads\/2017\/02\/maxi-400.jpg 1200w\" sizes=\"(max-width: 150px) 100vw, 150px\" \/><\/a><\/p>\n<p>made in EU&nbsp;<img loading=\"lazy\" decoding=\"async\" src=\"\/wp-content\/uploads\/2013\/11\/eu.png\" alt=\"eu\" width=\"24\" height=\"16\"> &#8211; Zertifikat&nbsp;<span style=\"font-family: arial,helvetica,sans-serif;\">CE<\/span>[\/vc_column_text][vc_column_text css_animation=&#8220;slideInDown&#8220; el_class=&#8220;hidebuybutton&#8220;]<a href=\"https:\/\/www.storemaxima.com\/de\/diamant-trennmaschine\/58-maxi-400.html\" target=\"_blank\" rel=\"noopener\"><img loading=\"lazy\" decoding=\"async\" class=\"alignnone\" title=\"Kaufen Auf www.storemaxima.com\" src=\"https:\/\/www.maxima-dia.com\/wp-content\/uploads\/2019\/12\/pulsante-acquista-storemaxima.com-de.svg\" alt=\"Kaufen Auf www.storemaxima.com\" width=\"180\" height=\"80\"><\/a>[\/vc_column_text][\/vc_column][vc_column width=&#8220;3\/4&#8243;][vc_column_text]Die Leistungsst\u00e4rke der <strong>Maxi 400<\/strong> geh\u00f6rt zur oberen Qualit\u00e4tsklasse, Gewicht und Abmessungen sind begrenzt. Sie ist f\u00fcr professionelle Benutzer gedacht, die eine robuste und zuverl\u00e4ssige Maschine und einen 45\u00b0-Winkelschnitt ben\u00f6ti-gen und Materialien mit bis zu 20 cm Dicke schneiden m\u00f6chten. Die Maschine hat eine dreifache Feder zur Anhebung des Kopfes, eine ABS-Wanne und einen doppelten Spritzschutz. Zwei kleine aber robuste R\u00e4der wurden auf der hinteren Seite der Maschine befestigt um sie leicht auf ebenen Fl\u00e4chen verschieben zu k\u00f6nnen. Sie wird mit der Diamanttrennscheibe <a href=\"https:\/\/www.maxima-dia.com\/de\/universelle-laser-diamanttrennscheiben\/diamanttrennscheibe-laser-red-silent\/\"><strong>Laser Rot Silent<\/strong><\/a>, ausgeliefert, die mit der \u201cDetenso\u201d-Technik hergestellt wird.<\/p>\n<table class=\"tabellafotocarotaggio\" style=\"width: 100%;\">\n<tbody>\n<tr>\n<td style=\"text-align: center;\"><a href=\"\/wp-content\/uploads\/2017\/02\/maxi-400-f1.jpg\"><img loading=\"lazy\" decoding=\"async\" class=\"alignnone wp-image-13873 size-thumbnail\" src=\"\/wp-content\/uploads\/2017\/02\/maxi-400-f1-150x150.jpg\" width=\"150\" height=\"150\"><\/a><\/td>\n<td style=\"text-align: center;\"><a href=\"\/wp-content\/uploads\/2017\/02\/maxi-400-f2.jpg\"><img loading=\"lazy\" decoding=\"async\" class=\"alignnone wp-image-13685 size-thumbnail\" src=\"\/wp-content\/uploads\/2017\/02\/maxi-400-f2-150x150.jpg\" width=\"150\" height=\"150\"><\/a><\/td>\n<td style=\"text-align: center;\"><a href=\"\/wp-content\/uploads\/2017\/02\/maxi-400-f3.jpg\"><img loading=\"lazy\" decoding=\"async\" class=\"alignnone wp-image-13686 size-thumbnail\" src=\"\/wp-content\/uploads\/2017\/02\/maxi-400-f3-150x150.jpg\" width=\"150\" height=\"150\"><\/a><\/td>\n<td style=\"text-align: center;\"><a href=\"\/wp-content\/uploads\/2017\/02\/maxi-400-f4.jpg\"><img loading=\"lazy\" decoding=\"async\" class=\"alignnone wp-image-13687 size-thumbnail\" src=\"\/wp-content\/uploads\/2017\/02\/maxi-400-f4-150x150.jpg\" width=\"150\" height=\"150\"><\/a><\/td>\n<\/tr>\n<\/tbody>\n<\/table>\n<p class=\"p1\">&nbsp;<\/p>\n<table class=\"tabellatecnica\" style=\"width: 100%;\" border=\"0\" cellspacing=\"0\" cellpadding=\"0\">\n<thead>\n<tr>\n<td class=\"testata\" colspan=\"2\">TECHNISCHE EIGENSCHAFTEN<\/td>\n<\/tr>\n<\/thead>\n<tbody>\n<tr>\n<td class=\"coltesto1\" style=\"width: 50%;\">Verf\u00fcgbar mit Motor mit 230 V<\/td>\n<td class=\"coltesto2\" style=\"width: 50%;\">Kippbarer Kopf<\/td>\n<\/tr>\n<tr>\n<td class=\"coltesto1\" style=\"width: 50%;\">Diamanttrennscheibe zu 350 mm oder 400 mm \u2013 Bohrung: 25,4 mm<\/td>\n<td class=\"coltesto2\" style=\"width: 50%;\">Kipp- und entfernbare Wassersammelwanne aus Kunststoff<\/td>\n<\/tr>\n<tr>\n<td class=\"coltesto1\" style=\"width: 50%;\" rowspan=\"2\">Schnitth\u00f6he bei einem Durchgang: 140 mm &#8211;<br \/>\nbei zwei Durchg\u00e4ngen: 204 mm<\/td>\n<td class=\"coltesto2\" style=\"width: 50%;\">Verschiebbarer und einstellbarer Wagen<\/td>\n<\/tr>\n<tr>\n<td class=\"coltesto2\" style=\"width: 50%;\">Geschwei\u00dfte Wagenf\u00fchrung aus Edelstahl<\/td>\n<\/tr>\n<tr>\n<td class=\"coltesto2\" style=\"width: 50%;\">Schnittl\u00e4nge max. 600 mm<\/td>\n<td class=\"coltesto2\" style=\"width: 50%;\">Abmessungen (LxBxH) 140 x 96 x 90 cm<\/td>\n<\/tr>\n<tr>\n<td class=\"coltesto2\" style=\"width: 50%;\">Gekapselte und einstellbare Wagenlager aus Edelstahl<\/td>\n<td class=\"coltesto2\" style=\"width: 50%;\">Gewicht:&nbsp;70 Kg<\/td>\n<\/tr>\n<\/tbody>\n<\/table>\n<p>[\/vc_column_text][\/vc_column][\/vc_row]<\/p>\n<\/div>","protected":false},"excerpt":{"rendered":"<p>[vc_row][vc_column text_align=&#8220;center&#8220; width=&#8220;1\/4&#8243;][vc_column_text] made in EU&nbsp; &#8211; Zertifikat&nbsp;CE[\/vc_column_text][vc_column_text css_animation=&#8220;slideInDown&#8220; el_class=&#8220;hidebuybutton&#8220;][\/vc_column_text][\/vc_column][vc_column width=&#8220;3\/4&#8243;][vc_column_text]Die Leistungsst\u00e4rke der Maxi 400 geh\u00f6rt zur oberen Qualit\u00e4tsklasse, Gewicht und Abmessungen sind begrenzt. Sie ist f\u00fcr professionelle Benutzer gedacht, die eine robuste und zuverl\u00e4ssige Maschine und einen 45\u00b0-Winkelschnitt ben\u00f6ti-gen und Materialien mit bis zu 20 cm Dicke schneiden m\u00f6chten. Die Maschine hat eine dreifache Feder zur Anhebung des Kopfes, eine ABS-Wanne und einen doppelten Spritzschutz. Zwei kleine aber robuste R\u00e4der wurden auf der hinteren Seite der Maschine befestigt um sie leicht auf ebenen Fl\u00e4chen verschieben zu k\u00f6nnen. Sie wird mit der Diamanttrennscheibe Laser Rot Silent, ausgeliefert, die mit der \u201cDetenso\u201d-Technik hergestellt wird. &nbsp; TECHNISCHE EIGENSCHAFTEN Verf\u00fcgbar mit Motor mit 230 V Kippbarer Kopf Diamanttrennscheibe zu 350 mm oder 400 mm \u2013 Bohrung: 25,4 mm Kipp- und entfernbare Wassersammelwanne aus Kunststoff Schnitth\u00f6he bei einem Durchgang: 140 mm &#8211; bei zwei Durchg\u00e4ngen: 204 mm Verschiebbarer und einstellbarer Wagen Geschwei\u00dfte Wagenf\u00fchrung aus Edelstahl Schnittl\u00e4nge max. 600 mm Abmessungen (LxBxH) 140 x 96 x 90 cm Gekapselte und einstellbare Wagenlager aus Edelstahl Gewicht:&nbsp;70 Kg [\/vc_column_text][\/vc_column][\/vc_row]<\/p>\n","protected":false},"author":29,"featured_media":13878,"parent":12476,"menu_order":4,"comment_status":"closed","ping_status":"closed","template":"","meta":{"ngg_post_thumbnail":0,"_joinchat":[],"footnotes":""},"class_list":["post-8108","page","type-page","status-publish","has-post-thumbnail","hentry"],"yoast_head":"<!-- This site is optimized with the Yoast SEO plugin v25.5 - https:\/\/yoast.com\/wordpress\/plugins\/seo\/ -->\n<title>Maxi 400 - Maxima SpA<\/title>\n<meta name=\"robots\" content=\"index, follow, max-snippet:-1, max-image-preview:large, max-video-preview:-1\" \/>\n<link rel=\"canonical\" href=\"https:\/\/www.maxima-dia.com\/de\/diamant-trennmaschine\/maxi-400\/\" \/>\n<meta property=\"og:locale\" content=\"de_DE\" \/>\n<meta property=\"og:type\" content=\"article\" \/>\n<meta property=\"og:title\" content=\"Maxi 400 - Maxima SpA\" \/>\n<meta property=\"og:description\" content=\"[vc_row][vc_column text_align=&#8220;center&#8220; width=&#8220;1\/4&#8243;][vc_column_text] made in EU&nbsp; &#8211; Zertifikat&nbsp;CE[\/vc_column_text][vc_column_text css_animation=&#8220;slideInDown&#8220; el_class=&#8220;hidebuybutton&#8220;][\/vc_column_text][\/vc_column][vc_column width=&#8220;3\/4&#8243;][vc_column_text]Die Leistungsst\u00e4rke der Maxi 400 geh\u00f6rt zur oberen Qualit\u00e4tsklasse, Gewicht und Abmessungen sind begrenzt. Sie ist f\u00fcr professionelle Benutzer gedacht, die eine robuste und zuverl\u00e4ssige Maschine und einen 45\u00b0-Winkelschnitt ben\u00f6ti-gen und Materialien mit bis zu 20 cm Dicke schneiden m\u00f6chten. Die Maschine hat eine dreifache Feder zur Anhebung des Kopfes, eine ABS-Wanne und einen doppelten Spritzschutz. Zwei kleine aber robuste R\u00e4der wurden auf der hinteren Seite der Maschine befestigt um sie leicht auf ebenen Fl\u00e4chen verschieben zu k\u00f6nnen. Sie wird mit der Diamanttrennscheibe Laser Rot Silent, ausgeliefert, die mit der \u201cDetenso\u201d-Technik hergestellt wird. &nbsp; TECHNISCHE EIGENSCHAFTEN Verf\u00fcgbar mit Motor mit 230 V Kippbarer Kopf Diamanttrennscheibe zu 350 mm oder 400 mm \u2013 Bohrung: 25,4 mm Kipp- und entfernbare Wassersammelwanne aus Kunststoff Schnitth\u00f6he bei einem Durchgang: 140 mm &#8211; bei zwei Durchg\u00e4ngen: 204 mm Verschiebbarer und einstellbarer Wagen Geschwei\u00dfte Wagenf\u00fchrung aus Edelstahl Schnittl\u00e4nge max. 600 mm Abmessungen (LxBxH) 140 x 96 x 90 cm Gekapselte und einstellbare Wagenlager aus Edelstahl Gewicht:&nbsp;70 Kg [\/vc_column_text][\/vc_column][\/vc_row]\" \/>\n<meta property=\"og:url\" content=\"https:\/\/www.maxima-dia.com\/de\/diamant-trennmaschine\/maxi-400\/\" \/>\n<meta property=\"og:site_name\" content=\"Maxima SpA\" \/>\n<meta property=\"article:publisher\" content=\"https:\/\/www.facebook.com\/Maxima-spa-106098566139597\" \/>\n<meta property=\"article:modified_time\" content=\"2021-07-09T08:57:57+00:00\" \/>\n<meta property=\"og:image\" content=\"https:\/\/www.maxima-dia.com\/wp-content\/uploads\/2017\/02\/maxi-400.jpg\" \/>\n\t<meta property=\"og:image:width\" content=\"1200\" \/>\n\t<meta property=\"og:image:height\" content=\"1200\" \/>\n\t<meta property=\"og:image:type\" content=\"image\/jpeg\" \/>\n<meta name=\"twitter:card\" content=\"summary_large_image\" \/>\n<meta name=\"twitter:site\" content=\"@Maximadia\" \/>\n<meta name=\"twitter:label1\" content=\"Gesch\u00e4tzte Lesezeit\" \/>\n\t<meta name=\"twitter:data1\" content=\"3\u00a0Minuten\" \/>\n<script type=\"application\/ld+json\" class=\"yoast-schema-graph\">{\"@context\":\"https:\/\/schema.org\",\"@graph\":[{\"@type\":\"WebPage\",\"@id\":\"https:\/\/www.maxima-dia.com\/de\/diamant-trennmaschine\/maxi-400\/\",\"url\":\"https:\/\/www.maxima-dia.com\/de\/diamant-trennmaschine\/maxi-400\/\",\"name\":\"Maxi 400 - Maxima SpA\",\"isPartOf\":{\"@id\":\"https:\/\/www.maxima-dia.com\/de\/#website\"},\"primaryImageOfPage\":{\"@id\":\"https:\/\/www.maxima-dia.com\/de\/diamant-trennmaschine\/maxi-400\/#primaryimage\"},\"image\":{\"@id\":\"https:\/\/www.maxima-dia.com\/de\/diamant-trennmaschine\/maxi-400\/#primaryimage\"},\"thumbnailUrl\":\"https:\/\/www.maxima-dia.com\/wp-content\/uploads\/2017\/02\/maxi-400.jpg\",\"datePublished\":\"2014-05-02T09:07:43+00:00\",\"dateModified\":\"2021-07-09T08:57:57+00:00\",\"breadcrumb\":{\"@id\":\"https:\/\/www.maxima-dia.com\/de\/diamant-trennmaschine\/maxi-400\/#breadcrumb\"},\"inLanguage\":\"de\",\"potentialAction\":[{\"@type\":\"ReadAction\",\"target\":[\"https:\/\/www.maxima-dia.com\/de\/diamant-trennmaschine\/maxi-400\/\"]}]},{\"@type\":\"ImageObject\",\"inLanguage\":\"de\",\"@id\":\"https:\/\/www.maxima-dia.com\/de\/diamant-trennmaschine\/maxi-400\/#primaryimage\",\"url\":\"https:\/\/www.maxima-dia.com\/wp-content\/uploads\/2017\/02\/maxi-400.jpg\",\"contentUrl\":\"https:\/\/www.maxima-dia.com\/wp-content\/uploads\/2017\/02\/maxi-400.jpg\",\"width\":1200,\"height\":1200,\"caption\":\"MAXI 400\"},{\"@type\":\"BreadcrumbList\",\"@id\":\"https:\/\/www.maxima-dia.com\/de\/diamant-trennmaschine\/maxi-400\/#breadcrumb\",\"itemListElement\":[{\"@type\":\"ListItem\",\"position\":1,\"name\":\"Home\",\"item\":\"https:\/\/www.maxima-dia.com\/de\/\"},{\"@type\":\"ListItem\",\"position\":2,\"name\":\"Diamant-Trennmaschine\",\"item\":\"https:\/\/www.maxima-dia.com\/de\/diamant-trennmaschine\/\"},{\"@type\":\"ListItem\",\"position\":3,\"name\":\"Maxi 400\"}]},{\"@type\":\"WebSite\",\"@id\":\"https:\/\/www.maxima-dia.com\/de\/#website\",\"url\":\"https:\/\/www.maxima-dia.com\/de\/\",\"name\":\"Maxima SpA\",\"description\":\"Only for the real professionals\",\"potentialAction\":[{\"@type\":\"SearchAction\",\"target\":{\"@type\":\"EntryPoint\",\"urlTemplate\":\"https:\/\/www.maxima-dia.com\/de\/?s={search_term_string}\"},\"query-input\":{\"@type\":\"PropertyValueSpecification\",\"valueRequired\":true,\"valueName\":\"search_term_string\"}}],\"inLanguage\":\"de\"}]}<\/script>\n<!-- \/ Yoast SEO plugin. -->","yoast_head_json":{"title":"Maxi 400 - Maxima SpA","robots":{"index":"index","follow":"follow","max-snippet":"max-snippet:-1","max-image-preview":"max-image-preview:large","max-video-preview":"max-video-preview:-1"},"canonical":"https:\/\/www.maxima-dia.com\/de\/diamant-trennmaschine\/maxi-400\/","og_locale":"de_DE","og_type":"article","og_title":"Maxi 400 - Maxima SpA","og_description":"[vc_row][vc_column text_align=&#8220;center&#8220; width=&#8220;1\/4&#8243;][vc_column_text] made in EU&nbsp; &#8211; Zertifikat&nbsp;CE[\/vc_column_text][vc_column_text css_animation=&#8220;slideInDown&#8220; el_class=&#8220;hidebuybutton&#8220;][\/vc_column_text][\/vc_column][vc_column width=&#8220;3\/4&#8243;][vc_column_text]Die Leistungsst\u00e4rke der Maxi 400 geh\u00f6rt zur oberen Qualit\u00e4tsklasse, Gewicht und Abmessungen sind begrenzt. Sie ist f\u00fcr professionelle Benutzer gedacht, die eine robuste und zuverl\u00e4ssige Maschine und einen 45\u00b0-Winkelschnitt ben\u00f6ti-gen und Materialien mit bis zu 20 cm Dicke schneiden m\u00f6chten. Die Maschine hat eine dreifache Feder zur Anhebung des Kopfes, eine ABS-Wanne und einen doppelten Spritzschutz. Zwei kleine aber robuste R\u00e4der wurden auf der hinteren Seite der Maschine befestigt um sie leicht auf ebenen Fl\u00e4chen verschieben zu k\u00f6nnen. Sie wird mit der Diamanttrennscheibe Laser Rot Silent, ausgeliefert, die mit der \u201cDetenso\u201d-Technik hergestellt wird. &nbsp; TECHNISCHE EIGENSCHAFTEN Verf\u00fcgbar mit Motor mit 230 V Kippbarer Kopf Diamanttrennscheibe zu 350 mm oder 400 mm \u2013 Bohrung: 25,4 mm Kipp- und entfernbare Wassersammelwanne aus Kunststoff Schnitth\u00f6he bei einem Durchgang: 140 mm &#8211; bei zwei Durchg\u00e4ngen: 204 mm Verschiebbarer und einstellbarer Wagen Geschwei\u00dfte Wagenf\u00fchrung aus Edelstahl Schnittl\u00e4nge max. 600 mm Abmessungen (LxBxH) 140 x 96 x 90 cm Gekapselte und einstellbare Wagenlager aus Edelstahl Gewicht:&nbsp;70 Kg [\/vc_column_text][\/vc_column][\/vc_row]","og_url":"https:\/\/www.maxima-dia.com\/de\/diamant-trennmaschine\/maxi-400\/","og_site_name":"Maxima SpA","article_publisher":"https:\/\/www.facebook.com\/Maxima-spa-106098566139597","article_modified_time":"2021-07-09T08:57:57+00:00","og_image":[{"width":1200,"height":1200,"url":"https:\/\/www.maxima-dia.com\/wp-content\/uploads\/2017\/02\/maxi-400.jpg","type":"image\/jpeg"}],"twitter_card":"summary_large_image","twitter_site":"@Maximadia","twitter_misc":{"Gesch\u00e4tzte Lesezeit":"3\u00a0Minuten"},"schema":{"@context":"https:\/\/schema.org","@graph":[{"@type":"WebPage","@id":"https:\/\/www.maxima-dia.com\/de\/diamant-trennmaschine\/maxi-400\/","url":"https:\/\/www.maxima-dia.com\/de\/diamant-trennmaschine\/maxi-400\/","name":"Maxi 400 - Maxima SpA","isPartOf":{"@id":"https:\/\/www.maxima-dia.com\/de\/#website"},"primaryImageOfPage":{"@id":"https:\/\/www.maxima-dia.com\/de\/diamant-trennmaschine\/maxi-400\/#primaryimage"},"image":{"@id":"https:\/\/www.maxima-dia.com\/de\/diamant-trennmaschine\/maxi-400\/#primaryimage"},"thumbnailUrl":"https:\/\/www.maxima-dia.com\/wp-content\/uploads\/2017\/02\/maxi-400.jpg","datePublished":"2014-05-02T09:07:43+00:00","dateModified":"2021-07-09T08:57:57+00:00","breadcrumb":{"@id":"https:\/\/www.maxima-dia.com\/de\/diamant-trennmaschine\/maxi-400\/#breadcrumb"},"inLanguage":"de","potentialAction":[{"@type":"ReadAction","target":["https:\/\/www.maxima-dia.com\/de\/diamant-trennmaschine\/maxi-400\/"]}]},{"@type":"ImageObject","inLanguage":"de","@id":"https:\/\/www.maxima-dia.com\/de\/diamant-trennmaschine\/maxi-400\/#primaryimage","url":"https:\/\/www.maxima-dia.com\/wp-content\/uploads\/2017\/02\/maxi-400.jpg","contentUrl":"https:\/\/www.maxima-dia.com\/wp-content\/uploads\/2017\/02\/maxi-400.jpg","width":1200,"height":1200,"caption":"MAXI 400"},{"@type":"BreadcrumbList","@id":"https:\/\/www.maxima-dia.com\/de\/diamant-trennmaschine\/maxi-400\/#breadcrumb","itemListElement":[{"@type":"ListItem","position":1,"name":"Home","item":"https:\/\/www.maxima-dia.com\/de\/"},{"@type":"ListItem","position":2,"name":"Diamant-Trennmaschine","item":"https:\/\/www.maxima-dia.com\/de\/diamant-trennmaschine\/"},{"@type":"ListItem","position":3,"name":"Maxi 400"}]},{"@type":"WebSite","@id":"https:\/\/www.maxima-dia.com\/de\/#website","url":"https:\/\/www.maxima-dia.com\/de\/","name":"Maxima SpA","description":"Only for the real professionals","potentialAction":[{"@type":"SearchAction","target":{"@type":"EntryPoint","urlTemplate":"https:\/\/www.maxima-dia.com\/de\/?s={search_term_string}"},"query-input":{"@type":"PropertyValueSpecification","valueRequired":true,"valueName":"search_term_string"}}],"inLanguage":"de"}]}},"_links":{"self":[{"href":"https:\/\/www.maxima-dia.com\/de\/wp-json\/wp\/v2\/pages\/8108"}],"collection":[{"href":"https:\/\/www.maxima-dia.com\/de\/wp-json\/wp\/v2\/pages"}],"about":[{"href":"https:\/\/www.maxima-dia.com\/de\/wp-json\/wp\/v2\/types\/page"}],"author":[{"embeddable":true,"href":"https:\/\/www.maxima-dia.com\/de\/wp-json\/wp\/v2\/users\/29"}],"replies":[{"embeddable":true,"href":"https:\/\/www.maxima-dia.com\/de\/wp-json\/wp\/v2\/comments?post=8108"}],"version-history":[{"count":0,"href":"https:\/\/www.maxima-dia.com\/de\/wp-json\/wp\/v2\/pages\/8108\/revisions"}],"up":[{"embeddable":true,"href":"https:\/\/www.maxima-dia.com\/de\/wp-json\/wp\/v2\/pages\/12476"}],"wp:featuredmedia":[{"embeddable":true,"href":"https:\/\/www.maxima-dia.com\/de\/wp-json\/wp\/v2\/media\/13878"}],"wp:attachment":[{"href":"https:\/\/www.maxima-dia.com\/de\/wp-json\/wp\/v2\/media?parent=8108"}],"curies":[{"name":"wp","href":"https:\/\/api.w.org\/{rel}","templated":true}]}}