{"id":8134,"date":"2014-05-05T09:04:07","date_gmt":"2014-05-05T07:04:07","guid":{"rendered":"http:\/\/www.maxima-dia.com\/?post_type=products&#038;p=8134"},"modified":"2021-07-09T11:09:35","modified_gmt":"2021-07-09T09:09:35","slug":"maxi-700","status":"publish","type":"page","link":"https:\/\/www.maxima-dia.com\/de\/diamant-trennmaschine\/maxi-700\/","title":{"rendered":"Maxi 700"},"content":{"rendered":"<div class=\"wpb-content-wrapper\"><p>[vc_row][vc_column text_align=&#8220;center&#8220; width=&#8220;1\/4&#8243;][vc_column_text]<a href=\"\/wp-content\/uploads\/2017\/02\/maxi-700.jpg\"><img loading=\"lazy\" decoding=\"async\" class=\"alignnone size-thumbnail wp-image-13882\" src=\"\/wp-content\/uploads\/2017\/02\/maxi-700-150x150.jpg\" alt=\"MAXI 700\" width=\"150\" height=\"150\" srcset=\"https:\/\/www.maxima-dia.com\/wp-content\/uploads\/2017\/02\/maxi-700-150x150.jpg 150w, https:\/\/www.maxima-dia.com\/wp-content\/uploads\/2017\/02\/maxi-700-300x300.jpg 300w, https:\/\/www.maxima-dia.com\/wp-content\/uploads\/2017\/02\/maxi-700-768x768.jpg 768w, https:\/\/www.maxima-dia.com\/wp-content\/uploads\/2017\/02\/maxi-700-1024x1024.jpg 1024w, https:\/\/www.maxima-dia.com\/wp-content\/uploads\/2017\/02\/maxi-700-80x80.jpg 80w, https:\/\/www.maxima-dia.com\/wp-content\/uploads\/2017\/02\/maxi-700-500x500.jpg 500w, https:\/\/www.maxima-dia.com\/wp-content\/uploads\/2017\/02\/maxi-700-1000x1000.jpg 1000w, https:\/\/www.maxima-dia.com\/wp-content\/uploads\/2017\/02\/maxi-700.jpg 1200w\" sizes=\"(max-width: 150px) 100vw, 150px\" \/><\/a><\/p>\n<p>made in EU&nbsp;<img loading=\"lazy\" decoding=\"async\" src=\"\/wp-content\/uploads\/2013\/11\/eu.png\" alt=\"eu\" width=\"24\" height=\"16\"> &#8211; Zertifikat&nbsp;<span style=\"font-family: arial,helvetica,sans-serif;\">CE<\/span>[\/vc_column_text][vc_column_text css_animation=&#8220;slideInDown&#8220; el_class=&#8220;hidebuybutton&#8220;]<a href=\"https:\/\/www.storemaxima.com\/de\/diamant-trennmaschine\/60-maxi-700.html\" target=\"_blank\" rel=\"noopener\"><img loading=\"lazy\" decoding=\"async\" class=\"alignnone\" title=\"Kaufen Auf www.storemaxima.com\" src=\"https:\/\/www.maxima-dia.com\/wp-content\/uploads\/2019\/12\/pulsante-acquista-storemaxima.com-de.svg\" alt=\"Kaufen Auf www.storemaxima.com\" width=\"180\" height=\"80\"><\/a>[\/vc_column_text][\/vc_column][vc_column width=&#8220;3\/4&#8243;][vc_column_text]Wie schon das Vorg\u00e4ngermodell wurde auch die <strong>Maxi 700<\/strong> entworfen, um die Probleme auf modernen Baustellen beim Schneiden von Bl\u00f6cken zu beheben. Die Leistungsst\u00e4rke der Maxi 700 geh\u00f6rt zur oberen Qualit\u00e4tsklasse, Gewicht und Abmessungen sind begrenzt. Die Schnitth\u00f6he betr\u00e4gt 29 cm bei einem Durchgang und 42 cm bei zwei Durchg\u00e4ngen. Der Dreiphasenmotor hat eine Leistung von 5,5 PS. Zwei kleine aber robuste R\u00e4der wurden auf der hinteren Seite der Maschine befestigt um sie leicht verschieben zu k\u00f6nnen. Die Maschine wird mit der Diamanttrennscheibe <a href=\"https:\/\/www.maxima-dia.com\/de\/universelle-laser-diamanttrennscheiben\/diamanttrennscheibe-laser-red-silent\/\"><strong>Laser Rot Silent<\/strong><\/a> ausgeliefert, die mit der \u201cDetenso-Technik\u201d hergestellt wird.<\/p>\n<table class=\"tabellafotocarotaggio\" style=\"width: 100%;\">\n<tbody>\n<tr>\n<td style=\"width: 33%; text-align: center;\"><a href=\"\/wp-content\/uploads\/2017\/02\/maxi-700-f1.jpg\"><img loading=\"lazy\" decoding=\"async\" class=\"alignnone wp-image-13873 size-thumbnail\" src=\"\/wp-content\/uploads\/2017\/02\/maxi-700-f1-150x150.jpg\" width=\"150\" height=\"150\"><\/a><\/td>\n<td style=\"width: 33%; text-align: center;\"><a href=\"\/wp-content\/uploads\/2017\/02\/maxi-700-f2.jpg\"><img loading=\"lazy\" decoding=\"async\" class=\"alignnone wp-image-13685 size-thumbnail\" src=\"\/wp-content\/uploads\/2017\/02\/maxi-700-f2-150x150.jpg\" width=\"150\" height=\"150\"><\/a><\/td>\n<td style=\"width: 33%; text-align: center;\"><a href=\"\/wp-content\/uploads\/2017\/02\/maxi-700-f3.jpg\"><img loading=\"lazy\" decoding=\"async\" class=\"alignnone wp-image-13686 size-thumbnail\" src=\"\/wp-content\/uploads\/2017\/02\/maxi-700-f3-150x150.jpg\" width=\"150\" height=\"150\"><\/a><\/td>\n<\/tr>\n<\/tbody>\n<\/table>\n<p class=\"p2\">&nbsp;<\/p>\n<table class=\"tabellatecnica\" style=\"width: 100%;\" border=\"0\" cellspacing=\"0\" cellpadding=\"0\">\n<thead>\n<tr>\n<td class=\"testata\" colspan=\"2\">TECHNISCHE EIGENSCHAFTEN<\/td>\n<\/tr>\n<\/thead>\n<tbody>\n<tr>\n<td class=\"coltesto1\" style=\"width: 50%;\">Verf\u00fcgbar mit 400 V \u2013 5,5 PS \u2013 4,0 kW<\/td>\n<td class=\"coltesto2\" style=\"width: 50%;\">Um 15\u00b0, 30\u00b0, 45\u00b0 kippbarer Kopf<\/td>\n<\/tr>\n<tr>\n<td class=\"coltesto1\" style=\"width: 50%;\">Diamanttrennscheiben mit Durchm.: 700 mm \u2013 Bohrung: 60 mm<\/td>\n<td class=\"coltesto2\" style=\"width: 50%;\">Auf einstellbaren gekapselten Lagern verschiebbarer Wagen<\/td>\n<\/tr>\n<tr>\n<td class=\"coltesto1\" style=\"width: 50%;\" rowspan=\"2\">Schnitth\u00f6he bei einem Durchgang: 295 mm \u2013<br \/>\nbei zwei Durchg\u00e4ngen: 420 mm<\/td>\n<td class=\"coltesto2\" style=\"width: 50%;\">Einstellbare Wagenf\u00fchrungen<\/td>\n<\/tr>\n<tr>\n<td class=\"coltesto2\" style=\"width: 50%;\">Abmessungen (LxBxH) 185 x 85 x 164 cm<\/td>\n<\/tr>\n<tr>\n<td class=\"coltesto2\" style=\"width: 50%;\">Schnittl\u00e4nge max. 700 mm<\/td>\n<td class=\"coltesto2\" style=\"width: 50%;\">Gewicht&nbsp;120 Kg<\/td>\n<\/tr>\n<\/tbody>\n<\/table>\n<p>[\/vc_column_text][\/vc_column][\/vc_row]<\/p>\n<\/div>","protected":false},"excerpt":{"rendered":"<p>[vc_row][vc_column text_align=&#8220;center&#8220; width=&#8220;1\/4&#8243;][vc_column_text] made in EU&nbsp; &#8211; Zertifikat&nbsp;CE[\/vc_column_text][vc_column_text css_animation=&#8220;slideInDown&#8220; el_class=&#8220;hidebuybutton&#8220;][\/vc_column_text][\/vc_column][vc_column width=&#8220;3\/4&#8243;][vc_column_text]Wie schon das Vorg\u00e4ngermodell wurde auch die Maxi 700 entworfen, um die Probleme auf modernen Baustellen beim Schneiden von Bl\u00f6cken zu beheben. Die Leistungsst\u00e4rke der Maxi 700 geh\u00f6rt zur oberen Qualit\u00e4tsklasse, Gewicht und Abmessungen sind begrenzt. Die Schnitth\u00f6he betr\u00e4gt 29 cm bei einem Durchgang und 42 cm bei zwei Durchg\u00e4ngen. Der Dreiphasenmotor hat eine Leistung von 5,5 PS. Zwei kleine aber robuste R\u00e4der wurden auf der hinteren Seite der Maschine befestigt um sie leicht verschieben zu k\u00f6nnen. Die Maschine wird mit der Diamanttrennscheibe Laser Rot Silent ausgeliefert, die mit der \u201cDetenso-Technik\u201d hergestellt wird. &nbsp; TECHNISCHE EIGENSCHAFTEN Verf\u00fcgbar mit 400 V \u2013 5,5 PS \u2013 4,0 kW Um 15\u00b0, 30\u00b0, 45\u00b0 kippbarer Kopf Diamanttrennscheiben mit Durchm.: 700 mm \u2013 Bohrung: 60 mm Auf einstellbaren gekapselten Lagern verschiebbarer Wagen Schnitth\u00f6he bei einem Durchgang: 295 mm \u2013 bei zwei Durchg\u00e4ngen: 420 mm Einstellbare Wagenf\u00fchrungen Abmessungen (LxBxH) 185 x 85 x 164 cm Schnittl\u00e4nge max. 700 mm Gewicht&nbsp;120 Kg [\/vc_column_text][\/vc_column][\/vc_row]<\/p>\n","protected":false},"author":29,"featured_media":21255,"parent":12476,"menu_order":5,"comment_status":"closed","ping_status":"closed","template":"","meta":{"ngg_post_thumbnail":0,"_joinchat":[],"footnotes":""},"class_list":["post-8134","page","type-page","status-publish","has-post-thumbnail","hentry"],"yoast_head":"<!-- This site is optimized with the Yoast SEO plugin v25.5 - https:\/\/yoast.com\/wordpress\/plugins\/seo\/ -->\n<title>Maxi 700 - Maxima SpA<\/title>\n<meta name=\"robots\" content=\"index, follow, max-snippet:-1, max-image-preview:large, max-video-preview:-1\" \/>\n<link rel=\"canonical\" href=\"https:\/\/www.maxima-dia.com\/de\/diamant-trennmaschine\/maxi-700\/\" \/>\n<meta property=\"og:locale\" content=\"de_DE\" \/>\n<meta property=\"og:type\" content=\"article\" \/>\n<meta property=\"og:title\" content=\"Maxi 700 - Maxima SpA\" \/>\n<meta property=\"og:description\" content=\"[vc_row][vc_column text_align=&#8220;center&#8220; width=&#8220;1\/4&#8243;][vc_column_text] made in EU&nbsp; &#8211; Zertifikat&nbsp;CE[\/vc_column_text][vc_column_text css_animation=&#8220;slideInDown&#8220; el_class=&#8220;hidebuybutton&#8220;][\/vc_column_text][\/vc_column][vc_column width=&#8220;3\/4&#8243;][vc_column_text]Wie schon das Vorg\u00e4ngermodell wurde auch die Maxi 700 entworfen, um die Probleme auf modernen Baustellen beim Schneiden von Bl\u00f6cken zu beheben. Die Leistungsst\u00e4rke der Maxi 700 geh\u00f6rt zur oberen Qualit\u00e4tsklasse, Gewicht und Abmessungen sind begrenzt. Die Schnitth\u00f6he betr\u00e4gt 29 cm bei einem Durchgang und 42 cm bei zwei Durchg\u00e4ngen. Der Dreiphasenmotor hat eine Leistung von 5,5 PS. Zwei kleine aber robuste R\u00e4der wurden auf der hinteren Seite der Maschine befestigt um sie leicht verschieben zu k\u00f6nnen. Die Maschine wird mit der Diamanttrennscheibe Laser Rot Silent ausgeliefert, die mit der \u201cDetenso-Technik\u201d hergestellt wird. &nbsp; TECHNISCHE EIGENSCHAFTEN Verf\u00fcgbar mit 400 V \u2013 5,5 PS \u2013 4,0 kW Um 15\u00b0, 30\u00b0, 45\u00b0 kippbarer Kopf Diamanttrennscheiben mit Durchm.: 700 mm \u2013 Bohrung: 60 mm Auf einstellbaren gekapselten Lagern verschiebbarer Wagen Schnitth\u00f6he bei einem Durchgang: 295 mm \u2013 bei zwei Durchg\u00e4ngen: 420 mm Einstellbare Wagenf\u00fchrungen Abmessungen (LxBxH) 185 x 85 x 164 cm Schnittl\u00e4nge max. 700 mm Gewicht&nbsp;120 Kg [\/vc_column_text][\/vc_column][\/vc_row]\" \/>\n<meta property=\"og:url\" content=\"https:\/\/www.maxima-dia.com\/de\/diamant-trennmaschine\/maxi-700\/\" \/>\n<meta property=\"og:site_name\" content=\"Maxima SpA\" \/>\n<meta property=\"article:publisher\" content=\"https:\/\/www.facebook.com\/Maxima-spa-106098566139597\" \/>\n<meta property=\"article:modified_time\" content=\"2021-07-09T09:09:35+00:00\" \/>\n<meta property=\"og:image\" content=\"https:\/\/www.maxima-dia.com\/wp-content\/uploads\/2017\/02\/maxi-700.jpg\" \/>\n\t<meta property=\"og:image:width\" content=\"1200\" \/>\n\t<meta property=\"og:image:height\" content=\"1200\" \/>\n\t<meta property=\"og:image:type\" content=\"image\/jpeg\" \/>\n<meta name=\"twitter:card\" content=\"summary_large_image\" \/>\n<meta name=\"twitter:site\" content=\"@Maximadia\" \/>\n<meta name=\"twitter:label1\" content=\"Gesch\u00e4tzte Lesezeit\" \/>\n\t<meta name=\"twitter:data1\" content=\"2\u00a0Minuten\" \/>\n<script type=\"application\/ld+json\" class=\"yoast-schema-graph\">{\"@context\":\"https:\/\/schema.org\",\"@graph\":[{\"@type\":\"WebPage\",\"@id\":\"https:\/\/www.maxima-dia.com\/de\/diamant-trennmaschine\/maxi-700\/\",\"url\":\"https:\/\/www.maxima-dia.com\/de\/diamant-trennmaschine\/maxi-700\/\",\"name\":\"Maxi 700 - Maxima SpA\",\"isPartOf\":{\"@id\":\"https:\/\/www.maxima-dia.com\/de\/#website\"},\"primaryImageOfPage\":{\"@id\":\"https:\/\/www.maxima-dia.com\/de\/diamant-trennmaschine\/maxi-700\/#primaryimage\"},\"image\":{\"@id\":\"https:\/\/www.maxima-dia.com\/de\/diamant-trennmaschine\/maxi-700\/#primaryimage\"},\"thumbnailUrl\":\"https:\/\/www.maxima-dia.com\/wp-content\/uploads\/2017\/02\/maxi-700.jpg\",\"datePublished\":\"2014-05-05T07:04:07+00:00\",\"dateModified\":\"2021-07-09T09:09:35+00:00\",\"breadcrumb\":{\"@id\":\"https:\/\/www.maxima-dia.com\/de\/diamant-trennmaschine\/maxi-700\/#breadcrumb\"},\"inLanguage\":\"de\",\"potentialAction\":[{\"@type\":\"ReadAction\",\"target\":[\"https:\/\/www.maxima-dia.com\/de\/diamant-trennmaschine\/maxi-700\/\"]}]},{\"@type\":\"ImageObject\",\"inLanguage\":\"de\",\"@id\":\"https:\/\/www.maxima-dia.com\/de\/diamant-trennmaschine\/maxi-700\/#primaryimage\",\"url\":\"https:\/\/www.maxima-dia.com\/wp-content\/uploads\/2017\/02\/maxi-700.jpg\",\"contentUrl\":\"https:\/\/www.maxima-dia.com\/wp-content\/uploads\/2017\/02\/maxi-700.jpg\",\"width\":1200,\"height\":1200},{\"@type\":\"BreadcrumbList\",\"@id\":\"https:\/\/www.maxima-dia.com\/de\/diamant-trennmaschine\/maxi-700\/#breadcrumb\",\"itemListElement\":[{\"@type\":\"ListItem\",\"position\":1,\"name\":\"Home\",\"item\":\"https:\/\/www.maxima-dia.com\/de\/\"},{\"@type\":\"ListItem\",\"position\":2,\"name\":\"Diamant-Trennmaschine\",\"item\":\"https:\/\/www.maxima-dia.com\/de\/diamant-trennmaschine\/\"},{\"@type\":\"ListItem\",\"position\":3,\"name\":\"Maxi 700\"}]},{\"@type\":\"WebSite\",\"@id\":\"https:\/\/www.maxima-dia.com\/de\/#website\",\"url\":\"https:\/\/www.maxima-dia.com\/de\/\",\"name\":\"Maxima SpA\",\"description\":\"Only for the real professionals\",\"potentialAction\":[{\"@type\":\"SearchAction\",\"target\":{\"@type\":\"EntryPoint\",\"urlTemplate\":\"https:\/\/www.maxima-dia.com\/de\/?s={search_term_string}\"},\"query-input\":{\"@type\":\"PropertyValueSpecification\",\"valueRequired\":true,\"valueName\":\"search_term_string\"}}],\"inLanguage\":\"de\"}]}<\/script>\n<!-- \/ Yoast SEO plugin. -->","yoast_head_json":{"title":"Maxi 700 - Maxima SpA","robots":{"index":"index","follow":"follow","max-snippet":"max-snippet:-1","max-image-preview":"max-image-preview:large","max-video-preview":"max-video-preview:-1"},"canonical":"https:\/\/www.maxima-dia.com\/de\/diamant-trennmaschine\/maxi-700\/","og_locale":"de_DE","og_type":"article","og_title":"Maxi 700 - Maxima SpA","og_description":"[vc_row][vc_column text_align=&#8220;center&#8220; width=&#8220;1\/4&#8243;][vc_column_text] made in EU&nbsp; &#8211; Zertifikat&nbsp;CE[\/vc_column_text][vc_column_text css_animation=&#8220;slideInDown&#8220; el_class=&#8220;hidebuybutton&#8220;][\/vc_column_text][\/vc_column][vc_column width=&#8220;3\/4&#8243;][vc_column_text]Wie schon das Vorg\u00e4ngermodell wurde auch die Maxi 700 entworfen, um die Probleme auf modernen Baustellen beim Schneiden von Bl\u00f6cken zu beheben. Die Leistungsst\u00e4rke der Maxi 700 geh\u00f6rt zur oberen Qualit\u00e4tsklasse, Gewicht und Abmessungen sind begrenzt. Die Schnitth\u00f6he betr\u00e4gt 29 cm bei einem Durchgang und 42 cm bei zwei Durchg\u00e4ngen. Der Dreiphasenmotor hat eine Leistung von 5,5 PS. Zwei kleine aber robuste R\u00e4der wurden auf der hinteren Seite der Maschine befestigt um sie leicht verschieben zu k\u00f6nnen. Die Maschine wird mit der Diamanttrennscheibe Laser Rot Silent ausgeliefert, die mit der \u201cDetenso-Technik\u201d hergestellt wird. &nbsp; TECHNISCHE EIGENSCHAFTEN Verf\u00fcgbar mit 400 V \u2013 5,5 PS \u2013 4,0 kW Um 15\u00b0, 30\u00b0, 45\u00b0 kippbarer Kopf Diamanttrennscheiben mit Durchm.: 700 mm \u2013 Bohrung: 60 mm Auf einstellbaren gekapselten Lagern verschiebbarer Wagen Schnitth\u00f6he bei einem Durchgang: 295 mm \u2013 bei zwei Durchg\u00e4ngen: 420 mm Einstellbare Wagenf\u00fchrungen Abmessungen (LxBxH) 185 x 85 x 164 cm Schnittl\u00e4nge max. 700 mm Gewicht&nbsp;120 Kg [\/vc_column_text][\/vc_column][\/vc_row]","og_url":"https:\/\/www.maxima-dia.com\/de\/diamant-trennmaschine\/maxi-700\/","og_site_name":"Maxima SpA","article_publisher":"https:\/\/www.facebook.com\/Maxima-spa-106098566139597","article_modified_time":"2021-07-09T09:09:35+00:00","og_image":[{"width":1200,"height":1200,"url":"https:\/\/www.maxima-dia.com\/wp-content\/uploads\/2017\/02\/maxi-700.jpg","type":"image\/jpeg"}],"twitter_card":"summary_large_image","twitter_site":"@Maximadia","twitter_misc":{"Gesch\u00e4tzte Lesezeit":"2\u00a0Minuten"},"schema":{"@context":"https:\/\/schema.org","@graph":[{"@type":"WebPage","@id":"https:\/\/www.maxima-dia.com\/de\/diamant-trennmaschine\/maxi-700\/","url":"https:\/\/www.maxima-dia.com\/de\/diamant-trennmaschine\/maxi-700\/","name":"Maxi 700 - Maxima SpA","isPartOf":{"@id":"https:\/\/www.maxima-dia.com\/de\/#website"},"primaryImageOfPage":{"@id":"https:\/\/www.maxima-dia.com\/de\/diamant-trennmaschine\/maxi-700\/#primaryimage"},"image":{"@id":"https:\/\/www.maxima-dia.com\/de\/diamant-trennmaschine\/maxi-700\/#primaryimage"},"thumbnailUrl":"https:\/\/www.maxima-dia.com\/wp-content\/uploads\/2017\/02\/maxi-700.jpg","datePublished":"2014-05-05T07:04:07+00:00","dateModified":"2021-07-09T09:09:35+00:00","breadcrumb":{"@id":"https:\/\/www.maxima-dia.com\/de\/diamant-trennmaschine\/maxi-700\/#breadcrumb"},"inLanguage":"de","potentialAction":[{"@type":"ReadAction","target":["https:\/\/www.maxima-dia.com\/de\/diamant-trennmaschine\/maxi-700\/"]}]},{"@type":"ImageObject","inLanguage":"de","@id":"https:\/\/www.maxima-dia.com\/de\/diamant-trennmaschine\/maxi-700\/#primaryimage","url":"https:\/\/www.maxima-dia.com\/wp-content\/uploads\/2017\/02\/maxi-700.jpg","contentUrl":"https:\/\/www.maxima-dia.com\/wp-content\/uploads\/2017\/02\/maxi-700.jpg","width":1200,"height":1200},{"@type":"BreadcrumbList","@id":"https:\/\/www.maxima-dia.com\/de\/diamant-trennmaschine\/maxi-700\/#breadcrumb","itemListElement":[{"@type":"ListItem","position":1,"name":"Home","item":"https:\/\/www.maxima-dia.com\/de\/"},{"@type":"ListItem","position":2,"name":"Diamant-Trennmaschine","item":"https:\/\/www.maxima-dia.com\/de\/diamant-trennmaschine\/"},{"@type":"ListItem","position":3,"name":"Maxi 700"}]},{"@type":"WebSite","@id":"https:\/\/www.maxima-dia.com\/de\/#website","url":"https:\/\/www.maxima-dia.com\/de\/","name":"Maxima SpA","description":"Only for the real professionals","potentialAction":[{"@type":"SearchAction","target":{"@type":"EntryPoint","urlTemplate":"https:\/\/www.maxima-dia.com\/de\/?s={search_term_string}"},"query-input":{"@type":"PropertyValueSpecification","valueRequired":true,"valueName":"search_term_string"}}],"inLanguage":"de"}]}},"_links":{"self":[{"href":"https:\/\/www.maxima-dia.com\/de\/wp-json\/wp\/v2\/pages\/8134"}],"collection":[{"href":"https:\/\/www.maxima-dia.com\/de\/wp-json\/wp\/v2\/pages"}],"about":[{"href":"https:\/\/www.maxima-dia.com\/de\/wp-json\/wp\/v2\/types\/page"}],"author":[{"embeddable":true,"href":"https:\/\/www.maxima-dia.com\/de\/wp-json\/wp\/v2\/users\/29"}],"replies":[{"embeddable":true,"href":"https:\/\/www.maxima-dia.com\/de\/wp-json\/wp\/v2\/comments?post=8134"}],"version-history":[{"count":0,"href":"https:\/\/www.maxima-dia.com\/de\/wp-json\/wp\/v2\/pages\/8134\/revisions"}],"up":[{"embeddable":true,"href":"https:\/\/www.maxima-dia.com\/de\/wp-json\/wp\/v2\/pages\/12476"}],"wp:featuredmedia":[{"embeddable":true,"href":"https:\/\/www.maxima-dia.com\/de\/wp-json\/wp\/v2\/media\/21255"}],"wp:attachment":[{"href":"https:\/\/www.maxima-dia.com\/de\/wp-json\/wp\/v2\/media?parent=8134"}],"curies":[{"name":"wp","href":"https:\/\/api.w.org\/{rel}","templated":true}]}}