{"id":8154,"date":"2014-05-05T14:13:00","date_gmt":"2014-05-05T12:13:00","guid":{"rendered":"http:\/\/www.maxima-dia.com\/?post_type=products&#038;p=8154"},"modified":"2021-07-09T12:03:23","modified_gmt":"2021-07-09T10:03:23","slug":"maxi-1000","status":"publish","type":"page","link":"https:\/\/www.maxima-dia.com\/de\/diamant-trennmaschine\/maxi-1000\/","title":{"rendered":"Maxi 1000"},"content":{"rendered":"<div class=\"wpb-content-wrapper\"><p>[vc_row][vc_column text_align=&#8220;center&#8220; width=&#8220;1\/4&#8243;][vc_column_text]<a href=\"\/wp-content\/uploads\/2017\/02\/maxi-1000.jpg\"><img loading=\"lazy\" decoding=\"async\" class=\"alignnone size-thumbnail wp-image-13886\" src=\"\/wp-content\/uploads\/2017\/02\/maxi-1000-150x150.jpg\" alt=\"MAXI 1000\" width=\"150\" height=\"150\" srcset=\"https:\/\/www.maxima-dia.com\/wp-content\/uploads\/2017\/02\/maxi-1000-150x150.jpg 150w, https:\/\/www.maxima-dia.com\/wp-content\/uploads\/2017\/02\/maxi-1000-300x300.jpg 300w, https:\/\/www.maxima-dia.com\/wp-content\/uploads\/2017\/02\/maxi-1000-768x768.jpg 768w, https:\/\/www.maxima-dia.com\/wp-content\/uploads\/2017\/02\/maxi-1000-1024x1024.jpg 1024w, https:\/\/www.maxima-dia.com\/wp-content\/uploads\/2017\/02\/maxi-1000-80x80.jpg 80w, https:\/\/www.maxima-dia.com\/wp-content\/uploads\/2017\/02\/maxi-1000-500x500.jpg 500w, https:\/\/www.maxima-dia.com\/wp-content\/uploads\/2017\/02\/maxi-1000-1000x1000.jpg 1000w, https:\/\/www.maxima-dia.com\/wp-content\/uploads\/2017\/02\/maxi-1000.jpg 1200w\" sizes=\"(max-width: 150px) 100vw, 150px\" \/><\/a><\/p>\n<p>made in EU&nbsp;<img loading=\"lazy\" decoding=\"async\" src=\"\/wp-content\/uploads\/2013\/11\/eu.png\" alt=\"eu\" width=\"24\" height=\"16\"> &#8211; Zertifikat&nbsp;<span style=\"font-family: arial,helvetica,sans-serif;\">CE<\/span>[\/vc_column_text][vc_column_text css_animation=&#8220;slideInDown&#8220; el_class=&#8220;hidebuybutton&#8220;]<a href=\"https:\/\/www.storemaxima.com\/de\/diamant-trennmaschine\/61-maxi-1000.html\" target=\"_blank\" rel=\"noopener\"><img loading=\"lazy\" decoding=\"async\" class=\"alignnone\" title=\"Kaufen Auf www.storemaxima.com\" src=\"https:\/\/www.maxima-dia.com\/wp-content\/uploads\/2019\/12\/pulsante-acquista-storemaxima.com-de.svg\" alt=\"Kaufen Auf www.storemaxima.com\" width=\"180\" height=\"80\"><\/a>[\/vc_column_text][\/vc_column][vc_column width=&#8220;3\/4&#8243;][vc_column_text]Entsprechend der Marktanforde-rungen entwickelt sich auch das Produktangebot von Maxima um den Anforderungen zu gen\u00fcgen. Immer h\u00e4ufiger werden f\u00fcr Neu-bauten gro\u00dffl\u00e4chige Bl\u00f6cke ver-wendet und die eingesetzten Maschinen m\u00fcssen eine entsprechende Schnittkapazit\u00e4t aufweisen. Aus diesem Grund wurde <strong>Maxi 1000<\/strong> entwickelt: Sie besitzt eine Schnitth\u00f6he von 40 cm bei einmaligem und von 60 cm bei zweifachem Durchgang. Dank des Dreiphasen-Motors mit 10 PS ist sie auf der Baustelle vielseitig einsetzbar. Der f\u00fcr das Aufladen des Mate-rials vorgesehene Wagen ist extrem gro\u00df und dank der langen Handgriffe, die den n\u00f6tigen Sicherheitsabstand des Bedieners sicherstellen, leicht zu man\u00f6vrieren. Vier robuste R\u00e4der erleichtern die Verschiebung der Maschine auf ebenen Fl\u00e4chen. Maxi 1000 wird mit der Diamanttrennscheibe <a href=\"https:\/\/www.maxima-dia.com\/de\/universelle-laser-diamanttrennscheiben\/diamanttrennscheibe-laser-red-silent\/\"><strong>Laser Rot Silent<\/strong><\/a> ausgeliefert, die mit der \u201cDetenso-Technik\u201d hergestellt wird.<\/p>\n<table class=\"tabellafotocarotaggio\" style=\"width: 100%;\">\n<tbody>\n<tr>\n<td style=\"width: 33%; text-align: center;\"><a href=\"\/wp-content\/uploads\/2017\/02\/maxi-1000-f1.jpg\"><img loading=\"lazy\" decoding=\"async\" class=\"alignnone wp-image-13873 size-thumbnail\" src=\"\/wp-content\/uploads\/2017\/02\/maxi-1000-f1-150x150.jpg\" width=\"150\" height=\"150\"><\/a><\/td>\n<td style=\"width: 33%; text-align: center;\"><a href=\"\/wp-content\/uploads\/2017\/02\/maxi-1000-f2.jpg\"><img loading=\"lazy\" decoding=\"async\" class=\"alignnone wp-image-13685 size-thumbnail\" src=\"\/wp-content\/uploads\/2017\/02\/maxi-1000-f2-150x150.jpg\" width=\"150\" height=\"150\"><\/a><\/td>\n<td style=\"width: 33%; text-align: center;\"><a href=\"\/wp-content\/uploads\/2017\/02\/maxi-1000-f3.jpg\"><img loading=\"lazy\" decoding=\"async\" class=\"alignnone wp-image-13686 size-thumbnail\" src=\"\/wp-content\/uploads\/2017\/02\/maxi-1000-f3-150x150.jpg\" width=\"150\" height=\"150\"><\/a><\/td>\n<\/tr>\n<\/tbody>\n<\/table>\n<p class=\"p1\">&nbsp;<\/p>\n<table class=\"tabellatecnica\" style=\"width: 100%;\" border=\"0\" cellspacing=\"0\" cellpadding=\"0\">\n<thead>\n<tr>\n<td class=\"testata\" colspan=\"2\">TECHNISCHE EIGENSCHAFTEN<\/td>\n<\/tr>\n<\/thead>\n<tbody>\n<tr>\n<td class=\"coltesto1\" style=\"width: 50%;\">Verf\u00fcgbar mit 400 V \u2013 10 PS \u2013 7,4 kW<\/td>\n<td class=\"coltesto2\" style=\"width: 50%;\">Auf einstellbaren gekapselten Lagern verschiebbarer Wagen<\/td>\n<\/tr>\n<tr>\n<td class=\"coltesto1\" style=\"width: 50%;\">Diamanttrennscheiben mit Durchm.: 1000 mm \u2013 Bohrung: 60 mm + PIN<\/td>\n<td class=\"coltesto2\" style=\"width: 50%;\">Einstellbare Wagenf\u00fchrungen<\/td>\n<\/tr>\n<tr>\n<td class=\"coltesto1\" style=\"width: 50%;\" rowspan=\"2\">Schnitth\u00f6he bei einem Durchgang: 400 mm \u2013<br \/>\nbei zwei Durchg\u00e4ngen: 600 mm<\/td>\n<td class=\"coltesto2\" style=\"width: 50%;\">Guide Carrello Registrabili<\/td>\n<\/tr>\n<tr>\n<td class=\"coltesto2\" style=\"width: 50%;\">Abmessungen (LxBxH) 190 x 90 x 180 cm<\/td>\n<\/tr>\n<tr>\n<td class=\"coltesto2\" style=\"width: 50%;\">Schnittl\u00e4nge max. 1300 mm Starrer Kopf<\/td>\n<td class=\"coltesto2\" style=\"width: 50%;\">Gewicht&nbsp;300 Kg<\/td>\n<\/tr>\n<\/tbody>\n<\/table>\n<p>[\/vc_column_text][\/vc_column][\/vc_row]<\/p>\n<\/div>","protected":false},"excerpt":{"rendered":"<p>[vc_row][vc_column text_align=&#8220;center&#8220; width=&#8220;1\/4&#8243;][vc_column_text] made in EU&nbsp; &#8211; Zertifikat&nbsp;CE[\/vc_column_text][vc_column_text css_animation=&#8220;slideInDown&#8220; el_class=&#8220;hidebuybutton&#8220;][\/vc_column_text][\/vc_column][vc_column width=&#8220;3\/4&#8243;][vc_column_text]Entsprechend der Marktanforde-rungen entwickelt sich auch das Produktangebot von Maxima um den Anforderungen zu gen\u00fcgen. Immer h\u00e4ufiger werden f\u00fcr Neu-bauten gro\u00dffl\u00e4chige Bl\u00f6cke ver-wendet und die eingesetzten Maschinen m\u00fcssen eine entsprechende Schnittkapazit\u00e4t aufweisen. Aus diesem Grund wurde Maxi 1000 entwickelt: Sie besitzt eine Schnitth\u00f6he von 40 cm bei einmaligem und von 60 cm bei zweifachem Durchgang. Dank des Dreiphasen-Motors mit 10 PS ist sie auf der Baustelle vielseitig einsetzbar. Der f\u00fcr das Aufladen des Mate-rials vorgesehene Wagen ist extrem gro\u00df und dank der langen Handgriffe, die den n\u00f6tigen Sicherheitsabstand des Bedieners sicherstellen, leicht zu man\u00f6vrieren. Vier robuste R\u00e4der erleichtern die Verschiebung der Maschine auf ebenen Fl\u00e4chen. Maxi 1000 wird mit der Diamanttrennscheibe Laser Rot Silent ausgeliefert, die mit der \u201cDetenso-Technik\u201d hergestellt wird. &nbsp; TECHNISCHE EIGENSCHAFTEN Verf\u00fcgbar mit 400 V \u2013 10 PS \u2013 7,4 kW Auf einstellbaren gekapselten Lagern verschiebbarer Wagen Diamanttrennscheiben mit Durchm.: 1000 mm \u2013 Bohrung: 60 mm + PIN Einstellbare Wagenf\u00fchrungen Schnitth\u00f6he bei einem Durchgang: 400 mm \u2013 bei zwei Durchg\u00e4ngen: 600 mm Guide Carrello Registrabili Abmessungen (LxBxH) 190 x 90 x 180 cm Schnittl\u00e4nge max. 1300 mm Starrer Kopf Gewicht&nbsp;300 Kg [\/vc_column_text][\/vc_column][\/vc_row]<\/p>\n","protected":false},"author":29,"featured_media":13886,"parent":12476,"menu_order":6,"comment_status":"closed","ping_status":"closed","template":"","meta":{"ngg_post_thumbnail":0,"_joinchat":[],"footnotes":""},"class_list":["post-8154","page","type-page","status-publish","has-post-thumbnail","hentry"],"yoast_head":"<!-- This site is optimized with the Yoast SEO plugin v25.5 - https:\/\/yoast.com\/wordpress\/plugins\/seo\/ -->\n<title>Maxi 1000 - Maxima SpA<\/title>\n<meta name=\"robots\" content=\"index, follow, max-snippet:-1, max-image-preview:large, max-video-preview:-1\" \/>\n<link rel=\"canonical\" href=\"https:\/\/www.maxima-dia.com\/de\/diamant-trennmaschine\/maxi-1000\/\" \/>\n<meta property=\"og:locale\" content=\"de_DE\" \/>\n<meta property=\"og:type\" content=\"article\" \/>\n<meta property=\"og:title\" content=\"Maxi 1000 - Maxima SpA\" \/>\n<meta property=\"og:description\" content=\"[vc_row][vc_column text_align=&#8220;center&#8220; width=&#8220;1\/4&#8243;][vc_column_text] made in EU&nbsp; &#8211; Zertifikat&nbsp;CE[\/vc_column_text][vc_column_text css_animation=&#8220;slideInDown&#8220; el_class=&#8220;hidebuybutton&#8220;][\/vc_column_text][\/vc_column][vc_column width=&#8220;3\/4&#8243;][vc_column_text]Entsprechend der Marktanforde-rungen entwickelt sich auch das Produktangebot von Maxima um den Anforderungen zu gen\u00fcgen. Immer h\u00e4ufiger werden f\u00fcr Neu-bauten gro\u00dffl\u00e4chige Bl\u00f6cke ver-wendet und die eingesetzten Maschinen m\u00fcssen eine entsprechende Schnittkapazit\u00e4t aufweisen. Aus diesem Grund wurde Maxi 1000 entwickelt: Sie besitzt eine Schnitth\u00f6he von 40 cm bei einmaligem und von 60 cm bei zweifachem Durchgang. Dank des Dreiphasen-Motors mit 10 PS ist sie auf der Baustelle vielseitig einsetzbar. Der f\u00fcr das Aufladen des Mate-rials vorgesehene Wagen ist extrem gro\u00df und dank der langen Handgriffe, die den n\u00f6tigen Sicherheitsabstand des Bedieners sicherstellen, leicht zu man\u00f6vrieren. Vier robuste R\u00e4der erleichtern die Verschiebung der Maschine auf ebenen Fl\u00e4chen. Maxi 1000 wird mit der Diamanttrennscheibe Laser Rot Silent ausgeliefert, die mit der \u201cDetenso-Technik\u201d hergestellt wird. &nbsp; TECHNISCHE EIGENSCHAFTEN Verf\u00fcgbar mit 400 V \u2013 10 PS \u2013 7,4 kW Auf einstellbaren gekapselten Lagern verschiebbarer Wagen Diamanttrennscheiben mit Durchm.: 1000 mm \u2013 Bohrung: 60 mm + PIN Einstellbare Wagenf\u00fchrungen Schnitth\u00f6he bei einem Durchgang: 400 mm \u2013 bei zwei Durchg\u00e4ngen: 600 mm Guide Carrello Registrabili Abmessungen (LxBxH) 190 x 90 x 180 cm Schnittl\u00e4nge max. 1300 mm Starrer Kopf Gewicht&nbsp;300 Kg [\/vc_column_text][\/vc_column][\/vc_row]\" \/>\n<meta property=\"og:url\" content=\"https:\/\/www.maxima-dia.com\/de\/diamant-trennmaschine\/maxi-1000\/\" \/>\n<meta property=\"og:site_name\" content=\"Maxima SpA\" \/>\n<meta property=\"article:publisher\" content=\"https:\/\/www.facebook.com\/Maxima-spa-106098566139597\" \/>\n<meta property=\"article:modified_time\" content=\"2021-07-09T10:03:23+00:00\" \/>\n<meta property=\"og:image\" content=\"https:\/\/www.maxima-dia.com\/wp-content\/uploads\/2017\/02\/maxi-1000.jpg\" \/>\n\t<meta property=\"og:image:width\" content=\"1200\" \/>\n\t<meta property=\"og:image:height\" content=\"1200\" \/>\n\t<meta property=\"og:image:type\" content=\"image\/jpeg\" \/>\n<meta name=\"twitter:card\" content=\"summary_large_image\" \/>\n<meta name=\"twitter:site\" content=\"@Maximadia\" \/>\n<meta name=\"twitter:label1\" content=\"Gesch\u00e4tzte Lesezeit\" \/>\n\t<meta name=\"twitter:data1\" content=\"3\u00a0Minuten\" \/>\n<script type=\"application\/ld+json\" class=\"yoast-schema-graph\">{\"@context\":\"https:\/\/schema.org\",\"@graph\":[{\"@type\":\"WebPage\",\"@id\":\"https:\/\/www.maxima-dia.com\/de\/diamant-trennmaschine\/maxi-1000\/\",\"url\":\"https:\/\/www.maxima-dia.com\/de\/diamant-trennmaschine\/maxi-1000\/\",\"name\":\"Maxi 1000 - Maxima SpA\",\"isPartOf\":{\"@id\":\"https:\/\/www.maxima-dia.com\/de\/#website\"},\"primaryImageOfPage\":{\"@id\":\"https:\/\/www.maxima-dia.com\/de\/diamant-trennmaschine\/maxi-1000\/#primaryimage\"},\"image\":{\"@id\":\"https:\/\/www.maxima-dia.com\/de\/diamant-trennmaschine\/maxi-1000\/#primaryimage\"},\"thumbnailUrl\":\"https:\/\/www.maxima-dia.com\/wp-content\/uploads\/2017\/02\/maxi-1000.jpg\",\"datePublished\":\"2014-05-05T12:13:00+00:00\",\"dateModified\":\"2021-07-09T10:03:23+00:00\",\"breadcrumb\":{\"@id\":\"https:\/\/www.maxima-dia.com\/de\/diamant-trennmaschine\/maxi-1000\/#breadcrumb\"},\"inLanguage\":\"de\",\"potentialAction\":[{\"@type\":\"ReadAction\",\"target\":[\"https:\/\/www.maxima-dia.com\/de\/diamant-trennmaschine\/maxi-1000\/\"]}]},{\"@type\":\"ImageObject\",\"inLanguage\":\"de\",\"@id\":\"https:\/\/www.maxima-dia.com\/de\/diamant-trennmaschine\/maxi-1000\/#primaryimage\",\"url\":\"https:\/\/www.maxima-dia.com\/wp-content\/uploads\/2017\/02\/maxi-1000.jpg\",\"contentUrl\":\"https:\/\/www.maxima-dia.com\/wp-content\/uploads\/2017\/02\/maxi-1000.jpg\",\"width\":1200,\"height\":1200,\"caption\":\"MAXI 1000\"},{\"@type\":\"BreadcrumbList\",\"@id\":\"https:\/\/www.maxima-dia.com\/de\/diamant-trennmaschine\/maxi-1000\/#breadcrumb\",\"itemListElement\":[{\"@type\":\"ListItem\",\"position\":1,\"name\":\"Home\",\"item\":\"https:\/\/www.maxima-dia.com\/de\/\"},{\"@type\":\"ListItem\",\"position\":2,\"name\":\"Diamant-Trennmaschine\",\"item\":\"https:\/\/www.maxima-dia.com\/de\/diamant-trennmaschine\/\"},{\"@type\":\"ListItem\",\"position\":3,\"name\":\"Maxi 1000\"}]},{\"@type\":\"WebSite\",\"@id\":\"https:\/\/www.maxima-dia.com\/de\/#website\",\"url\":\"https:\/\/www.maxima-dia.com\/de\/\",\"name\":\"Maxima SpA\",\"description\":\"Only for the real professionals\",\"potentialAction\":[{\"@type\":\"SearchAction\",\"target\":{\"@type\":\"EntryPoint\",\"urlTemplate\":\"https:\/\/www.maxima-dia.com\/de\/?s={search_term_string}\"},\"query-input\":{\"@type\":\"PropertyValueSpecification\",\"valueRequired\":true,\"valueName\":\"search_term_string\"}}],\"inLanguage\":\"de\"}]}<\/script>\n<!-- \/ Yoast SEO plugin. -->","yoast_head_json":{"title":"Maxi 1000 - Maxima SpA","robots":{"index":"index","follow":"follow","max-snippet":"max-snippet:-1","max-image-preview":"max-image-preview:large","max-video-preview":"max-video-preview:-1"},"canonical":"https:\/\/www.maxima-dia.com\/de\/diamant-trennmaschine\/maxi-1000\/","og_locale":"de_DE","og_type":"article","og_title":"Maxi 1000 - Maxima SpA","og_description":"[vc_row][vc_column text_align=&#8220;center&#8220; width=&#8220;1\/4&#8243;][vc_column_text] made in EU&nbsp; &#8211; Zertifikat&nbsp;CE[\/vc_column_text][vc_column_text css_animation=&#8220;slideInDown&#8220; el_class=&#8220;hidebuybutton&#8220;][\/vc_column_text][\/vc_column][vc_column width=&#8220;3\/4&#8243;][vc_column_text]Entsprechend der Marktanforde-rungen entwickelt sich auch das Produktangebot von Maxima um den Anforderungen zu gen\u00fcgen. Immer h\u00e4ufiger werden f\u00fcr Neu-bauten gro\u00dffl\u00e4chige Bl\u00f6cke ver-wendet und die eingesetzten Maschinen m\u00fcssen eine entsprechende Schnittkapazit\u00e4t aufweisen. Aus diesem Grund wurde Maxi 1000 entwickelt: Sie besitzt eine Schnitth\u00f6he von 40 cm bei einmaligem und von 60 cm bei zweifachem Durchgang. Dank des Dreiphasen-Motors mit 10 PS ist sie auf der Baustelle vielseitig einsetzbar. Der f\u00fcr das Aufladen des Mate-rials vorgesehene Wagen ist extrem gro\u00df und dank der langen Handgriffe, die den n\u00f6tigen Sicherheitsabstand des Bedieners sicherstellen, leicht zu man\u00f6vrieren. Vier robuste R\u00e4der erleichtern die Verschiebung der Maschine auf ebenen Fl\u00e4chen. Maxi 1000 wird mit der Diamanttrennscheibe Laser Rot Silent ausgeliefert, die mit der \u201cDetenso-Technik\u201d hergestellt wird. &nbsp; TECHNISCHE EIGENSCHAFTEN Verf\u00fcgbar mit 400 V \u2013 10 PS \u2013 7,4 kW Auf einstellbaren gekapselten Lagern verschiebbarer Wagen Diamanttrennscheiben mit Durchm.: 1000 mm \u2013 Bohrung: 60 mm + PIN Einstellbare Wagenf\u00fchrungen Schnitth\u00f6he bei einem Durchgang: 400 mm \u2013 bei zwei Durchg\u00e4ngen: 600 mm Guide Carrello Registrabili Abmessungen (LxBxH) 190 x 90 x 180 cm Schnittl\u00e4nge max. 1300 mm Starrer Kopf Gewicht&nbsp;300 Kg [\/vc_column_text][\/vc_column][\/vc_row]","og_url":"https:\/\/www.maxima-dia.com\/de\/diamant-trennmaschine\/maxi-1000\/","og_site_name":"Maxima SpA","article_publisher":"https:\/\/www.facebook.com\/Maxima-spa-106098566139597","article_modified_time":"2021-07-09T10:03:23+00:00","og_image":[{"width":1200,"height":1200,"url":"https:\/\/www.maxima-dia.com\/wp-content\/uploads\/2017\/02\/maxi-1000.jpg","type":"image\/jpeg"}],"twitter_card":"summary_large_image","twitter_site":"@Maximadia","twitter_misc":{"Gesch\u00e4tzte Lesezeit":"3\u00a0Minuten"},"schema":{"@context":"https:\/\/schema.org","@graph":[{"@type":"WebPage","@id":"https:\/\/www.maxima-dia.com\/de\/diamant-trennmaschine\/maxi-1000\/","url":"https:\/\/www.maxima-dia.com\/de\/diamant-trennmaschine\/maxi-1000\/","name":"Maxi 1000 - Maxima SpA","isPartOf":{"@id":"https:\/\/www.maxima-dia.com\/de\/#website"},"primaryImageOfPage":{"@id":"https:\/\/www.maxima-dia.com\/de\/diamant-trennmaschine\/maxi-1000\/#primaryimage"},"image":{"@id":"https:\/\/www.maxima-dia.com\/de\/diamant-trennmaschine\/maxi-1000\/#primaryimage"},"thumbnailUrl":"https:\/\/www.maxima-dia.com\/wp-content\/uploads\/2017\/02\/maxi-1000.jpg","datePublished":"2014-05-05T12:13:00+00:00","dateModified":"2021-07-09T10:03:23+00:00","breadcrumb":{"@id":"https:\/\/www.maxima-dia.com\/de\/diamant-trennmaschine\/maxi-1000\/#breadcrumb"},"inLanguage":"de","potentialAction":[{"@type":"ReadAction","target":["https:\/\/www.maxima-dia.com\/de\/diamant-trennmaschine\/maxi-1000\/"]}]},{"@type":"ImageObject","inLanguage":"de","@id":"https:\/\/www.maxima-dia.com\/de\/diamant-trennmaschine\/maxi-1000\/#primaryimage","url":"https:\/\/www.maxima-dia.com\/wp-content\/uploads\/2017\/02\/maxi-1000.jpg","contentUrl":"https:\/\/www.maxima-dia.com\/wp-content\/uploads\/2017\/02\/maxi-1000.jpg","width":1200,"height":1200,"caption":"MAXI 1000"},{"@type":"BreadcrumbList","@id":"https:\/\/www.maxima-dia.com\/de\/diamant-trennmaschine\/maxi-1000\/#breadcrumb","itemListElement":[{"@type":"ListItem","position":1,"name":"Home","item":"https:\/\/www.maxima-dia.com\/de\/"},{"@type":"ListItem","position":2,"name":"Diamant-Trennmaschine","item":"https:\/\/www.maxima-dia.com\/de\/diamant-trennmaschine\/"},{"@type":"ListItem","position":3,"name":"Maxi 1000"}]},{"@type":"WebSite","@id":"https:\/\/www.maxima-dia.com\/de\/#website","url":"https:\/\/www.maxima-dia.com\/de\/","name":"Maxima SpA","description":"Only for the real professionals","potentialAction":[{"@type":"SearchAction","target":{"@type":"EntryPoint","urlTemplate":"https:\/\/www.maxima-dia.com\/de\/?s={search_term_string}"},"query-input":{"@type":"PropertyValueSpecification","valueRequired":true,"valueName":"search_term_string"}}],"inLanguage":"de"}]}},"_links":{"self":[{"href":"https:\/\/www.maxima-dia.com\/de\/wp-json\/wp\/v2\/pages\/8154"}],"collection":[{"href":"https:\/\/www.maxima-dia.com\/de\/wp-json\/wp\/v2\/pages"}],"about":[{"href":"https:\/\/www.maxima-dia.com\/de\/wp-json\/wp\/v2\/types\/page"}],"author":[{"embeddable":true,"href":"https:\/\/www.maxima-dia.com\/de\/wp-json\/wp\/v2\/users\/29"}],"replies":[{"embeddable":true,"href":"https:\/\/www.maxima-dia.com\/de\/wp-json\/wp\/v2\/comments?post=8154"}],"version-history":[{"count":0,"href":"https:\/\/www.maxima-dia.com\/de\/wp-json\/wp\/v2\/pages\/8154\/revisions"}],"up":[{"embeddable":true,"href":"https:\/\/www.maxima-dia.com\/de\/wp-json\/wp\/v2\/pages\/12476"}],"wp:featuredmedia":[{"embeddable":true,"href":"https:\/\/www.maxima-dia.com\/de\/wp-json\/wp\/v2\/media\/13886"}],"wp:attachment":[{"href":"https:\/\/www.maxima-dia.com\/de\/wp-json\/wp\/v2\/media?parent=8154"}],"curies":[{"name":"wp","href":"https:\/\/api.w.org\/{rel}","templated":true}]}}