{"id":8332,"date":"2014-05-15T11:53:26","date_gmt":"2014-05-15T09:53:26","guid":{"rendered":"http:\/\/www.maxima-dia.com\/?post_type=products&#038;p=8332"},"modified":"2021-07-12T10:31:58","modified_gmt":"2021-07-12T08:31:58","slug":"pavimax-350","status":"publish","type":"page","link":"https:\/\/www.maxima-dia.com\/de\/diamant-trennmaschine\/pavimax-350\/","title":{"rendered":"Pavimax 350"},"content":{"rendered":"<div class=\"wpb-content-wrapper\"><p>[vc_row][vc_column text_align=&#8220;center&#8220; width=&#8220;1\/4&#8243;][vc_column_text]<a href=\"\/wp-content\/uploads\/2017\/02\/pavimax-350.jpg\"><img loading=\"lazy\" decoding=\"async\" class=\"alignnone size-thumbnail wp-image-13896\" src=\"\/wp-content\/uploads\/2017\/02\/pavimax-350-150x150.jpg\" alt=\"PAVIMAX 350\" width=\"150\" height=\"150\" srcset=\"https:\/\/www.maxima-dia.com\/wp-content\/uploads\/2017\/02\/pavimax-350-150x150.jpg 150w, https:\/\/www.maxima-dia.com\/wp-content\/uploads\/2017\/02\/pavimax-350-300x300.jpg 300w, https:\/\/www.maxima-dia.com\/wp-content\/uploads\/2017\/02\/pavimax-350-768x768.jpg 768w, https:\/\/www.maxima-dia.com\/wp-content\/uploads\/2017\/02\/pavimax-350-1024x1024.jpg 1024w, https:\/\/www.maxima-dia.com\/wp-content\/uploads\/2017\/02\/pavimax-350-80x80.jpg 80w, https:\/\/www.maxima-dia.com\/wp-content\/uploads\/2017\/02\/pavimax-350-500x500.jpg 500w, https:\/\/www.maxima-dia.com\/wp-content\/uploads\/2017\/02\/pavimax-350-1000x1000.jpg 1000w, https:\/\/www.maxima-dia.com\/wp-content\/uploads\/2017\/02\/pavimax-350.jpg 1200w\" sizes=\"(max-width: 150px) 100vw, 150px\" \/><\/a><\/p>\n<p>made in EU&nbsp;<img loading=\"lazy\" decoding=\"async\" src=\"\/wp-content\/uploads\/2013\/11\/eu.png\" alt=\"eu\" width=\"24\" height=\"16\"> -Zertifikat&nbsp;<span style=\"font-family: arial,helvetica,sans-serif;\">CE<\/span>[\/vc_column_text][vc_column_text css_animation=&#8220;slideInDown&#8220; el_class=&#8220;hidebuybutton&#8220;]<a href=\"https:\/\/www.storemaxima.com\/de\/diamant-trennmaschine\/62-pavimax-350.html\" target=\"_blank\" rel=\"noopener\"><img loading=\"lazy\" decoding=\"async\" class=\"alignnone\" title=\"Kaufen Auf www.storemaxima.com\" src=\"https:\/\/www.maxima-dia.com\/wp-content\/uploads\/2019\/12\/pulsante-acquista-storemaxima.com-de.svg\" alt=\"Kaufen Auf www.storemaxima.com\" width=\"180\" height=\"80\"><\/a>[\/vc_column_text][\/vc_column][vc_column width=&#8220;3\/4&#8243;][vc_column_text]<strong>Pavimax 350<\/strong> ist der Fugen-schneider mit dem geringsten Gewicht und den kleinsten Ma\u00dfen der Produktpalette von Maxima und eignet sich vorz\u00fcglich f\u00fcr Eins\u00e4tze bei denen Zweckm\u00e4\u00dfigkeit und Wirtschaftlichkeit gefragt sind. Der mit Seilzugstarter ausgestattete Honda-Motor-GX-200 garantiert die n\u00f6tige Leistung und absolute Verl\u00e4sslichkeit. Die maximale Schnitttiefe liegt bei 12 cm. Durch ihren kurzen Radstand und dank des \u00fcber dem Motor montierten Wassertanks ist diese robuste Maschine sehr stabil und gut ausbalanciert. Diese Maschine wird mit einem Z\u00e4hlwerk geliefert, das f\u00fcr Maschienenvermieter und f\u00fcr die regelm\u00e4\u00dfig durchzuf\u00fchrenden Wartungsarbeiten sehr hilfreich ist. Sie wird mit einer Diamanttrennscheibe mit 350 mm Durchmesser geliefert, die der Kunde an-l\u00e4sslich der Bestellung ausw\u00e4hlen kann.<\/p>\n<table class=\"tabellafotocarotaggio\" style=\"width: 100%;\">\n<tbody>\n<tr>\n<td style=\"width: 50%; text-align: center;\"><a href=\"\/wp-content\/uploads\/2017\/02\/pavimax-350-f1.jpg\"><img loading=\"lazy\" decoding=\"async\" class=\"alignnone wp-image-13894 size-thumbnail\" src=\"\/wp-content\/uploads\/2017\/02\/pavimax-350-f1-150x150.jpg\" width=\"150\" height=\"150\" srcset=\"https:\/\/www.maxima-dia.com\/wp-content\/uploads\/2017\/02\/pavimax-350-f1-150x150.jpg 150w, https:\/\/www.maxima-dia.com\/wp-content\/uploads\/2017\/02\/pavimax-350-f1-80x80.jpg 80w, https:\/\/www.maxima-dia.com\/wp-content\/uploads\/2017\/02\/pavimax-350-f1-500x500.jpg 500w\" sizes=\"(max-width: 150px) 100vw, 150px\" \/><\/a><\/td>\n<td style=\"width: 50%; text-align: center;\"><a href=\"\/wp-content\/uploads\/2017\/02\/pavimax-350-f2.jpg\"><img loading=\"lazy\" decoding=\"async\" class=\"alignnone wp-image-13895 size-thumbnail\" src=\"\/wp-content\/uploads\/2017\/02\/pavimax-350-f2-150x150.jpg\" width=\"150\" height=\"150\" srcset=\"https:\/\/www.maxima-dia.com\/wp-content\/uploads\/2017\/02\/pavimax-350-f2-150x150.jpg 150w, https:\/\/www.maxima-dia.com\/wp-content\/uploads\/2017\/02\/pavimax-350-f2-80x80.jpg 80w, https:\/\/www.maxima-dia.com\/wp-content\/uploads\/2017\/02\/pavimax-350-f2-500x500.jpg 500w\" sizes=\"(max-width: 150px) 100vw, 150px\" \/><\/a><\/td>\n<\/tr>\n<\/tbody>\n<\/table>\n<p class=\"p2\">&nbsp;<\/p>\n<table class=\"tabellatecnica\" style=\"width: 100%;\" border=\"0\" cellspacing=\"0\" cellpadding=\"0\">\n<thead>\n<tr>\n<td class=\"testata\" colspan=\"2\">TECHNISCHE EIGENSCHAFTEN<\/td>\n<\/tr>\n<\/thead>\n<tbody>\n<tr>\n<td class=\"coltesto1\" style=\"width: 50%;\">Diamanttrennscheibe 350 mm \u2013 Bohrung: 25,4 mm<\/td>\n<td class=\"coltesto2\" style=\"width: 50%;\">Pavimax 350 ist mit Stundenz\u00e4hler ausgestattet<\/td>\n<\/tr>\n<tr>\n<td class=\"coltesto1\" style=\"width: 50%;\">Schnitttiefe 120 mm (bei Diamanttrennscheibe mit 350 mm)<\/td>\n<td class=\"coltesto2\" style=\"width: 50%;\">&nbsp;12-Liter-Wassertank<\/td>\n<\/tr>\n<tr>\n<td class=\"coltesto1\" style=\"width: 50%;\">Honda-Motor GX200 4,1 W &#8211; 5,5 PS mit Seilzugstarter<\/td>\n<td class=\"coltesto2\" style=\"width: 50%;\">Abmessungen (LxBxH): 925 x 548 x 950 mm<\/td>\n<\/tr>\n<tr>\n<td class=\"coltesto2\" style=\"width: 50%;\">Motordrehzahl 3600 U\/min<\/td>\n<td class=\"coltesto2\" style=\"width: 50%;\">&nbsp;Gewicht 68&nbsp;Kg<\/td>\n<\/tr>\n<\/tbody>\n<\/table>\n<div id=\"gtx-trans\" style=\"position: absolute; left: 69px; top: -10px;\">\n<div class=\"gtx-trans-icon\">&nbsp;<\/div>\n<\/div>\n<p>[\/vc_column_text][\/vc_column][\/vc_row]<\/p>\n<\/div>","protected":false},"excerpt":{"rendered":"<p>[vc_row][vc_column text_align=&#8220;center&#8220; width=&#8220;1\/4&#8243;][vc_column_text] made in EU&nbsp; -Zertifikat&nbsp;CE[\/vc_column_text][vc_column_text css_animation=&#8220;slideInDown&#8220; el_class=&#8220;hidebuybutton&#8220;][\/vc_column_text][\/vc_column][vc_column width=&#8220;3\/4&#8243;][vc_column_text]Pavimax 350 ist der Fugen-schneider mit dem geringsten Gewicht und den kleinsten Ma\u00dfen der Produktpalette von Maxima und eignet sich vorz\u00fcglich f\u00fcr Eins\u00e4tze bei denen Zweckm\u00e4\u00dfigkeit und Wirtschaftlichkeit gefragt sind. Der mit Seilzugstarter ausgestattete Honda-Motor-GX-200 garantiert die n\u00f6tige Leistung und absolute Verl\u00e4sslichkeit. Die maximale Schnitttiefe liegt bei 12 cm. Durch ihren kurzen Radstand und dank des \u00fcber dem Motor montierten Wassertanks ist diese robuste Maschine sehr stabil und gut ausbalanciert. Diese Maschine wird mit einem Z\u00e4hlwerk geliefert, das f\u00fcr Maschienenvermieter und f\u00fcr die regelm\u00e4\u00dfig durchzuf\u00fchrenden Wartungsarbeiten sehr hilfreich ist. Sie wird mit einer Diamanttrennscheibe mit 350 mm Durchmesser geliefert, die der Kunde an-l\u00e4sslich der Bestellung ausw\u00e4hlen kann. &nbsp; TECHNISCHE EIGENSCHAFTEN Diamanttrennscheibe 350 mm \u2013 Bohrung: 25,4 mm Pavimax 350 ist mit Stundenz\u00e4hler ausgestattet Schnitttiefe 120 mm (bei Diamanttrennscheibe mit 350 mm) &nbsp;12-Liter-Wassertank Honda-Motor GX200 4,1 W &#8211; 5,5 PS mit Seilzugstarter Abmessungen (LxBxH): 925 x 548 x 950 mm Motordrehzahl 3600 U\/min &nbsp;Gewicht 68&nbsp;Kg &nbsp; [\/vc_column_text][\/vc_column][\/vc_row]<\/p>\n","protected":false},"author":29,"featured_media":13896,"parent":12476,"menu_order":9,"comment_status":"closed","ping_status":"closed","template":"","meta":{"ngg_post_thumbnail":0,"_joinchat":[],"footnotes":""},"class_list":["post-8332","page","type-page","status-publish","has-post-thumbnail","hentry"],"yoast_head":"<!-- This site is optimized with the Yoast SEO plugin v25.5 - https:\/\/yoast.com\/wordpress\/plugins\/seo\/ -->\n<title>Pavimax 350 - Maxima SpA<\/title>\n<meta name=\"robots\" content=\"index, follow, max-snippet:-1, max-image-preview:large, max-video-preview:-1\" \/>\n<link rel=\"canonical\" href=\"https:\/\/www.maxima-dia.com\/de\/diamant-trennmaschine\/pavimax-350\/\" \/>\n<meta property=\"og:locale\" content=\"de_DE\" \/>\n<meta property=\"og:type\" content=\"article\" \/>\n<meta property=\"og:title\" content=\"Pavimax 350 - Maxima SpA\" \/>\n<meta property=\"og:description\" content=\"[vc_row][vc_column text_align=&#8220;center&#8220; width=&#8220;1\/4&#8243;][vc_column_text] made in EU&nbsp; -Zertifikat&nbsp;CE[\/vc_column_text][vc_column_text css_animation=&#8220;slideInDown&#8220; el_class=&#8220;hidebuybutton&#8220;][\/vc_column_text][\/vc_column][vc_column width=&#8220;3\/4&#8243;][vc_column_text]Pavimax 350 ist der Fugen-schneider mit dem geringsten Gewicht und den kleinsten Ma\u00dfen der Produktpalette von Maxima und eignet sich vorz\u00fcglich f\u00fcr Eins\u00e4tze bei denen Zweckm\u00e4\u00dfigkeit und Wirtschaftlichkeit gefragt sind. Der mit Seilzugstarter ausgestattete Honda-Motor-GX-200 garantiert die n\u00f6tige Leistung und absolute Verl\u00e4sslichkeit. Die maximale Schnitttiefe liegt bei 12 cm. Durch ihren kurzen Radstand und dank des \u00fcber dem Motor montierten Wassertanks ist diese robuste Maschine sehr stabil und gut ausbalanciert. Diese Maschine wird mit einem Z\u00e4hlwerk geliefert, das f\u00fcr Maschienenvermieter und f\u00fcr die regelm\u00e4\u00dfig durchzuf\u00fchrenden Wartungsarbeiten sehr hilfreich ist. Sie wird mit einer Diamanttrennscheibe mit 350 mm Durchmesser geliefert, die der Kunde an-l\u00e4sslich der Bestellung ausw\u00e4hlen kann. &nbsp; TECHNISCHE EIGENSCHAFTEN Diamanttrennscheibe 350 mm \u2013 Bohrung: 25,4 mm Pavimax 350 ist mit Stundenz\u00e4hler ausgestattet Schnitttiefe 120 mm (bei Diamanttrennscheibe mit 350 mm) &nbsp;12-Liter-Wassertank Honda-Motor GX200 4,1 W &#8211; 5,5 PS mit Seilzugstarter Abmessungen (LxBxH): 925 x 548 x 950 mm Motordrehzahl 3600 U\/min &nbsp;Gewicht 68&nbsp;Kg &nbsp; [\/vc_column_text][\/vc_column][\/vc_row]\" \/>\n<meta property=\"og:url\" content=\"https:\/\/www.maxima-dia.com\/de\/diamant-trennmaschine\/pavimax-350\/\" \/>\n<meta property=\"og:site_name\" content=\"Maxima SpA\" \/>\n<meta property=\"article:publisher\" content=\"https:\/\/www.facebook.com\/Maxima-spa-106098566139597\" \/>\n<meta property=\"article:modified_time\" content=\"2021-07-12T08:31:58+00:00\" \/>\n<meta property=\"og:image\" content=\"https:\/\/www.maxima-dia.com\/wp-content\/uploads\/2017\/02\/pavimax-350.jpg\" \/>\n\t<meta property=\"og:image:width\" content=\"1200\" \/>\n\t<meta property=\"og:image:height\" content=\"1200\" \/>\n\t<meta property=\"og:image:type\" content=\"image\/jpeg\" \/>\n<meta name=\"twitter:card\" content=\"summary_large_image\" \/>\n<meta name=\"twitter:site\" content=\"@Maximadia\" \/>\n<meta name=\"twitter:label1\" content=\"Gesch\u00e4tzte Lesezeit\" \/>\n\t<meta name=\"twitter:data1\" content=\"2\u00a0Minuten\" \/>\n<script type=\"application\/ld+json\" class=\"yoast-schema-graph\">{\"@context\":\"https:\/\/schema.org\",\"@graph\":[{\"@type\":\"WebPage\",\"@id\":\"https:\/\/www.maxima-dia.com\/de\/diamant-trennmaschine\/pavimax-350\/\",\"url\":\"https:\/\/www.maxima-dia.com\/de\/diamant-trennmaschine\/pavimax-350\/\",\"name\":\"Pavimax 350 - Maxima SpA\",\"isPartOf\":{\"@id\":\"https:\/\/www.maxima-dia.com\/de\/#website\"},\"primaryImageOfPage\":{\"@id\":\"https:\/\/www.maxima-dia.com\/de\/diamant-trennmaschine\/pavimax-350\/#primaryimage\"},\"image\":{\"@id\":\"https:\/\/www.maxima-dia.com\/de\/diamant-trennmaschine\/pavimax-350\/#primaryimage\"},\"thumbnailUrl\":\"https:\/\/www.maxima-dia.com\/wp-content\/uploads\/2017\/02\/pavimax-350.jpg\",\"datePublished\":\"2014-05-15T09:53:26+00:00\",\"dateModified\":\"2021-07-12T08:31:58+00:00\",\"breadcrumb\":{\"@id\":\"https:\/\/www.maxima-dia.com\/de\/diamant-trennmaschine\/pavimax-350\/#breadcrumb\"},\"inLanguage\":\"de\",\"potentialAction\":[{\"@type\":\"ReadAction\",\"target\":[\"https:\/\/www.maxima-dia.com\/de\/diamant-trennmaschine\/pavimax-350\/\"]}]},{\"@type\":\"ImageObject\",\"inLanguage\":\"de\",\"@id\":\"https:\/\/www.maxima-dia.com\/de\/diamant-trennmaschine\/pavimax-350\/#primaryimage\",\"url\":\"https:\/\/www.maxima-dia.com\/wp-content\/uploads\/2017\/02\/pavimax-350.jpg\",\"contentUrl\":\"https:\/\/www.maxima-dia.com\/wp-content\/uploads\/2017\/02\/pavimax-350.jpg\",\"width\":1200,\"height\":1200,\"caption\":\"PAVIMAX 350\"},{\"@type\":\"BreadcrumbList\",\"@id\":\"https:\/\/www.maxima-dia.com\/de\/diamant-trennmaschine\/pavimax-350\/#breadcrumb\",\"itemListElement\":[{\"@type\":\"ListItem\",\"position\":1,\"name\":\"Home\",\"item\":\"https:\/\/www.maxima-dia.com\/de\/\"},{\"@type\":\"ListItem\",\"position\":2,\"name\":\"Diamant-Trennmaschine\",\"item\":\"https:\/\/www.maxima-dia.com\/de\/diamant-trennmaschine\/\"},{\"@type\":\"ListItem\",\"position\":3,\"name\":\"Pavimax 350\"}]},{\"@type\":\"WebSite\",\"@id\":\"https:\/\/www.maxima-dia.com\/de\/#website\",\"url\":\"https:\/\/www.maxima-dia.com\/de\/\",\"name\":\"Maxima SpA\",\"description\":\"Only for the real professionals\",\"potentialAction\":[{\"@type\":\"SearchAction\",\"target\":{\"@type\":\"EntryPoint\",\"urlTemplate\":\"https:\/\/www.maxima-dia.com\/de\/?s={search_term_string}\"},\"query-input\":{\"@type\":\"PropertyValueSpecification\",\"valueRequired\":true,\"valueName\":\"search_term_string\"}}],\"inLanguage\":\"de\"}]}<\/script>\n<!-- \/ Yoast SEO plugin. -->","yoast_head_json":{"title":"Pavimax 350 - Maxima SpA","robots":{"index":"index","follow":"follow","max-snippet":"max-snippet:-1","max-image-preview":"max-image-preview:large","max-video-preview":"max-video-preview:-1"},"canonical":"https:\/\/www.maxima-dia.com\/de\/diamant-trennmaschine\/pavimax-350\/","og_locale":"de_DE","og_type":"article","og_title":"Pavimax 350 - Maxima SpA","og_description":"[vc_row][vc_column text_align=&#8220;center&#8220; width=&#8220;1\/4&#8243;][vc_column_text] made in EU&nbsp; -Zertifikat&nbsp;CE[\/vc_column_text][vc_column_text css_animation=&#8220;slideInDown&#8220; el_class=&#8220;hidebuybutton&#8220;][\/vc_column_text][\/vc_column][vc_column width=&#8220;3\/4&#8243;][vc_column_text]Pavimax 350 ist der Fugen-schneider mit dem geringsten Gewicht und den kleinsten Ma\u00dfen der Produktpalette von Maxima und eignet sich vorz\u00fcglich f\u00fcr Eins\u00e4tze bei denen Zweckm\u00e4\u00dfigkeit und Wirtschaftlichkeit gefragt sind. Der mit Seilzugstarter ausgestattete Honda-Motor-GX-200 garantiert die n\u00f6tige Leistung und absolute Verl\u00e4sslichkeit. Die maximale Schnitttiefe liegt bei 12 cm. Durch ihren kurzen Radstand und dank des \u00fcber dem Motor montierten Wassertanks ist diese robuste Maschine sehr stabil und gut ausbalanciert. Diese Maschine wird mit einem Z\u00e4hlwerk geliefert, das f\u00fcr Maschienenvermieter und f\u00fcr die regelm\u00e4\u00dfig durchzuf\u00fchrenden Wartungsarbeiten sehr hilfreich ist. Sie wird mit einer Diamanttrennscheibe mit 350 mm Durchmesser geliefert, die der Kunde an-l\u00e4sslich der Bestellung ausw\u00e4hlen kann. &nbsp; TECHNISCHE EIGENSCHAFTEN Diamanttrennscheibe 350 mm \u2013 Bohrung: 25,4 mm Pavimax 350 ist mit Stundenz\u00e4hler ausgestattet Schnitttiefe 120 mm (bei Diamanttrennscheibe mit 350 mm) &nbsp;12-Liter-Wassertank Honda-Motor GX200 4,1 W &#8211; 5,5 PS mit Seilzugstarter Abmessungen (LxBxH): 925 x 548 x 950 mm Motordrehzahl 3600 U\/min &nbsp;Gewicht 68&nbsp;Kg &nbsp; [\/vc_column_text][\/vc_column][\/vc_row]","og_url":"https:\/\/www.maxima-dia.com\/de\/diamant-trennmaschine\/pavimax-350\/","og_site_name":"Maxima SpA","article_publisher":"https:\/\/www.facebook.com\/Maxima-spa-106098566139597","article_modified_time":"2021-07-12T08:31:58+00:00","og_image":[{"width":1200,"height":1200,"url":"https:\/\/www.maxima-dia.com\/wp-content\/uploads\/2017\/02\/pavimax-350.jpg","type":"image\/jpeg"}],"twitter_card":"summary_large_image","twitter_site":"@Maximadia","twitter_misc":{"Gesch\u00e4tzte Lesezeit":"2\u00a0Minuten"},"schema":{"@context":"https:\/\/schema.org","@graph":[{"@type":"WebPage","@id":"https:\/\/www.maxima-dia.com\/de\/diamant-trennmaschine\/pavimax-350\/","url":"https:\/\/www.maxima-dia.com\/de\/diamant-trennmaschine\/pavimax-350\/","name":"Pavimax 350 - Maxima SpA","isPartOf":{"@id":"https:\/\/www.maxima-dia.com\/de\/#website"},"primaryImageOfPage":{"@id":"https:\/\/www.maxima-dia.com\/de\/diamant-trennmaschine\/pavimax-350\/#primaryimage"},"image":{"@id":"https:\/\/www.maxima-dia.com\/de\/diamant-trennmaschine\/pavimax-350\/#primaryimage"},"thumbnailUrl":"https:\/\/www.maxima-dia.com\/wp-content\/uploads\/2017\/02\/pavimax-350.jpg","datePublished":"2014-05-15T09:53:26+00:00","dateModified":"2021-07-12T08:31:58+00:00","breadcrumb":{"@id":"https:\/\/www.maxima-dia.com\/de\/diamant-trennmaschine\/pavimax-350\/#breadcrumb"},"inLanguage":"de","potentialAction":[{"@type":"ReadAction","target":["https:\/\/www.maxima-dia.com\/de\/diamant-trennmaschine\/pavimax-350\/"]}]},{"@type":"ImageObject","inLanguage":"de","@id":"https:\/\/www.maxima-dia.com\/de\/diamant-trennmaschine\/pavimax-350\/#primaryimage","url":"https:\/\/www.maxima-dia.com\/wp-content\/uploads\/2017\/02\/pavimax-350.jpg","contentUrl":"https:\/\/www.maxima-dia.com\/wp-content\/uploads\/2017\/02\/pavimax-350.jpg","width":1200,"height":1200,"caption":"PAVIMAX 350"},{"@type":"BreadcrumbList","@id":"https:\/\/www.maxima-dia.com\/de\/diamant-trennmaschine\/pavimax-350\/#breadcrumb","itemListElement":[{"@type":"ListItem","position":1,"name":"Home","item":"https:\/\/www.maxima-dia.com\/de\/"},{"@type":"ListItem","position":2,"name":"Diamant-Trennmaschine","item":"https:\/\/www.maxima-dia.com\/de\/diamant-trennmaschine\/"},{"@type":"ListItem","position":3,"name":"Pavimax 350"}]},{"@type":"WebSite","@id":"https:\/\/www.maxima-dia.com\/de\/#website","url":"https:\/\/www.maxima-dia.com\/de\/","name":"Maxima SpA","description":"Only for the real professionals","potentialAction":[{"@type":"SearchAction","target":{"@type":"EntryPoint","urlTemplate":"https:\/\/www.maxima-dia.com\/de\/?s={search_term_string}"},"query-input":{"@type":"PropertyValueSpecification","valueRequired":true,"valueName":"search_term_string"}}],"inLanguage":"de"}]}},"_links":{"self":[{"href":"https:\/\/www.maxima-dia.com\/de\/wp-json\/wp\/v2\/pages\/8332"}],"collection":[{"href":"https:\/\/www.maxima-dia.com\/de\/wp-json\/wp\/v2\/pages"}],"about":[{"href":"https:\/\/www.maxima-dia.com\/de\/wp-json\/wp\/v2\/types\/page"}],"author":[{"embeddable":true,"href":"https:\/\/www.maxima-dia.com\/de\/wp-json\/wp\/v2\/users\/29"}],"replies":[{"embeddable":true,"href":"https:\/\/www.maxima-dia.com\/de\/wp-json\/wp\/v2\/comments?post=8332"}],"version-history":[{"count":0,"href":"https:\/\/www.maxima-dia.com\/de\/wp-json\/wp\/v2\/pages\/8332\/revisions"}],"up":[{"embeddable":true,"href":"https:\/\/www.maxima-dia.com\/de\/wp-json\/wp\/v2\/pages\/12476"}],"wp:featuredmedia":[{"embeddable":true,"href":"https:\/\/www.maxima-dia.com\/de\/wp-json\/wp\/v2\/media\/13896"}],"wp:attachment":[{"href":"https:\/\/www.maxima-dia.com\/de\/wp-json\/wp\/v2\/media?parent=8332"}],"curies":[{"name":"wp","href":"https:\/\/api.w.org\/{rel}","templated":true}]}}