{"id":8348,"date":"2014-05-15T14:12:13","date_gmt":"2014-05-15T12:12:13","guid":{"rendered":"http:\/\/www.maxima-dia.com\/?post_type=products&#038;p=8348"},"modified":"2021-07-12T11:05:14","modified_gmt":"2021-07-12T09:05:14","slug":"pavimax-400","status":"publish","type":"page","link":"https:\/\/www.maxima-dia.com\/de\/diamant-trennmaschine\/pavimax-400\/","title":{"rendered":"Pavimax 400"},"content":{"rendered":"<div class=\"wpb-content-wrapper\"><p>[vc_row][vc_column text_align=&#8220;center&#8220; width=&#8220;1\/4&#8243;][vc_column_text]<a href=\"\/wp-content\/uploads\/2017\/02\/pavimax-400.jpg\"><img loading=\"lazy\" decoding=\"async\" class=\"alignnone size-thumbnail wp-image-13902\" src=\"\/wp-content\/uploads\/2017\/02\/pavimax-400-150x150.jpg\" alt=\"PAVIMAX 400\" width=\"150\" height=\"150\" srcset=\"https:\/\/www.maxima-dia.com\/wp-content\/uploads\/2017\/02\/pavimax-400-150x150.jpg 150w, https:\/\/www.maxima-dia.com\/wp-content\/uploads\/2017\/02\/pavimax-400-300x300.jpg 300w, https:\/\/www.maxima-dia.com\/wp-content\/uploads\/2017\/02\/pavimax-400-768x768.jpg 768w, https:\/\/www.maxima-dia.com\/wp-content\/uploads\/2017\/02\/pavimax-400-1024x1024.jpg 1024w, https:\/\/www.maxima-dia.com\/wp-content\/uploads\/2017\/02\/pavimax-400-80x80.jpg 80w, https:\/\/www.maxima-dia.com\/wp-content\/uploads\/2017\/02\/pavimax-400-500x500.jpg 500w, https:\/\/www.maxima-dia.com\/wp-content\/uploads\/2017\/02\/pavimax-400-1000x1000.jpg 1000w, https:\/\/www.maxima-dia.com\/wp-content\/uploads\/2017\/02\/pavimax-400.jpg 1200w\" sizes=\"(max-width: 150px) 100vw, 150px\" \/><\/a><\/p>\n<p>made in EU&nbsp;<img loading=\"lazy\" decoding=\"async\" src=\"\/wp-content\/uploads\/2013\/11\/eu.png\" alt=\"eu\" width=\"24\" height=\"16\"> -Zertifikat <span style=\"font-family: arial,helvetica,sans-serif;\">CE<\/span>[\/vc_column_text][vc_column_text css_animation=&#8220;slideInDown&#8220; el_class=&#8220;hidebuybutton&#8220;]<a href=\"https:\/\/www.storemaxima.com\/de\/diamant-trennmaschine\/63-pavimax-400.html\" target=\"_blank\" rel=\"noopener\"><img loading=\"lazy\" decoding=\"async\" class=\"alignnone\" title=\"Kaufen Auf www.storemaxima.com\" src=\"https:\/\/www.maxima-dia.com\/wp-content\/uploads\/2019\/12\/pulsante-acquista-storemaxima.com-de.svg\" alt=\"Kaufen Auf www.storemaxima.com\" width=\"180\" height=\"80\"><\/a>[\/vc_column_text][\/vc_column][vc_column width=&#8220;3\/4&#8243;][vc_column_text]Die <strong>Pavimax 400<\/strong> l\u00e4ut mit Diamanttrennscheiben mit 400 mm und einem Honda-Motor GX-270 mit Seilzugstarter. Dank der Schnitttiefe von 14,5 cm eignet sie sich ideal<br \/>\nf\u00fcr den Hoch- und Stra\u00dfenbau und das Gesamtgewicht ist sehr gering. Durch ihren kurzen Radstand und dank des \u00fcber dem Motor montierten Wassertanks ist diese robuste Maschine sehr stabil und gut ausbalanciert. Diese Maschine wird serienm\u00e4\u00dfig mit einem Z\u00e4hlwerk ausgeliefert, das f\u00fcr Maschinenvermieter und f\u00fcr die Einhaltung der Wartungsintervalle sehr n\u00fctzlich ist. Sie wird mit einer Diamanttrennscheibe mit 400 mm Durchmesser geliefert, die der Kunde anl\u00e4sslich der Bestellung ausw\u00e4hlen kann.<\/p>\n<table class=\"tabellafotocarotaggio\" style=\"width: 100%;\">\n<tbody>\n<tr>\n<td style=\"width: 20%; text-align: center;\"><a href=\"\/wp-content\/uploads\/2017\/02\/pavimax-400-f1.jpg\"><img loading=\"lazy\" decoding=\"async\" class=\"alignnone wp-image-13894 size-thumbnail\" src=\"\/wp-content\/uploads\/2017\/02\/pavimax-400-f1-150x150.jpg\" width=\"150\" height=\"150\"><\/a><\/td>\n<td style=\"width: 20%; text-align: center;\"><a href=\"\/wp-content\/uploads\/2017\/02\/pavimax-400-f2.jpg\"><img loading=\"lazy\" decoding=\"async\" class=\"alignnone wp-image-13894 size-thumbnail\" src=\"\/wp-content\/uploads\/2017\/02\/pavimax-400-f2-150x150.jpg\" width=\"150\" height=\"150\"><\/a><\/td>\n<td style=\"width: 20%; text-align: center;\"><a href=\"\/wp-content\/uploads\/2017\/02\/pavimax-400-f3.jpg\"><img loading=\"lazy\" decoding=\"async\" class=\"alignnone wp-image-13894 size-thumbnail\" src=\"\/wp-content\/uploads\/2017\/02\/pavimax-400-f3-150x150.jpg\" width=\"150\" height=\"150\"><\/a><\/td>\n<td style=\"width: 20%; text-align: center;\"><a href=\"\/wp-content\/uploads\/2017\/02\/pavimax-400-f4.jpg\"><img loading=\"lazy\" decoding=\"async\" class=\"alignnone wp-image-13894 size-thumbnail\" src=\"\/wp-content\/uploads\/2017\/02\/pavimax-400-f4-150x150.jpg\" width=\"150\" height=\"150\"><\/a><\/td>\n<td style=\"width: 20%; text-align: center;\"><a href=\"\/wp-content\/uploads\/2017\/02\/pavimax-400-f5.jpg\"><img loading=\"lazy\" decoding=\"async\" class=\"alignnone wp-image-13894 size-thumbnail\" src=\"\/wp-content\/uploads\/2017\/02\/pavimax-400-f5-150x150.jpg\" width=\"150\" height=\"150\"><\/a><\/td>\n<\/tr>\n<\/tbody>\n<\/table>\n<p class=\"p1\">&nbsp;<\/p>\n<table class=\"tabellatecnica\" style=\"width: 100%;\" border=\"0\" cellspacing=\"0\" cellpadding=\"0\">\n<thead>\n<tr>\n<td class=\"testata\" colspan=\"2\">TECHNISCHE EIGENSCHAFTEN<\/td>\n<\/tr>\n<\/thead>\n<tbody>\n<tr>\n<td class=\"coltesto1\" style=\"width: 50%;\">Diamanttrennscheibe mit 400 mm Durchmesser \u2013 Bohrung: 25,4 mm<\/td>\n<td class=\"coltesto2\" style=\"width: 50%;\">33-Liter-Wassertank<\/td>\n<\/tr>\n<tr>\n<td class=\"coltesto1\" style=\"width: 50%;\">Schnitttiefe 14,5 cm (bei Diamanttrennscheibe mit 400 mm)<\/td>\n<td class=\"coltesto2\" style=\"width: 50%;\">Abmessungen (LxBxH): 112x55x106 cm<\/td>\n<\/tr>\n<tr>\n<td class=\"coltesto1\" style=\"width: 50%;\">Honda-Motor GX270 7 kW &#8211; 9 PS mit Seilzugstarter<\/td>\n<td class=\"coltesto2\" style=\"width: 50%;\">Gewicht 103&nbsp;Kg<\/td>\n<\/tr>\n<tr>\n<td class=\"coltesto2\" style=\"width: 50%;\">Motordrehzahl 3600 U\/min<\/td>\n<td class=\"coltesto2\" style=\"width: 50%;\">Pavimax 400 verf\u00fcgt \u00fcber ein Z\u00e4hlwerk<\/td>\n<\/tr>\n<\/tbody>\n<\/table>\n<p>&nbsp;[\/vc_column_text][\/vc_column][\/vc_row]<\/p>\n<\/div>","protected":false},"excerpt":{"rendered":"<p>[vc_row][vc_column text_align=&#8220;center&#8220; width=&#8220;1\/4&#8243;][vc_column_text] made in EU&nbsp; -Zertifikat CE[\/vc_column_text][vc_column_text css_animation=&#8220;slideInDown&#8220; el_class=&#8220;hidebuybutton&#8220;][\/vc_column_text][\/vc_column][vc_column width=&#8220;3\/4&#8243;][vc_column_text]Die Pavimax 400 l\u00e4ut mit Diamanttrennscheiben mit 400 mm und einem Honda-Motor GX-270 mit Seilzugstarter. Dank der Schnitttiefe von 14,5 cm eignet sie sich ideal f\u00fcr den Hoch- und Stra\u00dfenbau und das Gesamtgewicht ist sehr gering. Durch ihren kurzen Radstand und dank des \u00fcber dem Motor montierten Wassertanks ist diese robuste Maschine sehr stabil und gut ausbalanciert. Diese Maschine wird serienm\u00e4\u00dfig mit einem Z\u00e4hlwerk ausgeliefert, das f\u00fcr Maschinenvermieter und f\u00fcr die Einhaltung der Wartungsintervalle sehr n\u00fctzlich ist. Sie wird mit einer Diamanttrennscheibe mit 400 mm Durchmesser geliefert, die der Kunde anl\u00e4sslich der Bestellung ausw\u00e4hlen kann. &nbsp; TECHNISCHE EIGENSCHAFTEN Diamanttrennscheibe mit 400 mm Durchmesser \u2013 Bohrung: 25,4 mm 33-Liter-Wassertank Schnitttiefe 14,5 cm (bei Diamanttrennscheibe mit 400 mm) Abmessungen (LxBxH): 112x55x106 cm Honda-Motor GX270 7 kW &#8211; 9 PS mit Seilzugstarter Gewicht 103&nbsp;Kg Motordrehzahl 3600 U\/min Pavimax 400 verf\u00fcgt \u00fcber ein Z\u00e4hlwerk &nbsp;[\/vc_column_text][\/vc_column][\/vc_row]<\/p>\n","protected":false},"author":29,"featured_media":13902,"parent":12476,"menu_order":10,"comment_status":"closed","ping_status":"closed","template":"","meta":{"ngg_post_thumbnail":0,"_joinchat":[],"footnotes":""},"class_list":["post-8348","page","type-page","status-publish","has-post-thumbnail","hentry"],"yoast_head":"<!-- This site is optimized with the Yoast SEO plugin v25.5 - https:\/\/yoast.com\/wordpress\/plugins\/seo\/ -->\n<title>Pavimax 400 - Maxima SpA<\/title>\n<meta name=\"robots\" content=\"index, follow, max-snippet:-1, max-image-preview:large, max-video-preview:-1\" \/>\n<link rel=\"canonical\" href=\"https:\/\/www.maxima-dia.com\/de\/diamant-trennmaschine\/pavimax-400\/\" \/>\n<meta property=\"og:locale\" content=\"de_DE\" \/>\n<meta property=\"og:type\" content=\"article\" \/>\n<meta property=\"og:title\" content=\"Pavimax 400 - Maxima SpA\" \/>\n<meta property=\"og:description\" content=\"[vc_row][vc_column text_align=&#8220;center&#8220; width=&#8220;1\/4&#8243;][vc_column_text] made in EU&nbsp; -Zertifikat CE[\/vc_column_text][vc_column_text css_animation=&#8220;slideInDown&#8220; el_class=&#8220;hidebuybutton&#8220;][\/vc_column_text][\/vc_column][vc_column width=&#8220;3\/4&#8243;][vc_column_text]Die Pavimax 400 l\u00e4ut mit Diamanttrennscheiben mit 400 mm und einem Honda-Motor GX-270 mit Seilzugstarter. Dank der Schnitttiefe von 14,5 cm eignet sie sich ideal f\u00fcr den Hoch- und Stra\u00dfenbau und das Gesamtgewicht ist sehr gering. Durch ihren kurzen Radstand und dank des \u00fcber dem Motor montierten Wassertanks ist diese robuste Maschine sehr stabil und gut ausbalanciert. Diese Maschine wird serienm\u00e4\u00dfig mit einem Z\u00e4hlwerk ausgeliefert, das f\u00fcr Maschinenvermieter und f\u00fcr die Einhaltung der Wartungsintervalle sehr n\u00fctzlich ist. Sie wird mit einer Diamanttrennscheibe mit 400 mm Durchmesser geliefert, die der Kunde anl\u00e4sslich der Bestellung ausw\u00e4hlen kann. &nbsp; TECHNISCHE EIGENSCHAFTEN Diamanttrennscheibe mit 400 mm Durchmesser \u2013 Bohrung: 25,4 mm 33-Liter-Wassertank Schnitttiefe 14,5 cm (bei Diamanttrennscheibe mit 400 mm) Abmessungen (LxBxH): 112x55x106 cm Honda-Motor GX270 7 kW &#8211; 9 PS mit Seilzugstarter Gewicht 103&nbsp;Kg Motordrehzahl 3600 U\/min Pavimax 400 verf\u00fcgt \u00fcber ein Z\u00e4hlwerk &nbsp;[\/vc_column_text][\/vc_column][\/vc_row]\" \/>\n<meta property=\"og:url\" content=\"https:\/\/www.maxima-dia.com\/de\/diamant-trennmaschine\/pavimax-400\/\" \/>\n<meta property=\"og:site_name\" content=\"Maxima SpA\" \/>\n<meta property=\"article:publisher\" content=\"https:\/\/www.facebook.com\/Maxima-spa-106098566139597\" \/>\n<meta property=\"article:modified_time\" content=\"2021-07-12T09:05:14+00:00\" \/>\n<meta property=\"og:image\" content=\"https:\/\/www.maxima-dia.com\/wp-content\/uploads\/2017\/02\/pavimax-400.jpg\" \/>\n\t<meta property=\"og:image:width\" content=\"1200\" \/>\n\t<meta property=\"og:image:height\" content=\"1200\" \/>\n\t<meta property=\"og:image:type\" content=\"image\/jpeg\" \/>\n<meta name=\"twitter:card\" content=\"summary_large_image\" \/>\n<meta name=\"twitter:site\" content=\"@Maximadia\" \/>\n<meta name=\"twitter:label1\" content=\"Gesch\u00e4tzte Lesezeit\" \/>\n\t<meta name=\"twitter:data1\" content=\"3\u00a0Minuten\" \/>\n<script type=\"application\/ld+json\" class=\"yoast-schema-graph\">{\"@context\":\"https:\/\/schema.org\",\"@graph\":[{\"@type\":\"WebPage\",\"@id\":\"https:\/\/www.maxima-dia.com\/de\/diamant-trennmaschine\/pavimax-400\/\",\"url\":\"https:\/\/www.maxima-dia.com\/de\/diamant-trennmaschine\/pavimax-400\/\",\"name\":\"Pavimax 400 - Maxima SpA\",\"isPartOf\":{\"@id\":\"https:\/\/www.maxima-dia.com\/de\/#website\"},\"primaryImageOfPage\":{\"@id\":\"https:\/\/www.maxima-dia.com\/de\/diamant-trennmaschine\/pavimax-400\/#primaryimage\"},\"image\":{\"@id\":\"https:\/\/www.maxima-dia.com\/de\/diamant-trennmaschine\/pavimax-400\/#primaryimage\"},\"thumbnailUrl\":\"https:\/\/www.maxima-dia.com\/wp-content\/uploads\/2017\/02\/pavimax-400.jpg\",\"datePublished\":\"2014-05-15T12:12:13+00:00\",\"dateModified\":\"2021-07-12T09:05:14+00:00\",\"breadcrumb\":{\"@id\":\"https:\/\/www.maxima-dia.com\/de\/diamant-trennmaschine\/pavimax-400\/#breadcrumb\"},\"inLanguage\":\"de\",\"potentialAction\":[{\"@type\":\"ReadAction\",\"target\":[\"https:\/\/www.maxima-dia.com\/de\/diamant-trennmaschine\/pavimax-400\/\"]}]},{\"@type\":\"ImageObject\",\"inLanguage\":\"de\",\"@id\":\"https:\/\/www.maxima-dia.com\/de\/diamant-trennmaschine\/pavimax-400\/#primaryimage\",\"url\":\"https:\/\/www.maxima-dia.com\/wp-content\/uploads\/2017\/02\/pavimax-400.jpg\",\"contentUrl\":\"https:\/\/www.maxima-dia.com\/wp-content\/uploads\/2017\/02\/pavimax-400.jpg\",\"width\":1200,\"height\":1200,\"caption\":\"PAVIMAX 400\"},{\"@type\":\"BreadcrumbList\",\"@id\":\"https:\/\/www.maxima-dia.com\/de\/diamant-trennmaschine\/pavimax-400\/#breadcrumb\",\"itemListElement\":[{\"@type\":\"ListItem\",\"position\":1,\"name\":\"Home\",\"item\":\"https:\/\/www.maxima-dia.com\/de\/\"},{\"@type\":\"ListItem\",\"position\":2,\"name\":\"Diamant-Trennmaschine\",\"item\":\"https:\/\/www.maxima-dia.com\/de\/diamant-trennmaschine\/\"},{\"@type\":\"ListItem\",\"position\":3,\"name\":\"Pavimax 400\"}]},{\"@type\":\"WebSite\",\"@id\":\"https:\/\/www.maxima-dia.com\/de\/#website\",\"url\":\"https:\/\/www.maxima-dia.com\/de\/\",\"name\":\"Maxima SpA\",\"description\":\"Only for the real professionals\",\"potentialAction\":[{\"@type\":\"SearchAction\",\"target\":{\"@type\":\"EntryPoint\",\"urlTemplate\":\"https:\/\/www.maxima-dia.com\/de\/?s={search_term_string}\"},\"query-input\":{\"@type\":\"PropertyValueSpecification\",\"valueRequired\":true,\"valueName\":\"search_term_string\"}}],\"inLanguage\":\"de\"}]}<\/script>\n<!-- \/ Yoast SEO plugin. -->","yoast_head_json":{"title":"Pavimax 400 - Maxima SpA","robots":{"index":"index","follow":"follow","max-snippet":"max-snippet:-1","max-image-preview":"max-image-preview:large","max-video-preview":"max-video-preview:-1"},"canonical":"https:\/\/www.maxima-dia.com\/de\/diamant-trennmaschine\/pavimax-400\/","og_locale":"de_DE","og_type":"article","og_title":"Pavimax 400 - Maxima SpA","og_description":"[vc_row][vc_column text_align=&#8220;center&#8220; width=&#8220;1\/4&#8243;][vc_column_text] made in EU&nbsp; -Zertifikat CE[\/vc_column_text][vc_column_text css_animation=&#8220;slideInDown&#8220; el_class=&#8220;hidebuybutton&#8220;][\/vc_column_text][\/vc_column][vc_column width=&#8220;3\/4&#8243;][vc_column_text]Die Pavimax 400 l\u00e4ut mit Diamanttrennscheiben mit 400 mm und einem Honda-Motor GX-270 mit Seilzugstarter. Dank der Schnitttiefe von 14,5 cm eignet sie sich ideal f\u00fcr den Hoch- und Stra\u00dfenbau und das Gesamtgewicht ist sehr gering. Durch ihren kurzen Radstand und dank des \u00fcber dem Motor montierten Wassertanks ist diese robuste Maschine sehr stabil und gut ausbalanciert. Diese Maschine wird serienm\u00e4\u00dfig mit einem Z\u00e4hlwerk ausgeliefert, das f\u00fcr Maschinenvermieter und f\u00fcr die Einhaltung der Wartungsintervalle sehr n\u00fctzlich ist. Sie wird mit einer Diamanttrennscheibe mit 400 mm Durchmesser geliefert, die der Kunde anl\u00e4sslich der Bestellung ausw\u00e4hlen kann. &nbsp; TECHNISCHE EIGENSCHAFTEN Diamanttrennscheibe mit 400 mm Durchmesser \u2013 Bohrung: 25,4 mm 33-Liter-Wassertank Schnitttiefe 14,5 cm (bei Diamanttrennscheibe mit 400 mm) Abmessungen (LxBxH): 112x55x106 cm Honda-Motor GX270 7 kW &#8211; 9 PS mit Seilzugstarter Gewicht 103&nbsp;Kg Motordrehzahl 3600 U\/min Pavimax 400 verf\u00fcgt \u00fcber ein Z\u00e4hlwerk &nbsp;[\/vc_column_text][\/vc_column][\/vc_row]","og_url":"https:\/\/www.maxima-dia.com\/de\/diamant-trennmaschine\/pavimax-400\/","og_site_name":"Maxima SpA","article_publisher":"https:\/\/www.facebook.com\/Maxima-spa-106098566139597","article_modified_time":"2021-07-12T09:05:14+00:00","og_image":[{"width":1200,"height":1200,"url":"https:\/\/www.maxima-dia.com\/wp-content\/uploads\/2017\/02\/pavimax-400.jpg","type":"image\/jpeg"}],"twitter_card":"summary_large_image","twitter_site":"@Maximadia","twitter_misc":{"Gesch\u00e4tzte Lesezeit":"3\u00a0Minuten"},"schema":{"@context":"https:\/\/schema.org","@graph":[{"@type":"WebPage","@id":"https:\/\/www.maxima-dia.com\/de\/diamant-trennmaschine\/pavimax-400\/","url":"https:\/\/www.maxima-dia.com\/de\/diamant-trennmaschine\/pavimax-400\/","name":"Pavimax 400 - Maxima SpA","isPartOf":{"@id":"https:\/\/www.maxima-dia.com\/de\/#website"},"primaryImageOfPage":{"@id":"https:\/\/www.maxima-dia.com\/de\/diamant-trennmaschine\/pavimax-400\/#primaryimage"},"image":{"@id":"https:\/\/www.maxima-dia.com\/de\/diamant-trennmaschine\/pavimax-400\/#primaryimage"},"thumbnailUrl":"https:\/\/www.maxima-dia.com\/wp-content\/uploads\/2017\/02\/pavimax-400.jpg","datePublished":"2014-05-15T12:12:13+00:00","dateModified":"2021-07-12T09:05:14+00:00","breadcrumb":{"@id":"https:\/\/www.maxima-dia.com\/de\/diamant-trennmaschine\/pavimax-400\/#breadcrumb"},"inLanguage":"de","potentialAction":[{"@type":"ReadAction","target":["https:\/\/www.maxima-dia.com\/de\/diamant-trennmaschine\/pavimax-400\/"]}]},{"@type":"ImageObject","inLanguage":"de","@id":"https:\/\/www.maxima-dia.com\/de\/diamant-trennmaschine\/pavimax-400\/#primaryimage","url":"https:\/\/www.maxima-dia.com\/wp-content\/uploads\/2017\/02\/pavimax-400.jpg","contentUrl":"https:\/\/www.maxima-dia.com\/wp-content\/uploads\/2017\/02\/pavimax-400.jpg","width":1200,"height":1200,"caption":"PAVIMAX 400"},{"@type":"BreadcrumbList","@id":"https:\/\/www.maxima-dia.com\/de\/diamant-trennmaschine\/pavimax-400\/#breadcrumb","itemListElement":[{"@type":"ListItem","position":1,"name":"Home","item":"https:\/\/www.maxima-dia.com\/de\/"},{"@type":"ListItem","position":2,"name":"Diamant-Trennmaschine","item":"https:\/\/www.maxima-dia.com\/de\/diamant-trennmaschine\/"},{"@type":"ListItem","position":3,"name":"Pavimax 400"}]},{"@type":"WebSite","@id":"https:\/\/www.maxima-dia.com\/de\/#website","url":"https:\/\/www.maxima-dia.com\/de\/","name":"Maxima SpA","description":"Only for the real professionals","potentialAction":[{"@type":"SearchAction","target":{"@type":"EntryPoint","urlTemplate":"https:\/\/www.maxima-dia.com\/de\/?s={search_term_string}"},"query-input":{"@type":"PropertyValueSpecification","valueRequired":true,"valueName":"search_term_string"}}],"inLanguage":"de"}]}},"_links":{"self":[{"href":"https:\/\/www.maxima-dia.com\/de\/wp-json\/wp\/v2\/pages\/8348"}],"collection":[{"href":"https:\/\/www.maxima-dia.com\/de\/wp-json\/wp\/v2\/pages"}],"about":[{"href":"https:\/\/www.maxima-dia.com\/de\/wp-json\/wp\/v2\/types\/page"}],"author":[{"embeddable":true,"href":"https:\/\/www.maxima-dia.com\/de\/wp-json\/wp\/v2\/users\/29"}],"replies":[{"embeddable":true,"href":"https:\/\/www.maxima-dia.com\/de\/wp-json\/wp\/v2\/comments?post=8348"}],"version-history":[{"count":0,"href":"https:\/\/www.maxima-dia.com\/de\/wp-json\/wp\/v2\/pages\/8348\/revisions"}],"up":[{"embeddable":true,"href":"https:\/\/www.maxima-dia.com\/de\/wp-json\/wp\/v2\/pages\/12476"}],"wp:featuredmedia":[{"embeddable":true,"href":"https:\/\/www.maxima-dia.com\/de\/wp-json\/wp\/v2\/media\/13902"}],"wp:attachment":[{"href":"https:\/\/www.maxima-dia.com\/de\/wp-json\/wp\/v2\/media?parent=8348"}],"curies":[{"name":"wp","href":"https:\/\/api.w.org\/{rel}","templated":true}]}}