{"id":8378,"date":"2014-05-15T16:32:00","date_gmt":"2014-05-15T14:32:00","guid":{"rendered":"http:\/\/www.maxima-dia.com\/?post_type=products&#038;p=8378"},"modified":"2022-03-28T11:13:11","modified_gmt":"2022-03-28T09:13:11","slug":"pavimax-500","status":"publish","type":"page","link":"https:\/\/www.maxima-dia.com\/de\/diamant-trennmaschine\/pavimax-500\/","title":{"rendered":"Pavimax 500"},"content":{"rendered":"<div class=\"wpb-content-wrapper\"><p>[vc_row][vc_column text_align=&#8220;center&#8220; width=&#8220;1\/4&#8243;][vc_column_text]<a href=\"\/wp-content\/uploads\/2017\/02\/pavimax-500.jpg\"><img loading=\"lazy\" decoding=\"async\" class=\"alignnone size-thumbnail wp-image-13904\" src=\"\/wp-content\/uploads\/2017\/02\/pavimax-500-150x150.jpg\" alt=\"PAVIMAX 500\" width=\"150\" height=\"150\" srcset=\"https:\/\/www.maxima-dia.com\/wp-content\/uploads\/2017\/02\/pavimax-500-150x150.jpg 150w, https:\/\/www.maxima-dia.com\/wp-content\/uploads\/2017\/02\/pavimax-500-300x300.jpg 300w, https:\/\/www.maxima-dia.com\/wp-content\/uploads\/2017\/02\/pavimax-500-768x768.jpg 768w, https:\/\/www.maxima-dia.com\/wp-content\/uploads\/2017\/02\/pavimax-500-1024x1024.jpg 1024w, https:\/\/www.maxima-dia.com\/wp-content\/uploads\/2017\/02\/pavimax-500-80x80.jpg 80w, https:\/\/www.maxima-dia.com\/wp-content\/uploads\/2017\/02\/pavimax-500-500x500.jpg 500w, https:\/\/www.maxima-dia.com\/wp-content\/uploads\/2017\/02\/pavimax-500-1000x1000.jpg 1000w, https:\/\/www.maxima-dia.com\/wp-content\/uploads\/2017\/02\/pavimax-500.jpg 1200w\" sizes=\"(max-width: 150px) 100vw, 150px\" \/><\/a><\/p>\n<p>made in EU&nbsp;<img loading=\"lazy\" decoding=\"async\" src=\"\/wp-content\/uploads\/2013\/11\/eu.png\" alt=\"eu\" width=\"24\" height=\"16\"> &#8211; Zertifikat&nbsp;<span style=\"font-family: arial,helvetica,sans-serif;\">CE<\/span>[\/vc_column_text][vc_column_text css_animation=&#8220;slideInDown&#8220; el_class=&#8220;hidebuybutton&#8220;]<a href=\"https:\/\/www.storemaxima.com\/de\/diamant-trennmaschine\/65-pavimax-500.html\" target=\"_blank\" rel=\"noopener\"><img loading=\"lazy\" decoding=\"async\" class=\"alignnone\" title=\"Kaufen Auf www.storemaxima.com\" src=\"https:\/\/www.maxima-dia.com\/wp-content\/uploads\/2019\/12\/pulsante-acquista-storemaxima.com-de.svg\" alt=\"Kaufen Auf www.storemaxima.com\" width=\"180\" height=\"80\"><\/a>[\/vc_column_text][\/vc_column][vc_column width=&#8220;3\/4&#8243;][vc_column_text]Pavimax 500 ist der leistungsst\u00e4rkste Fugenschneider der Produktpalette. Durch die Schnitttiefe von max. 19 cm ist der Einsatz dieser Maschine beim Schneiden gro\u00dfer St\u00e4rken von Vorteil. Sie wird mit einem Honda-Motor GX-390 mit Seilzugstarter geliefert. Durch ihren kurzen Radstand und dank des \u00fcber dem Motor montierten Wassertanks ist diese robuste Maschine sehr stabil und gut ausbalanciert. Diese Maschine wird mit einem Z\u00e4hlwerk geliefert, das f\u00fcr Maschienenvermieter und f\u00fcr die regelm\u00e4\u00dfig durchzuf\u00fchrenden Wartungsarbeiten sehr hilfreich ist. Sie wird mit einer Diamanttrennscheibe mit 500 mm Durchmesser geliefert, die der Kunde anl\u00e4sslich der Bestellung ausw\u00e4hlen kann.<\/p>\n<table class=\"tabellafotocarotaggio\" style=\"width: 100%;\">\n<tbody>\n<tr>\n<td style=\"width: 20%; text-align: center;\"><a href=\"\/wp-content\/uploads\/2017\/02\/pavimax-500-f1.jpg\"><img loading=\"lazy\" decoding=\"async\" class=\"alignnone wp-image-13894 size-thumbnail\" src=\"\/wp-content\/uploads\/2017\/02\/pavimax-500-f1-150x150.jpg\" width=\"150\" height=\"150\"><\/a><\/td>\n<td style=\"width: 20%; text-align: center;\"><a href=\"\/wp-content\/uploads\/2017\/02\/pavimax-500-f2.jpg\"><img loading=\"lazy\" decoding=\"async\" class=\"alignnone wp-image-13894 size-thumbnail\" src=\"\/wp-content\/uploads\/2017\/02\/pavimax-500-f2-150x150.jpg\" width=\"150\" height=\"150\"><\/a><\/td>\n<td style=\"width: 20%; text-align: center;\"><a href=\"\/wp-content\/uploads\/2017\/02\/pavimax-500-f3.jpg\"><img loading=\"lazy\" decoding=\"async\" class=\"alignnone wp-image-13894 size-thumbnail\" src=\"\/wp-content\/uploads\/2017\/02\/pavimax-500-f3-150x150.jpg\" width=\"150\" height=\"150\"><\/a><\/td>\n<td style=\"width: 20%; text-align: center;\"><a href=\"\/wp-content\/uploads\/2017\/02\/pavimax-500-f4.jpg\"><img loading=\"lazy\" decoding=\"async\" class=\"alignnone wp-image-13894 size-thumbnail\" src=\"\/wp-content\/uploads\/2017\/02\/pavimax-500-f4-150x150.jpg\" width=\"150\" height=\"150\"><\/a><\/td>\n<td style=\"width: 20%; text-align: center;\"><a href=\"\/wp-content\/uploads\/2017\/02\/pavimax-500-f5.jpg\"><img loading=\"lazy\" decoding=\"async\" class=\"alignnone wp-image-13894 size-thumbnail\" src=\"\/wp-content\/uploads\/2017\/02\/pavimax-500-f5-150x150.jpg\" width=\"150\" height=\"150\"><\/a><\/td>\n<\/tr>\n<\/tbody>\n<\/table>\n<p style=\"text-align: justify;\">&nbsp;<\/p>\n<table class=\"tabellatecnica\" style=\"width: 100%; height: 120px;\" border=\"0\" cellspacing=\"0\" cellpadding=\"0\">\n<thead>\n<tr style=\"height: 24px;\">\n<td class=\"testata\" style=\"width: 100%; height: 24px;\" colspan=\"2\">TECHNISCHE EIGENSCHAFTEN<\/td>\n<\/tr>\n<\/thead>\n<tbody>\n<tr style=\"height: 24px;\">\n<td class=\"coltesto1\" style=\"width: 50%; height: 24px;\">Diamanttrennscheibe mit 500 mm Durchmesser \u2013 Bohrung: 25,4 mm<\/td>\n<td class=\"coltesto2\" style=\"width: 50%; height: 24px;\">Motordrehzahl 3600 U\/min<\/td>\n<\/tr>\n<tr style=\"height: 24px;\">\n<td class=\"coltesto1\" style=\"width: 50%; height: 24px;\">Schnitttiefe 19 cm (bei Diamanttrennscheibe mit 500 mm)<\/td>\n<td class=\"coltesto2\" style=\"width: 50%; height: 24px;\">33-Liter-Wassertank<\/td>\n<\/tr>\n<tr style=\"height: 24px;\">\n<td class=\"coltesto1\" style=\"width: 50%; height: 24px;\">Honda-Motor GX390 8.7 kW &#8211; 11.7 HP mit Seilzugstarter<\/td>\n<td class=\"coltesto2\" style=\"width: 50%; height: 24px;\">Abmessungen (LxBxH) 112&nbsp;x 55&nbsp;x 106&nbsp;cm<\/td>\n<\/tr>\n<tr style=\"height: 24px;\">\n<td class=\"coltesto1\">Pavimax 500 verf\u00fcgt \u00fcber ein Z\u00e4hlwerk<\/td>\n<td class=\"coltesto2\" style=\"width: 50%; height: 24px;\">Gewicht 116&nbsp;Kg<\/td>\n<\/tr>\n<\/tbody>\n<\/table>\n<p>[\/vc_column_text][\/vc_column][\/vc_row]<\/p>\n<\/div>","protected":false},"excerpt":{"rendered":"<p>[vc_row][vc_column text_align=&#8220;center&#8220; width=&#8220;1\/4&#8243;][vc_column_text] made in EU&nbsp; &#8211; Zertifikat&nbsp;CE[\/vc_column_text][vc_column_text css_animation=&#8220;slideInDown&#8220; el_class=&#8220;hidebuybutton&#8220;][\/vc_column_text][\/vc_column][vc_column width=&#8220;3\/4&#8243;][vc_column_text]Pavimax 500 ist der leistungsst\u00e4rkste Fugenschneider der Produktpalette. Durch die Schnitttiefe von max. 19 cm ist der Einsatz dieser Maschine beim Schneiden gro\u00dfer St\u00e4rken von Vorteil. Sie wird mit einem Honda-Motor GX-390 mit Seilzugstarter geliefert. Durch ihren kurzen Radstand und dank des \u00fcber dem Motor montierten Wassertanks ist diese robuste Maschine sehr stabil und gut ausbalanciert. Diese Maschine wird mit einem Z\u00e4hlwerk geliefert, das f\u00fcr Maschienenvermieter und f\u00fcr die regelm\u00e4\u00dfig durchzuf\u00fchrenden Wartungsarbeiten sehr hilfreich ist. Sie wird mit einer Diamanttrennscheibe mit 500 mm Durchmesser geliefert, die der Kunde anl\u00e4sslich der Bestellung ausw\u00e4hlen kann. &nbsp; TECHNISCHE EIGENSCHAFTEN Diamanttrennscheibe mit 500 mm Durchmesser \u2013 Bohrung: 25,4 mm Motordrehzahl 3600 U\/min Schnitttiefe 19 cm (bei Diamanttrennscheibe mit 500 mm) 33-Liter-Wassertank Honda-Motor GX390 8.7 kW &#8211; 11.7 HP mit Seilzugstarter Abmessungen (LxBxH) 112&nbsp;x 55&nbsp;x 106&nbsp;cm Pavimax 500 verf\u00fcgt \u00fcber ein Z\u00e4hlwerk Gewicht 116&nbsp;Kg [\/vc_column_text][\/vc_column][\/vc_row]<\/p>\n","protected":false},"author":29,"featured_media":13904,"parent":12476,"menu_order":12,"comment_status":"closed","ping_status":"closed","template":"","meta":{"ngg_post_thumbnail":0,"_joinchat":[],"footnotes":""},"class_list":["post-8378","page","type-page","status-publish","has-post-thumbnail","hentry"],"yoast_head":"<!-- This site is optimized with the Yoast SEO plugin v25.5 - https:\/\/yoast.com\/wordpress\/plugins\/seo\/ -->\n<title>Pavimax 500 - Maxima SpA<\/title>\n<meta name=\"robots\" content=\"index, follow, max-snippet:-1, max-image-preview:large, max-video-preview:-1\" \/>\n<link rel=\"canonical\" href=\"https:\/\/www.maxima-dia.com\/de\/diamant-trennmaschine\/pavimax-500\/\" \/>\n<meta property=\"og:locale\" content=\"de_DE\" \/>\n<meta property=\"og:type\" content=\"article\" \/>\n<meta property=\"og:title\" content=\"Pavimax 500 - Maxima SpA\" \/>\n<meta property=\"og:description\" content=\"[vc_row][vc_column text_align=&#8220;center&#8220; width=&#8220;1\/4&#8243;][vc_column_text] made in EU&nbsp; &#8211; Zertifikat&nbsp;CE[\/vc_column_text][vc_column_text css_animation=&#8220;slideInDown&#8220; el_class=&#8220;hidebuybutton&#8220;][\/vc_column_text][\/vc_column][vc_column width=&#8220;3\/4&#8243;][vc_column_text]Pavimax 500 ist der leistungsst\u00e4rkste Fugenschneider der Produktpalette. Durch die Schnitttiefe von max. 19 cm ist der Einsatz dieser Maschine beim Schneiden gro\u00dfer St\u00e4rken von Vorteil. Sie wird mit einem Honda-Motor GX-390 mit Seilzugstarter geliefert. Durch ihren kurzen Radstand und dank des \u00fcber dem Motor montierten Wassertanks ist diese robuste Maschine sehr stabil und gut ausbalanciert. Diese Maschine wird mit einem Z\u00e4hlwerk geliefert, das f\u00fcr Maschienenvermieter und f\u00fcr die regelm\u00e4\u00dfig durchzuf\u00fchrenden Wartungsarbeiten sehr hilfreich ist. Sie wird mit einer Diamanttrennscheibe mit 500 mm Durchmesser geliefert, die der Kunde anl\u00e4sslich der Bestellung ausw\u00e4hlen kann. &nbsp; TECHNISCHE EIGENSCHAFTEN Diamanttrennscheibe mit 500 mm Durchmesser \u2013 Bohrung: 25,4 mm Motordrehzahl 3600 U\/min Schnitttiefe 19 cm (bei Diamanttrennscheibe mit 500 mm) 33-Liter-Wassertank Honda-Motor GX390 8.7 kW &#8211; 11.7 HP mit Seilzugstarter Abmessungen (LxBxH) 112&nbsp;x 55&nbsp;x 106&nbsp;cm Pavimax 500 verf\u00fcgt \u00fcber ein Z\u00e4hlwerk Gewicht 116&nbsp;Kg [\/vc_column_text][\/vc_column][\/vc_row]\" \/>\n<meta property=\"og:url\" content=\"https:\/\/www.maxima-dia.com\/de\/diamant-trennmaschine\/pavimax-500\/\" \/>\n<meta property=\"og:site_name\" content=\"Maxima SpA\" \/>\n<meta property=\"article:publisher\" content=\"https:\/\/www.facebook.com\/Maxima-spa-106098566139597\" \/>\n<meta property=\"article:modified_time\" content=\"2022-03-28T09:13:11+00:00\" \/>\n<meta property=\"og:image\" content=\"https:\/\/www.maxima-dia.com\/wp-content\/uploads\/2017\/02\/pavimax-500.jpg\" \/>\n\t<meta property=\"og:image:width\" content=\"1200\" \/>\n\t<meta property=\"og:image:height\" content=\"1200\" \/>\n\t<meta property=\"og:image:type\" content=\"image\/jpeg\" \/>\n<meta name=\"twitter:card\" content=\"summary_large_image\" \/>\n<meta name=\"twitter:site\" content=\"@Maximadia\" \/>\n<meta name=\"twitter:label1\" content=\"Gesch\u00e4tzte Lesezeit\" \/>\n\t<meta name=\"twitter:data1\" content=\"3\u00a0Minuten\" \/>\n<script type=\"application\/ld+json\" class=\"yoast-schema-graph\">{\"@context\":\"https:\/\/schema.org\",\"@graph\":[{\"@type\":\"WebPage\",\"@id\":\"https:\/\/www.maxima-dia.com\/de\/diamant-trennmaschine\/pavimax-500\/\",\"url\":\"https:\/\/www.maxima-dia.com\/de\/diamant-trennmaschine\/pavimax-500\/\",\"name\":\"Pavimax 500 - Maxima SpA\",\"isPartOf\":{\"@id\":\"https:\/\/www.maxima-dia.com\/de\/#website\"},\"primaryImageOfPage\":{\"@id\":\"https:\/\/www.maxima-dia.com\/de\/diamant-trennmaschine\/pavimax-500\/#primaryimage\"},\"image\":{\"@id\":\"https:\/\/www.maxima-dia.com\/de\/diamant-trennmaschine\/pavimax-500\/#primaryimage\"},\"thumbnailUrl\":\"https:\/\/www.maxima-dia.com\/wp-content\/uploads\/2017\/02\/pavimax-500.jpg\",\"datePublished\":\"2014-05-15T14:32:00+00:00\",\"dateModified\":\"2022-03-28T09:13:11+00:00\",\"breadcrumb\":{\"@id\":\"https:\/\/www.maxima-dia.com\/de\/diamant-trennmaschine\/pavimax-500\/#breadcrumb\"},\"inLanguage\":\"de\",\"potentialAction\":[{\"@type\":\"ReadAction\",\"target\":[\"https:\/\/www.maxima-dia.com\/de\/diamant-trennmaschine\/pavimax-500\/\"]}]},{\"@type\":\"ImageObject\",\"inLanguage\":\"de\",\"@id\":\"https:\/\/www.maxima-dia.com\/de\/diamant-trennmaschine\/pavimax-500\/#primaryimage\",\"url\":\"https:\/\/www.maxima-dia.com\/wp-content\/uploads\/2017\/02\/pavimax-500.jpg\",\"contentUrl\":\"https:\/\/www.maxima-dia.com\/wp-content\/uploads\/2017\/02\/pavimax-500.jpg\",\"width\":1200,\"height\":1200,\"caption\":\"PAVIMAX 500\"},{\"@type\":\"BreadcrumbList\",\"@id\":\"https:\/\/www.maxima-dia.com\/de\/diamant-trennmaschine\/pavimax-500\/#breadcrumb\",\"itemListElement\":[{\"@type\":\"ListItem\",\"position\":1,\"name\":\"Home\",\"item\":\"https:\/\/www.maxima-dia.com\/de\/\"},{\"@type\":\"ListItem\",\"position\":2,\"name\":\"Diamant-Trennmaschine\",\"item\":\"https:\/\/www.maxima-dia.com\/de\/diamant-trennmaschine\/\"},{\"@type\":\"ListItem\",\"position\":3,\"name\":\"Pavimax 500\"}]},{\"@type\":\"WebSite\",\"@id\":\"https:\/\/www.maxima-dia.com\/de\/#website\",\"url\":\"https:\/\/www.maxima-dia.com\/de\/\",\"name\":\"Maxima SpA\",\"description\":\"Only for the real professionals\",\"potentialAction\":[{\"@type\":\"SearchAction\",\"target\":{\"@type\":\"EntryPoint\",\"urlTemplate\":\"https:\/\/www.maxima-dia.com\/de\/?s={search_term_string}\"},\"query-input\":{\"@type\":\"PropertyValueSpecification\",\"valueRequired\":true,\"valueName\":\"search_term_string\"}}],\"inLanguage\":\"de\"}]}<\/script>\n<!-- \/ Yoast SEO plugin. -->","yoast_head_json":{"title":"Pavimax 500 - Maxima SpA","robots":{"index":"index","follow":"follow","max-snippet":"max-snippet:-1","max-image-preview":"max-image-preview:large","max-video-preview":"max-video-preview:-1"},"canonical":"https:\/\/www.maxima-dia.com\/de\/diamant-trennmaschine\/pavimax-500\/","og_locale":"de_DE","og_type":"article","og_title":"Pavimax 500 - Maxima SpA","og_description":"[vc_row][vc_column text_align=&#8220;center&#8220; width=&#8220;1\/4&#8243;][vc_column_text] made in EU&nbsp; &#8211; Zertifikat&nbsp;CE[\/vc_column_text][vc_column_text css_animation=&#8220;slideInDown&#8220; el_class=&#8220;hidebuybutton&#8220;][\/vc_column_text][\/vc_column][vc_column width=&#8220;3\/4&#8243;][vc_column_text]Pavimax 500 ist der leistungsst\u00e4rkste Fugenschneider der Produktpalette. Durch die Schnitttiefe von max. 19 cm ist der Einsatz dieser Maschine beim Schneiden gro\u00dfer St\u00e4rken von Vorteil. Sie wird mit einem Honda-Motor GX-390 mit Seilzugstarter geliefert. Durch ihren kurzen Radstand und dank des \u00fcber dem Motor montierten Wassertanks ist diese robuste Maschine sehr stabil und gut ausbalanciert. Diese Maschine wird mit einem Z\u00e4hlwerk geliefert, das f\u00fcr Maschienenvermieter und f\u00fcr die regelm\u00e4\u00dfig durchzuf\u00fchrenden Wartungsarbeiten sehr hilfreich ist. Sie wird mit einer Diamanttrennscheibe mit 500 mm Durchmesser geliefert, die der Kunde anl\u00e4sslich der Bestellung ausw\u00e4hlen kann. &nbsp; TECHNISCHE EIGENSCHAFTEN Diamanttrennscheibe mit 500 mm Durchmesser \u2013 Bohrung: 25,4 mm Motordrehzahl 3600 U\/min Schnitttiefe 19 cm (bei Diamanttrennscheibe mit 500 mm) 33-Liter-Wassertank Honda-Motor GX390 8.7 kW &#8211; 11.7 HP mit Seilzugstarter Abmessungen (LxBxH) 112&nbsp;x 55&nbsp;x 106&nbsp;cm Pavimax 500 verf\u00fcgt \u00fcber ein Z\u00e4hlwerk Gewicht 116&nbsp;Kg [\/vc_column_text][\/vc_column][\/vc_row]","og_url":"https:\/\/www.maxima-dia.com\/de\/diamant-trennmaschine\/pavimax-500\/","og_site_name":"Maxima SpA","article_publisher":"https:\/\/www.facebook.com\/Maxima-spa-106098566139597","article_modified_time":"2022-03-28T09:13:11+00:00","og_image":[{"width":1200,"height":1200,"url":"https:\/\/www.maxima-dia.com\/wp-content\/uploads\/2017\/02\/pavimax-500.jpg","type":"image\/jpeg"}],"twitter_card":"summary_large_image","twitter_site":"@Maximadia","twitter_misc":{"Gesch\u00e4tzte Lesezeit":"3\u00a0Minuten"},"schema":{"@context":"https:\/\/schema.org","@graph":[{"@type":"WebPage","@id":"https:\/\/www.maxima-dia.com\/de\/diamant-trennmaschine\/pavimax-500\/","url":"https:\/\/www.maxima-dia.com\/de\/diamant-trennmaschine\/pavimax-500\/","name":"Pavimax 500 - Maxima SpA","isPartOf":{"@id":"https:\/\/www.maxima-dia.com\/de\/#website"},"primaryImageOfPage":{"@id":"https:\/\/www.maxima-dia.com\/de\/diamant-trennmaschine\/pavimax-500\/#primaryimage"},"image":{"@id":"https:\/\/www.maxima-dia.com\/de\/diamant-trennmaschine\/pavimax-500\/#primaryimage"},"thumbnailUrl":"https:\/\/www.maxima-dia.com\/wp-content\/uploads\/2017\/02\/pavimax-500.jpg","datePublished":"2014-05-15T14:32:00+00:00","dateModified":"2022-03-28T09:13:11+00:00","breadcrumb":{"@id":"https:\/\/www.maxima-dia.com\/de\/diamant-trennmaschine\/pavimax-500\/#breadcrumb"},"inLanguage":"de","potentialAction":[{"@type":"ReadAction","target":["https:\/\/www.maxima-dia.com\/de\/diamant-trennmaschine\/pavimax-500\/"]}]},{"@type":"ImageObject","inLanguage":"de","@id":"https:\/\/www.maxima-dia.com\/de\/diamant-trennmaschine\/pavimax-500\/#primaryimage","url":"https:\/\/www.maxima-dia.com\/wp-content\/uploads\/2017\/02\/pavimax-500.jpg","contentUrl":"https:\/\/www.maxima-dia.com\/wp-content\/uploads\/2017\/02\/pavimax-500.jpg","width":1200,"height":1200,"caption":"PAVIMAX 500"},{"@type":"BreadcrumbList","@id":"https:\/\/www.maxima-dia.com\/de\/diamant-trennmaschine\/pavimax-500\/#breadcrumb","itemListElement":[{"@type":"ListItem","position":1,"name":"Home","item":"https:\/\/www.maxima-dia.com\/de\/"},{"@type":"ListItem","position":2,"name":"Diamant-Trennmaschine","item":"https:\/\/www.maxima-dia.com\/de\/diamant-trennmaschine\/"},{"@type":"ListItem","position":3,"name":"Pavimax 500"}]},{"@type":"WebSite","@id":"https:\/\/www.maxima-dia.com\/de\/#website","url":"https:\/\/www.maxima-dia.com\/de\/","name":"Maxima SpA","description":"Only for the real professionals","potentialAction":[{"@type":"SearchAction","target":{"@type":"EntryPoint","urlTemplate":"https:\/\/www.maxima-dia.com\/de\/?s={search_term_string}"},"query-input":{"@type":"PropertyValueSpecification","valueRequired":true,"valueName":"search_term_string"}}],"inLanguage":"de"}]}},"_links":{"self":[{"href":"https:\/\/www.maxima-dia.com\/de\/wp-json\/wp\/v2\/pages\/8378"}],"collection":[{"href":"https:\/\/www.maxima-dia.com\/de\/wp-json\/wp\/v2\/pages"}],"about":[{"href":"https:\/\/www.maxima-dia.com\/de\/wp-json\/wp\/v2\/types\/page"}],"author":[{"embeddable":true,"href":"https:\/\/www.maxima-dia.com\/de\/wp-json\/wp\/v2\/users\/29"}],"replies":[{"embeddable":true,"href":"https:\/\/www.maxima-dia.com\/de\/wp-json\/wp\/v2\/comments?post=8378"}],"version-history":[{"count":2,"href":"https:\/\/www.maxima-dia.com\/de\/wp-json\/wp\/v2\/pages\/8378\/revisions"}],"predecessor-version":[{"id":34530,"href":"https:\/\/www.maxima-dia.com\/de\/wp-json\/wp\/v2\/pages\/8378\/revisions\/34530"}],"up":[{"embeddable":true,"href":"https:\/\/www.maxima-dia.com\/de\/wp-json\/wp\/v2\/pages\/12476"}],"wp:featuredmedia":[{"embeddable":true,"href":"https:\/\/www.maxima-dia.com\/de\/wp-json\/wp\/v2\/media\/13904"}],"wp:attachment":[{"href":"https:\/\/www.maxima-dia.com\/de\/wp-json\/wp\/v2\/media?parent=8378"}],"curies":[{"name":"wp","href":"https:\/\/api.w.org\/{rel}","templated":true}]}}