{"id":8392,"date":"2014-05-15T17:48:53","date_gmt":"2014-05-15T15:48:53","guid":{"rendered":"http:\/\/www.maxima-dia.com\/?post_type=products&#038;p=8392"},"modified":"2021-12-20T11:56:22","modified_gmt":"2021-12-20T10:56:22","slug":"vibramax-60-12","status":"publish","type":"page","link":"https:\/\/www.maxima-dia.com\/de\/baumaschinen-fuer-die-bodenverdichtung\/vibramax-60-12\/","title":{"rendered":"Vibramax 60\/12"},"content":{"rendered":"<div class=\"wpb-content-wrapper\"><p>[vc_row][vc_column text_align=&#8220;center&#8220; width=&#8220;1\/4&#8243;][vc_column_text]<a href=\"\/wp-content\/uploads\/2017\/02\/vibramax.jpg\"><img loading=\"lazy\" decoding=\"async\" class=\"alignnone size-thumbnail wp-image-13928\" src=\"\/wp-content\/uploads\/2017\/02\/vibramax-150x150.jpg\" alt=\"VIBRAMAX 60\/12\" width=\"150\" height=\"150\" srcset=\"https:\/\/www.maxima-dia.com\/wp-content\/uploads\/2017\/02\/vibramax-150x150.jpg 150w, https:\/\/www.maxima-dia.com\/wp-content\/uploads\/2017\/02\/vibramax-300x300.jpg 300w, https:\/\/www.maxima-dia.com\/wp-content\/uploads\/2017\/02\/vibramax-768x768.jpg 768w, https:\/\/www.maxima-dia.com\/wp-content\/uploads\/2017\/02\/vibramax-1024x1024.jpg 1024w, https:\/\/www.maxima-dia.com\/wp-content\/uploads\/2017\/02\/vibramax-80x80.jpg 80w, https:\/\/www.maxima-dia.com\/wp-content\/uploads\/2017\/02\/vibramax-500x500.jpg 500w, https:\/\/www.maxima-dia.com\/wp-content\/uploads\/2017\/02\/vibramax-1000x1000.jpg 1000w, https:\/\/www.maxima-dia.com\/wp-content\/uploads\/2017\/02\/vibramax.jpg 1200w\" sizes=\"(max-width: 150px) 100vw, 150px\" \/><\/a><\/p>\n<p>made in EU&nbsp;<img loading=\"lazy\" decoding=\"async\" src=\"\/wp-content\/uploads\/2013\/11\/eu.png\" alt=\"eu\" width=\"24\" height=\"16\"> &#8211;&nbsp;Zertifikat&nbsp;<span style=\"font-family: arial,helvetica,sans-serif;\">CE<\/span>[\/vc_column_text][vc_column_text css_animation=&#8220;slideInDown&#8220; el_class=&#8220;hidebuybutton&#8220;]<a href=\"https:\/\/www.storemaxima.com\/de\/verdichten\/66-vibramax-60-11.html\" target=\"_blank\" rel=\"noopener\"><img loading=\"lazy\" decoding=\"async\" class=\"alignnone\" title=\"Kaufen Auf www.storemaxima.com\" src=\"https:\/\/www.maxima-dia.com\/wp-content\/uploads\/2019\/12\/pulsante-acquista-storemaxima.com-de.svg\" alt=\"Kaufen Auf www.storemaxima.com\" width=\"180\" height=\"80\"><\/a>[\/vc_column_text][\/vc_column][vc_column width=&#8220;3\/4&#8243;][vc_column_text]<strong>Vibramax 60\/12<\/strong> wurde in die Pro-duktpalette aufgenommen, um kleine, professionelle Arbeiten ausf\u00fchren zu k\u00f6nnen und einen unkomplizierten Transport und eine einfache Benutzung zu garantieren. Dank der reduzierten Ab-messungen der Platte und des Motors eignet sich dieses Ger\u00e4t optimal f\u00fcr den Einsatz in kleinen H\u00f6fen und G\u00e4rten oder in engen ausgefr\u00e4sten Asphaltstreifen. Der Honda-Motor GX-120 garantiert Leistungsst\u00e4rke und Zuverl\u00e4ssigkeit. Dies Maschine eignet sich auch f\u00fcr den Einsatz auf Steinen, Sand, Kieselsteinen und Pressmaterialien. Diese Maschine wird mit Transportr\u00e4dern und einem Z\u00e4hlwerk geliefert, das f\u00fcr Maschienenvermieter und f\u00fcr die regelm\u00e4\u00dfig durchzuf\u00fchrenden Wartungsarbeiten sehr hilfreich ist. Zur Ausstattung geh\u00f6rt auch ein Hebehaken und eine Sto\u00dfstange. Die Basis der Platte ist aus sehr widerstandsf\u00e4higem Stahl und beinhaltet eine sechsj\u00e4hrige Garantie.<\/p>\n<table class=\"tabellafotocarotaggio\" style=\"width: 100%;\">\n<tbody>\n<tr>\n<td style=\"width: 50%; text-align: center;\"><a href=\"\/wp-content\/uploads\/2017\/02\/vibramax-f1.jpg\"><img loading=\"lazy\" decoding=\"async\" class=\"alignnone wp-image-13926 size-thumbnail\" src=\"\/wp-content\/uploads\/2017\/02\/vibramax-f1-150x150.jpg\" width=\"150\" height=\"150\" srcset=\"https:\/\/www.maxima-dia.com\/wp-content\/uploads\/2017\/02\/vibramax-f1-150x150.jpg 150w, https:\/\/www.maxima-dia.com\/wp-content\/uploads\/2017\/02\/vibramax-f1-80x80.jpg 80w, https:\/\/www.maxima-dia.com\/wp-content\/uploads\/2017\/02\/vibramax-f1-500x500.jpg 500w\" sizes=\"(max-width: 150px) 100vw, 150px\" \/><\/a><\/td>\n<td style=\"width: 50%; text-align: center;\"><a href=\"\/wp-content\/uploads\/2017\/02\/vibramax-f2.jpg\"><img loading=\"lazy\" decoding=\"async\" class=\"alignnone wp-image-13894 size-thumbnail\" src=\"\/wp-content\/uploads\/2017\/02\/vibramax-f2-150x150.jpg\" width=\"150\" height=\"150\"><\/a><\/td>\n<\/tr>\n<\/tbody>\n<\/table>\n<p style=\"text-align: justify;\">&nbsp;<\/p>\n<table class=\"tabellatecnica\" style=\"width: 100%;\" border=\"0\" cellspacing=\"0\" cellpadding=\"0\">\n<thead>\n<tr>\n<td class=\"testata\" colspan=\"2\">TECHNISCHE EIGENSCHAFTEN<\/td>\n<\/tr>\n<\/thead>\n<tbody>\n<tr>\n<td class=\"coltesto1\" style=\"width: 50%;\">Zentrifugalkraft 12&nbsp;kN<\/td>\n<td class=\"coltesto2\" style=\"width: 50%;\">Frequenz 92 Hz<\/td>\n<\/tr>\n<tr>\n<td class=\"coltesto1\" style=\"width: 50%;\">Plattenbreite 330&nbsp;mm<\/td>\n<td class=\"coltesto2\" style=\"width: 50%;\">Maximalgeschwindigkeit 30 m\/min<\/td>\n<\/tr>\n<tr>\n<td class=\"coltesto1\" style=\"width: 50%;\">Plattenl\u00e4nge 450&nbsp;mm<\/td>\n<td class=\"coltesto2\" style=\"width: 50%;\">Maximale Neigung&nbsp;40%<\/td>\n<\/tr>\n<tr>\n<td class=\"coltesto2\" style=\"width: 50%;\">Honda-Motor GX120 mit bleifreiem Benzin<\/td>\n<td class=\"coltesto2\" style=\"width: 50%;\">Abmessungen (geschlossen) 710 x 320 x 850&nbsp;mm<\/td>\n<\/tr>\n<tr>\n<td class=\"coltesto2\" style=\"width: 50%;\">Motorleistung 2,6 kW \/ 3,5 PS<\/td>\n<td class=\"coltesto2\" style=\"width: 50%;\">Wassertank inbegriffen<\/td>\n<\/tr>\n<tr>\n<td class=\"coltesto2\" style=\"width: 50%;\">Motordrehzahl 3600 U\/min<\/td>\n<td class=\"coltesto2\" style=\"width: 50%;\">R\u00e4dersatz inbegriffen<\/td>\n<\/tr>\n<tr>\n<td class=\"coltesto2\" style=\"width: 50%;\">Statischer Druck an der Oberfl\u00e4che 0,067 kg\/cm2<\/td>\n<td class=\"coltesto2\" style=\"width: 50%;\">Gewicht 67&nbsp;Kg<\/td>\n<\/tr>\n<\/tbody>\n<\/table>\n<p>&nbsp;[\/vc_column_text][\/vc_column][\/vc_row]<\/p>\n<\/div>","protected":false},"excerpt":{"rendered":"<p>[vc_row][vc_column text_align=&#8220;center&#8220; width=&#8220;1\/4&#8243;][vc_column_text] made in EU&nbsp; &#8211;&nbsp;Zertifikat&nbsp;CE[\/vc_column_text][vc_column_text css_animation=&#8220;slideInDown&#8220; el_class=&#8220;hidebuybutton&#8220;][\/vc_column_text][\/vc_column][vc_column width=&#8220;3\/4&#8243;][vc_column_text]Vibramax 60\/12 wurde in die Pro-duktpalette aufgenommen, um kleine, professionelle Arbeiten ausf\u00fchren zu k\u00f6nnen und einen unkomplizierten Transport und eine einfache Benutzung zu garantieren. Dank der reduzierten Ab-messungen der Platte und des Motors eignet sich dieses Ger\u00e4t optimal f\u00fcr den Einsatz in kleinen H\u00f6fen und G\u00e4rten oder in engen ausgefr\u00e4sten Asphaltstreifen. Der Honda-Motor GX-120 garantiert Leistungsst\u00e4rke und Zuverl\u00e4ssigkeit. Dies Maschine eignet sich auch f\u00fcr den Einsatz auf Steinen, Sand, Kieselsteinen und Pressmaterialien. Diese Maschine wird mit Transportr\u00e4dern und einem Z\u00e4hlwerk geliefert, das f\u00fcr Maschienenvermieter und f\u00fcr die regelm\u00e4\u00dfig durchzuf\u00fchrenden Wartungsarbeiten sehr hilfreich ist. Zur Ausstattung geh\u00f6rt auch ein Hebehaken und eine Sto\u00dfstange. Die Basis der Platte ist aus sehr widerstandsf\u00e4higem Stahl und beinhaltet eine sechsj\u00e4hrige Garantie. &nbsp; TECHNISCHE EIGENSCHAFTEN Zentrifugalkraft 12&nbsp;kN Frequenz 92 Hz Plattenbreite 330&nbsp;mm Maximalgeschwindigkeit 30 m\/min Plattenl\u00e4nge 450&nbsp;mm Maximale Neigung&nbsp;40% Honda-Motor GX120 mit bleifreiem Benzin Abmessungen (geschlossen) 710 x 320 x 850&nbsp;mm Motorleistung 2,6 kW \/ 3,5 PS Wassertank inbegriffen Motordrehzahl 3600 U\/min R\u00e4dersatz inbegriffen Statischer Druck an der Oberfl\u00e4che 0,067 kg\/cm2 Gewicht 67&nbsp;Kg &nbsp;[\/vc_column_text][\/vc_column][\/vc_row]<\/p>\n","protected":false},"author":29,"featured_media":24679,"parent":33186,"menu_order":14,"comment_status":"closed","ping_status":"closed","template":"","meta":{"ngg_post_thumbnail":0,"_joinchat":[],"footnotes":""},"class_list":["post-8392","page","type-page","status-publish","has-post-thumbnail","hentry"],"yoast_head":"<!-- This site is optimized with the Yoast SEO plugin v25.5 - https:\/\/yoast.com\/wordpress\/plugins\/seo\/ -->\n<title>Vibramax 60\/12 - Maxima SpA<\/title>\n<meta name=\"description\" content=\"Vibramax 60\/12 Verdichtungsmaschine f\u00fcr Asphalt Kies Steine Sand Kies\" \/>\n<meta name=\"robots\" content=\"index, follow, max-snippet:-1, max-image-preview:large, max-video-preview:-1\" \/>\n<link rel=\"canonical\" href=\"https:\/\/www.maxima-dia.com\/de\/baumaschinen-fuer-die-bodenverdichtung\/vibramax-60-12\/\" \/>\n<meta property=\"og:locale\" content=\"de_DE\" \/>\n<meta property=\"og:type\" content=\"article\" \/>\n<meta property=\"og:title\" content=\"Vibramax 60\/12 - Maxima SpA\" \/>\n<meta property=\"og:description\" content=\"Vibramax 60\/12 Verdichtungsmaschine f\u00fcr Asphalt Kies Steine Sand Kies\" \/>\n<meta property=\"og:url\" content=\"https:\/\/www.maxima-dia.com\/de\/baumaschinen-fuer-die-bodenverdichtung\/vibramax-60-12\/\" \/>\n<meta property=\"og:site_name\" content=\"Maxima SpA\" \/>\n<meta property=\"article:publisher\" content=\"https:\/\/www.facebook.com\/Maxima-spa-106098566139597\" \/>\n<meta property=\"article:modified_time\" content=\"2021-12-20T10:56:22+00:00\" \/>\n<meta property=\"og:image\" content=\"https:\/\/www.maxima-dia.com\/wp-content\/uploads\/2017\/02\/vibramax.jpg\" \/>\n\t<meta property=\"og:image:width\" content=\"1200\" \/>\n\t<meta property=\"og:image:height\" content=\"1200\" \/>\n\t<meta property=\"og:image:type\" content=\"image\/jpeg\" \/>\n<meta name=\"twitter:card\" content=\"summary_large_image\" \/>\n<meta name=\"twitter:site\" content=\"@Maximadia\" \/>\n<meta name=\"twitter:label1\" content=\"Gesch\u00e4tzte Lesezeit\" \/>\n\t<meta name=\"twitter:data1\" content=\"2\u00a0Minuten\" \/>\n<script type=\"application\/ld+json\" class=\"yoast-schema-graph\">{\"@context\":\"https:\/\/schema.org\",\"@graph\":[{\"@type\":\"WebPage\",\"@id\":\"https:\/\/www.maxima-dia.com\/de\/baumaschinen-fuer-die-bodenverdichtung\/vibramax-60-12\/\",\"url\":\"https:\/\/www.maxima-dia.com\/de\/baumaschinen-fuer-die-bodenverdichtung\/vibramax-60-12\/\",\"name\":\"Vibramax 60\/12 - Maxima SpA\",\"isPartOf\":{\"@id\":\"https:\/\/www.maxima-dia.com\/de\/#website\"},\"primaryImageOfPage\":{\"@id\":\"https:\/\/www.maxima-dia.com\/de\/baumaschinen-fuer-die-bodenverdichtung\/vibramax-60-12\/#primaryimage\"},\"image\":{\"@id\":\"https:\/\/www.maxima-dia.com\/de\/baumaschinen-fuer-die-bodenverdichtung\/vibramax-60-12\/#primaryimage\"},\"thumbnailUrl\":\"https:\/\/www.maxima-dia.com\/wp-content\/uploads\/2017\/02\/vibramax.jpg\",\"datePublished\":\"2014-05-15T15:48:53+00:00\",\"dateModified\":\"2021-12-20T10:56:22+00:00\",\"description\":\"Vibramax 60\/12 Verdichtungsmaschine f\u00fcr Asphalt Kies Steine Sand Kies\",\"breadcrumb\":{\"@id\":\"https:\/\/www.maxima-dia.com\/de\/baumaschinen-fuer-die-bodenverdichtung\/vibramax-60-12\/#breadcrumb\"},\"inLanguage\":\"de\",\"potentialAction\":[{\"@type\":\"ReadAction\",\"target\":[\"https:\/\/www.maxima-dia.com\/de\/baumaschinen-fuer-die-bodenverdichtung\/vibramax-60-12\/\"]}]},{\"@type\":\"ImageObject\",\"inLanguage\":\"de\",\"@id\":\"https:\/\/www.maxima-dia.com\/de\/baumaschinen-fuer-die-bodenverdichtung\/vibramax-60-12\/#primaryimage\",\"url\":\"https:\/\/www.maxima-dia.com\/wp-content\/uploads\/2017\/02\/vibramax.jpg\",\"contentUrl\":\"https:\/\/www.maxima-dia.com\/wp-content\/uploads\/2017\/02\/vibramax.jpg\",\"width\":1200,\"height\":1200},{\"@type\":\"BreadcrumbList\",\"@id\":\"https:\/\/www.maxima-dia.com\/de\/baumaschinen-fuer-die-bodenverdichtung\/vibramax-60-12\/#breadcrumb\",\"itemListElement\":[{\"@type\":\"ListItem\",\"position\":1,\"name\":\"Home\",\"item\":\"https:\/\/www.maxima-dia.com\/de\/\"},{\"@type\":\"ListItem\",\"position\":2,\"name\":\"Baumaschinen f\u00fcr die Bodenverdichtung\",\"item\":\"https:\/\/www.maxima-dia.com\/de\/baumaschinen-fuer-die-bodenverdichtung\/\"},{\"@type\":\"ListItem\",\"position\":3,\"name\":\"Vibramax 60\/12\"}]},{\"@type\":\"WebSite\",\"@id\":\"https:\/\/www.maxima-dia.com\/de\/#website\",\"url\":\"https:\/\/www.maxima-dia.com\/de\/\",\"name\":\"Maxima SpA\",\"description\":\"Only for the real professionals\",\"potentialAction\":[{\"@type\":\"SearchAction\",\"target\":{\"@type\":\"EntryPoint\",\"urlTemplate\":\"https:\/\/www.maxima-dia.com\/de\/?s={search_term_string}\"},\"query-input\":{\"@type\":\"PropertyValueSpecification\",\"valueRequired\":true,\"valueName\":\"search_term_string\"}}],\"inLanguage\":\"de\"}]}<\/script>\n<!-- \/ Yoast SEO plugin. -->","yoast_head_json":{"title":"Vibramax 60\/12 - Maxima SpA","description":"Vibramax 60\/12 Verdichtungsmaschine f\u00fcr Asphalt Kies Steine Sand Kies","robots":{"index":"index","follow":"follow","max-snippet":"max-snippet:-1","max-image-preview":"max-image-preview:large","max-video-preview":"max-video-preview:-1"},"canonical":"https:\/\/www.maxima-dia.com\/de\/baumaschinen-fuer-die-bodenverdichtung\/vibramax-60-12\/","og_locale":"de_DE","og_type":"article","og_title":"Vibramax 60\/12 - Maxima SpA","og_description":"Vibramax 60\/12 Verdichtungsmaschine f\u00fcr Asphalt Kies Steine Sand Kies","og_url":"https:\/\/www.maxima-dia.com\/de\/baumaschinen-fuer-die-bodenverdichtung\/vibramax-60-12\/","og_site_name":"Maxima SpA","article_publisher":"https:\/\/www.facebook.com\/Maxima-spa-106098566139597","article_modified_time":"2021-12-20T10:56:22+00:00","og_image":[{"width":1200,"height":1200,"url":"https:\/\/www.maxima-dia.com\/wp-content\/uploads\/2017\/02\/vibramax.jpg","type":"image\/jpeg"}],"twitter_card":"summary_large_image","twitter_site":"@Maximadia","twitter_misc":{"Gesch\u00e4tzte Lesezeit":"2\u00a0Minuten"},"schema":{"@context":"https:\/\/schema.org","@graph":[{"@type":"WebPage","@id":"https:\/\/www.maxima-dia.com\/de\/baumaschinen-fuer-die-bodenverdichtung\/vibramax-60-12\/","url":"https:\/\/www.maxima-dia.com\/de\/baumaschinen-fuer-die-bodenverdichtung\/vibramax-60-12\/","name":"Vibramax 60\/12 - Maxima SpA","isPartOf":{"@id":"https:\/\/www.maxima-dia.com\/de\/#website"},"primaryImageOfPage":{"@id":"https:\/\/www.maxima-dia.com\/de\/baumaschinen-fuer-die-bodenverdichtung\/vibramax-60-12\/#primaryimage"},"image":{"@id":"https:\/\/www.maxima-dia.com\/de\/baumaschinen-fuer-die-bodenverdichtung\/vibramax-60-12\/#primaryimage"},"thumbnailUrl":"https:\/\/www.maxima-dia.com\/wp-content\/uploads\/2017\/02\/vibramax.jpg","datePublished":"2014-05-15T15:48:53+00:00","dateModified":"2021-12-20T10:56:22+00:00","description":"Vibramax 60\/12 Verdichtungsmaschine f\u00fcr Asphalt Kies Steine Sand Kies","breadcrumb":{"@id":"https:\/\/www.maxima-dia.com\/de\/baumaschinen-fuer-die-bodenverdichtung\/vibramax-60-12\/#breadcrumb"},"inLanguage":"de","potentialAction":[{"@type":"ReadAction","target":["https:\/\/www.maxima-dia.com\/de\/baumaschinen-fuer-die-bodenverdichtung\/vibramax-60-12\/"]}]},{"@type":"ImageObject","inLanguage":"de","@id":"https:\/\/www.maxima-dia.com\/de\/baumaschinen-fuer-die-bodenverdichtung\/vibramax-60-12\/#primaryimage","url":"https:\/\/www.maxima-dia.com\/wp-content\/uploads\/2017\/02\/vibramax.jpg","contentUrl":"https:\/\/www.maxima-dia.com\/wp-content\/uploads\/2017\/02\/vibramax.jpg","width":1200,"height":1200},{"@type":"BreadcrumbList","@id":"https:\/\/www.maxima-dia.com\/de\/baumaschinen-fuer-die-bodenverdichtung\/vibramax-60-12\/#breadcrumb","itemListElement":[{"@type":"ListItem","position":1,"name":"Home","item":"https:\/\/www.maxima-dia.com\/de\/"},{"@type":"ListItem","position":2,"name":"Baumaschinen f\u00fcr die Bodenverdichtung","item":"https:\/\/www.maxima-dia.com\/de\/baumaschinen-fuer-die-bodenverdichtung\/"},{"@type":"ListItem","position":3,"name":"Vibramax 60\/12"}]},{"@type":"WebSite","@id":"https:\/\/www.maxima-dia.com\/de\/#website","url":"https:\/\/www.maxima-dia.com\/de\/","name":"Maxima SpA","description":"Only for the real professionals","potentialAction":[{"@type":"SearchAction","target":{"@type":"EntryPoint","urlTemplate":"https:\/\/www.maxima-dia.com\/de\/?s={search_term_string}"},"query-input":{"@type":"PropertyValueSpecification","valueRequired":true,"valueName":"search_term_string"}}],"inLanguage":"de"}]}},"_links":{"self":[{"href":"https:\/\/www.maxima-dia.com\/de\/wp-json\/wp\/v2\/pages\/8392"}],"collection":[{"href":"https:\/\/www.maxima-dia.com\/de\/wp-json\/wp\/v2\/pages"}],"about":[{"href":"https:\/\/www.maxima-dia.com\/de\/wp-json\/wp\/v2\/types\/page"}],"author":[{"embeddable":true,"href":"https:\/\/www.maxima-dia.com\/de\/wp-json\/wp\/v2\/users\/29"}],"replies":[{"embeddable":true,"href":"https:\/\/www.maxima-dia.com\/de\/wp-json\/wp\/v2\/comments?post=8392"}],"version-history":[{"count":0,"href":"https:\/\/www.maxima-dia.com\/de\/wp-json\/wp\/v2\/pages\/8392\/revisions"}],"up":[{"embeddable":true,"href":"https:\/\/www.maxima-dia.com\/de\/wp-json\/wp\/v2\/pages\/33186"}],"wp:featuredmedia":[{"embeddable":true,"href":"https:\/\/www.maxima-dia.com\/de\/wp-json\/wp\/v2\/media\/24679"}],"wp:attachment":[{"href":"https:\/\/www.maxima-dia.com\/de\/wp-json\/wp\/v2\/media?parent=8392"}],"curies":[{"name":"wp","href":"https:\/\/api.w.org\/{rel}","templated":true}]}}